{"id":10240,"date":"2023-07-18T18:14:45","date_gmt":"2023-07-18T18:14:45","guid":{"rendered":"https:\/\/versahinternational.com\/erweiterung-des-molaren-septums\/"},"modified":"2023-12-04T21:07:58","modified_gmt":"2023-12-04T21:07:58","slug":"erweiterung-des-molaren-septums","status":"publish","type":"page","link":"https:\/\/versahinternational.com\/de\/klinische-vielseitigkeit\/erweiterung-des-molaren-septums\/","title":{"rendered":"Expansion des molaren Septums"},"content":{"rendered":"<section class=\"wpb-content-wrapper\"><p>[vc_row height=&#8220;100px&#8220;][vc_column][vc_empty_space height=&#8220;100px&#8220;][vc_custom_heading text=&#8220;PROTOKOLL ZUR EXPANSION DES MOLAREN SEPTUMS MIT DENSAH\u00ae-BOHRERN&#8220; font_container=&#8220;tag:p|font_size:35|text_align:center|color:%23c4d600&#8243; use_theme_fonts=&#8220;yes&#8220;][vc_btn title=&#8220;Download-Protokoll&#8220; style=&#8220;outline-custom&#8220; outline_custom_color=&#8220;#c4d600&#8243; outline_custom_hover_background=&#8220;#666666&#8243; outline_custom_hover_text=&#8220;#ffffff&#8220; size=&#8220;lg&#8220; align=&#8220;center&#8220; link=&#8220;url:https%3A%2F%2Fversahinternational.com%2Fwp-content%2Fuploads%2F2023%2F12%2FGerman-Molar-Septum-Protocol_11004-REV00-1.pdf|title:Protokoll%20zur%20erleichterten%20Kammausweitung&#8220;][\/vc_column][\/vc_row][vc_row height=&#8220;100px&#8220;][vc_column css=&#8220;.vc_custom_1690310840354{background-color: #ffffff !important;}&#8220;][vc_separator][vc_column_text]<\/p>\n<div data-widget-id=\"ecf34c35-04ee-4d55-80f5-2b30c50127ca\" data-placement-id=\"b03f79d3-5287-4d86-b88e-4d16ee2698ae\" data-placement-status=\"ACTIVE\">\n<div class=\"sd-simple-text-ecf34c35-04ee-4d55-80f5-2b30c50127ca \">\n<div id=\"sd-simple-text-editable-ecf34c35-04ee-4d55-80f5-2b30c50127ca\" data-edit-mode=\"\">\n<p><span style=\"color: #222222 !important;\">\u2022 MOLARWURZELN AN DER FURKATION TRENNEN, OHNE DIE INTEGRIT\u00c4T DES SEPTUMS ZU BEEINTR\u00c4CHTIGEN.<br \/>\n\u2022 PILOTBOHRER IM UHRZEIGERSINN BIS ZU EINER TIEFE VERWENDEN, DIE 1 MM TIEFER IST ALS DIE GEPLANTE IMPLANTATL\u00c4NGE<br \/>\n\u2022 VERWENDEN SIE DIE NACHFOLGENDEN DENSAH\u00ae-BOHRER IN KLEINEREN SCHRITTEN, UM DIE OSTEOTOMIE ZU EXPANDIEREN UND DIE KNOCHENPLASTIZIT\u00c4T ZU ERH\u00d6HEN<br \/>\n\u2022 DIE IMPLANTATION SOLLTE ENTWEDER AUF KAMM- ODER SUBKAMMNIVEAU ERFOLGEN<br \/>\n\u2022 F\u00dcLLEN SIE DIE L\u00dcCKE FALLS ERFORDERLICH MIT EINEM KNOCHENTRANSPLANTAT AUF; VERWENDEN SIE VORZUGSWEISE EIN ALLOTRANSPLANTAT MIT EINEM VERH\u00c4LTNIS VON 70\/30 ZWISCHEN SPONGIOSA UND KORTIKALIS<\/span><\/p>\n<\/div>\n<\/div>\n<\/div>\n<p>[\/vc_column_text][vc_separator][vc_empty_space height=&#8220;50px&#8220;][vc_row_inner][vc_column_inner width=&#8220;2\/3&#8243;][vc_custom_heading text=&#8220;Schritt 1:&#8220; font_container=&#8220;tag:p|font_size:20|text_align:left|color:%23c4d600&#8243; use_theme_fonts=&#8220;yes&#8220;][vc_column_text]<\/p>\n<div data-widget-id=\"ecf34c35-04ee-4d55-80f5-2b30c50127ca\" data-placement-id=\"b03f79d3-5287-4d86-b88e-4d16ee2698ae\" data-placement-status=\"ACTIVE\">\n<div class=\"sd-simple-text-ecf34c35-04ee-4d55-80f5-2b30c50127ca \">\n<div id=\"sd-simple-text-editable-ecf34c35-04ee-4d55-80f5-2b30c50127ca\" data-edit-mode=\"\">\n<p><span style=\"color: #222222 !important;\">Trennen Sie die Molarwurzeln an der Furkation, ohne die Integrit\u00e4t des Septums zu beeintr\u00e4chtigen. F\u00fchren Sie eine atraumatische mesiale und distale Wurzelextraktion durch. Degranulieren Sie das Gewebe, um den Septumbereich freizulegen.<\/span><\/p>\n<\/div>\n<\/div>\n<\/div>\n<p>[\/vc_column_text][\/vc_column_inner][vc_column_inner width=&#8220;1\/3&#8243;][vc_single_image image=&#8220;1195&#8243; img_size=&#8220;full&#8220;][\/vc_column_inner][\/vc_row_inner][vc_row_inner][vc_column_inner][vc_empty_space height=&#8220;50px&#8220;][\/vc_column_inner][\/vc_row_inner][vc_row_inner][vc_column_inner width=&#8220;2\/3&#8243;][vc_custom_heading text=&#8220;Schritt 2:&#8220; font_container=&#8220;tag:p|font_size:20|text_align:left|color:%23c4d600&#8243; use_theme_fonts=&#8220;yes&#8220;][vc_column_text]<\/p>\n<div data-widget-id=\"ecf34c35-04ee-4d55-80f5-2b30c50127ca\" data-placement-id=\"b03f79d3-5287-4d86-b88e-4d16ee2698ae\" data-placement-status=\"ACTIVE\">\n<div class=\"sd-simple-text-ecf34c35-04ee-4d55-80f5-2b30c50127ca \">\n<div id=\"sd-simple-text-editable-ecf34c35-04ee-4d55-80f5-2b30c50127ca\" data-edit-mode=\"\">\n<p><span style=\"color: #222222 !important;\"><strong>Verwenden Sie einen Pilotbohrer von 1,3 mm &#8211; 1,5 mm im Uhrzeigersinn in der Mitte des Septums bis zu einer Tiefe, die 1 mm tiefer ist als die geplante Implantatl\u00e4nge.<\/strong><\/span><\/p>\n<\/div>\n<\/div>\n<\/div>\n<p>[\/vc_column_text][\/vc_column_inner][vc_column_inner width=&#8220;1\/3&#8243;][vc_single_image image=&#8220;1197&#8243; img_size=&#8220;full&#8220;][\/vc_column_inner][\/vc_row_inner][vc_row_inner][vc_column_inner][vc_empty_space height=&#8220;50px&#8220;][\/vc_column_inner][\/vc_row_inner][vc_row_inner][vc_column_inner width=&#8220;2\/3&#8243;][vc_custom_heading text=&#8220;Schritt 3:&#8220; font_container=&#8220;tag:p|font_size:20|text_align:left|color:%23c4d600&#8243; use_theme_fonts=&#8220;yes&#8220;][vc_column_text]<\/p>\n<div data-widget-id=\"ecf34c35-04ee-4d55-80f5-2b30c50127ca\" data-placement-id=\"b03f79d3-5287-4d86-b88e-4d16ee2698ae\" data-placement-status=\"ACTIVE\">\n<div class=\"sd-simple-text-ecf34c35-04ee-4d55-80f5-2b30c50127ca \">\n<div id=\"sd-simple-text-editable-ecf34c35-04ee-4d55-80f5-2b30c50127ca\" data-edit-mode=\"\">\n<p><span style=\"color: #222222 !important;\">Je nach Implantattyp und -durchmesser folgen Sie dem entsprechenden Implantatsystem-Bohrprotokoll, beginnend mit dem kleinsten Densah\u00ae-Bohrer bis 1 mm tiefer als die vorgesehene Implantatl\u00e4nge. Lassen Sie die Densah\u00ae-Bohrer im OD-Modus laufen (gegen den Uhrzeigersinn, Bohrgeschwindigkeit 800-1500 U\/min mit reichlich Sp\u00fclung). <strong>Verwenden Sie die nachfolgenden Densah\u00ae-Bohrer in kleineren Schritten, um die Knochenplastizit\u00e4t zu erh\u00f6hen und die Osteotomie zu expandieren. Verwenden Sie z. B. den Densah\u00ae-Bohrer (2,0) nach der Pilotphase, expandieren Sie dann mit dem Densah\u00ae-Bohrer (2,3) und gehen Sie zum Densah\u00ae-Bohrer (2,5) \u00fcber, bevor Sie den Densah\u00ae-Bohrer (3,0) einf\u00fchren.<\/strong> Wie bei der Kieferkammexpansion mit Osseodensifikation kann es vorkommen, dass Sie die Osteotomie \u00fcberdehnen, sodass der letzte Durchmesser des Densah\u00ae-Bohrers etwas gr\u00f6\u00dfer ist als der geplante Hauptdurchmesser des Implantats. Mit zunehmendem Durchmesser des Bohrers dehnt sich der Knochen aus, um den endg\u00fcltigen Osteotomiedurchmesser zu erreichen.<\/span><\/p>\n<\/div>\n<\/div>\n<\/div>\n<p>[\/vc_column_text][\/vc_column_inner][vc_column_inner width=&#8220;1\/3&#8243;][vc_single_image image=&#8220;1199&#8243; img_size=&#8220;full&#8220;][\/vc_column_inner][\/vc_row_inner][vc_row_inner][vc_column_inner][vc_empty_space height=&#8220;50px&#8220;][\/vc_column_inner][\/vc_row_inner][vc_row_inner][vc_column_inner width=&#8220;2\/3&#8243;][vc_custom_heading text=&#8220;Schritt 4:&#8220; font_container=&#8220;tag:p|font_size:20|text_align:left|color:%23c4d600&#8243; use_theme_fonts=&#8220;yes&#8220;][vc_column_text]<\/p>\n<div data-widget-id=\"ecf34c35-04ee-4d55-80f5-2b30c50127ca\" data-placement-id=\"b03f79d3-5287-4d86-b88e-4d16ee2698ae\" data-placement-status=\"ACTIVE\">\n<div class=\"sd-simple-text-ecf34c35-04ee-4d55-80f5-2b30c50127ca \">\n<div id=\"sd-simple-text-editable-ecf34c35-04ee-4d55-80f5-2b30c50127ca\" data-edit-mode=\"\">\n<p><span style=\"color: #222222 !important;\"><strong>Je nach Art der Verbindung sollte das Implantat entweder auf Kammniveau oder auf Subkammniveau eingesetzt werden.<\/strong><\/span><\/p>\n<\/div>\n<\/div>\n<\/div>\n<p>[\/vc_column_text][\/vc_column_inner][vc_column_inner width=&#8220;1\/3&#8243;][vc_single_image image=&#8220;1201&#8243; img_size=&#8220;full&#8220;][\/vc_column_inner][\/vc_row_inner][vc_row_inner][vc_column_inner][vc_empty_space height=&#8220;50px&#8220;][\/vc_column_inner][\/vc_row_inner][vc_row_inner][vc_column_inner width=&#8220;2\/3&#8243;][vc_custom_heading text=&#8220;Schritt 5:&#8220; font_container=&#8220;tag:p|font_size:20|text_align:left|color:%23c4d600&#8243; use_theme_fonts=&#8220;yes&#8220;][vc_column_text]<\/p>\n<div data-widget-id=\"ecf34c35-04ee-4d55-80f5-2b30c50127ca\" data-placement-id=\"b03f79d3-5287-4d86-b88e-4d16ee2698ae\" data-placement-status=\"ACTIVE\">\n<div class=\"sd-simple-text-ecf34c35-04ee-4d55-80f5-2b30c50127ca \">\n<div id=\"sd-simple-text-editable-ecf34c35-04ee-4d55-80f5-2b30c50127ca\" data-edit-mode=\"\">\n<p><span style=\"color: #222222 !important;\">F\u00fcllen Sie die L\u00fccke bei Bedarf mit einem Knochentransplantat, vorzugsweise einem Allograft mit einem Verh\u00e4ltnis von 70\/30 zwischen Spongiosa und Kortikalis. Verschlie\u00dfen Sie den Spalt mit Biologika oder einem Kollagenpfropf und einem gro\u00dfen Gingivaformer und setzen Sie eventuell eine unterbrochene Naht dar\u00fcber.<\/span><\/p>\n<\/div>\n<\/div>\n<\/div>\n<p>[\/vc_column_text][\/vc_column_inner][vc_column_inner width=&#8220;1\/3&#8243;][vc_single_image image=&#8220;1203&#8243; img_size=&#8220;full&#8220;][\/vc_column_inner][\/vc_row_inner][vc_row_inner][vc_column_inner][vc_empty_space height=&#8220;50px&#8220;][\/vc_column_inner][\/vc_row_inner][vc_row_inner][vc_column_inner width=&#8220;2\/3&#8243;][vc_custom_heading text=&#8220;Schritt 6:&#8220; font_container=&#8220;tag:p|font_size:20|text_align:left|color:%23c4d600&#8243; use_theme_fonts=&#8220;yes&#8220;][vc_column_text]<\/p>\n<div data-widget-id=\"ecf34c35-04ee-4d55-80f5-2b30c50127ca\" data-placement-id=\"b03f79d3-5287-4d86-b88e-4d16ee2698ae\" data-placement-status=\"ACTIVE\">\n<div class=\"sd-simple-text-ecf34c35-04ee-4d55-80f5-2b30c50127ca \">\n<div id=\"sd-simple-text-editable-ecf34c35-04ee-4d55-80f5-2b30c50127ca\" data-edit-mode=\"\">\n<p><span style=\"color: #222222 !important;\">Beurteilen Sie die Heilung und den Weichteilverschluss 6-8 Wochen nach dem Einsetzen.<\/span><\/p>\n<\/div>\n<\/div>\n<\/div>\n<p>[\/vc_column_text][\/vc_column_inner][vc_column_inner width=&#8220;1\/3&#8243;][vc_single_image image=&#8220;1205&#8243; img_size=&#8220;full&#8220;][\/vc_column_inner][\/vc_row_inner][vc_row_inner][vc_column_inner][vc_empty_space height=&#8220;50px&#8220;][vc_single_image image=&#8220;1207&#8243; img_size=&#8220;full&#8220; alignment=&#8220;center&#8220;][vc_column_text]<\/p>\n<div data-widget-id=\"ecf34c35-04ee-4d55-80f5-2b30c50127ca\" data-placement-id=\"b03f79d3-5287-4d86-b88e-4d16ee2698ae\" data-placement-status=\"ACTIVE\">\n<div class=\"sd-simple-text-ecf34c35-04ee-4d55-80f5-2b30c50127ca \">\n<div id=\"sd-simple-text-editable-ecf34c35-04ee-4d55-80f5-2b30c50127ca\" data-edit-mode=\"\">\n<p style=\"text-align: center;\">Fall mit freundlicher Genehmigung von Dr. Samvel Bleyan<br \/>\n<span style=\"color: #222222 !important;\">* Daten in den Akten, besuchen Sie versahinternational.com\/od-published-papers\/ f\u00fcr Studien zur Expansion des molaren Septums<br \/>\n<strong>** Das Urteil und die Erfahrung des Arztes sollten in Verbindung mit diesem Protokoll f\u00fcr die klinische Praxis zur Anwendung kommen.<\/strong><\/span><\/p>\n<\/div>\n<\/div>\n<\/div>\n<p>[\/vc_column_text][\/vc_column_inner][\/vc_row_inner][\/vc_column][\/vc_row][vc_row][vc_column][vc_empty_space height=&#8220;100px&#8220;][vc_column_text]<\/p>\n<h6><span style=\"color: #808080;\"> 10892 REV00 zuletzt aktualisiert: 08\/2023<\/span><\/h6>\n<p>[\/vc_column_text][\/vc_column][\/vc_row]<\/p>\n<\/section>","protected":false},"excerpt":{"rendered":"<p>[vc_row height=&#8220;100px&#8220;][vc_column][vc_empty_space height=&#8220;100px&#8220;][vc_custom_heading text=&#8220;PROTOKOLL ZUR EXPANSION DES MOLAREN SEPTUMS MIT DENSAH\u00ae-BOHRERN&#8220; font_container=&#8220;tag:p|font_size:35|text_align:center|color:%23c4d600&#8243; use_theme_fonts=&#8220;yes&#8220;][vc_btn title=&#8220;Download-Protokoll&#8220; style=&#8220;outline-custom&#8220; outline_custom_color=&#8220;#c4d600&#8243; outline_custom_hover_background=&#8220;#666666&#8243; outline_custom_hover_text=&#8220;#ffffff&#8220; size=&#8220;lg&#8220; align=&#8220;center&#8220;<\/p>\n<p><a href=\"https:\/\/versahinternational.com\/de\/klinische-vielseitigkeit\/erweiterung-des-molaren-septums\/\" class=\"more-link\">Continue reading<span class=\"screen-reader-text\">Expansion des molaren Septums<\/span><\/a><\/p>\n","protected":false},"author":2,"featured_media":0,"parent":11673,"menu_order":0,"comment_status":"closed","ping_status":"closed","template":"","meta":{"footnotes":""},"class_list":["post-10240","page","type-page","status-publish","hentry"],"jetpack_sharing_enabled":true,"_links":{"self":[{"href":"https:\/\/versahinternational.com\/de\/wp-json\/wp\/v2\/pages\/10240","targetHints":{"allow":["GET"]}}],"collection":[{"href":"https:\/\/versahinternational.com\/de\/wp-json\/wp\/v2\/pages"}],"about":[{"href":"https:\/\/versahinternational.com\/de\/wp-json\/wp\/v2\/types\/page"}],"author":[{"embeddable":true,"href":"https:\/\/versahinternational.com\/de\/wp-json\/wp\/v2\/users\/2"}],"replies":[{"embeddable":true,"href":"https:\/\/versahinternational.com\/de\/wp-json\/wp\/v2\/comments?post=10240"}],"version-history":[{"count":10,"href":"https:\/\/versahinternational.com\/de\/wp-json\/wp\/v2\/pages\/10240\/revisions"}],"predecessor-version":[{"id":17763,"href":"https:\/\/versahinternational.com\/de\/wp-json\/wp\/v2\/pages\/10240\/revisions\/17763"}],"up":[{"embeddable":true,"href":"https:\/\/versahinternational.com\/de\/wp-json\/wp\/v2\/pages\/11673"}],"wp:attachment":[{"href":"https:\/\/versahinternational.com\/de\/wp-json\/wp\/v2\/media?parent=10240"}],"curies":[{"name":"wp","href":"https:\/\/api.w.org\/{rel}","templated":true}]}}