{"id":10539,"date":"2023-07-18T18:14:18","date_gmt":"2023-07-18T18:14:18","guid":{"rendered":"https:\/\/versahinternational.com\/sofortige-implantatinsertion\/"},"modified":"2023-12-04T21:07:33","modified_gmt":"2023-12-04T21:07:33","slug":"sofortige-implantatinsertion","status":"publish","type":"page","link":"https:\/\/versahinternational.com\/de\/klinische-vielseitigkeit\/sofortige-implantatinsertion\/","title":{"rendered":"Sofortiges Einsetzen des Implantats"},"content":{"rendered":"<section class=\"wpb-content-wrapper\"><p>[vc_row][vc_column][vc_empty_space height=&#8220;100px&#8220;][vc_custom_heading text=&#8220;SOFORTIGES EINSETZEN DES IMPLANTATS&#8220; font_container=&#8220;tag:p|font_size:35|text_align:center|color:%23c4d600&#8243; use_theme_fonts=&#8220;yes&#8220;][vc_btn title=&#8220;Download-Protokoll&#8220; style=&#8220;outline-custom&#8220; outline_custom_color=&#8220;#c4d600&#8243; outline_custom_hover_background=&#8220;#666666&#8243; outline_custom_hover_text=&#8220;#ffffff&#8220; size=&#8220;lg&#8220; align=&#8220;center&#8220; link=&#8220;url:https%3A%2F%2Fversahinternational.com%2Fwp-content%2Fuploads%2F2023%2F12%2FGerman_Immediate-Implant-Placement-11003-REV00-1.pdf|title:Protokoll%20zur%20erleichterten%20Kammausweitung&#8220;][\/vc_column][\/vc_row][vc_row][vc_column css=&#8220;.vc_custom_1690309445942{background-color: #ffffff !important;}&#8220;][vc_empty_space height=&#8220;50px&#8220;][vc_separator][vc_column_text]<\/p>\n<div data-widget-id=\"ecf34c35-04ee-4d55-80f5-2b30c50127ca\" data-placement-id=\"b03f79d3-5287-4d86-b88e-4d16ee2698ae\" data-placement-status=\"ACTIVE\">\n<div class=\"sd-simple-text-ecf34c35-04ee-4d55-80f5-2b30c50127ca \">\n<div id=\"sd-simple-text-editable-ecf34c35-04ee-4d55-80f5-2b30c50127ca\" data-edit-mode=\"\">\n<p><span style=\"color: #222222 !important;\"><br \/>\n\u2022 ATRAUMATISCHE ZAHNEXTRAKTION OHNE ODER MIT MINIMALER LAPPENSPIEGELUNG.<br \/>\n\u2022 DER IMPLANTATDURCHMESSER SOLLTE ETWAS BREITER SEIN ALS DIE ZAHNSPITZE.<br \/>\n\u2022 VERWENDEN SIE DENSAH\u00ae-BOHRER IN VOLLEN INKREMENTEN UND IM OSSEODENSIFIKATIONSMODUS CCW.<br \/>\n\u2022 DER APIKALE DURCHMESSER DES ENDG\u00dcLTIGEN DENSAH\u00ae-BOHRERS MUSS \u2265 DER APIKALE DURCHMESSER DER ZAHNSPITZE SEIN.<br \/>\n\u2022 EIN GUT HYDRIERTES KOMPOSIT-ALLOTRANSPLANTAT AUS 70\/30 SPONGIOSA\/KORTIKALIS ZUM AUFF\u00dcLLEN DER ALVEOLE VERWENDEN.<br \/>\n\u2022 EINEN DENSAH\u00ae-BOHRER VERWENDEN, DER EINE STUFE KLEINER IST ALS DER ZULETZT VERWENDETE BOHRER, UM DAS ALLOGRAFT ZU VERDICHTEN.<br \/>\n\u2022 DIE STABILIT\u00c4T DES IMPLANTATS MUSS HAUPTS\u00c4CHLICH DURCH DEN APIKALEN TEIL DER ALVEOLE GEW\u00c4HRLEISTET WERDEN.<\/span><\/p>\n<\/div>\n<\/div>\n<\/div>\n<p>[\/vc_column_text][vc_separator][vc_empty_space height=&#8220;50px&#8220;][vc_row_inner][vc_column_inner width=&#8220;2\/3&#8243;][vc_custom_heading text=&#8220;Schritt 1:&#8220; font_container=&#8220;tag:p|font_size:20|text_align:left|color:%23c4d600&#8243; use_theme_fonts=&#8220;yes&#8220;][vc_column_text]<\/p>\n<div data-widget-id=\"ecf34c35-04ee-4d55-80f5-2b30c50127ca\" data-placement-id=\"b03f79d3-5287-4d86-b88e-4d16ee2698ae\" data-placement-status=\"ACTIVE\">\n<div class=\"sd-simple-text-ecf34c35-04ee-4d55-80f5-2b30c50127ca \">\n<div id=\"sd-simple-text-editable-ecf34c35-04ee-4d55-80f5-2b30c50127ca\" data-edit-mode=\"\">\n<p><span style=\"color: #222222 !important;\"><strong>Nach atraumatischer Zahnextraktion ohne oder mit minimaler Lappenreflexion und Alveolendegranulation verwenden Sie den Pilotbohrer im Uhrzeigersinn, um die Implantattrajektorie zu erreichen<\/strong><\/span><\/p>\n<\/div>\n<\/div>\n<\/div>\n<p>[\/vc_column_text][\/vc_column_inner][vc_column_inner width=&#8220;1\/3&#8243;][vc_single_image image=&#8220;1177&#8243; img_size=&#8220;full&#8220;][\/vc_column_inner][\/vc_row_inner][vc_row_inner][vc_column_inner][vc_empty_space height=&#8220;50px&#8220;][\/vc_column_inner][\/vc_row_inner][vc_row_inner][vc_column_inner width=&#8220;2\/3&#8243;][vc_custom_heading text=&#8220;Schritt 2a:&#8220; font_container=&#8220;tag:p|font_size:20|text_align:left|color:%23c4d600&#8243; use_theme_fonts=&#8220;yes&#8220;][vc_column_text]<\/p>\n<div data-widget-id=\"ecf34c35-04ee-4d55-80f5-2b30c50127ca\" data-placement-id=\"b03f79d3-5287-4d86-b88e-4d16ee2698ae\" data-placement-status=\"ACTIVE\">\n<div class=\"sd-simple-text-ecf34c35-04ee-4d55-80f5-2b30c50127ca \">\n<div id=\"sd-simple-text-editable-ecf34c35-04ee-4d55-80f5-2b30c50127ca\" data-edit-mode=\"\">\n<p><span style=\"color: #222222 !important;\">W\u00e4hlen Sie den Implantatdurchmesser auf der Grundlage des apikalen Durchmessers des Zahns oder der Alveole. Das Implantat muss etwas breiter sein als der Zahnscheitelpunkt. <strong>Dadurch wird die Stabilit\u00e4t des Implantats haupts\u00e4chlich durch den apikalen Teil der Alveole gew\u00e4hrleistet.<\/strong><\/span><\/p>\n<\/div>\n<\/div>\n<\/div>\n<p>[\/vc_column_text][\/vc_column_inner][vc_column_inner width=&#8220;1\/3&#8243;][vc_single_image image=&#8220;1179&#8243; img_size=&#8220;full&#8220;][\/vc_column_inner][\/vc_row_inner][vc_row_inner][vc_column_inner][vc_empty_space height=&#8220;50px&#8220;][\/vc_column_inner][\/vc_row_inner][vc_row_inner][vc_column_inner width=&#8220;2\/3&#8243;][vc_custom_heading text=&#8220;Schritt 2b:&#8220; font_container=&#8220;tag:p|font_size:20|text_align:left|color:%23c4d600&#8243; use_theme_fonts=&#8220;yes&#8220;][vc_column_text]<\/p>\n<div data-widget-id=\"ecf34c35-04ee-4d55-80f5-2b30c50127ca\" data-placement-id=\"b03f79d3-5287-4d86-b88e-4d16ee2698ae\" data-placement-status=\"ACTIVE\">\n<div class=\"sd-simple-text-ecf34c35-04ee-4d55-80f5-2b30c50127ca \">\n<div id=\"sd-simple-text-editable-ecf34c35-04ee-4d55-80f5-2b30c50127ca\" data-edit-mode=\"\">\n<p><span style=\"color: #222222 !important;\">W\u00e4hlen Sie einen Densah\u00ae-Bohrer als letzten Pr\u00e4parationsbohrer auf der Grundlage seines Durchmessers im Verh\u00e4ltnis zum Zahn oder seines apikalen Schaftdurchmessers. <strong>Der endg\u00fcltige Densah\u00ae-Bohrer muss \u2265 der apikale Durchmesser des Zahns oder seiner Alveole sein.<\/strong><\/span><\/p>\n<\/div>\n<\/div>\n<\/div>\n<p>[\/vc_column_text][\/vc_column_inner][vc_column_inner width=&#8220;1\/3&#8243;][vc_single_image image=&#8220;1181&#8243; img_size=&#8220;full&#8220;][\/vc_column_inner][\/vc_row_inner][vc_row_inner][vc_column_inner][vc_empty_space height=&#8220;50px&#8220;][\/vc_column_inner][\/vc_row_inner][vc_row_inner][vc_column_inner width=&#8220;2\/3&#8243;][vc_custom_heading text=&#8220;Schritt 3:&#8220; font_container=&#8220;tag:p|font_size:20|text_align:left|color:%23c4d600&#8243; use_theme_fonts=&#8220;yes&#8220;][vc_column_text]<\/p>\n<div data-widget-id=\"ecf34c35-04ee-4d55-80f5-2b30c50127ca\" data-placement-id=\"b03f79d3-5287-4d86-b88e-4d16ee2698ae\" data-placement-status=\"ACTIVE\">\n<div class=\"sd-simple-text-ecf34c35-04ee-4d55-80f5-2b30c50127ca \">\n<div id=\"sd-simple-text-editable-ecf34c35-04ee-4d55-80f5-2b30c50127ca\" data-edit-mode=\"\">\n<p><span style=\"color: #222222 !important;\"><strong>Verwenden Sie Densah\u00ae-Bohrer je nach Implantattyp und -durchmesser in vollen Inkrementen.<\/strong> Nach der Pilotosteotomie schalten Sie den Chirurgiemotor auf den Verdichtungsmodus um (gegen den Uhrzeigersinn, 800-1500 U\/min mit reichlich Sp\u00fclung). Zur Vorbereitung der Stelle beginnen Sie mit dem schmalsten Densah\u00ae-Bohrer im OD-Modus, bis die gew\u00fcnschte Tiefe erreicht ist (beginnen Sie, indem Sie den laufenden Bohrer in die Osteotomie einf\u00fchren). Wenn Sie die haptische R\u00fcckmeldung sp\u00fcren, dass der Bohrer aus der Osteotomie nach oben dr\u00fcckt, heben Sie ihn ab und \u00fcben Sie erneut Druck mit einer pumpenden Bewegung aus, bis die gew\u00fcnschte Tiefe erreicht ist. Verwenden Sie die folgenden breiteren Densah\u00ae-Bohrer, bis Sie den in Schritt 2B angegebenen Bohrer erreichen. Wenn der Durchmesser des Bohrers zunimmt, dehnt sich der apikale Knochen langsam aus, um den vorgesehenen Implantatdurchmesser aufzunehmen.<\/span><\/p>\n<\/div>\n<\/div>\n<\/div>\n<p>[\/vc_column_text][\/vc_column_inner][vc_column_inner width=&#8220;1\/3&#8243;][vc_single_image image=&#8220;1183&#8243; img_size=&#8220;full&#8220;][\/vc_column_inner][\/vc_row_inner][vc_row_inner][vc_column_inner][vc_empty_space height=&#8220;50px&#8220;][\/vc_column_inner][\/vc_row_inner][vc_row_inner][vc_column_inner width=&#8220;2\/3&#8243;][vc_custom_heading text=&#8220;Schritt 4:&#8220; font_container=&#8220;tag:p|font_size:20|text_align:left|color:%23c4d600&#8243; use_theme_fonts=&#8220;yes&#8220;][vc_column_text]<\/p>\n<div data-widget-id=\"ecf34c35-04ee-4d55-80f5-2b30c50127ca\" data-placement-id=\"b03f79d3-5287-4d86-b88e-4d16ee2698ae\" data-placement-status=\"ACTIVE\">\n<div class=\"sd-simple-text-ecf34c35-04ee-4d55-80f5-2b30c50127ca \">\n<div id=\"sd-simple-text-editable-ecf34c35-04ee-4d55-80f5-2b30c50127ca\" data-edit-mode=\"\">\n<p><span style=\"color: #222222 !important;\"><strong>F\u00fcllen Sie die Osteotomie locker mit gut hydriertem Allograft in der Alveole.<\/strong> Das Allotransplantat sollte vorzugsweise eine Kombination aus 70\/30 Spongiosa\/Kortikalis sein.<\/span><\/p>\n<\/div>\n<\/div>\n<\/div>\n<p>[\/vc_column_text][\/vc_column_inner][vc_column_inner width=&#8220;1\/3&#8243;][vc_single_image image=&#8220;1185&#8243; img_size=&#8220;full&#8220;][\/vc_column_inner][\/vc_row_inner][vc_row_inner][vc_column_inner][vc_empty_space height=&#8220;50px&#8220;][\/vc_column_inner][\/vc_row_inner][vc_row_inner][vc_column_inner width=&#8220;2\/3&#8243;][vc_custom_heading text=&#8220;Schritt 5:&#8220; font_container=&#8220;tag:p|font_size:20|text_align:left|color:%23c4d600&#8243; use_theme_fonts=&#8220;yes&#8220;][vc_column_text]<\/p>\n<div data-widget-id=\"ecf34c35-04ee-4d55-80f5-2b30c50127ca\" data-placement-id=\"b03f79d3-5287-4d86-b88e-4d16ee2698ae\" data-placement-status=\"ACTIVE\">\n<div class=\"sd-simple-text-ecf34c35-04ee-4d55-80f5-2b30c50127ca \">\n<div id=\"sd-simple-text-editable-ecf34c35-04ee-4d55-80f5-2b30c50127ca\" data-edit-mode=\"\">\n<p><span style=\"color: #222222 !important;\"><strong>Verdichtetes Allograft kann die Prim\u00e4rstabilit\u00e4t des Implantats in der Extraktionsalveole verbessern. Verwenden Sie den Densah\u00ae -Bohrer, der eine Stufe kleiner ist als der zuletzt bei der Alveolenpr\u00e4paration verwendete Bohrer.<\/strong> Verwenden Sie den Bohrer im Uhrzeigersinn, mit niedriger Drehzahl von <strong>150-200 U\/min<\/strong> und ohne Sp\u00fclung, um das Allograft seitlich in den Alveolenw\u00e4nden zu verdichten. Befolgen Sie die gleiche Vorgehensweise bei der Implantataufbereitung.<\/span><\/p>\n<\/div>\n<\/div>\n<\/div>\n<p>[\/vc_column_text][\/vc_column_inner][vc_column_inner width=&#8220;1\/3&#8243;][vc_single_image image=&#8220;1187&#8243; img_size=&#8220;full&#8220;][\/vc_column_inner][\/vc_row_inner][vc_row_inner][vc_column_inner][vc_empty_space height=&#8220;50px&#8220;][\/vc_column_inner][\/vc_row_inner][vc_row_inner][vc_column_inner width=&#8220;2\/3&#8243;][vc_custom_heading text=&#8220;Schritt 6:&#8220; font_container=&#8220;tag:p|font_size:20|text_align:left|color:%23c4d600&#8243; use_theme_fonts=&#8220;yes&#8220;][vc_column_text]<\/p>\n<div data-widget-id=\"ecf34c35-04ee-4d55-80f5-2b30c50127ca\" data-placement-id=\"b03f79d3-5287-4d86-b88e-4d16ee2698ae\" data-placement-status=\"ACTIVE\">\n<div class=\"sd-simple-text-ecf34c35-04ee-4d55-80f5-2b30c50127ca \">\n<div id=\"sd-simple-text-editable-ecf34c35-04ee-4d55-80f5-2b30c50127ca\" data-edit-mode=\"\">\n<p><span style=\"color: #222222 !important;\"><strong>Setzen Sie das Implantat ein.<\/strong> Wenn der Chirurgiemotor zum Einsetzen des Implantats verwendet wird, kann das Ger\u00e4t bei Erreichen des maximalen Einsetzdrehmoments anhalten. Setzen Sie das Implantat von Hand mit einem Drehmomentschl\u00fcssel in die Tiefe.<\/span><\/p>\n<\/div>\n<\/div>\n<\/div>\n<p>[\/vc_column_text][\/vc_column_inner][vc_column_inner width=&#8220;1\/3&#8243;][vc_single_image image=&#8220;1189&#8243; img_size=&#8220;full&#8220;][\/vc_column_inner][\/vc_row_inner][vc_row_inner][vc_column_inner][vc_empty_space height=&#8220;50px&#8220;][vc_single_image image=&#8220;1191&#8243; img_size=&#8220;full&#8220; alignment=&#8220;center&#8220;][vc_column_text]<\/p>\n<div data-widget-id=\"ecf34c35-04ee-4d55-80f5-2b30c50127ca\" data-placement-id=\"b03f79d3-5287-4d86-b88e-4d16ee2698ae\" data-placement-status=\"ACTIVE\">\n<div class=\"sd-simple-text-ecf34c35-04ee-4d55-80f5-2b30c50127ca \">\n<div id=\"sd-simple-text-editable-ecf34c35-04ee-4d55-80f5-2b30c50127ca\" data-edit-mode=\"\">\n<p style=\"text-align: center;\"><span style=\"color: #222222 !important;\">* Daten in den Akten, besuchen Sie versahinternational.com\/od-published-papers\/ f\u00fcr Studien zum Thema Sofortimplantation<br \/>\n<strong>** Das Urteil und die Erfahrung des Arztes sollten in Verbindung mit diesem Protokoll f\u00fcr die klinische Praxis zur Anwendung kommen.<\/strong><\/span><\/p>\n<\/div>\n<\/div>\n<\/div>\n<p>[\/vc_column_text][\/vc_column_inner][\/vc_row_inner][\/vc_column][\/vc_row][vc_row][vc_column][vc_empty_space height=&#8220;100px&#8220;][vc_column_text]<\/p>\n<h6><span style=\"color: #808080;\">10891 REV00 zuletzt aktualisiert: 08\/2023<\/span><\/h6>\n<p>[\/vc_column_text][\/vc_column][\/vc_row]<\/p>\n<\/section>","protected":false},"excerpt":{"rendered":"<p>[vc_row][vc_column][vc_empty_space height=&#8220;100px&#8220;][vc_custom_heading text=&#8220;SOFORTIGES EINSETZEN DES IMPLANTATS&#8220; font_container=&#8220;tag:p|font_size:35|text_align:center|color:%23c4d600&#8243; use_theme_fonts=&#8220;yes&#8220;][vc_btn title=&#8220;Download-Protokoll&#8220; style=&#8220;outline-custom&#8220; outline_custom_color=&#8220;#c4d600&#8243; outline_custom_hover_background=&#8220;#666666&#8243; outline_custom_hover_text=&#8220;#ffffff&#8220; size=&#8220;lg&#8220; align=&#8220;center&#8220; link=&#8220;url:https%3A%2F%2Fversahinternational.com%2Fwp-content%2Fuploads%2F2023%2F12%2FGerman_Immediate-Implant-Placement-11003-REV00-1.pdf|title:Protokoll%20zur%20erleichterten%20Kammausweitung&#8220;][\/vc_column][\/vc_row][vc_row][vc_column css=&#8220;.vc_custom_1690309445942{background-color: #ffffff !important;}&#8220;][vc_empty_space height=&#8220;50px&#8220;][vc_separator][vc_column_text]<\/p>\n<p><a href=\"https:\/\/versahinternational.com\/de\/klinische-vielseitigkeit\/sofortige-implantatinsertion\/\" class=\"more-link\">Continue reading<span class=\"screen-reader-text\">Sofortiges Einsetzen des Implantats<\/span><\/a><\/p>\n","protected":false},"author":2,"featured_media":0,"parent":11673,"menu_order":0,"comment_status":"closed","ping_status":"closed","template":"","meta":{"footnotes":""},"class_list":["post-10539","page","type-page","status-publish","hentry"],"jetpack_sharing_enabled":true,"_links":{"self":[{"href":"https:\/\/versahinternational.com\/de\/wp-json\/wp\/v2\/pages\/10539","targetHints":{"allow":["GET"]}}],"collection":[{"href":"https:\/\/versahinternational.com\/de\/wp-json\/wp\/v2\/pages"}],"about":[{"href":"https:\/\/versahinternational.com\/de\/wp-json\/wp\/v2\/types\/page"}],"author":[{"embeddable":true,"href":"https:\/\/versahinternational.com\/de\/wp-json\/wp\/v2\/users\/2"}],"replies":[{"embeddable":true,"href":"https:\/\/versahinternational.com\/de\/wp-json\/wp\/v2\/comments?post=10539"}],"version-history":[{"count":16,"href":"https:\/\/versahinternational.com\/de\/wp-json\/wp\/v2\/pages\/10539\/revisions"}],"predecessor-version":[{"id":17762,"href":"https:\/\/versahinternational.com\/de\/wp-json\/wp\/v2\/pages\/10539\/revisions\/17762"}],"up":[{"embeddable":true,"href":"https:\/\/versahinternational.com\/de\/wp-json\/wp\/v2\/pages\/11673"}],"wp:attachment":[{"href":"https:\/\/versahinternational.com\/de\/wp-json\/wp\/v2\/media?parent=10539"}],"curies":[{"name":"wp","href":"https:\/\/api.w.org\/{rel}","templated":true}]}}