{"id":10740,"date":"2023-07-20T19:55:04","date_gmt":"2023-07-20T19:55:04","guid":{"rendered":"https:\/\/versahinternational.com\/vermeiden-sie-stumpfe-bur-komplikationen\/"},"modified":"2024-09-11T14:01:27","modified_gmt":"2024-09-11T14:01:27","slug":"vermeiden-sie-stumpfe-bur-komplikationen","status":"publish","type":"page","link":"https:\/\/versahinternational.com\/de\/lehrreiche-videos\/vermeiden-sie-stumpfe-bur-komplikationen\/","title":{"rendered":"Vermeiden Sie Komplikationen durch stumpfe Bohrer"},"content":{"rendered":"<section class=\"wpb-content-wrapper\"><p>[vc_row][vc_column][vc_empty_space height=&#8220;100px&#8220;][vc_custom_heading text=&#8220;VERMEIDEN SIE KOMPLIKATIONEN DURCH STUMPFE BOHRER&#8220; font_container=&#8220;tag:p|font_size:35|text_align:center|color:%23c4d600&#8243; use_theme_fonts=&#8220;yes&#8220;][\/vc_column][\/vc_row][vc_row][vc_column][vc_video link=&#8220;https:\/\/youtu.be\/OE68eeffaJQ&#8220; align=&#8220;center&#8220;][\/vc_column][\/vc_row][vc_row][vc_column][vc_empty_space height=&#8220;100px&#8220;][vc_custom_heading text=&#8220;Bohrer nach 20 Osteotomien austauschen&#8220; font_container=&#8220;tag:p|font_size:35|text_align:center|color:%23c4d600&#8243; use_theme_fonts=&#8220;yes&#8220; css=&#8220;.vc_custom_1726063243821{background-color: #333333 !important;}&#8220;][vc_single_image image=&#8220;22394&#8243; img_size=&#8220;full&#8220; alignment=&#8220;center&#8220;][\/vc_column][\/vc_row][vc_row][vc_column][vc_column_text]<span style=\"color: #ffffff;\">\u2022 Bohrer sollten ersetzt werden, wenn sie stumpf oder abgenutzt sind.<\/span><br \/>\n<span style=\"color: #ffffff;\">\u2022 Versah empfiehlt, die Densah-Bohrer nach 20 Osteotomien zu ersetzen, um klinische Komplikationen zu vermeiden und Ihren klinischen Erfolg zu optimieren. \u00dcberm\u00e4\u00dfige Nutzung der Densah-Bohrer kann zu Verletzungen des Patienten und chirurgischen Komplikationen f\u00fchren. Es wird empfohlen, Ersatz-Densah-Bohrer bereitzuhalten, falls diese w\u00e4hrend des Eingriffs ben\u00f6tigt werden. \u200b<\/span><br \/>\n<span style=\"color: #ffffff;\">\u2022 ZGO-Densah-Bohrer und der ZGO tapered Pilotbohrer sind nur f\u00fcr den einmaligen Gebrauch bestimmt.<\/span><br \/>\n<span style=\"color: #ffffff;\">\u2022 Die G-Stop\u00ae-Tiefenstopp und die C-Guide\u00ae-H\u00fclse sind nur zum einmaligen Gebrauch bestimmt.<\/span><br \/>\n<span style=\"color: #ffffff;\">\u2022 Die G-Stop\u00ae-H\u00fclsen sollten nach 12-20 Osteotomien ausgetauscht werden.<\/span><br \/>\n<span style=\"color: #ffffff;\">\u2022 ZGO-Densah-Bohrer und der ZGO tapered Pilotbohrer sind nur f\u00fcr den einmaligen Gebrauch bestimmt. Die Wiederverwendung dieser Bohrer kann zu Verletzungen des Patienten, Infektionen und\/oder Ger\u00e4tefehlern f\u00fchren.<\/span><br \/>\n<span style=\"color: #ffffff;\">\u2022 Die ZGO-C-Guide\u00ae-H\u00fclse ist zur einmaligen Verwendung vorgesehen.<\/span><\/p>\n<p><span style=\"color: #ffffff;\">* Chacon GE, Bower DL, Larsen PE, et al. Heat production by three implant drill systems after repeated drilling and sterilization. J Oral Maxillofac Surg. 2006;64(2):265-269<\/span>[\/vc_column_text][\/vc_column][\/vc_row][vc_row][vc_column][vc_empty_space height=&#8220;100px&#8220;][vc_custom_heading text=&#8220;Verwenden Sie ein Protokoll zur Dokumentation der H\u00e4ufigkeit der Nutzung der Densah\u00ae-Bohrer!&#8220; font_container=&#8220;tag:p|font_size:35|text_align:center|color:%23c4d600&#8243; use_theme_fonts=&#8220;yes&#8220; css=&#8220;.vc_custom_1699301854191{background-color: #333333 !important;}&#8220;][\/vc_column][\/vc_row][vc_row][vc_column width=&#8220;1\/2&#8243;][vc_single_image image=&#8220;1060&#8243; img_size=&#8220;full&#8220; alignment=&#8220;center&#8220; onclick=&#8220;link_image&#8220;][\/vc_column][vc_column width=&#8220;1\/2&#8243;][vc_single_image image=&#8220;1062&#8243; img_size=&#8220;full&#8220; alignment=&#8220;center&#8220; onclick=&#8220;link_image&#8220;][\/vc_column][\/vc_row][vc_row][vc_column][vc_empty_space height=&#8220;100px&#8220;][vc_column_text]<\/p>\n<h6><span style=\"color: #808080;\">10906 REV01 zuletzt aktualisiert: 09\/2024<\/span><\/h6>\n<p>[\/vc_column_text][\/vc_column][\/vc_row]<\/p>\n<\/section>","protected":false},"excerpt":{"rendered":"<p>[vc_row][vc_column][vc_empty_space height=&#8220;100px&#8220;][vc_custom_heading text=&#8220;VERMEIDEN SIE KOMPLIKATIONEN DURCH STUMPFE BOHRER&#8220; font_container=&#8220;tag:p|font_size:35|text_align:center|color:%23c4d600&#8243; use_theme_fonts=&#8220;yes&#8220;][\/vc_column][\/vc_row][vc_row][vc_column][vc_video link=&#8220;https:\/\/youtu.be\/OE68eeffaJQ&#8220; align=&#8220;center&#8220;][\/vc_column][\/vc_row][vc_row][vc_column][vc_empty_space height=&#8220;100px&#8220;][vc_custom_heading text=&#8220;Bohrer nach 20 Osteotomien austauschen&#8220; font_container=&#8220;tag:p|font_size:35|text_align:center|color:%23c4d600&#8243; use_theme_fonts=&#8220;yes&#8220;<\/p>\n<p><a href=\"https:\/\/versahinternational.com\/de\/lehrreiche-videos\/vermeiden-sie-stumpfe-bur-komplikationen\/\" class=\"more-link\">Continue reading<span class=\"screen-reader-text\">Vermeiden Sie Komplikationen durch stumpfe Bohrer<\/span><\/a><\/p>\n","protected":false},"author":2,"featured_media":0,"parent":11461,"menu_order":0,"comment_status":"closed","ping_status":"closed","template":"","meta":{"footnotes":""},"class_list":["post-10740","page","type-page","status-publish","hentry"],"jetpack_sharing_enabled":true,"_links":{"self":[{"href":"https:\/\/versahinternational.com\/de\/wp-json\/wp\/v2\/pages\/10740","targetHints":{"allow":["GET"]}}],"collection":[{"href":"https:\/\/versahinternational.com\/de\/wp-json\/wp\/v2\/pages"}],"about":[{"href":"https:\/\/versahinternational.com\/de\/wp-json\/wp\/v2\/types\/page"}],"author":[{"embeddable":true,"href":"https:\/\/versahinternational.com\/de\/wp-json\/wp\/v2\/users\/2"}],"replies":[{"embeddable":true,"href":"https:\/\/versahinternational.com\/de\/wp-json\/wp\/v2\/comments?post=10740"}],"version-history":[{"count":12,"href":"https:\/\/versahinternational.com\/de\/wp-json\/wp\/v2\/pages\/10740\/revisions"}],"predecessor-version":[{"id":22409,"href":"https:\/\/versahinternational.com\/de\/wp-json\/wp\/v2\/pages\/10740\/revisions\/22409"}],"up":[{"embeddable":true,"href":"https:\/\/versahinternational.com\/de\/wp-json\/wp\/v2\/pages\/11461"}],"wp:attachment":[{"href":"https:\/\/versahinternational.com\/de\/wp-json\/wp\/v2\/media?parent=10740"}],"curies":[{"name":"wp","href":"https:\/\/api.w.org\/{rel}","templated":true}]}}