{"id":10862,"date":"2023-07-18T18:17:43","date_gmt":"2023-07-18T18:17:43","guid":{"rendered":"https:\/\/versahinternational.com\/idr-verfahren-protokoll-ii\/"},"modified":"2023-12-04T21:11:43","modified_gmt":"2023-12-04T21:11:43","slug":"idr-verfahren-protokoll-ii","status":"publish","type":"page","link":"https:\/\/versahinternational.com\/de\/klinische-vielseitigkeit\/idr-verfahren-protokoll-ii\/","title":{"rendered":"IDR-Technik Protokoll II"},"content":{"rendered":"<section class=\"wpb-content-wrapper\"><p>[vc_row][vc_column][vc_empty_space height=&#8220;100px&#8220;][vc_custom_heading text=&#8220;Sofortige Dentoalveol\u00e4re Wiederherstelkung (IDR) &#8211; Protokoll II&#8220; font_container=&#8220;tag:p|font_size:35|text_align:center|color:%23c4d600&#8243; use_theme_fonts=&#8220;yes&#8220;][vc_btn title=&#8220;Download-Protokoll&#8220; style=&#8220;outline-custom&#8220; outline_custom_color=&#8220;#c4d600&#8243; outline_custom_hover_background=&#8220;#666666&#8243; outline_custom_hover_text=&#8220;#ffffff&#8220; size=&#8220;lg&#8220; align=&#8220;center&#8220; link=&#8220;url:https%3A%2F%2Fversahinternational.com%2Fwp-content%2Fuploads%2F2023%2F12%2FGerman_IDR-II-Protocol_11012-REV00-1.pdf|title:Protokoll%20zur%20erleichterten%20Kammausweitung&#8220;][\/vc_column][\/vc_row][vc_row][vc_column css=&#8220;.vc_custom_1690389604014{background-color: #ffffff !important;}&#8220;][vc_column_text]<\/p>\n<div data-widget-id=\"ecf34c35-04ee-4d55-80f5-2b30c50127ca\" data-placement-id=\"b03f79d3-5287-4d86-b88e-4d16ee2698ae\" data-placement-status=\"ACTIVE\">\n<div class=\"sd-simple-text-ecf34c35-04ee-4d55-80f5-2b30c50127ca \">\n<div id=\"sd-simple-text-editable-ecf34c35-04ee-4d55-80f5-2b30c50127ca\" data-edit-mode=\"\">\n<p><span style=\"color: #c4d600 !important;\"><strong>\u00dcberblick: <\/strong><\/span><\/p>\n<\/div>\n<\/div>\n<\/div>\n<div data-widget-id=\"ebb0fe0c-d3bb-4469-819e-748e87ebe8d3\" data-placement-id=\"eb822ecd-15a8-4eb2-92d0-a209d804bd0a\" data-placement-status=\"ACTIVE\">\n<div class=\"sd-simple-text-ebb0fe0c-d3bb-4469-819e-748e87ebe8d3 \">\n<div id=\"sd-simple-text-editable-ebb0fe0c-d3bb-4469-819e-748e87ebe8d3\" data-edit-mode=\"\">\n<p><span style=\"color: #333333;\">Dieses Protokoll ist indiziert bei vollst\u00e4ndigem Verlust der bukkalen Wand in Kombination mit einem d\u00fcnnen parodontalem Biotyp oder dem Vorliegen einer gingivalen Rezession. Das IDR II-Protokoll erkl\u00e4rt den Umgang mit kompromitierten Alveolen ohne oder mit geringer Knochenrestsubstanz in Kombination mit Sofortimplantat, Knochenrekonstruktion und individualisiertem Provisorium in einer Sitzung unter Verwendung einer Kombination aus Knochen- und Weichgewebetransplantat, die aus dem Tuber maxillae entnommen wurde.<\/span><\/p>\n<\/div>\n<\/div>\n<\/div>\n<p>[\/vc_column_text][vc_separator][vc_column_text]<span style=\"color: #333333;\">\u2022 Der gesch\u00e4digte Zahn wird extrahiert und das Granulationsgewebe sowie parodontale Fasern entfernt.<\/span><br \/>\n<span style=\"color: #333333;\">\u2022 Die Densah\u00ae-Bohrer werden im OD-Modus (gegen Uhrzeigersinn) verwendet, um die Osteotomie vorzubereiten und den Knochen zu verdichten.<\/span><br \/>\n<span style=\"color: #333333;\">\u2022 Das Implantat wird in der palatinalen Knochenwand verankert.<\/span><br \/>\n<span style=\"color: #333333;\">\u2022 Ein Dreifachtransplantat wird entnommen.<\/span><br \/>\n<span style=\"color: #333333;\">\u2022 Ein vorgefertigtes Provisorium mit einem entsprechend geformten Austrittsprofil wird mit dem Implantat verschraubt (keine zementierte Versorgung).<\/span><br \/>\n<span style=\"color: #333333;\">\u2022 Das Implantat sollte mindestens 4 Monate einheilen, bevor eine verschraubte definitive Versorgung erfolgt.<\/span>[\/vc_column_text][vc_separator][vc_empty_space height=&#8220;50px&#8220;][vc_row_inner][vc_column_inner width=&#8220;2\/3&#8243;][vc_custom_heading text=&#8220;Schritt 1:&#8220; font_container=&#8220;tag:p|font_size:20|text_align:left|color:%23c4d600&#8243; use_theme_fonts=&#8220;yes&#8220;][vc_column_text]<span style=\"color: #333333;\">Der gesch\u00e4digte Zahn wird atraumatisch extrahiert und der vorhandene Knochen m\u00f6glichst erhalten. Das Granulationsgewebe und verbliebene Parodontalfasern m\u00fcssen komplett k\u00fcrettiert werden.Ein kompletter Verlust der bukkalen Wand liegt in den meisten F\u00e4llen vor.<\/span>[\/vc_column_text][\/vc_column_inner][vc_column_inner width=&#8220;1\/3&#8243;][vc_single_image image=&#8220;1407&#8243; img_size=&#8220;full&#8220;][\/vc_column_inner][\/vc_row_inner][vc_row_inner][vc_column_inner][vc_empty_space height=&#8220;50px&#8220;][\/vc_column_inner][\/vc_row_inner][vc_row_inner][vc_column_inner width=&#8220;2\/3&#8243;][vc_custom_heading text=&#8220;Schritt 2:&#8220; font_container=&#8220;tag:p|font_size:20|text_align:left|color:%23c4d600&#8243; use_theme_fonts=&#8220;yes&#8220;][vc_column_text]<\/p>\n<div data-widget-id=\"ecf34c35-04ee-4d55-80f5-2b30c50127ca\" data-placement-id=\"b03f79d3-5287-4d86-b88e-4d16ee2698ae\" data-placement-status=\"ACTIVE\">\n<div class=\"sd-simple-text-ecf34c35-04ee-4d55-80f5-2b30c50127ca \">\n<div id=\"sd-simple-text-editable-ecf34c35-04ee-4d55-80f5-2b30c50127ca\" data-edit-mode=\"\">\n<p><span style=\"color: #333333;\">Die Densah\u00ae-Bohrer werden zur Pr\u00e4paration der Osteotomie genutzt. Mit dem Densah\u00ae-Pilotbohrer wird im Uhrzeigersinn rotierend der Implantatpfad bis zu einer Tiefe, die der Implantatl\u00e4nge entspricht, angelegt. Je nach Dimemsion und Form des Implantats werden die Densah\u00ae-Bohrer in der empfohlenen Reihenfolge der implantatspezifischen Bohrprotokolle eingesetzt. * Beginnend mit dem (2,0) Densah\u00ae-Bohrer werden die Bohrer gegen den Uhrzeigersinn mit einer Umdrehung von 800-1500 U\/min und ausreichend Irrigation angewandt.<\/span><\/p>\n<p><span style=\"color: #222222 !important;\"><br \/>\n<a href=\"http:\/\/*versahinternational.com\/clinical-versahtility\/implant-system-protocols\/\">*versahinternational.com\/clinical-versahtility\/implant-system-protocols\/<\/a><\/span><\/p>\n<\/div>\n<\/div>\n<\/div>\n<p>[\/vc_column_text][\/vc_column_inner][vc_column_inner width=&#8220;1\/3&#8243;][vc_single_image image=&#8220;1409&#8243; img_size=&#8220;full&#8220;][\/vc_column_inner][\/vc_row_inner][vc_row_inner][vc_column_inner][vc_empty_space height=&#8220;50px&#8220;][\/vc_column_inner][\/vc_row_inner][vc_row_inner][vc_column_inner width=&#8220;2\/3&#8243;][vc_custom_heading text=&#8220;Schritt 3:&#8220; font_container=&#8220;tag:p|font_size:20|text_align:left|color:%23c4d600&#8243; use_theme_fonts=&#8220;yes&#8220;][vc_column_text]<\/p>\n<div data-widget-id=\"ecf34c35-04ee-4d55-80f5-2b30c50127ca\" data-placement-id=\"b03f79d3-5287-4d86-b88e-4d16ee2698ae\" data-placement-status=\"ACTIVE\">\n<div class=\"sd-simple-text-ecf34c35-04ee-4d55-80f5-2b30c50127ca \">\n<div id=\"sd-simple-text-editable-ecf34c35-04ee-4d55-80f5-2b30c50127ca\" data-edit-mode=\"\">\n<p><span style=\"color: #333333;\">Das Implantat wird in der geplanten 3D-Position in der palatinalen Knochenwand verankert.<\/span><\/p>\n<\/div>\n<\/div>\n<\/div>\n<p>[\/vc_column_text][\/vc_column_inner][vc_column_inner width=&#8220;1\/3&#8243;][vc_single_image image=&#8220;1411&#8243; img_size=&#8220;full&#8220;][\/vc_column_inner][\/vc_row_inner][vc_row_inner][vc_column_inner][vc_empty_space height=&#8220;50px&#8220;][\/vc_column_inner][\/vc_row_inner][vc_row_inner][vc_column_inner width=&#8220;2\/3&#8243;][vc_custom_heading text=&#8220;Schritt 4:&#8220; font_container=&#8220;tag:p|font_size:20|text_align:left|color:%23c4d600&#8243; use_theme_fonts=&#8220;yes&#8220;][vc_column_text]<\/p>\n<div data-widget-id=\"ecf34c35-04ee-4d55-80f5-2b30c50127ca\" data-placement-id=\"b03f79d3-5287-4d86-b88e-4d16ee2698ae\" data-placement-status=\"ACTIVE\">\n<div class=\"sd-simple-text-ecf34c35-04ee-4d55-80f5-2b30c50127ca \">\n<div id=\"sd-simple-text-editable-ecf34c35-04ee-4d55-80f5-2b30c50127ca\" data-edit-mode=\"\">\n<p><span style=\"color: #222222 !important;\">Ein Dreifachtransplantat bestehend aus Bindegewebe, Kortikalis und Spongiosa wird vom Tuber maxillae entnommen.Das Dreifachtransplantat wird an der Extraktionstelle eingesetzt. Es ersetzt das verloren gegangene Hart- und Weichgewebe.<\/span><\/p>\n<\/div>\n<\/div>\n<\/div>\n<p>[\/vc_column_text][\/vc_column_inner][vc_column_inner width=&#8220;1\/3&#8243;][vc_single_image image=&#8220;1413&#8243; img_size=&#8220;full&#8220;][\/vc_column_inner][\/vc_row_inner][vc_row_inner][vc_column_inner][vc_empty_space height=&#8220;50px&#8220;][\/vc_column_inner][\/vc_row_inner][vc_row_inner][vc_column_inner width=&#8220;2\/3&#8243;][vc_custom_heading text=&#8220;Schritt 5:&#8220; font_container=&#8220;tag:p|font_size:20|text_align:left|color:%23c4d600&#8243; use_theme_fonts=&#8220;yes&#8220;][vc_column_text]<\/p>\n<div data-widget-id=\"ecf34c35-04ee-4d55-80f5-2b30c50127ca\" data-placement-id=\"b03f79d3-5287-4d86-b88e-4d16ee2698ae\" data-placement-status=\"ACTIVE\">\n<div class=\"sd-simple-text-ecf34c35-04ee-4d55-80f5-2b30c50127ca \">\n<div id=\"sd-simple-text-editable-ecf34c35-04ee-4d55-80f5-2b30c50127ca\" data-edit-mode=\"\">\n<p><span style=\"color: #222222 !important;\">Der Spalt zwischen dem eingebrachten Transplantat und dem Implantat wird mit zus\u00e4tzlich gewonnenem Knochenmaterial aus dem Tuber maxillae besonders im bukkalen Bereich augmentiert.<\/span><\/p>\n<\/div>\n<\/div>\n<\/div>\n<p>[\/vc_column_text][\/vc_column_inner][vc_column_inner width=&#8220;1\/3&#8243;][vc_single_image image=&#8220;1415&#8243; img_size=&#8220;full&#8220;][\/vc_column_inner][\/vc_row_inner][vc_row_inner][vc_column_inner][vc_empty_space height=&#8220;50px&#8220;][\/vc_column_inner][\/vc_row_inner][vc_row_inner][vc_column_inner width=&#8220;2\/3&#8243;][vc_custom_heading text=&#8220;Schritt 6:&#8220; font_container=&#8220;tag:p|font_size:20|text_align:left|color:%23c4d600&#8243; use_theme_fonts=&#8220;yes&#8220;][vc_column_text]<\/p>\n<div data-widget-id=\"ecf34c35-04ee-4d55-80f5-2b30c50127ca\" data-placement-id=\"b03f79d3-5287-4d86-b88e-4d16ee2698ae\" data-placement-status=\"ACTIVE\">\n<div class=\"sd-simple-text-ecf34c35-04ee-4d55-80f5-2b30c50127ca \">\n<div id=\"sd-simple-text-editable-ecf34c35-04ee-4d55-80f5-2b30c50127ca\" data-edit-mode=\"\">\n<p><span style=\"color: #222222 !important;\">Ein vorgefertigtes Provisorium mit einem entsprechend geformten Austrittsprofil wird mit dem Implantat verschraubt.<\/span><\/p>\n<\/div>\n<\/div>\n<\/div>\n<p>[\/vc_column_text][\/vc_column_inner][vc_column_inner width=&#8220;1\/3&#8243;][vc_single_image image=&#8220;1417&#8243; img_size=&#8220;full&#8220;][\/vc_column_inner][\/vc_row_inner][vc_row_inner][vc_column_inner][vc_empty_space height=&#8220;50px&#8220;][\/vc_column_inner][\/vc_row_inner][vc_row_inner][vc_column_inner width=&#8220;2\/3&#8243;][vc_custom_heading text=&#8220;Schritt 7:&#8220; font_container=&#8220;tag:p|font_size:20|text_align:left|color:%23c4d600&#8243; use_theme_fonts=&#8220;yes&#8220;][vc_column_text]<\/p>\n<div data-widget-id=\"ecf34c35-04ee-4d55-80f5-2b30c50127ca\" data-placement-id=\"b03f79d3-5287-4d86-b88e-4d16ee2698ae\" data-placement-status=\"ACTIVE\">\n<div class=\"sd-simple-text-ecf34c35-04ee-4d55-80f5-2b30c50127ca \">\n<div id=\"sd-simple-text-editable-ecf34c35-04ee-4d55-80f5-2b30c50127ca\" data-edit-mode=\"\">\n<p><span style=\"color: #222222 !important;\">Die Einheilzeit betr\u00e4gt mindestens 4 Monate, damit das Weichgewebe sich in Bezug auf Volumen und Dicke stabilisiert. Eine verschraubte definitive Restaurantion ist empfehlenswert. Die Erhaltung des anatomischen Gingivaverlaufes l\u00e4sst sich beobachten.<\/span><\/p>\n<\/div>\n<\/div>\n<\/div>\n<p>[\/vc_column_text][\/vc_column_inner][vc_column_inner width=&#8220;1\/3&#8243;][vc_single_image image=&#8220;1419&#8243; img_size=&#8220;full&#8220;][\/vc_column_inner][\/vc_row_inner][vc_row_inner][vc_column_inner][vc_empty_space height=&#8220;50px&#8220;][vc_single_image image=&#8220;1405&#8243; img_size=&#8220;full&#8220; alignment=&#8220;center&#8220;][vc_column_text]<\/p>\n<p style=\"text-align: center;\">Bei der Nachuntersuchung zeigt sich ein stabiles periimplant\u00e4res Weichgewebe in Bezug auf Gingivarand und Interdentalpapillen.<br \/>\nDie DVT-Aufnahme 3 Jahre nach dem Eingriff zeigt eine stabile bukkale Knochenwand (H\u00f6he und Dicke).<\/p>\n<p>[\/vc_column_text][vc_column_text]<\/p>\n<div data-widget-id=\"ecf34c35-04ee-4d55-80f5-2b30c50127ca\" data-placement-id=\"b03f79d3-5287-4d86-b88e-4d16ee2698ae\" data-placement-status=\"ACTIVE\">\n<div class=\"sd-simple-text-ecf34c35-04ee-4d55-80f5-2b30c50127ca \">\n<div id=\"sd-simple-text-editable-ecf34c35-04ee-4d55-80f5-2b30c50127ca\" data-edit-mode=\"\">\n<p style=\"text-align: center;\"><span style=\"color: #222222 !important;\">* Daten in den Akten, Studien unter versahinternational.com\/od-published-papers\/<br \/>\n<strong>** Das Urteil und die Erfahrung des Arztes sollten in Verbindung mit diesem Protokoll f\u00fcr die klinische Praxis zur Anwendung kommen.<\/strong><\/span><\/p>\n<\/div>\n<\/div>\n<\/div>\n<p>[\/vc_column_text][\/vc_column_inner][\/vc_row_inner][\/vc_column][\/vc_row][vc_row][vc_column][vc_empty_space height=&#8220;100px&#8220;][vc_column_text]<\/p>\n<h6><span style=\"color: #808080;\">10900 REV00 zuletzt aktualisiert: 08\/2023<\/span><\/h6>\n<p>[\/vc_column_text][\/vc_column][\/vc_row]<\/p>\n<\/section>","protected":false},"excerpt":{"rendered":"<p>[vc_row][vc_column][vc_empty_space height=&#8220;100px&#8220;][vc_custom_heading text=&#8220;Sofortige Dentoalveol\u00e4re Wiederherstelkung (IDR) &#8211; Protokoll II&#8220; font_container=&#8220;tag:p|font_size:35|text_align:center|color:%23c4d600&#8243; use_theme_fonts=&#8220;yes&#8220;][vc_btn title=&#8220;Download-Protokoll&#8220; style=&#8220;outline-custom&#8220; outline_custom_color=&#8220;#c4d600&#8243; outline_custom_hover_background=&#8220;#666666&#8243; outline_custom_hover_text=&#8220;#ffffff&#8220; size=&#8220;lg&#8220; align=&#8220;center&#8220; link=&#8220;url:https%3A%2F%2Fversahinternational.com%2Fwp-content%2Fuploads%2F2023%2F12%2FGerman_IDR-II-Protocol_11012-REV00-1.pdf|title:Protokoll%20zur%20erleichterten%20Kammausweitung&#8220;][\/vc_column][\/vc_row][vc_row][vc_column css=&#8220;.vc_custom_1690389604014{background-color:<\/p>\n<p><a href=\"https:\/\/versahinternational.com\/de\/klinische-vielseitigkeit\/idr-verfahren-protokoll-ii\/\" class=\"more-link\">Continue reading<span class=\"screen-reader-text\">IDR-Technik Protokoll II<\/span><\/a><\/p>\n","protected":false},"author":2,"featured_media":0,"parent":11673,"menu_order":0,"comment_status":"closed","ping_status":"closed","template":"","meta":{"footnotes":""},"class_list":["post-10862","page","type-page","status-publish","hentry"],"jetpack_sharing_enabled":true,"_links":{"self":[{"href":"https:\/\/versahinternational.com\/de\/wp-json\/wp\/v2\/pages\/10862","targetHints":{"allow":["GET"]}}],"collection":[{"href":"https:\/\/versahinternational.com\/de\/wp-json\/wp\/v2\/pages"}],"about":[{"href":"https:\/\/versahinternational.com\/de\/wp-json\/wp\/v2\/types\/page"}],"author":[{"embeddable":true,"href":"https:\/\/versahinternational.com\/de\/wp-json\/wp\/v2\/users\/2"}],"replies":[{"embeddable":true,"href":"https:\/\/versahinternational.com\/de\/wp-json\/wp\/v2\/comments?post=10862"}],"version-history":[{"count":18,"href":"https:\/\/versahinternational.com\/de\/wp-json\/wp\/v2\/pages\/10862\/revisions"}],"predecessor-version":[{"id":17771,"href":"https:\/\/versahinternational.com\/de\/wp-json\/wp\/v2\/pages\/10862\/revisions\/17771"}],"up":[{"embeddable":true,"href":"https:\/\/versahinternational.com\/de\/wp-json\/wp\/v2\/pages\/11673"}],"wp:attachment":[{"href":"https:\/\/versahinternational.com\/de\/wp-json\/wp\/v2\/media?parent=10862"}],"curies":[{"name":"wp","href":"https:\/\/api.w.org\/{rel}","templated":true}]}}