{"id":11034,"date":"2023-07-18T18:16:04","date_gmt":"2023-07-18T18:16:04","guid":{"rendered":"https:\/\/versahinternational.com\/gefuehrtes-expansionstransplantat-2-stufiges-augmentationsprotokoll\/"},"modified":"2023-12-04T21:08:46","modified_gmt":"2023-12-04T21:08:46","slug":"gefuehrtes-expansionstransplantat-2-stufiges-augmentationsprotokoll","status":"publish","type":"page","link":"https:\/\/versahinternational.com\/de\/klinische-vielseitigkeit\/gefuehrtes-expansionstransplantat-2-stufiges-augmentationsprotokoll\/","title":{"rendered":"Gef\u00fchrtes Expansionstransplantat: 2-stufiges Augmentationsprotokoll"},"content":{"rendered":"<section class=\"wpb-content-wrapper\"><p>[vc_row][vc_column][vc_empty_space height=&#8220;100px&#8220;][vc_custom_heading text=&#8220;GEF\u00dcHRTES EXPANSIONSTRANSPLANTAT&#8220; font_container=&#8220;tag:p|font_size:35|text_align:center|color:%23c4d600&#8243; use_theme_fonts=&#8220;yes&#8220;][vc_btn title=&#8220;Download-Protokoll&#8220; style=&#8220;outline-custom&#8220; outline_custom_color=&#8220;#c4d600&#8243; outline_custom_hover_background=&#8220;#666666&#8243; outline_custom_hover_text=&#8220;#ffffff&#8220; size=&#8220;lg&#8220; align=&#8220;center&#8220; link=&#8220;url:https%3A%2F%2Fversahinternational.com%2Fwp-content%2Fuploads%2F2023%2F12%2FGerman_Guided-Expansion-Graft_11006-REV00-1.pdf|title:Protokoll%20zur%20erleichterten%20Kammausweitung&#8220;][vc_column_text]<\/p>\n<p style=\"text-align: center;\">Bei F\u00e4llen mit einer anf\u00e4nglichen Kammbreite von \u2264 3,0 mm<\/p>\n<p>[\/vc_column_text][\/vc_column][\/vc_row][vc_row][vc_column css=&#8220;.vc_custom_1690311965541{background-color: #ffffff !important;}&#8220;][vc_separator][vc_column_text]<\/p>\n<div data-widget-id=\"ecf34c35-04ee-4d55-80f5-2b30c50127ca\" data-placement-id=\"b03f79d3-5287-4d86-b88e-4d16ee2698ae\" data-placement-status=\"ACTIVE\">\n<div class=\"sd-simple-text-ecf34c35-04ee-4d55-80f5-2b30c50127ca \">\n<div id=\"sd-simple-text-editable-ecf34c35-04ee-4d55-80f5-2b30c50127ca\" data-edit-mode=\"\">\n<p><span style=\"color: #222222 !important;\">\u2022 PILOTBOHRER IM (CW, UHRZEIGERSINN) MODUS VERWENDEN UND AUF IMPLANTATTIEFE UND -WINKEL BOHREN<br \/>\n\u2022 VERWENDEN SIE DIE NACHFOLGENDEN DENSAH\u00ae-BOHRER IN KLEINEREN SCHRITTEN, UM DIE OSTEOTOMIE ZU EXPANDIEREN UND DIE KNOCHENPLASTIZIT\u00c4T ZU ERH\u00d6HEN<br \/>\n\u2022 DER ENDG\u00dcLTIGE EXPANSIONSDURCHMESSER SOLLTE DIE FORMEL PLUS EINS (ANF\u00c4NGLICHE KAMMBREITE + 1 MM) NICHT \u00dcBERSCHREITEN<br \/>\n\u2022 TRANSPLANTIEREN SIE DIE NEU GEBILDETE AVEOLE MIT EINEM 70\/30 KOMBINATIONS-ALLOTRANSPLANTAT AUS SPONGIOSA UND KORTIKALIS<br \/>\n\u2022 EINE HEILUNGSPHASE VON 3-6 MONATEN EINPLANEN<br \/>\n\u2022 WIEDEREINTRITT IN DAS GEBIET ZUR VORBEREITUNG DER IMPLANTATION DURCH OSSEODENSIFIKATION MIT DEN DENSAH\u00ae-BOHRERN<\/span><\/p>\n<\/div>\n<\/div>\n<\/div>\n<p>[\/vc_column_text][vc_separator][vc_empty_space height=&#8220;50px&#8220;][vc_row_inner][vc_column_inner width=&#8220;2\/3&#8243;][vc_custom_heading text=&#8220;Schritt 1:&#8220; font_container=&#8220;tag:p|font_size:20|text_align:left|color:%23c4d600&#8243; use_theme_fonts=&#8220;yes&#8220;][vc_column_text]<\/p>\n<div data-widget-id=\"ecf34c35-04ee-4d55-80f5-2b30c50127ca\" data-placement-id=\"b03f79d3-5287-4d86-b88e-4d16ee2698ae\" data-placement-status=\"ACTIVE\">\n<div class=\"sd-simple-text-ecf34c35-04ee-4d55-80f5-2b30c50127ca \">\n<div id=\"sd-simple-text-editable-ecf34c35-04ee-4d55-80f5-2b30c50127ca\" data-edit-mode=\"\">\n<p><span style=\"color: #222222 !important;\">Klappen Sie das Weichgewebe mit der f\u00fcr die Implantatposition angegebenen Technik. <strong>Bohren Sie mit einem schmalen Pilotbohrer (vorzugsweise 1,3 mm &#8211; 1,5 mm, CW, Drehmoment 800 bix 1500 U\/min mit reichlicher Sp\u00fclung) bis zur Implantattiefe und -angulation<\/strong><\/span><\/p>\n<\/div>\n<\/div>\n<\/div>\n<p>[\/vc_column_text][\/vc_column_inner][vc_column_inner width=&#8220;1\/3&#8243;][vc_single_image image=&#8220;1228&#8243; img_size=&#8220;full&#8220;][\/vc_column_inner][\/vc_row_inner][vc_row_inner][vc_column_inner][vc_empty_space height=&#8220;50px&#8220;][\/vc_column_inner][\/vc_row_inner][vc_row_inner][vc_column_inner width=&#8220;2\/3&#8243;][vc_custom_heading text=&#8220;Schritt 2:&#8220; font_container=&#8220;tag:p|font_size:20|text_align:left|color:%23c4d600&#8243; use_theme_fonts=&#8220;yes&#8220;][vc_column_text]<\/p>\n<div data-widget-id=\"ecf34c35-04ee-4d55-80f5-2b30c50127ca\" data-placement-id=\"b03f79d3-5287-4d86-b88e-4d16ee2698ae\" data-placement-status=\"ACTIVE\">\n<div class=\"sd-simple-text-ecf34c35-04ee-4d55-80f5-2b30c50127ca \">\n<div id=\"sd-simple-text-editable-ecf34c35-04ee-4d55-80f5-2b30c50127ca\" data-edit-mode=\"\">\n<p><span style=\"color: #222222 !important;\">Je nach Implantattyp und -durchmesser folgen Sie dem entsprechenden Implantatsystem-Bohrprotokoll, beginnend mit dem kleinsten Densah\u00ae-Bohrer bis 1 mm tiefer als die vorgesehene Implantatl\u00e4nge. Lassen Sie die Densah\u00ae-Bohrer im OD-Modus laufen (gegen den Uhrzeigersinn, Bohrgeschwindigkeit 800-1500 U\/min mit reichlich Sp\u00fclung). <strong>Verwenden Sie die nachfolgenden Densah\u00ae-Bohrer in kleineren Schritten, um die Knochenplastizit\u00e4t zu erh\u00f6hen und die Osteotomie zu expandieren.<\/strong> Verwenden Sie z. B. den Densah\u00ae-Bohrer (2,0) nach der Pilotphase, expandieren Sie dann mit dem Densah\u00ae-Bohrer (2,3) und gehen Sie zum Densah\u00ae-Bohrer (2,5) \u00fcber, bevor Sie den Densah\u00ae-Bohrer (3,0) einf\u00fchren.<\/span><\/p>\n<\/div>\n<\/div>\n<\/div>\n<p>[\/vc_column_text][\/vc_column_inner][vc_column_inner width=&#8220;1\/3&#8243;][vc_single_image image=&#8220;1230&#8243; img_size=&#8220;full&#8220;][\/vc_column_inner][\/vc_row_inner][vc_row_inner][vc_column_inner][vc_empty_space height=&#8220;50px&#8220;][\/vc_column_inner][\/vc_row_inner][vc_row_inner][vc_column_inner width=&#8220;2\/3&#8243;][vc_custom_heading text=&#8220;Schritt 3:&#8220; font_container=&#8220;tag:p|font_size:20|text_align:left|color:%23c4d600&#8243; use_theme_fonts=&#8220;yes&#8220;][vc_column_text]<\/p>\n<div data-widget-id=\"ecf34c35-04ee-4d55-80f5-2b30c50127ca\" data-placement-id=\"b03f79d3-5287-4d86-b88e-4d16ee2698ae\" data-placement-status=\"ACTIVE\">\n<div class=\"sd-simple-text-ecf34c35-04ee-4d55-80f5-2b30c50127ca \">\n<div id=\"sd-simple-text-editable-ecf34c35-04ee-4d55-80f5-2b30c50127ca\" data-edit-mode=\"\">\n<p><span style=\"color: #222222 !important;\">Den Osteotomiedurchmesser in kleinen Schritten erh\u00f6hen, bis die gew\u00fcnschte Expansion erreicht ist. Mit zunehmendem Durchmesser des Bohrers dehnt sich der Knochen langsam auf den endg\u00fcltigen Expansionsdurchmesser aus. <strong>Der endg\u00fcltige Expansionsdurchmesser sollte die Formel plus 1 (anf\u00e4ngliche Kammbreite + 1 mm) nicht \u00fcberschreiten.<\/strong> Wenn Sie z. B. mit einem 3 mm hohen Kamm beginnen, sollte der maximal zu erwartende endg\u00fcltige Osteotomiedurchmesser (3+1) = 4 mm nicht \u00fcberschreiten.<\/span><\/p>\n<\/div>\n<\/div>\n<\/div>\n<p>[\/vc_column_text][\/vc_column_inner][vc_column_inner width=&#8220;1\/3&#8243;][vc_single_image image=&#8220;1232&#8243; img_size=&#8220;full&#8220;][\/vc_column_inner][\/vc_row_inner][vc_row_inner][vc_column_inner][vc_empty_space height=&#8220;50px&#8220;][\/vc_column_inner][\/vc_row_inner][vc_row_inner][vc_column_inner width=&#8220;2\/3&#8243;][vc_custom_heading text=&#8220;Schritt 4:&#8220; font_container=&#8220;tag:p|font_size:20|text_align:left|color:%23c4d600&#8243; use_theme_fonts=&#8220;yes&#8220;][vc_column_text]<\/p>\n<div data-widget-id=\"ecf34c35-04ee-4d55-80f5-2b30c50127ca\" data-placement-id=\"b03f79d3-5287-4d86-b88e-4d16ee2698ae\" data-placement-status=\"ACTIVE\">\n<div class=\"sd-simple-text-ecf34c35-04ee-4d55-80f5-2b30c50127ca \">\n<div id=\"sd-simple-text-editable-ecf34c35-04ee-4d55-80f5-2b30c50127ca\" data-edit-mode=\"\">\n<p><span style=\"color: #222222 !important;\"><strong>Transplantieren Sie die neu gebildete Alveole\/Osteotomie einschlie\u00dflich des umliegenden Bereichs mit dem von Ihnen bevorzugten Knochenallotransplantatmaterial, vorzugsweise im Verh\u00e4ltnis 70\/30 Spongiosa\/Kortikalis.<\/strong> Verwenden Sie eine Membran und versuchen Sie, einen spannungsfreien Prim\u00e4rverschluss zu erreichen. Eine Heilungsphase von 3-6 Monaten einplanen.<\/span><\/p>\n<\/div>\n<\/div>\n<\/div>\n<p>[\/vc_column_text][\/vc_column_inner][vc_column_inner width=&#8220;1\/3&#8243;][vc_single_image image=&#8220;1234&#8243; img_size=&#8220;full&#8220;][\/vc_column_inner][\/vc_row_inner][vc_row_inner][vc_column_inner][vc_empty_space height=&#8220;50px&#8220;][\/vc_column_inner][\/vc_row_inner][vc_row_inner][vc_column_inner width=&#8220;2\/3&#8243;][vc_custom_heading text=&#8220;Schritt 5:&#8220; font_container=&#8220;tag:p|font_size:20|text_align:left|color:%23c4d600&#8243; use_theme_fonts=&#8220;yes&#8220;][vc_column_text]<\/p>\n<div data-widget-id=\"ecf34c35-04ee-4d55-80f5-2b30c50127ca\" data-placement-id=\"b03f79d3-5287-4d86-b88e-4d16ee2698ae\" data-placement-status=\"ACTIVE\">\n<div class=\"sd-simple-text-ecf34c35-04ee-4d55-80f5-2b30c50127ca \">\n<div id=\"sd-simple-text-editable-ecf34c35-04ee-4d55-80f5-2b30c50127ca\" data-edit-mode=\"\">\n<p><span style=\"color: #222222 !important;\">Wiedereintritt in die Stelle und Durchf\u00fchrung der Osseodensifikation zur Erleichterung der weiteren Expansion, falls erforderlich, und Einsetzen des Implantats. Verwenden Sie die Densah\u00ae-Bohrer in kleineren Inkrementen. Die Osteotomie darf im Oberkiefer nicht mehr als 0,5 mm &#8211; 0,7 mm und im Unterkiefer nicht mehr als 0,2 mm &#8211; 0,5 mm unterpr\u00e4pariert werden.<\/span><\/p>\n<\/div>\n<\/div>\n<\/div>\n<p>[\/vc_column_text][\/vc_column_inner][vc_column_inner width=&#8220;1\/3&#8243;][vc_single_image image=&#8220;1236&#8243; img_size=&#8220;full&#8220;][\/vc_column_inner][\/vc_row_inner][vc_row_inner][vc_column_inner][vc_empty_space height=&#8220;50px&#8220;][\/vc_column_inner][\/vc_row_inner][vc_row_inner][vc_column_inner width=&#8220;2\/3&#8243;][vc_custom_heading text=&#8220;Schritt 6:&#8220; font_container=&#8220;tag:p|font_size:20|text_align:left|color:%23c4d600&#8243; use_theme_fonts=&#8220;yes&#8220;][vc_column_text]<\/p>\n<div data-widget-id=\"ecf34c35-04ee-4d55-80f5-2b30c50127ca\" data-placement-id=\"b03f79d3-5287-4d86-b88e-4d16ee2698ae\" data-placement-status=\"ACTIVE\">\n<div class=\"sd-simple-text-ecf34c35-04ee-4d55-80f5-2b30c50127ca \">\n<div id=\"sd-simple-text-editable-ecf34c35-04ee-4d55-80f5-2b30c50127ca\" data-edit-mode=\"\">\n<p><span style=\"color: #222222 !important;\">Wenn der Chirurgiemotor zum Einsetzen des Implantats verwendet wird, kann das Ger\u00e4t bei Erreichen des maximalen Einsetzdrehmoments anhalten. Bringen Sie das Implantat mit einem Drehmomentschl\u00fcssel in der Tiefe an. Die Implantate mit dem richtigen Durchmesser sollten in den Behandlungsplan aufgenommen werden und zum Operationstermin zur Verf\u00fcgung stehen.<\/span><\/p>\n<\/div>\n<\/div>\n<\/div>\n<p>[\/vc_column_text][\/vc_column_inner][vc_column_inner width=&#8220;1\/3&#8243;][vc_single_image image=&#8220;1238&#8243; img_size=&#8220;full&#8220;][\/vc_column_inner][\/vc_row_inner][vc_row_inner][vc_column_inner][vc_empty_space height=&#8220;50px&#8220;][vc_single_image image=&#8220;1240&#8243; img_size=&#8220;full&#8220; alignment=&#8220;center&#8220;][vc_column_text]<\/p>\n<div data-widget-id=\"ecf34c35-04ee-4d55-80f5-2b30c50127ca\" data-placement-id=\"b03f79d3-5287-4d86-b88e-4d16ee2698ae\" data-placement-status=\"ACTIVE\">\n<div class=\"sd-simple-text-ecf34c35-04ee-4d55-80f5-2b30c50127ca \">\n<div id=\"sd-simple-text-editable-ecf34c35-04ee-4d55-80f5-2b30c50127ca\" data-edit-mode=\"\">\n<p style=\"text-align: center;\"><span style=\"color: #222222 !important;\">* Daten in den Akten, besuchen Sie versahinternational.com\/od-published-papers\/ f\u00fcr Studien \u00fcber gef\u00fchrte Expansionstransplantate<br \/>\n<strong>** Das Urteil und die Erfahrung des Arztes sollten in Verbindung mit diesem Protokoll f\u00fcr die klinische Praxis zur Anwendung kommen.<\/strong><\/span><\/p>\n<\/div>\n<\/div>\n<\/div>\n<p>[\/vc_column_text][\/vc_column_inner][\/vc_row_inner][\/vc_column][\/vc_row][vc_row][vc_column][vc_empty_space height=&#8220;100px&#8220;][vc_column_text]<\/p>\n<h6><span style=\"color: #808080;\"> 10894 REV00 zuletzt aktualisiert: 08\/2023<\/span><\/h6>\n<p>[\/vc_column_text][\/vc_column][\/vc_row]<\/p>\n<\/section>","protected":false},"excerpt":{"rendered":"<p>[vc_row][vc_column][vc_empty_space height=&#8220;100px&#8220;][vc_custom_heading text=&#8220;GEF\u00dcHRTES EXPANSIONSTRANSPLANTAT&#8220; font_container=&#8220;tag:p|font_size:35|text_align:center|color:%23c4d600&#8243; use_theme_fonts=&#8220;yes&#8220;][vc_btn title=&#8220;Download-Protokoll&#8220; style=&#8220;outline-custom&#8220; outline_custom_color=&#8220;#c4d600&#8243; outline_custom_hover_background=&#8220;#666666&#8243; outline_custom_hover_text=&#8220;#ffffff&#8220; size=&#8220;lg&#8220; align=&#8220;center&#8220; link=&#8220;url:https%3A%2F%2Fversahinternational.com%2Fwp-content%2Fuploads%2F2023%2F12%2FGerman_Guided-Expansion-Graft_11006-REV00-1.pdf|title:Protokoll%20zur%20erleichterten%20Kammausweitung&#8220;][vc_column_text] Bei F\u00e4llen mit einer anf\u00e4nglichen Kammbreite<\/p>\n<p><a href=\"https:\/\/versahinternational.com\/de\/klinische-vielseitigkeit\/gefuehrtes-expansionstransplantat-2-stufiges-augmentationsprotokoll\/\" class=\"more-link\">Continue reading<span class=\"screen-reader-text\">Gef\u00fchrtes Expansionstransplantat: 2-stufiges Augmentationsprotokoll<\/span><\/a><\/p>\n","protected":false},"author":2,"featured_media":0,"parent":11673,"menu_order":0,"comment_status":"closed","ping_status":"closed","template":"","meta":{"footnotes":""},"class_list":["post-11034","page","type-page","status-publish","hentry"],"jetpack_sharing_enabled":true,"_links":{"self":[{"href":"https:\/\/versahinternational.com\/de\/wp-json\/wp\/v2\/pages\/11034","targetHints":{"allow":["GET"]}}],"collection":[{"href":"https:\/\/versahinternational.com\/de\/wp-json\/wp\/v2\/pages"}],"about":[{"href":"https:\/\/versahinternational.com\/de\/wp-json\/wp\/v2\/types\/page"}],"author":[{"embeddable":true,"href":"https:\/\/versahinternational.com\/de\/wp-json\/wp\/v2\/users\/2"}],"replies":[{"embeddable":true,"href":"https:\/\/versahinternational.com\/de\/wp-json\/wp\/v2\/comments?post=11034"}],"version-history":[{"count":14,"href":"https:\/\/versahinternational.com\/de\/wp-json\/wp\/v2\/pages\/11034\/revisions"}],"predecessor-version":[{"id":17765,"href":"https:\/\/versahinternational.com\/de\/wp-json\/wp\/v2\/pages\/11034\/revisions\/17765"}],"up":[{"embeddable":true,"href":"https:\/\/versahinternational.com\/de\/wp-json\/wp\/v2\/pages\/11673"}],"wp:attachment":[{"href":"https:\/\/versahinternational.com\/de\/wp-json\/wp\/v2\/media?parent=11034"}],"curies":[{"name":"wp","href":"https:\/\/api.w.org\/{rel}","templated":true}]}}