{"id":11226,"date":"2023-07-18T18:13:41","date_gmt":"2023-07-18T18:13:41","guid":{"rendered":"https:\/\/versahinternational.com\/crestal-sinuslift-protokoll-i\/"},"modified":"2023-12-05T19:38:45","modified_gmt":"2023-12-05T19:38:45","slug":"crestal-sinuslift-protokoll-i","status":"publish","type":"page","link":"https:\/\/versahinternational.com\/de\/klinische-vielseitigkeit\/crestal-sinuslift-protokoll-i\/","title":{"rendered":"Crestal Sinuslift-Protokoll I"},"content":{"rendered":"<section class=\"wpb-content-wrapper\"><p>[vc_row][vc_column][vc_empty_space height=&#8220;100px&#8220;][vc_custom_heading text=&#8220;CRESTAL SINUSLIFT-PROTOKOLL I&#8220; font_container=&#8220;tag:p|font_size:35|text_align:center|color:%23c4d600&#8243; use_theme_fonts=&#8220;yes&#8220;][vc_btn title=&#8220;Download-Protokoll&#8220; style=&#8220;outline-custom&#8220; outline_custom_color=&#8220;#c4d600&#8243; outline_custom_hover_background=&#8220;#666666&#8243; outline_custom_hover_text=&#8220;#ffffff&#8220; size=&#8220;lg&#8220; align=&#8220;center&#8220; link=&#8220;url:https%3A%2F%2Fversahinternational.com%2Fwp-content%2Fuploads%2F2023%2F12%2FGerman_Sinus-Lift-I-11001REV00-2.pdf|title:Protokoll%20zur%20erleichterten%20Kammausweitung&#8220;][\/vc_column][\/vc_row][vc_row][vc_column css=&#8220;.vc_custom_1690307851554{background-color: #ffffff !important;}&#8220;][vc_column_text]<\/p>\n<div data-widget-id=\"ecf34c35-04ee-4d55-80f5-2b30c50127ca\" data-placement-id=\"b03f79d3-5287-4d86-b88e-4d16ee2698ae\" data-placement-status=\"ACTIVE\">\n<div class=\"sd-simple-text-ecf34c35-04ee-4d55-80f5-2b30c50127ca \">\n<div id=\"sd-simple-text-editable-ecf34c35-04ee-4d55-80f5-2b30c50127ca\" data-edit-mode=\"\">\n<p><span style=\"color: #c4d600 !important;\"><strong>\u00dcberblick: <\/strong><\/span><\/p>\n<\/div>\n<\/div>\n<\/div>\n<div data-widget-id=\"ebb0fe0c-d3bb-4469-819e-748e87ebe8d3\" data-placement-id=\"eb822ecd-15a8-4eb2-92d0-a209d804bd0a\" data-placement-status=\"ACTIVE\">\n<div class=\"sd-simple-text-ebb0fe0c-d3bb-4469-819e-748e87ebe8d3 \">\n<div id=\"sd-simple-text-editable-ebb0fe0c-d3bb-4469-819e-748e87ebe8d3\" data-edit-mode=\"\">\n<p><span style=\"color: #222222 !important;\">Mindestrestknochenh\u00f6he \u2265 6 mm. Erforderliche Mindestbreite der Alveolen = 4 mm<br \/>\nVerwenden Sie Densah\u00ae-Bohrer in vollen Schritten. Zum Beispiel: 2,0 mm, 3,0 mm, 4,0 mm, 5,0 mm.<\/span><\/p>\n<\/div>\n<\/div>\n<\/div>\n<p>[\/vc_column_text][vc_empty_space height=&#8220;50px&#8220;][vc_separator][vc_row_inner][vc_column_inner width=&#8220;2\/3&#8243;][vc_column_text]<\/p>\n<div data-widget-id=\"ecf34c35-04ee-4d55-80f5-2b30c50127ca\" data-placement-id=\"b03f79d3-5287-4d86-b88e-4d16ee2698ae\" data-placement-status=\"ACTIVE\">\n<div class=\"sd-simple-text-ecf34c35-04ee-4d55-80f5-2b30c50127ca \">\n<div id=\"sd-simple-text-editable-ecf34c35-04ee-4d55-80f5-2b30c50127ca\" data-edit-mode=\"\">\n<p><span style=\"color: #222222 !important;\">\u2022 MESSUNG DER KNOCHENH\u00d6HE ZUM SINUSBODEN<br \/>\n\u2022 PILOTBOHRUNG 1 MM UNTERHALB DES SINUSBODENS<br \/>\n\u2022 DENSAH\u00ae-BOHRER (2.0) IM OD-MODUS ZUM SINUSBODEN<br \/>\n\u2022 MIT DENSAH\u00ae-BOHRER (3.0) IM OD-MODUS BIS ZU 3 MM \u00dcBER DEN SINUSBODEN HINAUS EINDRINGEN<br \/>\n\u2022 DENSAH\u00ae-BOHRER (4.0), (5.0) OD-MODUS BIS ZU 3 MM \u00dcBER DEN SINUSBODEN HINAUS, FALLS ERFORDERLICH<br \/>\n\u2022 DENSAH\u00ae-BOHRER IN VOLLEN STUFEN VERWENDEN, Z.B.: 2,0 MM, 3,0 MM, 4,0 MM, 5,0 MM<\/span><\/p>\n<\/div>\n<\/div>\n<\/div>\n<p>[\/vc_column_text][\/vc_column_inner][vc_column_inner width=&#8220;1\/3&#8243;][vc_single_image image=&#8220;1136&#8243; img_size=&#8220;full&#8220;][\/vc_column_inner][\/vc_row_inner][vc_row_inner][vc_column_inner][vc_separator][vc_empty_space height=&#8220;50px&#8220;][\/vc_column_inner][\/vc_row_inner][vc_row_inner][vc_column_inner width=&#8220;2\/3&#8243;][vc_custom_heading text=&#8220;Schritt 1:&#8220; font_container=&#8220;tag:p|font_size:20|text_align:left|color:%23c4d600&#8243; use_theme_fonts=&#8220;yes&#8220;][vc_column_text]<\/p>\n<div data-widget-id=\"ecf34c35-04ee-4d55-80f5-2b30c50127ca\" data-placement-id=\"b03f79d3-5287-4d86-b88e-4d16ee2698ae\" data-placement-status=\"ACTIVE\">\n<div class=\"sd-simple-text-ecf34c35-04ee-4d55-80f5-2b30c50127ca \">\n<div id=\"sd-simple-text-editable-ecf34c35-04ee-4d55-80f5-2b30c50127ca\" data-edit-mode=\"\">\n<p><span style=\"color: #222222 !important;\"><strong> Messen Sie die Knochenh\u00f6he bis zum Sinusboden.<\/strong> Klappen Sie das weiche Gewebe mit den normalerweise verwendeten Instrumenten und Techniken.<\/span><\/p>\n<\/div>\n<\/div>\n<\/div>\n<p>[\/vc_column_text][\/vc_column_inner][vc_column_inner width=&#8220;1\/3&#8243;][vc_single_image image=&#8220;1138&#8243; img_size=&#8220;full&#8220;][\/vc_column_inner][\/vc_row_inner][vc_row_inner][vc_column_inner][vc_empty_space height=&#8220;50px&#8220;][\/vc_column_inner][\/vc_row_inner][vc_row_inner][vc_column_inner width=&#8220;2\/3&#8243;][vc_custom_heading text=&#8220;Schritt 2:&#8220; font_container=&#8220;tag:p|font_size:20|text_align:left|color:%23c4d600&#8243; use_theme_fonts=&#8220;yes&#8220;][vc_column_text]<\/p>\n<div data-widget-id=\"ecf34c35-04ee-4d55-80f5-2b30c50127ca\" data-placement-id=\"b03f79d3-5287-4d86-b88e-4d16ee2698ae\" data-placement-status=\"ACTIVE\">\n<div class=\"sd-simple-text-ecf34c35-04ee-4d55-80f5-2b30c50127ca \">\n<div id=\"sd-simple-text-editable-ecf34c35-04ee-4d55-80f5-2b30c50127ca\" data-edit-mode=\"\">\n<p><span style=\"color: #222222 !important;\"><strong>Pilotbohrung 1 mm unterhalb des Sinusbodens.<\/strong> In F\u00e4llen, in denen die posteriore Resth\u00f6he des Alveolarkamms \u2265 6,0 mm ist und eine zus\u00e4tzliche vertikale Tiefe gew\u00fcnscht wird, bohren Sie mit einem Pilotbohrer (Bohrerdrehzahl im Uhrzeigersinn 800-1500 U\/min mit reichlicher Sp\u00fclung) bis zur ermittelten Tiefe innerhalb einer ungef\u00e4hren Sicherheitszone von 1,0 mm vom Sinusboden. Best\u00e4tigen Sie die Position des Pilotbohrers mit einer R\u00f6ntgenaufnahme.<\/span><\/p>\n<\/div>\n<\/div>\n<\/div>\n<p>[\/vc_column_text][\/vc_column_inner][vc_column_inner width=&#8220;1\/3&#8243;][vc_single_image image=&#8220;1140&#8243; img_size=&#8220;full&#8220;][\/vc_column_inner][\/vc_row_inner][vc_row_inner][vc_column_inner][vc_empty_space height=&#8220;50px&#8220;][\/vc_column_inner][\/vc_row_inner][vc_row_inner][vc_column_inner width=&#8220;2\/3&#8243;][vc_custom_heading text=&#8220;Schritt 3:&#8220; font_container=&#8220;tag:p|font_size:20|text_align:left|color:%23c4d600&#8243; use_theme_fonts=&#8220;yes&#8220;][vc_column_text]<\/p>\n<div data-widget-id=\"ecf34c35-04ee-4d55-80f5-2b30c50127ca\" data-placement-id=\"b03f79d3-5287-4d86-b88e-4d16ee2698ae\" data-placement-status=\"ACTIVE\">\n<div class=\"sd-simple-text-ecf34c35-04ee-4d55-80f5-2b30c50127ca \">\n<div id=\"sd-simple-text-editable-ecf34c35-04ee-4d55-80f5-2b30c50127ca\" data-edit-mode=\"\">\n<p><span style=\"color: #222222 !important;\"><strong>Densah\u00ae-Bohrer (2,0) OD-Modus bis zum Sinusboden.<\/strong> Je nach Implantattyp und dem f\u00fcr die Stelle gew\u00e4hlten Durchmesser wird mit dem schmalsten Densah\u00ae-Bohrer (2,0) begonnen. Schalten Sie den Chirurgiemotor in den Modus \u201eR\u00fcckw\u00e4rtsverdichten\u201c um (Bohrgeschwindigkeit gegen den Uhrzeigersinn 800-1500 U\/min mit reichlich Sp\u00fclung). Beginnen Sie mit dem Einf\u00fchren des Bohrers in die Osteotomie. Wenn Sie das haptische Feedback sp\u00fcren, dass der Bohrer den dichten Sinusboden erreicht, halten Sie an und best\u00e4tigen Sie die erste vertikale Position des Densah\u00ae-Bohrers mit einem R\u00f6ntgenbild.<\/span><\/p>\n<\/div>\n<\/div>\n<\/div>\n<p>[\/vc_column_text][\/vc_column_inner][vc_column_inner width=&#8220;1\/3&#8243;][vc_single_image image=&#8220;1142&#8243; img_size=&#8220;full&#8220;][\/vc_column_inner][\/vc_row_inner][vc_row_inner][vc_column_inner][vc_empty_space height=&#8220;50px&#8220;][\/vc_column_inner][\/vc_row_inner][vc_row_inner][vc_column_inner width=&#8220;2\/3&#8243;][vc_custom_heading text=&#8220;Schritt 4:&#8220; font_container=&#8220;tag:p|font_size:20|text_align:left|color:%23c4d600&#8243; use_theme_fonts=&#8220;yes&#8220;][vc_column_text]<\/p>\n<div data-widget-id=\"ecf34c35-04ee-4d55-80f5-2b30c50127ca\" data-placement-id=\"b03f79d3-5287-4d86-b88e-4d16ee2698ae\" data-placement-status=\"ACTIVE\">\n<div class=\"sd-simple-text-ecf34c35-04ee-4d55-80f5-2b30c50127ca \">\n<div id=\"sd-simple-text-editable-ecf34c35-04ee-4d55-80f5-2b30c50127ca\" data-edit-mode=\"\">\n<p><span style=\"color: #222222 !important;\"><strong>Mit dem Densah\u00ae-Bohrer (3.0) im OD-Modus bis zu 3 mm \u00fcber den Sinusboden hinaus eindringen.<\/strong> Verwenden Sie den n\u00e4chst breiteren Densah\u00ae-Bohrer (3.0) im Verdichtungsmodus (Bohrgeschwindigkeit gegen den Uhrzeigersinn 800-1500 U\/min mit reichlich Sp\u00fclung) und f\u00fchren Sie ihn mit modulierendem Druck und einer Pumpbewegung in die zuvor geschaffene Osteotomie ein. Wenn Sie die haptische R\u00fcckmeldung sp\u00fcren, dass der Bohrer den dichten Sinusboden erreicht, modulieren Sie den Druck mit einer sanften Pumpbewegung, um den Sinusboden in 1-mm-Schritten zu passieren. <strong>Das maximal m\u00f6gliche Vorschieben \u00fcber den Sinusboden hinaus darf in keinem Stadium 3 mm \u00fcberschreiten.<\/strong> Wenn der n\u00e4chst breitere Densah\u00ae-Bohrer in der Osteotomie voranschreitet, wird zus\u00e4tzlicher autogener Knochen in Richtung des apikalen Endes geschoben, um zus\u00e4tzliche vertikale Tiefe und einen maximalen Membranlift von 3,0 mm zu erreichen. Best\u00e4tigen Sie die vertikale Position des Bohrers mit einer R\u00f6ntgenaufnahme<\/span><\/p>\n<\/div>\n<\/div>\n<\/div>\n<p>[\/vc_column_text][\/vc_column_inner][vc_column_inner width=&#8220;1\/3&#8243;][vc_single_image image=&#8220;1144&#8243; img_size=&#8220;full&#8220;][\/vc_column_inner][\/vc_row_inner][vc_row_inner][vc_column_inner][vc_empty_space height=&#8220;50px&#8220;][\/vc_column_inner][\/vc_row_inner][vc_row_inner][vc_column_inner width=&#8220;2\/3&#8243;][vc_custom_heading text=&#8220;Schritt 5:&#8220; font_container=&#8220;tag:p|font_size:20|text_align:left|color:%23c4d600&#8243; use_theme_fonts=&#8220;yes&#8220;][vc_column_text]<\/p>\n<div data-widget-id=\"ecf34c35-04ee-4d55-80f5-2b30c50127ca\" data-placement-id=\"b03f79d3-5287-4d86-b88e-4d16ee2698ae\" data-placement-status=\"ACTIVE\">\n<div class=\"sd-simple-text-ecf34c35-04ee-4d55-80f5-2b30c50127ca \">\n<div id=\"sd-simple-text-editable-ecf34c35-04ee-4d55-80f5-2b30c50127ca\" data-edit-mode=\"\">\n<p><span style=\"color: #222222 !important;\"><strong>Implantat platzieren.<\/strong> Setzen Sie das Implantat in die Osteotomie ein. Wenn der Chirurgiemotor zum Einsetzen des Implantats verwendet wird, kann das Ger\u00e4t bei Erreichen des maximalen Einsetzdrehmoments anhalten. Setzen Sie das Implantat mit einem Ratschenschl\u00fcssel mit Drehmomentanzeige in die Tiefe.<\/span><\/p>\n<\/div>\n<\/div>\n<\/div>\n<p>[\/vc_column_text][\/vc_column_inner][vc_column_inner width=&#8220;1\/3&#8243;][vc_single_image image=&#8220;1146&#8243; img_size=&#8220;full&#8220;][\/vc_column_inner][\/vc_row_inner][vc_row_inner][vc_column_inner][vc_column_text]<\/p>\n<div data-widget-id=\"ecf34c35-04ee-4d55-80f5-2b30c50127ca\" data-placement-id=\"b03f79d3-5287-4d86-b88e-4d16ee2698ae\" data-placement-status=\"ACTIVE\">\n<div class=\"sd-simple-text-ecf34c35-04ee-4d55-80f5-2b30c50127ca \">\n<div id=\"sd-simple-text-editable-ecf34c35-04ee-4d55-80f5-2b30c50127ca\" data-edit-mode=\"\">\n<p style=\"text-align: center;\"><span style=\"color: #222222 !important;\">* Daten in den Akten, besuchen Sie versahinternational.com\/od-published-papers\/ f\u00fcr Kammexpansions-Studien<br \/>\n<strong>** Das Urteil und die Erfahrung des Arztes sollten in Verbindung mit diesem Protokoll f\u00fcr die klinische Praxis zur Anwendung kommen.<\/strong><\/span><\/p>\n<\/div>\n<\/div>\n<\/div>\n<p>[\/vc_column_text][\/vc_column_inner][\/vc_row_inner][\/vc_column][\/vc_row][vc_row][vc_column][vc_empty_space height=&#8220;100px&#8220;][vc_column_text]<\/p>\n<h6><span style=\"color: #808080;\">10889 REV00 zuletzt aktualisiert: 08\/2023<\/span><\/h6>\n<p>[\/vc_column_text][\/vc_column][\/vc_row]<\/p>\n<\/section>","protected":false},"excerpt":{"rendered":"<p>[vc_row][vc_column][vc_empty_space height=&#8220;100px&#8220;][vc_custom_heading text=&#8220;CRESTAL SINUSLIFT-PROTOKOLL I&#8220; font_container=&#8220;tag:p|font_size:35|text_align:center|color:%23c4d600&#8243; use_theme_fonts=&#8220;yes&#8220;][vc_btn title=&#8220;Download-Protokoll&#8220; style=&#8220;outline-custom&#8220; outline_custom_color=&#8220;#c4d600&#8243; outline_custom_hover_background=&#8220;#666666&#8243; outline_custom_hover_text=&#8220;#ffffff&#8220; size=&#8220;lg&#8220; align=&#8220;center&#8220; link=&#8220;url:https%3A%2F%2Fversahinternational.com%2Fwp-content%2Fuploads%2F2023%2F12%2FGerman_Sinus-Lift-I-11001REV00-2.pdf|title:Protokoll%20zur%20erleichterten%20Kammausweitung&#8220;][\/vc_column][\/vc_row][vc_row][vc_column css=&#8220;.vc_custom_1690307851554{background-color: #ffffff !important;}&#8220;][vc_column_text] \u00dcberblick: Mindestrestknochenh\u00f6he<\/p>\n<p><a href=\"https:\/\/versahinternational.com\/de\/klinische-vielseitigkeit\/crestal-sinuslift-protokoll-i\/\" class=\"more-link\">Continue reading<span class=\"screen-reader-text\">Crestal Sinuslift-Protokoll I<\/span><\/a><\/p>\n","protected":false},"author":2,"featured_media":0,"parent":11673,"menu_order":0,"comment_status":"closed","ping_status":"closed","template":"","meta":{"footnotes":""},"class_list":["post-11226","page","type-page","status-publish","hentry"],"jetpack_sharing_enabled":true,"_links":{"self":[{"href":"https:\/\/versahinternational.com\/de\/wp-json\/wp\/v2\/pages\/11226","targetHints":{"allow":["GET"]}}],"collection":[{"href":"https:\/\/versahinternational.com\/de\/wp-json\/wp\/v2\/pages"}],"about":[{"href":"https:\/\/versahinternational.com\/de\/wp-json\/wp\/v2\/types\/page"}],"author":[{"embeddable":true,"href":"https:\/\/versahinternational.com\/de\/wp-json\/wp\/v2\/users\/2"}],"replies":[{"embeddable":true,"href":"https:\/\/versahinternational.com\/de\/wp-json\/wp\/v2\/comments?post=11226"}],"version-history":[{"count":12,"href":"https:\/\/versahinternational.com\/de\/wp-json\/wp\/v2\/pages\/11226\/revisions"}],"predecessor-version":[{"id":17852,"href":"https:\/\/versahinternational.com\/de\/wp-json\/wp\/v2\/pages\/11226\/revisions\/17852"}],"up":[{"embeddable":true,"href":"https:\/\/versahinternational.com\/de\/wp-json\/wp\/v2\/pages\/11673"}],"wp:attachment":[{"href":"https:\/\/versahinternational.com\/de\/wp-json\/wp\/v2\/media?parent=11226"}],"curies":[{"name":"wp","href":"https:\/\/api.w.org\/{rel}","templated":true}]}}