{"id":11326,"date":"2023-07-18T18:13:53","date_gmt":"2023-07-18T18:13:53","guid":{"rendered":"https:\/\/versahinternational.com\/crestal-sinuslift-protokoll-ii\/"},"modified":"2023-12-04T21:07:08","modified_gmt":"2023-12-04T21:07:08","slug":"crestal-sinuslift-protokoll-ii","status":"publish","type":"page","link":"https:\/\/versahinternational.com\/de\/klinische-vielseitigkeit\/crestal-sinuslift-protokoll-ii\/","title":{"rendered":"Crestal Sinuslift-Protokoll II"},"content":{"rendered":"<section class=\"wpb-content-wrapper\"><p>[vc_row][vc_column][vc_empty_space height=&#8220;100px&#8220;][vc_custom_heading text=&#8220;CRESTAL SINUSLIFT-PROTOKOLL II&#8220; font_container=&#8220;tag:p|font_size:35|text_align:center|color:%23c4d600&#8243; use_theme_fonts=&#8220;yes&#8220;][vc_btn title=&#8220;Download-Protokoll&#8220; style=&#8220;outline-custom&#8220; outline_custom_color=&#8220;#c4d600&#8243; outline_custom_hover_background=&#8220;#666666&#8243; outline_custom_hover_text=&#8220;#ffffff&#8220; size=&#8220;lg&#8220; align=&#8220;center&#8220; link=&#8220;url:https%3A%2F%2Fversahinternational.com%2Fwp-content%2Fuploads%2F2023%2F12%2FGerman-Protocol-Sinus-Lift-II-11002REV00-1.pdf|title:Protokoll%20zur%20erleichterten%20Kammausweitung&#8220;][\/vc_column][\/vc_row][vc_row][vc_column css=&#8220;.vc_custom_1690308635247{background-color: #ffffff !important;}&#8220;][vc_column_text]<\/p>\n<div data-widget-id=\"ecf34c35-04ee-4d55-80f5-2b30c50127ca\" data-placement-id=\"b03f79d3-5287-4d86-b88e-4d16ee2698ae\" data-placement-status=\"ACTIVE\">\n<div class=\"sd-simple-text-ecf34c35-04ee-4d55-80f5-2b30c50127ca \">\n<div id=\"sd-simple-text-editable-ecf34c35-04ee-4d55-80f5-2b30c50127ca\" data-edit-mode=\"\">\n<p><span style=\"color: #c4d600 !important;\"><strong>\u00dcberblick: <\/strong><\/span><\/p>\n<\/div>\n<\/div>\n<\/div>\n<div data-widget-id=\"ebb0fe0c-d3bb-4469-819e-748e87ebe8d3\" data-placement-id=\"eb822ecd-15a8-4eb2-92d0-a209d804bd0a\" data-placement-status=\"ACTIVE\">\n<div class=\"sd-simple-text-ebb0fe0c-d3bb-4469-819e-748e87ebe8d3 \">\n<div id=\"sd-simple-text-editable-ebb0fe0c-d3bb-4469-819e-748e87ebe8d3\" data-edit-mode=\"\">\n<p><span style=\"color: #222222 !important;\">Mindestrestknochenh\u00f6he 4-5 mm. Erforderliche Mindestbreite der Alveolen = 5 mm<br \/>\nVerwenden Sie Densah\u00ae-Bohrer in vollen Schritten. Zum Beispiel: 2,0 mm, 3,0 mm, 4,0 mm, 5,0 mm.<\/span><\/p>\n<\/div>\n<\/div>\n<\/div>\n<p>[\/vc_column_text][vc_empty_space height=&#8220;50px&#8220;][vc_separator][vc_column_text]<\/p>\n<div data-widget-id=\"ecf34c35-04ee-4d55-80f5-2b30c50127ca\" data-placement-id=\"b03f79d3-5287-4d86-b88e-4d16ee2698ae\" data-placement-status=\"ACTIVE\">\n<div class=\"sd-simple-text-ecf34c35-04ee-4d55-80f5-2b30c50127ca \">\n<div id=\"sd-simple-text-editable-ecf34c35-04ee-4d55-80f5-2b30c50127ca\" data-edit-mode=\"\"><\/div>\n<\/div>\n<\/div>\n<div data-widget-id=\"ebb0fe0c-d3bb-4469-819e-748e87ebe8d3\" data-placement-id=\"eb822ecd-15a8-4eb2-92d0-a209d804bd0a\" data-placement-status=\"ACTIVE\">\n<div class=\"sd-simple-text-ebb0fe0c-d3bb-4469-819e-748e87ebe8d3 \">\n<div id=\"sd-simple-text-editable-ebb0fe0c-d3bb-4469-819e-748e87ebe8d3\" data-edit-mode=\"\">\n<p><span style=\"color: #222222 !important;\">\u2022 MESSUNG DER KNOCHENH\u00d6HE ZUM SINUSBODEN<br \/>\n\u2022 DIE VERWENDUNG EINES PILOTBOHRERS VERMEIDEN<br \/>\n\u2022 DENSAH\u00ae-BOHRER (2.0) OD-MODUS ZUM SINUSBODEN<br \/>\n\u2022 MIT DENSAH\u00ae-BOHRER (3.0) OD-MODUS BIS ZU 3 MM \u00dcBER DEN SINUSBODEN HINAUS EINDRINGEN<br \/>\n\u2022 DENSAH\u00ae-BOHRER (4,0), (5,0) OD-MODUS BIS ZU 3 MM \u00dcBER DEN SINUSBODEN HINAUS, UM DIE OSTEOTOMIE WEITER ZU EXPANDIEREN<br \/>\n\u2022 DENSAH\u00ae-BOHRER IN VOLLEN STUFEN VERWENDEN, Z.B.: 2,0 MM, 3,0 MM, 4,0 MM, 5,0 MM<br \/>\n\u2022 VERWENDEN SIE DEN LETZTEN DENSAH\u00ae-BOHRER BEI NIEDRIGER GESCHWINDIGKEIT, UM DAS GUT HYDRATISIERTE ALLOGRAFT SANFT VORZUTREIBEN<\/span><\/p>\n<\/div>\n<\/div>\n<\/div>\n<p>[\/vc_column_text][vc_separator][vc_row_inner][vc_column_inner][vc_empty_space height=&#8220;70px&#8220;][\/vc_column_inner][\/vc_row_inner][vc_row_inner][vc_column_inner width=&#8220;2\/3&#8243;][vc_custom_heading text=&#8220;Schritt 1:&#8220; font_container=&#8220;tag:p|font_size:20|text_align:left|color:%23c4d600&#8243; use_theme_fonts=&#8220;yes&#8220;][vc_column_text]<\/p>\n<div data-widget-id=\"ecf34c35-04ee-4d55-80f5-2b30c50127ca\" data-placement-id=\"b03f79d3-5287-4d86-b88e-4d16ee2698ae\" data-placement-status=\"ACTIVE\">\n<div class=\"sd-simple-text-ecf34c35-04ee-4d55-80f5-2b30c50127ca \">\n<div id=\"sd-simple-text-editable-ecf34c35-04ee-4d55-80f5-2b30c50127ca\" data-edit-mode=\"\">\n<p><span style=\"color: #222222 !important;\"><strong>Messen Sie die Knochenh\u00f6he bis zum Sinusboden.<\/strong> Klappen Sie das weiche Gewebe mit den normalerweise verwendeten Instrumenten und Techniken.<\/span><\/p>\n<\/div>\n<\/div>\n<\/div>\n<p>[\/vc_column_text][\/vc_column_inner][vc_column_inner width=&#8220;1\/3&#8243;][vc_single_image image=&#8220;1159&#8243; img_size=&#8220;full&#8220;][\/vc_column_inner][\/vc_row_inner][vc_row_inner][vc_column_inner][vc_empty_space height=&#8220;50px&#8220;][\/vc_column_inner][\/vc_row_inner][vc_row_inner][vc_column_inner width=&#8220;2\/3&#8243;][vc_custom_heading text=&#8220;Schritt 2:&#8220; font_container=&#8220;tag:p|font_size:20|text_align:left|color:%23c4d600&#8243; use_theme_fonts=&#8220;yes&#8220;][vc_column_text]<\/p>\n<div data-widget-id=\"ecf34c35-04ee-4d55-80f5-2b30c50127ca\" data-placement-id=\"b03f79d3-5287-4d86-b88e-4d16ee2698ae\" data-placement-status=\"ACTIVE\">\n<div class=\"sd-simple-text-ecf34c35-04ee-4d55-80f5-2b30c50127ca \">\n<div id=\"sd-simple-text-editable-ecf34c35-04ee-4d55-80f5-2b30c50127ca\" data-edit-mode=\"\">\n<p><span style=\"color: #222222 !important;\"><strong>Densah\u00ae-Bohrer (2,0) OD Modus bis zum Sinusboden.<\/strong> Vermeiden Sie die Verwendung eines Pilotbohrers. Je nach Implantattyp und dem f\u00fcr die Stelle gew\u00e4hlten Durchmesser wird mit dem schmalsten Densah\u00ae-Bohrer (2,0) begonnen. Schalten Sie den Chirurgiemotor auf R\u00fcckw\u00e4rtsgang (Bohrgeschwindigkeit gegen den Uhrzeigersinn 800-1500 U\/min &#8211; Verdichtungsmodus mit reichlicher Sp\u00fclung). F\u00fchren Sie den Bohrer in die Osteotomie ein, bis Sie den dichten Sinusboden erreichen. Best\u00e4tigen Sie die Position des Bohrers mit einer R\u00f6ntgenaufnahme.<\/span><\/p>\n<\/div>\n<\/div>\n<\/div>\n<p>[\/vc_column_text][\/vc_column_inner][vc_column_inner width=&#8220;1\/3&#8243;][vc_single_image image=&#8220;1161&#8243; img_size=&#8220;full&#8220;][\/vc_column_inner][\/vc_row_inner][vc_row_inner][vc_column_inner][vc_empty_space height=&#8220;50px&#8220;][\/vc_column_inner][\/vc_row_inner][vc_row_inner][vc_column_inner width=&#8220;2\/3&#8243;][vc_custom_heading text=&#8220;Schritt 3:&#8220; font_container=&#8220;tag:p|font_size:20|text_align:left|color:%23c4d600&#8243; use_theme_fonts=&#8220;yes&#8220;][vc_column_text]<\/p>\n<div data-widget-id=\"ecf34c35-04ee-4d55-80f5-2b30c50127ca\" data-placement-id=\"b03f79d3-5287-4d86-b88e-4d16ee2698ae\" data-placement-status=\"ACTIVE\">\n<div class=\"sd-simple-text-ecf34c35-04ee-4d55-80f5-2b30c50127ca \">\n<div id=\"sd-simple-text-editable-ecf34c35-04ee-4d55-80f5-2b30c50127ca\" data-edit-mode=\"\">\n<p><span style=\"color: #222222 !important;\"><strong>Mit dem Densah\u00ae-Bohrer (3,0) im OD-Modus bis zu 3 mm \u00fcber den Sinusboden hinaus eindringen.<\/strong> Verwenden Sie den n\u00e4chstbreiteren Densah\u00ae-Bohrer (3.0) und schieben Sie sie mit modulierendem Druck und einer pumpenden Bewegung in die zuvor geschaffene Osteotomie. Wenn Sie die haptische R\u00fcckmeldung sp\u00fcren, dass der Bohrer den dichten Sinusboden erreicht, modulieren Sie den Druck mit einer pumpenden Bewegung, um in 1-mm-Schritten bis zu 3 mm \u00fcber den Sinusboden hinaus vorzusto\u00dfen. Das maximale Vorschieben des Bohrers \u00fcber den Sinusboden hinaus darf in keinem Stadium 3 mm \u00fcberschreiten. <strong>Die max. Vordringtiefe \u00fcber den Sinusboden hinaus darf in keinem Fall 3 mm \u00fcberschreiten.<\/strong> Der Bohrer wird in Richtung des apikalen Endes geschoben und beginnt, die Membran und den autotransplantierten, verdichteten Knochen sanft bis zu 3 mm anzuheben. Best\u00e4tigen Sie die vertikale Position des Bohrers mit einer R\u00f6ntgenaufnahme.<\/span><\/p>\n<\/div>\n<\/div>\n<\/div>\n<p>[\/vc_column_text][\/vc_column_inner][vc_column_inner width=&#8220;1\/3&#8243;][vc_single_image image=&#8220;1163&#8243; img_size=&#8220;full&#8220;][\/vc_column_inner][\/vc_row_inner][vc_row_inner][vc_column_inner][vc_empty_space height=&#8220;50px&#8220;][\/vc_column_inner][\/vc_row_inner][vc_row_inner][vc_column_inner width=&#8220;2\/3&#8243;][vc_custom_heading text=&#8220;Schritt 4:&#8220; font_container=&#8220;tag:p|font_size:20|text_align:left|color:%23c4d600&#8243; use_theme_fonts=&#8220;yes&#8220;][vc_column_text]<\/p>\n<div data-widget-id=\"ecf34c35-04ee-4d55-80f5-2b30c50127ca\" data-placement-id=\"b03f79d3-5287-4d86-b88e-4d16ee2698ae\" data-placement-status=\"ACTIVE\">\n<div class=\"sd-simple-text-ecf34c35-04ee-4d55-80f5-2b30c50127ca \">\n<div id=\"sd-simple-text-editable-ecf34c35-04ee-4d55-80f5-2b30c50127ca\" data-edit-mode=\"\">\n<p><span style=\"color: #222222 !important;\"><strong>Densah-Bohrer (4,0), (5,0) OD-Modus bis zu 3 mm \u00fcber den Sinusboden hinaus.<\/strong> Verwenden Sie die sequenziell breiteren Densah\u00ae-Bohrer im Verdichtungsmodus (Bohrerdrehzahl gegen den Uhrzeigersinn 800-1500 U\/min) mit reichlicher Sp\u00fclung mit Pumpbewegung, um eine zus\u00e4tzliche Breite mit einem maximalen Membranlift von 3 mm (in 1-mm-Schritten) zu erreichen, um die endg\u00fcltige gew\u00fcnschte Breite f\u00fcr die Implantation zu erzielen. <strong>Densah\u00ae-Bohrer d\u00fcrfen unabh\u00e4ngig vom Durchmesser des Densah\u00ae-Bohrers zu keinem Zeitpunkt mehr als 3 mm \u00fcber den Sinusboden hinausragen.<\/strong><\/span><\/p>\n<\/div>\n<\/div>\n<\/div>\n<p>[\/vc_column_text][\/vc_column_inner][vc_column_inner width=&#8220;1\/3&#8243;][vc_single_image image=&#8220;1165&#8243; img_size=&#8220;full&#8220;][\/vc_column_inner][\/vc_row_inner][vc_row_inner][vc_column_inner][vc_empty_space height=&#8220;50px&#8220;][\/vc_column_inner][\/vc_row_inner][vc_row_inner][vc_column_inner width=&#8220;2\/3&#8243;][vc_custom_heading text=&#8220;Schritt 5:&#8220; font_container=&#8220;tag:p|font_size:20|text_align:left|color:%23c4d600&#8243; use_theme_fonts=&#8220;yes&#8220;][vc_column_text]<\/p>\n<div data-widget-id=\"ecf34c35-04ee-4d55-80f5-2b30c50127ca\" data-placement-id=\"b03f79d3-5287-4d86-b88e-4d16ee2698ae\" data-placement-status=\"ACTIVE\">\n<div class=\"sd-simple-text-ecf34c35-04ee-4d55-80f5-2b30c50127ca \">\n<div id=\"sd-simple-text-editable-ecf34c35-04ee-4d55-80f5-2b30c50127ca\" data-edit-mode=\"\">\n<p><span style=\"color: #222222 !important;\"><strong>Allograft vorantreiben.<\/strong><br \/>\nNach Erreichen des endg\u00fcltigen geplanten Osteotomiedurchmessers die Osteotomie mit einem gut hydratisierten, haupts\u00e4chlich spongi\u00f6sen Allotransplantat f\u00fcllen. Verwenden Sie den letzten in Schritt 4 verwendeten Densah\u00ae-Bohrer im Verdichtungsmodus (gegen den Uhrzeigersinn) mit niedriger Geschwindigkeit <strong>(150-200 U\/min) und ohne Sp\u00fclung<\/strong>, um das Allograft in den Sinus zu treiben. Der Densah\u00ae-Bohrer darf die Verdichtung des Allotransplantats nur erleichtern, um die Sinusmembran weiter anzuheben, und nicht mehr als 2-3 mm \u00fcber den Sinusboden hinausgehen. Wiederholen Sie den Schritt des Vorschiebens des Transplantats, um je nach Implantatl\u00e4nge einen zus\u00e4tzlichen Membranlift zu erm\u00f6glichen.<\/span><\/p>\n<\/div>\n<\/div>\n<\/div>\n<p>[\/vc_column_text][\/vc_column_inner][vc_column_inner width=&#8220;1\/3&#8243;][vc_single_image image=&#8220;1167&#8243; img_size=&#8220;full&#8220;][\/vc_column_inner][\/vc_row_inner][vc_row_inner][vc_column_inner][vc_empty_space height=&#8220;50px&#8220;][\/vc_column_inner][\/vc_row_inner][vc_row_inner][vc_column_inner width=&#8220;2\/3&#8243;][vc_custom_heading text=&#8220;Schritt 6:&#8220; font_container=&#8220;tag:p|font_size:20|text_align:left|color:%23c4d600&#8243; use_theme_fonts=&#8220;yes&#8220;][vc_column_text]<\/p>\n<div data-widget-id=\"ecf34c35-04ee-4d55-80f5-2b30c50127ca\" data-placement-id=\"b03f79d3-5287-4d86-b88e-4d16ee2698ae\" data-placement-status=\"ACTIVE\">\n<div class=\"sd-simple-text-ecf34c35-04ee-4d55-80f5-2b30c50127ca \">\n<div id=\"sd-simple-text-editable-ecf34c35-04ee-4d55-80f5-2b30c50127ca\" data-edit-mode=\"\">\n<p><span style=\"color: #222222 !important;\"><strong>Implantat platzieren.<\/strong><br \/>\nSetzen Sie das Implantat in die Osteotomie ein. Wenn der Chirurgiemotor zum Einsetzen des Implantats verwendet wird, kann das Ger\u00e4t bei Erreichen des maximalen Einsetzdrehmoments anhalten. Bringen Sie das Implantat mit einem Drehmomentschl\u00fcssel in der Tiefe an.<\/span><\/p>\n<\/div>\n<\/div>\n<\/div>\n<p>[\/vc_column_text][\/vc_column_inner][vc_column_inner width=&#8220;1\/3&#8243;][vc_single_image image=&#8220;1169&#8243; img_size=&#8220;full&#8220;][\/vc_column_inner][\/vc_row_inner][vc_row_inner][vc_column_inner][vc_single_image image=&#8220;1157&#8243; img_size=&#8220;full&#8220; alignment=&#8220;center&#8220;][\/vc_column_inner][\/vc_row_inner][vc_row_inner][vc_column_inner][vc_column_text]<\/p>\n<div data-widget-id=\"ecf34c35-04ee-4d55-80f5-2b30c50127ca\" data-placement-id=\"b03f79d3-5287-4d86-b88e-4d16ee2698ae\" data-placement-status=\"ACTIVE\">\n<div class=\"sd-simple-text-ecf34c35-04ee-4d55-80f5-2b30c50127ca \">\n<div id=\"sd-simple-text-editable-ecf34c35-04ee-4d55-80f5-2b30c50127ca\" data-edit-mode=\"\">\n<p style=\"text-align: center;\"><span style=\"color: #222222 !important;\">* Daten in den Akten, besuchen Sie versahinternational.com\/od-published-papers\/ f\u00fcr Studien \u00fcber Kieferh\u00f6hlentransplantate<br \/>\n<strong>** Das Urteil und die Erfahrung des Arztes sollten in Verbindung mit diesem Protokoll f\u00fcr die klinische Praxis zur Anwendung kommen.<\/strong><\/span><\/p>\n<\/div>\n<\/div>\n<\/div>\n<p>[\/vc_column_text][\/vc_column_inner][\/vc_row_inner][\/vc_column][\/vc_row][vc_row][vc_column][vc_empty_space height=&#8220;100px&#8220;][vc_column_text]<\/p>\n<h6><span style=\"color: #808080;\"> 10890 REV00 zuletzt aktualisiert: 08\/2023<\/span><\/h6>\n<p>[\/vc_column_text][\/vc_column][\/vc_row]<\/p>\n<\/section>","protected":false},"excerpt":{"rendered":"<p>[vc_row][vc_column][vc_empty_space height=&#8220;100px&#8220;][vc_custom_heading text=&#8220;CRESTAL SINUSLIFT-PROTOKOLL II&#8220; font_container=&#8220;tag:p|font_size:35|text_align:center|color:%23c4d600&#8243; use_theme_fonts=&#8220;yes&#8220;][vc_btn title=&#8220;Download-Protokoll&#8220; style=&#8220;outline-custom&#8220; outline_custom_color=&#8220;#c4d600&#8243; outline_custom_hover_background=&#8220;#666666&#8243; outline_custom_hover_text=&#8220;#ffffff&#8220; size=&#8220;lg&#8220; align=&#8220;center&#8220; link=&#8220;url:https%3A%2F%2Fversahinternational.com%2Fwp-content%2Fuploads%2F2023%2F12%2FGerman-Protocol-Sinus-Lift-II-11002REV00-1.pdf|title:Protokoll%20zur%20erleichterten%20Kammausweitung&#8220;][\/vc_column][\/vc_row][vc_row][vc_column css=&#8220;.vc_custom_1690308635247{background-color: #ffffff !important;}&#8220;][vc_column_text] \u00dcberblick: Mindestrestknochenh\u00f6he<\/p>\n<p><a href=\"https:\/\/versahinternational.com\/de\/klinische-vielseitigkeit\/crestal-sinuslift-protokoll-ii\/\" class=\"more-link\">Continue reading<span class=\"screen-reader-text\">Crestal Sinuslift-Protokoll II<\/span><\/a><\/p>\n","protected":false},"author":2,"featured_media":0,"parent":11673,"menu_order":0,"comment_status":"closed","ping_status":"closed","template":"","meta":{"footnotes":""},"class_list":["post-11326","page","type-page","status-publish","hentry"],"jetpack_sharing_enabled":true,"_links":{"self":[{"href":"https:\/\/versahinternational.com\/de\/wp-json\/wp\/v2\/pages\/11326","targetHints":{"allow":["GET"]}}],"collection":[{"href":"https:\/\/versahinternational.com\/de\/wp-json\/wp\/v2\/pages"}],"about":[{"href":"https:\/\/versahinternational.com\/de\/wp-json\/wp\/v2\/types\/page"}],"author":[{"embeddable":true,"href":"https:\/\/versahinternational.com\/de\/wp-json\/wp\/v2\/users\/2"}],"replies":[{"embeddable":true,"href":"https:\/\/versahinternational.com\/de\/wp-json\/wp\/v2\/comments?post=11326"}],"version-history":[{"count":8,"href":"https:\/\/versahinternational.com\/de\/wp-json\/wp\/v2\/pages\/11326\/revisions"}],"predecessor-version":[{"id":17761,"href":"https:\/\/versahinternational.com\/de\/wp-json\/wp\/v2\/pages\/11326\/revisions\/17761"}],"up":[{"embeddable":true,"href":"https:\/\/versahinternational.com\/de\/wp-json\/wp\/v2\/pages\/11673"}],"wp:attachment":[{"href":"https:\/\/versahinternational.com\/de\/wp-json\/wp\/v2\/media?parent=11326"}],"curies":[{"name":"wp","href":"https:\/\/api.w.org\/{rel}","templated":true}]}}