{"id":11351,"date":"2023-07-18T18:13:12","date_gmt":"2023-07-18T18:13:12","guid":{"rendered":"https:\/\/versahinternational.com\/protokoll-zur-erleichterten-firstausweitung\/"},"modified":"2023-12-04T21:06:17","modified_gmt":"2023-12-04T21:06:17","slug":"protokoll-zur-erleichterten-firstausweitung","status":"publish","type":"page","link":"https:\/\/versahinternational.com\/de\/klinische-vielseitigkeit\/protokoll-zur-erleichterten-firstausweitung\/","title":{"rendered":"Protokoll zur erleichterten Kammexpansion"},"content":{"rendered":"<section class=\"wpb-content-wrapper\"><p>[vc_row][vc_column][vc_empty_space height=&#8220;100px&#8220;][vc_custom_heading text=&#8220;PROTOKOLL ZUR ERLEICHTERTEN KAMMEXPANSION&#8220; font_container=&#8220;tag:p|font_size:35|text_align:center|color:%23c4d600&#8243; use_theme_fonts=&#8220;yes&#8220;][vc_btn title=&#8220;Download-Protokoll&#8220; style=&#8220;outline-custom&#8220; outline_custom_color=&#8220;#c4d600&#8243; outline_custom_hover_background=&#8220;#666666&#8243; outline_custom_hover_text=&#8220;#ffffff&#8220; size=&#8220;lg&#8220; align=&#8220;center&#8220; link=&#8220;url:https%3A%2F%2Fversahinternational.com%2Fwp-content%2Fuploads%2F2023%2F12%2FGerman-Protocol-Ridge-Expansion-11000-REV00-1.pdf|title:Protokoll%20zur%20erleichterten%20Kammausweitung&#8220;][\/vc_column][\/vc_row][vc_row][vc_column css=&#8220;.vc_custom_1690306862073{background-color: #ffffff !important;}&#8220;][vc_column_text]<\/p>\n<div data-widget-id=\"ecf34c35-04ee-4d55-80f5-2b30c50127ca\" data-placement-id=\"b03f79d3-5287-4d86-b88e-4d16ee2698ae\" data-placement-status=\"ACTIVE\">\n<div class=\"sd-simple-text-ecf34c35-04ee-4d55-80f5-2b30c50127ca \">\n<div id=\"sd-simple-text-editable-ecf34c35-04ee-4d55-80f5-2b30c50127ca\" data-edit-mode=\"\">\n<p><span style=\"color: #c4d600 !important;\"><strong>\u00dcberblick: <\/strong><\/span><\/p>\n<\/div>\n<\/div>\n<\/div>\n<div data-widget-id=\"ebb0fe0c-d3bb-4469-819e-748e87ebe8d3\" data-placement-id=\"eb822ecd-15a8-4eb2-92d0-a209d804bd0a\" data-placement-status=\"ACTIVE\">\n<div class=\"sd-simple-text-ebb0fe0c-d3bb-4469-819e-748e87ebe8d3 \">\n<div id=\"sd-simple-text-editable-ebb0fe0c-d3bb-4469-819e-748e87ebe8d3\" data-edit-mode=\"\">\n<p><span style=\"color: #222222 !important;\">Durch die Osseodensifikation wird kein neues Gewebe geschaffen, sondern nur das bereits vorhandene optimiert und erhalten. Um eine vorhersehbare plastische Expansion zu erreichen, ist ein trabekul\u00e4rer Knochenkern von \u2265 2 mm und ein Verh\u00e4ltnis von \u2265 1\/1 zwischen trabekul\u00e4rem und kortikalem Knochen erforderlich. Je mehr kortikaler Knochen vorhanden ist, desto mehr trabekul\u00e4rer Kern wird ben\u00f6tigt, um eine vorhersehbare Expansion zu erm\u00f6glichen. Der ideale Mindestkamm f\u00fcr die Expansion betr\u00e4gt 4 mm (2 mm trabekul\u00e4er Kern + 1 mm Kortikalis auf jeder Seite). Dieses Protokoll ist angezeigt, um einen Kamm mit einem schmalen Kamm und einer breiteren Basis zu expandieren. Es ist nicht bei resorbierten K\u00e4mmen mit schmaler Basis indiziert.<\/span><\/p>\n<\/div>\n<\/div>\n<\/div>\n<p>[\/vc_column_text][vc_empty_space height=&#8220;50px&#8220;][vc_separator][vc_row_inner][vc_column_inner width=&#8220;2\/3&#8243;][vc_column_text]<\/p>\n<div data-widget-id=\"ecf34c35-04ee-4d55-80f5-2b30c50127ca\" data-placement-id=\"b03f79d3-5287-4d86-b88e-4d16ee2698ae\" data-placement-status=\"ACTIVE\">\n<div class=\"sd-simple-text-ecf34c35-04ee-4d55-80f5-2b30c50127ca \">\n<div id=\"sd-simple-text-editable-ecf34c35-04ee-4d55-80f5-2b30c50127ca\" data-edit-mode=\"\">\n<p><span style=\"color: #222222 !important; font-size: 1.125rem;\">\u2022 DIAGNOSE UND BEWERTUNG DES UMFANGS DES TRABEKUL\u00c4REN KNOCHENS MIT EINEM CBCT<br \/>\n\u2022 INTRAKN\u00d6CHERNE MULDE IM SCHMALEN KAMM SCHAFFEN &lt;4 MM<br \/>\n\u2022 KEINE NOTWENDIGKEIT F\u00dcR VERTIKALE SEITENSCHNITTE \u2013 VERWENDEN SIE DENSAH\u00ae-BOHRER IN KLEINEN ABST\u00c4NDEN<br \/>\n\u2022 \u00dcBERDIMENSIONIERUNG DER OSTEOTOMIE AUF \u2265 IMPLANTAT-HAUPTDURCHMESSER<br \/>\n\u2022 OSTEOTOMIE 1 MM TIEFER ALS DIE IMPLANTATL\u00c4NGE, INSBESONDERE IM UNTERKIEFER<br \/>\n\u2022 DURCHF\u00dcHRUNG VON HART- UND WEICHGEWEBEVERBLENDUNGEN ZUR ENTWICKLUNG DER GEWEBEDICKE UM IMPLANTATE<\/span><\/p>\n<\/div>\n<\/div>\n<\/div>\n<p>[\/vc_column_text][\/vc_column_inner][vc_column_inner width=&#8220;1\/3&#8243;][vc_single_image image=&#8220;1115&#8243; img_size=&#8220;full&#8220;][\/vc_column_inner][\/vc_row_inner][vc_separator][vc_row_inner][vc_column_inner][vc_empty_space height=&#8220;70px&#8220;][\/vc_column_inner][\/vc_row_inner][vc_row_inner][vc_column_inner width=&#8220;2\/3&#8243;][vc_column_text]<\/p>\n<div data-widget-id=\"ecf34c35-04ee-4d55-80f5-2b30c50127ca\" data-placement-id=\"b03f79d3-5287-4d86-b88e-4d16ee2698ae\" data-placement-status=\"ACTIVE\">\n<div class=\"sd-simple-text-ecf34c35-04ee-4d55-80f5-2b30c50127ca \">\n<div id=\"sd-simple-text-editable-ecf34c35-04ee-4d55-80f5-2b30c50127ca\" data-edit-mode=\"\">\n<p><span style=\"color: #222222 !important; font-size: 1.125rem;\"><strong>Diagnose und Bewertung der Menge des verf\u00fcgbaren trabekul\u00e4ren Knochens mit Hilfe eines CBCT,<\/strong> um die Knochenzusammensetzung zu beurteilen, die f\u00fcr eine vorhersehbare plastische Expansion erforderlich ist. Klappen Sie das weiche Gewebe mit den normalerweise verwendeten Instrumenten und Techniken.<\/span><\/p>\n<\/div>\n<\/div>\n<\/div>\n<p>[\/vc_column_text][vc_custom_heading text=&#8220;Schritt 1:&#8220; font_container=&#8220;tag:p|font_size:20|text_align:left|color:%23c4d600&#8243; use_theme_fonts=&#8220;yes&#8220;][vc_column_text]<\/p>\n<div data-widget-id=\"ecf34c35-04ee-4d55-80f5-2b30c50127ca\" data-placement-id=\"b03f79d3-5287-4d86-b88e-4d16ee2698ae\" data-placement-status=\"ACTIVE\">\n<div class=\"sd-simple-text-ecf34c35-04ee-4d55-80f5-2b30c50127ca \">\n<div id=\"sd-simple-text-editable-ecf34c35-04ee-4d55-80f5-2b30c50127ca\" data-edit-mode=\"\">\n<p><span style=\"color: #222222 !important;\"><strong>Intrakn\u00f6cherne Mulde im schmalen Kamm erstellen &lt;4 mm.<\/strong> Enth\u00e4lt der Kamm \u2264 2 mm trabekul\u00e4ren Knochenkern oder einen hohen kortikalen Knochenanteil, ist eine intraoss\u00e4re Kammspaltung erforderlich, die mit einer Piezosurgery-Spitze von 0,3 &#8211; 0,5 mm vorgenommen werden sollte. Es wird empfohlen, den Ridge-Split so tief wie die geplante Implantatl\u00e4nge zu machen. <strong>Es sind keine vertikalen Seitenschnitte erforderlich.<\/strong> Der Ridge-Split soll eine gr\u00f6\u00dfere Elastizit\u00e4t der bukkalen Wand w\u00e4hrend des Expansionsverfahrens erm\u00f6glichen. <strong>Diese intrakn\u00f6cherne Spaltung ist bei resorbierten K\u00e4mmen mit schmaler Basis kontraindiziert.<\/strong><\/span><\/p>\n<\/div>\n<\/div>\n<\/div>\n<p>[\/vc_column_text][\/vc_column_inner][vc_column_inner width=&#8220;1\/3&#8243;][vc_single_image image=&#8220;1123&#8243; img_size=&#8220;full&#8220;][\/vc_column_inner][\/vc_row_inner][vc_row_inner][vc_column_inner][vc_empty_space height=&#8220;70px&#8220;][\/vc_column_inner][\/vc_row_inner][vc_row_inner][vc_column_inner width=&#8220;2\/3&#8243;][vc_custom_heading text=&#8220;Schritt 2a:&#8220; font_container=&#8220;tag:p|font_size:20|text_align:left|color:%23c4d600&#8243; use_theme_fonts=&#8220;yes&#8220;][vc_column_text]<\/p>\n<div data-widget-id=\"ecf34c35-04ee-4d55-80f5-2b30c50127ca\" data-placement-id=\"b03f79d3-5287-4d86-b88e-4d16ee2698ae\" data-placement-status=\"ACTIVE\">\n<div class=\"sd-simple-text-ecf34c35-04ee-4d55-80f5-2b30c50127ca \">\n<div id=\"sd-simple-text-editable-ecf34c35-04ee-4d55-80f5-2b30c50127ca\" data-edit-mode=\"\">\n<p><span style=\"color: #222222 !important;\"><strong>Verwenden Sie den Densah\u00ae-Bohrer in kleinen Schritten<\/strong> \u2013 je nach Implantattyp und -durchmesser. Nach einer schmalen Pilotosteotomie schalten Sie den Chirurgiemotor in den Verdichtungsmodus (gegen den Uhrzeigersinn, Bohrgeschwindigkeit 800-1500 U\/min mit reichlich Sp\u00fclung). Beginnen Sie mit dem schmalsten Densah\u00ae-Bohrer im Verdichtungsmodus, bis die gew\u00fcnschte Tiefe erreicht ist (f\u00fchren Sie den laufenden Bohrer zun\u00e4chst in die Osteotomie ein. Wenn Sie die haptische R\u00fcckmeldung sp\u00fcren, dass der Bohrer aus der Osteotomie nach oben dr\u00fcckt, heben Sie diesen ab und \u00fcben Sie erneut Druck mit einer pumpenden Bewegung aus, bis Sie die gew\u00fcnschte Tiefe erreicht haben). Wenn der Durchmesser des Bohrers zunimmt, dehnt sich der Knochen langsam auf den geplanten Enddurchmesser aus.\u00a0<\/span><\/p>\n<\/div>\n<\/div>\n<\/div>\n<p>[\/vc_column_text][\/vc_column_inner][vc_column_inner width=&#8220;1\/3&#8243;][vc_single_image image=&#8220;1119&#8243; img_size=&#8220;full&#8220;][\/vc_column_inner][\/vc_row_inner][vc_row_inner][vc_column_inner][vc_empty_space height=&#8220;70px&#8220;][\/vc_column_inner][\/vc_row_inner][vc_row_inner][vc_column_inner width=&#8220;2\/3&#8243;][vc_custom_heading text=&#8220;Schritt 2b:&#8220; font_container=&#8220;tag:p|font_size:20|text_align:left|color:%23c4d600&#8243; use_theme_fonts=&#8220;yes&#8220;][vc_column_text]<\/p>\n<div data-widget-id=\"ecf34c35-04ee-4d55-80f5-2b30c50127ca\" data-placement-id=\"b03f79d3-5287-4d86-b88e-4d16ee2698ae\" data-placement-status=\"ACTIVE\">\n<div class=\"sd-simple-text-ecf34c35-04ee-4d55-80f5-2b30c50127ca \">\n<div id=\"sd-simple-text-editable-ecf34c35-04ee-4d55-80f5-2b30c50127ca\" data-edit-mode=\"\">\n<p><span style=\"color: #222222 !important;\">Die Osteotomie kann mit minimaler Knochendehiszenz expandiert werden, was die Platzierung der gesamten Implantatl\u00e4nge in autogenem Knochen ohne Freilegung des Gewindes erm\u00f6glichen kann.<\/span><\/p>\n<\/div>\n<\/div>\n<\/div>\n<p>[\/vc_column_text][\/vc_column_inner][vc_column_inner width=&#8220;1\/3&#8243;][vc_single_image image=&#8220;1121&#8243; img_size=&#8220;full&#8220;][\/vc_column_inner][\/vc_row_inner][vc_row_inner][vc_column_inner][vc_empty_space height=&#8220;70px&#8220;][\/vc_column_inner][\/vc_row_inner][vc_row_inner][vc_column_inner width=&#8220;2\/3&#8243;][vc_custom_heading text=&#8220;Schritt 3:&#8220; font_container=&#8220;tag:p|font_size:20|text_align:left|color:%23c4d600&#8243; use_theme_fonts=&#8220;yes&#8220;][vc_column_text]<\/p>\n<div data-widget-id=\"ecf34c35-04ee-4d55-80f5-2b30c50127ca\" data-placement-id=\"b03f79d3-5287-4d86-b88e-4d16ee2698ae\" data-placement-status=\"ACTIVE\">\n<div class=\"sd-simple-text-ecf34c35-04ee-4d55-80f5-2b30c50127ca \">\n<div id=\"sd-simple-text-editable-ecf34c35-04ee-4d55-80f5-2b30c50127ca\" data-edit-mode=\"\">\n<p><span style=\"color: #222222 !important;\"><strong>Die Osteotomie sollte etwas breiter sein als der Hauptdurchmesser des Implantats<\/strong> (vor allem im Unterkiefer), um zu verhindern, dass die Implantatgewinde die expandierten Knochenw\u00e4nde \u00fcberm\u00e4\u00dfig belasten. <strong>Unterkieferosteotomien m\u00fcssen 1 mm tiefer als die Implantatl\u00e4nge geplant und durchgef\u00fchrt werden.<\/strong><\/span><\/p>\n<\/div>\n<\/div>\n<\/div>\n<p>[\/vc_column_text][\/vc_column_inner][vc_column_inner width=&#8220;1\/3&#8243;][vc_single_image image=&#8220;1123&#8243; img_size=&#8220;full&#8220;][\/vc_column_inner][\/vc_row_inner][vc_row_inner][vc_column_inner][vc_empty_space height=&#8220;70px&#8220;][\/vc_column_inner][\/vc_row_inner][vc_row_inner][vc_column_inner width=&#8220;2\/3&#8243;][vc_custom_heading text=&#8220;Schritt 4:&#8220; font_container=&#8220;tag:p|font_size:20|text_align:left|color:%23c4d600&#8243; use_theme_fonts=&#8220;yes&#8220;][vc_column_text]<\/p>\n<div data-widget-id=\"ecf34c35-04ee-4d55-80f5-2b30c50127ca\" data-placement-id=\"b03f79d3-5287-4d86-b88e-4d16ee2698ae\" data-placement-status=\"ACTIVE\">\n<div class=\"sd-simple-text-ecf34c35-04ee-4d55-80f5-2b30c50127ca \">\n<div id=\"sd-simple-text-editable-ecf34c35-04ee-4d55-80f5-2b30c50127ca\" data-edit-mode=\"\">\n<p><span style=\"color: #222222 !important;\"><strong>Setzen Sie ein Implantat mit einem Durchmesser ein, der der urspr\u00fcnglichen Kieferkammbreite entspricht oder etwas gr\u00f6\u00dfer ist.<\/strong> Wenn der Chirurgiemotor zum Einsetzen des Implantats verwendet wird, kann das Ger\u00e4t bei Erreichen des maximalen Einsetzdrehmoments anhalten. Setzen Sie das Implantat von Hand mit einem Drehmomentschl\u00fcssel in die Tiefe.<\/span><\/p>\n<\/div>\n<\/div>\n<\/div>\n<p>[\/vc_column_text][\/vc_column_inner][vc_column_inner width=&#8220;1\/3&#8243;][vc_single_image image=&#8220;1125&#8243; img_size=&#8220;full&#8220;][\/vc_column_inner][\/vc_row_inner][vc_row_inner][vc_column_inner][vc_empty_space height=&#8220;70px&#8220;][\/vc_column_inner][\/vc_row_inner][vc_row_inner][vc_column_inner width=&#8220;2\/3&#8243;][vc_custom_heading text=&#8220;Schritt 5:&#8220; font_container=&#8220;tag:p|font_size:20|text_align:left|color:%23c4d600&#8243; use_theme_fonts=&#8220;yes&#8220;][vc_column_text]<\/p>\n<div data-widget-id=\"ecf34c35-04ee-4d55-80f5-2b30c50127ca\" data-placement-id=\"b03f79d3-5287-4d86-b88e-4d16ee2698ae\" data-placement-status=\"ACTIVE\">\n<div class=\"sd-simple-text-ecf34c35-04ee-4d55-80f5-2b30c50127ca \">\n<div id=\"sd-simple-text-editable-ecf34c35-04ee-4d55-80f5-2b30c50127ca\" data-edit-mode=\"\">\n<p><span style=\"color: #222222 !important;\">Durchf\u00fchrung von <strong>Hart- und Weichgewebeverblendungen<\/strong> zur Augmentation um das Implantat herum, um eine Gewebedicke zu entwickeln, die die langfristige Stabilit\u00e4t verbessern kann.<\/span><\/p>\n<\/div>\n<\/div>\n<\/div>\n<p>[\/vc_column_text][\/vc_column_inner][vc_column_inner width=&#8220;1\/3&#8243;][vc_single_image image=&#8220;1127&#8243; img_size=&#8220;full&#8220;][\/vc_column_inner][\/vc_row_inner][vc_row_inner][vc_column_inner][vc_empty_space height=&#8220;70px&#8220;][vc_single_image image=&#8220;1113&#8243; img_size=&#8220;full&#8220; alignment=&#8220;center&#8220;][vc_column_text]<\/p>\n<div data-widget-id=\"ecf34c35-04ee-4d55-80f5-2b30c50127ca\" data-placement-id=\"b03f79d3-5287-4d86-b88e-4d16ee2698ae\" data-placement-status=\"ACTIVE\">\n<div class=\"sd-simple-text-ecf34c35-04ee-4d55-80f5-2b30c50127ca \">\n<div id=\"sd-simple-text-editable-ecf34c35-04ee-4d55-80f5-2b30c50127ca\" data-edit-mode=\"\">\n<p style=\"text-align: center;\"><span style=\"color: #222222 !important;\">* Daten in den Akten, besuchen Sie versahinternational.com\/od-published-papers\/ f\u00fcr Kammexpansions-Studien<br \/>\n<strong>** Das Urteil und die Erfahrung des Arztes sollten in Verbindung mit diesem Protokoll f\u00fcr die klinische Praxis zur Anwendung kommen.<\/strong><\/span><\/p>\n<\/div>\n<\/div>\n<\/div>\n<p>[\/vc_column_text][\/vc_column_inner][\/vc_row_inner][\/vc_column][\/vc_row][vc_row][vc_column][vc_empty_space height=&#8220;100px&#8220;][vc_column_text]<\/p>\n<h6><span style=\"color: #808080;\">10888 REV00 zuletzt aktualisiert: 08\/2023<\/span><\/h6>\n<p>[\/vc_column_text][\/vc_column][\/vc_row]<\/p>\n<\/section>","protected":false},"excerpt":{"rendered":"<p>[vc_row][vc_column][vc_empty_space height=&#8220;100px&#8220;][vc_custom_heading text=&#8220;PROTOKOLL ZUR ERLEICHTERTEN KAMMEXPANSION&#8220; font_container=&#8220;tag:p|font_size:35|text_align:center|color:%23c4d600&#8243; use_theme_fonts=&#8220;yes&#8220;][vc_btn title=&#8220;Download-Protokoll&#8220; style=&#8220;outline-custom&#8220; outline_custom_color=&#8220;#c4d600&#8243; outline_custom_hover_background=&#8220;#666666&#8243; outline_custom_hover_text=&#8220;#ffffff&#8220; size=&#8220;lg&#8220; align=&#8220;center&#8220; link=&#8220;url:https%3A%2F%2Fversahinternational.com%2Fwp-content%2Fuploads%2F2023%2F12%2FGerman-Protocol-Ridge-Expansion-11000-REV00-1.pdf|title:Protokoll%20zur%20erleichterten%20Kammausweitung&#8220;][\/vc_column][\/vc_row][vc_row][vc_column css=&#8220;.vc_custom_1690306862073{background-color: #ffffff !important;}&#8220;][vc_column_text] \u00dcberblick:<\/p>\n<p><a href=\"https:\/\/versahinternational.com\/de\/klinische-vielseitigkeit\/protokoll-zur-erleichterten-firstausweitung\/\" class=\"more-link\">Continue reading<span class=\"screen-reader-text\">Protokoll zur erleichterten Kammexpansion<\/span><\/a><\/p>\n","protected":false},"author":2,"featured_media":0,"parent":11673,"menu_order":0,"comment_status":"closed","ping_status":"closed","template":"","meta":{"footnotes":""},"class_list":["post-11351","page","type-page","status-publish","hentry"],"jetpack_sharing_enabled":true,"_links":{"self":[{"href":"https:\/\/versahinternational.com\/de\/wp-json\/wp\/v2\/pages\/11351","targetHints":{"allow":["GET"]}}],"collection":[{"href":"https:\/\/versahinternational.com\/de\/wp-json\/wp\/v2\/pages"}],"about":[{"href":"https:\/\/versahinternational.com\/de\/wp-json\/wp\/v2\/types\/page"}],"author":[{"embeddable":true,"href":"https:\/\/versahinternational.com\/de\/wp-json\/wp\/v2\/users\/2"}],"replies":[{"embeddable":true,"href":"https:\/\/versahinternational.com\/de\/wp-json\/wp\/v2\/comments?post=11351"}],"version-history":[{"count":8,"href":"https:\/\/versahinternational.com\/de\/wp-json\/wp\/v2\/pages\/11351\/revisions"}],"predecessor-version":[{"id":17759,"href":"https:\/\/versahinternational.com\/de\/wp-json\/wp\/v2\/pages\/11351\/revisions\/17759"}],"up":[{"embeddable":true,"href":"https:\/\/versahinternational.com\/de\/wp-json\/wp\/v2\/pages\/11673"}],"wp:attachment":[{"href":"https:\/\/versahinternational.com\/de\/wp-json\/wp\/v2\/media?parent=11351"}],"curies":[{"name":"wp","href":"https:\/\/api.w.org\/{rel}","templated":true}]}}