{"id":9763,"date":"2023-07-18T18:17:22","date_gmt":"2023-07-18T18:17:22","guid":{"rendered":"https:\/\/versahinternational.com\/zgo-protokoll-typ-i-ii\/"},"modified":"2023-12-04T21:09:40","modified_gmt":"2023-12-04T21:09:40","slug":"zgo-protokoll-typ-i-ii","status":"publish","type":"page","link":"https:\/\/versahinternational.com\/de\/klinische-vielseitigkeit\/zgo-protokoll-typ-i-ii\/","title":{"rendered":"ZGO-Protokoll Typ I\/II"},"content":{"rendered":"<section class=\"wpb-content-wrapper\"><p>[vc_row][vc_column][vc_empty_space height=&#8220;100px&#8220;][vc_custom_heading text=&#8220;INTRA-MAXILL\u00c4RES INTRA\/EXTRA SINUS ZYGOMA PROTOKOLL I\/II&#8220; font_container=&#8220;tag:p|font_size:35|text_align:center|color:%23c4d600&#8243; use_theme_fonts=&#8220;yes&#8220;][vc_btn title=&#8220;Download-Protokoll&#8220; style=&#8220;outline-custom&#8220; outline_custom_color=&#8220;#c4d600&#8243; outline_custom_hover_background=&#8220;#666666&#8243; outline_custom_hover_text=&#8220;#ffffff&#8220; size=&#8220;lg&#8220; align=&#8220;center&#8220; link=&#8220;url:https%3A%2F%2Fversahinternational.com%2Fwp-content%2Fuploads%2F2023%2F12%2FGerman_ZGO-Protocol-III-11008-REV00-1.pdf|title:Protokoll%20zur%20erleichterten%20Kammausweitung&#8220;][\/vc_column][\/vc_row][vc_row][vc_column css=&#8220;.vc_custom_1690313321145{background-color: #ffffff !important;}&#8220;][vc_separator][vc_column_text]<\/p>\n<div data-widget-id=\"ecf34c35-04ee-4d55-80f5-2b30c50127ca\" data-placement-id=\"b03f79d3-5287-4d86-b88e-4d16ee2698ae\" data-placement-status=\"ACTIVE\">\n<div class=\"sd-simple-text-ecf34c35-04ee-4d55-80f5-2b30c50127ca \">\n<div id=\"sd-simple-text-editable-ecf34c35-04ee-4d55-80f5-2b30c50127ca\" data-edit-mode=\"\">\n<p><span style=\"color: #c4d600 !important;\"><strong>\u00dcberblick: <\/strong><\/span><\/p>\n<\/div>\n<\/div>\n<\/div>\n<div data-widget-id=\"ebb0fe0c-d3bb-4469-819e-748e87ebe8d3\" data-placement-id=\"eb822ecd-15a8-4eb2-92d0-a209d804bd0a\" data-placement-status=\"ACTIVE\">\n<div class=\"sd-simple-text-ebb0fe0c-d3bb-4469-819e-748e87ebe8d3 \">\n<div id=\"sd-simple-text-editable-ebb0fe0c-d3bb-4469-819e-748e87ebe8d3\" data-edit-mode=\"\">\n<p><span style=\"color: #222222 !important;\">Die vordere Oberkieferwand ist etwas konkaver. <strong>Der Zugangsweg ist vollst\u00e4ndig intra-maxill\u00e4r mit einem intra-\/extra-sinusf\u00f6rmigen Zugang.<\/strong> Es wird eine Tunnelosteotomie durch den Alveolarkamm in die innere Seitenwand der Kieferh\u00f6hle angelegt, um durch diese Seitenwand leicht herauszukommen und dann als zweite Tunnelosteotomie wieder in die Kieferh\u00f6hle einzutreten, um durch den K\u00f6rper des Zygoms herauszukommen.<\/span><\/p>\n<\/div>\n<\/div>\n<\/div>\n<p>[\/vc_column_text][vc_separator][vc_row_inner][vc_column_inner width=&#8220;1\/2&#8243;][vc_single_image image=&#8220;1279&#8243; img_size=&#8220;full&#8220; alignment=&#8220;center&#8220;][vc_column_text]<\/p>\n<div data-widget-id=\"ecf34c35-04ee-4d55-80f5-2b30c50127ca\" data-placement-id=\"b03f79d3-5287-4d86-b88e-4d16ee2698ae\" data-placement-status=\"ACTIVE\">\n<div class=\"sd-simple-text-ecf34c35-04ee-4d55-80f5-2b30c50127ca \">\n<div id=\"sd-simple-text-editable-ecf34c35-04ee-4d55-80f5-2b30c50127ca\" data-edit-mode=\"\">\n<p><span style=\"color: #222222 !important;\"><strong>ZGO I<\/strong>: Intra-maxill\u00e4rer Intra-\/Extra-Sinus: Die vordere Oberkieferwand ist leicht konkav. Der Weg ist <strong>intra-maxill\u00e4r<\/strong> mit einem meist <strong>intra-sinusf\u00f6rmigen Verlauf.<\/strong><\/span><\/p>\n<\/div>\n<\/div>\n<\/div>\n<p>[\/vc_column_text][\/vc_column_inner][vc_column_inner width=&#8220;1\/2&#8243;][vc_single_image image=&#8220;1281&#8243; img_size=&#8220;full&#8220; alignment=&#8220;center&#8220;][vc_column_text]<\/p>\n<div data-widget-id=\"ecf34c35-04ee-4d55-80f5-2b30c50127ca\" data-placement-id=\"b03f79d3-5287-4d86-b88e-4d16ee2698ae\" data-placement-status=\"ACTIVE\">\n<div class=\"sd-simple-text-ecf34c35-04ee-4d55-80f5-2b30c50127ca \">\n<div id=\"sd-simple-text-editable-ecf34c35-04ee-4d55-80f5-2b30c50127ca\" data-edit-mode=\"\">\n<p><span style=\"color: #222222 !important;\"><strong>ZGO II: I<\/strong>ntra-maxill\u00e4rer Extra-\/Intra-Sinus: Die anteriore Kieferwand ist etwas konkaver als bei ZGO I. Daher folgt sie dem gleichen chirurgischen Prinzip wie ZGO I mit einem <strong>intra-maxill\u00e4ren<\/strong> Pfad, aber mit einem gr\u00f6\u00dftenteils extra-sinusf\u00f6rmigen Pfad.<\/span><\/p>\n<\/div>\n<\/div>\n<\/div>\n<p>[\/vc_column_text][\/vc_column_inner][\/vc_row_inner][vc_row_inner][vc_column_inner][vc_empty_space height=&#8220;50px&#8220;][\/vc_column_inner][\/vc_row_inner][vc_row_inner][vc_column_inner width=&#8220;2\/3&#8243;][vc_custom_heading text=&#8220;Schritt 1:&#8220; font_container=&#8220;tag:p|font_size:20|text_align:left|color:%23c4d600&#8243; use_theme_fonts=&#8220;yes&#8220;][vc_column_text]<\/p>\n<div data-widget-id=\"ecf34c35-04ee-4d55-80f5-2b30c50127ca\" data-placement-id=\"b03f79d3-5287-4d86-b88e-4d16ee2698ae\" data-placement-status=\"ACTIVE\">\n<div class=\"sd-simple-text-ecf34c35-04ee-4d55-80f5-2b30c50127ca \">\n<div id=\"sd-simple-text-editable-ecf34c35-04ee-4d55-80f5-2b30c50127ca\" data-edit-mode=\"\">\n<p><span style=\"color: #222222 !important;\">Die Tunnelosteotomie wird mit dem Universal Densah\u00ae-Pilotbohrer im Uhrzeigersinn (CW) durch den Alveolarkamm eingeleitet, um den Boden des Sinus zu erreichen. Dann werden die Universal-Densah\u00ae-Bohrer in einer ansteigenden Reihenfolge von 2 mm, 2,3 mm, 3 mm und 3,3 mm gegen den Uhrzeigersinn (CCW) verwendet, um die krestale Osteotomie zu erhalten und zu erweitern und den Eintritt in die Sinus-Seitenwand einzuleiten. Dadurch w\u00fcrde die Sinusmembran erhalten und der Alveolarknochen osseodensifiziert. <\/span><\/p>\n<\/div>\n<\/div>\n<\/div>\n<p>[\/vc_column_text][\/vc_column_inner][vc_column_inner width=&#8220;1\/3&#8243;][vc_single_image image=&#8220;15694&#8243; img_size=&#8220;full&#8220;][\/vc_column_inner][\/vc_row_inner][vc_row_inner][vc_column_inner][vc_empty_space height=&#8220;50px&#8220;][\/vc_column_inner][\/vc_row_inner][vc_row_inner][vc_column_inner width=&#8220;2\/3&#8243;][vc_custom_heading text=&#8220;Schritt 2:&#8220; font_container=&#8220;tag:p|font_size:20|text_align:left|color:%23c4d600&#8243; use_theme_fonts=&#8220;yes&#8220;][vc_column_text]<\/p>\n<div data-widget-id=\"ecf34c35-04ee-4d55-80f5-2b30c50127ca\" data-placement-id=\"b03f79d3-5287-4d86-b88e-4d16ee2698ae\" data-placement-status=\"ACTIVE\">\n<div class=\"sd-simple-text-ecf34c35-04ee-4d55-80f5-2b30c50127ca \">\n<div id=\"sd-simple-text-editable-ecf34c35-04ee-4d55-80f5-2b30c50127ca\" data-edit-mode=\"\">\n<p><span style=\"color: #222222 !important;\">Mit dem ZGO Densah\u00ae Pilotbohrer geeigneter L\u00e4nge (65 mm oder 90 mm), je nach Anatomie und Gr\u00f6\u00dfe des Patienten, im CW-Modus in die vorbereitete krestale Tunnelosteotomie eindringen, um durch die laterale Sinuswand wieder herauszukommen und durch eine weitere Tunnelosteotomie in die inferiore Oberfl\u00e4che des Zygoms einzudringen, dann durch den K\u00f6rper des Zygoms, um an der superolateralen Oberfl\u00e4che des K\u00f6rpers des Zygoms auszutreten.<\/span><\/p>\n<\/div>\n<\/div>\n<\/div>\n<p>[\/vc_column_text][\/vc_column_inner][vc_column_inner width=&#8220;1\/3&#8243;][vc_single_image image=&#8220;1269&#8243; img_size=&#8220;full&#8220;][\/vc_column_inner][\/vc_row_inner][vc_row_inner][vc_column_inner][vc_empty_space height=&#8220;50px&#8220;][\/vc_column_inner][\/vc_row_inner][vc_row_inner][vc_column_inner width=&#8220;2\/3&#8243;][vc_custom_heading text=&#8220;Schritt 3:&#8220; font_container=&#8220;tag:p|font_size:20|text_align:left|color:%23c4d600&#8243; use_theme_fonts=&#8220;yes&#8220;][vc_column_text]<\/p>\n<div data-widget-id=\"ecf34c35-04ee-4d55-80f5-2b30c50127ca\" data-placement-id=\"b03f79d3-5287-4d86-b88e-4d16ee2698ae\" data-placement-status=\"ACTIVE\">\n<div class=\"sd-simple-text-ecf34c35-04ee-4d55-80f5-2b30c50127ca \">\n<div id=\"sd-simple-text-editable-ecf34c35-04ee-4d55-80f5-2b30c50127ca\" data-edit-mode=\"\">\n<p><span style=\"color: #222222 !important;\">Nach der Pilotosteotomie verwenden Sie je nach Anatomie und Gr\u00f6\u00dfe des Patienten die ZGO Densah\u00ae-Bohrer in der passenden L\u00e4nge (65 mm oder 90 mm). Beginnen Sie mit dem Densah\u00ae-Bohrer ZT 1525 und erweitern Sie die krestale Osteotomie im CCW-Modus, indem Sie in die Sinush\u00f6hle eindringen, um durch die laterale Sinuswand wieder herauszukommen, um durch eine weitere Tunnelosteotomie wieder einzutreten; wechseln Sie je nach Bedarf in den CW-Modus, um in die inferiore Oberfl\u00e4che des Zygoma einzutreten, durch den K\u00f6rper des Zygoma zu gehen und die superolaterale Oberfl\u00e4che des K\u00f6rpers des Zygoma zu verlassen.<\/span><\/p>\n<\/div>\n<\/div>\n<\/div>\n<p>[\/vc_column_text][\/vc_column_inner][vc_column_inner width=&#8220;1\/3&#8243;][vc_single_image image=&#8220;1271&#8243; img_size=&#8220;full&#8220;][\/vc_column_inner][\/vc_row_inner][vc_row_inner][vc_column_inner][vc_empty_space height=&#8220;50px&#8220;][\/vc_column_inner][\/vc_row_inner][vc_row_inner][vc_column_inner width=&#8220;2\/3&#8243;][vc_custom_heading text=&#8220;Schritt 4:&#8220; font_container=&#8220;tag:p|font_size:20|text_align:left|color:%23c4d600&#8243; use_theme_fonts=&#8220;yes&#8220;][vc_column_text]<\/p>\n<div data-widget-id=\"ecf34c35-04ee-4d55-80f5-2b30c50127ca\" data-placement-id=\"b03f79d3-5287-4d86-b88e-4d16ee2698ae\" data-placement-status=\"ACTIVE\">\n<div class=\"sd-simple-text-ecf34c35-04ee-4d55-80f5-2b30c50127ca \">\n<div id=\"sd-simple-text-editable-ecf34c35-04ee-4d55-80f5-2b30c50127ca\" data-edit-mode=\"\">\n<p><span style=\"color: #222222 !important;\">Die Zygomah\u00e4rte und der Implantatdurchmesser bestimmen den endg\u00fcltigen ZGO Densah\u00ae-Bohrerdurchmesser, d. h. ZT2030, ZT2535 oder ZT3040. <strong>Die ZGO Densah\u00ae-Bohrer sollten je nach Knochendichte am besten im CW\/CCW-Modus mit 800-1500 U\/min und reichlich Sp\u00fclung verwendet werden.<\/strong> 1) Schneidemodus im Uhrzeigersinn (CW) f\u00fcr dichteren Knochen 2) Verdichtungsmodus gegen den Uhrzeigersinn (CCW) bei weicherem Knochen 3) Eine Kombination aus CW und CCW unter Verwendung des Densify &#8211; Preserve after Cut (DAC-)Protokolls f\u00fcr eine mittlere Knochenh\u00e4rte<\/span><\/p>\n<\/div>\n<\/div>\n<\/div>\n<p>[\/vc_column_text][\/vc_column_inner][vc_column_inner width=&#8220;1\/3&#8243;][vc_single_image image=&#8220;1273&#8243; img_size=&#8220;full&#8220;][\/vc_column_inner][\/vc_row_inner][vc_row_inner][vc_column_inner][vc_empty_space height=&#8220;50px&#8220;][\/vc_column_inner][\/vc_row_inner][vc_row_inner][vc_column_inner width=&#8220;2\/3&#8243;][vc_custom_heading text=&#8220;Schritt 5:&#8220; font_container=&#8220;tag:p|font_size:20|text_align:left|color:%23c4d600&#8243; use_theme_fonts=&#8220;yes&#8220;][vc_column_text]<\/p>\n<div data-widget-id=\"ecf34c35-04ee-4d55-80f5-2b30c50127ca\" data-placement-id=\"b03f79d3-5287-4d86-b88e-4d16ee2698ae\" data-placement-status=\"ACTIVE\">\n<div class=\"sd-simple-text-ecf34c35-04ee-4d55-80f5-2b30c50127ca \">\n<div id=\"sd-simple-text-editable-ecf34c35-04ee-4d55-80f5-2b30c50127ca\" data-edit-mode=\"\">\n<p><span style=\"color: #222222 !important;\">Anschlie\u00dfend wird das Jochbeinimplantat eingesetzt. Obwohl das Jochbeinimplantat durch die vordere Kieferwand zu sehen ist, verl\u00e4uft der gr\u00f6\u00dfte Teil des Implantatk\u00f6rpers intra-sinus. <strong>Bei ZGO I und ZGO II liegt das Implantat am Knochen:<\/strong><br \/>\n1) Am Alveolarkamm.<br \/>\n2) An der inneren Sinuswand.<br \/>\n3) An der lateralen Sinuswand.<br \/>\n4) am K\u00f6rper des Jochbeins<\/span><\/p>\n<\/div>\n<\/div>\n<\/div>\n<p>[\/vc_column_text][\/vc_column_inner][vc_column_inner width=&#8220;1\/3&#8243;][vc_single_image image=&#8220;1275&#8243; img_size=&#8220;full&#8220;][vc_single_image image=&#8220;1277&#8243; img_size=&#8220;full&#8220;][\/vc_column_inner][\/vc_row_inner][vc_row_inner][vc_column_inner][vc_empty_space height=&#8220;50px&#8220;][vc_single_image image=&#8220;1265&#8243; img_size=&#8220;full&#8220; alignment=&#8220;center&#8220;][vc_column_text]<\/p>\n<div data-widget-id=\"ecf34c35-04ee-4d55-80f5-2b30c50127ca\" data-placement-id=\"b03f79d3-5287-4d86-b88e-4d16ee2698ae\" data-placement-status=\"ACTIVE\">\n<div class=\"sd-simple-text-ecf34c35-04ee-4d55-80f5-2b30c50127ca \">\n<div id=\"sd-simple-text-editable-ecf34c35-04ee-4d55-80f5-2b30c50127ca\" data-edit-mode=\"\">\n<p style=\"text-align: center;\"><span style=\"color: #222222 !important;\">* Daten in der Akte, besuchen Sie versahinternational.com\/od-published-papers\/ f\u00fcr Studien zu Jochbeinimplantaten<br \/>\n<strong>** Das Urteil und die Erfahrung des Arztes sollten in Verbindung mit diesem Protokoll f\u00fcr die klinische Praxis zur Anwendung kommen.<\/strong><\/span><\/p>\n<\/div>\n<\/div>\n<\/div>\n<p>[\/vc_column_text][\/vc_column_inner][\/vc_row_inner][\/vc_column][\/vc_row][vc_row][vc_column][vc_empty_space height=&#8220;100px&#8220;][vc_column_text]<\/p>\n<h6><span style=\"color: #808080;\">10896 REV00 zuletzt aktualisiert: 08\/2023<\/span><\/h6>\n<p>[\/vc_column_text][\/vc_column][\/vc_row]<\/p>\n<\/section>","protected":false},"excerpt":{"rendered":"<p>[vc_row][vc_column][vc_empty_space height=&#8220;100px&#8220;][vc_custom_heading text=&#8220;INTRA-MAXILL\u00c4RES INTRA\/EXTRA SINUS ZYGOMA PROTOKOLL I\/II&#8220; font_container=&#8220;tag:p|font_size:35|text_align:center|color:%23c4d600&#8243; use_theme_fonts=&#8220;yes&#8220;][vc_btn title=&#8220;Download-Protokoll&#8220; style=&#8220;outline-custom&#8220; outline_custom_color=&#8220;#c4d600&#8243; outline_custom_hover_background=&#8220;#666666&#8243; outline_custom_hover_text=&#8220;#ffffff&#8220; size=&#8220;lg&#8220; align=&#8220;center&#8220; link=&#8220;url:https%3A%2F%2Fversahinternational.com%2Fwp-content%2Fuploads%2F2023%2F12%2FGerman_ZGO-Protocol-III-11008-REV00-1.pdf|title:Protokoll%20zur%20erleichterten%20Kammausweitung&#8220;][\/vc_column][\/vc_row][vc_row][vc_column css=&#8220;.vc_custom_1690313321145{background-color: #ffffff<\/p>\n<p><a href=\"https:\/\/versahinternational.com\/de\/klinische-vielseitigkeit\/zgo-protokoll-typ-i-ii\/\" class=\"more-link\">Continue reading<span class=\"screen-reader-text\">ZGO-Protokoll Typ I\/II<\/span><\/a><\/p>\n","protected":false},"author":2,"featured_media":0,"parent":11673,"menu_order":0,"comment_status":"closed","ping_status":"closed","template":"","meta":{"footnotes":""},"class_list":["post-9763","page","type-page","status-publish","hentry"],"jetpack_sharing_enabled":true,"_links":{"self":[{"href":"https:\/\/versahinternational.com\/de\/wp-json\/wp\/v2\/pages\/9763","targetHints":{"allow":["GET"]}}],"collection":[{"href":"https:\/\/versahinternational.com\/de\/wp-json\/wp\/v2\/pages"}],"about":[{"href":"https:\/\/versahinternational.com\/de\/wp-json\/wp\/v2\/types\/page"}],"author":[{"embeddable":true,"href":"https:\/\/versahinternational.com\/de\/wp-json\/wp\/v2\/users\/2"}],"replies":[{"embeddable":true,"href":"https:\/\/versahinternational.com\/de\/wp-json\/wp\/v2\/comments?post=9763"}],"version-history":[{"count":11,"href":"https:\/\/versahinternational.com\/de\/wp-json\/wp\/v2\/pages\/9763\/revisions"}],"predecessor-version":[{"id":17767,"href":"https:\/\/versahinternational.com\/de\/wp-json\/wp\/v2\/pages\/9763\/revisions\/17767"}],"up":[{"embeddable":true,"href":"https:\/\/versahinternational.com\/de\/wp-json\/wp\/v2\/pages\/11673"}],"wp:attachment":[{"href":"https:\/\/versahinternational.com\/de\/wp-json\/wp\/v2\/media?parent=9763"}],"curies":[{"name":"wp","href":"https:\/\/api.w.org\/{rel}","templated":true}]}}