{"id":10014,"date":"2023-07-18T18:18:54","date_gmt":"2023-07-18T18:18:54","guid":{"rendered":"https:\/\/versahinternational.com\/protocolo-de-la-tecnica-de-preservacion-selectiva-del-diente-spot\/"},"modified":"2023-12-04T21:36:29","modified_gmt":"2023-12-04T21:36:29","slug":"protocolo-de-la-tecnica-de-preservacion-selectiva-del-diente-spot","status":"publish","type":"page","link":"https:\/\/versahinternational.com\/es\/versatilidad-clinica\/protocolo-de-la-tecnica-de-preservacion-selectiva-del-diente-spot\/","title":{"rendered":"Protocolo t\u00e9cnica conservaci\u00f3n selectiva dental(SPoT)"},"content":{"rendered":"<section class=\"wpb-content-wrapper\"><p>[vc_row][vc_column][vc_empty_space height=\u00bb100px\u00bb][vc_custom_heading text=\u00bbPROTOCOLO T\u00c9CNICA CONSERVACI\u00d3N SELECTIVA DENTAL (SPoT)\u00bb font_container=\u00bbtag:p|font_size:35|text_align:center|color:%23c4d600&#8243; use_theme_fonts=\u00bbyes\u00bb][vc_btn title=\u00bbDescargar Protocolo\u00bb style=\u00bboutline-custom\u00bb outline_custom_color=\u00bb#c4d600&#8243; outline_custom_hover_background=\u00bb#666666&#8243; outline_custom_hover_text=\u00bb#ffffff\u00bb size=\u00bblg\u00bb align=\u00bbcenter\u00bb link=\u00bburl:https%3A%2F%2Fversahinternational.com%2Fwp-content%2Fuploads%2F2023%2F12%2FSpanish_SPoT-Protocol_10999-REV00.pdf|title:Protocolo%20de%20expansi%C3%B3n%20facilitada%20de%20la%20cresta\u00bb][\/vc_column][\/vc_row][vc_row][vc_column css=\u00bb.vc_custom_1690388523737{background-color: #ffffff !important;}\u00bb][vc_column_text]<\/p>\n<div data-widget-id=\"ecf34c35-04ee-4d55-80f5-2b30c50127ca\" data-placement-id=\"b03f79d3-5287-4d86-b88e-4d16ee2698ae\" data-placement-status=\"ACTIVE\">\n<div class=\"sd-simple-text-ecf34c35-04ee-4d55-80f5-2b30c50127ca \">\n<div id=\"sd-simple-text-editable-ecf34c35-04ee-4d55-80f5-2b30c50127ca\" data-edit-mode=\"\">\n<p><span style=\"color: #c4d600 !important;\"><strong>Descripci\u00f3n general: <\/strong><\/span><\/p>\n<\/div>\n<\/div>\n<\/div>\n<div data-widget-id=\"ebb0fe0c-d3bb-4469-819e-748e87ebe8d3\" data-placement-id=\"eb822ecd-15a8-4eb2-92d0-a209d804bd0a\" data-placement-status=\"ACTIVE\">\n<div class=\"sd-simple-text-ebb0fe0c-d3bb-4469-819e-748e87ebe8d3 \">\n<div id=\"sd-simple-text-editable-ebb0fe0c-d3bb-4469-819e-748e87ebe8d3\" data-edit-mode=\"\">\n<p><span style=\"color: #222222 !important;\">Indicado en casos de dientes anteriores y posteriores no restaurables que para su rehabilitaci\u00f3n se les indica el procedimiento de la T\u00e9cnica de \u201cSocket Shield\u201d (TSS).<\/span><\/p>\n<\/div>\n<\/div>\n<\/div>\n<p>[\/vc_column_text][vc_empty_space height=\u00bb50px\u00bb][vc_separator][vc_row_inner][vc_column_inner][vc_custom_heading text=\u00bbDiagn\u00f3stico:\u00bb font_container=\u00bbtag:p|font_size:20|text_align:left|color:%23c4d600&#8243; use_theme_fonts=\u00bbyes\u00bb][vc_column_text]<\/p>\n<div data-widget-id=\"ecf34c35-04ee-4d55-80f5-2b30c50127ca\" data-placement-id=\"b03f79d3-5287-4d86-b88e-4d16ee2698ae\" data-placement-status=\"ACTIVE\">\n<div class=\"sd-simple-text-ecf34c35-04ee-4d55-80f5-2b30c50127ca \">\n<div id=\"sd-simple-text-editable-ecf34c35-04ee-4d55-80f5-2b30c50127ca\" data-edit-mode=\"\">\n<p><span style=\"color: #222222 !important;\">Establezca las medidas y los puntos de referencia de los tejidos duros y blandos utilizando im\u00e1genes cl\u00ednicas y radiogr\u00e1ficas.<br \/>\n1. Mida la distancia de la enc\u00eda a la cresta \u00f3sea (profundidad del tejido blando a la cresta).<br \/>\n2. Mida la longitud de la cresta \u00f3sea al \u00e1pice\/ra\u00edz en el hueso (cantidad de longitud del escudo en el hueso).<br \/>\n3. Mida la cantidad de hueso disponible para la colocaci\u00f3n del implante (anchura y longitud del hueso alveolar).<\/span><\/p>\n<\/div>\n<\/div>\n<\/div>\n<p>[\/vc_column_text][vc_single_image image=\u00bb1384&#8243; img_size=\u00bbfull\u00bb alignment=\u00bbcenter\u00bb][\/vc_column_inner][\/vc_row_inner][vc_row_inner][vc_column_inner][vc_empty_space height=\u00bb50px\u00bb][\/vc_column_inner][\/vc_row_inner][vc_row_inner][vc_column_inner][vc_custom_heading text=\u00bbPaso 1: Realice una cavidad o hueco en el centro del diente.\u00bb font_container=\u00bbtag:p|font_size:20|text_align:left|color:%23c4d600&#8243; use_theme_fonts=\u00bbyes\u00bb][vc_column_text]<\/p>\n<div data-widget-id=\"ecf34c35-04ee-4d55-80f5-2b30c50127ca\" data-placement-id=\"b03f79d3-5287-4d86-b88e-4d16ee2698ae\" data-placement-status=\"ACTIVE\">\n<div class=\"sd-simple-text-ecf34c35-04ee-4d55-80f5-2b30c50127ca \">\n<div id=\"sd-simple-text-editable-ecf34c35-04ee-4d55-80f5-2b30c50127ca\" data-edit-mode=\"\">\n<p><span style=\"color: #222222 !important;\">1. Utilice una fresa de diamante redonda de alta velocidad de 3 mm de di\u00e1metro Meisinger -801H 029 para reducir el centro de la ra\u00edz de 2 a 3 mm subgingival dejando aproximadamente una c\u00e1scara de 1 mm del diente alrededor de la periferia (como en A).<\/span><\/p>\n<\/div>\n<\/div>\n<\/div>\n<p>[\/vc_column_text][vc_custom_heading text=\u00bbPaso 2: Establezca una zona de restauraci\u00f3n.\u00bb font_container=\u00bbtag:p|font_size:20|text_align:left|color:%23c4d600&#8243; use_theme_fonts=\u00bbyes\u00bb][vc_column_text]<span style=\"color: #333333;\">1. Aplane el diente hasta el nivel del hueso: Utilice una fresa plana de diamante Meisinger 909 G de alta velocidad desde el centro y mu\u00e9vase hacia fuera para aplanar la ra\u00edz hasta el nivel del hueso palatino (como en B y C). El objetivo es crear el espacio de perfil de emergencia de zona restauradora (como en D).<\/span><br \/>\n<span style=\"color: #333333;\">2. Tome una radiograf\u00eda digital periapical para verificar la medida desde la cresta \u00f3sea hasta el \u00e1pice (como en E).<\/span>[\/vc_column_text][vc_single_image image=\u00bb1386&#8243; img_size=\u00bbfull\u00bb alignment=\u00bbcenter\u00bb][\/vc_column_inner][\/vc_row_inner][vc_row_inner][vc_column_inner][vc_empty_space height=\u00bb20px\u00bb][vc_custom_heading text=\u00bbPaso 3: Trace las trayectorias piloto de 1 o 2 orificios (seg\u00fan la anatom\u00eda de la ra\u00edz).\u00bb font_container=\u00bbtag:p|font_size:20|text_align:left|color:%23c4d600&#8243; use_theme_fonts=\u00bbyes\u00bb][vc_column_text]<span style=\"color: #333333;\">1. Utilice una fresa de carburo de alta velocidad Meisinger HM162SX 014 (7 mm de altura de corte) siguiendo la trayectoria del conducto radicular y llegando a 1 mm m\u00e1s all\u00e1 del \u00e1pice radicular para asegurarse de que se elimina todo el contenido del conducto (esto ser\u00e1 el piloto A). Verifique la eliminaci\u00f3n de la obturaci\u00f3n del conducto radicular con una radiograf\u00eda.<\/span><br \/>\n<span style=\"color: #333333;\">2. Utilice la misma fresa para establecer la trayectoria del lecho del implante a una profundidad similar (este ser\u00e1 el implante piloto B).<\/span><br \/>\n<span style=\"color: #333333;\">3. Ambos orificios piloto deben tener un di\u00e1metro aproximado de 1 a 2 mm.<\/span>[\/vc_column_text][vc_single_image image=\u00bb1388&#8243; img_size=\u00bbfull\u00bb alignment=\u00bbcenter\u00bb][\/vc_column_inner][\/vc_row_inner][vc_row_inner][vc_column_inner][vc_empty_space height=\u00bb20px\u00bb][vc_custom_heading text=\u00bbPaso 4A: Ensanche el orificio de extracci\u00f3n del \u00e1pice.\u00bb font_container=\u00bbtag:p|font_size:20|text_align:left|color:%23c4d600&#8243; use_theme_fonts=\u00bbyes\u00bb][vc_column_text]<span style=\"color: #333333;\">Utilice fresas Densah\u00ae (2.0 y\/o 2.3) a 1000-1300 r. p. m. en sentido horario con irrigaci\u00f3n adecuada siguiendo la trayectoria del conducto radicular 2 mm m\u00e1s all\u00e1 del \u00e1pice para asegurar la eliminaci\u00f3n completa del \u00e1pice. Verifique con una radiograf\u00eda periapical.<\/span>[\/vc_column_text][vc_custom_heading text=\u00bbPaso 4B: Ampl\u00ede las trayectorias de osteotom\u00eda del implante.\u00bb font_container=\u00bbtag:p|font_size:20|text_align:left|color:%23c4d600&#8243; use_theme_fonts=\u00bbyes\u00bb][vc_column_text]<span style=\"color: #333333;\">1. Utilice las fresas Densah\u00ae (2,0 y 2,3) en el sentido horario, con una irrigaci\u00f3n adecuada, en el lecho del implante hasta una profundidad 1 mm mayor que la longitud del implante planificada. Verifique con una radiograf\u00eda periapical (PA).<\/span><br \/>\n<span style=\"color: #333333;\">2. Utilice la fresa Densah\u00ae (3,0) en sentido antihorario con una irrigaci\u00f3n adecuada para auto injertar el lecho del implante.<\/span>[\/vc_column_text][vc_single_image image=\u00bb1390&#8243; img_size=\u00bbfull\u00bb alignment=\u00bbcenter\u00bb][\/vc_column_inner][\/vc_row_inner][vc_row_inner][vc_column_inner][vc_empty_space height=\u00bb20px\u00bb][vc_custom_heading text=\u00bbPaso 5A: Prepare el escudo (Shield).\u00bb font_container=\u00bbtag:p|font_size:20|text_align:left|color:%23c4d600&#8243; use_theme_fonts=\u00bbyes\u00bb][vc_column_text]<span style=\"color: #333333;\">1. Verifique la altura del escudo: Utilice una fresa de modelado Megagen \u2013 3DD50 para reducir la altura del escudo hasta que quede a 3 mm subgingival en la zona bucal (como en A y B).<\/span>[\/vc_column_text][vc_custom_heading text=\u00bbPaso 5B: Realice el fraccionamiento radicular mesial-distal.\u00bb font_container=\u00bbtag:p|font_size:20|text_align:left|color:%23c4d600&#8243; use_theme_fonts=\u00bbyes\u00bb][vc_column_text]<\/p>\n<div data-widget-id=\"ecf34c35-04ee-4d55-80f5-2b30c50127ca\" data-placement-id=\"b03f79d3-5287-4d86-b88e-4d16ee2698ae\" data-placement-status=\"ACTIVE\">\n<div class=\"sd-simple-text-ecf34c35-04ee-4d55-80f5-2b30c50127ca \">\n<div id=\"sd-simple-text-editable-ecf34c35-04ee-4d55-80f5-2b30c50127ca\" data-edit-mode=\"\">\n<p><span style=\"color: #222222 !important;\">1. Utilice una fresa c\u00f3nica de mango largo de alta velocidad de diamante o carburo Meisinger HM34IL 012 (como en C) para seccionar el escudo en direcci\u00f3n mesial-distal y retirar una secci\u00f3n radicular palatina. <\/span><\/p>\n<\/div>\n<\/div>\n<\/div>\n<p>[\/vc_column_text][vc_single_image image=\u00bb1392&#8243; img_size=\u00bbfull\u00bb alignment=\u00bbcenter\u00bb][\/vc_column_inner][\/vc_row_inner][vc_row_inner][vc_column_inner][vc_custom_heading text=\u00bbPaso 5C: Realice la preparaci\u00f3n final del escudo (Shield)\u00bb font_container=\u00bbtag:p|font_size:20|text_align:left|color:%23c4d600&#8243; use_theme_fonts=\u00bbyes\u00bb][vc_column_text]<\/p>\n<div data-widget-id=\"ecf34c35-04ee-4d55-80f5-2b30c50127ca\" data-placement-id=\"b03f79d3-5287-4d86-b88e-4d16ee2698ae\" data-placement-status=\"ACTIVE\">\n<div class=\"sd-simple-text-ecf34c35-04ee-4d55-80f5-2b30c50127ca \">\n<div id=\"sd-simple-text-editable-ecf34c35-04ee-4d55-80f5-2b30c50127ca\" data-edit-mode=\"\">\n<p><span style=\"color: #222222 !important;\">1. Utilice una fresa redonda de diamante de alta velocidad u otra fresa de forma designada para reducir el grosor del escudo coronal a 1 o 2 mm (como en A). Megagen &#8211; 2DD304<br \/>\n2. Cree la preparaci\u00f3n del chafl\u00e1n del escudo (como en B). Megagen &#8211; GD40G<br \/>\n3. Seg\u00fan cu\u00e1l sea el tipo y di\u00e1metro del implante, siga desarrollando el lecho del implante con la fresa Densah\u00ae de acuerdo con el protocolo de fresado del sistema de implantes Versah (como en C) (versah.com\/implant-system-drilling-protocols\/). <\/span><\/p>\n<\/div>\n<\/div>\n<\/div>\n<p>[\/vc_column_text][vc_single_image image=\u00bb1394&#8243; img_size=\u00bbfull\u00bb alignment=\u00bbcenter\u00bb][\/vc_column_inner][\/vc_row_inner][vc_row_inner][vc_column_inner][vc_empty_space height=\u00bb20px\u00bb][vc_custom_heading text=\u00bbPaso 6:\u00bb font_container=\u00bbtag:p|font_size:20|text_align:left|color:%23c4d600&#8243; use_theme_fonts=\u00bbyes\u00bb][vc_column_text]<\/p>\n<div data-widget-id=\"ecf34c35-04ee-4d55-80f5-2b30c50127ca\" data-placement-id=\"b03f79d3-5287-4d86-b88e-4d16ee2698ae\" data-placement-status=\"ACTIVE\">\n<div class=\"sd-simple-text-ecf34c35-04ee-4d55-80f5-2b30c50127ca \">\n<div id=\"sd-simple-text-editable-ecf34c35-04ee-4d55-80f5-2b30c50127ca\" data-edit-mode=\"\">\n<p><span style=\"color: #222222 !important;\">1. Coloque el implante en la zona osteodensificada (como en A).<br \/>\n2. Rellene el espacio entre el implante y el escudo en forma de S con aloinjerto o hueso aut\u00f3geno (como en B). <\/span><\/p>\n<\/div>\n<\/div>\n<\/div>\n<p>[\/vc_column_text][vc_single_image image=\u00bb1396&#8243; img_size=\u00bbfull\u00bb alignment=\u00bbcenter\u00bb][\/vc_column_inner][\/vc_row_inner][vc_row_inner][vc_column_inner][vc_empty_space height=\u00bb20px\u00bb][vc_custom_heading text=\u00bbPaso 7:\u00bb font_container=\u00bbtag:p|font_size:20|text_align:left|color:%23c4d600&#8243; use_theme_fonts=\u00bbyes\u00bb][vc_column_text]<\/p>\n<div data-widget-id=\"ecf34c35-04ee-4d55-80f5-2b30c50127ca\" data-placement-id=\"b03f79d3-5287-4d86-b88e-4d16ee2698ae\" data-placement-status=\"ACTIVE\">\n<div class=\"sd-simple-text-ecf34c35-04ee-4d55-80f5-2b30c50127ca \">\n<div id=\"sd-simple-text-editable-ecf34c35-04ee-4d55-80f5-2b30c50127ca\" data-edit-mode=\"\">\n<p><span style=\"color: #222222 !important;\">Fabrique una corona provisional atornillada inmediata o un pilar provisional a medida.<br \/>\n<\/span><\/p>\n<\/div>\n<\/div>\n<\/div>\n<p>[\/vc_column_text][vc_single_image image=\u00bb1398&#8243; img_size=\u00bbfull\u00bb alignment=\u00bbcenter\u00bb][vc_column_text]<\/p>\n<div data-widget-id=\"ecf34c35-04ee-4d55-80f5-2b30c50127ca\" data-placement-id=\"b03f79d3-5287-4d86-b88e-4d16ee2698ae\" data-placement-status=\"ACTIVE\">\n<div class=\"sd-simple-text-ecf34c35-04ee-4d55-80f5-2b30c50127ca \">\n<div id=\"sd-simple-text-editable-ecf34c35-04ee-4d55-80f5-2b30c50127ca\" data-edit-mode=\"\">\n<p style=\"text-align: center;\"><span style=\"color: #222222 !important;\"><strong>Caso cedido por cortes\u00eda de Charles Schwimer, DMD<\/strong><br \/>\n<strong>** Se deben aplicar el criterio y la experiencia del m\u00e9dico junto con este protocolo de uso sugerido para la pr\u00e1ctica cl\u00ednica.<\/strong><\/span><\/p>\n<\/div>\n<\/div>\n<\/div>\n<p>[\/vc_column_text][\/vc_column_inner][\/vc_row_inner][\/vc_column][\/vc_row][vc_row][vc_column][vc_empty_space height=\u00bb100px\u00bb][vc_column_text]<\/p>\n<h6><span style=\"color: #808080;\"> 10901 REV00 \u00faltima actualizaci\u00f3n: 08\/2023<\/span><\/h6>\n<p>[\/vc_column_text][\/vc_column][\/vc_row]<\/p>\n<\/section>","protected":false},"excerpt":{"rendered":"<p>[vc_row][vc_column][vc_empty_space height=\u00bb100px\u00bb][vc_custom_heading text=\u00bbPROTOCOLO T\u00c9CNICA CONSERVACI\u00d3N SELECTIVA DENTAL (SPoT)\u00bb font_container=\u00bbtag:p|font_size:35|text_align:center|color:%23c4d600&#8243; use_theme_fonts=\u00bbyes\u00bb][vc_btn title=\u00bbDescargar Protocolo\u00bb style=\u00bboutline-custom\u00bb outline_custom_color=\u00bb#c4d600&#8243; outline_custom_hover_background=\u00bb#666666&#8243; outline_custom_hover_text=\u00bb#ffffff\u00bb size=\u00bblg\u00bb align=\u00bbcenter\u00bb link=\u00bburl:https%3A%2F%2Fversahinternational.com%2Fwp-content%2Fuploads%2F2023%2F12%2FSpanish_SPoT-Protocol_10999-REV00.pdf|title:Protocolo%20de%20expansi%C3%B3n%20facilitada%20de%20la%20cresta\u00bb][\/vc_column][\/vc_row][vc_row][vc_column css=\u00bb.vc_custom_1690388523737{background-color:<\/p>\n<p><a href=\"https:\/\/versahinternational.com\/es\/versatilidad-clinica\/protocolo-de-la-tecnica-de-preservacion-selectiva-del-diente-spot\/\" class=\"more-link\">Seguir leyendo<span class=\"screen-reader-text\">Protocolo t\u00e9cnica conservaci\u00f3n selectiva dental(SPoT)<\/span><\/a><\/p>\n","protected":false},"author":2,"featured_media":0,"parent":11664,"menu_order":0,"comment_status":"closed","ping_status":"closed","template":"","meta":{"footnotes":""},"class_list":["post-10014","page","type-page","status-publish","hentry"],"jetpack_sharing_enabled":true,"_links":{"self":[{"href":"https:\/\/versahinternational.com\/es\/wp-json\/wp\/v2\/pages\/10014","targetHints":{"allow":["GET"]}}],"collection":[{"href":"https:\/\/versahinternational.com\/es\/wp-json\/wp\/v2\/pages"}],"about":[{"href":"https:\/\/versahinternational.com\/es\/wp-json\/wp\/v2\/types\/page"}],"author":[{"embeddable":true,"href":"https:\/\/versahinternational.com\/es\/wp-json\/wp\/v2\/users\/2"}],"replies":[{"embeddable":true,"href":"https:\/\/versahinternational.com\/es\/wp-json\/wp\/v2\/comments?post=10014"}],"version-history":[{"count":8,"href":"https:\/\/versahinternational.com\/es\/wp-json\/wp\/v2\/pages\/10014\/revisions"}],"predecessor-version":[{"id":17819,"href":"https:\/\/versahinternational.com\/es\/wp-json\/wp\/v2\/pages\/10014\/revisions\/17819"}],"up":[{"embeddable":true,"href":"https:\/\/versahinternational.com\/es\/wp-json\/wp\/v2\/pages\/11664"}],"wp:attachment":[{"href":"https:\/\/versahinternational.com\/es\/wp-json\/wp\/v2\/media?parent=10014"}],"curies":[{"name":"wp","href":"https:\/\/api.w.org\/{rel}","templated":true}]}}