{"id":10208,"date":"2023-07-18T18:14:45","date_gmt":"2023-07-18T18:14:45","guid":{"rendered":"https:\/\/versahinternational.com\/expansion-del-tabique-molar\/"},"modified":"2023-12-04T21:32:30","modified_gmt":"2023-12-04T21:32:30","slug":"expansion-del-tabique-molar","status":"publish","type":"page","link":"https:\/\/versahinternational.com\/es\/versatilidad-clinica\/expansion-del-tabique-molar\/","title":{"rendered":"Expansi\u00f3n del septo molar"},"content":{"rendered":"<section class=\"wpb-content-wrapper\"><p>[vc_row height=\u00bb100px\u00bb][vc_column][vc_empty_space height=\u00bb100px\u00bb][vc_custom_heading text=\u00bbPROTOCOLO EXPANSI\u00d3N DEL SEPTO MOLAR CON FRESAS DENSAH\u00ae\u00bb font_container=\u00bbtag:p|font_size:35|text_align:center|color:%23c4d600&#8243; use_theme_fonts=\u00bbyes\u00bb][vc_btn title=\u00bbDescargar Protocolo\u00bb style=\u00bboutline-custom\u00bb outline_custom_color=\u00bb#c4d600&#8243; outline_custom_hover_background=\u00bb#666666&#8243; outline_custom_hover_text=\u00bb#ffffff\u00bb size=\u00bblg\u00bb align=\u00bbcenter\u00bb link=\u00bburl:https%3A%2F%2Fversahinternational.com%2Fwp-content%2Fuploads%2F2023%2F12%2FSpanish-Molar-Septum-Protocol_WM.pdf|title:Protocolo%20de%20expansi%C3%B3n%20facilitada%20de%20la%20cresta\u00bb][\/vc_column][\/vc_row][vc_row height=\u00bb100px\u00bb][vc_column css=\u00bb.vc_custom_1690310840354{background-color: #ffffff !important;}\u00bb][vc_separator][vc_column_text]<span style=\"color: #333333;\">\u2022 SEPARE LAS RAICES DEL MOLAR A NIVEL DE LA FURCA SIN COMPROMETER LA INTEGRIDAD DEL SEPTO<\/span><br \/>\n<span style=\"color: #333333;\">\u2022 USE LA FRESA PILOTO EN SENTIDO HORARIO HASTA ALCANZAR UNA PROFUNDIDAD MAYOR DE 1 MM QUE LA LONGITUD DEL IMPLANTE PLANIFICADO<\/span><br \/>\n<span style=\"color: #333333;\">\u2022 USE LAS SIGUIENTES FRESAS DENSAH\u00ae EN PEQUE\u00d1OS INCREMENTOS PARA EXPANDIR LA OSTEOTOMIA E INCREMENTAR LA PLASTICIDAD \u00d3SEA<\/span><br \/>\n<span style=\"color: #333333;\">\u2022 LA COLOCACI\u00d3N DEL IMPLANTE DEBE SER A NIVEL CRESTAL O SUB-CRESTAL<\/span><br \/>\n<span style=\"color: #333333;\">\u2022 RELLENE EL ESPACIO REMANENTE CON MATERIAL DE INJERTO PREFERIBLEMENTE AUT\u00d3LOGO EN UNA PROPORCI\u00d3N 70\/30 MEDULAR\/ CORTICAL<\/span>[\/vc_column_text][vc_separator][vc_empty_space height=\u00bb50px\u00bb][vc_row_inner][vc_column_inner width=\u00bb2\/3&#8243;][vc_custom_heading text=\u00bbPaso 1:\u00bb font_container=\u00bbtag:p|font_size:20|text_align:left|color:%23c4d600&#8243; use_theme_fonts=\u00bbyes\u00bb][vc_column_text]<span style=\"color: #333333;\"><strong>Separe las ra\u00edces del molar a nivel de la furca sin comprometer la integridad del septo.<\/strong> Realice la extracci\u00f3n atraum\u00e1tica de las ra\u00edces mesial y distal. Realice la desgranulaci\u00f3n del tejido para exponer el \u00e1rea del septo.<\/span>[\/vc_column_text][\/vc_column_inner][vc_column_inner width=\u00bb1\/3&#8243;][vc_single_image image=\u00bb1195&#8243; img_size=\u00bbfull\u00bb][\/vc_column_inner][\/vc_row_inner][vc_row_inner][vc_column_inner][vc_empty_space height=\u00bb50px\u00bb][\/vc_column_inner][\/vc_row_inner][vc_row_inner][vc_column_inner width=\u00bb2\/3&#8243;][vc_custom_heading text=\u00bbPaso 2:\u00bb font_container=\u00bbtag:p|font_size:20|text_align:left|color:%23c4d600&#8243; use_theme_fonts=\u00bbyes\u00bb][vc_column_text]<span style=\"color: #333333;\">Use una fresa piloto de 1.3 mm -1.5 mm, en sentido horario,<strong> en el centro del septo hasta una profundidad que sea 1mm m\u00e1s profunda que la longitud del implante planificado.<\/strong><\/span>[\/vc_column_text][\/vc_column_inner][vc_column_inner width=\u00bb1\/3&#8243;][vc_single_image image=\u00bb1197&#8243; img_size=\u00bbfull\u00bb][\/vc_column_inner][\/vc_row_inner][vc_row_inner][vc_column_inner][vc_empty_space height=\u00bb50px\u00bb][\/vc_column_inner][\/vc_row_inner][vc_row_inner][vc_column_inner width=\u00bb2\/3&#8243;][vc_custom_heading text=\u00bbPaso 3:\u00bb font_container=\u00bbtag:p|font_size:20|text_align:left|color:%23c4d600&#8243; use_theme_fonts=\u00bbyes\u00bb][vc_column_text]<span style=\"color: #333333;\">Dependiendo del tipo de implante y de su di\u00e1metro, siga el protocolo correspondiente al del Sistema de Implantes comenzando con la fresa Densah\u00ae m\u00e1s peque\u00f1a perforando hasta 1 mm m\u00e1s profundo que la longitud del implante planificado. Use la fresa <strong>Densah\u00ae en modo OD (sentido antihorario 800-1500 rpm con abundante irrigaci\u00f3n). Use las siguientes fresas Densah\u00ae en peque\u00f1os incrementos para incrementar la plasticidad \u00f3sea y expandir la osteotom\u00eda. Por ejemplo, use la fresa Densah\u00ae (2.0) despu\u00e9s de la piloto, luego expanda con la fresa Densah\u00ae Bur (2.3) despu\u00e9s a la fresa Densah\u00ae (2.5) antes de introducir la fresa Densah\u00ae (3.0).<\/strong> Como sucede en los casos de expansi\u00f3n de reborde con Oseodensificaci\u00f3n, usted puede sobre expandir la osteotom\u00eda de forma que el di\u00e1metro de la \u00faltima fresa Densah\u00ae sea ligeramente m\u00e1s grande que el di\u00e1metro del implante planificado. A medida que el di\u00e1metro de la fresa se incrementa, el hueso se expande hasta alcanzar el di\u00e1metro final de la osteotom\u00eda.<\/span>[\/vc_column_text][\/vc_column_inner][vc_column_inner width=\u00bb1\/3&#8243;][vc_single_image image=\u00bb1199&#8243; img_size=\u00bbfull\u00bb][\/vc_column_inner][\/vc_row_inner][vc_row_inner][vc_column_inner][vc_empty_space height=\u00bb50px\u00bb][\/vc_column_inner][\/vc_row_inner][vc_row_inner][vc_column_inner width=\u00bb2\/3&#8243;][vc_custom_heading text=\u00bbPaso 4:\u00bb font_container=\u00bbtag:p|font_size:20|text_align:left|color:%23c4d600&#8243; use_theme_fonts=\u00bbyes\u00bb][vc_column_text]<span style=\"color: #333333;\"><strong>La colocaci\u00f3n del implante puede ser tanto a nivel de la cresta como sub crestal<\/strong> dependiendo de su tipo de conexi\u00f3n.<\/span>[\/vc_column_text][\/vc_column_inner][vc_column_inner width=\u00bb1\/3&#8243;][vc_single_image image=\u00bb1201&#8243; img_size=\u00bbfull\u00bb][\/vc_column_inner][\/vc_row_inner][vc_row_inner][vc_column_inner][vc_empty_space height=\u00bb50px\u00bb][\/vc_column_inner][\/vc_row_inner][vc_row_inner][vc_column_inner width=\u00bb2\/3&#8243;][vc_custom_heading text=\u00bbPaso 5:\u00bb font_container=\u00bbtag:p|font_size:20|text_align:left|color:%23c4d600&#8243; use_theme_fonts=\u00bbyes\u00bb][vc_column_text]<span style=\"color: #333333;\"><strong>Rellene el espacio remanente con material de injerto si es necesario; preferiblemente aut\u00f3logo en <\/strong><\/span><span style=\"color: #333333;\"><strong>proporci\u00f3n 70\/30 medular\/cortical.<\/strong> Cierre el espacio con productos biol\u00f3gicos, tap\u00f3n de col\u00e1geno o un tornillo de cicatrizaci\u00f3n ancho y posiblemente colocar sutura interrumpida en la parte superior.<\/span>[\/vc_column_text][\/vc_column_inner][vc_column_inner width=\u00bb1\/3&#8243;][vc_single_image image=\u00bb1203&#8243; img_size=\u00bbfull\u00bb][\/vc_column_inner][\/vc_row_inner][vc_row_inner][vc_column_inner][vc_empty_space height=\u00bb50px\u00bb][\/vc_column_inner][\/vc_row_inner][vc_row_inner][vc_column_inner width=\u00bb2\/3&#8243;][vc_custom_heading text=\u00bbPaso 6:\u00bb font_container=\u00bbtag:p|font_size:20|text_align:left|color:%23c4d600&#8243; use_theme_fonts=\u00bbyes\u00bb][vc_column_text]<span style=\"color: #333333;\">Controle la cicatrizaci\u00f3n y el cierre del tejido blando durante 6-8 semanas posteriores a la colocaci\u00f3n\u00a0<\/span>[\/vc_column_text][\/vc_column_inner][vc_column_inner width=\u00bb1\/3&#8243;][vc_single_image image=\u00bb1205&#8243; img_size=\u00bbfull\u00bb][\/vc_column_inner][\/vc_row_inner][vc_row_inner][vc_column_inner][vc_empty_space height=\u00bb50px\u00bb][vc_single_image image=\u00bb1207&#8243; img_size=\u00bbfull\u00bb alignment=\u00bbcenter\u00bb][vc_column_text]<\/p>\n<div data-widget-id=\"ecf34c35-04ee-4d55-80f5-2b30c50127ca\" data-placement-id=\"b03f79d3-5287-4d86-b88e-4d16ee2698ae\" data-placement-status=\"ACTIVE\">\n<div id=\"sd-simple-text-editable-ecf34c35-04ee-4d55-80f5-2b30c50127ca\" data-edit-mode=\"\">\n<p style=\"text-align: center;\">Caso cedido por cortes\u00eda del Dr. Samvel Bleyan<br \/>\n* Datos archivados, visite versahinternational.com\/od-published-papers\/ para los estudios sobre la expansi\u00f3n del septo molar.<br \/>\nEl criterio cl\u00ednico y experiencia profesional debe ser tomados en cuenta al aplicar esta pr\u00e1ctica cl\u00ednica y protocolo sugerido.<\/p>\n<\/div>\n<\/div>\n<p>[\/vc_column_text][\/vc_column_inner][\/vc_row_inner][\/vc_column][\/vc_row][vc_row][vc_column][vc_empty_space height=\u00bb100px\u00bb][vc_column_text]<\/p>\n<h6><span style=\"color: #808080;\"> 10892 REV00 \u00faltima actualizaci\u00f3n: 08\/2023<\/span><\/h6>\n<p>[\/vc_column_text][\/vc_column][\/vc_row]<\/p>\n<\/section>","protected":false},"excerpt":{"rendered":"<p>[vc_row height=\u00bb100px\u00bb][vc_column][vc_empty_space height=\u00bb100px\u00bb][vc_custom_heading text=\u00bbPROTOCOLO EXPANSI\u00d3N DEL SEPTO MOLAR CON FRESAS DENSAH\u00ae\u00bb font_container=\u00bbtag:p|font_size:35|text_align:center|color:%23c4d600&#8243; use_theme_fonts=\u00bbyes\u00bb][vc_btn title=\u00bbDescargar Protocolo\u00bb style=\u00bboutline-custom\u00bb outline_custom_color=\u00bb#c4d600&#8243; outline_custom_hover_background=\u00bb#666666&#8243; outline_custom_hover_text=\u00bb#ffffff\u00bb size=\u00bblg\u00bb<\/p>\n<p><a href=\"https:\/\/versahinternational.com\/es\/versatilidad-clinica\/expansion-del-tabique-molar\/\" class=\"more-link\">Seguir leyendo<span class=\"screen-reader-text\">Expansi\u00f3n del septo molar<\/span><\/a><\/p>\n","protected":false},"author":2,"featured_media":0,"parent":11664,"menu_order":0,"comment_status":"closed","ping_status":"closed","template":"","meta":{"footnotes":""},"class_list":["post-10208","page","type-page","status-publish","hentry"],"jetpack_sharing_enabled":true,"_links":{"self":[{"href":"https:\/\/versahinternational.com\/es\/wp-json\/wp\/v2\/pages\/10208","targetHints":{"allow":["GET"]}}],"collection":[{"href":"https:\/\/versahinternational.com\/es\/wp-json\/wp\/v2\/pages"}],"about":[{"href":"https:\/\/versahinternational.com\/es\/wp-json\/wp\/v2\/types\/page"}],"author":[{"embeddable":true,"href":"https:\/\/versahinternational.com\/es\/wp-json\/wp\/v2\/users\/2"}],"replies":[{"embeddable":true,"href":"https:\/\/versahinternational.com\/es\/wp-json\/wp\/v2\/comments?post=10208"}],"version-history":[{"count":13,"href":"https:\/\/versahinternational.com\/es\/wp-json\/wp\/v2\/pages\/10208\/revisions"}],"predecessor-version":[{"id":17810,"href":"https:\/\/versahinternational.com\/es\/wp-json\/wp\/v2\/pages\/10208\/revisions\/17810"}],"up":[{"embeddable":true,"href":"https:\/\/versahinternational.com\/es\/wp-json\/wp\/v2\/pages\/11664"}],"wp:attachment":[{"href":"https:\/\/versahinternational.com\/es\/wp-json\/wp\/v2\/media?parent=10208"}],"curies":[{"name":"wp","href":"https:\/\/api.w.org\/{rel}","templated":true}]}}