{"id":10587,"date":"2023-07-18T18:14:18","date_gmt":"2023-07-18T18:14:18","guid":{"rendered":"https:\/\/versahinternational.com\/colocacion-inmediata-de-implantes\/"},"modified":"2023-12-04T21:32:09","modified_gmt":"2023-12-04T21:32:09","slug":"colocacion-inmediata-de-implantes","status":"publish","type":"page","link":"https:\/\/versahinternational.com\/es\/versatilidad-clinica\/colocacion-inmediata-de-implantes\/","title":{"rendered":"Colocaci\u00f3n inmediata de implantes"},"content":{"rendered":"<section class=\"wpb-content-wrapper\"><p>[vc_row][vc_column][vc_empty_space height=\u00bb100px\u00bb][vc_custom_heading text=\u00bbPROTOCOLO COLOCACI\u00d3N INMEDIATA DEL IMPLANTE\u00bb font_container=\u00bbtag:p|font_size:35|text_align:center|color:%23c4d600&#8243; use_theme_fonts=\u00bbyes\u00bb][vc_btn title=\u00bbDescargar Protocolo\u00bb style=\u00bboutline-custom\u00bb outline_custom_color=\u00bb#c4d600&#8243; outline_custom_hover_background=\u00bb#666666&#8243; outline_custom_hover_text=\u00bb#ffffff\u00bb size=\u00bblg\u00bb align=\u00bbcenter\u00bb link=\u00bburl:https%3A%2F%2Fversahinternational.com%2Fwp-content%2Fuploads%2F2023%2F12%2FSpanish_Immediate-Implant-Placement_10809-REV01.pdf|title:Protocolo%20de%20expansi%C3%B3n%20facilitada%20de%20la%20cresta\u00bb][\/vc_column][\/vc_row][vc_row][vc_column css=\u00bb.vc_custom_1690309445942{background-color: #ffffff !important;}\u00bb][vc_empty_space height=\u00bb50px\u00bb][vc_separator][vc_column_text]<span style=\"color: #333333;\">\u2022 EXTRACCI\u00d3N ATRUM\u00c1TICA DEL DIENTE SIN COLGAJO O CON M\u00cdNIMA REFLEXI\u00d3N DEL TEJIDO .\u00a0<\/span><br \/>\n<span style=\"color: #333333;\">\u2022 ELIGA UN IMPLANTE DE DI\u00c1METRO LIGERAMENTE M\u00c1S ANCHO QUE EL \u00c1PICE DEL DIENTE\u00a0<\/span><br \/>\n<span style=\"color: #333333;\">\u2022 USE LAS FRESAS DENSAH\u00ae EN INCREMENTOS COMPLETOS Y EN MODO CCW DE OSEODENSIFICACI\u00d3N .\u00a0<\/span><br \/>\n<span style=\"color: #333333;\">\u2022 EL DI\u00c1METRO APICAL DE LA FRESA FINAL DENSAH\u00ae DEBE DE SER \u2265 AL DI\u00c1METRO APICAL DEL DIENTE\u00a0<\/span><br \/>\n<span style=\"color: #333333;\">\u2022 USE UN MATERIAL DE INJERTO AL\u00d3GRAFO BIEN HIDRATADO EN PROPORCI\u00d3N 70 \/30 CORTICAL\/MEDULAR PARA RELLENAR EL ALVEOLO.\u00a0<\/span><br \/>\n<span style=\"color: #333333;\">\u2022 USE LA FRESA DENSAH\u00ae QUE SEA DE UN TAMA\u00d1O M\u00c1S PEQUE\u00d1O QUE LA \u00daLTIMA UTILIZADA PARA DENSIFICAR EL MATERIAL DE INJERTO .\u00a0<\/span><br \/>\n<span style=\"color: #333333;\">\u2022 LA ESTABILIDAD DEL IMPLANTE VA A SER PRODUCIDA PRINCIPALMENTE POR LA PARTE APICAL DEL ALVEOLO\u00a0<\/span>[\/vc_column_text][vc_separator][vc_empty_space height=\u00bb50px\u00bb][vc_row_inner][vc_column_inner width=\u00bb2\/3&#8243;][vc_custom_heading text=\u00bbPaso 1:\u00bb font_container=\u00bbtag:p|font_size:20|text_align:left|color:%23c4d600&#8243; use_theme_fonts=\u00bbyes\u00bb][vc_column_text]<span style=\"color: #333333;\"><strong>Despu\u00e9s de la extracci\u00f3n atraum\u00e1tica del diente sin colgajo o con una m\u00ednima reflexi\u00f3n del tejido y desgranulaci\u00f3n del alveolo<\/strong>, use la fresa piloto en sentido horario estableciendo la trayectoria del implante.<\/span>[\/vc_column_text][\/vc_column_inner][vc_column_inner width=\u00bb1\/3&#8243;][vc_single_image image=\u00bb1177&#8243; img_size=\u00bbfull\u00bb][\/vc_column_inner][\/vc_row_inner][vc_row_inner][vc_column_inner][vc_empty_space height=\u00bb50px\u00bb][\/vc_column_inner][\/vc_row_inner][vc_row_inner][vc_column_inner width=\u00bb2\/3&#8243;][vc_custom_heading text=\u00bbPaso 2a:\u00bb font_container=\u00bbtag:p|font_size:20|text_align:left|color:%23c4d600&#8243; use_theme_fonts=\u00bbyes\u00bb][vc_column_text]<span style=\"color: #333333;\">Elija un implante con un di\u00e1metro similar al del diente o al del \u00e1pice alveolar . El implante necesita ser ligeramente m\u00e1s ancho que el \u00e1pice del diente . As\u00ed se consigue que la <strong>estabilidad del implante sea producida principalmente por la parte apical del alveolo .\u00a0<\/strong><\/span>[\/vc_column_text][\/vc_column_inner][vc_column_inner width=\u00bb1\/3&#8243;][vc_single_image image=\u00bb1179&#8243; img_size=\u00bbfull\u00bb][\/vc_column_inner][\/vc_row_inner][vc_row_inner][vc_column_inner][vc_empty_space height=\u00bb50px\u00bb][\/vc_column_inner][\/vc_row_inner][vc_row_inner][vc_column_inner width=\u00bb2\/3&#8243;][vc_custom_heading text=\u00bbPaso 2b:\u00bb font_container=\u00bbtag:p|font_size:20|text_align:left|color:%23c4d600&#8243; use_theme_fonts=\u00bbyes\u00bb][vc_column_text]<span style=\"color: #333333;\"><strong>Elija la \u00faltima fresa Densah\u00ae de un di\u00e1metro similar al del diente o del \u00e1pice del alveolo.<\/strong> La fresa Final Densah\u00ae debe de ser \u2265 al di\u00e1metro del \u00e1pice del diente o del alveolo.<\/span>[\/vc_column_text][\/vc_column_inner][vc_column_inner width=\u00bb1\/3&#8243;][vc_single_image image=\u00bb1181&#8243; img_size=\u00bbfull\u00bb][\/vc_column_inner][\/vc_row_inner][vc_row_inner][vc_column_inner][vc_empty_space height=\u00bb50px\u00bb][\/vc_column_inner][\/vc_row_inner][vc_row_inner][vc_column_inner width=\u00bb2\/3&#8243;][vc_custom_heading text=\u00bbPaso 3:\u00bb font_container=\u00bbtag:p|font_size:20|text_align:left|color:%23c4d600&#8243; use_theme_fonts=\u00bbyes\u00bb][vc_column_text]<span style=\"color: #333333;\"><strong>Use las fresas Densah\u00ae en incrementos completos,<\/strong> dependiendo del tipo de implante y de su di\u00e1metro. Despu\u00e9s de la osteotom\u00eda con la fresa piloto, cambie la unidad quir\u00fargica a Modo Densificaci\u00f3n (CCW , 800- 1500 rpm con abundante irrigaci\u00f3n ). Para preparar el sitio, comience con la fresa Densah\u00ae m\u00e1s estrecha en modo OD , hasta alcanzar la profundidad deseada (comience por introducir la fresa en marcha en la osteotom\u00eda ) .Cuando sienta la respuesta h\u00e1ptica de la fresa queriendo salir de la osteotom\u00eda, s\u00e1quela y aplique presi\u00f3n nuevamente con movimiento progresivo hasta alcanzar la profundidad deseada.<\/span><br \/>\n<span style=\"color: #333333;\">Use la siguiente fresa Densah\u00ae de mayor anchura hasta que use la que se corresponde seg\u00fan se indica en el Paso 2B. A medida que aumenta el di\u00e1metro de la fresa, el hueso apical se expandir\u00e1 lentamente hasta alcanzar el di\u00e1metro del implante seleccionado.<\/span>[\/vc_column_text][\/vc_column_inner][vc_column_inner width=\u00bb1\/3&#8243;][vc_single_image image=\u00bb1183&#8243; img_size=\u00bbfull\u00bb][\/vc_column_inner][\/vc_row_inner][vc_row_inner][vc_column_inner][vc_empty_space height=\u00bb50px\u00bb][\/vc_column_inner][\/vc_row_inner][vc_row_inner][vc_column_inner width=\u00bb2\/3&#8243;][vc_custom_heading text=\u00bbPaso 4:\u00bb font_container=\u00bbtag:p|font_size:20|text_align:left|color:%23c4d600&#8243; use_theme_fonts=\u00bbyes\u00bb][vc_column_text]<span style=\"color: #333333;\"><strong>Rellene la osteotom\u00eda holgadamente con un aloinjerto bien hidratado.<\/strong> El material de injerto en una proporci\u00f3n 70\/30 medular\/cortical.<\/span>[\/vc_column_text][\/vc_column_inner][vc_column_inner width=\u00bb1\/3&#8243;][vc_single_image image=\u00bb1185&#8243; img_size=\u00bbfull\u00bb][\/vc_column_inner][\/vc_row_inner][vc_row_inner][vc_column_inner][vc_empty_space height=\u00bb50px\u00bb][\/vc_column_inner][\/vc_row_inner][vc_row_inner][vc_column_inner width=\u00bb2\/3&#8243;][vc_custom_heading text=\u00bbPaso 5:\u00bb font_container=\u00bbtag:p|font_size:20|text_align:left|color:%23c4d600&#8243; use_theme_fonts=\u00bbyes\u00bb][vc_column_text]<span style=\"color: #333333;\">Densificar el injerto puede mejorar la estabilidad primaria del implante en el alveolo post extracci\u00f3n. <strong>Use la <\/strong><\/span><span style=\"color: #333333;\"><strong>fresa Densah\u00ae de un tama\u00f1o inferior a la \u00faltima usada en la preparaci\u00f3n del alveolo. Use la fresa en sentido reverso (CCW) a baja velocidad 150-200 rpm sin irrigaci\u00f3n<\/strong> para densificar el aloinjerto lateralmente sobre las paredes alveolares. Siga la misma trayectoria de la preparaci\u00f3n del implante.<\/span>[\/vc_column_text][\/vc_column_inner][vc_column_inner width=\u00bb1\/3&#8243;][vc_single_image image=\u00bb1187&#8243; img_size=\u00bbfull\u00bb][\/vc_column_inner][\/vc_row_inner][vc_row_inner][vc_column_inner][vc_empty_space height=\u00bb50px\u00bb][\/vc_column_inner][\/vc_row_inner][vc_row_inner][vc_column_inner width=\u00bb2\/3&#8243;][vc_custom_heading text=\u00bbPaso 6:\u00bb font_container=\u00bbtag:p|font_size:20|text_align:left|color:%23c4d600&#8243; use_theme_fonts=\u00bbyes\u00bb][vc_column_text]<span style=\"color: #333333;\"><strong>Colocaci\u00f3n del implante.<\/strong> Usando la unidad quir\u00fargica para enroscar el implante a su posici\u00f3n, la unidad debe detenerse cuando alcance el m\u00e1ximo torque de colocaci\u00f3n. Termine de colocar el implante en su posici\u00f3n manualmente por medio de una llave de torque calibrada.<\/span>[\/vc_column_text][\/vc_column_inner][vc_column_inner width=\u00bb1\/3&#8243;][vc_single_image image=\u00bb1189&#8243; img_size=\u00bbfull\u00bb][\/vc_column_inner][\/vc_row_inner][vc_row_inner][vc_column_inner][vc_empty_space height=\u00bb50px\u00bb][vc_single_image image=\u00bb1191&#8243; img_size=\u00bbfull\u00bb alignment=\u00bbcenter\u00bb][vc_column_text]<\/p>\n<div data-widget-id=\"ecf34c35-04ee-4d55-80f5-2b30c50127ca\" data-placement-id=\"b03f79d3-5287-4d86-b88e-4d16ee2698ae\" data-placement-status=\"ACTIVE\">\n<div class=\"sd-simple-text-ecf34c35-04ee-4d55-80f5-2b30c50127ca \">\n<div id=\"sd-simple-text-editable-ecf34c35-04ee-4d55-80f5-2b30c50127ca\" data-edit-mode=\"\">\n<p style=\"text-align: center;\"><span style=\"color: #222222 !important;\">* Datos archivados, visite versahinternational.com\/od-published-papers\/ para ver estudios sobre la colocaci\u00f3n inmediata de implantes.<br \/>\n** El criterio cl\u00ednico y experiencia profesional deben tomarse en cuenta al aplicar esta pr\u00e1ctica cl\u00ednica y protocolo sugerido.<br \/>\n<\/span><\/p>\n<\/div>\n<\/div>\n<\/div>\n<p>[\/vc_column_text][\/vc_column_inner][\/vc_row_inner][\/vc_column][\/vc_row][vc_row][vc_column][vc_empty_space height=\u00bb100px\u00bb][vc_column_text]<\/p>\n<h6><span style=\"color: #808080;\">10891 REV00 \u00faltima actualizaci\u00f3n: 08\/2023<\/span><\/h6>\n<p>[\/vc_column_text][\/vc_column][\/vc_row]<\/p>\n<\/section>","protected":false},"excerpt":{"rendered":"<p>[vc_row][vc_column][vc_empty_space height=\u00bb100px\u00bb][vc_custom_heading text=\u00bbPROTOCOLO COLOCACI\u00d3N INMEDIATA DEL IMPLANTE\u00bb font_container=\u00bbtag:p|font_size:35|text_align:center|color:%23c4d600&#8243; use_theme_fonts=\u00bbyes\u00bb][vc_btn title=\u00bbDescargar Protocolo\u00bb style=\u00bboutline-custom\u00bb outline_custom_color=\u00bb#c4d600&#8243; outline_custom_hover_background=\u00bb#666666&#8243; outline_custom_hover_text=\u00bb#ffffff\u00bb size=\u00bblg\u00bb align=\u00bbcenter\u00bb link=\u00bburl:https%3A%2F%2Fversahinternational.com%2Fwp-content%2Fuploads%2F2023%2F12%2FSpanish_Immediate-Implant-Placement_10809-REV01.pdf|title:Protocolo%20de%20expansi%C3%B3n%20facilitada%20de%20la%20cresta\u00bb][\/vc_column][\/vc_row][vc_row][vc_column css=\u00bb.vc_custom_1690309445942{background-color: #ffffff<\/p>\n<p><a href=\"https:\/\/versahinternational.com\/es\/versatilidad-clinica\/colocacion-inmediata-de-implantes\/\" class=\"more-link\">Seguir leyendo<span class=\"screen-reader-text\">Colocaci\u00f3n inmediata de implantes<\/span><\/a><\/p>\n","protected":false},"author":2,"featured_media":0,"parent":11664,"menu_order":0,"comment_status":"closed","ping_status":"closed","template":"","meta":{"footnotes":""},"class_list":["post-10587","page","type-page","status-publish","hentry"],"jetpack_sharing_enabled":true,"_links":{"self":[{"href":"https:\/\/versahinternational.com\/es\/wp-json\/wp\/v2\/pages\/10587","targetHints":{"allow":["GET"]}}],"collection":[{"href":"https:\/\/versahinternational.com\/es\/wp-json\/wp\/v2\/pages"}],"about":[{"href":"https:\/\/versahinternational.com\/es\/wp-json\/wp\/v2\/types\/page"}],"author":[{"embeddable":true,"href":"https:\/\/versahinternational.com\/es\/wp-json\/wp\/v2\/users\/2"}],"replies":[{"embeddable":true,"href":"https:\/\/versahinternational.com\/es\/wp-json\/wp\/v2\/comments?post=10587"}],"version-history":[{"count":9,"href":"https:\/\/versahinternational.com\/es\/wp-json\/wp\/v2\/pages\/10587\/revisions"}],"predecessor-version":[{"id":17809,"href":"https:\/\/versahinternational.com\/es\/wp-json\/wp\/v2\/pages\/10587\/revisions\/17809"}],"up":[{"embeddable":true,"href":"https:\/\/versahinternational.com\/es\/wp-json\/wp\/v2\/pages\/11664"}],"wp:attachment":[{"href":"https:\/\/versahinternational.com\/es\/wp-json\/wp\/v2\/media?parent=10587"}],"curies":[{"name":"wp","href":"https:\/\/api.w.org\/{rel}","templated":true}]}}