{"id":10719,"date":"2023-07-20T19:55:04","date_gmt":"2023-07-20T19:55:04","guid":{"rendered":"https:\/\/versahinternational.com\/evitar-las-complicaciones-de-las-fresas-apagadas\/"},"modified":"2024-09-11T14:03:15","modified_gmt":"2024-09-11T14:03:15","slug":"evitar-las-complicaciones-de-las-fresas-apagadas","status":"publish","type":"page","link":"https:\/\/versahinternational.com\/es\/videos-educativos\/evitar-las-complicaciones-de-las-fresas-apagadas\/","title":{"rendered":"Evite las complicaciones de las fresas desafiladas"},"content":{"rendered":"<section class=\"wpb-content-wrapper\"><p>[vc_row][vc_column][vc_empty_space height=\u00bb100px\u00bb][vc_custom_heading text=\u00bbEVITE LAS COMPLICACIONES DE LAS FRESAS DESAFILADAS\u00bb font_container=\u00bbtag:p|font_size:35|text_align:center|color:%23c4d600&#8243; use_theme_fonts=\u00bbyes\u00bb][\/vc_column][\/vc_row][vc_row][vc_column][vc_video link=\u00bbhttps:\/\/youtu.be\/OE68eeffaJQ\u00bb align=\u00bbcenter\u00bb][\/vc_column][\/vc_row][vc_row][vc_column][vc_empty_space height=\u00bb100px\u00bb][vc_custom_heading text=\u00bbReemplace sus fresas cada 20 osteotom\u00edas\u00bb font_container=\u00bbtag:p|font_size:35|text_align:center|color:%23c4d600&#8243; use_theme_fonts=\u00bbyes\u00bb css=\u00bb.vc_custom_1726063341394{background-color: #333333 !important;}\u00bb][vc_single_image image=\u00bb22404&#8243; img_size=\u00bbfull\u00bb alignment=\u00bbcenter\u00bb][\/vc_column][\/vc_row][vc_row][vc_column][vc_column_text]<span style=\"color: #ffffff;\">\u2022 Las fresas quir\u00fargicas deben ser reemplazadas cuando est\u00e9n desafiladas o desgastadas.<\/span><\/p>\n<p><span style=\"color: #ffffff;\">\u2022 Versah\uf0e2 recomienda sustituir las fresas Densah despu\u00e9s de 20 osteotom\u00edas para evitar complicaciones cl\u00ednicas y optimizar su \u00e9xito cl\u00ednico. El uso excesivo de las fresas Densah\uf0e2 puede provocar lesiones al paciente y complicaciones quir\u00fargicas. Se recomienda tener a mano fresas Densah\uf0e2 de repuesto por si fuese necesario reemplazarlas durante la cirug\u00eda.<\/span><\/p>\n<p><span style=\"color: #ffffff;\">\u2022 Las fresas Densah\uf0e2 y la fresa piloto c\u00f3nica ZGO\u2122 son de un solo uso.<\/span><\/p>\n<p><span style=\"color: #ffffff;\">\u2022 El Calibrador Vertical G-Stop y el manguito C-Guide son de un solo uso.<\/span><\/p>\n<p><span style=\"color: #ffffff;\">\u2022 Se recomienda sustituir la Llave G-Stop despu\u00e9s de 12 a 20 osteotom\u00edas.<\/span><\/p>\n<p><span style=\"color: #ffffff;\">\u2022 Las fresas Densah\uf0e2 y la fresa piloto c\u00f3nica de ZGO\u2122 son de un solo uso. La reutilizaci\u00f3n de este dispositivo puede provocar lesiones al paciente, infecciones y\/o fallo del dispositivo.<\/span><\/p>\n<p><span style=\"color: #ffffff;\">\u2022 El manguito ZGO\u2122 C-Guide es de un solo uso.<\/span><\/p>\n<p>* Chac\u00f3n GE, Bower DL, Larsen PE, et al. Heat production by three implant drill systems after repeated drilling and sterilization. J Oral Maxillofac Surg. 2006;64(2):265- 269[\/vc_column_text][\/vc_column][\/vc_row][vc_row][vc_column][vc_empty_space height=\u00bb100px\u00bb][vc_custom_heading text=\u00bbUtilice un registro de seguimiento de sus fresas Densah\u00ae\u00bb font_container=\u00bbtag:p|font_size:35|text_align:center|color:%23c4d600&#8243; use_theme_fonts=\u00bbyes\u00bb css=\u00bb.vc_custom_1698161560626{background-color: #333333 !important;}\u00bb][\/vc_column][\/vc_row][vc_row][vc_column width=\u00bb1\/2&#8243;][vc_single_image image=\u00bb1060&#8243; img_size=\u00bbfull\u00bb alignment=\u00bbcenter\u00bb onclick=\u00bblink_image\u00bb][\/vc_column][vc_column width=\u00bb1\/2&#8243;][vc_single_image image=\u00bb1062&#8243; img_size=\u00bbfull\u00bb alignment=\u00bbcenter\u00bb onclick=\u00bblink_image\u00bb][\/vc_column][\/vc_row][vc_row][vc_column][vc_empty_space height=\u00bb100px\u00bb][vc_column_text]<\/p>\n<h6><span style=\"color: #808080;\">10906 REV01 \u00faltima actualizaci\u00f3n: 089<\/span><span style=\"color: #808080;\">\/2024<\/span><\/h6>\n<p>[\/vc_column_text][\/vc_column][\/vc_row]<\/p>\n<\/section>","protected":false},"excerpt":{"rendered":"<p>[vc_row][vc_column][vc_empty_space height=\u00bb100px\u00bb][vc_custom_heading text=\u00bbEVITE LAS COMPLICACIONES DE LAS FRESAS DESAFILADAS\u00bb font_container=\u00bbtag:p|font_size:35|text_align:center|color:%23c4d600&#8243; use_theme_fonts=\u00bbyes\u00bb][\/vc_column][\/vc_row][vc_row][vc_column][vc_video link=\u00bbhttps:\/\/youtu.be\/OE68eeffaJQ\u00bb align=\u00bbcenter\u00bb][\/vc_column][\/vc_row][vc_row][vc_column][vc_empty_space height=\u00bb100px\u00bb][vc_custom_heading text=\u00bbReemplace sus fresas cada 20 osteotom\u00edas\u00bb<\/p>\n<p><a href=\"https:\/\/versahinternational.com\/es\/videos-educativos\/evitar-las-complicaciones-de-las-fresas-apagadas\/\" class=\"more-link\">Seguir leyendo<span class=\"screen-reader-text\">Evite las complicaciones de las fresas desafiladas<\/span><\/a><\/p>\n","protected":false},"author":2,"featured_media":0,"parent":11444,"menu_order":0,"comment_status":"closed","ping_status":"closed","template":"","meta":{"footnotes":""},"class_list":["post-10719","page","type-page","status-publish","hentry"],"jetpack_sharing_enabled":true,"_links":{"self":[{"href":"https:\/\/versahinternational.com\/es\/wp-json\/wp\/v2\/pages\/10719","targetHints":{"allow":["GET"]}}],"collection":[{"href":"https:\/\/versahinternational.com\/es\/wp-json\/wp\/v2\/pages"}],"about":[{"href":"https:\/\/versahinternational.com\/es\/wp-json\/wp\/v2\/types\/page"}],"author":[{"embeddable":true,"href":"https:\/\/versahinternational.com\/es\/wp-json\/wp\/v2\/users\/2"}],"replies":[{"embeddable":true,"href":"https:\/\/versahinternational.com\/es\/wp-json\/wp\/v2\/comments?post=10719"}],"version-history":[{"count":9,"href":"https:\/\/versahinternational.com\/es\/wp-json\/wp\/v2\/pages\/10719\/revisions"}],"predecessor-version":[{"id":22411,"href":"https:\/\/versahinternational.com\/es\/wp-json\/wp\/v2\/pages\/10719\/revisions\/22411"}],"up":[{"embeddable":true,"href":"https:\/\/versahinternational.com\/es\/wp-json\/wp\/v2\/pages\/11444"}],"wp:attachment":[{"href":"https:\/\/versahinternational.com\/es\/wp-json\/wp\/v2\/media?parent=10719"}],"curies":[{"name":"wp","href":"https:\/\/api.w.org\/{rel}","templated":true}]}}