{"id":10849,"date":"2023-07-18T18:17:43","date_gmt":"2023-07-18T18:17:43","guid":{"rendered":"https:\/\/versahinternational.com\/protocolo-ii-de-la-tecnica-idr\/"},"modified":"2023-12-04T21:36:04","modified_gmt":"2023-12-04T21:36:04","slug":"protocolo-ii-de-la-tecnica-idr","status":"publish","type":"page","link":"https:\/\/versahinternational.com\/es\/versatilidad-clinica\/protocolo-ii-de-la-tecnica-idr\/","title":{"rendered":"Protocolo II de la t\u00e9cnica de IDR"},"content":{"rendered":"<section class=\"wpb-content-wrapper\"><p>[vc_row][vc_column][vc_empty_space height=\u00bb100px\u00bb][vc_custom_heading text=\u00bbII PROTOCOLO T\u00c9CNICA RESTAURACI\u00d3N DENTOALVEOLAR INMEDIATA (IDR)\u00bb font_container=\u00bbtag:p|font_size:35|text_align:center|color:%23c4d600&#8243; use_theme_fonts=\u00bbyes\u00bb][vc_btn title=\u00bbDescargar Protocolo\u00bb style=\u00bboutline-custom\u00bb outline_custom_color=\u00bb#c4d600&#8243; outline_custom_hover_background=\u00bb#666666&#8243; outline_custom_hover_text=\u00bb#ffffff\u00bb size=\u00bblg\u00bb align=\u00bbcenter\u00bb link=\u00bburl:https%3A%2F%2Fversahinternational.com%2Fwp-content%2Fuploads%2F2023%2F12%2FSpanish_IDR-II_10998-REV00.pdf|title:Protocolo%20de%20expansi%C3%B3n%20facilitada%20de%20la%20cresta\u00bb][\/vc_column][\/vc_row][vc_row][vc_column css=\u00bb.vc_custom_1690389604014{background-color: #ffffff !important;}\u00bb][vc_column_text]<\/p>\n<div data-widget-id=\"ecf34c35-04ee-4d55-80f5-2b30c50127ca\" data-placement-id=\"b03f79d3-5287-4d86-b88e-4d16ee2698ae\" data-placement-status=\"ACTIVE\">\n<div class=\"sd-simple-text-ecf34c35-04ee-4d55-80f5-2b30c50127ca \">\n<div id=\"sd-simple-text-editable-ecf34c35-04ee-4d55-80f5-2b30c50127ca\" data-edit-mode=\"\">\n<p><span style=\"color: #c4d600 !important;\"><strong>Descripci\u00f3n general: <\/strong><\/span><\/p>\n<\/div>\n<\/div>\n<\/div>\n<div data-widget-id=\"ebb0fe0c-d3bb-4469-819e-748e87ebe8d3\" data-placement-id=\"eb822ecd-15a8-4eb2-92d0-a209d804bd0a\" data-placement-status=\"ACTIVE\">\n<div class=\"sd-simple-text-ebb0fe0c-d3bb-4469-819e-748e87ebe8d3 \">\n<div id=\"sd-simple-text-editable-ebb0fe0c-d3bb-4469-819e-748e87ebe8d3\" data-edit-mode=\"\">\n<p><span style=\"color: #333333;\">Indicado en casos con <strong>p\u00e9rdida total de la pared bucal en combinaci\u00f3n con biotipo periodontal delgado o recesi\u00f3n gingival.<\/strong> En el II Protocolo DR, se explicar\u00e1 c\u00f3mo tratar alv\u00e9olos comprometidos con poco o ning\u00fan hueso remanente en combinaci\u00f3n con la colocaci\u00f3n inmediata del implante, la reconstrucci\u00f3n \u00f3sea y la fabricaci\u00f3n provisional en un \u00fanico procedimiento utilizando una combinaci\u00f3n de injerto \u00f3seo y de tejido blando extra\u00eddo de la tuberosidad maxilar.<\/span><\/p>\n<\/div>\n<\/div>\n<\/div>\n<p>[\/vc_column_text][vc_separator][vc_column_text]<span style=\"color: #333333;\">\u2022 EXTRAIGA EL DIENTE DA\u00d1ADO Y ELIMINE EL TEJIDO DE GRANULACI\u00d3N Y LOS RESTOS DE TEJIDO PERIODONTAL.<\/span><br \/>\n<span style=\"color: #333333;\">\u2022 UTILICE LAS FRESAS DENSAH\u00ae EN MODO OD (ROTACI\u00d3N EN SENTIDO ANTIHORARIO) PARA PREPARAR EL LECHO DEL IMPLANTE Y DENSIFICAR EL LECHO \u00d3SEO.<\/span><br \/>\n<span style=\"color: #333333;\">\u2022 REALICE EL ANCLAJE DEL IMPLANTE EN LA PARED PALATINA.<\/span><br \/>\n<span style=\"color: #333333;\">\u2022 OBTENGA EL TRIPLE INJERTO Y RELLENE EL HUECO O ESPACIO..<\/span><br \/>\n<span style=\"color: #333333;\">\u2022 COLOQUE UNA RESTAURACI\u00d3N PROVISIONAL ATORNILLADA FABRICADA CON UN PERFIL DE EMERGENCIA ADECUADO (NO DEBE UTILIZARSE UNA RESTAURACI\u00d3N CEMENTADA).<\/span><br \/>\n<span style=\"color: #333333;\">\u2022 DEJE CICATRIZAR UN M\u00cdNIMO DE 4 MESES Y COLOQUE UNA CORONA DEFINITIVA DE PORCELANA ATORNILLADA.<\/span>[\/vc_column_text][vc_separator][vc_empty_space height=\u00bb50px\u00bb][vc_row_inner][vc_column_inner width=\u00bb2\/3&#8243;][vc_custom_heading text=\u00bbPaso 1:\u00bb font_container=\u00bbtag:p|font_size:20|text_align:left|color:%23c4d600&#8243; use_theme_fonts=\u00bbyes\u00bb][vc_column_text]<span style=\"color: #333333;\">Extraiga el diente da\u00f1ado mediante un procedimiento m\u00ednimamente invasivo para preservar el hueso restante. Elimine completamente el tejido de granulaci\u00f3n y los restos de tejido periodontal o cualquier tejido de granulaci\u00f3n utilizando cuidadosamente la t\u00e9cnica de curetaje en el alv\u00e9olo. La p\u00e9rdida total de la pared bucal puede ser com\u00fan y evidente.<\/span>[\/vc_column_text][\/vc_column_inner][vc_column_inner width=\u00bb1\/3&#8243;][vc_single_image image=\u00bb1407&#8243; img_size=\u00bbfull\u00bb][\/vc_column_inner][\/vc_row_inner][vc_row_inner][vc_column_inner][vc_empty_space height=\u00bb50px\u00bb][\/vc_column_inner][\/vc_row_inner][vc_row_inner][vc_column_inner width=\u00bb2\/3&#8243;][vc_custom_heading text=\u00bbPaso 2:\u00bb font_container=\u00bbtag:p|font_size:20|text_align:left|color:%23c4d600&#8243; use_theme_fonts=\u00bbyes\u00bb][vc_column_text]<\/p>\n<div data-widget-id=\"ecf34c35-04ee-4d55-80f5-2b30c50127ca\" data-placement-id=\"b03f79d3-5287-4d86-b88e-4d16ee2698ae\" data-placement-status=\"ACTIVE\">\n<div class=\"sd-simple-text-ecf34c35-04ee-4d55-80f5-2b30c50127ca \">\n<div id=\"sd-simple-text-editable-ecf34c35-04ee-4d55-80f5-2b30c50127ca\" data-edit-mode=\"\">\n<p><span style=\"color: #222222 !important;\">Utilice las fresas Densah\u00ae para preparar el lecho del implante. Comience con la fresa piloto Densah\u00ae, en el sentido horario, hasta una profundidad relacionada con la longitud prevista del implante. Seg\u00fan cu\u00e1l sea el tipo y di\u00e1metro del implante, siga con fresas Densah\u00ae m\u00e1s anchas correspondientes al protocolo de fresado del Sistema de implantes.* Comience con la fresa Densah\u00ae m\u00e1s peque\u00f1a y utilice las fresas Densah\u00ae en modo OD (en sentido antihorario, con una velocidad de 800-1500 r. p. m. y abundante irrigaci\u00f3n).<\/span><\/p>\n<p><span style=\"color: #222222 !important;\"><br \/>\n<a href=\"http:\/\/*versahinternational.com\/clinical-versahtility\/implant-system-protocols\/\">*versahinternational.com\/clinical-versahtility\/implant-system-protocols\/<\/a><\/span><\/p>\n<\/div>\n<\/div>\n<\/div>\n<p>[\/vc_column_text][\/vc_column_inner][vc_column_inner width=\u00bb1\/3&#8243;][vc_single_image image=\u00bb1409&#8243; img_size=\u00bbfull\u00bb][\/vc_column_inner][\/vc_row_inner][vc_row_inner][vc_column_inner][vc_empty_space height=\u00bb50px\u00bb][\/vc_column_inner][\/vc_row_inner][vc_row_inner][vc_column_inner width=\u00bb2\/3&#8243;][vc_custom_heading text=\u00bbPaso 3:\u00bb font_container=\u00bbtag:p|font_size:20|text_align:left|color:%23c4d600&#8243; use_theme_fonts=\u00bbyes\u00bb][vc_column_text]<\/p>\n<div data-widget-id=\"ecf34c35-04ee-4d55-80f5-2b30c50127ca\" data-placement-id=\"b03f79d3-5287-4d86-b88e-4d16ee2698ae\" data-placement-status=\"ACTIVE\">\n<div class=\"sd-simple-text-ecf34c35-04ee-4d55-80f5-2b30c50127ca \">\n<div id=\"sd-simple-text-editable-ecf34c35-04ee-4d55-80f5-2b30c50127ca\" data-edit-mode=\"\">\n<p><span style=\"color: #333333;\">Realice el anclaje del implante en el hueso palatino restante en la posici\u00f3n 3D.<\/span><\/p>\n<\/div>\n<\/div>\n<\/div>\n<p>[\/vc_column_text][\/vc_column_inner][vc_column_inner width=\u00bb1\/3&#8243;][vc_single_image image=\u00bb1411&#8243; img_size=\u00bbfull\u00bb][\/vc_column_inner][\/vc_row_inner][vc_row_inner][vc_column_inner][vc_empty_space height=\u00bb50px\u00bb][\/vc_column_inner][\/vc_row_inner][vc_row_inner][vc_column_inner width=\u00bb2\/3&#8243;][vc_custom_heading text=\u00bbPaso 4:\u00bb font_container=\u00bbtag:p|font_size:20|text_align:left|color:%23c4d600&#8243; use_theme_fonts=\u00bbyes\u00bb][vc_column_text]<span style=\"color: #333333;\">Extraiga el injerto triple (tejido conjuntivo, hueso cortical y esponjoso en una sola pieza) de la tuberosidad maxilar. Inserte el injerto triple en el aspecto del defecto bucal del lugar receptor para recuperar el tejido duro y blando perdido.<\/span>[\/vc_column_text][\/vc_column_inner][vc_column_inner width=\u00bb1\/3&#8243;][vc_single_image image=\u00bb1413&#8243; img_size=\u00bbfull\u00bb][\/vc_column_inner][\/vc_row_inner][vc_row_inner][vc_column_inner][vc_empty_space height=\u00bb50px\u00bb][\/vc_column_inner][\/vc_row_inner][vc_row_inner][vc_column_inner width=\u00bb2\/3&#8243;][vc_custom_heading text=\u00bbPaso 5:\u00bb font_container=\u00bbtag:p|font_size:20|text_align:left|color:%23c4d600&#8243; use_theme_fonts=\u00bbyes\u00bb][vc_column_text]<\/p>\n<div data-widget-id=\"ecf34c35-04ee-4d55-80f5-2b30c50127ca\" data-placement-id=\"b03f79d3-5287-4d86-b88e-4d16ee2698ae\" data-placement-status=\"ACTIVE\">\n<div class=\"sd-simple-text-ecf34c35-04ee-4d55-80f5-2b30c50127ca \">\n<div id=\"sd-simple-text-editable-ecf34c35-04ee-4d55-80f5-2b30c50127ca\" data-edit-mode=\"\">\n<p><span style=\"color: #222222 !important;\">Compacte el hueso aut\u00f3geno particulado extra\u00eddo de la tuberosidad maxilar para rellenar completamente el hueco alrededor del implante, especialmente en la cara bucal.<br \/>\n<\/span><\/p>\n<\/div>\n<\/div>\n<\/div>\n<p>[\/vc_column_text][\/vc_column_inner][vc_column_inner width=\u00bb1\/3&#8243;][vc_single_image image=\u00bb1415&#8243; img_size=\u00bbfull\u00bb][\/vc_column_inner][\/vc_row_inner][vc_row_inner][vc_column_inner][vc_empty_space height=\u00bb50px\u00bb][\/vc_column_inner][\/vc_row_inner][vc_row_inner][vc_column_inner width=\u00bb2\/3&#8243;][vc_custom_heading text=\u00bbPaso 6:\u00bb font_container=\u00bbtag:p|font_size:20|text_align:left|color:%23c4d600&#8243; use_theme_fonts=\u00bbyes\u00bb][vc_column_text]<\/p>\n<div data-widget-id=\"ecf34c35-04ee-4d55-80f5-2b30c50127ca\" data-placement-id=\"b03f79d3-5287-4d86-b88e-4d16ee2698ae\" data-placement-status=\"ACTIVE\">\n<div class=\"sd-simple-text-ecf34c35-04ee-4d55-80f5-2b30c50127ca \">\n<div id=\"sd-simple-text-editable-ecf34c35-04ee-4d55-80f5-2b30c50127ca\" data-edit-mode=\"\">\n<p><span style=\"color: #222222 !important;\">Coloque una restauraci\u00f3n provisional atornillada fabricada con un perfil de emergencia adecuado.<br \/>\n<\/span><\/p>\n<\/div>\n<\/div>\n<\/div>\n<p>[\/vc_column_text][\/vc_column_inner][vc_column_inner width=\u00bb1\/3&#8243;][vc_single_image image=\u00bb1417&#8243; img_size=\u00bbfull\u00bb][\/vc_column_inner][\/vc_row_inner][vc_row_inner][vc_column_inner][vc_empty_space height=\u00bb50px\u00bb][\/vc_column_inner][\/vc_row_inner][vc_row_inner][vc_column_inner width=\u00bb2\/3&#8243;][vc_custom_heading text=\u00bbPaso 7:\u00bb font_container=\u00bbtag:p|font_size:20|text_align:left|color:%23c4d600&#8243; use_theme_fonts=\u00bbyes\u00bb][vc_column_text]<\/p>\n<div data-widget-id=\"ecf34c35-04ee-4d55-80f5-2b30c50127ca\" data-placement-id=\"b03f79d3-5287-4d86-b88e-4d16ee2698ae\" data-placement-status=\"ACTIVE\">\n<div class=\"sd-simple-text-ecf34c35-04ee-4d55-80f5-2b30c50127ca \">\n<div id=\"sd-simple-text-editable-ecf34c35-04ee-4d55-80f5-2b30c50127ca\" data-edit-mode=\"\">\n<p><span style=\"color: #222222 !important;\">Deje transcurrir un m\u00ednimo de 4 meses de cicatrizaci\u00f3n para que el tejido blando adquiera un volumen estable y un grosor adecuado. <strong>Se recomienda una restauraci\u00f3n definitiva atornillada.<\/strong> Se puede observar el mantenimiento del contorno anat\u00f3mico de los tejidos blandos.<br \/>\n<\/span><\/p>\n<\/div>\n<\/div>\n<\/div>\n<p>[\/vc_column_text][\/vc_column_inner][vc_column_inner width=\u00bb1\/3&#8243;][vc_single_image image=\u00bb1419&#8243; img_size=\u00bbfull\u00bb][\/vc_column_inner][\/vc_row_inner][vc_row_inner][vc_column_inner][vc_empty_space height=\u00bb50px\u00bb][vc_single_image image=\u00bb1405&#8243; img_size=\u00bbfull\u00bb alignment=\u00bbcenter\u00bb][vc_column_text]<\/p>\n<div data-widget-id=\"ecf34c35-04ee-4d55-80f5-2b30c50127ca\" data-placement-id=\"b03f79d3-5287-4d86-b88e-4d16ee2698ae\" data-placement-status=\"ACTIVE\">\n<div class=\"sd-simple-text-ecf34c35-04ee-4d55-80f5-2b30c50127ca \">\n<div id=\"sd-simple-text-editable-ecf34c35-04ee-4d55-80f5-2b30c50127ca\" data-edit-mode=\"\">\n<p style=\"text-align: center;\"><span style=\"color: #222222 !important;\">Seguimiento cl\u00ednico que muestra la estabilidad del tejido blando con respecto al margen gingival y las papilas.<br \/>\nEn una imagen de CBCT despu\u00e9s de 4 a\u00f1os, se destaca la estabilidad de la pared bucal, en t\u00e9rminos de grosor y altura.<br \/>\nCaso cedido por cortes\u00eda del Dr. Jos\u00e9 Carlos da Rosa<br \/>\n<\/span><\/p>\n<\/div>\n<\/div>\n<\/div>\n<p>[\/vc_column_text][vc_column_text]<\/p>\n<div data-widget-id=\"ecf34c35-04ee-4d55-80f5-2b30c50127ca\" data-placement-id=\"b03f79d3-5287-4d86-b88e-4d16ee2698ae\" data-placement-status=\"ACTIVE\">\n<div class=\"sd-simple-text-ecf34c35-04ee-4d55-80f5-2b30c50127ca \">\n<div id=\"sd-simple-text-editable-ecf34c35-04ee-4d55-80f5-2b30c50127ca\" data-edit-mode=\"\">\n<p style=\"text-align: center;\"><span style=\"color: #222222 !important;\">* Datos archivados, visite versahinternational.com\/od-published-papers\/ para estudios<br \/>\n<strong>** El criterio cl\u00ednico y experiencia profesional deben de tomarse en cuenta al aplicar esta pr\u00e1ctica cl\u00ednica t protocolo sugerido.\u00a0<\/strong><\/span><\/p>\n<\/div>\n<\/div>\n<\/div>\n<p>[\/vc_column_text][\/vc_column_inner][\/vc_row_inner][\/vc_column][\/vc_row][vc_row][vc_column][vc_empty_space height=\u00bb100px\u00bb][vc_column_text]<\/p>\n<h6><span style=\"color: #808080;\">10900 REV00 \u00faltima actualizaci\u00f3n: 08\/2023<\/span><\/h6>\n<p>[\/vc_column_text][\/vc_column][\/vc_row]<\/p>\n<\/section>","protected":false},"excerpt":{"rendered":"<p>[vc_row][vc_column][vc_empty_space height=\u00bb100px\u00bb][vc_custom_heading text=\u00bbII PROTOCOLO T\u00c9CNICA RESTAURACI\u00d3N DENTOALVEOLAR INMEDIATA (IDR)\u00bb font_container=\u00bbtag:p|font_size:35|text_align:center|color:%23c4d600&#8243; use_theme_fonts=\u00bbyes\u00bb][vc_btn title=\u00bbDescargar Protocolo\u00bb style=\u00bboutline-custom\u00bb outline_custom_color=\u00bb#c4d600&#8243; outline_custom_hover_background=\u00bb#666666&#8243; outline_custom_hover_text=\u00bb#ffffff\u00bb size=\u00bblg\u00bb align=\u00bbcenter\u00bb link=\u00bburl:https%3A%2F%2Fversahinternational.com%2Fwp-content%2Fuploads%2F2023%2F12%2FSpanish_IDR-II_10998-REV00.pdf|title:Protocolo%20de%20expansi%C3%B3n%20facilitada%20de%20la%20cresta\u00bb][\/vc_column][\/vc_row][vc_row][vc_column<\/p>\n<p><a href=\"https:\/\/versahinternational.com\/es\/versatilidad-clinica\/protocolo-ii-de-la-tecnica-idr\/\" class=\"more-link\">Seguir leyendo<span class=\"screen-reader-text\">Protocolo II de la t\u00e9cnica de IDR<\/span><\/a><\/p>\n","protected":false},"author":2,"featured_media":0,"parent":11664,"menu_order":0,"comment_status":"closed","ping_status":"closed","template":"","meta":{"footnotes":""},"class_list":["post-10849","page","type-page","status-publish","hentry"],"jetpack_sharing_enabled":true,"_links":{"self":[{"href":"https:\/\/versahinternational.com\/es\/wp-json\/wp\/v2\/pages\/10849","targetHints":{"allow":["GET"]}}],"collection":[{"href":"https:\/\/versahinternational.com\/es\/wp-json\/wp\/v2\/pages"}],"about":[{"href":"https:\/\/versahinternational.com\/es\/wp-json\/wp\/v2\/types\/page"}],"author":[{"embeddable":true,"href":"https:\/\/versahinternational.com\/es\/wp-json\/wp\/v2\/users\/2"}],"replies":[{"embeddable":true,"href":"https:\/\/versahinternational.com\/es\/wp-json\/wp\/v2\/comments?post=10849"}],"version-history":[{"count":8,"href":"https:\/\/versahinternational.com\/es\/wp-json\/wp\/v2\/pages\/10849\/revisions"}],"predecessor-version":[{"id":17818,"href":"https:\/\/versahinternational.com\/es\/wp-json\/wp\/v2\/pages\/10849\/revisions\/17818"}],"up":[{"embeddable":true,"href":"https:\/\/versahinternational.com\/es\/wp-json\/wp\/v2\/pages\/11664"}],"wp:attachment":[{"href":"https:\/\/versahinternational.com\/es\/wp-json\/wp\/v2\/media?parent=10849"}],"curies":[{"name":"wp","href":"https:\/\/api.w.org\/{rel}","templated":true}]}}