{"id":11095,"date":"2023-07-18T18:16:04","date_gmt":"2023-07-18T18:16:04","guid":{"rendered":"https:\/\/versahinternational.com\/injerto-de-expansion-guiada-protocolo-de-aumento-en-2-fases\/"},"modified":"2023-12-04T21:33:19","modified_gmt":"2023-12-04T21:33:19","slug":"injerto-de-expansion-guiada-protocolo-de-aumento-en-2-fases","status":"publish","type":"page","link":"https:\/\/versahinternational.com\/es\/versatilidad-clinica\/injerto-de-expansion-guiada-protocolo-de-aumento-en-2-fases\/","title":{"rendered":"Protocolo (de aumento en 2 fases) Injerto de expansi\u00f3n guiada"},"content":{"rendered":"<section class=\"wpb-content-wrapper\"><p>[vc_row][vc_column][vc_empty_space height=\u00bb100px\u00bb][vc_custom_heading text=\u00bbPROTOCOLO (DE AUMENTO 2-FASES) INJERTO DE EXPANSI\u00d3N GUIADA\u00bb font_container=\u00bbtag:p|font_size:35|text_align:center|color:%23c4d600&#8243; use_theme_fonts=\u00bbyes\u00bb][vc_btn title=\u00bbDescargar Protocolo\u00bb style=\u00bboutline-custom\u00bb outline_custom_color=\u00bb#c4d600&#8243; outline_custom_hover_background=\u00bb#666666&#8243; outline_custom_hover_text=\u00bb#ffffff\u00bb size=\u00bblg\u00bb align=\u00bbcenter\u00bb link=\u00bburl:https%3A%2F%2Fversahinternational.com%2Fwp-content%2Fuploads%2F2023%2F12%2FSpanish_Guided-Expansion-Graft_10808-REV01.pdf|title:Protocolo%20de%20expansi%C3%B3n%20facilitada%20de%20la%20cresta\u00bb][\/vc_column][\/vc_row][vc_row][vc_column css=\u00bb.vc_custom_1690311965541{background-color: #ffffff !important;}\u00bb][vc_separator][vc_column_text]<span style=\"color: #333333;\">\u2022 USE LA FRESA PILOTO EN MODO (CW) Y FRESE A LA PROFUNDIDAD Y ANGULACI\u00d3N DESEADA\u00a0<\/span><br \/>\n<span style=\"color: #333333;\">\u2022 USE LAS SIGUIENTES FRESAS DENSAH\u00ae EN PEQUE\u00d1OS INCREMENTOS PARA EXPANDER LA OSTEOTOMIA Y AUMENTAR LA PLASTICIDAD \u00d3SEA\u00a0<\/span><br \/>\n<span style=\"color: #333333;\">\u2022 EL DI\u00c1METRO FINAL DE LA EXPANSI\u00d3N NO DEBE DE EXCEDER LA F\u00d3RMULA DEL \u201cM\u00c1S UNO\u201d (ANCHURA INICIAL DEL REBORDE + 1MM )\u00a0<\/span><br \/>\n<span style=\"color: #333333;\">\u2022 INJERTE EL ALVEOLO NEOFORMADO CON UN ALOINJERTO EN PROPORCI\u00d3N 70\/30 MEDULAR\/CORTICAL\u00a0<\/span><br \/>\n<span style=\"color: #333333;\">\u2022 DEJE CICATRIZAR DE 3 A 6 MESES\u00a0<\/span><br \/>\n<span style=\"color: #333333;\">\u2022 HAGA LA REENTRADA AL SITIO PARA PREPARAR EL LECHO IMPLANTARIO USANDO LAS FRESAS DENSAH\u00ae EN MODO OSEODENSIFICACI\u00d3N\u00a0<\/span>[\/vc_column_text][vc_separator][vc_empty_space height=\u00bb50px\u00bb][vc_row_inner][vc_column_inner width=\u00bb2\/3&#8243;][vc_custom_heading text=\u00bbPaso 1:\u00bb font_container=\u00bbtag:p|font_size:20|text_align:left|color:%23c4d600&#8243; use_theme_fonts=\u00bbyes\u00bb][vc_column_text]<span style=\"color: #333333;\">Realice un colgajo adecuado a la posici\u00f3n del implante. <strong>Frese hasta la profundidad y angulaci\u00f3n<\/strong> por medio de una fresa piloto estrecha de 1.3 a 1.5 mm preferentemente en sentido horario (modo CW) entre 800- 1500 rpm con abundante irrigaci\u00f3n.<\/span>[\/vc_column_text][\/vc_column_inner][vc_column_inner width=\u00bb1\/3&#8243;][vc_single_image image=\u00bb1228&#8243; img_size=\u00bbfull\u00bb][\/vc_column_inner][\/vc_row_inner][vc_row_inner][vc_column_inner][vc_empty_space height=\u00bb50px\u00bb][\/vc_column_inner][\/vc_row_inner][vc_row_inner][vc_column_inner width=\u00bb2\/3&#8243;][vc_custom_heading text=\u00bbPaso 2:\u00bb font_container=\u00bbtag:p|font_size:20|text_align:left|color:%23c4d600&#8243; use_theme_fonts=\u00bbyes\u00bb][vc_column_text]<span style=\"color: #333333;\">Dependiendo del tipo de implante y di\u00e1metro, siga el protocolo de fresado correspondiente al Sistema <\/span><span style=\"color: #333333;\">de implantes comenzando con la fresas Densah\u00ae m\u00e1s estrecha hasta 1 mm m\u00e1s profundo que la longitud del implante. Use las fresas Densah\u00ae en modo OD (sentido antihorario, velocidad 800-1500 rpm, con abundante irrigaci\u00f3n). <strong>Use la siguiente fresa Densah\u00ae con peque\u00f1o incremento para aumentar la plasticidad <\/strong><\/span><span style=\"color: #333333;\"><strong>\u00f3sea y expandir la osteotom\u00eda.<\/strong> Por ejemplo, use la fresa Densah\u00ae (2.0) despu\u00e9s de la piloto, luego con la fresa Densah\u00ae (2.3) , posteriormente use la fresa Densah\u00ae (2.5) antes de introducir la fresa Densah\u00ae (3.0).<\/span>[\/vc_column_text][\/vc_column_inner][vc_column_inner width=\u00bb1\/3&#8243;][vc_single_image image=\u00bb1230&#8243; img_size=\u00bbfull\u00bb][\/vc_column_inner][\/vc_row_inner][vc_row_inner][vc_column_inner][vc_empty_space height=\u00bb50px\u00bb][\/vc_column_inner][\/vc_row_inner][vc_row_inner][vc_column_inner width=\u00bb2\/3&#8243;][vc_custom_heading text=\u00bbPaso 3:\u00bb font_container=\u00bbtag:p|font_size:20|text_align:left|color:%23c4d600&#8243; use_theme_fonts=\u00bbyes\u00bb][vc_column_text]<span style=\"color: #333333;\">Incremente el di\u00e1metro de la osteotom\u00eda en peque\u00f1os incrementos hasta alcanzar la expansi\u00f3n deseada. A medida que el di\u00e1metro de la fresa aumenta, el hueso se expandir\u00e1 lentamente hasta su di\u00e1metro final de expansi\u00f3n. <strong>El di\u00e1metro da la expansi\u00f3n final no debe de exceder de la f\u00f3rmula \u201cm\u00e1s 1\u201d (anchura inicial del reborde +A1 mm. Por ejemplo,<\/strong> si empieza con un reborde de 3mm, el di\u00e1metro final m\u00e1ximo previsto de la osteotom\u00eda no debe de exceder de (3+1) = 4 mm.<\/span>[\/vc_column_text][\/vc_column_inner][vc_column_inner width=\u00bb1\/3&#8243;][vc_single_image image=\u00bb1232&#8243; img_size=\u00bbfull\u00bb][\/vc_column_inner][\/vc_row_inner][vc_row_inner][vc_column_inner][vc_empty_space height=\u00bb50px\u00bb][\/vc_column_inner][\/vc_row_inner][vc_row_inner][vc_column_inner width=\u00bb2\/3&#8243;][vc_custom_heading text=\u00bbPaso 4:\u00bb font_container=\u00bbtag:p|font_size:20|text_align:left|color:%23c4d600&#8243; use_theme_fonts=\u00bbyes\u00bb][vc_column_text]<span style=\"color: #333333;\">Injerte el alveolo neoformado\/osteotom\u00eda incluyendo el \u00e1rea alrededor con el material de injerto alogr\u00e1fico de preferencia en una proporci\u00f3n 70\/30 medular cortical. Utilice una membrana e intentar conseguir un cierre primario sin tensi\u00f3n. Deje cicatrizar de 3-6 meses.<\/span>[\/vc_column_text][\/vc_column_inner][vc_column_inner width=\u00bb1\/3&#8243;][vc_single_image image=\u00bb1234&#8243; img_size=\u00bbfull\u00bb][\/vc_column_inner][\/vc_row_inner][vc_row_inner][vc_column_inner][vc_empty_space height=\u00bb50px\u00bb][\/vc_column_inner][\/vc_row_inner][vc_row_inner][vc_column_inner width=\u00bb2\/3&#8243;][vc_custom_heading text=\u00bbPaso 5:\u00bb font_container=\u00bbtag:p|font_size:20|text_align:left|color:%23c4d600&#8243; use_theme_fonts=\u00bbyes\u00bb][vc_column_text]<span style=\"color: #333333;\">Haga la reentrada y realice Oseodensificaci\u00f3n para facilitar una mayor expansi\u00f3n si es necesaria y coloque el implante. Use las fresas Densah\u00ae en peque\u00f1os incrementos. <strong>No haga un subfresado en la osteotom\u00eda de m\u00e1s de 0,5mm-0,7 mm en el maxilar y de 0,2mm- 0,5 mm en la mand\u00edbula.<\/strong><\/span>[\/vc_column_text][\/vc_column_inner][vc_column_inner width=\u00bb1\/3&#8243;][vc_single_image image=\u00bb1236&#8243; img_size=\u00bbfull\u00bb][\/vc_column_inner][\/vc_row_inner][vc_row_inner][vc_column_inner][vc_empty_space height=\u00bb50px\u00bb][\/vc_column_inner][\/vc_row_inner][vc_row_inner][vc_column_inner width=\u00bb2\/3&#8243;][vc_custom_heading text=\u00bbPaso 6:\u00bb font_container=\u00bbtag:p|font_size:20|text_align:left|color:%23c4d600&#8243; use_theme_fonts=\u00bbyes\u00bb][vc_column_text]<span style=\"color: #333333;\">Si se utiliza el motor quir\u00fargico para enroscar el implante hasta su posici\u00f3n, la unidad debe de detenerse cuando alcance el valor de torque programado. Termine de colocar el implante a la profundidad deseada usando una llave de torque calibrada. Los implantes del di\u00e1metro seleccionado en el plan de tratamiento deben de estar disponibles en la cita quir\u00fargica.<\/span>[\/vc_column_text][\/vc_column_inner][vc_column_inner width=\u00bb1\/3&#8243;][vc_single_image image=\u00bb1238&#8243; img_size=\u00bbfull\u00bb][\/vc_column_inner][\/vc_row_inner][vc_row_inner][vc_column_inner][vc_empty_space height=\u00bb50px\u00bb][vc_single_image image=\u00bb1240&#8243; img_size=\u00bbfull\u00bb alignment=\u00bbcenter\u00bb][vc_column_text]<\/p>\n<div data-widget-id=\"ecf34c35-04ee-4d55-80f5-2b30c50127ca\" data-placement-id=\"b03f79d3-5287-4d86-b88e-4d16ee2698ae\" data-placement-status=\"ACTIVE\">\n<div id=\"sd-simple-text-editable-ecf34c35-04ee-4d55-80f5-2b30c50127ca\" data-edit-mode=\"\">\n<p style=\"text-align: center;\">* Datos archivados, visite versahinternational.com\/od-published-papers\/ para consultar los estudios sobre el injerto de expansi\u00f3n guiada.<br \/>\nEl criterio cl\u00ednico y experiencia profesional deben de tomarse en cuenta al aplicar esta pr\u00e1ctica cl\u00ednica y protocolo sugerido.<\/p>\n<\/div>\n<\/div>\n<p>[\/vc_column_text][\/vc_column_inner][\/vc_row_inner][\/vc_column][\/vc_row][vc_row][vc_column][vc_empty_space height=\u00bb100px\u00bb][vc_column_text]<\/p>\n<h6><span style=\"color: #808080;\"> 10894 REV00 \u00faltima actualizaci\u00f3n: 08\/2023<\/span><\/h6>\n<p>[\/vc_column_text][\/vc_column][\/vc_row]<\/p>\n<\/section>","protected":false},"excerpt":{"rendered":"<p>[vc_row][vc_column][vc_empty_space height=\u00bb100px\u00bb][vc_custom_heading text=\u00bbPROTOCOLO (DE AUMENTO 2-FASES) INJERTO DE EXPANSI\u00d3N GUIADA\u00bb font_container=\u00bbtag:p|font_size:35|text_align:center|color:%23c4d600&#8243; use_theme_fonts=\u00bbyes\u00bb][vc_btn title=\u00bbDescargar Protocolo\u00bb style=\u00bboutline-custom\u00bb outline_custom_color=\u00bb#c4d600&#8243; outline_custom_hover_background=\u00bb#666666&#8243; outline_custom_hover_text=\u00bb#ffffff\u00bb size=\u00bblg\u00bb align=\u00bbcenter\u00bb<\/p>\n<p><a href=\"https:\/\/versahinternational.com\/es\/versatilidad-clinica\/injerto-de-expansion-guiada-protocolo-de-aumento-en-2-fases\/\" class=\"more-link\">Seguir leyendo<span class=\"screen-reader-text\">Protocolo (de aumento en 2 fases) Injerto de expansi\u00f3n guiada<\/span><\/a><\/p>\n","protected":false},"author":2,"featured_media":0,"parent":11664,"menu_order":0,"comment_status":"closed","ping_status":"closed","template":"","meta":{"footnotes":""},"class_list":["post-11095","page","type-page","status-publish","hentry"],"jetpack_sharing_enabled":true,"_links":{"self":[{"href":"https:\/\/versahinternational.com\/es\/wp-json\/wp\/v2\/pages\/11095","targetHints":{"allow":["GET"]}}],"collection":[{"href":"https:\/\/versahinternational.com\/es\/wp-json\/wp\/v2\/pages"}],"about":[{"href":"https:\/\/versahinternational.com\/es\/wp-json\/wp\/v2\/types\/page"}],"author":[{"embeddable":true,"href":"https:\/\/versahinternational.com\/es\/wp-json\/wp\/v2\/users\/2"}],"replies":[{"embeddable":true,"href":"https:\/\/versahinternational.com\/es\/wp-json\/wp\/v2\/comments?post=11095"}],"version-history":[{"count":10,"href":"https:\/\/versahinternational.com\/es\/wp-json\/wp\/v2\/pages\/11095\/revisions"}],"predecessor-version":[{"id":17812,"href":"https:\/\/versahinternational.com\/es\/wp-json\/wp\/v2\/pages\/11095\/revisions\/17812"}],"up":[{"embeddable":true,"href":"https:\/\/versahinternational.com\/es\/wp-json\/wp\/v2\/pages\/11664"}],"wp:attachment":[{"href":"https:\/\/versahinternational.com\/es\/wp-json\/wp\/v2\/media?parent=11095"}],"curies":[{"name":"wp","href":"https:\/\/api.w.org\/{rel}","templated":true}]}}