{"id":11208,"date":"2023-07-18T18:13:41","date_gmt":"2023-07-18T18:13:41","guid":{"rendered":"https:\/\/versahinternational.com\/protocolo-i-de-elevacion-de-seno-crestal\/"},"modified":"2023-12-04T21:31:17","modified_gmt":"2023-12-04T21:31:17","slug":"protocolo-i-de-elevacion-de-seno-crestal","status":"publish","type":"page","link":"https:\/\/versahinternational.com\/es\/versatilidad-clinica\/protocolo-i-de-elevacion-de-seno-crestal\/","title":{"rendered":"Protocolo I de elevaci\u00f3n del seno crestal"},"content":{"rendered":"<section class=\"wpb-content-wrapper\"><p>[vc_row][vc_column][vc_empty_space height=\u00bb100px\u00bb][vc_custom_heading text=\u00bbI PROTOCOLO ELEVACION DEL SENO MAXILAR (CRESTAL)\u00bb font_container=\u00bbtag:p|font_size:35|text_align:center|color:%23c4d600&#8243; use_theme_fonts=\u00bbyes\u00bb][vc_btn title=\u00bbDescargar Protocolo\u00bb style=\u00bboutline-custom\u00bb outline_custom_color=\u00bb#c4d600&#8243; outline_custom_hover_background=\u00bb#666666&#8243; outline_custom_hover_text=\u00bb#ffffff\u00bb size=\u00bblg\u00bb align=\u00bbcenter\u00bb link=\u00bburl:https%3A%2F%2Fversahinternational.com%2Fwp-content%2Fuploads%2F2023%2F12%2FSpanish_Densah-Lift-I-10802REV01.pdf|title:Protocolo%20de%20expansi%C3%B3n%20facilitada%20de%20la%20cresta\u00bb][\/vc_column][\/vc_row][vc_row][vc_column css=\u00bb.vc_custom_1690307851554{background-color: #ffffff !important;}\u00bb][vc_column_text]<\/p>\n<div data-widget-id=\"ecf34c35-04ee-4d55-80f5-2b30c50127ca\" data-placement-id=\"b03f79d3-5287-4d86-b88e-4d16ee2698ae\" data-placement-status=\"ACTIVE\">\n<div class=\"sd-simple-text-ecf34c35-04ee-4d55-80f5-2b30c50127ca \">\n<div id=\"sd-simple-text-editable-ecf34c35-04ee-4d55-80f5-2b30c50127ca\" data-edit-mode=\"\">\n<p><span style=\"color: #333333;\"><strong><span style=\"color: #c4d600;\">Descripci\u00f3n general:<\/span><br \/>\nAltura m\u00ednima hueso residual \u2265 6 mm .Anchura alveolar m\u00ednima necesaria =4mm\u00a0<\/strong><\/span><br \/>\n<span style=\"color: #333333;\">Use las fresas Densah\u00ae en incrementos completos .Por ejemplo : 2.0 mm, 3.0 mm, 4.0 mm, 5.0 mm.\u00a0<\/span><\/p>\n<\/div>\n<\/div>\n<\/div>\n<p>[\/vc_column_text][vc_empty_space height=\u00bb50px\u00bb][vc_separator][vc_row_inner][vc_column_inner width=\u00bb2\/3&#8243;][vc_column_text]<span style=\"color: #333333;\">\u2022 MEDIR LA ALTURA \u00d3SEA HASTA EL PISO DEL SENO<\/span><br \/>\n<span style=\"color: #333333;\">\u2022 FRESA DENSAH \u00ae PILOTO 1MM POR DEBAJO DEL PISO DEL SENO<\/span><br \/>\n<span style=\"color: #333333;\">\u2022 FRESA DENSAH\u00ae (2.0) EN MODO OD HASTA EL PISO DEL SENO<\/span><br \/>\n<span style=\"color: #333333;\">\u2022 ENTRE CON LA FRESA DENSAH\u00ae (3.0) EN MODO OD HASTA PASAR 3 MM EL PISO DEL SENO<\/span><br \/>\n<span style=\"color: #333333;\">\u2022 SI ES NECESARIO USE LAS FRESAS DENSAH\u00ae (4.0), (5.0) EN MODO OD HASTA PASAR 3 MM EL PISO DEL SENO<\/span><br \/>\n<span style=\"color: #333333;\">\u2022 USE LAS FRESAS DENSAH\u00ae EN INCREMENTOS COMPLETOS. POR EJEMPLO 2.0 MM, 3.0 MM, 4.0 MM, 5.0 MM<\/span>[\/vc_column_text][\/vc_column_inner][vc_column_inner width=\u00bb1\/3&#8243;][vc_single_image image=\u00bb1136&#8243; img_size=\u00bbfull\u00bb][\/vc_column_inner][\/vc_row_inner][vc_row_inner][vc_column_inner][vc_separator][vc_empty_space height=\u00bb50px\u00bb][\/vc_column_inner][\/vc_row_inner][vc_row_inner][vc_column_inner width=\u00bb2\/3&#8243;][vc_custom_heading text=\u00bbPaso 1:\u00bb font_container=\u00bbtag:p|font_size:20|text_align:left|color:%23c4d600&#8243; use_theme_fonts=\u00bbyes\u00bb][vc_column_text]<span style=\"color: #333333;\"><strong>Medir la altura \u00f3sea hasta el piso del seno.<\/strong><\/span><br \/>\n<span style=\"color: #333333;\">Despegue el tejido blando con la t\u00e9cnica e instrumental que normalmente utiliza.<\/span>[\/vc_column_text][\/vc_column_inner][vc_column_inner width=\u00bb1\/3&#8243;][vc_single_image image=\u00bb1138&#8243; img_size=\u00bbfull\u00bb][\/vc_column_inner][\/vc_row_inner][vc_row_inner][vc_column_inner][vc_empty_space height=\u00bb50px\u00bb][\/vc_column_inner][\/vc_row_inner][vc_row_inner][vc_column_inner width=\u00bb2\/3&#8243;][vc_custom_heading text=\u00bbPaso 2:\u00bb font_container=\u00bbtag:p|font_size:20|text_align:left|color:%23c4d600&#8243; use_theme_fonts=\u00bbyes\u00bb][vc_column_text]<span style=\"color: #333333;\"><strong>Fresa piloto 1mm por debajo del piso del seno.<\/strong><\/span><br \/>\n<span style=\"color: #333333;\">En los casos donde la altura del hueso residual posterior sea \u2265 6.00mm y se desee una mayor profundidad vertical, frese con una fresa piloto (800-1500 rpm con abundante irrigaci\u00f3n) hasta la profundidad con una zona de seguridad de aproximadamente 1mm hasta el piso del seno. Confirme la profundidad y posici\u00f3n de la fresa piloto con una radiograf\u00eda.<\/span>[\/vc_column_text][\/vc_column_inner][vc_column_inner width=\u00bb1\/3&#8243;][vc_single_image image=\u00bb1140&#8243; img_size=\u00bbfull\u00bb][\/vc_column_inner][\/vc_row_inner][vc_row_inner][vc_column_inner][vc_empty_space height=\u00bb50px\u00bb][\/vc_column_inner][\/vc_row_inner][vc_row_inner][vc_column_inner width=\u00bb2\/3&#8243;][vc_custom_heading text=\u00bbPaso 3:\u00bb font_container=\u00bbtag:p|font_size:20|text_align:left|color:%23c4d600&#8243; use_theme_fonts=\u00bbyes\u00bb][vc_column_text]<span style=\"color: #333333;\"><strong>Fresa Densah\u00ae (2.0) modo OD hasta el piso del seno.<\/strong> Dependiendo del tipo de implante y del di\u00e1metro seleccionado para el sitio, comience con la fresa Densah\u00ae del menor di\u00e1metro posible (2.0). Cambie la consola quir\u00fargica a Modo reverso-Densificaci\u00f3n (sentido antihorario velocidad 800-1500 rpm con abundante irrigaci\u00f3n). Comience a fresar en la osteotom\u00eda. Cuando tenga la sensaci\u00f3n t\u00e1ctil de la fresa alcanzando el piso del seno denso, det\u00e9ngase y confirme la profundidad de la primera fresa Densah\u00ae con una radiograf\u00eda<\/span>[\/vc_column_text][\/vc_column_inner][vc_column_inner width=\u00bb1\/3&#8243;][vc_single_image image=\u00bb1142&#8243; img_size=\u00bbfull\u00bb][\/vc_column_inner][\/vc_row_inner][vc_row_inner][vc_column_inner][vc_empty_space height=\u00bb50px\u00bb][\/vc_column_inner][\/vc_row_inner][vc_row_inner][vc_column_inner width=\u00bb2\/3&#8243;][vc_custom_heading text=\u00bbPaso 4:\u00bb font_container=\u00bbtag:p|font_size:20|text_align:left|color:%23c4d600&#8243; use_theme_fonts=\u00bbyes\u00bb][vc_column_text]<strong><span style=\"color: #333333;\">Entre con la fresa Densah\u00ae (3.0) en modo OD hasta 3 mm pasado el piso del seno.<\/span><\/strong><br \/>\n<span style=\"color: #333333;\">Use la siguiente fresa Densah\u00ae de mayor di\u00e1metro (3.0) en Modo Densificaci\u00f3n (sentido antihorario velocidad 800-1500 rpm con abundante irrigaci\u00f3n) y avance hasta la osteotom\u00eda creada previamente controlando la presi\u00f3n con una suave y modulada perforaci\u00f3n con objeto de avanzar pasado el piso del seno denso en incrementos de 1 mm. El m\u00e1ximo avance posible m\u00e1s all\u00e1 del piso del seno en cualquier caso no debe de exceder de 3mm. A medida que la siguiente fresa Densah\u00ae de mayor di\u00e1metro avance en la osteotom\u00eda, el hueso aut\u00f3geno adicional debe ser empujado hacia la parte apical final consiguiendo mayor profundidad y una m\u00e1xima elevaci\u00f3n de la membrana sinusal de 3 mm. Confirme la profundidad vertical de la fresa con una radiograf\u00eda.<\/span>[\/vc_column_text][\/vc_column_inner][vc_column_inner width=\u00bb1\/3&#8243;][vc_single_image image=\u00bb1144&#8243; img_size=\u00bbfull\u00bb][\/vc_column_inner][\/vc_row_inner][vc_row_inner][vc_column_inner][vc_empty_space height=\u00bb50px\u00bb][\/vc_column_inner][\/vc_row_inner][vc_row_inner][vc_column_inner width=\u00bb2\/3&#8243;][vc_custom_heading text=\u00bbPaso 5:\u00bb font_container=\u00bbtag:p|font_size:20|text_align:left|color:%23c4d600&#8243; use_theme_fonts=\u00bbyes\u00bb][vc_column_text]<span style=\"color: #333333;\"><strong>Colocaci\u00f3n del implante .<\/strong> Coloque el implante en la osteotomia . Si utiliza el motor para enroscar el implante a su posici\u00f3n , la unidad debe de parar cuando se alcance el torque m\u00e1ximo de colocaci\u00f3n . Lleve el implante hasta su posici\u00f3n final con una llave dinamom\u00e9trica con indicaci\u00f3n de torque.\u00a0<\/span>[\/vc_column_text][\/vc_column_inner][vc_column_inner width=\u00bb1\/3&#8243;][vc_single_image image=\u00bb1146&#8243; img_size=\u00bbfull\u00bb][\/vc_column_inner][\/vc_row_inner][vc_row_inner][vc_column_inner][vc_column_text]<\/p>\n<div data-widget-id=\"ecf34c35-04ee-4d55-80f5-2b30c50127ca\" data-placement-id=\"b03f79d3-5287-4d86-b88e-4d16ee2698ae\" data-placement-status=\"ACTIVE\">\n<div id=\"sd-simple-text-editable-ecf34c35-04ee-4d55-80f5-2b30c50127ca\" data-edit-mode=\"\">\n<p style=\"text-align: center;\"><span style=\"color: #808080;\">* Datos archivados, visite versahinternational.com\/od-published-papers\/ para consultar los estudios de expansi\u00f3n de la cresta.<\/span><br \/>\n<span style=\"color: #808080;\">El criterio cl\u00ednico y experiencia profesional deben de tomarse en cuenta al aplicar esta pr\u00e1ctica cl\u00ednica y protocolo sugerido.<\/span><\/p>\n<p style=\"text-align: center;\">\n<\/div>\n<\/div>\n<p>[\/vc_column_text][\/vc_column_inner][\/vc_row_inner][\/vc_column][\/vc_row][vc_row][vc_column][vc_empty_space height=\u00bb100px\u00bb][vc_column_text]<\/p>\n<h6><span style=\"color: #808080;\">10889 REV00 \u00faltima actualizaci\u00f3n: 08\/2023<\/span><\/h6>\n<p>[\/vc_column_text][\/vc_column][\/vc_row]<\/p>\n<\/section>","protected":false},"excerpt":{"rendered":"<p>[vc_row][vc_column][vc_empty_space height=\u00bb100px\u00bb][vc_custom_heading text=\u00bbI PROTOCOLO ELEVACION DEL SENO MAXILAR (CRESTAL)\u00bb font_container=\u00bbtag:p|font_size:35|text_align:center|color:%23c4d600&#8243; use_theme_fonts=\u00bbyes\u00bb][vc_btn title=\u00bbDescargar Protocolo\u00bb style=\u00bboutline-custom\u00bb outline_custom_color=\u00bb#c4d600&#8243; outline_custom_hover_background=\u00bb#666666&#8243; outline_custom_hover_text=\u00bb#ffffff\u00bb size=\u00bblg\u00bb align=\u00bbcenter\u00bb link=\u00bburl:https%3A%2F%2Fversahinternational.com%2Fwp-content%2Fuploads%2F2023%2F12%2FSpanish_Densah-Lift-I-10802REV01.pdf|title:Protocolo%20de%20expansi%C3%B3n%20facilitada%20de%20la%20cresta\u00bb][\/vc_column][\/vc_row][vc_row][vc_column<\/p>\n<p><a href=\"https:\/\/versahinternational.com\/es\/versatilidad-clinica\/protocolo-i-de-elevacion-de-seno-crestal\/\" class=\"more-link\">Seguir leyendo<span class=\"screen-reader-text\">Protocolo I de elevaci\u00f3n del seno crestal<\/span><\/a><\/p>\n","protected":false},"author":2,"featured_media":0,"parent":11664,"menu_order":0,"comment_status":"closed","ping_status":"closed","template":"","meta":{"footnotes":""},"class_list":["post-11208","page","type-page","status-publish","hentry"],"jetpack_sharing_enabled":true,"_links":{"self":[{"href":"https:\/\/versahinternational.com\/es\/wp-json\/wp\/v2\/pages\/11208","targetHints":{"allow":["GET"]}}],"collection":[{"href":"https:\/\/versahinternational.com\/es\/wp-json\/wp\/v2\/pages"}],"about":[{"href":"https:\/\/versahinternational.com\/es\/wp-json\/wp\/v2\/types\/page"}],"author":[{"embeddable":true,"href":"https:\/\/versahinternational.com\/es\/wp-json\/wp\/v2\/users\/2"}],"replies":[{"embeddable":true,"href":"https:\/\/versahinternational.com\/es\/wp-json\/wp\/v2\/comments?post=11208"}],"version-history":[{"count":17,"href":"https:\/\/versahinternational.com\/es\/wp-json\/wp\/v2\/pages\/11208\/revisions"}],"predecessor-version":[{"id":17807,"href":"https:\/\/versahinternational.com\/es\/wp-json\/wp\/v2\/pages\/11208\/revisions\/17807"}],"up":[{"embeddable":true,"href":"https:\/\/versahinternational.com\/es\/wp-json\/wp\/v2\/pages\/11664"}],"wp:attachment":[{"href":"https:\/\/versahinternational.com\/es\/wp-json\/wp\/v2\/media?parent=11208"}],"curies":[{"name":"wp","href":"https:\/\/api.w.org\/{rel}","templated":true}]}}