{"id":11271,"date":"2023-07-18T18:13:53","date_gmt":"2023-07-18T18:13:53","guid":{"rendered":"https:\/\/versahinternational.com\/protocolo-de-elevacion-de-seno-crestal-ii\/"},"modified":"2023-12-04T21:31:46","modified_gmt":"2023-12-04T21:31:46","slug":"protocolo-de-elevacion-de-seno-crestal-ii","status":"publish","type":"page","link":"https:\/\/versahinternational.com\/es\/versatilidad-clinica\/protocolo-de-elevacion-de-seno-crestal-ii\/","title":{"rendered":"II PROTOCOLO LEVANTAMIENTO DEL SENO MAXIMAR (CRESTAL)"},"content":{"rendered":"<section class=\"wpb-content-wrapper\"><p>[vc_row][vc_column][vc_empty_space height=\u00bb100px\u00bb][vc_custom_heading text=\u00bbII PROTOCOLO LEVANTAMIENTO DEL SENO MAXIMAR (CRESTAL)\u00bb font_container=\u00bbtag:p|font_size:35|text_align:center|color:%23c4d600&#8243; use_theme_fonts=\u00bbyes\u00bb][vc_btn title=\u00bbDescargar Protocolo\u00bb style=\u00bboutline-custom\u00bb outline_custom_color=\u00bb#c4d600&#8243; outline_custom_hover_background=\u00bb#666666&#8243; outline_custom_hover_text=\u00bb#ffffff\u00bb size=\u00bblg\u00bb align=\u00bbcenter\u00bb link=\u00bburl:https%3A%2F%2Fversahinternational.com%2Fwp-content%2Fuploads%2F2023%2F12%2FSpanish_Densah-LIFT-II-Protocol-10803-REV01.pdf|title:Protocolo%20de%20expansi%C3%B3n%20facilitada%20de%20la%20cresta\u00bb][\/vc_column][\/vc_row][vc_row][vc_column css=\u00bb.vc_custom_1690308635247{background-color: #ffffff !important;}\u00bb][vc_column_text]<span style=\"color: #333333;\"><strong><span style=\"color: #c4d600;\">Descripci\u00f3n general:<\/span><br \/>\nAltura m\u00ednima hueso residual 4-5 mm .Anchura alveolar m\u00ednima necesaria =5mm\u00a0<\/strong><\/span><br \/>\n<span style=\"color: #333333;\">Use las fresas Densah\u00ae en incrementos completos .Por ejemplo : 2.0 mm, 3.0 mm, 4.0 mm, 5.0 mm.\u00a0<\/span>[\/vc_column_text][vc_empty_space height=\u00bb50px\u00bb][vc_separator][vc_column_text]<span style=\"color: #333333;\">\u2022 MEDIR LA ALTURA \u00d3SEA HASTA EL PISO DEL SENO<\/span><br \/>\n<span style=\"color: #333333;\">\u2022 NO USE NIGUNA FRESA PILOTO<\/span><br \/>\n<span style=\"color: #333333;\">\u2022 FRESA DENSAH\u00ae (2.0) EN MODO OD HASTA EL PISO DEL SENO<\/span><br \/>\n<span style=\"color: #333333;\">\u2022 ENTRE CON LA FRESA DENSAH\u00ae (3.0) EN MODO OD HASTA PASAR 3 MM EL PISO DEL SENO <\/span><br \/>\n<span style=\"color: #333333;\">\u2022 USE LAS FRESAS DENSAH\u00ae (4.0), (5.0) EN MODO OD HASTA PASAR 3 MM EL PISO DEL SENO PARA AMPLIAR A\u00daN M\u00c1S LA OSTEOTOMIA<\/span><br \/>\n<span style=\"color: #333333;\">\u2022 USE LAS FRESAS DENSAH\u00ae EN INCREMENTOS COMPLETOS. POR EJEMPLO 2.0 MM, 3.0 MM, 4.0 MM, 5.0 MM<\/span><br \/>\n<span style=\"color: #333333;\">\u2022 USE LA \u00daLTIMA FRESA DENSAH A BAJA VELOCIDAD PARA IMPULSAR SUAVEMENTE EL MATERIAL DE INJERTO BIEN HIDRATADO<\/span>[\/vc_column_text][vc_separator][vc_row_inner][vc_column_inner][vc_empty_space height=\u00bb70px\u00bb][\/vc_column_inner][\/vc_row_inner][vc_row_inner][vc_column_inner width=\u00bb2\/3&#8243;][vc_custom_heading text=\u00bbPaso 1:\u00bb font_container=\u00bbtag:p|font_size:20|text_align:left|color:%23c4d600&#8243; use_theme_fonts=\u00bbyes\u00bb][vc_column_text]<\/p>\n<p class=\"p2\"><span style=\"color: #333333;\"><strong>Medir la altura \u00f3sea hasta el piso del seno.<\/strong><\/span><br \/>\n<span style=\"color: #333333;\">Despegue el tejido blando con la t\u00e9cnica e instrumental que normalmente utiliza.<\/span><\/p>\n<p>[\/vc_column_text][\/vc_column_inner][vc_column_inner width=\u00bb1\/3&#8243;][vc_single_image image=\u00bb1159&#8243; img_size=\u00bbfull\u00bb][\/vc_column_inner][\/vc_row_inner][vc_row_inner][vc_column_inner][vc_empty_space height=\u00bb50px\u00bb][\/vc_column_inner][\/vc_row_inner][vc_row_inner][vc_column_inner width=\u00bb2\/3&#8243;][vc_custom_heading text=\u00bbPaso 2:\u00bb font_container=\u00bbtag:p|font_size:20|text_align:left|color:%23c4d600&#8243; use_theme_fonts=\u00bbyes\u00bb][vc_column_text]<span style=\"color: #333333;\"><strong>Fresa Densah\u00ae (2.0) modo OD hasta el suelo del seno.<\/strong><\/span><br \/>\n<span style=\"color: #333333;\">Evite usar la fresa piloto . Dependiendo del tipo de implante y del di\u00e1metro seleccionado para el sitio, comience con la fresa Densah\u00ae m\u00e1s estrecha (2.0). Cambie la consola quir\u00fargica a reverso (sentido antihorario a una velocidad de 800-1500 rpm &#8211; Modo Densificaci\u00f3n con abundante irrigaci\u00f3n). Comience a fresar en la osteotom\u00eda. Cuando tenga la sensaci\u00f3n t\u00e1ctil de la fresa alcanzando el suelo denso del seno, det\u00e9ngase y confirme la profundidad de la primera fresa Densah\u00ae con una radiograf\u00eda.<\/span>[\/vc_column_text][\/vc_column_inner][vc_column_inner width=\u00bb1\/3&#8243;][vc_single_image image=\u00bb1161&#8243; img_size=\u00bbfull\u00bb][\/vc_column_inner][\/vc_row_inner][vc_row_inner][vc_column_inner][vc_empty_space height=\u00bb50px\u00bb][\/vc_column_inner][\/vc_row_inner][vc_row_inner][vc_column_inner width=\u00bb2\/3&#8243;][vc_custom_heading text=\u00bbPaso 3:\u00bb font_container=\u00bbtag:p|font_size:20|text_align:left|color:%23c4d600&#8243; use_theme_fonts=\u00bbyes\u00bb][vc_column_text]<span style=\"color: #333333;\"><strong>Entre con la fresa Densah\u00ae (3.0) en modo OD hasta 3 mm pasado el piso del seno.<\/strong> Use la siguiente fresa Densah\u00ae de mayor di\u00e1metro (3.0) y avance hasta la osteotom\u00eda creada previamente controlando la presi\u00f3n y con suave perforaci\u00f3n con el fin de avanzar pasado el suelo del seno en incrementos de 1 mm. El m\u00e1ximo avance posible m\u00e1s all\u00e1 del suelo del seno en cualquier caso no debe de excederse a 3mm. El hueso ser\u00e1 empujado hacia el extremo apical y comenzar\u00e1 a levantar suavemente la membrana y el hueso compactado del autoinjerto hasta 3 mm. Confirme la posici\u00f3n vertical de la fresa con una radiograf\u00eda.<\/span>[\/vc_column_text][\/vc_column_inner][vc_column_inner width=\u00bb1\/3&#8243;][vc_single_image image=\u00bb1163&#8243; img_size=\u00bbfull\u00bb][\/vc_column_inner][\/vc_row_inner][vc_row_inner][vc_column_inner][vc_empty_space height=\u00bb50px\u00bb][\/vc_column_inner][\/vc_row_inner][vc_row_inner][vc_column_inner width=\u00bb2\/3&#8243;][vc_custom_heading text=\u00bbPaso 4:\u00bb font_container=\u00bbtag:p|font_size:20|text_align:left|color:%23c4d600&#8243; use_theme_fonts=\u00bbyes\u00bb][vc_column_text]<span style=\"color: #333333;\"><strong>Fresa Densah\u00ae (4.0), (5.0) modo OD hasta 3 mm pasado el piso del seno.<\/strong><\/span><br \/>\n<span style=\"color: #333333;\">Use la fresa de la secuencia m\u00e1s ancha en Modo Densificaci\u00f3n (en sentido antihorario a una velocidad entre 800- 1500 rpm) con abundante irrigaci\u00f3n avance hasta la osteotom\u00eda creada previamente controlando la presi\u00f3n y con suave perforaci\u00f3n con el fin de poder avanzar pasado el piso del seno un m\u00e1ximo de 3 mm (en incrementos de 1 mm) para alcanzar la anchura final deseada para la colocaci\u00f3n del implante. Las fresas Densah\u00ae no deben de avanzar m\u00e1s de 3 mm pasado el piso del seno en ning\u00fan momento independientemente del di\u00e1metro que tenga la fresa Densah\u00ae.<\/span>[\/vc_column_text][\/vc_column_inner][vc_column_inner width=\u00bb1\/3&#8243;][vc_single_image image=\u00bb1165&#8243; img_size=\u00bbfull\u00bb][\/vc_column_inner][\/vc_row_inner][vc_row_inner][vc_column_inner][vc_empty_space height=\u00bb50px\u00bb][\/vc_column_inner][\/vc_row_inner][vc_row_inner][vc_column_inner width=\u00bb2\/3&#8243;][vc_custom_heading text=\u00bbPaso 5:\u00bb font_container=\u00bbtag:p|font_size:20|text_align:left|color:%23c4d600&#8243; use_theme_fonts=\u00bbyes\u00bb][vc_column_text]<span style=\"color: #333333;\"><strong>Impulsar el material de injerto.<\/strong><\/span><br \/>\n<span style=\"color: #333333;\">Despu\u00e9s de conseguir el di\u00e1metro final planificado de la osteotom\u00eda, rellene la osteotom\u00eda con un material de injerto fundamentalmente medular muy bien hidratado. Use la \u00faltima fresa Densah\u00ae que haya utilizado en el paso 4 en Modo Densificaci\u00f3n (sentido antihorario) a baja velocidad 150-200 rpm sin irrigaci\u00f3n para impulsar el material de injerto dentro del seno. La fresa Densah\u00ae solamente va a facilitar la compactaci\u00f3n del material de injerto sin levantar m\u00e1s la membrana sinusal sin avanzar m\u00e1s de 2-3 mm. Repetir este paso de impulsi\u00f3n del material de injerto con objeto de facilitar el levantamiento adicional de la membrana si fuese necesario de acuerdo a la longitud del implante.<\/span>[\/vc_column_text][\/vc_column_inner][vc_column_inner width=\u00bb1\/3&#8243;][vc_single_image image=\u00bb1167&#8243; img_size=\u00bbfull\u00bb][\/vc_column_inner][\/vc_row_inner][vc_row_inner][vc_column_inner][vc_empty_space height=\u00bb50px\u00bb][\/vc_column_inner][\/vc_row_inner][vc_row_inner][vc_column_inner width=\u00bb2\/3&#8243;][vc_custom_heading text=\u00bbPaso 6:\u00bb font_container=\u00bbtag:p|font_size:20|text_align:left|color:%23c4d600&#8243; use_theme_fonts=\u00bbyes\u00bb][vc_column_text]<span style=\"color: #333333;\"><strong>Colocaci\u00f3n del implante.<\/strong> Coloque el implante en la osteotom\u00eda. Si utiliza el motor para enroscar el implante a su posici\u00f3n, la unidad debe detenerse cuando se alcance el torque m\u00e1ximo de colocaci\u00f3n . Lleve el implante hasta su posici\u00f3n final con una llave dinamom\u00e9trica con indicaci\u00f3n de torque.<\/span>[\/vc_column_text][\/vc_column_inner][vc_column_inner width=\u00bb1\/3&#8243;][vc_single_image image=\u00bb1169&#8243; img_size=\u00bbfull\u00bb][\/vc_column_inner][\/vc_row_inner][vc_row_inner][vc_column_inner][vc_single_image image=\u00bb1157&#8243; img_size=\u00bbfull\u00bb alignment=\u00bbcenter\u00bb][\/vc_column_inner][\/vc_row_inner][vc_row_inner][vc_column_inner][vc_column_text]<\/p>\n<div data-widget-id=\"ecf34c35-04ee-4d55-80f5-2b30c50127ca\" data-placement-id=\"b03f79d3-5287-4d86-b88e-4d16ee2698ae\" data-placement-status=\"ACTIVE\">\n<div id=\"sd-simple-text-editable-ecf34c35-04ee-4d55-80f5-2b30c50127ca\" data-edit-mode=\"\">\n<p style=\"text-align: center;\">* Datos archivados, visite versahinternational.com\/od-published-papers\/ para ver estudios sobre injertos en el seno maxilar.<br \/>\nEl criterio cl\u00ednico y experiencia profesional deben de tomarse en cuenta al aplicar esta pr\u00e1ctica cl\u00ednica y protocolo sugerido.<\/p>\n<\/div>\n<\/div>\n<p>[\/vc_column_text][\/vc_column_inner][\/vc_row_inner][\/vc_column][\/vc_row][vc_row][vc_column][vc_empty_space height=\u00bb100px\u00bb][vc_column_text]<\/p>\n<h6><span style=\"color: #808080;\"> 10890 REV00 \u00faltima actualizaci\u00f3n: 08\/2023<\/span><\/h6>\n<p>[\/vc_column_text][\/vc_column][\/vc_row]<\/p>\n<\/section>","protected":false},"excerpt":{"rendered":"<p>[vc_row][vc_column][vc_empty_space height=\u00bb100px\u00bb][vc_custom_heading text=\u00bbII PROTOCOLO LEVANTAMIENTO DEL SENO MAXIMAR (CRESTAL)\u00bb font_container=\u00bbtag:p|font_size:35|text_align:center|color:%23c4d600&#8243; use_theme_fonts=\u00bbyes\u00bb][vc_btn title=\u00bbDescargar Protocolo\u00bb style=\u00bboutline-custom\u00bb outline_custom_color=\u00bb#c4d600&#8243; outline_custom_hover_background=\u00bb#666666&#8243; outline_custom_hover_text=\u00bb#ffffff\u00bb size=\u00bblg\u00bb align=\u00bbcenter\u00bb link=\u00bburl:https%3A%2F%2Fversahinternational.com%2Fwp-content%2Fuploads%2F2023%2F12%2FSpanish_Densah-LIFT-II-Protocol-10803-REV01.pdf|title:Protocolo%20de%20expansi%C3%B3n%20facilitada%20de%20la%20cresta\u00bb][\/vc_column][\/vc_row][vc_row][vc_column<\/p>\n<p><a href=\"https:\/\/versahinternational.com\/es\/versatilidad-clinica\/protocolo-de-elevacion-de-seno-crestal-ii\/\" class=\"more-link\">Seguir leyendo<span class=\"screen-reader-text\">II PROTOCOLO LEVANTAMIENTO DEL SENO MAXIMAR (CRESTAL)<\/span><\/a><\/p>\n","protected":false},"author":2,"featured_media":0,"parent":11664,"menu_order":0,"comment_status":"closed","ping_status":"closed","template":"","meta":{"footnotes":""},"class_list":["post-11271","page","type-page","status-publish","hentry"],"jetpack_sharing_enabled":true,"_links":{"self":[{"href":"https:\/\/versahinternational.com\/es\/wp-json\/wp\/v2\/pages\/11271","targetHints":{"allow":["GET"]}}],"collection":[{"href":"https:\/\/versahinternational.com\/es\/wp-json\/wp\/v2\/pages"}],"about":[{"href":"https:\/\/versahinternational.com\/es\/wp-json\/wp\/v2\/types\/page"}],"author":[{"embeddable":true,"href":"https:\/\/versahinternational.com\/es\/wp-json\/wp\/v2\/users\/2"}],"replies":[{"embeddable":true,"href":"https:\/\/versahinternational.com\/es\/wp-json\/wp\/v2\/comments?post=11271"}],"version-history":[{"count":13,"href":"https:\/\/versahinternational.com\/es\/wp-json\/wp\/v2\/pages\/11271\/revisions"}],"predecessor-version":[{"id":17808,"href":"https:\/\/versahinternational.com\/es\/wp-json\/wp\/v2\/pages\/11271\/revisions\/17808"}],"up":[{"embeddable":true,"href":"https:\/\/versahinternational.com\/es\/wp-json\/wp\/v2\/pages\/11664"}],"wp:attachment":[{"href":"https:\/\/versahinternational.com\/es\/wp-json\/wp\/v2\/media?parent=11271"}],"curies":[{"name":"wp","href":"https:\/\/api.w.org\/{rel}","templated":true}]}}