{"id":11438,"date":"2023-07-18T18:13:12","date_gmt":"2023-07-18T18:13:12","guid":{"rendered":"https:\/\/versahinternational.com\/protocolo-de-expansion-facilitada-de-la-cresta\/"},"modified":"2023-12-04T21:30:56","modified_gmt":"2023-12-04T21:30:56","slug":"protocolo-de-expansion-facilitada-de-la-cresta","status":"publish","type":"page","link":"https:\/\/versahinternational.com\/es\/versatilidad-clinica\/protocolo-de-expansion-facilitada-de-la-cresta\/","title":{"rendered":"Protocolo de expansi\u00f3n facilitada de la cresta"},"content":{"rendered":"<section class=\"wpb-content-wrapper\"><p>[vc_row][vc_column][vc_empty_space height=\u00bb100px\u00bb][vc_custom_heading text=\u00bbPROTOCOLO EXPANSI\u00d3N FACILITADA DEL REBORDE ALVEOLAR\u00bb font_container=\u00bbtag:p|font_size:35|text_align:center|color:%23c4d600&#8243; use_theme_fonts=\u00bbyes\u00bb][vc_btn title=\u00bbDescargar Protocolo\u00bb style=\u00bboutline-custom\u00bb outline_custom_color=\u00bb#c4d600&#8243; outline_custom_hover_background=\u00bb#666666&#8243; outline_custom_hover_text=\u00bb#ffffff\u00bb size=\u00bblg\u00bb align=\u00bbcenter\u00bb link=\u00bburl:https%3A%2F%2Fversahinternational.com%2Fwp-content%2Fuploads%2F2023%2F12%2FSpanish_Ridge-Expansion-Protocol_10813-REV01.pdf|title:Protocolo%20de%20expansi%C3%B3n%20facilitada%20de%20la%20cresta\u00bb][\/vc_column][\/vc_row][vc_row][vc_column css=\u00bb.vc_custom_1690306862073{background-color: #ffffff !important;}\u00bb][vc_column_text]<span style=\"color: #333333;\"><span style=\"color: #c4d600;\"><strong>Descripci\u00f3n general:<\/strong><\/span><br \/>\nLa oseodensificaci\u00f3n no va a crear el tejido, puede solamente optimizar y preservar el tejido existente. Es necesario que exista \u2265 2 mm de hueso trabecular-n\u00facleo \u00f3seo y una proporci\u00f3n \u2265 1\/1 hueso trabecular\/cortical para conseguir una expansi\u00f3n pl\u00e1stica predecible. Cuanto m\u00e1s hueso cortical exista, mayor n\u00facleo trabecular es necesario para facilitar una expansi\u00f3n predecible. El reborde m\u00ednimo ideal para expandirse es de 4 mm (2 mm de n\u00facleo trabecular + 1 mm cortical en cada lado). <strong>Este protocolo est\u00e1 indicado para expandir un reborde con una cresta fina y una base m\u00e1s ancha. No est\u00e1 indicado en rebordes reabsorbidos con una base estrecha.<\/strong><br \/>\n<\/span>[\/vc_column_text][vc_empty_space height=\u00bb50px\u00bb][vc_separator][vc_row_inner][vc_column_inner width=\u00bb2\/3&#8243;][vc_column_text]<span style=\"color: #333333;\">\u2022 DIAGNOSTICAR Y EVALUAR LA CANTIDAD DE HUESO TRABECULAR USANDO UN CBCT<\/span><br \/>\n<span style=\"color: #333333;\">\u2022 CREAR UNA DEPRESI\u00d3N INTRA\u00d3SEA EN UNA CRESTA ESTRECHA &lt; 4 MM<\/span><br \/>\n<span style=\"color: #333333;\">\u2022 SIN NECESIDAD DE CORTES LATERALES VERTICALES<\/span><br \/>\n<span style=\"color: #333333;\">\u2022 USE LAS FRESAS DENSAH\u00ae EN PEQUE\u00d1OS INCREMENTOS<\/span><br \/>\n<span style=\"color: #333333;\">\u2022 SOBREDIMENSIONAR LA OSTEOTOMIA \u2265 DI\u00c1METRO MAYOR DEL IMPLANTE<\/span><br \/>\n<span style=\"color: #333333;\">\u2022 LA OSTEOTOMIA TIENE QUE SER 1 MM MAS PROFUNDA QUE LA LONGITUD DEL IMPLANTE ESPECIALMENTE EN LA MAND\u00cdBULA<\/span><br \/>\n<span style=\"color: #333333;\">\u2022 REALIZAR INJERTOS DE CONTORNO DE CARILLAS DE TEJIDO DURO Y BLANDO PARA DESARROLLAR EL GROSOR DEL TEJIDO ALREDEDOR DE LOS IMPLANTES<\/span>[\/vc_column_text][\/vc_column_inner][vc_column_inner width=\u00bb1\/3&#8243;][vc_single_image image=\u00bb1115&#8243; img_size=\u00bbfull\u00bb][\/vc_column_inner][\/vc_row_inner][vc_separator][vc_row_inner][vc_column_inner][vc_empty_space height=\u00bb70px\u00bb][\/vc_column_inner][\/vc_row_inner][vc_row_inner][vc_column_inner width=\u00bb2\/3&#8243;][vc_column_text]<span style=\"color: #333333;\"><strong>Diagnostique y valore la cantidad de hueso trabecular existente usando un CBCT<\/strong> para evaluar la composici\u00f3n \u00f3sea necesaria para realizar una expansi\u00f3n \u00f3sea predecible. Eleve el colgajo usando la instrumentaci\u00f3n y t\u00e9cnica normalmente utilizada.<\/span>[\/vc_column_text][vc_custom_heading text=\u00bbPaso 1:\u00bb font_container=\u00bbtag:p|font_size:20|text_align:left|color:%23c4d600&#8243; use_theme_fonts=\u00bbyes\u00bb][vc_column_text]<span style=\"color: #333333;\"><strong>Crear una depresi\u00f3n intra\u00f3sea en el estrecho reborde &lt; 4 mm.<\/strong> Si el reborde contiene \u2264 2 mm de n\u00facleo de hueso trabecular o una proporci\u00f3n muy alta de hueso cortical, se necesita realizar una hendidura en el reborde ; este corte debe hacerse con puntas de ultrasonido de 0.3 \u2013 0.5 mm. Este corte en el reborde de recomienda sea realizado tan profundo de acuerdo a la planificaci\u00f3n del implante a colocar. No se necesitan realizar cortes verticales. Esta separaci\u00f3n del reborde sirve para permitir una mayor elasticidad de la pared bucal durante el procedimiento de expansi\u00f3n. Esta separaci\u00f3n del reborde est\u00e1 contraindicada en rebordes reabsorbidos con una base estrecha.<\/span>[\/vc_column_text][\/vc_column_inner][vc_column_inner width=\u00bb1\/3&#8243;][vc_single_image image=\u00bb1123&#8243; img_size=\u00bbfull\u00bb][\/vc_column_inner][\/vc_row_inner][vc_row_inner][vc_column_inner][vc_empty_space height=\u00bb70px\u00bb][\/vc_column_inner][\/vc_row_inner][vc_row_inner][vc_column_inner width=\u00bb2\/3&#8243;][vc_custom_heading text=\u00bbPaso 2a:\u00bb font_container=\u00bbtag:p|font_size:20|text_align:left|color:%23c4d600&#8243; use_theme_fonts=\u00bbyes\u00bb][vc_column_text]<span style=\"color: #333333;\"><strong>Use la fresa Densah\u00ae en peque\u00f1os incrementos,<\/strong> dependiendo del tipo de implante y del di\u00e1metro. <\/span><span style=\"color: #333333;\">Despu\u00e9s de una estrecha osteotom\u00eda piloto, cambie el motor quir\u00fargico a Modo Densificador (sentido antihorario, velocidad 800-1500 rpm con abundante irrigaci\u00f3n). Comience con la fresa Densah\u00ae m\u00e1s estrecha, hasta alcanzar la profundidad deseada (comience por introducir la fresa rodando en la osteotom\u00eda). Cuando sienta la sensaci\u00f3n t\u00e1ctil de la fresa queriendo salir de la osteotom\u00eda, ret\u00edrela y aplique de nuevo la presi\u00f3n con movimiento de entrada y salida hasta alcanzar la profundidad deseada. A medida que el di\u00e1metro se incrementa, el hueso lentamente se expandir\u00e1 hasta el di\u00e1metro final planificado previamente.\u00a0<\/span>[\/vc_column_text][\/vc_column_inner][vc_column_inner width=\u00bb1\/3&#8243;][vc_single_image image=\u00bb1119&#8243; img_size=\u00bbfull\u00bb][\/vc_column_inner][\/vc_row_inner][vc_row_inner][vc_column_inner][vc_empty_space height=\u00bb70px\u00bb][\/vc_column_inner][\/vc_row_inner][vc_row_inner][vc_column_inner width=\u00bb2\/3&#8243;][vc_custom_heading text=\u00bbPaso 2b:\u00bb font_container=\u00bbtag:p|font_size:20|text_align:left|color:%23c4d600&#8243; use_theme_fonts=\u00bbyes\u00bb][vc_column_text]<\/p>\n<p class=\"p1\"><span style=\"color: #333333;\">La osteotomiadebe de expandirse con una minima deshiscencisa \u00f3sea , lo que debe permitir una colocaci\u00f3n de todo el implante sobre hueso aut\u00f3logo sin exposici\u00f3n de roscas<span class=\"Apple-converted-space\">\u00a0<\/span><\/span><\/p>\n<p>[\/vc_column_text][\/vc_column_inner][vc_column_inner width=\u00bb1\/3&#8243;][vc_single_image image=\u00bb1121&#8243; img_size=\u00bbfull\u00bb][\/vc_column_inner][\/vc_row_inner][vc_row_inner][vc_column_inner][vc_empty_space height=\u00bb70px\u00bb][\/vc_column_inner][\/vc_row_inner][vc_row_inner][vc_column_inner width=\u00bb2\/3&#8243;][vc_custom_heading text=\u00bbPaso 3:\u00bb font_container=\u00bbtag:p|font_size:20|text_align:left|color:%23c4d600&#8243; use_theme_fonts=\u00bbyes\u00bb][vc_column_text]<span style=\"color: #333333;\"><strong>Sobredimensione la osteotom\u00eda para que sea un poco m\u00e1s ancha que el di\u00e1metro mayor del implante<\/strong> (especialmente en la mand\u00edbula) para prevenir que las roscas del implante sobrecarguen las paredes \u00f3seas expandidas. Las osteotom\u00edas mandibulares deben de planificarse y realizarse a 1mm m\u00e1s profundo que la longitud del implante.<\/span>[\/vc_column_text][\/vc_column_inner][vc_column_inner width=\u00bb1\/3&#8243;][vc_single_image image=\u00bb1123&#8243; img_size=\u00bbfull\u00bb][\/vc_column_inner][\/vc_row_inner][vc_row_inner][vc_column_inner][vc_empty_space height=\u00bb70px\u00bb][\/vc_column_inner][\/vc_row_inner][vc_row_inner][vc_column_inner width=\u00bb2\/3&#8243;][vc_custom_heading text=\u00bbPaso 4:\u00bb font_container=\u00bbtag:p|font_size:20|text_align:left|color:%23c4d600&#8243; use_theme_fonts=\u00bbyes\u00bb][vc_column_text]<span style=\"color: #333333;\"><strong>Coloque un implante de un di\u00e1metro igual o ligeramente m\u00e1s ancho que la anchura inicial del reborde.<\/strong> Si usa el motor quir\u00fargico para enroscar el implante en su posici\u00f3n, la unidad debe de detenerse cuando se alcance el m\u00e1ximo nivel de torque de colocaci\u00f3n. Termine de colocar el implante a la profundidad deseada manualmente con una llave de carraca con indicador de torque.<\/span>[\/vc_column_text][\/vc_column_inner][vc_column_inner width=\u00bb1\/3&#8243;][vc_single_image image=\u00bb1125&#8243; img_size=\u00bbfull\u00bb][\/vc_column_inner][\/vc_row_inner][vc_row_inner][vc_column_inner][vc_empty_space height=\u00bb70px\u00bb][\/vc_column_inner][\/vc_row_inner][vc_row_inner][vc_column_inner width=\u00bb2\/3&#8243;][vc_custom_heading text=\u00bbPaso 5:\u00bb font_container=\u00bbtag:p|font_size:20|text_align:left|color:%23c4d600&#8243; use_theme_fonts=\u00bbyes\u00bb][vc_column_text]<span style=\"color: #333333;\"><strong>Realice injertos de contorno de tejido duro y blando<\/strong> para aumentar el espesor de tejido alrededor del implante, lo cual contribuye a mejorar la estabilidad de los tejidos a largo plazo.<\/span>[\/vc_column_text][\/vc_column_inner][vc_column_inner width=\u00bb1\/3&#8243;][vc_single_image image=\u00bb1127&#8243; img_size=\u00bbfull\u00bb][\/vc_column_inner][\/vc_row_inner][vc_row_inner][vc_column_inner][vc_empty_space height=\u00bb70px\u00bb][vc_single_image image=\u00bb1113&#8243; img_size=\u00bbfull\u00bb alignment=\u00bbcenter\u00bb][vc_column_text]<\/p>\n<div data-widget-id=\"ecf34c35-04ee-4d55-80f5-2b30c50127ca\" data-placement-id=\"b03f79d3-5287-4d86-b88e-4d16ee2698ae\" data-placement-status=\"ACTIVE\">\n<div id=\"sd-simple-text-editable-ecf34c35-04ee-4d55-80f5-2b30c50127ca\" data-edit-mode=\"\">\n<p style=\"text-align: center;\"><span style=\"color: #808080;\">* Datos archivados, visite versahinternational.com\/od-published-papers\/ para consultar los estudios de expansi\u00f3n de la cresta.<br \/>\nEl criterio cl\u00ednico y experiencia profesional debe tomarse en cuenta al aplicar esta pr\u00e1ctica cl\u00ednica y protocolo sugerido.<\/span><\/p>\n<p style=\"text-align: center;\">\n<\/div>\n<\/div>\n<p>[\/vc_column_text][\/vc_column_inner][\/vc_row_inner][\/vc_column][\/vc_row][vc_row][vc_column][vc_empty_space height=\u00bb100px\u00bb][vc_column_text]<\/p>\n<h6><span style=\"color: #808080;\">10888 REV00 \u00faltima actualizaci\u00f3n: 08\/2023<\/span><\/h6>\n<p>[\/vc_column_text][\/vc_column][\/vc_row]<\/p>\n<\/section>","protected":false},"excerpt":{"rendered":"<p>[vc_row][vc_column][vc_empty_space height=\u00bb100px\u00bb][vc_custom_heading text=\u00bbPROTOCOLO EXPANSI\u00d3N FACILITADA DEL REBORDE ALVEOLAR\u00bb font_container=\u00bbtag:p|font_size:35|text_align:center|color:%23c4d600&#8243; use_theme_fonts=\u00bbyes\u00bb][vc_btn title=\u00bbDescargar Protocolo\u00bb style=\u00bboutline-custom\u00bb outline_custom_color=\u00bb#c4d600&#8243; outline_custom_hover_background=\u00bb#666666&#8243; outline_custom_hover_text=\u00bb#ffffff\u00bb size=\u00bblg\u00bb align=\u00bbcenter\u00bb link=\u00bburl:https%3A%2F%2Fversahinternational.com%2Fwp-content%2Fuploads%2F2023%2F12%2FSpanish_Ridge-Expansion-Protocol_10813-REV01.pdf|title:Protocolo%20de%20expansi%C3%B3n%20facilitada%20de%20la%20cresta\u00bb][\/vc_column][\/vc_row][vc_row][vc_column css=\u00bb.vc_custom_1690306862073{background-color:<\/p>\n<p><a href=\"https:\/\/versahinternational.com\/es\/versatilidad-clinica\/protocolo-de-expansion-facilitada-de-la-cresta\/\" class=\"more-link\">Seguir leyendo<span class=\"screen-reader-text\">Protocolo de expansi\u00f3n facilitada de la cresta<\/span><\/a><\/p>\n","protected":false},"author":2,"featured_media":0,"parent":11664,"menu_order":0,"comment_status":"closed","ping_status":"closed","template":"","meta":{"footnotes":""},"class_list":["post-11438","page","type-page","status-publish","hentry"],"jetpack_sharing_enabled":true,"_links":{"self":[{"href":"https:\/\/versahinternational.com\/es\/wp-json\/wp\/v2\/pages\/11438","targetHints":{"allow":["GET"]}}],"collection":[{"href":"https:\/\/versahinternational.com\/es\/wp-json\/wp\/v2\/pages"}],"about":[{"href":"https:\/\/versahinternational.com\/es\/wp-json\/wp\/v2\/types\/page"}],"author":[{"embeddable":true,"href":"https:\/\/versahinternational.com\/es\/wp-json\/wp\/v2\/users\/2"}],"replies":[{"embeddable":true,"href":"https:\/\/versahinternational.com\/es\/wp-json\/wp\/v2\/comments?post=11438"}],"version-history":[{"count":10,"href":"https:\/\/versahinternational.com\/es\/wp-json\/wp\/v2\/pages\/11438\/revisions"}],"predecessor-version":[{"id":17806,"href":"https:\/\/versahinternational.com\/es\/wp-json\/wp\/v2\/pages\/11438\/revisions\/17806"}],"up":[{"embeddable":true,"href":"https:\/\/versahinternational.com\/es\/wp-json\/wp\/v2\/pages\/11664"}],"wp:attachment":[{"href":"https:\/\/versahinternational.com\/es\/wp-json\/wp\/v2\/media?parent=11438"}],"curies":[{"name":"wp","href":"https:\/\/api.w.org\/{rel}","templated":true}]}}