{"id":11444,"date":"2023-07-12T18:30:59","date_gmt":"2023-07-12T18:30:59","guid":{"rendered":"https:\/\/versahinternational.com\/videos-educativos\/"},"modified":"2026-02-16T19:23:11","modified_gmt":"2026-02-16T19:23:11","slug":"videos-educativos","status":"publish","type":"page","link":"https:\/\/versahinternational.com\/es\/videos-educativos\/","title":{"rendered":"V\u00eddeos educativos"},"content":{"rendered":"<section class=\"wpb-content-wrapper\"><p>[vc_row][vc_column][vc_empty_space height=\u00bb100px\u00bb][vc_custom_heading text=\u00bbV\u00cdDEOS CL\u00cdNICOS SOBRE OSEODENSIFICACI\u00d3N\u00bb font_container=\u00bbtag:p|font_size:35|text_align:center|color:%23c4d600&#8243; use_theme_fonts=\u00bbyes\u00bb][vc_empty_space height=\u00bb100px\u00bb][\/vc_column][\/vc_row][vc_row][vc_column width=\u00bb1\/6&#8243;][\/vc_column][vc_column width=\u00bb2\/3&#8243;][vc_custom_heading text=\u00bbAnimaci\u00f3n de la Tecnolog\u00eda de Brocas Densah\u00ae\u00bb font_container=\u00bbtag:p|font_size:25|text_align:center|color:%23c4d600&#8243; use_theme_fonts=\u00bbyes\u00bb css=\u00bb.vc_custom_1704231256729{background-color: #333333 !important;}\u00bb][vc_video link=\u00bbhttps:\/\/vimeo.com\/892004892&#8243; align=\u00bbcenter\u00bb][vc_empty_space height=\u00bb100px\u00bb][\/vc_column][vc_column width=\u00bb1\/6&#8243;][\/vc_column][\/vc_row][vc_row][vc_column width=\u00bb1\/2&#8243;][vc_custom_heading text=\u00bbAnimaci\u00f3n del sistema de cirug\u00eda guiada Versah\u00ae\u00bb font_container=\u00bbtag:p|font_size:25|text_align:center|color:%23c4d600&#8243; use_theme_fonts=\u00bbyes\u00bb css=\u00bb.vc_custom_1689791145736{background-color: #333333 !important;}\u00bb][vc_video link=\u00bbhttps:\/\/vimeo.com\/1135919577?fl=ip&amp;fe=ec\u00bb align=\u00bbcenter\u00bb][\/vc_column][vc_column width=\u00bb1\/2&#8243;][vc_custom_heading text=\u00bbAnimaci\u00f3n sobre fresas Versah\u00ae ZGO\u2122 Densah\u00ae\u00bb font_container=\u00bbtag:p|font_size:25|text_align:center|color:%23c4d600&#8243; use_theme_fonts=\u00bbyes\u00bb css=\u00bb.vc_custom_1689791157076{background-color: #333333 !important;}\u00bb][vc_video link=\u00bbhttps:\/\/vimeo.com\/680455876&#8243; align=\u00bbcenter\u00bb][\/vc_column][\/vc_row][vc_row][vc_column][vc_empty_space height=\u00bb50px\u00bb][vc_separator][vc_empty_space height=\u00bb50px\u00bb][\/vc_column][\/vc_row][vc_row][vc_column width=\u00bb1\/2&#8243;][vc_video link=\u00bbhttps:\/\/player.vimeo.com\/video\/139370157?color=c5d600&amp;title=0&amp;byline=0&amp;portrait=0&#8243; align=\u00bbcenter\u00bb][\/vc_column][vc_column width=\u00bb1\/2&#8243;][vc_video link=\u00bbhttps:\/\/player.vimeo.com\/video\/116006204?color=c5d600&amp;title=0&amp;byline=0&amp;portrait=0&#8243; align=\u00bbcenter\u00bb][\/vc_column][\/vc_row][vc_row][vc_column][vc_empty_space height=\u00bb50px\u00bb][vc_separator][vc_empty_space height=\u00bb50px\u00bb][\/vc_column][\/vc_row][vc_row][vc_column width=\u00bb1\/2&#8243;][vc_video link=\u00bbhttps:\/\/player.vimeo.com\/video\/116069019?color=c5d600&amp;title=0&amp;byline=0&amp;portrait=0&#8243; align=\u00bbcenter\u00bb][\/vc_column][vc_column width=\u00bb1\/2&#8243;][vc_video link=\u00bbhttps:\/\/player.vimeo.com\/video\/116011255?color=c5d600&amp;title=0&amp;byline=0&amp;portrait=0&#8243; align=\u00bbcenter\u00bb][\/vc_column][\/vc_row][vc_row][vc_column][vc_empty_space height=\u00bb50px\u00bb][vc_separator][vc_empty_space height=\u00bb50px\u00bb][\/vc_column][\/vc_row][vc_row][vc_column width=\u00bb1\/2&#8243;][vc_video link=\u00bbhttps:\/\/player.vimeo.com\/video\/116007823?color=c5d600&amp;title=0&amp;byline=0&amp;portrait=0&#8243; align=\u00bbcenter\u00bb][\/vc_column][vc_column width=\u00bb1\/2&#8243;][vc_video link=\u00bbhttps:\/\/player.vimeo.com\/video\/116061921?color=c5d600&amp;title=0&amp;byline=0&amp;portrait=0&#8243; align=\u00bbcenter\u00bb][\/vc_column][\/vc_row][vc_row][vc_column][vc_empty_space height=\u00bb50px\u00bb][vc_separator][vc_empty_space height=\u00bb50px\u00bb][\/vc_column][\/vc_row][vc_row][vc_column width=\u00bb1\/2&#8243;][vc_video link=\u00bbhttps:\/\/player.vimeo.com\/video\/116062702?color=c5d600&amp;title=0&amp;byline=0&amp;portrait=0&#8243; align=\u00bbcenter\u00bb][\/vc_column][vc_column width=\u00bb1\/2&#8243;][vc_video link=\u00bbhttps:\/\/player.vimeo.com\/video\/116008921?color=c5d600&amp;title=0&amp;byline=0&amp;portrait=0&#8243; align=\u00bbcenter\u00bb][\/vc_column][\/vc_row][vc_row][vc_column][vc_empty_space height=\u00bb50px\u00bb][vc_separator][vc_empty_space height=\u00bb50px\u00bb][\/vc_column][\/vc_row][vc_row][vc_column width=\u00bb1\/2&#8243;][vc_video link=\u00bbhttps:\/\/player.vimeo.com\/video\/116012338?color=c5d600&amp;title=0&amp;byline=0&amp;portrait=0&#8243; align=\u00bbcenter\u00bb][\/vc_column][vc_column width=\u00bb1\/2&#8243;][vc_video link=\u00bbhttps:\/\/player.vimeo.com\/video\/116060207?color=c5d600&amp;title=0&amp;byline=0&amp;portrait=0&#8243; align=\u00bbcenter\u00bb][\/vc_column][\/vc_row][vc_row][vc_column][vc_empty_space height=\u00bb50px\u00bb][vc_separator][vc_empty_space height=\u00bb50px\u00bb][\/vc_column][\/vc_row][vc_row][vc_column width=\u00bb1\/2&#8243;][vc_video link=\u00bbhttps:\/\/player.vimeo.com\/video\/116064036?color=c5d600&amp;title=0&amp;byline=0&amp;portrait=0&#8243; align=\u00bbcenter\u00bb][\/vc_column][vc_column width=\u00bb1\/2&#8243;][\/vc_column][\/vc_row][vc_row][vc_column][vc_empty_space height=\u00bb100px\u00bb][vc_column_text]<\/p>\n<h6><span style=\"color: #808080;\">10905 REV00 \u00faltima actualizaci\u00f3n: 08\/2023<\/span><\/h6>\n<p>[\/vc_column_text][\/vc_column][\/vc_row]<\/p>\n<\/section>","protected":false},"excerpt":{"rendered":"<p>[vc_row][vc_column][vc_empty_space height=\u00bb100px\u00bb][vc_custom_heading text=\u00bbV\u00cdDEOS CL\u00cdNICOS SOBRE OSEODENSIFICACI\u00d3N\u00bb font_container=\u00bbtag:p|font_size:35|text_align:center|color:%23c4d600&#8243; use_theme_fonts=\u00bbyes\u00bb][vc_empty_space height=\u00bb100px\u00bb][\/vc_column][\/vc_row][vc_row][vc_column width=\u00bb1\/6&#8243;][\/vc_column][vc_column width=\u00bb2\/3&#8243;][vc_custom_heading text=\u00bbAnimaci\u00f3n de la Tecnolog\u00eda de Brocas Densah\u00ae\u00bb font_container=\u00bbtag:p|font_size:25|text_align:center|color:%23c4d600&#8243; use_theme_fonts=\u00bbyes\u00bb<\/p>\n<p><a href=\"https:\/\/versahinternational.com\/es\/videos-educativos\/\" class=\"more-link\">Seguir leyendo<span class=\"screen-reader-text\">V\u00eddeos educativos<\/span><\/a><\/p>\n","protected":false},"author":2,"featured_media":0,"parent":0,"menu_order":0,"comment_status":"closed","ping_status":"closed","template":"","meta":{"footnotes":""},"class_list":["post-11444","page","type-page","status-publish","hentry"],"jetpack_sharing_enabled":true,"_links":{"self":[{"href":"https:\/\/versahinternational.com\/es\/wp-json\/wp\/v2\/pages\/11444","targetHints":{"allow":["GET"]}}],"collection":[{"href":"https:\/\/versahinternational.com\/es\/wp-json\/wp\/v2\/pages"}],"about":[{"href":"https:\/\/versahinternational.com\/es\/wp-json\/wp\/v2\/types\/page"}],"author":[{"embeddable":true,"href":"https:\/\/versahinternational.com\/es\/wp-json\/wp\/v2\/users\/2"}],"replies":[{"embeddable":true,"href":"https:\/\/versahinternational.com\/es\/wp-json\/wp\/v2\/comments?post=11444"}],"version-history":[{"count":15,"href":"https:\/\/versahinternational.com\/es\/wp-json\/wp\/v2\/pages\/11444\/revisions"}],"predecessor-version":[{"id":26866,"href":"https:\/\/versahinternational.com\/es\/wp-json\/wp\/v2\/pages\/11444\/revisions\/26866"}],"wp:attachment":[{"href":"https:\/\/versahinternational.com\/es\/wp-json\/wp\/v2\/media?parent=11444"}],"curies":[{"name":"wp","href":"https:\/\/api.w.org\/{rel}","templated":true}]}}