{"id":9705,"date":"2023-07-18T18:32:06","date_gmt":"2023-07-18T18:32:06","guid":{"rendered":"https:\/\/versahinternational.com\/protocolo-zgo-tipo-iv\/"},"modified":"2023-12-04T21:35:16","modified_gmt":"2023-12-04T21:35:16","slug":"protocolo-zgo-tipo-iv","status":"publish","type":"page","link":"https:\/\/versahinternational.com\/es\/versatilidad-clinica\/protocolo-zgo-tipo-iv\/","title":{"rendered":"IV Protocolo ZGO\u2122"},"content":{"rendered":"<section class=\"wpb-content-wrapper\"><p>[vc_row][vc_column][vc_empty_space height=\u00bb100px\u00bb][vc_custom_heading text=\u00bbIV PROTOCOLO ZGO\u2122 ARCO CIGOM\u00c1TICO (EXTRA MAXILAR \u2013 EXTRA SINUSAL)\u00bb font_container=\u00bbtag:p|font_size:35|text_align:center|color:%23c4d600&#8243; use_theme_fonts=\u00bbyes\u00bb][vc_btn title=\u00bbDescargar Protocolo\u00bb style=\u00bboutline-custom\u00bb outline_custom_color=\u00bb#c4d600&#8243; outline_custom_hover_background=\u00bb#666666&#8243; outline_custom_hover_text=\u00bb#ffffff\u00bb size=\u00bblg\u00bb align=\u00bbcenter\u00bb link=\u00bburl:https%3A%2F%2Fversahinternational.com%2Fwp-content%2Fuploads%2F2023%2F12%2FSpanish_ZGO-Protocol-10831-REV01.pdf|title:Protocolo%20de%20expansi%C3%B3n%20facilitada%20de%20la%20cresta\u00bb][\/vc_column][\/vc_row][vc_row][vc_column css=\u00bb.vc_custom_1690381239585{background-color: #ffffff !important;}\u00bb][vc_separator][vc_row_inner][vc_column_inner width=\u00bb2\/3&#8243;][vc_column_text]<span style=\"color: #333333;\"><span style=\"color: #c4d600;\"><strong>Descripci\u00f3n general:<br \/>\n<\/strong><\/span>Este IV Protocolo ZGO\u2122 recorre una v\u00eda extra-maxilar. El hueso maxilar y el hueso alveolar tienen una atrofia extrema vertical y horizontal. La trayectoria es extra-maxilar con una v\u00eda totalmente extra sinusal. La cabeza del implante se sit\u00faa bucal a la cresta alveolar normalmente en una osteotom\u00eda de \u201ccanal\u201d poco profunda. La mayor parte del cuerpo del implante cigom\u00e1tico tiene un recorrido extra- sinusal\/extra-maxilar. La parte coronal del implante cigom\u00e1tico es extra maxilar, normalmente en una<br \/>\nosteotom\u00eda en \u201ccanal\u201d, mientras que la parte apical del implante est\u00e1 rodeada de hueso en una osteotom\u00eda en \u201ct\u00fanel\u201d en el hueso cigom\u00e1tico. El implante cigom\u00e1tico entra en contacto con el hueso cigom\u00e1tico y parte de la pared del seno lateral externo.<\/span><\/p>\n<p>[\/vc_column_text][\/vc_column_inner][vc_column_inner width=\u00bb1\/3&#8243;][vc_single_image image=\u00bb1317&#8243; img_size=\u00bbfull\u00bb][\/vc_column_inner][\/vc_row_inner][vc_separator][vc_empty_space height=\u00bb50px\u00bb][vc_row_inner][vc_column_inner width=\u00bb2\/3&#8243;][vc_custom_heading text=\u00bbPaso 1:\u00bb font_container=\u00bbtag:p|font_size:20|text_align:left|color:%23c4d600&#8243; use_theme_fonts=\u00bbyes\u00bb][vc_column_text]<span style=\"color: #333333;\">Crear la osteotom\u00eda en <strong>\u201ccanal\u201d<\/strong> coronal usando la fresas Universal Densah\u00ae comenzando con la VT1525 (2.0) hasta la VT3545 (4.0) en Modo corte CW a 800 \u2013 1500 rpm con abundante irrigaci\u00f3n como un \u201ccorte lateral\u201d para<strong> crear una osteotom\u00eda de canal en el reborde del hueso alveolar residual y de la pared lateral del seno maxilar.<\/strong> Una vez que la osteotom\u00eda se acerque a la membrana sinusal, cambie a CCW (modo OD) para preservar la integridad de la membrana sinusal mientras define la osteotom\u00eda del canal.<\/span>[\/vc_column_text][\/vc_column_inner][vc_column_inner width=\u00bb1\/3&#8243;][vc_single_image image=\u00bb17738&#8243; img_size=\u00bbfull\u00bb][\/vc_column_inner][\/vc_row_inner][vc_row_inner][vc_column_inner][vc_empty_space height=\u00bb50px\u00bb][\/vc_column_inner][\/vc_row_inner][vc_row_inner][vc_column_inner width=\u00bb2\/3&#8243;][vc_custom_heading text=\u00bbPaso 2:\u00bb font_container=\u00bbtag:p|font_size:20|text_align:left|color:%23c4d600&#8243; use_theme_fonts=\u00bbyes\u00bb][vc_column_text]<span style=\"color: #333333;\">Utilizando la fresa piloto ZGO\u2122 Densah\u00ae de la longitud adecuada (65 mm o 90 mm) en funci\u00f3n de la anatom\u00eda y el tama\u00f1o del paciente en modo CW, siga la trayectoria del \u201ccanal\u201d para entrar en la cara inferior del cuerpo del hueso cigom\u00e1tico con el fin de preparar una osteotom\u00eda en \u201ct\u00fanel\u201d de la longitud adecuada justo perforando apicalmente a trav\u00e9s de la cara superior-lateral del cuerpo del malar.<\/span>[\/vc_column_text][\/vc_column_inner][vc_column_inner width=\u00bb1\/3&#8243;][vc_single_image image=\u00bb1309&#8243; img_size=\u00bbfull\u00bb][\/vc_column_inner][\/vc_row_inner][vc_row_inner][vc_column_inner][vc_empty_space height=\u00bb50px\u00bb][\/vc_column_inner][\/vc_row_inner][vc_row_inner][vc_column_inner width=\u00bb2\/3&#8243;][vc_custom_heading text=\u00bbPaso 3:\u00bb font_container=\u00bbtag:p|font_size:20|text_align:left|color:%23c4d600&#8243; use_theme_fonts=\u00bbyes\u00bb][vc_column_text]<span style=\"color: #333333;\">Despu\u00e9s de la osteotom\u00eda del canal piloto, dependiendo de la anatom\u00eda y el tama\u00f1o del paciente, utilice las fresas ZGO\u2122 Densah\u00ae de la longitud adecuada (65 mm o 90 mm de longitud), empezando por la fresa ZGO\u2122 Densah\u00ae ZT1525, en modo de corte CW\/modo de densificaci\u00f3n CCW seg\u00fan sea necesario para ensanchar la osteotom\u00eda en un orden creciente consecutivo hasta conseguir el di\u00e1metro y la longitud de osteotom\u00eda deseados en funci\u00f3n del di\u00e1metro y la longitud del implante zigom\u00e1tico que se vaya a colocar. <strong>Cuando se vaya acercando a la membrana sinusal, cambie el sentido del fresado a CCW con objeto de preservar la integridad de la membrana sinusal.<\/strong><\/span>[\/vc_column_text][\/vc_column_inner][vc_column_inner width=\u00bb1\/3&#8243;][vc_single_image image=\u00bb1311&#8243; img_size=\u00bbfull\u00bb][\/vc_column_inner][\/vc_row_inner][vc_row_inner][vc_column_inner][vc_empty_space height=\u00bb50px\u00bb][\/vc_column_inner][\/vc_row_inner][vc_row_inner][vc_column_inner width=\u00bb2\/3&#8243;][vc_custom_heading text=\u00bbPaso 4:\u00bb font_container=\u00bbtag:p|font_size:20|text_align:left|color:%23c4d600&#8243; use_theme_fonts=\u00bbyes\u00bb][vc_column_text]<span style=\"color: #333333;\">La dureza del hueso malar y el di\u00e1metro del implante determinar\u00e1n el di\u00e1metro final de la fresa ZGO\u2122 Densah\u00ae, es decir ZT2030, ZT2535 o ZT3040. Las fresas ZGO\u2122 Densah\u00ae se utilizan en modo CW o CCW seg\u00fan sea necesario en funci\u00f3n de la densidad \u00f3sea, a 800-1500 rpm con abundante irrigaci\u00f3n.<\/span><br \/>\n<span style=\"color: #333333;\">1) Modo de corte en el sentido de las agujas del reloj (CW) para hueso m\u00e1s denso.<\/span><br \/>\n<span style=\"color: #333333;\">2) Modo de densificaci\u00f3n en sentido antihorario (CCW) para hueso m\u00e1s blando.<\/span><br \/>\n<span style=\"color: #333333;\">3) Una combinaci\u00f3n de CW y CCW utilizando el Protocolo Densificar- Preservar despu\u00e9s de Cortar (DAC) para una dureza \u00f3sea intermedia. La dureza \u00f3sea del arco cigom\u00e1tico y el di\u00e1metro del implante determinar\u00e1n el di\u00e1metro final de la fresa ZGO\u2122 Densah\u00ae.<\/span>[\/vc_column_text][\/vc_column_inner][vc_column_inner width=\u00bb1\/3&#8243;][vc_single_image image=\u00bb1313&#8243; img_size=\u00bbfull\u00bb][\/vc_column_inner][\/vc_row_inner][vc_row_inner][vc_column_inner][vc_empty_space height=\u00bb50px\u00bb][\/vc_column_inner][\/vc_row_inner][vc_row_inner][vc_column_inner width=\u00bb2\/3&#8243;][vc_custom_heading text=\u00bbPaso 5:\u00bb font_container=\u00bbtag:p|font_size:20|text_align:left|color:%23c4d600&#8243; use_theme_fonts=\u00bbyes\u00bb][vc_column_text]<span style=\"color: #333333;\">A continuaci\u00f3n, se coloca el implante cigom\u00e1tico. La cabeza del implante se asienta en la parte bucal de la cresta alveolar. La parte media del cuerpo del implante no toca la parte m\u00e1s c\u00f3ncava de la pared maxilar anterior. En este trayecto extra-sinusal maxilar contacta con el hueso en:<\/span><br \/>\n<span style=\"color: #333333;\">1) El aspecto bucal externo de la cresta.<\/span><br \/>\n<span style=\"color: #333333;\">2) El hueso cigom\u00e1tico apicalmente<\/span>[\/vc_column_text][\/vc_column_inner][vc_column_inner width=\u00bb1\/3&#8243;][vc_single_image image=\u00bb1315&#8243; img_size=\u00bbfull\u00bb][\/vc_column_inner][\/vc_row_inner][vc_row_inner][vc_column_inner][vc_empty_space height=\u00bb50px\u00bb][vc_single_image image=\u00bb1305&#8243; img_size=\u00bbfull\u00bb alignment=\u00bbcenter\u00bb][vc_column_text]<\/p>\n<div data-widget-id=\"ecf34c35-04ee-4d55-80f5-2b30c50127ca\" data-placement-id=\"b03f79d3-5287-4d86-b88e-4d16ee2698ae\" data-placement-status=\"ACTIVE\">\n<div>\n<div id=\"sd-simple-text-editable-ecf34c35-04ee-4d55-80f5-2b30c50127ca\" data-edit-mode=\"\">\n<p style=\"text-align: center;\">Caso cedido por el Dr. Costa Nicolopoulos<\/p>\n<p style=\"text-align: center;\">* Datos archivados, visite versahinternational.com\/od-published-papers\/ para estudios sobre implantes cigom\u00e1ticos.<br \/>\nEl criterio cl\u00ednico y experiencia profesional deben de tomarse en cuenta al aplicar esta pr\u00e1ctica cl\u00ednica y protocolo sugerido.<\/p>\n<\/div>\n<\/div>\n<\/div>\n<p>[\/vc_column_text][\/vc_column_inner][\/vc_row_inner][\/vc_column][\/vc_row][vc_row][vc_column][vc_empty_space height=\u00bb100px\u00bb][vc_column_text]<\/p>\n<h6><span style=\"color: #808080;\"> 10898 REV00 \u00faltima actualizaci\u00f3n: 08\/2023<\/span><\/h6>\n<p>[\/vc_column_text][\/vc_column][\/vc_row]<\/p>\n<\/section>","protected":false},"excerpt":{"rendered":"<p>[vc_row][vc_column][vc_empty_space height=\u00bb100px\u00bb][vc_custom_heading text=\u00bbIV PROTOCOLO ZGO\u2122 ARCO CIGOM\u00c1TICO (EXTRA MAXILAR \u2013 EXTRA SINUSAL)\u00bb font_container=\u00bbtag:p|font_size:35|text_align:center|color:%23c4d600&#8243; use_theme_fonts=\u00bbyes\u00bb][vc_btn title=\u00bbDescargar Protocolo\u00bb style=\u00bboutline-custom\u00bb outline_custom_color=\u00bb#c4d600&#8243; outline_custom_hover_background=\u00bb#666666&#8243; outline_custom_hover_text=\u00bb#ffffff\u00bb<\/p>\n<p><a href=\"https:\/\/versahinternational.com\/es\/versatilidad-clinica\/protocolo-zgo-tipo-iv\/\" class=\"more-link\">Seguir leyendo<span class=\"screen-reader-text\">IV Protocolo ZGO\u2122<\/span><\/a><\/p>\n","protected":false},"author":2,"featured_media":0,"parent":11664,"menu_order":0,"comment_status":"closed","ping_status":"closed","template":"","meta":{"footnotes":""},"class_list":["post-9705","page","type-page","status-publish","hentry"],"jetpack_sharing_enabled":true,"_links":{"self":[{"href":"https:\/\/versahinternational.com\/es\/wp-json\/wp\/v2\/pages\/9705","targetHints":{"allow":["GET"]}}],"collection":[{"href":"https:\/\/versahinternational.com\/es\/wp-json\/wp\/v2\/pages"}],"about":[{"href":"https:\/\/versahinternational.com\/es\/wp-json\/wp\/v2\/types\/page"}],"author":[{"embeddable":true,"href":"https:\/\/versahinternational.com\/es\/wp-json\/wp\/v2\/users\/2"}],"replies":[{"embeddable":true,"href":"https:\/\/versahinternational.com\/es\/wp-json\/wp\/v2\/comments?post=9705"}],"version-history":[{"count":9,"href":"https:\/\/versahinternational.com\/es\/wp-json\/wp\/v2\/pages\/9705\/revisions"}],"predecessor-version":[{"id":17816,"href":"https:\/\/versahinternational.com\/es\/wp-json\/wp\/v2\/pages\/9705\/revisions\/17816"}],"up":[{"embeddable":true,"href":"https:\/\/versahinternational.com\/es\/wp-json\/wp\/v2\/pages\/11664"}],"wp:attachment":[{"href":"https:\/\/versahinternational.com\/es\/wp-json\/wp\/v2\/media?parent=9705"}],"curies":[{"name":"wp","href":"https:\/\/api.w.org\/{rel}","templated":true}]}}