{"id":9757,"date":"2023-07-18T18:17:22","date_gmt":"2023-07-18T18:17:22","guid":{"rendered":"https:\/\/versahinternational.com\/protocolo-zgo-tipo-i-ii\/"},"modified":"2023-12-04T21:34:07","modified_gmt":"2023-12-04T21:34:07","slug":"protocolo-zgo-tipo-i-ii","status":"publish","type":"page","link":"https:\/\/versahinternational.com\/es\/versatilidad-clinica\/protocolo-zgo-tipo-i-ii\/","title":{"rendered":"I\/II Protocolo ZGO\u2122"},"content":{"rendered":"<section class=\"wpb-content-wrapper\"><p>[vc_row][vc_column][vc_empty_space height=\u00bb100px\u00bb][vc_custom_heading text=\u00bbI\/II Protocolo ZGO \u2122 ARCO CIGOMATICO (INTRA MAXILAR \u2013 INTRA\/EXRA SINUSAL)\u00bb font_container=\u00bbtag:p|font_size:35|text_align:center|color:%23c4d600&#8243; use_theme_fonts=\u00bbyes\u00bb][vc_btn title=\u00bbDescargar Protocolo\u00bb style=\u00bboutline-custom\u00bb outline_custom_color=\u00bb#c4d600&#8243; outline_custom_hover_background=\u00bb#666666&#8243; outline_custom_hover_text=\u00bb#ffffff\u00bb size=\u00bblg\u00bb align=\u00bbcenter\u00bb link=\u00bburl:https%3A%2F%2Fversahinternational.com%2Fwp-content%2Fuploads%2F2023%2F12%2FSpanish_ZGO-Protocol-10828-REV01.pdf|title:Protocolo%20de%20expansi%C3%B3n%20facilitada%20de%20la%20cresta\u00bb][\/vc_column][\/vc_row][vc_row][vc_column css=\u00bb.vc_custom_1690313321145{background-color: #ffffff !important;}\u00bb][vc_separator][vc_column_text]<span style=\"color: #333333;\"><span style=\"color: #c4d600;\"><strong>Descripci\u00f3n general:<\/strong><br \/>\n<\/span>La pared anterior maxilar es ligeramente c\u00f3ncava. La v\u00eda es totalmente intra-maxilar con una aproximaci\u00f3n intra\/extra-sinusal. Se crea una osteotom\u00eda en t\u00fanel a trav\u00e9s de la cresta alveolar, en la pared lateral interna del seno, para salir ligeramente a trav\u00e9s de esa pared lateral y luego volver a entrar de nuevo como una segunda osteotom\u00eda de t\u00fanel en el seno para salir a trav\u00e9s del cuerpo del hueso cigom\u00e1tico.<br \/>\n<\/span>[\/vc_column_text][vc_separator][vc_row_inner][vc_column_inner width=\u00bb1\/2&#8243;][vc_single_image image=\u00bb1279&#8243; img_size=\u00bbfull\u00bb alignment=\u00bbcenter\u00bb][vc_column_text]<span style=\"color: #333333;\"><strong>I ZGO\u2122: Intra-Maxilar Intra\/Extra Sinusal:<\/strong> La pared anterior maxilar es ligeramente c\u00f3ncava. La v\u00eda es intra-maxilar con una trayectoria mayoritariamente intra-sinusal.<\/span>[\/vc_column_text][\/vc_column_inner][vc_column_inner width=\u00bb1\/2&#8243;][vc_single_image image=\u00bb1281&#8243; img_size=\u00bbfull\u00bb alignment=\u00bbcenter\u00bb][vc_column_text]<span style=\"color: #333333;\"><strong>II ZGO\u2122: Intra-Maxilar Extra\/Intra Sinusal:<\/strong> La pared anterior es ligeramente m\u00e1s c\u00f3ncava que en ZGO I . Por lo tanto, sigue el mismo principio quir\u00fargico que el I ZGO\u2122 con una v\u00eda, pero con una trayectoria intra-maxilar que es mayoritariamente extra-sinusal.<\/span>[\/vc_column_text][\/vc_column_inner][\/vc_row_inner][vc_row_inner][vc_column_inner][vc_empty_space height=\u00bb50px\u00bb][\/vc_column_inner][\/vc_row_inner][vc_row_inner][vc_column_inner width=\u00bb2\/3&#8243;][vc_custom_heading text=\u00bbPaso 1:\u00bb font_container=\u00bbtag:p|font_size:20|text_align:left|color:%23c4d600&#8243; use_theme_fonts=\u00bbyes\u00bb][vc_column_text]<span style=\"color: #333333;\">La osteotom\u00eda en t\u00fanel se inicia con la fresa piloto Universal Densah\u00ae a trav\u00e9s de la cresta alveolar en el sentido de las agujas del reloj (CW) para alcanzar el suelo del seno. A continuaci\u00f3n, se utilizan las fresas Universal Densah\u00ae en un orden creciente consecutivo de 2 mm, 2,3 mm, 3 mm y 3,3 mm en el sentido contrario a las agujas del reloj (CCW) para preservar y ampliar la osteotom\u00eda crestal e iniciar la entrada en la pared lateral del seno. De este modo se conseguir\u00eda preservar la membrana sinusal y oseodensificar el hueso alveolar.\u00a0<\/span>[\/vc_column_text][\/vc_column_inner][vc_column_inner width=\u00bb1\/3&#8243;][vc_single_image image=\u00bb15703&#8243; img_size=\u00bbfull\u00bb][\/vc_column_inner][\/vc_row_inner][vc_row_inner][vc_column_inner][vc_empty_space height=\u00bb50px\u00bb][\/vc_column_inner][\/vc_row_inner][vc_row_inner][vc_column_inner width=\u00bb2\/3&#8243;][vc_custom_heading text=\u00bbPaso 2:\u00bb font_container=\u00bbtag:p|font_size:20|text_align:left|color:%23c4d600&#8243; use_theme_fonts=\u00bbyes\u00bb][vc_column_text]<span style=\"color: #333333;\">Utilizando la fresa piloto ZGO\u2122 Densah\u00ae de longitud adecuada (65 mm o 90 mm) en funci\u00f3n de la anatom\u00eda y el tama\u00f1o del paciente, en modo CW, entre en la osteotom\u00eda de t\u00fanel crestal preparada para salir a trav\u00e9s de la pared del seno lateral para entrar de nuevo, a trav\u00e9s de otra osteotom\u00eda de t\u00fanel, en la superficie inferior del hueso cigom\u00e1tico, y a continuaci\u00f3n, a trav\u00e9s del cuerpo para salir por la superficie supero lateral del cuerpo del malar.<\/span>[\/vc_column_text][\/vc_column_inner][vc_column_inner width=\u00bb1\/3&#8243;][vc_single_image image=\u00bb1269&#8243; img_size=\u00bbfull\u00bb][\/vc_column_inner][\/vc_row_inner][vc_row_inner][vc_column_inner][vc_empty_space height=\u00bb50px\u00bb][\/vc_column_inner][\/vc_row_inner][vc_row_inner][vc_column_inner width=\u00bb2\/3&#8243;][vc_custom_heading text=\u00bbPaso 3:\u00bb font_container=\u00bbtag:p|font_size:20|text_align:left|color:%23c4d600&#8243; use_theme_fonts=\u00bbyes\u00bb][vc_column_text]<span style=\"color: #333333;\">Despu\u00e9s de la osteotom\u00eda piloto, utilice las fresas ZGO\u2122 Densah\u00ae de la longitud adecuada (65 mm o 90 mm) en funci\u00f3n de la anatom\u00eda y el tama\u00f1o del paciente. Comenzando con la fresa Densah\u00ae ZT 1525, ensanche la osteotom\u00eda crestal en modo CCW entrando en la cavidad sinusal para salir a trav\u00e9s de la pared sinusal lateral para entrar de nuevo, a trav\u00e9s de otra osteotom\u00eda de t\u00fanel, cambie a modo CW seg\u00fan sea necesario para entrar en la superficie inferior del cigom\u00e1tico, a trav\u00e9s del cuerpo del malar y salir por la superficie supero lateral.<\/span>[\/vc_column_text][\/vc_column_inner][vc_column_inner width=\u00bb1\/3&#8243;][vc_single_image image=\u00bb1271&#8243; img_size=\u00bbfull\u00bb][\/vc_column_inner][\/vc_row_inner][vc_row_inner][vc_column_inner][vc_empty_space height=\u00bb50px\u00bb][\/vc_column_inner][\/vc_row_inner][vc_row_inner][vc_column_inner width=\u00bb2\/3&#8243;][vc_custom_heading text=\u00bbPaso 4:\u00bb font_container=\u00bbtag:p|font_size:20|text_align:left|color:%23c4d600&#8243; use_theme_fonts=\u00bbyes\u00bb][vc_column_text]<span style=\"color: #333333;\">La dureza del hueso cigom\u00e1tico y el di\u00e1metro del implante van a determinar el di\u00e1metro final de la fresa ZGO\u2122 Densah\u00ae Por ejemplo, ZT2030, ZT2535, o ZT3040. <strong>Las fresas ZGO\u2122 Densah\u00ae deben de utilizarse CW\/CCW seg\u00fan sea necesario en funci\u00f3n de la densidad del hueso y siempre a 800-1500rpm con abundante irrigaci\u00f3n .<\/strong><\/span><br \/>\n<span style=\"color: #333333;\">1) Sentido horario (CW) modo de corte en hueso m\u00e1s denso<\/span><br \/>\n<span style=\"color: #333333;\">2) Sentido antihorario (CCW) modo densificaci\u00f3n en hueso m\u00e1s blando<\/span><br \/>\n<span style=\"color: #333333;\">3) Una combinaci\u00f3n de CW y CCW utilizando el Protocolo Densificar- Preservar despu\u00e9s de Cortar (DAC) para una dureza \u00f3sea intermedia.<\/span>[\/vc_column_text][\/vc_column_inner][vc_column_inner width=\u00bb1\/3&#8243;][vc_single_image image=\u00bb1273&#8243; img_size=\u00bbfull\u00bb][\/vc_column_inner][\/vc_row_inner][vc_row_inner][vc_column_inner][vc_empty_space height=\u00bb50px\u00bb][\/vc_column_inner][\/vc_row_inner][vc_row_inner][vc_column_inner width=\u00bb2\/3&#8243;][vc_custom_heading text=\u00bbPaso 5:\u00bb font_container=\u00bbtag:p|font_size:20|text_align:left|color:%23c4d600&#8243; use_theme_fonts=\u00bbyes\u00bb][vc_column_text]<span style=\"color: #333333;\">A continuaci\u00f3n, se coloca el implante cigom\u00e1tico. Aunque el implante cigom\u00e1tico puede verse a trav\u00e9s de la pared maxilar anterior, la mayor parte del cuerpo del implante tiene un trayecto intra sinusal. En los protocolos I ZGO\u2122 y II ZGO\u2122 el implante contacta con el hueso en :<\/span><br \/>\n<span style=\"color: #333333;\">1) La cresta alveolar.<\/span><br \/>\n<span style=\"color: #333333;\">2) La pared interna del seno.<\/span><br \/>\n<span style=\"color: #333333;\">3) La pared lateral del seno.<\/span><br \/>\n<span style=\"color: #333333;\">4) El cuerpo del hueso cigom\u00e1tico<\/span>[\/vc_column_text][\/vc_column_inner][vc_column_inner width=\u00bb1\/3&#8243;][vc_single_image image=\u00bb1275&#8243; img_size=\u00bbfull\u00bb][vc_single_image image=\u00bb1277&#8243; img_size=\u00bbfull\u00bb][\/vc_column_inner][\/vc_row_inner][vc_row_inner][vc_column_inner][vc_empty_space height=\u00bb50px\u00bb][vc_single_image image=\u00bb1265&#8243; img_size=\u00bbfull\u00bb alignment=\u00bbcenter\u00bb][vc_column_text]<\/p>\n<div data-widget-id=\"ecf34c35-04ee-4d55-80f5-2b30c50127ca\" data-placement-id=\"b03f79d3-5287-4d86-b88e-4d16ee2698ae\" data-placement-status=\"ACTIVE\">\n<div id=\"sd-simple-text-editable-ecf34c35-04ee-4d55-80f5-2b30c50127ca\" data-edit-mode=\"\">\n<p style=\"text-align: center;\">* Datos archivados, visite versahinternational.com\/od-published-papers\/ para estudios sobre implantes cigom\u00e1ticos.<br \/>\nEl criterio cl\u00ednico y experiencia profesional deben de tomarse ne cuanta al aplicar esta pr\u00e1ctica cl\u00ednica y protocolo sugerido.<\/p>\n<\/div>\n<\/div>\n<p>[\/vc_column_text][\/vc_column_inner][\/vc_row_inner][\/vc_column][\/vc_row][vc_row][vc_column][vc_empty_space height=\u00bb100px\u00bb][vc_column_text]<\/p>\n<h6><span style=\"color: #808080;\">10896 REV00 \u00faltima actualizaci\u00f3n: 08\/2023<\/span><\/h6>\n<p>[\/vc_column_text][\/vc_column][\/vc_row]<\/p>\n<\/section>","protected":false},"excerpt":{"rendered":"<p>[vc_row][vc_column][vc_empty_space height=\u00bb100px\u00bb][vc_custom_heading text=\u00bbI\/II Protocolo ZGO \u2122 ARCO CIGOMATICO (INTRA MAXILAR \u2013 INTRA\/EXRA SINUSAL)\u00bb font_container=\u00bbtag:p|font_size:35|text_align:center|color:%23c4d600&#8243; use_theme_fonts=\u00bbyes\u00bb][vc_btn title=\u00bbDescargar Protocolo\u00bb style=\u00bboutline-custom\u00bb outline_custom_color=\u00bb#c4d600&#8243; outline_custom_hover_background=\u00bb#666666&#8243;<\/p>\n<p><a href=\"https:\/\/versahinternational.com\/es\/versatilidad-clinica\/protocolo-zgo-tipo-i-ii\/\" class=\"more-link\">Seguir leyendo<span class=\"screen-reader-text\">I\/II Protocolo ZGO\u2122<\/span><\/a><\/p>\n","protected":false},"author":2,"featured_media":0,"parent":11664,"menu_order":0,"comment_status":"closed","ping_status":"closed","template":"","meta":{"footnotes":""},"class_list":["post-9757","page","type-page","status-publish","hentry"],"jetpack_sharing_enabled":true,"_links":{"self":[{"href":"https:\/\/versahinternational.com\/es\/wp-json\/wp\/v2\/pages\/9757","targetHints":{"allow":["GET"]}}],"collection":[{"href":"https:\/\/versahinternational.com\/es\/wp-json\/wp\/v2\/pages"}],"about":[{"href":"https:\/\/versahinternational.com\/es\/wp-json\/wp\/v2\/types\/page"}],"author":[{"embeddable":true,"href":"https:\/\/versahinternational.com\/es\/wp-json\/wp\/v2\/users\/2"}],"replies":[{"embeddable":true,"href":"https:\/\/versahinternational.com\/es\/wp-json\/wp\/v2\/comments?post=9757"}],"version-history":[{"count":10,"href":"https:\/\/versahinternational.com\/es\/wp-json\/wp\/v2\/pages\/9757\/revisions"}],"predecessor-version":[{"id":17814,"href":"https:\/\/versahinternational.com\/es\/wp-json\/wp\/v2\/pages\/9757\/revisions\/17814"}],"up":[{"embeddable":true,"href":"https:\/\/versahinternational.com\/es\/wp-json\/wp\/v2\/pages\/11664"}],"wp:attachment":[{"href":"https:\/\/versahinternational.com\/es\/wp-json\/wp\/v2\/media?parent=9757"}],"curies":[{"name":"wp","href":"https:\/\/api.w.org\/{rel}","templated":true}]}}