{"id":10173,"date":"2023-07-18T18:11:36","date_gmt":"2023-07-18T18:11:36","guid":{"rendered":"https:\/\/versahinternational.com\/guide-de-reference-pour-le-forage-des-systemes-dimplants-drg\/"},"modified":"2026-03-27T14:46:32","modified_gmt":"2026-03-27T14:46:32","slug":"guide-de-reference-pour-le-forage-des-systemes-dimplants-drg","status":"publish","type":"page","link":"https:\/\/versahinternational.com\/fr\/polyvalence-clinique\/guide-de-reference-pour-le-forage-des-systemes-dimplants-drg\/","title":{"rendered":"Guide de r\u00e9f\u00e9rence sur le forage du syst\u00e8me d\u2019implant"},"content":{"rendered":"<section class=\"wpb-content-wrapper\"><p>[vc_row][vc_column][vc_empty_space height=\u00a0\u00bb100px\u00a0\u00bb][vc_custom_heading text=\u00a0\u00bbPROTOCOLES SUR LE SYST\u00c8ME D\u2019IMPLANT\u00a0\u00bb font_container=\u00a0\u00bbtag:p|font_size:35|text_align:center|color:%23c4d600&Prime; use_theme_fonts=\u00a0\u00bbyes\u00a0\u00bb][vc_single_image image=\u00a0\u00bb26613&Prime; img_size=\u00a0\u00bbfull\u00a0\u00bb alignment=\u00a0\u00bbcenter\u00a0\u00bb][vc_column_text]<\/p>\n<h6><span style=\"color: #999999;\">* Il convient de faire appel \u00e0 l\u2019exp\u00e9rience et au jugement du clinicien en plus du pr\u00e9sent protocole de forage sugg\u00e9r\u00e9 pour le syst\u00e8me d\u2019implant.<br \/>\n** Le clinicien doit suivre les directives sur les couples d\u2019insertion recommand\u00e9s pour ses syst\u00e8mes d\u2019implants.<br \/>\n*** Dans les cas d\u2019expansion de cr\u00eate, surdimensionner l\u2019ost\u00e9otomie et s\u2019assurer que le diam\u00e8tre de la cr\u00eate est sup\u00e9rieur ou \u00e9gal au diam\u00e8tre majeur de l\u2019implant.<\/span><\/h6>\n<p>[\/vc_column_text][vc_custom_heading text=\u00a0\u00bbCliquer pour en savoir plus sur les protocoles de forage pour le syst\u00e8me d\u2019implant<br \/>\n(Guide de r\u00e9f\u00e9rence sur la densification)\u00a0\u00bb font_container=\u00a0\u00bbtag:p|font_size:25|text_align:center|color:%23c4d600&Prime; use_theme_fonts=\u00a0\u00bbyes\u00a0\u00bb css=\u00a0\u00bb.vc_custom_1699470352427{background-color: #333333 !important;}\u00a0\u00bb][\/vc_column][\/vc_row][vc_row][vc_column][vc_empty_space height=\u00a0\u00bb100px\u00a0\u00bb][\/vc_column][\/vc_row][vc_row][vc_column width=\u00a0\u00bb1\/3&Prime; css=\u00a0\u00bb.vc_custom_1690225608060{background-position: 0 0 !important;background-repeat: no-repeat !important;}\u00a0\u00bb][vc_single_image image=\u00a0\u00bb7431&Prime; img_size=\u00a0\u00bbmedium\u00a0\u00bb alignment=\u00a0\u00bbcenter\u00a0\u00bb][\/vc_column][vc_column width=\u00a0\u00bb1\/3&Prime;][vc_column_text]<a href=\"https:\/\/versah.com\/content\/DensifyingReferenceGuides\/2026%20MARCH\/A-B\/AB_full_densah_bur_kit_10238%20REV04.pdf\" target=\"_blank\" rel=\"noopener\">\u2022 AB Dental<\/a><br \/>\n<a href=\"https:\/\/versah.com\/content\/DensifyingReferenceGuides\/2026%20MARCH\/A-B\/Adin_full_densah_bur_kit_10258%20REV04.pdf\" target=\"_blank\" rel=\"noopener\">\u2022 Adin<\/a><br \/>\n<a href=\"https:\/\/versah.com\/content\/DensifyingReferenceGuides\/2022NOV\/A-B\/Advan_GTB_GTB-TZERO.pdf\" target=\"_blank\" rel=\"noopener\">\u2022 Advan<\/a><br \/>\n<a href=\"https:\/\/versah.com\/content\/DensifyingReferenceGuides\/2026%20MARCH\/A-B\/Alpha%20Bio_full_densah_bur_kit_10259%20REV04.pdf\" target=\"_blank\" rel=\"noopener\">\u2022 AlphaBio<\/a><br \/>\n<a href=\"https:\/\/versah.com\/content\/DensifyingReferenceGuides\/2026%20MARCH\/A-B\/Altracore%20Biomedical_full_densah_bur_kit_10457%20REV08.pdf\" target=\"_blank\" rel=\"noopener\">\u2022 Altracore Biomedical<\/a><br \/>\n<a href=\"https:\/\/versah.com\/content\/DensifyingReferenceGuides\/2026%20MARCH\/A-B\/Anker_full_densah_bur_kit_10458%20REV05.pdf\" target=\"_blank\" rel=\"noopener\">\u2022 Anker<\/a><br \/>\n<a href=\"https:\/\/versah.com\/content\/DensifyingReferenceGuides\/2026%20MARCH\/A-B\/Ankylos_full_densah_bur_kit_10459%20REV%2011.pdf\" target=\"_blank\" rel=\"noopener\">\u2022 Ankylos\u00ae<\/a><br \/>\n<a href=\"https:\/\/versah.com\/content\/DensifyingReferenceGuides\/2026%20MARCH\/A-B\/Anthogyr_full_densah_bur_kit_10460%20REV09.pdf\">\u2022 Anthogyr<\/a><br \/>\n<a href=\"https:\/\/versah.com\/content\/DensifyingReferenceGuides\/2026%20MARCH\/A-B\/AON_full_densah_bur_kit_11302_REV00.pdf\">\u2022 AON<\/a><br \/>\n<a href=\"https:\/\/versah.com\/content\/DensifyingReferenceGuides\/2026%20MARCH\/A-B\/Argon_full_densah_bur_kit_10461%20REV05.pdf\" target=\"_blank\" rel=\"noopener\">\u2022 Argon\u00ae<\/a><br \/>\n<a href=\"https:\/\/versah.com\/content\/DensifyingReferenceGuides\/2026%20MARCH\/A-B\/Astra%20Tech%20Full%20Kit%2010462%20REV12.pdf\" target=\"_blank\" rel=\"noopener\">\u2022 Astra Tech\u2122<\/a><br \/>\n<a href=\"https:\/\/versah.com\/content\/DensifyingReferenceGuides\/2026%20MARCH\/A-B\/Avinent%20Biomimetic_full_densah_bur_kit_10463%20REV08.pdf\" target=\"_blank\" rel=\"noopener\">\u2022 Avinent Biomimetic<\/a>[\/vc_column_text][\/vc_column][vc_column width=\u00a0\u00bb1\/3&Prime;][vc_column_text]<span style=\"color: #ffffff;\"><a style=\"color: #ffffff;\" href=\"https:\/\/versah.com\/content\/DensifyingReferenceGuides\/2026%20MARCH\/A-B\/Bego_full_densah_bur_kit_10464%20REV06.pdf\" target=\"_blank\" rel=\"noopener\">\u2022 Bego\u00ae<\/a><\/span><br \/>\n<span style=\"color: #ffffff;\"><a style=\"color: #ffffff;\" href=\"https:\/\/versah.com\/content\/DensifyingReferenceGuides\/2026%20MARCH\/A-B\/Biodenta%2010533%20REV03.pdf\" target=\"_blank\" rel=\"noopener\">\u2022 Biodenta<\/a><\/span><br \/>\n<span style=\"color: #ffffff;\"><a style=\"color: #ffffff;\" href=\"https:\/\/versah.com\/content\/DensifyingReferenceGuides\/2026%20MARCH\/A-B\/BioHorizons_10374%20REV04.pdf\" target=\"_blank\" rel=\"noopener\">\u2022 BioHorizons\u00ae<\/a><\/span><br \/>\n<span style=\"color: #ffffff;\"><a style=\"color: #ffffff;\" href=\"https:\/\/versah.com\/content\/DensifyingReferenceGuides\/2022NOV\/A-B\/Biomate%2010571%20REV01.pdf\" target=\"_blank\" rel=\"noopener\">\u2022 Biomate<\/a><\/span><br \/>\n<span style=\"color: #ffffff;\"><a style=\"color: #ffffff;\" href=\"https:\/\/versah.com\/content\/DensifyingReferenceGuides\/2026%20MARCH\/A-B\/BioTech%20Dental_full_kit_%2010312%20REV03.pdf\" target=\"_blank\" rel=\"noopener\">\u2022 BioTech Dental<\/a><\/span><br \/>\n<span style=\"color: #ffffff;\"><a style=\"color: #ffffff;\" href=\"https:\/\/versah.com\/content\/DensifyingReferenceGuides\/2026%20MARCH\/A-B\/Blue%20Sky%20Bio%2010534%20REV03.pdf\" target=\"_blank\" rel=\"noopener\">\u2022 Blue Sky Bio<\/a><\/span><br \/>\n<span style=\"color: #ffffff;\"><a style=\"color: #ffffff;\" href=\"https:\/\/versah.com\/content\/DensifyingReferenceGuides\/2026%20MARCH\/A-B\/Bredent%2010535%20REV03.pdf\" target=\"_blank\" rel=\"noopener\">\u2022 Bredent<\/a><\/span><br \/>\n<span style=\"color: #ffffff;\"><a style=\"color: #ffffff;\" href=\"https:\/\/versah.com\/content\/DensifyingReferenceGuides\/2026%20MARCH\/A-B\/BTI_full_densah_bur_kit_10720REV03.pdf\" target=\"_blank\" rel=\"noopener\">\u2022 BTI<\/a><\/span>[\/vc_column_text][\/vc_column][\/vc_row][vc_row][vc_column][vc_empty_space height=\u00a0\u00bb50px\u00a0\u00bb][vc_separator][vc_empty_space height=\u00a0\u00bb50px\u00a0\u00bb][\/vc_column][\/vc_row][vc_row][vc_column width=\u00a0\u00bb1\/3&Prime; css=\u00a0\u00bb.vc_custom_1690225608060{background-position: 0 0 !important;background-repeat: no-repeat !important;}\u00a0\u00bb][vc_single_image image=\u00a0\u00bb7446&Prime; img_size=\u00a0\u00bbmedium\u00a0\u00bb alignment=\u00a0\u00bbcenter\u00a0\u00bb][\/vc_column][vc_column width=\u00a0\u00bb1\/3&Prime;][vc_column_text]<a href=\"https:\/\/versah.com\/content\/DensifyingReferenceGuides\/2026%20MARCH\/C-K\/Camlog_10536REV04.pdf\" target=\"_blank\" rel=\"noopener\">\u2022 CAMLOG\u00ae<\/a><br \/>\n<a href=\"https:\/\/versah.com\/content\/DensifyingReferenceGuides\/2026%20MARCH\/C-K\/DENKA%20RG%2010537%20REV03.pdf\" target=\"_blank\" rel=\"noopener\">\u2022 DENKA<\/a><br \/>\n<a href=\"https:\/\/versah.com\/content\/DensifyingReferenceGuides\/2026%20MARCH\/C-K\/Dental%20Tech_11619%20REV01.pdf\" target=\"_blank\" rel=\"noopener\">\u2022 Dental Tech<\/a><br \/>\n<a href=\"https:\/\/versah.com\/content\/DensifyingReferenceGuides\/2026%20MARCH\/C-K\/Dentis_full_densah_bur_kit_rev03.pdf\" target=\"_blank\" rel=\"noopener\">\u2022 Dentis<\/a><br \/>\n<a href=\"https:\/\/versah.com\/content\/DensifyingReferenceGuides\/2026%20MARCH\/C-K\/Dentium%20Full%20DRG%2010721REV01.pdf\" target=\"_blank\" rel=\"noopener\">\u2022 Dentium<\/a><br \/>\n<a href=\"https:\/\/versah.com\/content\/DensifyingReferenceGuides\/2026%20MARCH\/C-K\/Dentsply_full%20kit_10572%20REV03%20v2.pdf\" target=\"_blank\" rel=\"noopener\">\u2022 Dentsply\u00ae<\/a><br \/>\n<a href=\"https:\/\/versah.com\/content\/DensifyingReferenceGuides\/2026%20MARCH\/C-K\/Dio_UF_10281%20rev03.pdf\" target=\"_blank\" rel=\"noopener\">\u2022 Dio<\/a><br \/>\n<a href=\"https:\/\/versah.com\/content\/DensifyingReferenceGuides\/2022NOV\/C-K\/DM%20Implants%20DRG%2011620%20REV00.pdf\">\u2022 DM Implants<\/a><br \/>\n<a href=\"https:\/\/versah.com\/content\/DensifyingReferenceGuides\/2026%20MARCH\/C-K\/DURA-VIT-RG-10538%20REV03.pdf\" target=\"_blank\" rel=\"noopener\">\u2022 DURA-VIT<\/a><br \/>\n<a href=\"https:\/\/versah.com\/content\/DensifyingReferenceGuides\/2026%20MARCH\/C-K\/Flotecno%2010104%20REV04.pdf\" target=\"_blank\" rel=\"noopener\">\u2022 Flotecno\u00ae<\/a><br \/>\n<a href=\"https:\/\/versah.com\/content\/DensifyingReferenceGuides\/2026%20MARCH\/C-K\/Galimplant_RG_10539%20REV03.pdf\" target=\"_blank\" rel=\"noopener\">\u2022 Galimplant<\/a><br \/>\n<a href=\"https:\/\/versah.com\/content\/DensifyingReferenceGuides\/2026%20MARCH\/C-K\/Genesis-Implants-RG-10540%20REV03.pdf\" target=\"_blank\" rel=\"noopener\">\u2022 Genesis Implants<\/a>[\/vc_column_text][\/vc_column][vc_column width=\u00a0\u00bb1\/3&Prime;][vc_column_text]<a href=\"https:\/\/versah.com\/content\/DensifyingReferenceGuides\/2026%20MARCH\/C-K\/Hahn%20Tapered_RG_10541%20REV03.pdf\" target=\"_blank\" rel=\"noopener\">\u2022 Hahn<\/a><br \/>\n<a href=\"https:\/\/versah.com\/content\/DensifyingReferenceGuides\/2026%20MARCH\/C-K\/Hiossen%20Full%20Kit.pdf\" target=\"_blank\" rel=\"noopener\">\u2022 Hiossen<\/a><br \/>\n<a href=\"https:\/\/versah.com\/content\/DensifyingReferenceGuides\/2026%20MARCH\/C-K\/Implant%20Direct%2010543%20REV04.pdf\" target=\"_blank\" rel=\"noopener\">\u2022 Implant Direct\u00ae<\/a><br \/>\n<a href=\"https:\/\/versah.com\/content\/DensifyingReferenceGuides\/2026%20MARCH\/C-K\/ImplantSwiss-RG-10544%20REV03.pdf\" target=\"_blank\" rel=\"noopener\">\u2022 Implant Swiss<\/a><br \/>\n<a href=\"https:\/\/versah.com\/content\/DensifyingReferenceGuides\/2026%20MARCH\/C-K\/Intralock%2010545%20REV03.pdf\" target=\"_blank\" rel=\"noopener\">\u2022 IntraLock<\/a><br \/>\n<a href=\"https:\/\/versah.com\/content\/DensifyingReferenceGuides\/2026%20MARCH\/C-K\/Inverta_full%20kit_10472%20REV04.pdf\" target=\"_blank\" rel=\"noopener\">\u2022 Inverta<\/a><br \/>\n<a href=\"https:\/\/versah.com\/content\/DensifyingReferenceGuides\/2026%20MARCH\/C-K\/JD-Implant-RG-10546%20REV04.pdf\" target=\"_blank\" rel=\"noopener\">\u2022 JD Implant<\/a><br \/>\n<a href=\"https:\/\/versah.com\/content\/DensifyingReferenceGuides\/2026%20MARCH\/C-K\/Keystone%2010547%20REV03.pdf\" target=\"_blank\" rel=\"noopener\">\u2022 Keystone (Prima\u2122)<\/a><br \/>\n<a href=\"https:\/\/versah.com\/content\/DensifyingReferenceGuides\/2026%20MARCH\/C-K\/Klockner_full_densah_bur_kit.pdf\" target=\"_blank\" rel=\"noopener\">\u2022 Klockner<\/a>[\/vc_column_text][\/vc_column][\/vc_row][vc_row][vc_column][vc_empty_space height=\u00a0\u00bb50px\u00a0\u00bb][vc_separator][vc_empty_space height=\u00a0\u00bb50px\u00a0\u00bb][\/vc_column][\/vc_row][vc_row][vc_column width=\u00a0\u00bb1\/3&Prime; css=\u00a0\u00bb.vc_custom_1690225608060{background-position: 0 0 !important;background-repeat: no-repeat !important;}\u00a0\u00bb][vc_single_image image=\u00a0\u00bb7461&Prime; img_size=\u00a0\u00bbmedium\u00a0\u00bb alignment=\u00a0\u00bbcenter\u00a0\u00bb][\/vc_column][vc_column width=\u00a0\u00bb1\/3&Prime;][vc_column_text]<a href=\"https:\/\/versah.com\/content\/DensifyingReferenceGuides\/2026%20MARCH\/L-R\/Leone%20DRG.pdf\" target=\"_blank\" rel=\"noopener\">\u2022 Leone<\/a><br \/>\n<a href=\"https:\/\/versah.com\/content\/DensifyingReferenceGuides\/2026%20MARCH\/L-R\/Medentis%20Medical%2010225%20REV04.pdf\" target=\"_blank\" rel=\"noopener\">\u2022 Medentis Medical\u00ae<\/a><br \/>\n<a href=\"https:\/\/versah.com\/content\/DensifyingReferenceGuides\/2026%20MARCH\/L-R\/MegaGen_full_kit_10103%20REV10.pdf\" target=\"_blank\" rel=\"noopener\">\u2022 Mega&rsquo;Gen<\/a><br \/>\n<a href=\"https:\/\/versah.com\/content\/DensifyingReferenceGuides\/2026%20MARCH\/L-R\/MIS_DRG_FULL_10199%20REV05.pdf\" target=\"_blank\" rel=\"noopener\">\u2022 MIS\u00ae<\/a><br \/>\n<a href=\"https:\/\/versah.com\/content\/DensifyingReferenceGuides\/2026%20MARCH\/L-R\/NeoBiotech%2010549%20REV03.pdf\" target=\"_blank\" rel=\"noopener\">\u2022 NeoBiotech<\/a><br \/>\n<a href=\"https:\/\/versah.com\/content\/DensifyingReferenceGuides\/2026%20MARCH\/L-R\/NeoDent%2010393%20REV06.pdf\" target=\"_blank\" rel=\"noopener\">\u2022 NeoDent<\/a><br \/>\n<a href=\"https:\/\/versah.com\/content\/DensifyingReferenceGuides\/2026%20MARCH\/L-R\/Neoss_RG_10550%20REV03.pdf\" target=\"_blank\" rel=\"noopener\">\u2022 Neoss\u2122<\/a><br \/>\n<a href=\"https:\/\/versah.com\/content\/DensifyingReferenceGuides\/2026%20MARCH\/L-R\/Nobel%20biocare%2010551%20REV05.pdf\" target=\"_blank\" rel=\"noopener\">\u2022 Nobel Biocare<\/a><br \/>\n<a href=\"https:\/\/versah.com\/content\/DensifyingReferenceGuides\/2026%20MARCH\/L-R\/Noris%20Medical%2010231%20REV04.pdf\" target=\"_blank\" rel=\"noopener\">\u2022 Noris Medical<\/a><br \/>\n<a href=\"https:\/\/versah.com\/content\/DensifyingReferenceGuides\/2026%20MARCH\/L-R\/Nova_RG_10552%20REV03.pdf\" target=\"_blank\" rel=\"noopener\">\u2022 Nova<\/a>[\/vc_column_text][\/vc_column][vc_column width=\u00a0\u00bb1\/3&Prime;][vc_column_text]<a href=\"https:\/\/versah.com\/content\/DensifyingReferenceGuides\/2026%20MARCH\/L-R\/OCO%20Biomedical_RG_10553%20REV03.pdf\" target=\"_blank\" rel=\"noopener\">\u2022 OCO Biomedical<\/a><br \/>\n<a href=\"https:\/\/versah.com\/content\/DensifyingReferenceGuides\/2026%20MARCH\/L-R\/Osstem-10554%20REV03.pdf\" target=\"_blank\" rel=\"noopener\">\u2022 Osstem<\/a><br \/>\n<a href=\"https:\/\/versah.com\/content\/DensifyingReferenceGuides\/2026%20MARCH\/L-R\/OsteoCare-RG-10555%20REV03.pdf\" target=\"_blank\" rel=\"noopener\">\u2022 OsteoCare<\/a><br \/>\n<a href=\"https:\/\/versah.com\/content\/DensifyingReferenceGuides\/2026%20MARCH\/L-R\/Paltop%20DRG%2010556%20REV03.pdf\" target=\"_blank\" rel=\"noopener\">\u2022 Paltop\u00ae<\/a><br \/>\n<a href=\"https:\/\/versah.com\/content\/DensifyingReferenceGuides\/2026%20MARCH\/L-R\/Plenum_10919%20rev02.pdf\" target=\"_blank\" rel=\"noopener\">\u2022 Plenum<\/a><br \/>\n<a href=\"https:\/\/versah.com\/content\/DensifyingReferenceGuides\/2026%20MARCH\/L-R\/Ritter_RG_10557%20REV03.pdf\" target=\"_blank\" rel=\"noopener\">\u2022 Ritter\u00ae<\/a><br \/>\n<a href=\"https:\/\/versah.com\/content\/DensifyingReferenceGuides\/2026%20MARCH\/L-R\/ROOTT%2010289%20REV04.pdf\" target=\"_blank\" rel=\"noopener\">\u2022 ROOTT<\/a>[\/vc_column_text][\/vc_column][\/vc_row][vc_row][vc_column][vc_empty_space height=\u00a0\u00bb100px\u00a0\u00bb][vc_separator][vc_empty_space height=\u00a0\u00bb100px\u00a0\u00bb][\/vc_column][\/vc_row][vc_row][vc_column width=\u00a0\u00bb1\/3&Prime;][vc_single_image image=\u00a0\u00bb7476&Prime; img_size=\u00a0\u00bbmedium\u00a0\u00bb alignment=\u00a0\u00bbcenter\u00a0\u00bb][\/vc_column][vc_column width=\u00a0\u00bb1\/3&Prime;][vc_column_text]<a href=\"https:\/\/versah.com\/content\/DensifyingReferenceGuides\/2026%20MARCH\/S-Z\/S.I.N%2010292%20REV04.pdf\" target=\"_blank\" rel=\"noopener\">\u2022 S.I.N<\/a><br \/>\n<a href=\"https:\/\/versah.com\/content\/DensifyingReferenceGuides\/2026%20MARCH\/S-Z\/SGS%20DRG%2010558%20REV03.pdf\" target=\"_blank\" rel=\"noopener\">\u2022 SGS\u00ae Dental<\/a><br \/>\n<a href=\"https:\/\/versah.com\/content\/DensifyingReferenceGuides\/2022NOV\/S-Z\/SLC%20DRG%2011621%20REV00.pdf\" target=\"_blank\" rel=\"noopener\">\u2022 SLC<\/a><br \/>\n<a href=\"https:\/\/versah.com\/content\/DensifyingReferenceGuides\/2026%20MARCH\/S-Z\/SNUCONE%2010559%20REV03.pdf\" target=\"_blank\" rel=\"noopener\">\u2022 SNUCONE<\/a><br \/>\n<a href=\"https:\/\/versah.com\/content\/DensifyingReferenceGuides\/2022NOV\/S-Z\/Southern%20Implant%20Full%20Kit%2010591%20REV02.pdf\" target=\"_blank\" rel=\"noopener\">\u2022 Southern Implant<\/a><br \/>\n<a href=\"https:\/\/versah.com\/content\/DensifyingReferenceGuides\/2026%20MARCH\/S-Z\/Strauman_full_kit_10561REV08.pdf\" target=\"_blank\" rel=\"noopener\">\u2022 Straumann\u00ae<\/a><br \/>\n<a href=\"https:\/\/versah.com\/content\/DensifyingReferenceGuides\/2022NOV\/S-Z\/Sweden%20%26%20Martina%2010562%20REV04.pdf\" target=\"_blank\" rel=\"noopener\">\u2022 Sweden &amp; Martina<\/a><br \/>\n<a href=\"https:\/\/versah.com\/content\/DensifyingReferenceGuides\/2026%20MARCH\/S-Z\/Tag-RG-10563%20REV03.pdf\" target=\"_blank\" rel=\"noopener\">\u2022 Tag<\/a><br \/>\n<a href=\"https:\/\/versah.com\/content\/DensifyingReferenceGuides\/2026%20MARCH\/S-Z\/Tatum%20Implants-RG-10564%20REV03.pdf\" target=\"_blank\" rel=\"noopener\">\u2022 Tatum Implants<\/a>[\/vc_column_text][\/vc_column][vc_column width=\u00a0\u00bb1\/3&Prime;][vc_column_text]<a href=\"https:\/\/versah.com\/content\/DensifyingReferenceGuides\/2026%20MARCH\/S-Z\/Ticare_11065REV02.pdf\" target=\"_blank\" rel=\"noopener\">\u2022 Ticare<\/a><br \/>\n<a href=\"https:\/\/versah.com\/content\/DensifyingReferenceGuides\/2026%20MARCH\/S-Z\/Thommen%20Medical_RG_10565%20REV03.pdf\" target=\"_blank\" rel=\"noopener\">\u2022 Thommen Medical<\/a><br \/>\n<a href=\"https:\/\/versah.com\/content\/DensifyingReferenceGuides\/2026%20MARCH\/S-Z\/TIONE%2010566%20REV03.pdf\" target=\"_blank\" rel=\"noopener\">\u2022 TiONE<\/a><br \/>\n<a href=\"https:\/\/versah.com\/content\/DensifyingReferenceGuides\/2026%20MARCH\/S-Z\/TRI%2010567%20REV03.pdf\" target=\"_blank\" rel=\"noopener\">\u2022 TRI<\/a><br \/>\n<a href=\"https:\/\/versah.com\/content\/DensifyingReferenceGuides\/2026%20MARCH\/S-Z\/URIS%2010568%20REV03.pdf\" target=\"_blank\" rel=\"noopener\">\u2022 URIS<\/a><br \/>\n<a href=\"https:\/\/versah.com\/content\/DensifyingReferenceGuides\/2026%20MARCH\/S-Z\/Zimmer%2010570%20REV04.pdf\" target=\"_blank\" rel=\"noopener\">\u2022 Zimmer Biomet<\/a><br \/>\n<a href=\"https:\/\/store-w0dmr8dwvl.mybigcommerce.com\/content\/DensifyingReferenceGuides\/2026%20MARCH\/S-Z\/Z%20System_RG_10569%20REV03.pdf\" target=\"_blank\" rel=\"noopener\">\u2022 Z-System\u00ae<\/a>[\/vc_column_text][\/vc_column][\/vc_row][vc_row][vc_column][vc_empty_space height=\u00a0\u00bb100px\u00a0\u00bb][vc_column_text]<\/p>\n<h6><span style=\"color: #808080;\">10887 REV07 last updated: 3\/2026<\/span><\/h6>\n<p>[\/vc_column_text][\/vc_column][\/vc_row]<\/p>\n<\/section>","protected":false},"excerpt":{"rendered":"<p>[vc_row][vc_column][vc_empty_space height=\u00a0\u00bb100px\u00a0\u00bb][vc_custom_heading text=\u00a0\u00bbPROTOCOLES SUR LE SYST\u00c8ME D\u2019IMPLANT\u00a0\u00bb font_container=\u00a0\u00bbtag:p|font_size:35|text_align:center|color:%23c4d600&Prime; use_theme_fonts=\u00a0\u00bbyes\u00a0\u00bb][vc_single_image image=\u00a0\u00bb26613&Prime; img_size=\u00a0\u00bbfull\u00a0\u00bb alignment=\u00a0\u00bbcenter\u00a0\u00bb][vc_column_text] * Il convient de faire appel \u00e0 l\u2019exp\u00e9rience<\/p>\n<p><a href=\"https:\/\/versahinternational.com\/fr\/polyvalence-clinique\/guide-de-reference-pour-le-forage-des-systemes-dimplants-drg\/\" class=\"more-link\">Continue reading<span class=\"screen-reader-text\">Guide de r\u00e9f\u00e9rence sur le forage du syst\u00e8me d\u2019implant<\/span><\/a><\/p>\n","protected":false},"author":2,"featured_media":0,"parent":11655,"menu_order":0,"comment_status":"closed","ping_status":"closed","template":"","meta":{"footnotes":""},"class_list":["post-10173","page","type-page","status-publish","hentry"],"jetpack_sharing_enabled":true,"_links":{"self":[{"href":"https:\/\/versahinternational.com\/fr\/wp-json\/wp\/v2\/pages\/10173","targetHints":{"allow":["GET"]}}],"collection":[{"href":"https:\/\/versahinternational.com\/fr\/wp-json\/wp\/v2\/pages"}],"about":[{"href":"https:\/\/versahinternational.com\/fr\/wp-json\/wp\/v2\/types\/page"}],"author":[{"embeddable":true,"href":"https:\/\/versahinternational.com\/fr\/wp-json\/wp\/v2\/users\/2"}],"replies":[{"embeddable":true,"href":"https:\/\/versahinternational.com\/fr\/wp-json\/wp\/v2\/comments?post=10173"}],"version-history":[{"count":62,"href":"https:\/\/versahinternational.com\/fr\/wp-json\/wp\/v2\/pages\/10173\/revisions"}],"predecessor-version":[{"id":27559,"href":"https:\/\/versahinternational.com\/fr\/wp-json\/wp\/v2\/pages\/10173\/revisions\/27559"}],"up":[{"embeddable":true,"href":"https:\/\/versahinternational.com\/fr\/wp-json\/wp\/v2\/pages\/11655"}],"wp:attachment":[{"href":"https:\/\/versahinternational.com\/fr\/wp-json\/wp\/v2\/media?parent=10173"}],"curies":[{"name":"wp","href":"https:\/\/api.w.org\/{rel}","templated":true}]}}