{"id":10634,"date":"2023-07-20T19:56:01","date_gmt":"2023-07-20T19:56:01","guid":{"rendered":"https:\/\/versahinternational.com\/videos-sur-les-tests-de-contrefacon\/"},"modified":"2024-11-13T14:48:23","modified_gmt":"2024-11-13T14:48:23","slug":"videos-sur-les-tests-de-contrefacon","status":"publish","type":"page","link":"https:\/\/versahinternational.com\/fr\/videos-sur-les-tests-de-contrefacon\/","title":{"rendered":"Vid\u00e9os de tests de contrefa\u00e7ons"},"content":{"rendered":"<section class=\"wpb-content-wrapper\"><p>[vc_row][vc_column][vc_empty_space height=\u00a0\u00bb100px\u00a0\u00bb][vc_custom_heading text=\u00a0\u00bbL\u2019excellence clinique est notre priorit\u00e9 absolue\u00a0\u00bb font_container=\u00a0\u00bbtag:p|font_size:35|text_align:center|color:%23c4d600&Prime; use_theme_fonts=\u00a0\u00bbyes\u00a0\u00bb][\/vc_column][\/vc_row][vc_row][vc_column][vc_single_image image=\u00a0\u00bb23505&Prime; img_size=\u00a0\u00bbfull\u00a0\u00bb alignment=\u00a0\u00bbcenter\u00a0\u00bb][vc_single_image image=\u00a0\u00bb23520&Prime; img_size=\u00a0\u00bbfull\u00a0\u00bb alignment=\u00a0\u00bbcenter\u00a0\u00bb onclick=\u00a0\u00bbcustom_link\u00a0\u00bb link=\u00a0\u00bbhttps:\/\/www.accessdata.fda.gov\/cms_ia\/importalert_224.html\u00a0\u00bb][vc_separator][vc_empty_space height=\u00a0\u00bb25px\u00a0\u00bb][vc_custom_heading text=\u00a0\u00bbUNION EUROPEENNE: L\u2019utilisation de dispositifs m\u00e9dicaux non certifi\u00e9s CE est interdite et engage la responsabilit\u00e9 individuelle du praticien. Pour signaler des produits et des sources douteux, veuillez contacter Versah ou votre distributeur\u00a0\u00bb font_container=\u00a0\u00bbtag:p|font_size:20|text_align:center|color:%23c4d600&Prime; use_theme_fonts=\u00a0\u00bbyes\u00a0\u00bb css=\u00a0\u00bb.vc_custom_1731509301062{background-color: #333333 !important;}\u00a0\u00bb][vc_column_text]<\/p>\n<div data-widget-id=\"472a2e16-35fc-4a9c-a949-c82f62acd128\" data-placement-id=\"774c3eda-6d22-46e3-8794-988c8ebb97ff\" data-placement-status=\"ACTIVE\">\n<div class=\"sd-simple-text-472a2e16-35fc-4a9c-a949-c82f62acd128 \">\n<div id=\"sd-simple-text-editable-472a2e16-35fc-4a9c-a949-c82f62acd128\" data-edit-mode=\"\">\n<p style=\"text-align: center;\"><span style=\"color: #c4d600; font-size: 25px;\"><span class=\"TextRun SCXW236252324 BCX0\" lang=\"FR-FR\" xml:lang=\"FR-FR\" data-contrast=\"auto\"><span class=\"NormalTextRun SCXW236252324 BCX0\">Achetez des produits <\/span><span class=\"SpellingError SCXW236252324 BCX0\">Versah<\/span><span class=\"NormalTextRun SCXW236252324 BCX0\"> authentiques\u00a0<\/span><\/span><span class=\"EOP SCXW236252324 BCX0\" data-ccp-props=\"{&quot;201341983&quot;:0,&quot;335559739&quot;:0,&quot;335559740&quot;:240}\">\u00a0<\/span><\/span><\/p>\n<\/div>\n<\/div>\n<\/div>\n<p>[\/vc_column_text][vc_btn title=\u00a0\u00bbTrouver votre distributeur\u00a0\u00bb style=\u00a0\u00bboutline-custom\u00a0\u00bb outline_custom_color=\u00a0\u00bb#c4d600&Prime; outline_custom_hover_background=\u00a0\u00bb#666666&Prime; outline_custom_hover_text=\u00a0\u00bb#ffffff\u00a0\u00bb size=\u00a0\u00bblg\u00a0\u00bb align=\u00a0\u00bbcenter\u00a0\u00bb link=\u00a0\u00bburl:https%3A%2F%2Fversahinternational.com%2Fversah-international%2F|title:Versah%20International\u00a0\u00bb][\/vc_column][\/vc_row][vc_row][vc_column][vc_empty_space height=\u00a0\u00bb100px\u00a0\u00bb][vc_custom_heading text=\u00a0\u00bbVid\u00e9o sur les tests de contrefa\u00e7on\u00a0\u00bb font_container=\u00a0\u00bbtag:p|font_size:25|text_align:center|color:%23c4d600&Prime; use_theme_fonts=\u00a0\u00bbyes\u00a0\u00bb css=\u00a0\u00bb.vc_custom_1699472823169{background-color: #333333 !important;}\u00a0\u00bb][\/vc_column][\/vc_row][vc_row][vc_column width=\u00a0\u00bb1\/2&Prime;][vc_column_text]<\/p>\n<p style=\"text-align: center;\"><strong><span style=\"color: #ffffff;\">Expanseurs MX et al\u00e9soirs DS<\/span><\/strong><\/p>\n<p>[\/vc_column_text][vc_video link=\u00a0\u00bbhttps:\/\/www.youtube.com\/watch?v=pBO7WH2PZ2I\u00a0\u00bb align=\u00a0\u00bbcenter\u00a0\u00bb][\/vc_column][vc_column width=\u00a0\u00bb1\/2&Prime;][vc_column_text]<\/p>\n<p style=\"text-align: center;\"><span style=\"color: #ffffff;\"><strong>Foret HNM \u00ab\u00a0Zero Drill\u00a0\u00bb<\/strong><\/span><\/p>\n<p>[\/vc_column_text][vc_video link=\u00a0\u00bbhttps:\/\/www.youtube.com\/watch?v=nlNJ7LWBHJw&amp;list=TLGGpwsv7MKsuU0yNDA3MjAyMw\u00a0\u00bb align=\u00a0\u00bbcenter\u00a0\u00bb][\/vc_column][\/vc_row][vc_row][vc_column][vc_empty_space height=\u00a0\u00bb100px\u00a0\u00bb][\/vc_column][\/vc_row][vc_row][vc_column width=\u00a0\u00bb1\/2&Prime;][vc_column_text]<\/p>\n<p style=\"text-align: center;\"><strong><span style=\"color: #ffffff;\">Kit de forets DX<\/span><\/strong><\/p>\n<p>[\/vc_column_text][vc_video link=\u00a0\u00bbhttps:\/\/www.youtube.com\/watch?v=6kxw6JJt778&amp;list=TLGGyI_tHlNHW6IyNDA3MjAyMw\u00a0\u00bb align=\u00a0\u00bbcenter\u00a0\u00bb][\/vc_column][vc_column width=\u00a0\u00bb1\/2&Prime;][vc_column_text]<\/p>\n<p style=\"text-align: center;\"><strong><span style=\"color: #ffffff;\">Kit de forets Cosmos<\/span><\/strong><\/p>\n<p>[\/vc_column_text][vc_video link=\u00a0\u00bbhttps:\/\/www.youtube.com\/watch?v=uafGadMUIs0&amp;list=TLGGOa3GbB7vPfAyNDA3MjAyMw\u00a0\u00bb align=\u00a0\u00bbcenter\u00a0\u00bb][\/vc_column][\/vc_row][vc_row][vc_column][vc_empty_space height=\u00a0\u00bb100px\u00a0\u00bb][\/vc_column][\/vc_row][vc_row][vc_column width=\u00a0\u00bb1\/2&Prime;][vc_column_text]<\/p>\n<p style=\"text-align: center;\"><strong><span style=\"color: #ffffff;\">Waldent (contrefa\u00e7on fabriqu\u00e9e au Pakistan)<\/span><\/strong><\/p>\n<p>[\/vc_column_text][vc_video link=\u00a0\u00bbhttps:\/\/www.youtube.com\/watch?v=PzoPsKX6GoI\u00a0\u00bb align=\u00a0\u00bbcenter\u00a0\u00bb][\/vc_column][vc_column width=\u00a0\u00bb1\/2&Prime;][vc_column_text]<\/p>\n<p style=\"text-align: center;\"><span style=\"color: #ffffff;\"><strong>Cowell Medi (contrefa\u00e7on fabriqu\u00e9e au Pakistan)<\/strong><\/span><\/p>\n<p>[\/vc_column_text][vc_video link=\u00a0\u00bbhttps:\/\/www.youtube.com\/watch?v=fNeuimzyscU&amp;list=TLGGdwPmMdPTrBwyNDA3MjAyMw\u00a0\u00bb align=\u00a0\u00bbcenter\u00a0\u00bb][\/vc_column][\/vc_row][vc_row][vc_column][vc_empty_space height=\u00a0\u00bb100px\u00a0\u00bb][\/vc_column][\/vc_row][vc_row][vc_column width=\u00a0\u00bb1\/2&Prime;][vc_column_text]<\/p>\n<p style=\"text-align: center;\"><span style=\"color: #ffffff;\"><strong>Contrefa\u00e7on fabriqu\u00e9e au Pakistan<\/strong><\/span><\/p>\n<p>[\/vc_column_text][vc_video link=\u00a0\u00bbhttps:\/\/www.youtube.com\/watch?v=lUuy-gS7h5Q&amp;list=TLGGYQ-cBPZqR70yNDA3MjAyMw\u00a0\u00bb align=\u00a0\u00bbcenter\u00a0\u00bb][\/vc_column][vc_column width=\u00a0\u00bb1\/2&Prime;][\/vc_column][\/vc_row][vc_row][vc_column][vc_empty_space height=\u00a0\u00bb100px\u00a0\u00bb][vc_column_text]<\/p>\n<h6><span style=\"color: #808080;\">10907 REV01 derni\u00e8re mise \u00e0 jour : 11\/2024<\/span><\/h6>\n<p>[\/vc_column_text][\/vc_column][\/vc_row]<\/p>\n<\/section>","protected":false},"excerpt":{"rendered":"<p>[vc_row][vc_column][vc_empty_space height=\u00a0\u00bb100px\u00a0\u00bb][vc_custom_heading text=\u00a0\u00bbL\u2019excellence clinique est notre priorit\u00e9 absolue\u00a0\u00bb font_container=\u00a0\u00bbtag:p|font_size:35|text_align:center|color:%23c4d600&Prime; use_theme_fonts=\u00a0\u00bbyes\u00a0\u00bb][\/vc_column][\/vc_row][vc_row][vc_column][vc_single_image image=\u00a0\u00bb23505&Prime; img_size=\u00a0\u00bbfull\u00a0\u00bb alignment=\u00a0\u00bbcenter\u00a0\u00bb][vc_single_image image=\u00a0\u00bb23520&Prime; img_size=\u00a0\u00bbfull\u00a0\u00bb alignment=\u00a0\u00bbcenter\u00a0\u00bb onclick=\u00a0\u00bbcustom_link\u00a0\u00bb link=\u00a0\u00bbhttps:\/\/www.accessdata.fda.gov\/cms_ia\/importalert_224.html\u00a0\u00bb][vc_separator][vc_empty_space height=\u00a0\u00bb25px\u00a0\u00bb][vc_custom_heading text=\u00a0\u00bbUNION<\/p>\n<p><a href=\"https:\/\/versahinternational.com\/fr\/videos-sur-les-tests-de-contrefacon\/\" class=\"more-link\">Continue reading<span class=\"screen-reader-text\">Vid\u00e9os de tests de contrefa\u00e7ons<\/span><\/a><\/p>\n","protected":false},"author":2,"featured_media":0,"parent":0,"menu_order":0,"comment_status":"closed","ping_status":"closed","template":"","meta":{"footnotes":""},"class_list":["post-10634","page","type-page","status-publish","hentry"],"jetpack_sharing_enabled":true,"_links":{"self":[{"href":"https:\/\/versahinternational.com\/fr\/wp-json\/wp\/v2\/pages\/10634","targetHints":{"allow":["GET"]}}],"collection":[{"href":"https:\/\/versahinternational.com\/fr\/wp-json\/wp\/v2\/pages"}],"about":[{"href":"https:\/\/versahinternational.com\/fr\/wp-json\/wp\/v2\/types\/page"}],"author":[{"embeddable":true,"href":"https:\/\/versahinternational.com\/fr\/wp-json\/wp\/v2\/users\/2"}],"replies":[{"embeddable":true,"href":"https:\/\/versahinternational.com\/fr\/wp-json\/wp\/v2\/comments?post=10634"}],"version-history":[{"count":16,"href":"https:\/\/versahinternational.com\/fr\/wp-json\/wp\/v2\/pages\/10634\/revisions"}],"predecessor-version":[{"id":23347,"href":"https:\/\/versahinternational.com\/fr\/wp-json\/wp\/v2\/pages\/10634\/revisions\/23347"}],"wp:attachment":[{"href":"https:\/\/versahinternational.com\/fr\/wp-json\/wp\/v2\/media?parent=10634"}],"curies":[{"name":"wp","href":"https:\/\/api.w.org\/{rel}","templated":true}]}}