{"id":10720,"date":"2023-07-20T19:55:04","date_gmt":"2023-07-20T19:55:04","guid":{"rendered":"https:\/\/versahinternational.com\/eviter-les-complications-liees-aux-brulures-ternes\/"},"modified":"2024-09-11T14:00:19","modified_gmt":"2024-09-11T14:00:19","slug":"eviter-les-complications-liees-aux-brulures-ternes","status":"publish","type":"page","link":"https:\/\/versahinternational.com\/fr\/videos-educatives\/eviter-les-complications-liees-aux-brulures-ternes\/","title":{"rendered":"\u00c9viter les complications li\u00e9es \u00e0 des fraises \u00e9mouss\u00e9es"},"content":{"rendered":"<section class=\"wpb-content-wrapper\"><p>[vc_row][vc_column][vc_empty_space height=\u00a0\u00bb100px\u00a0\u00bb][vc_custom_heading text=\u00a0\u00bb\u00c9VITER LES COMPLICATIONS LI\u00c9ES \u00c0 DES FRAISES \u00c9MOUSS\u00c9ES\u00a0\u00bb font_container=\u00a0\u00bbtag:p|font_size:35|text_align:center|color:%23c4d600&Prime; use_theme_fonts=\u00a0\u00bbyes\u00a0\u00bb][\/vc_column][\/vc_row][vc_row][vc_column][vc_video link=\u00a0\u00bbhttps:\/\/youtu.be\/OE68eeffaJQ\u00a0\u00bb align=\u00a0\u00bbcenter\u00a0\u00bb][\/vc_column][\/vc_row][vc_row][vc_column][vc_empty_space height=\u00a0\u00bb100px\u00a0\u00bb][vc_custom_heading text=\u00a0\u00bbRemplacer les fraises toutes les 20 ost\u00e9otomies\u00a0\u00bb font_container=\u00a0\u00bbtag:p|font_size:35|text_align:center|color:%23c4d600&Prime; use_theme_fonts=\u00a0\u00bbyes\u00a0\u00bb css=\u00a0\u00bb.vc_custom_1726063185107{background-color: #333333 !important;}\u00a0\u00bb][vc_single_image image=\u00a0\u00bb22393&Prime; img_size=\u00a0\u00bbfull\u00a0\u00bb alignment=\u00a0\u00bbcenter\u00a0\u00bb][\/vc_column][\/vc_row][vc_row][vc_column][vc_column_text]<span style=\"color: #ffffff;\">\u2022 Les fraises chirurgicales doivent \u00eatre remplac\u00e9es lorsqu\u2019elles sont \u00e9mouss\u00e9es ou us\u00e9es.<\/span><\/p>\n<p><span style=\"color: #ffffff;\">\u2022 Versah recommande de remplacer les fraises Densah apr\u00e8s 20 ost\u00e9otomies afin d\u2019\u00e9viter des complications cliniques et d\u2019optimiser votre succ\u00e8s clinique. Une utilisation excessive des fraises Densah peut entra\u00eener des blessures au patient et des complications chirurgicales. Il est recommand\u00e9 de garder \u00e0 port\u00e9e de main un jeu de fraises Densah de secours en cas de besoin pendant une intervention chirurgicale. \u200b<\/span><\/p>\n<p><span style=\"color: #ffffff;\">\u2022 Les fraises Densah ZGO et le foret pilote conique ZGO sont \u00e0 usage unique.<\/span><\/p>\n<p><span style=\"color: #ffffff;\">\u2022 La jauge verticale G-Stop et le manchon C-Guide sont \u00e0 usage unique.<\/span><\/p>\n<p><span style=\"color: #ffffff;\">\u2022 Il est recommand\u00e9 de remplacer la cl\u00e9 G-Stop apr\u00e8s 12 \u00e0 20\u00a0ost\u00e9otomies.<\/span><\/p>\n<p><span style=\"color: #ffffff;\">\u2022 Les fraises Densah ZGO et le foret pilote conique ZGO sont \u00e0 usage unique. Toute r\u00e9utilisation pourrait entra\u00eener des blessures, une infection et\/ou une d\u00e9faillance du dispositif.<\/span><\/p>\n<p><span style=\"color: #ffffff;\">\u2022 Le manchon C-Guide ZGO est \u00e0 usage unique.<\/span><\/p>\n<p>* Chacon GE, Bower DL, Larsen PE, et al. Heat production by three implant drill systems after repeated drilling and sterilization. J Oral Maxillofac Surg. 2006;64(2):265-270<\/p>\n<div data-sub-layout-container=\"30e94b05-1117-4974-961d-8265cb269467\" data-layout-name=\"Layout\">\n<div data-sub-layout=\"0bc56f28-39ab-4a70-b47d-266ad1700f41\">\n<div data-widget-id=\"34fa7f48-88a0-493a-97c1-617cc2e5068d\" data-placement-id=\"a4dc5aba-3fc5-4a11-8190-a6c9afb2f92d\" data-placement-status=\"ACTIVE\">\n<div class=\"sd-divider-wrapper-34fa7f48-88a0-493a-97c1-617cc2e5068d\"><\/div>\n<\/div>\n<\/div>\n<\/div>\n<p>[\/vc_column_text][\/vc_column][\/vc_row][vc_row][vc_column][vc_empty_space height=\u00a0\u00bb100px\u00a0\u00bb][vc_custom_heading text=\u00a0\u00bbUtiliser un m\u00e9mo de suivi sur vos fraises Densah !\u00a0\u00bb font_container=\u00a0\u00bbtag:p|font_size:35|text_align:center|color:%23c4d600&Prime; use_theme_fonts=\u00a0\u00bbyes\u00a0\u00bb css=\u00a0\u00bb.vc_custom_1699472685268{background-color: #333333 !important;}\u00a0\u00bb][\/vc_column][\/vc_row][vc_row][vc_column width=\u00a0\u00bb1\/2&Prime;][vc_single_image image=\u00a0\u00bb1060&Prime; img_size=\u00a0\u00bbfull\u00a0\u00bb alignment=\u00a0\u00bbcenter\u00a0\u00bb onclick=\u00a0\u00bblink_image\u00a0\u00bb][\/vc_column][vc_column width=\u00a0\u00bb1\/2&Prime;][vc_single_image image=\u00a0\u00bb1062&Prime; img_size=\u00a0\u00bbfull\u00a0\u00bb alignment=\u00a0\u00bbcenter\u00a0\u00bb onclick=\u00a0\u00bblink_image\u00a0\u00bb][\/vc_column][\/vc_row][vc_row][vc_column][vc_empty_space height=\u00a0\u00bb100px\u00a0\u00bb][vc_column_text]<\/p>\n<h6><span style=\"color: #808080;\">10906 REV01 derni\u00e8re mise \u00e0 jour : 09\/2024<\/span><\/h6>\n<p>[\/vc_column_text][\/vc_column][\/vc_row]<\/p>\n<\/section>","protected":false},"excerpt":{"rendered":"<p>[vc_row][vc_column][vc_empty_space height=\u00a0\u00bb100px\u00a0\u00bb][vc_custom_heading text=\u00a0\u00bb\u00c9VITER LES COMPLICATIONS LI\u00c9ES \u00c0 DES FRAISES \u00c9MOUSS\u00c9ES\u00a0\u00bb font_container=\u00a0\u00bbtag:p|font_size:35|text_align:center|color:%23c4d600&Prime; use_theme_fonts=\u00a0\u00bbyes\u00a0\u00bb][\/vc_column][\/vc_row][vc_row][vc_column][vc_video link=\u00a0\u00bbhttps:\/\/youtu.be\/OE68eeffaJQ\u00a0\u00bb align=\u00a0\u00bbcenter\u00a0\u00bb][\/vc_column][\/vc_row][vc_row][vc_column][vc_empty_space height=\u00a0\u00bb100px\u00a0\u00bb][vc_custom_heading text=\u00a0\u00bbRemplacer les fraises toutes les<\/p>\n<p><a href=\"https:\/\/versahinternational.com\/fr\/videos-educatives\/eviter-les-complications-liees-aux-brulures-ternes\/\" class=\"more-link\">Continue reading<span class=\"screen-reader-text\">\u00c9viter les complications li\u00e9es \u00e0 des fraises \u00e9mouss\u00e9es<\/span><\/a><\/p>\n","protected":false},"author":2,"featured_media":0,"parent":11443,"menu_order":0,"comment_status":"closed","ping_status":"closed","template":"","meta":{"footnotes":""},"class_list":["post-10720","page","type-page","status-publish","hentry"],"jetpack_sharing_enabled":true,"_links":{"self":[{"href":"https:\/\/versahinternational.com\/fr\/wp-json\/wp\/v2\/pages\/10720","targetHints":{"allow":["GET"]}}],"collection":[{"href":"https:\/\/versahinternational.com\/fr\/wp-json\/wp\/v2\/pages"}],"about":[{"href":"https:\/\/versahinternational.com\/fr\/wp-json\/wp\/v2\/types\/page"}],"author":[{"embeddable":true,"href":"https:\/\/versahinternational.com\/fr\/wp-json\/wp\/v2\/users\/2"}],"replies":[{"embeddable":true,"href":"https:\/\/versahinternational.com\/fr\/wp-json\/wp\/v2\/comments?post=10720"}],"version-history":[{"count":21,"href":"https:\/\/versahinternational.com\/fr\/wp-json\/wp\/v2\/pages\/10720\/revisions"}],"predecessor-version":[{"id":22408,"href":"https:\/\/versahinternational.com\/fr\/wp-json\/wp\/v2\/pages\/10720\/revisions\/22408"}],"up":[{"embeddable":true,"href":"https:\/\/versahinternational.com\/fr\/wp-json\/wp\/v2\/pages\/11443"}],"wp:attachment":[{"href":"https:\/\/versahinternational.com\/fr\/wp-json\/wp\/v2\/media?parent=10720"}],"curies":[{"name":"wp","href":"https:\/\/api.w.org\/{rel}","templated":true}]}}