{"id":11024,"date":"2023-07-18T18:16:04","date_gmt":"2023-07-18T18:16:04","guid":{"rendered":"https:\/\/versahinternational.com\/greffe-dexpansion-guidee-protocole-daugmentation-en-deux-etapes\/"},"modified":"2023-12-04T21:02:05","modified_gmt":"2023-12-04T21:02:05","slug":"greffe-dexpansion-guidee-protocole-daugmentation-en-deux-etapes","status":"publish","type":"page","link":"https:\/\/versahinternational.com\/fr\/polyvalence-clinique\/greffe-dexpansion-guidee-protocole-daugmentation-en-deux-etapes\/","title":{"rendered":"Greffe d\u2019Expansion Guid\u00e9e"},"content":{"rendered":"<section class=\"wpb-content-wrapper\"><p>[vc_row][vc_column][vc_empty_space height=\u00a0\u00bb100px\u00a0\u00bb][vc_custom_heading text=\u00a0\u00bbGreffe d\u2019Expansion Guid\u00e9e\u00a0\u00bb font_container=\u00a0\u00bbtag:p|font_size:35|text_align:center|color:%23c4d600&Prime; use_theme_fonts=\u00a0\u00bbyes\u00a0\u00bb][vc_btn title=\u00a0\u00bbT\u00e9l\u00e9charger le protocole\u00a0\u00bb style=\u00a0\u00bboutline-custom\u00a0\u00bb outline_custom_color=\u00a0\u00bb#c4d600&Prime; outline_custom_hover_background=\u00a0\u00bb#666666&Prime; outline_custom_hover_text=\u00a0\u00bb#ffffff\u00a0\u00bb size=\u00a0\u00bblg\u00a0\u00bb align=\u00a0\u00bbcenter\u00a0\u00bb link=\u00a0\u00bburl:https%3A%2F%2Fversahinternational.com%2Fwp-content%2Fuploads%2F2023%2F12%2FFrench-Protocol-Expansion-Graft-10707-REV01-1.pdf|title:Protocole%20d&rsquo;expansion%20facilit%C3%A9e%20des%20cr%C3%AAtes\u00a0\u00bb][\/vc_column][\/vc_row][vc_row][vc_column css=\u00a0\u00bb.vc_custom_1690311965541{background-color: #ffffff !important;}\u00a0\u00bb][vc_column_text]<span style=\"color: #333333;\">Pour les cas avec une largeur initiale de cr\u00eate \u2264 3.0 mm<\/span>[\/vc_column_text][vc_separator][vc_column_text]<span style=\"color: #333333;\">\u2022 UTILISER LA FRAISE PILOTE EN MODE HORAIRE ET FORER DANS L\u2019AXE ET LA LONGUEUR PREVUS DE L\u2019IMPLANT.<\/span><br \/>\n<span style=\"color: #333333;\">\u2022 UTILISER LES FRAISES DENSAH SUIVANTES EN SEQUENCE LOGIQUE POUR EXPANDRE L\u2019OSTEOTOMIE ET ACCROITRE LA PLASTICITE DE L\u2019OS.<\/span><br \/>\n<span style=\"color: #333333;\">\u2022 LE DIAMETRE DE L\u2019EXPANSION FINALE NE DOIT PAS EXCEDER LA LARGEUR INITIALE DE LA CRETE + 1 MM.<\/span><br \/>\n<span style=\"color: #333333;\">\u2022 COMBLER L\u2019ALVEOLE NEOFORMEE AVEC UN BIOMATERIAU ADAPTE (ENVIRON 70% D\u2019OS SPONGIEUX ET 30% D\u2019OS CORTICAL).<\/span><br \/>\n<span style=\"color: #333333;\">\u2022 LAISSER CICATRISER 3 \u00c0 6 MOIS.<\/span><br \/>\n<span style=\"color: #333333;\">\u2022 RE-ENTRER DANS LE SITE ET PREPARER LA POSE DE L\u2019IMPLANT AVEC LES FRAISES DENSAH (PROCEDURE D\u2019OSTEODENSIFICATION).<\/span>[\/vc_column_text][vc_separator][vc_empty_space height=\u00a0\u00bb50px\u00a0\u00bb][vc_row_inner][vc_column_inner width=\u00a0\u00bb2\/3&Prime;][vc_custom_heading text=\u00a0\u00bb\u00c9tape 1 :\u00a0\u00bb font_container=\u00a0\u00bbtag:p|font_size:20|text_align:left|color:%23c4d600&Prime; use_theme_fonts=\u00a0\u00bbyes\u00a0\u00bb][vc_column_text]<span style=\"color: #333333;\">Ouvrir le tissu mou suivant la technique adapt\u00e9e \u00e0 la position de l\u2019implant.<strong> Forer dans l\u2019angle et \u00e0 la longueur pr\u00e9vue de l\u2019implant<\/strong> avec une fraise pilote 1,3 \u2013 1,5 mm (mode horaire \u2013 vitesse 800-1500 tr\/mn avec forte irrigation).<\/span>[\/vc_column_text][\/vc_column_inner][vc_column_inner width=\u00a0\u00bb1\/3&Prime;][vc_single_image image=\u00a0\u00bb1228&Prime; img_size=\u00a0\u00bbfull\u00a0\u00bb][\/vc_column_inner][\/vc_row_inner][vc_row_inner][vc_column_inner][vc_empty_space height=\u00a0\u00bb50px\u00a0\u00bb][\/vc_column_inner][\/vc_row_inner][vc_row_inner][vc_column_inner width=\u00a0\u00bb2\/3&Prime;][vc_custom_heading text=\u00a0\u00bb\u00c9tape 2 :\u00a0\u00bb font_container=\u00a0\u00bbtag:p|font_size:20|text_align:left|color:%23c4d600&Prime; use_theme_fonts=\u00a0\u00bbyes\u00a0\u00bb][vc_column_text]<span style=\"color: #333333;\">Selon le type d\u2019implant et le diam\u00e8tre, suivre le guide de r\u00e9f\u00e9rence Densah et d\u00e9marrer avec la plus petite fraise Densah jusqu\u2019\u00e0 une profondeur sup\u00e9rieure de 1 mm \u00e0 la longueur de l\u2019implant pr\u00e9vu. Faire tourner les fraises Densah en mode OD Reverse\/densification (contre horaire \u2013 vitesse 800-1500 tr\/mn avec forte irrigation). <strong>Utiliser les fraises Densah suivantes par petites \u00e9tapes pour accroitre la plasticit\u00e9 de l\u2019os et expandre l\u2019\u2019ost\u00e9otomie.<\/strong> Par exemple, utiliser la fraise Densah (2.0) apr\u00e8s la pilote, puis expandre avec la fraise 2.3, ensuite 2.5 avant d\u2019introduire la 3.0.<\/span>[\/vc_column_text][\/vc_column_inner][vc_column_inner width=\u00a0\u00bb1\/3&Prime;][vc_single_image image=\u00a0\u00bb1230&Prime; img_size=\u00a0\u00bbfull\u00a0\u00bb][\/vc_column_inner][\/vc_row_inner][vc_row_inner][vc_column_inner][vc_empty_space height=\u00a0\u00bb50px\u00a0\u00bb][\/vc_column_inner][\/vc_row_inner][vc_row_inner][vc_column_inner width=\u00a0\u00bb2\/3&Prime;][vc_custom_heading text=\u00a0\u00bb\u00c9tape 3 :\u00a0\u00bb font_container=\u00a0\u00bbtag:p|font_size:20|text_align:left|color:%23c4d600&Prime; use_theme_fonts=\u00a0\u00bbyes\u00a0\u00bb][vc_column_text]<span style=\"color: #333333;\">Accroitre l\u2019ost\u00e9otomie par petites \u00e9tapes jusqu\u2019\u00e0 atteindre le volume souhait\u00e9. Quand le diam\u00e8tre de la fraise augmente, l\u2019os s\u2019expand pour atteindre son diam\u00e8tre final. <strong>Le diam\u00e8tre final d\u2019expansion de doit pas d\u00e9passer la formule + 1 (largeur initiale de la cr\u00eate + 1 mm).<\/strong> Par exemple, si vous d\u00e9marrez avec une cr\u00eate de 3 mm, le diam\u00e8tre maximal de l\u2019ost\u00e9otomie attendu ne doit pas d\u00e9passer 3 + 1 mm = 4 mm.<\/span>[\/vc_column_text][\/vc_column_inner][vc_column_inner width=\u00a0\u00bb1\/3&Prime;][vc_single_image image=\u00a0\u00bb1232&Prime; img_size=\u00a0\u00bbfull\u00a0\u00bb][\/vc_column_inner][\/vc_row_inner][vc_row_inner][vc_column_inner][vc_empty_space height=\u00a0\u00bb50px\u00a0\u00bb][\/vc_column_inner][\/vc_row_inner][vc_row_inner][vc_column_inner width=\u00a0\u00bb2\/3&Prime;][vc_custom_heading text=\u00a0\u00bb\u00c9tape 4 :\u00a0\u00bb font_container=\u00a0\u00bbtag:p|font_size:20|text_align:left|color:%23c4d600&Prime; use_theme_fonts=\u00a0\u00bbyes\u00a0\u00bb][vc_column_text]<span style=\"color: #333333;\">Combler l\u2019alv\u00e9ole\/ost\u00e9otomie n\u00e9oform\u00e9e et les espaces joints avec un biomat\u00e9riau adapt\u00e9 (mat\u00e9riau non c\u00e9ramis\u00e9 avec environ <strong>70% d\u2019os spongieux et 30% d\u2019os cortical<\/strong>). Fermer l\u2019espace avec une membrane et essayer d\u2019obtenir une fermeture sans tension. Laisser cicatriser 3 \u00e0 6 mois.<\/span>[\/vc_column_text][\/vc_column_inner][vc_column_inner width=\u00a0\u00bb1\/3&Prime;][vc_single_image image=\u00a0\u00bb1234&Prime; img_size=\u00a0\u00bbfull\u00a0\u00bb][\/vc_column_inner][\/vc_row_inner][vc_row_inner][vc_column_inner][vc_empty_space height=\u00a0\u00bb50px\u00a0\u00bb][\/vc_column_inner][\/vc_row_inner][vc_row_inner][vc_column_inner width=\u00a0\u00bb2\/3&Prime;][vc_custom_heading text=\u00a0\u00bb\u00c9tape 5 :\u00a0\u00bb font_container=\u00a0\u00bbtag:p|font_size:20|text_align:left|color:%23c4d600&Prime; use_theme_fonts=\u00a0\u00bbyes\u00a0\u00bb][vc_column_text]<span style=\"color: #333333;\">R\u00e9-entrer dans le site et pratiquer une proc\u00e9dure d\u2019ost\u00e9odensification pour permettre plus d\u2019expansion si n\u00e9cessaire, et poser l\u2019implant. Utiliser les fraises Densah suivantes par petites \u00e9tapes. <strong>Ne pas sous-dimensionner l\u2019ost\u00e9otomie de plus de 0,5 \u00e0 0,7 mm dans le maxillaire, et 0,2 \u00e0 0,5 mm dans la mandibule.<\/strong><\/span>[\/vc_column_text][\/vc_column_inner][vc_column_inner width=\u00a0\u00bb1\/3&Prime;][vc_single_image image=\u00a0\u00bb1236&Prime; img_size=\u00a0\u00bbfull\u00a0\u00bb][\/vc_column_inner][\/vc_row_inner][vc_row_inner][vc_column_inner][vc_empty_space height=\u00a0\u00bb50px\u00a0\u00bb][\/vc_column_inner][\/vc_row_inner][vc_row_inner][vc_column_inner width=\u00a0\u00bb2\/3&Prime;][vc_custom_heading text=\u00a0\u00bb\u00c9tape 6 :\u00a0\u00bb font_container=\u00a0\u00bbtag:p|font_size:20|text_align:left|color:%23c4d600&Prime; use_theme_fonts=\u00a0\u00bbyes\u00a0\u00bb][vc_column_text]<span style=\"color: #333333;\">Si vous utilisez le moteur pour fixer l\u2019implant, l\u2019unit peut s\u2019arr\u00eater en atteignant le couple maximal de pose. Finissez de fixer l\u2019implant \u00e0 la profondeur pr\u00e9vue, avec une cl\u00e9 indiquant le couple. Les implants aux diam\u00e8tres appropri\u00e9s doivent \u00eatre inclus dans le plan de traitement, et \u00e0 port\u00e9e de main lors de la chirurgie.<\/span>[\/vc_column_text][\/vc_column_inner][vc_column_inner width=\u00a0\u00bb1\/3&Prime;][vc_single_image image=\u00a0\u00bb1238&Prime; img_size=\u00a0\u00bbfull\u00a0\u00bb][\/vc_column_inner][\/vc_row_inner][vc_row_inner][vc_column_inner][vc_empty_space height=\u00a0\u00bb50px\u00a0\u00bb][vc_single_image image=\u00a0\u00bb1240&Prime; img_size=\u00a0\u00bbfull\u00a0\u00bb alignment=\u00a0\u00bbcenter\u00a0\u00bb][vc_column_text]<\/p>\n<p style=\"text-align: center;\">* Donn\u00e9es disponibles sur le site versahinternational.com\/od-published-papers\/ pour les \u00e9tudes sur les greffes \u00e0 expansion guid\u00e9e.<br \/>\nL\u2019exp\u00e9rience et le jugement cliniques doivent \u00eatre utilis\u00e9s conjointement avec cette suggestion de protocole.<\/p>\n<p>[\/vc_column_text][\/vc_column_inner][\/vc_row_inner][\/vc_column][\/vc_row][vc_row][vc_column][vc_empty_space height=\u00a0\u00bb100px\u00a0\u00bb][vc_column_text]<\/p>\n<h6><span style=\"color: #808080;\"> 10894 REV00 derni\u00e8re mise \u00e0 jour : 08\/2023<\/span><\/h6>\n<p>[\/vc_column_text][\/vc_column][\/vc_row]<\/p>\n<\/section>","protected":false},"excerpt":{"rendered":"<p>[vc_row][vc_column][vc_empty_space height=\u00a0\u00bb100px\u00a0\u00bb][vc_custom_heading text=\u00a0\u00bbGreffe d\u2019Expansion Guid\u00e9e\u00a0\u00bb font_container=\u00a0\u00bbtag:p|font_size:35|text_align:center|color:%23c4d600&Prime; use_theme_fonts=\u00a0\u00bbyes\u00a0\u00bb][vc_btn title=\u00a0\u00bbT\u00e9l\u00e9charger le protocole\u00a0\u00bb style=\u00a0\u00bboutline-custom\u00a0\u00bb outline_custom_color=\u00a0\u00bb#c4d600&Prime; outline_custom_hover_background=\u00a0\u00bb#666666&Prime; outline_custom_hover_text=\u00a0\u00bb#ffffff\u00a0\u00bb size=\u00a0\u00bblg\u00a0\u00bb align=\u00a0\u00bbcenter\u00a0\u00bb link=\u00a0\u00bburl:https%3A%2F%2Fversahinternational.com%2Fwp-content%2Fuploads%2F2023%2F12%2FFrench-Protocol-Expansion-Graft-10707-REV01-1.pdf|title:Protocole%20d&rsquo;expansion%20facilit%C3%A9e%20des%20cr%C3%AAtes\u00a0\u00bb][\/vc_column][\/vc_row][vc_row][vc_column css=\u00a0\u00bb.vc_custom_1690311965541{background-color: #ffffff !important;}\u00a0\u00bb][vc_column_text]Pour<\/p>\n<p><a href=\"https:\/\/versahinternational.com\/fr\/polyvalence-clinique\/greffe-dexpansion-guidee-protocole-daugmentation-en-deux-etapes\/\" class=\"more-link\">Continue reading<span class=\"screen-reader-text\">Greffe d\u2019Expansion Guid\u00e9e<\/span><\/a><\/p>\n","protected":false},"author":2,"featured_media":0,"parent":11655,"menu_order":0,"comment_status":"closed","ping_status":"closed","template":"","meta":{"footnotes":""},"class_list":["post-11024","page","type-page","status-publish","hentry"],"jetpack_sharing_enabled":true,"_links":{"self":[{"href":"https:\/\/versahinternational.com\/fr\/wp-json\/wp\/v2\/pages\/11024","targetHints":{"allow":["GET"]}}],"collection":[{"href":"https:\/\/versahinternational.com\/fr\/wp-json\/wp\/v2\/pages"}],"about":[{"href":"https:\/\/versahinternational.com\/fr\/wp-json\/wp\/v2\/types\/page"}],"author":[{"embeddable":true,"href":"https:\/\/versahinternational.com\/fr\/wp-json\/wp\/v2\/users\/2"}],"replies":[{"embeddable":true,"href":"https:\/\/versahinternational.com\/fr\/wp-json\/wp\/v2\/comments?post=11024"}],"version-history":[{"count":24,"href":"https:\/\/versahinternational.com\/fr\/wp-json\/wp\/v2\/pages\/11024\/revisions"}],"predecessor-version":[{"id":17750,"href":"https:\/\/versahinternational.com\/fr\/wp-json\/wp\/v2\/pages\/11024\/revisions\/17750"}],"up":[{"embeddable":true,"href":"https:\/\/versahinternational.com\/fr\/wp-json\/wp\/v2\/pages\/11655"}],"wp:attachment":[{"href":"https:\/\/versahinternational.com\/fr\/wp-json\/wp\/v2\/media?parent=11024"}],"curies":[{"name":"wp","href":"https:\/\/api.w.org\/{rel}","templated":true}]}}