{"id":11209,"date":"2023-07-18T18:13:41","date_gmt":"2023-07-18T18:13:41","guid":{"rendered":"https:\/\/versahinternational.com\/protocole-crestal-sinus-lift-i\/"},"modified":"2023-12-04T20:56:51","modified_gmt":"2023-12-04T20:56:51","slug":"protocole-crestal-sinus-lift-i","status":"publish","type":"page","link":"https:\/\/versahinternational.com\/fr\/polyvalence-clinique\/protocole-crestal-sinus-lift-i\/","title":{"rendered":"Protocole Densah\u00ae de simplification du soulev\u00e9 de sinus"},"content":{"rendered":"<section class=\"wpb-content-wrapper\"><p>[vc_row][vc_column][vc_empty_space height=\u00a0\u00bb100px\u00a0\u00bb][vc_custom_heading text=\u00a0\u00bbProtocole Densah\u00ae de simplification du soulev\u00e9 de sinus\u00a0\u00bb font_container=\u00a0\u00bbtag:p|font_size:35|text_align:center|color:%23c4d600&Prime; use_theme_fonts=\u00a0\u00bbyes\u00a0\u00bb][vc_btn title=\u00a0\u00bbT\u00e9l\u00e9charger le protocole\u00a0\u00bb style=\u00a0\u00bboutline-custom\u00a0\u00bb outline_custom_color=\u00a0\u00bb#c4d600&Prime; outline_custom_hover_background=\u00a0\u00bb#666666&Prime; outline_custom_hover_text=\u00a0\u00bb#ffffff\u00a0\u00bb size=\u00a0\u00bblg\u00a0\u00bb align=\u00a0\u00bbcenter\u00a0\u00bb link=\u00a0\u00bburl:https%3A%2F%2Fversahinternational.com%2Fwp-content%2Fuploads%2F2023%2F12%2FFrench-Protocol-Sinus-Lift-I_10697REV00-1.pdf|title:Protocole%20d&rsquo;expansion%20facilit%C3%A9e%20des%20cr%C3%AAtes\u00a0\u00bb][\/vc_column][\/vc_row][vc_row][vc_column css=\u00a0\u00bb.vc_custom_1690307851554{background-color: #ffffff !important;}\u00a0\u00bb][vc_column_text]<span style=\"color: #333333;\"><strong>Hauteur minimale d\u2019os r\u00e9siduel \u2265 6 mm. Largeur minimale alv\u00e9olaire = 4 mm<\/strong><\/span><br \/>\n<span style=\"color: #333333;\">Aper\u00e7u : Utiliser les fraises Densah par s\u00e9quence. Par exemple : 2,0 mm, 3,0 mm, 4,0 mm, 5,0 mm<\/span>[\/vc_column_text][vc_empty_space height=\u00a0\u00bb50px\u00a0\u00bb][vc_separator][vc_row_inner][vc_column_inner width=\u00a0\u00bb2\/3&Prime;][vc_column_text]<span style=\"color: #333333;\">\u2022 MESURER LA HAUTEUR D\u2019OS JUSQU\u2019AU PLANCHER DU SINUS<\/span><br \/>\n<span style=\"color: #333333;\">\u2022 FRAISE PILOTE JUSQU\u2019\u00c0 1 MM SOUS LE PLANCHER DU SINUS<\/span><br \/>\n<span style=\"color: #333333;\">\u2022 FRAISE DENSAH\u00ae 2,0 MM EN MODE OD JUSQU\u2019AU PLANCHER DU SINUS<\/span><br \/>\n<span style=\"color: #333333;\">\u2022 FRAISE DENSAH\u00ae 3,0 MM EN MODE OD JUSQU\u2019\u00c0 3 MM AU-DESSUS DU PLANCHER DU SINUS<\/span><br \/>\n<span style=\"color: #333333;\">\u2022 FRAISE DENSAH\u00ae 4,0 MM, 5,0 MM EN MODE OD JUSQU\u2019\u00c0 3 MM AU-DESSUS DU PLANCHER DU SINUS, EN CAS DE BESOIN<\/span><br \/>\n<span style=\"color: #333333;\">\u2022 UTILISER LES FRAISES EN S\u00c9QUENCE LOGIQUE, PAR EXEMPLE 2 MM, PUIS 3MM, PUIS 4 MM, PUIS 5 MM<\/span>[\/vc_column_text][\/vc_column_inner][vc_column_inner width=\u00a0\u00bb1\/3&Prime;][vc_single_image image=\u00a0\u00bb1136&Prime; img_size=\u00a0\u00bbfull\u00a0\u00bb][\/vc_column_inner][\/vc_row_inner][vc_row_inner][vc_column_inner][vc_separator][vc_empty_space height=\u00a0\u00bb50px\u00a0\u00bb][\/vc_column_inner][\/vc_row_inner][vc_row_inner][vc_column_inner width=\u00a0\u00bb2\/3&Prime;][vc_custom_heading text=\u00a0\u00bb\u00c9tape 1 :\u00a0\u00bb font_container=\u00a0\u00bbtag:p|font_size:20|text_align:left|color:%23c4d600&Prime; use_theme_fonts=\u00a0\u00bbyes\u00a0\u00bb][vc_column_text]<span style=\"color: #333333;\"><strong>Mesurer la hauteur d\u2019os jusqu\u2019au plancher du sinus.<\/strong> Ouvrir le tissu mou avec vos instruments et techniques habituels.<\/span>[\/vc_column_text][\/vc_column_inner][vc_column_inner width=\u00a0\u00bb1\/3&Prime;][vc_single_image image=\u00a0\u00bb1138&Prime; img_size=\u00a0\u00bbfull\u00a0\u00bb][\/vc_column_inner][\/vc_row_inner][vc_row_inner][vc_column_inner][vc_empty_space height=\u00a0\u00bb50px\u00a0\u00bb][\/vc_column_inner][\/vc_row_inner][vc_row_inner][vc_column_inner width=\u00a0\u00bb2\/3&Prime;][vc_custom_heading text=\u00a0\u00bb\u00c9tape 2 :\u00a0\u00bb font_container=\u00a0\u00bbtag:p|font_size:20|text_align:left|color:%23c4d600&Prime; use_theme_fonts=\u00a0\u00bbyes\u00a0\u00bb][vc_column_text]<span style=\"color: #333333;\"><strong>Fraise pilote jusqu\u2019\u00e0 1 mm sous le plancher du sinus.<\/strong><\/span><br \/>\n<span style=\"color: #333333;\">Dans les cas o\u00f9 la hauteur r\u00e9siduelle post\u00e9rieure de la cr\u00eate alv\u00e9olaire est de plus de 6 mm, et si une profondeur verticale suppl\u00e9mentaire est d\u00e9sir\u00e9e, fraisez \u00e0 l\u2019aide de la fraise pilote (en mode horaire vitesse 800-1500 tr\/mn avec forte irrigation) jusqu\u2019\u00e0 la profondeur d\u00e9termin\u00e9e en gardant une zone de s\u00e9curit\u00e9 d\u2019environ 1 mm depuis le plancher du sinus. Confirmer la position de la fraise pilote par une radio.<\/span>[\/vc_column_text][\/vc_column_inner][vc_column_inner width=\u00a0\u00bb1\/3&Prime;][vc_single_image image=\u00a0\u00bb1140&Prime; img_size=\u00a0\u00bbfull\u00a0\u00bb][\/vc_column_inner][\/vc_row_inner][vc_row_inner][vc_column_inner][vc_empty_space height=\u00a0\u00bb50px\u00a0\u00bb][\/vc_column_inner][\/vc_row_inner][vc_row_inner][vc_column_inner width=\u00a0\u00bb2\/3&Prime;][vc_custom_heading text=\u00a0\u00bb\u00c9tape 3 :\u00a0\u00bb font_container=\u00a0\u00bbtag:p|font_size:20|text_align:left|color:%23c4d600&Prime; use_theme_fonts=\u00a0\u00bbyes\u00a0\u00bb][vc_column_text]<span style=\"color: #333333;\"><strong>Fraise Densah\u00ae (2.0) mode OD jusqu\u2019au plancher du sinus.<\/strong> Suivant le type d\u2019implant et le diam\u00e8tre retenu pour le site, commencer par la fraise Densah\u00ae la plus fine (2.0). Passer le moteur sur le mode Reverse (contre horaire \u2013 vitesse 800- 1500 tr\/mn avec forte irrigation). Commencer \u00e0 faire tourner la fraise dans l\u2019ost\u00e9otomie. Quand vous ressentez l\u2019effet haptique de la fraise qui atteint le plancher dense du sinus, arr\u00eatez, et confirmez par une radio la 1\u00e8re position verticale de la fraise Densah.<\/span>[\/vc_column_text][\/vc_column_inner][vc_column_inner width=\u00a0\u00bb1\/3&Prime;][vc_single_image image=\u00a0\u00bb1142&Prime; img_size=\u00a0\u00bbfull\u00a0\u00bb][\/vc_column_inner][\/vc_row_inner][vc_row_inner][vc_column_inner][vc_empty_space height=\u00a0\u00bb50px\u00a0\u00bb][\/vc_column_inner][\/vc_row_inner][vc_row_inner][vc_column_inner width=\u00a0\u00bb2\/3&Prime;][vc_custom_heading text=\u00a0\u00bb\u00c9tape 4 :\u00a0\u00bb font_container=\u00a0\u00bbtag:p|font_size:20|text_align:left|color:%23c4d600&Prime; use_theme_fonts=\u00a0\u00bbyes\u00a0\u00bb][vc_column_text]<span style=\"color: #333333;\"><strong>Fraise Densah\u00ae (3.0) mode OD jusqu\u2019\u00e0 3 mm au-dessus du plancher du sinus.<\/strong> Prendre la fraise Densah\u00ae (3.0) en mode densification (contre horaire \u2013 vitesse 800-1500 tr\/mn avec forte irrigation) et ins\u00e9rez la dans l\u2019ost\u00e9otomie en modulant la pression et avec un effet de pompage. Quand vous ressentez la pression tactile de la fraise qui atteint le plancher dense du sinus, mod\u00e9rez la pression et un mouvement doux de pompage pour passer le plancher du sinus par \u00e9tapes d\u20191 mm. <strong>Le d\u00e9passement maximum possible au- dessus du plancher ne doit jamais d\u00e9passer 3,0 mm \u00e0 aucun moment.<\/strong> Quand la fraise Densah\u00ae suivante progresse dans l\u2019ost\u00e9otomie, de l\u2019os autog\u00e8ne suppl\u00e9mentaire sera pouss\u00e9 vers l\u2019extr\u00e9mit\u00e9 apicale pour assurer une profondeur verticale suppl\u00e9mentaire and un soulev\u00e9 maximal de la membrane de 3,0 mm. Confirmer la position verticale de la fraise par une radio.<\/span>[\/vc_column_text][\/vc_column_inner][vc_column_inner width=\u00a0\u00bb1\/3&Prime;][vc_single_image image=\u00a0\u00bb1144&Prime; img_size=\u00a0\u00bbfull\u00a0\u00bb][\/vc_column_inner][\/vc_row_inner][vc_row_inner][vc_column_inner][vc_empty_space height=\u00a0\u00bb50px\u00a0\u00bb][\/vc_column_inner][\/vc_row_inner][vc_row_inner][vc_column_inner width=\u00a0\u00bb2\/3&Prime;][vc_custom_heading text=\u00a0\u00bb\u00c9tape 5 :\u00a0\u00bb font_container=\u00a0\u00bbtag:p|font_size:20|text_align:left|color:%23c4d600&Prime; use_theme_fonts=\u00a0\u00bbyes\u00a0\u00bb][vc_column_text]<span style=\"color: #333333;\"><strong>Pose de l\u2019\u2019implant.<\/strong><\/span><br \/>\n<span style=\"color: #333333;\">Poser l\u2019implant dans l\u2019ost\u00e9otomie. Si vous utilisez le moteur pour fixer l\u2019implant, l\u2019unit peut s\u2019arr\u00eater en atteignant le couple maximal de pose. Finissez de fixer l\u2019implant \u00e0 la profondeur pr\u00e9vue, avec une cl\u00e9 indiquant le couple.<\/span>[\/vc_column_text][\/vc_column_inner][vc_column_inner width=\u00a0\u00bb1\/3&Prime;][vc_single_image image=\u00a0\u00bb1146&Prime; img_size=\u00a0\u00bbfull\u00a0\u00bb][\/vc_column_inner][\/vc_row_inner][vc_row_inner][vc_column_inner][vc_column_text]* Donn\u00e9es disponibles, voir versah.com\/our-science\/ for Maxillary Sinus Graft studies<br \/>\n<strong>L\u2019exp\u00e9rience et le jugement cliniques doivent \u00eatre utilis\u00e9s en compl\u00e9ment avec cette suggestion de protocole.<\/strong>[\/vc_column_text][\/vc_column_inner][\/vc_row_inner][\/vc_column][\/vc_row][vc_row][vc_column][vc_empty_space height=\u00a0\u00bb100px\u00a0\u00bb][vc_column_text]<\/p>\n<h6><span style=\"color: #808080;\">10889 REV00 derni\u00e8re mise \u00e0 jour : 08\/2023<\/span><\/h6>\n<p>[\/vc_column_text][\/vc_column][\/vc_row]<\/p>\n<\/section>","protected":false},"excerpt":{"rendered":"<p>[vc_row][vc_column][vc_empty_space height=\u00a0\u00bb100px\u00a0\u00bb][vc_custom_heading text=\u00a0\u00bbProtocole Densah\u00ae de simplification du soulev\u00e9 de sinus\u00a0\u00bb font_container=\u00a0\u00bbtag:p|font_size:35|text_align:center|color:%23c4d600&Prime; use_theme_fonts=\u00a0\u00bbyes\u00a0\u00bb][vc_btn title=\u00a0\u00bbT\u00e9l\u00e9charger le protocole\u00a0\u00bb style=\u00a0\u00bboutline-custom\u00a0\u00bb outline_custom_color=\u00a0\u00bb#c4d600&Prime; outline_custom_hover_background=\u00a0\u00bb#666666&Prime; outline_custom_hover_text=\u00a0\u00bb#ffffff\u00a0\u00bb size=\u00a0\u00bblg\u00a0\u00bb<\/p>\n<p><a href=\"https:\/\/versahinternational.com\/fr\/polyvalence-clinique\/protocole-crestal-sinus-lift-i\/\" class=\"more-link\">Continue reading<span class=\"screen-reader-text\">Protocole Densah\u00ae de simplification du soulev\u00e9 de sinus<\/span><\/a><\/p>\n","protected":false},"author":2,"featured_media":0,"parent":11655,"menu_order":0,"comment_status":"closed","ping_status":"closed","template":"","meta":{"footnotes":""},"class_list":["post-11209","page","type-page","status-publish","hentry"],"jetpack_sharing_enabled":true,"_links":{"self":[{"href":"https:\/\/versahinternational.com\/fr\/wp-json\/wp\/v2\/pages\/11209","targetHints":{"allow":["GET"]}}],"collection":[{"href":"https:\/\/versahinternational.com\/fr\/wp-json\/wp\/v2\/pages"}],"about":[{"href":"https:\/\/versahinternational.com\/fr\/wp-json\/wp\/v2\/types\/page"}],"author":[{"embeddable":true,"href":"https:\/\/versahinternational.com\/fr\/wp-json\/wp\/v2\/users\/2"}],"replies":[{"embeddable":true,"href":"https:\/\/versahinternational.com\/fr\/wp-json\/wp\/v2\/comments?post=11209"}],"version-history":[{"count":19,"href":"https:\/\/versahinternational.com\/fr\/wp-json\/wp\/v2\/pages\/11209\/revisions"}],"predecessor-version":[{"id":17745,"href":"https:\/\/versahinternational.com\/fr\/wp-json\/wp\/v2\/pages\/11209\/revisions\/17745"}],"up":[{"embeddable":true,"href":"https:\/\/versahinternational.com\/fr\/wp-json\/wp\/v2\/pages\/11655"}],"wp:attachment":[{"href":"https:\/\/versahinternational.com\/fr\/wp-json\/wp\/v2\/media?parent=11209"}],"curies":[{"name":"wp","href":"https:\/\/api.w.org\/{rel}","templated":true}]}}