{"id":11275,"date":"2023-07-18T18:13:53","date_gmt":"2023-07-18T18:13:53","guid":{"rendered":"https:\/\/versahinternational.com\/protocole-delevation-des-sinus-crestal-ii\/"},"modified":"2023-12-05T19:36:07","modified_gmt":"2023-12-05T19:36:07","slug":"protocole-delevation-des-sinus-crestal-ii","status":"publish","type":"page","link":"https:\/\/versahinternational.com\/fr\/polyvalence-clinique\/protocole-delevation-des-sinus-crestal-ii\/","title":{"rendered":"Protocole II* de simplification de soulev\u00e9 de sinus"},"content":{"rendered":"<section class=\"wpb-content-wrapper\"><p>[vc_row][vc_column][vc_empty_space height=\u00a0\u00bb100px\u00a0\u00bb][vc_custom_heading text=\u00a0\u00bbProtocole II* de simplification de soulev\u00e9 de sinus\u00a0\u00bb font_container=\u00a0\u00bbtag:p|font_size:35|text_align:center|color:%23c4d600&Prime; use_theme_fonts=\u00a0\u00bbyes\u00a0\u00bb][vc_btn title=\u00a0\u00bbT\u00e9l\u00e9charger le protocole\u00a0\u00bb style=\u00a0\u00bboutline-custom\u00a0\u00bb outline_custom_color=\u00a0\u00bb#c4d600&Prime; outline_custom_hover_background=\u00a0\u00bb#666666&Prime; outline_custom_hover_text=\u00a0\u00bb#ffffff\u00a0\u00bb size=\u00a0\u00bblg\u00a0\u00bb align=\u00a0\u00bbcenter\u00a0\u00bb link=\u00a0\u00bburl:https%3A%2F%2Fversahinternational.com%2Fwp-content%2Fuploads%2F2023%2F12%2FFrench-Protocol-Sinus-Lift-II-10706REV00-2.pdf|title:Protocole%20d&rsquo;expansion%20facilit%C3%A9e%20des%20cr%C3%AAtes\u00a0\u00bb][\/vc_column][\/vc_row][vc_row][vc_column css=\u00a0\u00bb.vc_custom_1690308635247{background-color: #ffffff !important;}\u00a0\u00bb][vc_column_text]<span style=\"color: #000000;\"><strong>Hauteur minimale d\u2019os r\u00e9siduel : 4-5 mm. Largeur minimale alv\u00e9olaire : 5 mm.\u00a0<\/strong><\/span><br \/>\n<span style=\"color: #c4d600;\"><strong>Rappel :<\/strong><\/span> <span style=\"color: #000000;\">Utiliser les fraises Densah par s\u00e9quence. Par exemple : 2,0 mm, 3,0 mm, 4,0 mm, 5,0 mm\u00a0<\/span>[\/vc_column_text][vc_empty_space height=\u00a0\u00bb50px\u00a0\u00bb][vc_separator][vc_column_text]<span style=\"color: #333333;\">\u2022 MESURER LA HAUTEUR D\u2019OS JUSQU\u2019AU PLANCHER DU SINUS.<\/span><br \/>\n<span style=\"color: #333333;\">\u2022 NE PAS UTILISER DE FRAISE PILOTE.<\/span><br \/>\n<span style=\"color: #333333;\">\u2022 FRAISE DENSAH 2,0 MM EN MODE OD (REVERSE \u2013 CONTRE HORAIRE) JUSQU\u2019AU PLANCHER DU SINUS.<\/span><br \/>\n<span style=\"color: #333333;\">\u2022 FRAISE DENSAH 3,0 MM EN MODE OD (REVERSE \u2013 CONTRE HORAIRE) JUSQU\u2019A 3 MM AU-DESSUS DU PLANCHER DU SINUS.<\/span><br \/>\n<span style=\"color: #333333;\">\u2022 FRAISE DENSAH 4,0 MM, 5,0 MM EN MODE OD (REVERSE \u2013 CONTRE HORAIRE) JUSQU\u2019A 3 MM AU-DESSUS DU PLANCHER DU SINUS, POUR MIEUX ELARGIR L\u2019OSTEOTOMIE.<\/span><br \/>\n<span style=\"color: #333333;\">\u2022 BIEN UTILISER LES FRAISES DENSAH EN SEQUENCE LOGIQUE, PAR EXEMPLE 2 MM, PUIS 3MM, PUIS 4 MM, PUIS 5 MM.<\/span><br \/>\n<span style=\"color: #333333;\">\u2022 UTILISER LA DERNIERE FRAISE DENSAH A VITESSE LENTE POUR POUSSER LE BIOMATERIAU ADAPTE.<\/span>[\/vc_column_text][vc_separator][vc_row_inner][vc_column_inner][vc_empty_space height=\u00a0\u00bb70px\u00a0\u00bb][\/vc_column_inner][\/vc_row_inner][vc_row_inner][vc_column_inner width=\u00a0\u00bb2\/3&Prime;][vc_custom_heading text=\u00a0\u00bb\u00c9tape 1 :\u00a0\u00bb font_container=\u00a0\u00bbtag:p|font_size:20|text_align:left|color:%23c4d600&Prime; use_theme_fonts=\u00a0\u00bbyes\u00a0\u00bb][vc_column_text]<span style=\"color: #333333;\"><strong>Mesurer la hauteur d\u2019os jusqu\u2019au plancher du sinus.<\/strong> Ouvrir le tissu mou avec vos instruments et techniques habituels.<\/span>[\/vc_column_text][\/vc_column_inner][vc_column_inner width=\u00a0\u00bb1\/3&Prime;][vc_single_image image=\u00a0\u00bb1159&Prime; img_size=\u00a0\u00bbfull\u00a0\u00bb][\/vc_column_inner][\/vc_row_inner][vc_row_inner][vc_column_inner][vc_empty_space height=\u00a0\u00bb50px\u00a0\u00bb][\/vc_column_inner][\/vc_row_inner][vc_row_inner][vc_column_inner width=\u00a0\u00bb2\/3&Prime;][vc_custom_heading text=\u00a0\u00bb\u00c9tape 2 :\u00a0\u00bb font_container=\u00a0\u00bbtag:p|font_size:20|text_align:left|color:%23c4d600&Prime; use_theme_fonts=\u00a0\u00bbyes\u00a0\u00bb][vc_column_text]<span style=\"color: #333333;\"><strong>Fraise Densah (2.0) en mode OD Ost\u00e9odensification jusqu\u2019au plancher du sinus.<\/strong> Ne pas utiliser de fraise pilote. Suivant le type d\u2019implant et le diam\u00e8tre retenu pour le site, commencer en mode forage par la fraise Densah la plus fine (2,0 mm). Passer le moteur sur le mode Reverse (en mode contre horaire \u2013 vitesse 800-1500 tr\/mn avec forte irrigation). Commencer \u00e0 faire tourner la fraise dans l\u2019ost\u00e9otomie jusqu\u2019\u00e0 ce qu\u2019elle atteigne le plancher du sinus. Confirmer par une radio la 1\u00e8re position verticale de la fraise Densah.<\/span>[\/vc_column_text][\/vc_column_inner][vc_column_inner width=\u00a0\u00bb1\/3&Prime;][vc_single_image image=\u00a0\u00bb1161&Prime; img_size=\u00a0\u00bbfull\u00a0\u00bb][\/vc_column_inner][\/vc_row_inner][vc_row_inner][vc_column_inner][vc_empty_space height=\u00a0\u00bb50px\u00a0\u00bb][\/vc_column_inner][\/vc_row_inner][vc_row_inner][vc_column_inner width=\u00a0\u00bb2\/3&Prime;][vc_custom_heading text=\u00a0\u00bb\u00c9tape 3 :\u00a0\u00bb font_container=\u00a0\u00bbtag:p|font_size:20|text_align:left|color:%23c4d600&Prime; use_theme_fonts=\u00a0\u00bbyes\u00a0\u00bb][vc_column_text]<span style=\"color: #333333;\"><strong>Fraise Densah 3,0 mm en mode OD Ost\u00e9odensification (reverse \u2013 contre horaire) jusqu\u2019\u00e0 3 mm au- dessus du plancher du sinus.<\/strong> Presez la fraise Densah suivante (3,00 mm) en mode Reverse\/densification (contre horaire \u2013 vitesse 800-1500 tr\/mn avec forte irrigation) et ins\u00e9rez la dans l\u2019ost\u00e9otomie en modulant la pression et avec un effet de pompage. Quand vous ressentez la pression tactile de la fraise qui atteint le plancher dense du sinus, mod\u00e9rez la pression avec un mouvement doux de pompage pour passe le plancher du sinus par \u00e9tapes d\u20191 mm, jusqu\u2019\u00e0 3 mm. Le d\u00e9passement maximum possible au-dessus du plancher ne doit jamais d\u00e9passer 3,0 mm \u00e0 aucun moment. L\u2019os sera pouss\u00e9 vers l\u2019extr\u00e9mit\u00e9 apicale and commencera \u00e0 soulever d\u00e9licatement la membrane et l\u2019os autog\u00e8ne compact\u00e9 jusqu\u2019\u00e0 3 mm. Confirmer la position verticale de fraise par une radio.<\/span>[\/vc_column_text][\/vc_column_inner][vc_column_inner width=\u00a0\u00bb1\/3&Prime;][vc_single_image image=\u00a0\u00bb1163&Prime; img_size=\u00a0\u00bbfull\u00a0\u00bb][\/vc_column_inner][\/vc_row_inner][vc_row_inner][vc_column_inner][vc_empty_space height=\u00a0\u00bb50px\u00a0\u00bb][\/vc_column_inner][\/vc_row_inner][vc_row_inner][vc_column_inner width=\u00a0\u00bb2\/3&Prime;][vc_custom_heading text=\u00a0\u00bb\u00c9tape 4 :\u00a0\u00bb font_container=\u00a0\u00bbtag:p|font_size:20|text_align:left|color:%23c4d600&Prime; use_theme_fonts=\u00a0\u00bbyes\u00a0\u00bb][vc_column_text]<span style=\"color: #333333;\"><strong>Fraise Densah (4,0), (5,0) en mode OD Ost\u00e9odensification (reverse \u2013 contre horaire) jusqu\u2019\u00e0 3 mm au-dessus du plancher du sinus<\/strong>. Prenez les fraises Densah suivantes (4,0), (5,0) en mode OD Ost\u00e9odensification (reverse -contre horaire \u2013 vitesse 800-1500 tr\/mn avec forte irrigation) et un mouvement de pompage pour augmenter la largeur, avec un soulev\u00e9 maximal de la membrane de 3 mm (par \u00e9tapes de 1 mm) pour atteindre la largeur souhait\u00e9e pour le placement de l\u2019implant. <strong>Les fraises Densah ne doivent jamais d\u00e9passer 3 mm au-dessus du plancher du sinus, quel que soit le diam\u00e8tre de la fraise Densah.<\/strong><\/span>[\/vc_column_text][\/vc_column_inner][vc_column_inner width=\u00a0\u00bb1\/3&Prime;][vc_single_image image=\u00a0\u00bb1165&Prime; img_size=\u00a0\u00bbfull\u00a0\u00bb][\/vc_column_inner][\/vc_row_inner][vc_row_inner][vc_column_inner][vc_empty_space height=\u00a0\u00bb50px\u00a0\u00bb][\/vc_column_inner][\/vc_row_inner][vc_row_inner][vc_column_inner width=\u00a0\u00bb2\/3&Prime;][vc_custom_heading text=\u00a0\u00bb\u00c9tape 5 :\u00a0\u00bb font_container=\u00a0\u00bbtag:p|font_size:20|text_align:left|color:%23c4d600&Prime; use_theme_fonts=\u00a0\u00bbyes\u00a0\u00bb][vc_column_text]<span style=\"color: #333333;\"><strong>Pousser le greffon.<\/strong><\/span><br \/>\n<span style=\"color: #333333;\">Apr\u00e8s avoir atteint le diam\u00e8tre final de l\u2019ost\u00e9otomie pr\u00e9vue, remplir l\u2019ost\u00e9otomie avec un greffon suffisamment liquide, principalement spongieux. Utiliser la derni\u00e8re fraise Densah\u00ae avec une vitesse dans le sens antihoraire miss this information lente sans irrigation afin de propulser d\u00e9licatement l\u2019allogreffe bien hydrat\u00e9e 150-250 tr\/ mn sans irrigation pour pousser la greffe dans le sinus . La fraise Densah doit seulement faciliter le compactage du biomat\u00e9riau pour soulever davantage la membrane, et ne pas aller plus de 2-3 mm au-del\u00e0 du plancher du sinus. R\u00e9p\u00e9ter l\u2019\u00e9tape de pouss\u00e9e du greffon pour soulever plus la membrane si n\u00e9cessaire pour la longueur de l\u2019implant.<\/span>[\/vc_column_text][\/vc_column_inner][vc_column_inner width=\u00a0\u00bb1\/3&Prime;][vc_single_image image=\u00a0\u00bb1167&Prime; img_size=\u00a0\u00bbfull\u00a0\u00bb][\/vc_column_inner][\/vc_row_inner][vc_row_inner][vc_column_inner][vc_empty_space height=\u00a0\u00bb50px\u00a0\u00bb][\/vc_column_inner][\/vc_row_inner][vc_row_inner][vc_column_inner width=\u00a0\u00bb2\/3&Prime;][vc_custom_heading text=\u00a0\u00bb\u00c9tape 6 :\u00a0\u00bb font_container=\u00a0\u00bbtag:p|font_size:20|text_align:left|color:%23c4d600&Prime; use_theme_fonts=\u00a0\u00bbyes\u00a0\u00bb][vc_column_text]<span style=\"color: #333333;\"><strong>Pose de l\u2019\u2019implant.<\/strong><\/span><br \/>\n<span style=\"color: #333333;\">Poser l\u2019implant dans l\u2019ost\u00e9otomie. Si vous utilisez le moteur pour fixer l\u2019implant, l\u2019unit peut s\u2019arr\u00eater en atteignant le couple maximal de pose. Finissez de fixer l\u2019implant \u00e0 la profondeur pr\u00e9vue, avec une cl\u00e9 indiquant le couple.<\/span>[\/vc_column_text][\/vc_column_inner][vc_column_inner width=\u00a0\u00bb1\/3&Prime;][vc_single_image image=\u00a0\u00bb1169&Prime; img_size=\u00a0\u00bbfull\u00a0\u00bb][\/vc_column_inner][\/vc_row_inner][vc_row_inner][vc_column_inner][vc_single_image image=\u00a0\u00bb1157&Prime; img_size=\u00a0\u00bbfull\u00a0\u00bb alignment=\u00a0\u00bbcenter\u00a0\u00bb][\/vc_column_inner][\/vc_row_inner][vc_row_inner][vc_column_inner][vc_column_text]<\/p>\n<p class=\"p1\"><span style=\"color: #000000;\">* Donn\u00e9es disponibles, voir versah.com\/our-science\/ for Maxillary Sinus Graft studies<span class=\"Apple-converted-space\"><br \/>\n<\/span><b>L\u2019exp\u00e9rience et le jugement cliniques doivent \u00eatre utilis\u00e9s conjointement avec ce protocole d\u2019utilisation<\/b><\/span><\/p>\n<p>[\/vc_column_text][\/vc_column_inner][\/vc_row_inner][\/vc_column][\/vc_row][vc_row][vc_column][vc_empty_space height=\u00a0\u00bb100px\u00a0\u00bb][vc_column_text]<\/p>\n<h6><span style=\"color: #808080;\"> 10890 REV00 derni\u00e8re mise \u00e0 jour : 08\/2023<\/span><\/h6>\n<p>[\/vc_column_text][\/vc_column][\/vc_row]<\/p>\n<\/section>","protected":false},"excerpt":{"rendered":"<p>[vc_row][vc_column][vc_empty_space height=\u00a0\u00bb100px\u00a0\u00bb][vc_custom_heading text=\u00a0\u00bbProtocole II* de simplification de soulev\u00e9 de sinus\u00a0\u00bb font_container=\u00a0\u00bbtag:p|font_size:35|text_align:center|color:%23c4d600&Prime; use_theme_fonts=\u00a0\u00bbyes\u00a0\u00bb][vc_btn title=\u00a0\u00bbT\u00e9l\u00e9charger le protocole\u00a0\u00bb style=\u00a0\u00bboutline-custom\u00a0\u00bb outline_custom_color=\u00a0\u00bb#c4d600&Prime; outline_custom_hover_background=\u00a0\u00bb#666666&Prime; outline_custom_hover_text=\u00a0\u00bb#ffffff\u00a0\u00bb size=\u00a0\u00bblg\u00a0\u00bb<\/p>\n<p><a href=\"https:\/\/versahinternational.com\/fr\/polyvalence-clinique\/protocole-delevation-des-sinus-crestal-ii\/\" class=\"more-link\">Continue reading<span class=\"screen-reader-text\">Protocole II* de simplification de soulev\u00e9 de sinus<\/span><\/a><\/p>\n","protected":false},"author":2,"featured_media":0,"parent":11655,"menu_order":0,"comment_status":"closed","ping_status":"closed","template":"","meta":{"footnotes":""},"class_list":["post-11275","page","type-page","status-publish","hentry"],"jetpack_sharing_enabled":true,"_links":{"self":[{"href":"https:\/\/versahinternational.com\/fr\/wp-json\/wp\/v2\/pages\/11275","targetHints":{"allow":["GET"]}}],"collection":[{"href":"https:\/\/versahinternational.com\/fr\/wp-json\/wp\/v2\/pages"}],"about":[{"href":"https:\/\/versahinternational.com\/fr\/wp-json\/wp\/v2\/types\/page"}],"author":[{"embeddable":true,"href":"https:\/\/versahinternational.com\/fr\/wp-json\/wp\/v2\/users\/2"}],"replies":[{"embeddable":true,"href":"https:\/\/versahinternational.com\/fr\/wp-json\/wp\/v2\/comments?post=11275"}],"version-history":[{"count":18,"href":"https:\/\/versahinternational.com\/fr\/wp-json\/wp\/v2\/pages\/11275\/revisions"}],"predecessor-version":[{"id":17836,"href":"https:\/\/versahinternational.com\/fr\/wp-json\/wp\/v2\/pages\/11275\/revisions\/17836"}],"up":[{"embeddable":true,"href":"https:\/\/versahinternational.com\/fr\/wp-json\/wp\/v2\/pages\/11655"}],"wp:attachment":[{"href":"https:\/\/versahinternational.com\/fr\/wp-json\/wp\/v2\/media?parent=11275"}],"curies":[{"name":"wp","href":"https:\/\/api.w.org\/{rel}","templated":true}]}}