{"id":4099,"date":"2023-07-12T18:54:01","date_gmt":"2023-07-12T18:54:01","guid":{"rendered":"https:\/\/versahinternational.com\/accueil\/"},"modified":"2026-02-05T21:23:06","modified_gmt":"2026-02-05T21:23:06","slug":"accueil","status":"publish","type":"page","link":"https:\/\/versahinternational.com\/fr\/","title":{"rendered":"Accueil"},"content":{"rendered":"<section class=\"wpb-content-wrapper\"><p>[vc_row][vc_column][vc_row_inner][vc_column_inner][vc_empty_space height=\u00a0\u00bb50px\u00a0\u00bb][vc_single_image image=\u00a0\u00bb23118&Prime; img_size=\u00a0\u00bbfull\u00a0\u00bb alignment=\u00a0\u00bbcenter\u00a0\u00bb][vc_custom_heading text=\u00a0\u00bbPolyvalence clinique sign\u00e9e Versah\u00a0\u00bb font_container=\u00a0\u00bbtag:p|font_size:25|text_align:center|color:%23c4d600&Prime; use_theme_fonts=\u00a0\u00bbyes\u00a0\u00bb][vc_column_text]<\/p>\n<p style=\"text-align: center;\"><span style=\"color: #ffffff;\">Les fraises Densah sont con\u00e7ues pour cr\u00e9er des ost\u00e9otomies pour la pose d\u2019implants dentaires<\/span><\/p>\n<p>[\/vc_column_text][\/vc_column_inner][\/vc_row_inner][vc_row_inner][vc_column_inner width=\u00a0\u00bb1\/6&Prime;][vc_single_image image=\u00a0\u00bb3366&Prime; alignment=\u00a0\u00bbcenter\u00a0\u00bb onclick=\u00a0\u00bbcustom_link\u00a0\u00bb link=\u00a0\u00bbhttps:\/\/versahinternational.com\/fr\/polyvalence-clinique\/\u00a0\u00bb][vc_column_text]<\/p>\n<h6 style=\"text-align: center;\">Soulev\u00e9 de sinus par abord crestal<\/h6>\n<p>[\/vc_column_text][\/vc_column_inner][vc_column_inner width=\u00a0\u00bb1\/6&Prime;][vc_single_image image=\u00a0\u00bb3381&Prime; alignment=\u00a0\u00bbcenter\u00a0\u00bb onclick=\u00a0\u00bbcustom_link\u00a0\u00bb link=\u00a0\u00bbhttps:\/\/versahinternational.com\/fr\/polyvalence-clinique\/\u00a0\u00bb][vc_column_text]<\/p>\n<h6 style=\"text-align: center;\">Elargissement de cr\u00eate<\/h6>\n<p>[\/vc_column_text][\/vc_column_inner][vc_column_inner width=\u00a0\u00bb1\/6&Prime;][vc_single_image image=\u00a0\u00bb3396&Prime; alignment=\u00a0\u00bbcenter\u00a0\u00bb onclick=\u00a0\u00bbcustom_link\u00a0\u00bb link=\u00a0\u00bbhttps:\/\/versahinternational.com\/fr\/polyvalence-clinique\/\u00a0\u00bb][vc_column_text]<\/p>\n<h6 style=\"text-align: center;\">Pose d\u2019implants imm\u00e9diats\u200b<\/h6>\n<p>[\/vc_column_text][\/vc_column_inner][vc_column_inner width=\u00a0\u00bb1\/6&Prime;][vc_single_image image=\u00a0\u00bb3411&Prime; alignment=\u00a0\u00bbcenter\u00a0\u00bb onclick=\u00a0\u00bbcustom_link\u00a0\u00bb link=\u00a0\u00bbhttps:\/\/versahinternational.com\/fr\/polyvalence-clinique\/\u00a0\u00bb][vc_column_text]<\/p>\n<h6 style=\"text-align: center;\">Expansion du septum molaire\u200b<\/h6>\n<p>[\/vc_column_text][\/vc_column_inner][vc_column_inner width=\u00a0\u00bb1\/6&Prime;][vc_single_image image=\u00a0\u00bb3426&Prime; alignment=\u00a0\u00bbcenter\u00a0\u00bb onclick=\u00a0\u00bbcustom_link\u00a0\u00bb link=\u00a0\u00bbhttps:\/\/versahinternational.com\/fr\/polyvalence-clinique\/\u00a0\u00bb][vc_column_text]<\/p>\n<h6 style=\"text-align: center;\">Mise en place d\u2019implants dans l\u2019os zygomatique<\/h6>\n<p>[\/vc_column_text][\/vc_column_inner][vc_column_inner width=\u00a0\u00bb1\/6&Prime;][vc_single_image image=\u00a0\u00bb3441&Prime; alignment=\u00a0\u00bbcenter\u00a0\u00bb onclick=\u00a0\u00bbcustom_link\u00a0\u00bb link=\u00a0\u00bbhttps:\/\/versahinternational.com\/fr\/polyvalence-clinique\/\u00a0\u00bb][vc_column_text]<\/p>\n<h6 style=\"text-align: center;\">Action en mode dual\u200b<\/h6>\n<p>[\/vc_column_text][\/vc_column_inner][\/vc_row_inner][\/vc_column][\/vc_row][vc_row][vc_column][vc_row_inner disable_element=\u00a0\u00bbyes\u00a0\u00bb][vc_column_inner][vc_images_carousel images=\u00a0\u00bb19095,19109,19124,19138&Prime; img_size=\u00a0\u00bbfull\u00a0\u00bb onclick=\u00a0\u00bbcustom_link\u00a0\u00bb speed=\u00a0\u00bb3000&Prime; autoplay=\u00a0\u00bbyes\u00a0\u00bb wrap=\u00a0\u00bbyes\u00a0\u00bb][vc_empty_space height=\u00a0\u00bb80px\u00a0\u00bb][\/vc_column_inner][\/vc_row_inner][vc_row_inner][vc_column_inner width=\u00a0\u00bb1\/3&Prime;][vc_single_image image=\u00a0\u00bb26702&Prime; img_size=\u00a0\u00bbfull\u00a0\u00bb alignment=\u00a0\u00bbcenter\u00a0\u00bb][vc_column_text]<\/p>\n<p style=\"text-align: center;\"><span style=\"color: #ffffff;\">Kit complet de fraises Densah universelles avec chirurgie guid\u00e9e<\/span><\/p>\n<p>[\/vc_column_text][\/vc_column_inner][vc_column_inner width=\u00a0\u00bb1\/3&Prime;][vc_single_image image=\u00a0\u00bb15721&Prime; img_size=\u00a0\u00bblarge\u00a0\u00bb alignment=\u00a0\u00bbcenter\u00a0\u00bb][vc_column_text]<\/p>\n<p style=\"text-align: center;\"><span style=\"color: #ffffff;\"><strong>Kit de fraises Densah\u00ae universelles avec foret pilote conique (fraises Densah\u00ae standard et courtes)<\/strong><\/span><\/p>\n<p>[\/vc_column_text][\/vc_column_inner][vc_column_inner width=\u00a0\u00bb1\/3&Prime;][vc_single_image image=\u00a0\u00bb3576&Prime; img_size=\u00a0\u00bbfull\u00a0\u00bb alignment=\u00a0\u00bbcenter\u00a0\u00bb][vc_empty_space height=\u00a0\u00bb50px\u00a0\u00bb][vc_column_text]<\/p>\n<p style=\"text-align: center;\"><span style=\"color: #ffffff;\">Kit de fraises DENSAH\u00ae ZGO\u2122 universelles<\/span><\/p>\n<p>[\/vc_column_text][\/vc_column_inner][\/vc_row_inner][vc_row_inner][vc_column_inner][vc_empty_space height=\u00a0\u00bb50px\u00a0\u00bb][vc_separator color=\u00a0\u00bbcustom\u00a0\u00bb accent_color=\u00a0\u00bb#d3d3d3&Prime;][vc_empty_space height=\u00a0\u00bb50px\u00a0\u00bb][\/vc_column_inner][\/vc_row_inner][vc_row_inner][vc_column_inner][vc_single_image image=\u00a0\u00bb26653&Prime; img_size=\u00a0\u00bbfull\u00a0\u00bb alignment=\u00a0\u00bbcenter\u00a0\u00bb onclick=\u00a0\u00bbcustom_link\u00a0\u00bb link=\u00a0\u00bbhttps:\/\/versahinternational.com\/fr\/polyvalence-clinique\/guide-de-reference-pour-le-forage-des-systemes-dimplants-drg\/\u00a0\u00bb][vc_btn title=\u00a0\u00bbEn savoir plus sur le Guide de r\u00e9f\u00e9rence sur le forage du syst\u00e8me d\u2019implant\u00a0\u00bb style=\u00a0\u00bboutline-custom\u00a0\u00bb outline_custom_color=\u00a0\u00bb#c4d600&Prime; outline_custom_hover_background=\u00a0\u00bb#666666&Prime; outline_custom_hover_text=\u00a0\u00bb#ffffff\u00a0\u00bb size=\u00a0\u00bblg\u00a0\u00bb align=\u00a0\u00bbcenter\u00a0\u00bb link=\u00a0\u00bburl:https%3A%2F%2Fversahinternational.com%2Ffr%2Fpolyvalence-clinique%2Fguide-de-reference-pour-le-forage-des-systemes-dimplants-drg%2F|\u00a0\u00bb][vc_empty_space height=\u00a0\u00bb50px\u00a0\u00bb][vc_separator color=\u00a0\u00bbcustom\u00a0\u00bb accent_color=\u00a0\u00bb#d3d3d3&Prime;][vc_empty_space height=\u00a0\u00bb50px\u00a0\u00bb][\/vc_column_inner][\/vc_row_inner][vc_row_inner][vc_column_inner width=\u00a0\u00bb1\/2&Prime;][vc_single_image image=\u00a0\u00bb3516&Prime; img_size=\u00a0\u00bbfull\u00a0\u00bb alignment=\u00a0\u00bbcenter\u00a0\u00bb onclick=\u00a0\u00bbcustom_link\u00a0\u00bb link=\u00a0\u00bbhttps:\/\/versahinternational.com\/fr\/zgo-densah-burs\/\u00a0\u00bb][vc_btn title=\u00a0\u00bbEn savoir plus sur la fraise Densah ZGO\u00a0\u00bb style=\u00a0\u00bboutline-custom\u00a0\u00bb outline_custom_color=\u00a0\u00bb#c4d600&Prime; outline_custom_hover_background=\u00a0\u00bb#666666&Prime; outline_custom_hover_text=\u00a0\u00bb#ffffff\u00a0\u00bb size=\u00a0\u00bblg\u00a0\u00bb align=\u00a0\u00bbcenter\u00a0\u00bb link=\u00a0\u00bburl:https%3A%2F%2Fversahinternational.com%2Ffr%2Fzgo-densah-burs%2F|\u00a0\u00bb][\/vc_column_inner][vc_column_inner width=\u00a0\u00bb1\/2&Prime;][vc_single_image image=\u00a0\u00bb26628&Prime; img_size=\u00a0\u00bbfull\u00a0\u00bb alignment=\u00a0\u00bbcenter\u00a0\u00bb onclick=\u00a0\u00bbcustom_link\u00a0\u00bb link=\u00a0\u00bbhttps:\/\/versahinternational.com\/fr\/systeme-de-chirurgie-guidee\/\u00a0\u00bb][vc_btn title=\u00a0\u00bbEn savoir plus sur le syst\u00e8me de chirurgie guid\u00e9e\u00a0\u00bb style=\u00a0\u00bboutline-custom\u00a0\u00bb outline_custom_color=\u00a0\u00bb#c4d600&Prime; outline_custom_hover_background=\u00a0\u00bb#666666&Prime; outline_custom_hover_text=\u00a0\u00bb#ffffff\u00a0\u00bb size=\u00a0\u00bblg\u00a0\u00bb align=\u00a0\u00bbcenter\u00a0\u00bb link=\u00a0\u00bburl:https%3A%2F%2Fversahinternational.com%2Ffr%2Fsysteme-de-chirurgie-guidee%2F|\u00a0\u00bb][\/vc_column_inner][\/vc_row_inner][vc_row_inner][vc_column_inner][vc_empty_space height=\u00a0\u00bb100px\u00a0\u00bb][vc_column_text]<\/p>\n<h6><span style=\"color: #808080;\"> 10882 REV01 derni\u00e8re mise \u00e0 jour : 2\/2026<\/span><\/h6>\n<p>[\/vc_column_text][\/vc_column_inner][\/vc_row_inner][\/vc_column][\/vc_row]<\/p>\n<\/section>","protected":false},"excerpt":{"rendered":"<p>[vc_row][vc_column][vc_row_inner][vc_column_inner][vc_empty_space height=\u00a0\u00bb50px\u00a0\u00bb][vc_single_image image=\u00a0\u00bb23118&Prime; img_size=\u00a0\u00bbfull\u00a0\u00bb alignment=\u00a0\u00bbcenter\u00a0\u00bb][vc_custom_heading text=\u00a0\u00bbPolyvalence clinique sign\u00e9e Versah\u00a0\u00bb font_container=\u00a0\u00bbtag:p|font_size:25|text_align:center|color:%23c4d600&Prime; use_theme_fonts=\u00a0\u00bbyes\u00a0\u00bb][vc_column_text] Les fraises Densah sont con\u00e7ues pour cr\u00e9er des ost\u00e9otomies<\/p>\n<p><a href=\"https:\/\/versahinternational.com\/fr\/\" class=\"more-link\">Continue reading<span class=\"screen-reader-text\">Accueil<\/span><\/a><\/p>\n","protected":false},"author":2,"featured_media":0,"parent":0,"menu_order":0,"comment_status":"closed","ping_status":"closed","template":"","meta":{"footnotes":""},"class_list":["post-4099","page","type-page","status-publish","hentry"],"jetpack_sharing_enabled":true,"_links":{"self":[{"href":"https:\/\/versahinternational.com\/fr\/wp-json\/wp\/v2\/pages\/4099","targetHints":{"allow":["GET"]}}],"collection":[{"href":"https:\/\/versahinternational.com\/fr\/wp-json\/wp\/v2\/pages"}],"about":[{"href":"https:\/\/versahinternational.com\/fr\/wp-json\/wp\/v2\/types\/page"}],"author":[{"embeddable":true,"href":"https:\/\/versahinternational.com\/fr\/wp-json\/wp\/v2\/users\/2"}],"replies":[{"embeddable":true,"href":"https:\/\/versahinternational.com\/fr\/wp-json\/wp\/v2\/comments?post=4099"}],"version-history":[{"count":24,"href":"https:\/\/versahinternational.com\/fr\/wp-json\/wp\/v2\/pages\/4099\/revisions"}],"predecessor-version":[{"id":26719,"href":"https:\/\/versahinternational.com\/fr\/wp-json\/wp\/v2\/pages\/4099\/revisions\/26719"}],"wp:attachment":[{"href":"https:\/\/versahinternational.com\/fr\/wp-json\/wp\/v2\/media?parent=4099"}],"curies":[{"name":"wp","href":"https:\/\/api.w.org\/{rel}","templated":true}]}}