{"id":9447,"date":"2023-07-18T18:32:06","date_gmt":"2023-07-18T18:32:06","guid":{"rendered":"https:\/\/versahinternational.com\/protocole-zgo-de-type-iv\/"},"modified":"2023-12-04T21:13:12","modified_gmt":"2023-12-04T21:13:12","slug":"protocole-zgo-de-type-iv","status":"publish","type":"page","link":"https:\/\/versahinternational.com\/fr\/polyvalence-clinique\/protocole-zgo-de-type-iv\/","title":{"rendered":"Protocole ZYGO de type IV"},"content":{"rendered":"<section class=\"wpb-content-wrapper\"><p>[vc_row][vc_column][vc_empty_space height=\u00a0\u00bb100px\u00a0\u00bb][vc_custom_heading text=\u00a0\u00bbProtocole IV Zygoma hors maxillaire hors Sinus\u00a0\u00bb font_container=\u00a0\u00bbtag:p|font_size:35|text_align:center|color:%23c4d600&Prime; use_theme_fonts=\u00a0\u00bbyes\u00a0\u00bb][vc_btn title=\u00a0\u00bbT\u00e9l\u00e9charger le protocole\u00a0\u00bb style=\u00a0\u00bboutline-custom\u00a0\u00bb outline_custom_color=\u00a0\u00bb#c4d600&Prime; outline_custom_hover_background=\u00a0\u00bb#666666&Prime; outline_custom_hover_text=\u00a0\u00bb#ffffff\u00a0\u00bb size=\u00a0\u00bblg\u00a0\u00bb align=\u00a0\u00bbcenter\u00a0\u00bb link=\u00a0\u00bburl:https%3A%2F%2Fversahinternational.com%2Fwp-content%2Fuploads%2F2023%2F12%2FFrench-ZGO-Protocol-IV-10710-REV01-1.pdf|title:Protocole%20d&rsquo;expansion%20facilit%C3%A9e%20des%20cr%C3%AAtes\u00a0\u00bb][\/vc_column][\/vc_row][vc_row][vc_column css=\u00a0\u00bb.vc_custom_1690381239585{background-color: #ffffff !important;}\u00a0\u00bb][vc_separator][vc_row_inner][vc_column_inner width=\u00a0\u00bb2\/3&Prime;][vc_column_text]<strong><span style=\"color: #c4d600;\">Rappel :<\/span><\/strong><br \/>\n<span style=\"color: #333333;\">Ce protocole ZGO IV suit un chemin hors maxillaire. Le maxillaire et l\u2019os alv\u00e9olaire pr\u00e9sentent une atrophie verticale et horizontale extr\u00eame. La voie est hors maxillaire avec un chemin totalement hors du sinus. La t\u00eate de l\u2019implant est situ\u00e9e en buccal \u00e0 la cr\u00eate alv\u00e9olaire, g\u00e9n\u00e9ralement dans une ost\u00e9otomie \u00ab canal \u00bb peu profonde. La majeure partie du corps de l\u2019implant zygomatique est dans une voie hors sinus et hors maxillaire. La partie coronale de l\u2019implant zygomatique est hors maxillaire g\u00e9n\u00e9ralement dans une ost\u00e9otomie \u00ab canal \u00bb tandis que la partie apicale de l\u2019implant est entour\u00e9e d\u2019os dans une ost\u00e9otomie \u00ab tunnel \u00bb dans l\u2019os zygomatique. L\u2019implant zygomatique entre en contact avec l\u2019os zygomatique et une partie de la paroi sinusale lat\u00e9rale externe.<\/span>[\/vc_column_text][\/vc_column_inner][vc_column_inner width=\u00a0\u00bb1\/3&Prime;][vc_single_image image=\u00a0\u00bb1317&Prime; img_size=\u00a0\u00bbfull\u00a0\u00bb][\/vc_column_inner][\/vc_row_inner][vc_separator][vc_empty_space height=\u00a0\u00bb50px\u00a0\u00bb][vc_row_inner][vc_column_inner width=\u00a0\u00bb2\/3&Prime;][vc_custom_heading text=\u00a0\u00bb\u00c9tape 1 :\u00a0\u00bb font_container=\u00a0\u00bbtag:p|font_size:20|text_align:left|color:%23c4d600&Prime; use_theme_fonts=\u00a0\u00bbyes\u00a0\u00bb][vc_column_text]<span style=\"color: #333333;\">Cr\u00e9er l\u2019ost\u00e9otomie coronale \u00ab <strong>canal<\/strong> \u00bb avec les fraises Universal Densah\u2122 en commen\u00e7ant par le VT1525 (2.0) jusqu\u2019\u00e0 VT3545 (4.0) en mode coupe CW \u00e0 800 \u2013 1500 tr\/min avec une irrigation abondante comme \u00ab d\u00e9coupage lat\u00e9ral \u00bb pour <strong>r\u00e9aliser une ost\u00e9otomie canal dans la cr\u00eate alv\u00e9olaire r\u00e9siduelle et la paroi lat\u00e9rale du sinus maxillaire.<\/strong> D\u00e8s que l\u2019ost\u00e9otomie se rapproche de la membrane sinusale, passez en mode OD (antihoraire CCW) pour pr\u00e9server l\u2019int\u00e9grit\u00e9 de la membrane sinusale tout en r\u00e9alisant l\u2019ost\u00e9otomie du canal.<\/span>[\/vc_column_text][\/vc_column_inner][vc_column_inner width=\u00a0\u00bb1\/3&Prime;][vc_single_image image=\u00a0\u00bb17728&Prime; img_size=\u00a0\u00bbfull\u00a0\u00bb][\/vc_column_inner][\/vc_row_inner][vc_row_inner][vc_column_inner][vc_empty_space height=\u00a0\u00bb50px\u00a0\u00bb][\/vc_column_inner][\/vc_row_inner][vc_row_inner][vc_column_inner width=\u00a0\u00bb2\/3&Prime;][vc_custom_heading text=\u00a0\u00bb\u00c9tape 2 :\u00a0\u00bb font_container=\u00a0\u00bbtag:p|font_size:20|text_align:left|color:%23c4d600&Prime; use_theme_fonts=\u00a0\u00bbyes\u00a0\u00bb][vc_column_text]<span style=\"color: #333333;\">Utilisez en mode horaire (CW) la fraise pilote ZGO Densah\u2122 de la longueur appropri\u00e9e (65 mm ou 90 mm) en fonction de l\u2019anatomie et de la taille du patient, suivez la trajectoire du \u00ab canal \u00bb pour entrer dans la face inf\u00e9rieure du corps du zygoma afin de pr\u00e9parer une ost\u00e9otomie \u00ab tunnel \u00bb de la longueur appropri\u00e9e perforant simplement en apical par la face sup\u00e9rieure lat\u00e9rale du zygoma.<\/span>[\/vc_column_text][\/vc_column_inner][vc_column_inner width=\u00a0\u00bb1\/3&Prime;][vc_single_image image=\u00a0\u00bb1309&Prime; img_size=\u00a0\u00bbfull\u00a0\u00bb][\/vc_column_inner][\/vc_row_inner][vc_row_inner][vc_column_inner][vc_empty_space height=\u00a0\u00bb50px\u00a0\u00bb][\/vc_column_inner][\/vc_row_inner][vc_row_inner][vc_column_inner width=\u00a0\u00bb2\/3&Prime;][vc_custom_heading text=\u00a0\u00bb\u00c9tape 3 :\u00a0\u00bb font_container=\u00a0\u00bbtag:p|font_size:20|text_align:left|color:%23c4d600&Prime; use_theme_fonts=\u00a0\u00bbyes\u00a0\u00bb][vc_column_text]<\/p>\n<p class=\"p1\"><span style=\"color: #333333;\">Apr\u00e8s l\u2019ost\u00e9otomie du canal pilote, en fonction de l\u2019anatomie et de la taille du patient, utilisez les fraises ZGO Densah de longueur appropri\u00e9e (65 mm ou 90 mm de longueur), en commen\u00e7ant par la fraise ZGO Densah\u2122 Bur ZT1525, au besoin en mode de coupe CW ou densification CCW pour \u00e9largir l\u2019ost\u00e9otomie. Continuez dans un ordre croissant pour atteindre le diam\u00e8tre et la longueur de l\u2019ost\u00e9otomie d\u00e9sir\u00e9e en fonction du diam\u00e8tre et de la longueur de l\u2019implant zygomatique \u00e0 placer. <span class=\"s1\"><b>Lorsque vous vous rapprochez de la membrane sinusale, le forage doit \u00eatre chang\u00e9 en CCW afin de pr\u00e9server l\u2019int\u00e9grit\u00e9 de la membrane sinusale.<span class=\"Apple-converted-space\">\u00a0<\/span><\/b><\/span><\/span><\/p>\n<p>[\/vc_column_text][\/vc_column_inner][vc_column_inner width=\u00a0\u00bb1\/3&Prime;][vc_single_image image=\u00a0\u00bb1311&Prime; img_size=\u00a0\u00bbfull\u00a0\u00bb][\/vc_column_inner][\/vc_row_inner][vc_row_inner][vc_column_inner][vc_empty_space height=\u00a0\u00bb50px\u00a0\u00bb][\/vc_column_inner][\/vc_row_inner][vc_row_inner][vc_column_inner width=\u00a0\u00bb2\/3&Prime;][vc_custom_heading text=\u00a0\u00bb\u00c9tape 4 :\u00a0\u00bb font_container=\u00a0\u00bbtag:p|font_size:20|text_align:left|color:%23c4d600&Prime; use_theme_fonts=\u00a0\u00bbyes\u00a0\u00bb][vc_column_text]<span style=\"color: #333333;\">La duret\u00e9 du zygoma et le diam\u00e8tre de l\u2019implant d\u00e9termineront le diam\u00e8tre de la fraise ZGO Densah\u2122 final, c\u2019est-\u00e0-dire : ZT2030, ZT2535 ou ZT3040. Les fraises ZGO Densah\u2122 doivent \u00eatre utilis\u00e9es en mode CCW ou CW selon la densit\u00e9 osseuse \u00e0 800-1500 tr\/min avec une irrigation abondante.<\/span><br \/>\n<span style=\"color: #333333;\">1) Mode de coupe dans le sens des aiguilles d\u2019une montre (CW) pour un os plus dense.<\/span><br \/>\n<span style=\"color: #333333;\">2) Mode de densification dans le sens inverse des aiguilles d\u2019une montre (CCW) pour un os plus mou<\/span><br \/>\n<span style=\"color: #333333;\">3) Une combinaison de CW et CCW utilisant le protocole Densifier-Pr\u00e9server apr\u00e8s Coupe (DAC) pour une duret\u00e9 osseuse interm\u00e9diaire.<\/span><br \/>\n<span style=\"color: #333333;\">La duret\u00e9 du Zygoma et le diam\u00e8tre de l\u2019implant d\u00e9termineront le diam\u00e8tre de la fraise ZGO Densah\u2122 finale.<\/span>[\/vc_column_text][\/vc_column_inner][vc_column_inner width=\u00a0\u00bb1\/3&Prime;][vc_single_image image=\u00a0\u00bb1313&Prime; img_size=\u00a0\u00bbfull\u00a0\u00bb][\/vc_column_inner][\/vc_row_inner][vc_row_inner][vc_column_inner][vc_empty_space height=\u00a0\u00bb50px\u00a0\u00bb][\/vc_column_inner][\/vc_row_inner][vc_row_inner][vc_column_inner width=\u00a0\u00bb2\/3&Prime;][vc_custom_heading text=\u00a0\u00bb\u00c9tape 5 :\u00a0\u00bb font_container=\u00a0\u00bbtag:p|font_size:20|text_align:left|color:%23c4d600&Prime; use_theme_fonts=\u00a0\u00bbyes\u00a0\u00bb][vc_column_text]<span style=\"color: #333333;\">L\u2019implant zygomatique est ensuite pos\u00e9. La t\u00eate de l\u2019implant repose sur le c\u00f4t\u00e9 buccal de la cr\u00eate alv\u00e9olaire. La partie centrale du corps de l\u2019implant ne touche pas la partie la plus concave de la paroi maxillaire ant\u00e9rieure. Dans ce trajet hors maxillaire et hors sinus, les contacts avec l\u2019os sont :<\/span><br \/>\n<span style=\"color: #333333;\">1) L\u2019aspect buccal externe de la cr\u00eate.<\/span><br \/>\n<span style=\"color: #333333;\">2) L\u2019os zygomatique apical<\/span>[\/vc_column_text][\/vc_column_inner][vc_column_inner width=\u00a0\u00bb1\/3&Prime;][vc_single_image image=\u00a0\u00bb1315&Prime; img_size=\u00a0\u00bbfull\u00a0\u00bb][\/vc_column_inner][\/vc_row_inner][vc_row_inner][vc_column_inner][vc_empty_space height=\u00a0\u00bb50px\u00a0\u00bb][vc_single_image image=\u00a0\u00bb1305&Prime; img_size=\u00a0\u00bbfull\u00a0\u00bb alignment=\u00a0\u00bbcenter\u00a0\u00bb][vc_column_text]<\/p>\n<p style=\"text-align: center;\">Cas gracieusement offert par le Dr. Costa Nicolopoulos<\/p>\n<p style=\"text-align: center;\">* Donn\u00e9es disponibles, visitez le site versahinternational.com\/od-published-papers\/ pour les \u00e9tudes sur l\u2019implant zygomatique.<br \/>\nL\u2019exp\u00e9rience et le jugement cliniques doivent \u00eatre utilis\u00e9s en compl\u00e9ment de cette suggestion de protocole.<\/p>\n<p>[\/vc_column_text][\/vc_column_inner][\/vc_row_inner][\/vc_column][\/vc_row][vc_row][vc_column][vc_empty_space height=\u00a0\u00bb100px\u00a0\u00bb][vc_column_text]<\/p>\n<h6><span style=\"color: #808080;\"> 10898 REV00 derni\u00e8re mise \u00e0 jour : 08\/2023<\/span><\/h6>\n<p>[\/vc_column_text][\/vc_column][\/vc_row]<\/p>\n<\/section>","protected":false},"excerpt":{"rendered":"<p>[vc_row][vc_column][vc_empty_space height=\u00a0\u00bb100px\u00a0\u00bb][vc_custom_heading text=\u00a0\u00bbProtocole IV Zygoma hors maxillaire hors Sinus\u00a0\u00bb font_container=\u00a0\u00bbtag:p|font_size:35|text_align:center|color:%23c4d600&Prime; use_theme_fonts=\u00a0\u00bbyes\u00a0\u00bb][vc_btn title=\u00a0\u00bbT\u00e9l\u00e9charger le protocole\u00a0\u00bb style=\u00a0\u00bboutline-custom\u00a0\u00bb outline_custom_color=\u00a0\u00bb#c4d600&Prime; outline_custom_hover_background=\u00a0\u00bb#666666&Prime; outline_custom_hover_text=\u00a0\u00bb#ffffff\u00a0\u00bb size=\u00a0\u00bblg\u00a0\u00bb align=\u00a0\u00bbcenter\u00a0\u00bb<\/p>\n<p><a href=\"https:\/\/versahinternational.com\/fr\/polyvalence-clinique\/protocole-zgo-de-type-iv\/\" class=\"more-link\">Continue reading<span class=\"screen-reader-text\">Protocole ZYGO de type IV<\/span><\/a><\/p>\n","protected":false},"author":2,"featured_media":0,"parent":11655,"menu_order":0,"comment_status":"closed","ping_status":"closed","template":"","meta":{"footnotes":""},"class_list":["post-9447","page","type-page","status-publish","hentry"],"jetpack_sharing_enabled":true,"_links":{"self":[{"href":"https:\/\/versahinternational.com\/fr\/wp-json\/wp\/v2\/pages\/9447","targetHints":{"allow":["GET"]}}],"collection":[{"href":"https:\/\/versahinternational.com\/fr\/wp-json\/wp\/v2\/pages"}],"about":[{"href":"https:\/\/versahinternational.com\/fr\/wp-json\/wp\/v2\/types\/page"}],"author":[{"embeddable":true,"href":"https:\/\/versahinternational.com\/fr\/wp-json\/wp\/v2\/users\/2"}],"replies":[{"embeddable":true,"href":"https:\/\/versahinternational.com\/fr\/wp-json\/wp\/v2\/comments?post=9447"}],"version-history":[{"count":13,"href":"https:\/\/versahinternational.com\/fr\/wp-json\/wp\/v2\/pages\/9447\/revisions"}],"predecessor-version":[{"id":17774,"href":"https:\/\/versahinternational.com\/fr\/wp-json\/wp\/v2\/pages\/9447\/revisions\/17774"}],"up":[{"embeddable":true,"href":"https:\/\/versahinternational.com\/fr\/wp-json\/wp\/v2\/pages\/11655"}],"wp:attachment":[{"href":"https:\/\/versahinternational.com\/fr\/wp-json\/wp\/v2\/media?parent=9447"}],"curies":[{"name":"wp","href":"https:\/\/api.w.org\/{rel}","templated":true}]}}