{"id":9653,"date":"2023-07-18T18:17:33","date_gmt":"2023-07-18T18:17:33","guid":{"rendered":"https:\/\/versahinternational.com\/protocole-zgo-de-type-iii\/"},"modified":"2023-12-04T21:12:44","modified_gmt":"2023-12-04T21:12:44","slug":"protocole-zgo-de-type-iii","status":"publish","type":"page","link":"https:\/\/versahinternational.com\/fr\/polyvalence-clinique\/protocole-zgo-de-type-iii\/","title":{"rendered":"Protocole ZYGO de type III"},"content":{"rendered":"<section class=\"wpb-content-wrapper\"><p>[vc_row][vc_column][vc_empty_space height=\u00a0\u00bb100px\u00a0\u00bb][vc_custom_heading text=\u00a0\u00bbIntra-maxillaire Protocole III hors Sinus Zygoma\u00a0\u00bb font_container=\u00a0\u00bbtag:p|font_size:35|text_align:center|color:%23c4d600&Prime; use_theme_fonts=\u00a0\u00bbyes\u00a0\u00bb][vc_btn title=\u00a0\u00bbT\u00e9l\u00e9charger le protocole\u00a0\u00bb style=\u00a0\u00bboutline-custom\u00a0\u00bb outline_custom_color=\u00a0\u00bb#c4d600&Prime; outline_custom_hover_background=\u00a0\u00bb#666666&Prime; outline_custom_hover_text=\u00a0\u00bb#ffffff\u00a0\u00bb size=\u00a0\u00bblg\u00a0\u00bb align=\u00a0\u00bbcenter\u00a0\u00bb link=\u00a0\u00bburl:https%3A%2F%2Fversahinternational.com%2Fwp-content%2Fuploads%2F2023%2F12%2FFrench-ZGO-Protocol-III-1.pdf|title:Protocole%20d&rsquo;expansion%20facilit%C3%A9e%20des%20cr%C3%AAtes\u00a0\u00bb][\/vc_column][\/vc_row][vc_row][vc_column css=\u00a0\u00bb.vc_custom_1690314596779{background-color: #ffffff !important;}\u00a0\u00bb][vc_separator][vc_row_inner][vc_column_inner width=\u00a0\u00bb2\/3&Prime;][vc_column_text]<\/p>\n<div data-widget-id=\"ecf34c35-04ee-4d55-80f5-2b30c50127ca\" data-placement-id=\"b03f79d3-5287-4d86-b88e-4d16ee2698ae\" data-placement-status=\"ACTIVE\">\n<div class=\"sd-simple-text-ecf34c35-04ee-4d55-80f5-2b30c50127ca \">\n<div id=\"sd-simple-text-editable-ecf34c35-04ee-4d55-80f5-2b30c50127ca\" data-edit-mode=\"\">\n<p class=\"p2\"><span class=\"s3\" style=\"color: #c4d600;\"><b>Rappel : <\/b><\/span><span style=\"color: #333333;\">Dans ces cas, la paroi maxillaire ant\u00e9rieure est tr\u00e8s concave. La voie est<strong> intra-maxillaire avec une voie sinusale<\/strong> totalement ext\u00e9rieure. Une ost\u00e9otomie tunnel est cr\u00e9\u00e9e dans la cr\u00eate alv\u00e9olaire pour sortir dans la paroi maxillaire externe, puis y entrer \u00e0 nouveau comme une deuxi\u00e8me ost\u00e9otomie tunnel dans le corps du zygoma pour sortir par l\u2019aspect superolat\u00e9ral du zygoma. Entre les deux ost\u00e9otomies tunnels, la paroi maxillaire est tr\u00e8s concave et, par cons\u00e9quent, il n\u2019y a pas d\u2019ost\u00e9otomie du sillon\/ canal entre les deux ost\u00e9otomies tunnels, c\u2019est-\u00e0-dire que la partie centrale de l\u2019implant ne toucherait pas la partie la plus concave de la paroi.\u00a0<\/span><\/p>\n<\/div>\n<\/div>\n<\/div>\n<p>[\/vc_column_text][\/vc_column_inner][vc_column_inner width=\u00a0\u00bb1\/3&Prime;][vc_single_image image=\u00a0\u00bb1300&Prime; img_size=\u00a0\u00bbfull\u00a0\u00bb][\/vc_column_inner][\/vc_row_inner][vc_separator][vc_empty_space height=\u00a0\u00bb50px\u00a0\u00bb][vc_row_inner][vc_column_inner width=\u00a0\u00bb2\/3&Prime;][vc_custom_heading text=\u00a0\u00bb\u00c9tape 1 :\u00a0\u00bb font_container=\u00a0\u00bbtag:p|font_size:20|text_align:left|color:%23c4d600&Prime; use_theme_fonts=\u00a0\u00bbyes\u00a0\u00bb][vc_column_text]<\/p>\n<p class=\"p2\"><span style=\"color: #333333;\">L\u2019ost\u00e9otomie tunnel est initi\u00e9e avec la fraise pilote Universal Densah\u2122 \u00e0 travers la cr\u00eate alv\u00e9olaire dans le sens des aiguilles d\u2019une montre (CW) pour sortir en buccal \u00e0 travers la table vestibulaire\/paroi maxillaire ant\u00e9rieure.<span class=\"Apple-converted-space\"><br \/>\n<\/span>Ensuite, les fraises Universal Densah\u2122 sont utilis\u00e9es dans un ordre croissant cons\u00e9cutif de 2 mm, 2,3 mm, 3 mm, et 3,3mm dans le mode inverse antihoraire (CCW) pour \u00e9largir l\u2019ost\u00e9otomie crestale et permettre la pr\u00e9servation et l\u2019ost\u00e9odensification de l\u2019os alv\u00e9olaire.<span class=\"Apple-converted-space\">\u00a0<\/span><\/span><\/p>\n<p>[\/vc_column_text][\/vc_column_inner][vc_column_inner width=\u00a0\u00bb1\/3&Prime;][vc_single_image image=\u00a0\u00bb17713&Prime; img_size=\u00a0\u00bbfull\u00a0\u00bb][vc_single_image image=\u00a0\u00bb1288&Prime; img_size=\u00a0\u00bbfull\u00a0\u00bb][\/vc_column_inner][\/vc_row_inner][vc_row_inner][vc_column_inner][vc_empty_space height=\u00a0\u00bb50px\u00a0\u00bb][\/vc_column_inner][\/vc_row_inner][vc_row_inner][vc_column_inner width=\u00a0\u00bb2\/3&Prime;][vc_custom_heading text=\u00a0\u00bb\u00c9tape 2 :\u00a0\u00bb font_container=\u00a0\u00bbtag:p|font_size:20|text_align:left|color:%23c4d600&Prime; use_theme_fonts=\u00a0\u00bbyes\u00a0\u00bb][vc_column_text]<\/p>\n<div data-widget-id=\"ecf34c35-04ee-4d55-80f5-2b30c50127ca\" data-placement-id=\"b03f79d3-5287-4d86-b88e-4d16ee2698ae\" data-placement-status=\"ACTIVE\">\n<div class=\"sd-simple-text-ecf34c35-04ee-4d55-80f5-2b30c50127ca \">\n<div id=\"sd-simple-text-editable-ecf34c35-04ee-4d55-80f5-2b30c50127ca\" data-edit-mode=\"\"><\/div>\n<\/div>\n<\/div>\n<div data-widget-id=\"ebb0fe0c-d3bb-4469-819e-748e87ebe8d3\" data-placement-id=\"eb822ecd-15a8-4eb2-92d0-a209d804bd0a\" data-placement-status=\"ACTIVE\">\n<div class=\"sd-simple-text-ebb0fe0c-d3bb-4469-819e-748e87ebe8d3 \">\n<div id=\"sd-simple-text-editable-ebb0fe0c-d3bb-4469-819e-748e87ebe8d3\" data-edit-mode=\"\">\n<p class=\"p2\"><span style=\"color: #333333;\">Utilisation de la fraise de longueur appropri\u00e9e ZGO Densah\u2122 pilote (65mm ou 90mm) selon l\u2019anatomie du patient et la taille en mode horaire CW, entrer dans l\u2019ost\u00e9otomie tunnel pr\u00e9par\u00e9e pour sortir le long de la partie concave de la paroi du maxillaire ant\u00e9rieur pour p\u00e9n\u00e9trer et rentrer \u00e0 nouveau dans la surface inf\u00e9rieure du zygoma, ensuite dans corps du zygoma pour sortir sur la surface superolat\u00e9rale du zygoma en cr\u00e9ant ainsi un tunnel dans l\u2019os zygomatique.<span class=\"Apple-converted-space\">\u00a0<\/span><\/span><\/p>\n<\/div>\n<\/div>\n<\/div>\n<p>[\/vc_column_text][\/vc_column_inner][vc_column_inner width=\u00a0\u00bb1\/3&Prime;][vc_single_image image=\u00a0\u00bb1292&Prime; img_size=\u00a0\u00bbfull\u00a0\u00bb][\/vc_column_inner][\/vc_row_inner][vc_row_inner][vc_column_inner][vc_empty_space height=\u00a0\u00bb50px\u00a0\u00bb][\/vc_column_inner][\/vc_row_inner][vc_row_inner][vc_column_inner width=\u00a0\u00bb2\/3&Prime;][vc_custom_heading text=\u00a0\u00bb\u00c9tape 3 :\u00a0\u00bb font_container=\u00a0\u00bbtag:p|font_size:20|text_align:left|color:%23c4d600&Prime; use_theme_fonts=\u00a0\u00bbyes\u00a0\u00bb][vc_column_text]<\/p>\n<p class=\"p1\"><span style=\"color: #333333;\">Apr\u00e8s l\u2019ost\u00e9otomie pilote, en fonction de l\u2019anatomie du patient, utilisez le fraise ZGO Densah\u2122 appropri\u00e9e (65mm ou 90mm). Commencer par la fraise ZGO Densah\u2122 ZT1525, pour \u00e9largir l\u2019ost\u00e9otomie crestale du tunnel en mode CCW puis longez la partie concave de la paroi du maxillaire ant\u00e9rieur. Passer en mode CW pour p\u00e9n\u00e9trer dans la surface inf\u00e9rieure du zygoma, puis dans le corps du zygoma et sortir dans la surface superolat\u00e9rale du corps du zygoma, en \u00e9largissant ainsi le tunnel dans l\u2019os zygomatique. La duret\u00e9 osseuse du zygoma et le diam\u00e8tre de l\u2019implant d\u00e9termineront le diam\u00e8tre de la fraise finale ZGO Densah\u2122.<span class=\"Apple-converted-space\">\u00a0<\/span><\/span><\/p>\n<p>[\/vc_column_text][\/vc_column_inner][vc_column_inner width=\u00a0\u00bb1\/3&Prime;][vc_single_image image=\u00a0\u00bb1294&Prime; img_size=\u00a0\u00bbfull\u00a0\u00bb][\/vc_column_inner][\/vc_row_inner][vc_row_inner][vc_column_inner][vc_empty_space height=\u00a0\u00bb50px\u00a0\u00bb][\/vc_column_inner][\/vc_row_inner][vc_row_inner][vc_column_inner width=\u00a0\u00bb2\/3&Prime;][vc_custom_heading text=\u00a0\u00bb\u00c9tape 4 :\u00a0\u00bb font_container=\u00a0\u00bbtag:p|font_size:20|text_align:left|color:%23c4d600&Prime; use_theme_fonts=\u00a0\u00bbyes\u00a0\u00bb][vc_column_text]<\/p>\n<p class=\"p1\"><span style=\"color: #333333;\"><span class=\"s1\">La duret\u00e9 du zygoma et le diam\u00e8tre de l\u2019implant d\u00e9termineront le diam\u00e8tre de la fraise finale ZGO Densah\u2122 par exemple ZT2535 ou ZT3040. <\/span><span class=\"s2\"><b>Il est pr\u00e9f\u00e9rable d\u2019utiliser les fraises ZGO Densah\u2122 en CCW \/ CW en fonction de la densit\u00e9 osseuse \u00e0 800- 1500 tr \/ min avec une irrigation abondante.<span class=\"Apple-converted-space\"><br \/>\n<\/span><\/b><\/span>1) Mode de coupe dans le sens des aiguilles d\u2019une<span class=\"Apple-converted-space\">\u00a0<\/span>montre (CW) pour un os plus dense<span class=\"Apple-converted-space\"><br \/>\n<\/span>2) Mode densification dans le sens inverse des aiguilles<span class=\"Apple-converted-space\">\u00a0<\/span>d\u2019une montre (CCW) pour un os plus mou<span class=\"Apple-converted-space\"><br \/>\n<\/span>3) Une combinaison de CW et CCW utilisant le protocole<span class=\"Apple-converted-space\">\u00a0<\/span>Densifier-Pr\u00e9server apr\u00e8s Coupe (DAC) pour la duret\u00e9<span class=\"Apple-converted-space\">\u00a0<\/span>osseuse interm\u00e9diaire<span class=\"Apple-converted-space\">\u00a0<\/span><\/span><\/p>\n<p>[\/vc_column_text][\/vc_column_inner][vc_column_inner width=\u00a0\u00bb1\/3&Prime;][vc_single_image image=\u00a0\u00bb1296&Prime; img_size=\u00a0\u00bbfull\u00a0\u00bb][\/vc_column_inner][\/vc_row_inner][vc_row_inner][vc_column_inner][vc_empty_space height=\u00a0\u00bb50px\u00a0\u00bb][\/vc_column_inner][\/vc_row_inner][vc_row_inner][vc_column_inner width=\u00a0\u00bb2\/3&Prime;][vc_custom_heading text=\u00a0\u00bb\u00c9tape 5 :\u00a0\u00bb font_container=\u00a0\u00bbtag:p|font_size:20|text_align:left|color:%23c4d600&Prime; use_theme_fonts=\u00a0\u00bbyes\u00a0\u00bb][vc_column_text]<\/p>\n<p class=\"p1\"><span style=\"color: #333333;\">L\u2019implant zygomatique est ensuite pos\u00e9. La t\u00eate de l\u2019implant est situ\u00e9e dans la cr\u00eate alv\u00e9olaire. La partie centrale de l\u2019implant ne touche pas la partie la plus concave de la paroi maxillaire ant\u00e9rieure. Dans ce chemin intra-maxillaire hors sinus, l\u2019implant entre en contact avec l\u2019os \u00e0 :<span class=\"Apple-converted-space\"><br \/>\n<\/span>1) La cr\u00eate alv\u00e9olaire en coronal<span class=\"Apple-converted-space\"><br \/>\n<\/span>2) L\u2019os zygomatique en apical<span class=\"Apple-converted-space\">\u00a0<\/span><\/span><\/p>\n<p>[\/vc_column_text][\/vc_column_inner][vc_column_inner width=\u00a0\u00bb1\/3&Prime;][vc_single_image image=\u00a0\u00bb1298&Prime; img_size=\u00a0\u00bbfull\u00a0\u00bb][\/vc_column_inner][\/vc_row_inner][vc_row_inner][vc_column_inner][vc_empty_space height=\u00a0\u00bb50px\u00a0\u00bb][vc_single_image image=\u00a0\u00bb1286&Prime; img_size=\u00a0\u00bbfull\u00a0\u00bb alignment=\u00a0\u00bbcenter\u00a0\u00bb][vc_column_text]<\/p>\n<div data-widget-id=\"ecf34c35-04ee-4d55-80f5-2b30c50127ca\" data-placement-id=\"b03f79d3-5287-4d86-b88e-4d16ee2698ae\" data-placement-status=\"ACTIVE\">\n<div class=\"sd-simple-text-ecf34c35-04ee-4d55-80f5-2b30c50127ca \">\n<div id=\"sd-simple-text-editable-ecf34c35-04ee-4d55-80f5-2b30c50127ca\" data-edit-mode=\"\">\n<p style=\"text-align: center;\"><span style=\"color: #333333;\">* Donn\u00e9es disponibles, visitez le site versahinternational.com\/od-published-papers\/ pour les \u00e9tudes sur l&rsquo;implant zygomatique.<br \/>\n<b>L\u2019exp\u00e9rience et le jugement cliniques doivent \u00eatre utilis\u00e9s en compl\u00e9ment de cette suggestion de protocole.<\/b><\/span><\/p>\n<p style=\"text-align: center;\"><span style=\"color: #333333;\">\u00a0<\/span><\/p>\n<\/div>\n<\/div>\n<\/div>\n<p>[\/vc_column_text][\/vc_column_inner][\/vc_row_inner][\/vc_column][\/vc_row][vc_row][vc_column][vc_empty_space height=\u00a0\u00bb100px\u00a0\u00bb][vc_column_text]<\/p>\n<h6><span style=\"color: #808080;\">10897 REV00 derni\u00e8re mise \u00e0 jour : 08\/2023<\/span><\/h6>\n<p>[\/vc_column_text][\/vc_column][\/vc_row]<\/p>\n<\/section>","protected":false},"excerpt":{"rendered":"<p>[vc_row][vc_column][vc_empty_space height=\u00a0\u00bb100px\u00a0\u00bb][vc_custom_heading text=\u00a0\u00bbIntra-maxillaire Protocole III hors Sinus Zygoma\u00a0\u00bb font_container=\u00a0\u00bbtag:p|font_size:35|text_align:center|color:%23c4d600&Prime; use_theme_fonts=\u00a0\u00bbyes\u00a0\u00bb][vc_btn title=\u00a0\u00bbT\u00e9l\u00e9charger le protocole\u00a0\u00bb style=\u00a0\u00bboutline-custom\u00a0\u00bb outline_custom_color=\u00a0\u00bb#c4d600&Prime; outline_custom_hover_background=\u00a0\u00bb#666666&Prime; outline_custom_hover_text=\u00a0\u00bb#ffffff\u00a0\u00bb size=\u00a0\u00bblg\u00a0\u00bb align=\u00a0\u00bbcenter\u00a0\u00bb link=\u00a0\u00bburl:https%3A%2F%2Fversahinternational.com%2Fwp-content%2Fuploads%2F2023%2F12%2FFrench-ZGO-Protocol-III-1.pdf|title:Protocole%20d&rsquo;expansion%20facilit%C3%A9e%20des%20cr%C3%AAtes\u00a0\u00bb][\/vc_column][\/vc_row][vc_row][vc_column<\/p>\n<p><a href=\"https:\/\/versahinternational.com\/fr\/polyvalence-clinique\/protocole-zgo-de-type-iii\/\" class=\"more-link\">Continue reading<span class=\"screen-reader-text\">Protocole ZYGO de type III<\/span><\/a><\/p>\n","protected":false},"author":2,"featured_media":0,"parent":11655,"menu_order":0,"comment_status":"closed","ping_status":"closed","template":"","meta":{"footnotes":""},"class_list":["post-9653","page","type-page","status-publish","hentry"],"jetpack_sharing_enabled":true,"_links":{"self":[{"href":"https:\/\/versahinternational.com\/fr\/wp-json\/wp\/v2\/pages\/9653","targetHints":{"allow":["GET"]}}],"collection":[{"href":"https:\/\/versahinternational.com\/fr\/wp-json\/wp\/v2\/pages"}],"about":[{"href":"https:\/\/versahinternational.com\/fr\/wp-json\/wp\/v2\/types\/page"}],"author":[{"embeddable":true,"href":"https:\/\/versahinternational.com\/fr\/wp-json\/wp\/v2\/users\/2"}],"replies":[{"embeddable":true,"href":"https:\/\/versahinternational.com\/fr\/wp-json\/wp\/v2\/comments?post=9653"}],"version-history":[{"count":11,"href":"https:\/\/versahinternational.com\/fr\/wp-json\/wp\/v2\/pages\/9653\/revisions"}],"predecessor-version":[{"id":17773,"href":"https:\/\/versahinternational.com\/fr\/wp-json\/wp\/v2\/pages\/9653\/revisions\/17773"}],"up":[{"embeddable":true,"href":"https:\/\/versahinternational.com\/fr\/wp-json\/wp\/v2\/pages\/11655"}],"wp:attachment":[{"href":"https:\/\/versahinternational.com\/fr\/wp-json\/wp\/v2\/media?parent=9653"}],"curies":[{"name":"wp","href":"https:\/\/api.w.org\/{rel}","templated":true}]}}