{"id":9991,"date":"2023-07-18T18:18:54","date_gmt":"2023-07-18T18:18:54","guid":{"rendered":"https:\/\/versahinternational.com\/protocole-de-la-technique-de-preservation-selective-de-la-dent-spot\/"},"modified":"2023-12-04T21:04:58","modified_gmt":"2023-12-04T21:04:58","slug":"protocole-de-la-technique-de-preservation-selective-de-la-dent-spot","status":"publish","type":"page","link":"https:\/\/versahinternational.com\/fr\/polyvalence-clinique\/protocole-de-la-technique-de-preservation-selective-de-la-dent-spot\/","title":{"rendered":"La technique de pr\u00e9servation s\u00e9lective de la dent (SPoT)"},"content":{"rendered":"<section class=\"wpb-content-wrapper\"><p>[vc_row][vc_column][vc_empty_space height=\u00a0\u00bb100px\u00a0\u00bb][vc_custom_heading text=\u00a0\u00bbLA TECHNIQUE DE PR\u00c9SERVATION S\u00c9LECTIVE DE LA DENT (SPOT)\u00a0\u00bb font_container=\u00a0\u00bbtag:p|font_size:35|text_align:center|color:%23c4d600&Prime; use_theme_fonts=\u00a0\u00bbyes\u00a0\u00bb][vc_btn title=\u00a0\u00bbT\u00e9l\u00e9charger le protocole\u00a0\u00bb style=\u00a0\u00bboutline-custom\u00a0\u00bb outline_custom_color=\u00a0\u00bb#c4d600&Prime; outline_custom_hover_background=\u00a0\u00bb#666666&Prime; outline_custom_hover_text=\u00a0\u00bb#ffffff\u00a0\u00bb size=\u00a0\u00bblg\u00a0\u00bb align=\u00a0\u00bbcenter\u00a0\u00bb link=\u00a0\u00bburl:https%3A%2F%2Fversahinternational.com%2Fwp-content%2Fuploads%2F2023%2F12%2FFrench_SPoT-Protocol_10995-REV00-1.pdf|title:Protocole%20d&rsquo;expansion%20facilit%C3%A9e%20des%20cr%C3%AAtes\u00a0\u00bb][\/vc_column][\/vc_row][vc_row][vc_column css=\u00a0\u00bb.vc_custom_1690388523737{background-color: #ffffff !important;}\u00a0\u00bb][vc_column_text]<\/p>\n<div data-widget-id=\"ecf34c35-04ee-4d55-80f5-2b30c50127ca\" data-placement-id=\"b03f79d3-5287-4d86-b88e-4d16ee2698ae\" data-placement-status=\"ACTIVE\">\n<div class=\"sd-simple-text-ecf34c35-04ee-4d55-80f5-2b30c50127ca \">\n<div id=\"sd-simple-text-editable-ecf34c35-04ee-4d55-80f5-2b30c50127ca\" data-edit-mode=\"\">\n<p><span style=\"color: #c4d600 !important;\"><strong>Vue d&rsquo;ensemble :<\/strong><br \/>\n<span style=\"color: #333333;\">Technique conseill\u00e9e dans les cas de dents ant\u00e9rieures et post\u00e9rieures non restaurables indiqu\u00e9es pour la proc\u00e9dure Socket Shield.<\/span><strong><br \/>\n<\/strong><\/span><\/p>\n<\/div>\n<\/div>\n<\/div>\n<p>[\/vc_column_text][vc_empty_space height=\u00a0\u00bb50px\u00a0\u00bb][vc_separator][vc_row_inner][vc_column_inner][vc_custom_heading text=\u00a0\u00bbDiagnostics :\u00a0\u00bb font_container=\u00a0\u00bbtag:p|font_size:20|text_align:left|color:%23c4d600&Prime; use_theme_fonts=\u00a0\u00bbyes\u00a0\u00bb][vc_column_text]<span style=\"color: #333333;\">\u00c9tablir les mesures et les rep\u00e8res des tissus durs et mous \u00e0 l\u2019aide de l\u2019imagerie clinique et radiographique.<\/span><br \/>\n<span style=\"color: #333333;\">1. Mesurer la distance entre la gencive et la cr\u00eate osseuse (profondeur des tissus mous par rapport \u00e0 la cr\u00eate).<\/span><br \/>\n<span style=\"color: #333333;\">2. Mesurer la longueur de la cr\u00eate osseuse \u00e0 l\u2019apex\/\u00e0 la racine dans l\u2019os (longueur du bouclier dans l\u2019os).<\/span><br \/>\n<span style=\"color: #333333;\">3. Mesurer la quantit\u00e9 d\u2019os disponible pour la pose d\u2019un implant (largeur et longueur de l\u2019os alv\u00e9olaire).<\/span>[\/vc_column_text][vc_single_image image=\u00a0\u00bb1384&Prime; img_size=\u00a0\u00bbfull\u00a0\u00bb alignment=\u00a0\u00bbcenter\u00a0\u00bb][\/vc_column_inner][\/vc_row_inner][vc_row_inner][vc_column_inner][vc_empty_space height=\u00a0\u00bb50px\u00a0\u00bb][\/vc_column_inner][\/vc_row_inner][vc_row_inner][vc_column_inner][vc_custom_heading text=\u00a0\u00bb\u00c9tape 1 : Forer le centre de la dent\u00a0\u00bb font_container=\u00a0\u00bbtag:p|font_size:20|text_align:left|color:%23c4d600&Prime; use_theme_fonts=\u00a0\u00bbyes\u00a0\u00bb][vc_column_text]<span style=\"color: #333333;\">1. Utiliser une fraise diamant\u00e9e ronde \u00e0 grande vitesse de 3 mm de diam\u00e8tre (ex Meisinger -801H 029) pour r\u00e9duire le centre de la racine de 2 \u00e0 3 mm sous la gencive, en laissant une enveloppe de la dent d\u2019environ 1 mm \u00e0 la p\u00e9riph\u00e9rie (comme dans A).<\/span>[\/vc_column_text][vc_custom_heading text=\u00a0\u00bb\u00c9tape 2 : \u00c9tablir une zone de restauration\u00a0\u00bb font_container=\u00a0\u00bbtag:p|font_size:20|text_align:left|color:%23c4d600&Prime; use_theme_fonts=\u00a0\u00bbyes\u00a0\u00bb][vc_column_text]<span style=\"color: #333333;\">1. Aplatir la dent au niveau de l\u2019os : utiliser une fraise diamant\u00e9e plate Meisinger 909 G \u00e0 grande vitesse en partant du centre et en allant vers l\u2019ext\u00e9rieur pour aplatir la racine jusqu\u2019au niveau de l\u2019os palatin (comme dans B et C). L\u2019objectif est de cr\u00e9er l\u2019espace du profil d\u2019\u00e9mergence de la zone de restauration (comme dans D).<\/span><br \/>\n<span style=\"color: #333333;\">2. Prendre une radiographie num\u00e9rique p\u00e9ri-apicale pour v\u00e9rifier la mesure de la cr\u00eate osseuse \u00e0 l\u2019apex (comme en E).<\/span>[\/vc_column_text][vc_single_image image=\u00a0\u00bb1386&Prime; img_size=\u00a0\u00bbfull\u00a0\u00bb alignment=\u00a0\u00bbcenter\u00a0\u00bb][\/vc_column_inner][\/vc_row_inner][vc_row_inner][vc_column_inner][vc_empty_space height=\u00a0\u00bb20px\u00a0\u00bb][vc_custom_heading text=\u00a0\u00bb\u00c9tape 3 : Trajectoires pilotes 1 ou 2 trous (en fonction de l&rsquo;anatomie de la racine)\u00a0\u00bb font_container=\u00a0\u00bbtag:p|font_size:20|text_align:left|color:%23c4d600&Prime; use_theme_fonts=\u00a0\u00bbyes\u00a0\u00bb][vc_column_text]<span style=\"color: #333333;\">1. Utiliser une fraise en carbure Meisinger HM162SX 014 \u00e0 grande vitesse (hauteur de coupe de 7 mm) en suivant la trajectoire du canal radiculaire et en allant 1 mm au-del\u00e0 de l\u2019apex de la racine pour s\u2019assurer que tout le contenu du canal est enlev\u00e9 (ce sera le pilote A). V\u00e9rifier l\u2019\u00e9limination de l\u2019obturation du canal radiculaire \u00e0 l\u2019aide d\u2019une radiographie.<\/span><br \/>\n<span style=\"color: #333333;\">2. Utiliser la m\u00eame fraise pour \u00e9tablir la trajectoire du site d\u2019implantation \u00e0 une profondeur similaire (ce sera le pilote B).<\/span><br \/>\n<span style=\"color: #333333;\">3. Les deux avant-trous doivent avoir un diam\u00e8tre d\u2019environ 1 \u00e0 2 mm.<\/span>[\/vc_column_text][vc_single_image image=\u00a0\u00bb1388&Prime; img_size=\u00a0\u00bbfull\u00a0\u00bb alignment=\u00a0\u00bbcenter\u00a0\u00bb][\/vc_column_inner][\/vc_row_inner][vc_row_inner][vc_column_inner][vc_empty_space height=\u00a0\u00bb20px\u00a0\u00bb][vc_custom_heading text=\u00a0\u00bb\u00c9tape 4A : \u00c9largir le trou d&rsquo;extraction de l&rsquo;apex\u00a0\u00bb font_container=\u00a0\u00bbtag:p|font_size:20|text_align:left|color:%23c4d600&Prime; use_theme_fonts=\u00a0\u00bbyes\u00a0\u00bb][vc_column_text]<\/p>\n<div data-widget-id=\"ecf34c35-04ee-4d55-80f5-2b30c50127ca\" data-placement-id=\"b03f79d3-5287-4d86-b88e-4d16ee2698ae\" data-placement-status=\"ACTIVE\">\n<div class=\"sd-simple-text-ecf34c35-04ee-4d55-80f5-2b30c50127ca \">\n<div id=\"sd-simple-text-editable-ecf34c35-04ee-4d55-80f5-2b30c50127ca\" data-edit-mode=\"\">\n<p><span style=\"color: #333333;\">Utiliser les fraises Densah\u00ae (2.0 et\/ou 2.3) \u00e0 1000-1300 tours\/minute dans le sens des aiguilles d\u2019une montre (CW) avec une irrigation ad\u00e9quate en suivant la trajectoire du canal radiculaire 2 mm au-del\u00e0 de l\u2019apex pour assurer l\u2019\u00e9limination compl\u00e8te de l\u2019apex. V\u00e9rifier avec la radiographie PA.<\/span><\/p>\n<\/div>\n<\/div>\n<\/div>\n<p>[\/vc_column_text][vc_custom_heading text=\u00a0\u00bb\u00c9tape 4B : \u00c9largir les trajectoires d&rsquo;ost\u00e9otomie de l&rsquo;implant\u00a0\u00bb font_container=\u00a0\u00bbtag:p|font_size:20|text_align:left|color:%23c4d600&Prime; use_theme_fonts=\u00a0\u00bbyes\u00a0\u00bb][vc_column_text]<span style=\"color: #333333;\">1. Utiliser les fraises Densah\u00ae (2.0 et 2.3) dans le sens des aiguilles d\u2019une montre, avec une irrigation ad\u00e9quate, dans le site de l\u2019implant jusqu\u2019\u00e0 une profondeur de 1 mm sup\u00e9rieure \u00e0 la longueur pr\u00e9vue de l\u2019implant. V\u00e9rifier avec la radiographie PA.<\/span><br \/>\n<span style=\"color: #333333;\">2. Utiliser la fraise Densah\u00ae (3.0) dans le sens inverse des aiguilles d\u2019une montre (CCW) avec une irrigation ad\u00e9quate pour l\u2019autogreffe pour le site de l\u2019implant.<\/span>[\/vc_column_text][vc_single_image image=\u00a0\u00bb1390&Prime; img_size=\u00a0\u00bbfull\u00a0\u00bb alignment=\u00a0\u00bbcenter\u00a0\u00bb][\/vc_column_inner][\/vc_row_inner][vc_row_inner][vc_column_inner][vc_empty_space height=\u00a0\u00bb20px\u00a0\u00bb][vc_custom_heading text=\u00a0\u00bb\u00c9tape 5A : Pr\u00e9paration du bouclier\u00a0\u00bb font_container=\u00a0\u00bbtag:p|font_size:20|text_align:left|color:%23c4d600&Prime; use_theme_fonts=\u00a0\u00bbyes\u00a0\u00bb][vc_column_text]<\/p>\n<div data-widget-id=\"ecf34c35-04ee-4d55-80f5-2b30c50127ca\" data-placement-id=\"b03f79d3-5287-4d86-b88e-4d16ee2698ae\" data-placement-status=\"ACTIVE\">\n<div class=\"sd-simple-text-ecf34c35-04ee-4d55-80f5-2b30c50127ca \">\n<div id=\"sd-simple-text-editable-ecf34c35-04ee-4d55-80f5-2b30c50127ca\" data-edit-mode=\"\">\n<p><span style=\"color: #333333;\">1. V\u00e9rifier la hauteur du bouclier : Utiliser une fraise \u00e0 modeler type Megagen\u2013 3DD50 pour r\u00e9duire la hauteur de l\u2019\u00e9cran \u00e0 3 mm en sous-gingival dans la partie buccale (comme dans A et B).<\/span><\/p>\n<\/div>\n<\/div>\n<\/div>\n<p>[\/vc_column_text][vc_custom_heading text=\u00a0\u00bb\u00c9tape 5B : S\u00e9paration m\u00e9siale-distale de la racine\u00a0\u00bb font_container=\u00a0\u00bbtag:p|font_size:20|text_align:left|color:%23c4d600&Prime; use_theme_fonts=\u00a0\u00bbyes\u00a0\u00bb][vc_column_text]<\/p>\n<div data-widget-id=\"ecf34c35-04ee-4d55-80f5-2b30c50127ca\" data-placement-id=\"b03f79d3-5287-4d86-b88e-4d16ee2698ae\" data-placement-status=\"ACTIVE\">\n<div class=\"sd-simple-text-ecf34c35-04ee-4d55-80f5-2b30c50127ca \">\n<div id=\"sd-simple-text-editable-ecf34c35-04ee-4d55-80f5-2b30c50127ca\" data-edit-mode=\"\">\n<p><span style=\"color: #333333;\">1. Utiliser une fraise conique diamant\u00e9e ou en carbure Meisinger HM34IL 012 (comme en C) pour sectionner le bouclier dans le sens m\u00e9sial-distal et retirer une partie de la racine palatine.<\/span><\/p>\n<\/div>\n<\/div>\n<\/div>\n<p>[\/vc_column_text][vc_single_image image=\u00a0\u00bb1392&Prime; img_size=\u00a0\u00bbfull\u00a0\u00bb alignment=\u00a0\u00bbcenter\u00a0\u00bb][\/vc_column_inner][\/vc_row_inner][vc_row_inner][vc_column_inner][vc_custom_heading text=\u00a0\u00bb\u00c9tape 5C : Pr\u00e9paration finale du bouclier\u00a0\u00bb font_container=\u00a0\u00bbtag:p|font_size:20|text_align:left|color:%23c4d600&Prime; use_theme_fonts=\u00a0\u00bbyes\u00a0\u00bb][vc_column_text]<span style=\"color: #333333;\">1. Utiliser un diamant rond \u00e0 grande vitesse ou une autre fraise \u00e0 modeler d\u00e9sign\u00e9e pour r\u00e9duire l\u2019\u00e9paisseur du bouclier coronaire \u00e0 1 ou 2 mm (comme dans A). type Megagen\u2013 2DD304<\/span><br \/>\n<span style=\"color: #333333;\">2. Cr\u00e9er une pr\u00e9paration de chanfrein de bouclier (comme dans B). Fraise Megagen \u2013 GD40G<\/span><br \/>\n<span style=\"color: #333333;\">3. En fonction du type et du diam\u00e8tre de l\u2019implant, poursuivre le d\u00e9veloppement du site implantaire avec la fraise Densah\u00ae conform\u00e9ment au protocole de forage du syst\u00e8me d\u2019implants de Versah. (comme dans C) (versah.com\/implant-system-drilling-protocols\/)<\/span>[\/vc_column_text][vc_single_image image=\u00a0\u00bb1394&Prime; img_size=\u00a0\u00bbfull\u00a0\u00bb alignment=\u00a0\u00bbcenter\u00a0\u00bb][\/vc_column_inner][\/vc_row_inner][vc_row_inner][vc_column_inner][vc_empty_space height=\u00a0\u00bb20px\u00a0\u00bb][vc_custom_heading text=\u00a0\u00bb\u00c9tape 6 :\u00a0\u00bb font_container=\u00a0\u00bbtag:p|font_size:20|text_align:left|color:%23c4d600&Prime; use_theme_fonts=\u00a0\u00bbyes\u00a0\u00bb][vc_column_text]<span style=\"color: #333333;\">1. Placer l\u2019implant dans le site oss\u00e9odensifi\u00e9 (comme en A).<\/span><br \/>\n<span style=\"color: #333333;\">2. Remplir l\u2019espace entre l\u2019implant et le bouclier S-Shape avec de l\u2019allogreffe, l\u2019os porcin ou de l\u2019os autog\u00e8ne (comme en B).<\/span>[\/vc_column_text][vc_single_image image=\u00a0\u00bb1396&Prime; img_size=\u00a0\u00bbfull\u00a0\u00bb alignment=\u00a0\u00bbcenter\u00a0\u00bb][\/vc_column_inner][\/vc_row_inner][vc_row_inner][vc_column_inner][vc_empty_space height=\u00a0\u00bb20px\u00a0\u00bb][vc_custom_heading text=\u00a0\u00bb\u00c9tape 7 :\u00a0\u00bb font_container=\u00a0\u00bbtag:p|font_size:20|text_align:left|color:%23c4d600&Prime; use_theme_fonts=\u00a0\u00bbyes\u00a0\u00bb][vc_column_text]<\/p>\n<div data-widget-id=\"ecf34c35-04ee-4d55-80f5-2b30c50127ca\" data-placement-id=\"b03f79d3-5287-4d86-b88e-4d16ee2698ae\" data-placement-status=\"ACTIVE\">\n<div class=\"sd-simple-text-ecf34c35-04ee-4d55-80f5-2b30c50127ca \">\n<div id=\"sd-simple-text-editable-ecf34c35-04ee-4d55-80f5-2b30c50127ca\" data-edit-mode=\"\">\n<p><span style=\"color: #222222 !important;\">Fabriquer une couronne provisoire viss\u00e9e imm\u00e9diate ou un pilier provisoire sur mesure.<\/span><\/p>\n<\/div>\n<\/div>\n<\/div>\n<p>[\/vc_column_text][vc_single_image image=\u00a0\u00bb1398&Prime; img_size=\u00a0\u00bbfull\u00a0\u00bb alignment=\u00a0\u00bbcenter\u00a0\u00bb][vc_column_text]<\/p>\n<p style=\"text-align: center;\">Avec l\u2019aimable autorisation de Charles Schwimer,, DMD<br \/>\n** Le jugement et l\u2019exp\u00e9rience du clinicien doivent \u00eatre appliqu\u00e9s en conjonction avec cette suggestion de protocole d\u2019utilisation de la pratique clinique.<\/p>\n<p>[\/vc_column_text][\/vc_column_inner][\/vc_row_inner][\/vc_column][\/vc_row][vc_row][vc_column][vc_empty_space height=\u00a0\u00bb100px\u00a0\u00bb][vc_column_text]<\/p>\n<h6><span style=\"color: #808080;\"> 10901 REV00 derni\u00e8re mise \u00e0 jour : 08\/2023<\/span><\/h6>\n<p>[\/vc_column_text][\/vc_column][\/vc_row]<\/p>\n<\/section>","protected":false},"excerpt":{"rendered":"<p>[vc_row][vc_column][vc_empty_space height=\u00a0\u00bb100px\u00a0\u00bb][vc_custom_heading text=\u00a0\u00bbLA TECHNIQUE DE PR\u00c9SERVATION S\u00c9LECTIVE DE LA DENT (SPOT)\u00a0\u00bb font_container=\u00a0\u00bbtag:p|font_size:35|text_align:center|color:%23c4d600&Prime; use_theme_fonts=\u00a0\u00bbyes\u00a0\u00bb][vc_btn title=\u00a0\u00bbT\u00e9l\u00e9charger le protocole\u00a0\u00bb style=\u00a0\u00bboutline-custom\u00a0\u00bb outline_custom_color=\u00a0\u00bb#c4d600&Prime; outline_custom_hover_background=\u00a0\u00bb#666666&Prime; outline_custom_hover_text=\u00a0\u00bb#ffffff\u00a0\u00bb<\/p>\n<p><a href=\"https:\/\/versahinternational.com\/fr\/polyvalence-clinique\/protocole-de-la-technique-de-preservation-selective-de-la-dent-spot\/\" class=\"more-link\">Continue reading<span class=\"screen-reader-text\">La technique de pr\u00e9servation s\u00e9lective de la dent (SPoT)<\/span><\/a><\/p>\n","protected":false},"author":2,"featured_media":0,"parent":11655,"menu_order":0,"comment_status":"closed","ping_status":"closed","template":"","meta":{"footnotes":""},"class_list":["post-9991","page","type-page","status-publish","hentry"],"jetpack_sharing_enabled":true,"_links":{"self":[{"href":"https:\/\/versahinternational.com\/fr\/wp-json\/wp\/v2\/pages\/9991","targetHints":{"allow":["GET"]}}],"collection":[{"href":"https:\/\/versahinternational.com\/fr\/wp-json\/wp\/v2\/pages"}],"about":[{"href":"https:\/\/versahinternational.com\/fr\/wp-json\/wp\/v2\/types\/page"}],"author":[{"embeddable":true,"href":"https:\/\/versahinternational.com\/fr\/wp-json\/wp\/v2\/users\/2"}],"replies":[{"embeddable":true,"href":"https:\/\/versahinternational.com\/fr\/wp-json\/wp\/v2\/comments?post=9991"}],"version-history":[{"count":10,"href":"https:\/\/versahinternational.com\/fr\/wp-json\/wp\/v2\/pages\/9991\/revisions"}],"predecessor-version":[{"id":17757,"href":"https:\/\/versahinternational.com\/fr\/wp-json\/wp\/v2\/pages\/9991\/revisions\/17757"}],"up":[{"embeddable":true,"href":"https:\/\/versahinternational.com\/fr\/wp-json\/wp\/v2\/pages\/11655"}],"wp:attachment":[{"href":"https:\/\/versahinternational.com\/fr\/wp-json\/wp\/v2\/media?parent=9991"}],"curies":[{"name":"wp","href":"https:\/\/api.w.org\/{rel}","templated":true}]}}