{"id":10570,"date":"2023-07-18T18:14:18","date_gmt":"2023-07-18T18:14:18","guid":{"rendered":"https:\/\/versahinternational.com\/inserimento-immediato-di-un-impianto\/"},"modified":"2023-12-04T21:15:43","modified_gmt":"2023-12-04T21:15:43","slug":"inserimento-immediato-di-un-impianto","status":"publish","type":"page","link":"https:\/\/versahinternational.com\/it\/versatilita-clinica\/inserimento-immediato-di-un-impianto\/","title":{"rendered":"Inserimento immediato di un impianto"},"content":{"rendered":"<section class=\"wpb-content-wrapper\"><p>[vc_row][vc_column][vc_empty_space height=&#8221;100px&#8221;][vc_custom_heading text=&#8221;PROTOCOLO INSERIMENTO IMMEDIATO DELL&#8217;IMPIANTO&#8221; font_container=&#8221;tag:p|font_size:35|text_align:center|color:%23c4d600&#8243; use_theme_fonts=&#8221;yes&#8221;][vc_btn title=&#8221;Scarica il protocollo&#8221; style=&#8221;outline-custom&#8221; outline_custom_color=&#8221;#c4d600&#8243; outline_custom_hover_background=&#8221;#666666&#8243; outline_custom_hover_text=&#8221;#ffffff&#8221; size=&#8221;lg&#8221; align=&#8221;center&#8221; link=&#8221;url:https%3A%2F%2Fversahinternational.com%2Fwp-content%2Fuploads%2F2023%2F12%2FItalian-Immediate-Implant-Placement-11018-REV00-1.pdf|title:Protocollo%20di%20espansione%20di%20cresta%20facilitata&#8221;][\/vc_column][\/vc_row][vc_row][vc_column css=&#8221;.vc_custom_1690309445942{background-color: #ffffff !important;}&#8221;][vc_empty_space height=&#8221;50px&#8221;][vc_separator][vc_column_text]<\/p>\n<div data-widget-id=\"ecf34c35-04ee-4d55-80f5-2b30c50127ca\" data-placement-id=\"b03f79d3-5287-4d86-b88e-4d16ee2698ae\" data-placement-status=\"ACTIVE\">\n<div class=\"sd-simple-text-ecf34c35-04ee-4d55-80f5-2b30c50127ca \">\n<div id=\"sd-simple-text-editable-ecf34c35-04ee-4d55-80f5-2b30c50127ca\" data-edit-mode=\"\">\n<p><span style=\"color: #222222 !important;\"><br \/>\n\u2022 ESTRAZIONE ATRAUMATICA DEL DENTE SENZA O CON UN MINIMO RIFLESSO DEL FLAP<br \/>\n\u2022 SCEGLIERE IL DIAMETRO DELL&#8217;IMPIANTO IN MODO CHE SIA LEGGERMENTE PI\u00d9 LARGO DELL&#8217;APICE DEL DENTE.<br \/>\n\u2022 UTILIZZARE LE FRESE DENSAH\u00ae CON INCREMENTI COMPLETI E IN MODALIT\u00c0 DI OSSEODENSIFICAZIONE CCW.<br \/>\n\u2022 IL DIAMETRO APICALE FINALE DELLA FRESA DENSAH\u00ae DEVE ESSERE \u2265 AL DIAMETRO APICALE DELL&#8217;APICE DEL DENTE.<br \/>\n\u2022 UTILIZZARE UN ALLOTRAPIANTO COMPOSITO BEN IDRATATO DI 70\/30 CANCRENOSO\/CORTICALE PER RIEMPIRE L&#8217;ALVEOLO.<br \/>\n\u2022 UTILIZZARE UNA FRESA DENSAH\u00ae PI\u00d9 PICCOLA DELL&#8217;ULTIMA FRESA UTILIZZATA PER DENSIFICARE L&#8217;ALLOTRAPIANTO.<br \/>\n\u2022 LA STABILIT\u00c0 DELL&#8217;IMPIANTO DEVE ESSERE GARANTITA PRINCIPALMENTE DALLA PORZIONE APICALE DELL&#8217;ALVEOLO.<\/span><\/p>\n<\/div>\n<\/div>\n<\/div>\n<p>[\/vc_column_text][vc_separator][vc_empty_space height=&#8221;50px&#8221;][vc_row_inner][vc_column_inner width=&#8221;2\/3&#8243;][vc_custom_heading text=&#8221;Fase 1:&#8221; font_container=&#8221;tag:p|font_size:20|text_align:left|color:%23c4d600&#8243; use_theme_fonts=&#8221;yes&#8221;][vc_column_text]<\/p>\n<div data-widget-id=\"ecf34c35-04ee-4d55-80f5-2b30c50127ca\" data-placement-id=\"b03f79d3-5287-4d86-b88e-4d16ee2698ae\" data-placement-status=\"ACTIVE\">\n<div class=\"sd-simple-text-ecf34c35-04ee-4d55-80f5-2b30c50127ca \">\n<div id=\"sd-simple-text-editable-ecf34c35-04ee-4d55-80f5-2b30c50127ca\" data-edit-mode=\"\">\n<p><span style=\"color: #222222 !important;\"><strong>Dopo l&#8217;estrazione atraumatica del dente senza o con un minimo riflesso del lembo e degranulazione dell&#8217;alveolo,<\/strong> utilizzare la fresa pilota in modalit\u00e0 oraria per ottenere la traiettoria dell&#8217;impianto<\/span><\/p>\n<\/div>\n<\/div>\n<\/div>\n<p>[\/vc_column_text][\/vc_column_inner][vc_column_inner width=&#8221;1\/3&#8243;][vc_single_image image=&#8221;1177&#8243; img_size=&#8221;full&#8221;][\/vc_column_inner][\/vc_row_inner][vc_row_inner][vc_column_inner][vc_empty_space height=&#8221;50px&#8221;][\/vc_column_inner][\/vc_row_inner][vc_row_inner][vc_column_inner width=&#8221;2\/3&#8243;][vc_custom_heading text=&#8221;Fase 2a:&#8221; font_container=&#8221;tag:p|font_size:20|text_align:left|color:%23c4d600&#8243; use_theme_fonts=&#8221;yes&#8221;][vc_column_text]<\/p>\n<div data-widget-id=\"ecf34c35-04ee-4d55-80f5-2b30c50127ca\" data-placement-id=\"b03f79d3-5287-4d86-b88e-4d16ee2698ae\" data-placement-status=\"ACTIVE\">\n<div class=\"sd-simple-text-ecf34c35-04ee-4d55-80f5-2b30c50127ca \">\n<div id=\"sd-simple-text-editable-ecf34c35-04ee-4d55-80f5-2b30c50127ca\" data-edit-mode=\"\">\n<p><span style=\"color: #222222 !important;\">Scegliere il diametro dell&#8217;impianto in base al diametro apicale del dente o del suo alveolo. L&#8217;impianto deve essere leggermente pi\u00f9 largo dell&#8217;apice del dente. <strong>In questo modo la stabilit\u00e0 dell&#8217;impianto sar\u00e0 garantita principalmente dalla porzione apicale dell&#8217;alveolo.<\/strong><\/span><\/p>\n<\/div>\n<\/div>\n<\/div>\n<p>[\/vc_column_text][\/vc_column_inner][vc_column_inner width=&#8221;1\/3&#8243;][vc_single_image image=&#8221;1179&#8243; img_size=&#8221;full&#8221;][\/vc_column_inner][\/vc_row_inner][vc_row_inner][vc_column_inner][vc_empty_space height=&#8221;50px&#8221;][\/vc_column_inner][\/vc_row_inner][vc_row_inner][vc_column_inner width=&#8221;2\/3&#8243;][vc_custom_heading text=&#8221;Fase 2b:&#8221; font_container=&#8221;tag:p|font_size:20|text_align:left|color:%23c4d600&#8243; use_theme_fonts=&#8221;yes&#8221;][vc_column_text]<\/p>\n<div data-widget-id=\"ecf34c35-04ee-4d55-80f5-2b30c50127ca\" data-placement-id=\"b03f79d3-5287-4d86-b88e-4d16ee2698ae\" data-placement-status=\"ACTIVE\">\n<div class=\"sd-simple-text-ecf34c35-04ee-4d55-80f5-2b30c50127ca \">\n<div id=\"sd-simple-text-editable-ecf34c35-04ee-4d55-80f5-2b30c50127ca\" data-edit-mode=\"\">\n<p><span style=\"color: #222222 !important;\">Scegliere una fresa Densah\u00ae come ultima preparazione in base al suo diametro rispetto al dente o al diametro apicale dell&#8217;alveolo. <strong>La fresa Densah\u00ae finale deve essere \u2265 al diametro apicale del dente o del suo alveolo.<\/strong><\/span><\/p>\n<\/div>\n<\/div>\n<\/div>\n<p>[\/vc_column_text][\/vc_column_inner][vc_column_inner width=&#8221;1\/3&#8243;][vc_single_image image=&#8221;1181&#8243; img_size=&#8221;full&#8221;][\/vc_column_inner][\/vc_row_inner][vc_row_inner][vc_column_inner][vc_empty_space height=&#8221;50px&#8221;][\/vc_column_inner][\/vc_row_inner][vc_row_inner][vc_column_inner width=&#8221;2\/3&#8243;][vc_custom_heading text=&#8221;Fase 3:&#8221; font_container=&#8221;tag:p|font_size:20|text_align:left|color:%23c4d600&#8243; use_theme_fonts=&#8221;yes&#8221;][vc_column_text]<\/p>\n<div data-widget-id=\"ecf34c35-04ee-4d55-80f5-2b30c50127ca\" data-placement-id=\"b03f79d3-5287-4d86-b88e-4d16ee2698ae\" data-placement-status=\"ACTIVE\">\n<div class=\"sd-simple-text-ecf34c35-04ee-4d55-80f5-2b30c50127ca \">\n<div id=\"sd-simple-text-editable-ecf34c35-04ee-4d55-80f5-2b30c50127ca\" data-edit-mode=\"\">\n<p><span style=\"color: #222222 !important;\"><strong>Utilizzare le frese Densah\u00ae a incrementi completi,<\/strong> a seconda del tipo e del diametro dell&#8217;impianto. Dopo l&#8217;osteotomia pilota, portare il motore chirurgico in modalit\u00e0 di densificazione (in senso antiorario, 800-1500 giri al minuto con abbondante irrigazione). Per preparare il sito, iniziare con la fresa Densah\u00ae pi\u00f9 stretta, in modalit\u00e0 OD, fino a raggiungere la profondit\u00e0 desiderata (iniziare introducendo la fresa nell&#8217;osteotomia). Quando si avverte il feedback tattile della fresa che spinge fuori dall&#8217;osteotomia, sollevare e riapplicare la pressione con un movimento di pompaggio fino a raggiungere la profondit\u00e0 desiderata. Utilizzare le seguenti frese Densah\u00ae pi\u00f9 larghe fino a raggiungere la fresa designata al punto 2B. Man mano che il diametro della fresa aumenta, l&#8217;osso apicale si espande lentamente per accogliere il diametro dell&#8217;impianto designato.<\/span><\/p>\n<\/div>\n<\/div>\n<\/div>\n<p>[\/vc_column_text][\/vc_column_inner][vc_column_inner width=&#8221;1\/3&#8243;][vc_single_image image=&#8221;1183&#8243; img_size=&#8221;full&#8221;][\/vc_column_inner][\/vc_row_inner][vc_row_inner][vc_column_inner][vc_empty_space height=&#8221;50px&#8221;][\/vc_column_inner][\/vc_row_inner][vc_row_inner][vc_column_inner width=&#8221;2\/3&#8243;][vc_custom_heading text=&#8221;Fase 4:&#8221; font_container=&#8221;tag:p|font_size:20|text_align:left|color:%23c4d600&#8243; use_theme_fonts=&#8221;yes&#8221;][vc_column_text]<\/p>\n<div data-widget-id=\"ecf34c35-04ee-4d55-80f5-2b30c50127ca\" data-placement-id=\"b03f79d3-5287-4d86-b88e-4d16ee2698ae\" data-placement-status=\"ACTIVE\">\n<div class=\"sd-simple-text-ecf34c35-04ee-4d55-80f5-2b30c50127ca \">\n<div id=\"sd-simple-text-editable-ecf34c35-04ee-4d55-80f5-2b30c50127ca\" data-edit-mode=\"\">\n<p><span style=\"color: #222222 !important;\"><strong>Riempire leggermente l&#8217;osteotomia con un allotrapianto ben idratato nell&#8217;alveolo.<\/strong> L&#8217;allotrapianto deve essere preferibilmente una combinazione di 70\/30 cancerizzato\/corticale.<\/span><\/p>\n<\/div>\n<\/div>\n<\/div>\n<p>[\/vc_column_text][\/vc_column_inner][vc_column_inner width=&#8221;1\/3&#8243;][vc_single_image image=&#8221;1185&#8243; img_size=&#8221;full&#8221;][\/vc_column_inner][\/vc_row_inner][vc_row_inner][vc_column_inner][vc_empty_space height=&#8221;50px&#8221;][\/vc_column_inner][\/vc_row_inner][vc_row_inner][vc_column_inner width=&#8221;2\/3&#8243;][vc_custom_heading text=&#8221;Fase 5:&#8221; font_container=&#8221;tag:p|font_size:20|text_align:left|color:%23c4d600&#8243; use_theme_fonts=&#8221;yes&#8221;][vc_column_text]<\/p>\n<div data-widget-id=\"ecf34c35-04ee-4d55-80f5-2b30c50127ca\" data-placement-id=\"b03f79d3-5287-4d86-b88e-4d16ee2698ae\" data-placement-status=\"ACTIVE\">\n<div class=\"sd-simple-text-ecf34c35-04ee-4d55-80f5-2b30c50127ca \">\n<div id=\"sd-simple-text-editable-ecf34c35-04ee-4d55-80f5-2b30c50127ca\" data-edit-mode=\"\">\n<p><span style=\"color: #222222 !important;\">L&#8217;allotrapianto densificato pu\u00f2 migliorare la stabilit\u00e0 primaria dell&#8217;impianto nell&#8217;alveolo estrattivo. <strong>Utilizzare la fresa Densah\u00ae pi\u00f9 piccola dell&#8217;ultima fresa utilizzata nella preparazione dell&#8217;alveolo<\/strong>. Usare la fresa in direzione opposta, a bassa velocit\u00e0 <strong>(150-200 giri\/min.)<\/strong> e senza irrigazione per densificare l&#8217;allotrapianto lateralmente alle pareti dell&#8217;alveolo. Seguire la stessa traiettoria di preparazione dell&#8217;impianto.<\/span><\/p>\n<\/div>\n<\/div>\n<\/div>\n<p>[\/vc_column_text][\/vc_column_inner][vc_column_inner width=&#8221;1\/3&#8243;][vc_single_image image=&#8221;1187&#8243; img_size=&#8221;full&#8221;][\/vc_column_inner][\/vc_row_inner][vc_row_inner][vc_column_inner][vc_empty_space height=&#8221;50px&#8221;][\/vc_column_inner][\/vc_row_inner][vc_row_inner][vc_column_inner width=&#8221;2\/3&#8243;][vc_custom_heading text=&#8221;Fase 6:&#8221; font_container=&#8221;tag:p|font_size:20|text_align:left|color:%23c4d600&#8243; use_theme_fonts=&#8221;yes&#8221;][vc_column_text]<\/p>\n<div data-widget-id=\"ecf34c35-04ee-4d55-80f5-2b30c50127ca\" data-placement-id=\"b03f79d3-5287-4d86-b88e-4d16ee2698ae\" data-placement-status=\"ACTIVE\">\n<div class=\"sd-simple-text-ecf34c35-04ee-4d55-80f5-2b30c50127ca \">\n<div id=\"sd-simple-text-editable-ecf34c35-04ee-4d55-80f5-2b30c50127ca\" data-edit-mode=\"\">\n<p><span style=\"color: #222222 !important;\"><strong>Posizionare l&#8217;impianto.<\/strong> Utilizzando il motore chirurgico per porre l&#8217;impianto in posizione, l&#8217;unit\u00e0 pu\u00f2 arrestarsi quando raggiunge la coppia massima di posizionamento. Terminare il posizionamento dell&#8217;impianto in profondit\u00e0 manualmente con una chiave dinamometrica.<\/span><\/p>\n<\/div>\n<\/div>\n<\/div>\n<p>[\/vc_column_text][\/vc_column_inner][vc_column_inner width=&#8221;1\/3&#8243;][vc_single_image image=&#8221;1189&#8243; img_size=&#8221;full&#8221;][\/vc_column_inner][\/vc_row_inner][vc_row_inner][vc_column_inner][vc_empty_space height=&#8221;50px&#8221;][vc_single_image image=&#8221;1191&#8243; img_size=&#8221;full&#8221; alignment=&#8221;center&#8221;][vc_column_text]<\/p>\n<div data-widget-id=\"ecf34c35-04ee-4d55-80f5-2b30c50127ca\" data-placement-id=\"b03f79d3-5287-4d86-b88e-4d16ee2698ae\" data-placement-status=\"ACTIVE\">\n<div class=\"sd-simple-text-ecf34c35-04ee-4d55-80f5-2b30c50127ca \">\n<div id=\"sd-simple-text-editable-ecf34c35-04ee-4d55-80f5-2b30c50127ca\" data-edit-mode=\"\">\n<p style=\"text-align: center;\"><span style=\"color: #222222 !important;\">* Dati in archivio, visitare versahinternational.com\/od-published-papers\/ per gli studi sull&#8217;inserimento immediato di impianti.<br \/>\n<strong>** Il giudizio e l&#8217;esperienza del medico devono essere applicati insieme a questo protocollo di uso nella pratica clinica.<\/strong><\/span><\/p>\n<\/div>\n<\/div>\n<\/div>\n<p>[\/vc_column_text][\/vc_column_inner][\/vc_row_inner][\/vc_column][\/vc_row][vc_row][vc_column][vc_empty_space height=&#8221;100px&#8221;][vc_column_text]<\/p>\n<h6><span style=\"color: #808080;\">10891 REV00 ultimo aggiornamento: 08\/2023<\/span><\/h6>\n<p>[\/vc_column_text][\/vc_column][\/vc_row]<\/p>\n<\/section>","protected":false},"excerpt":{"rendered":"<p>[vc_row][vc_column][vc_empty_space height=&#8221;100px&#8221;][vc_custom_heading text=&#8221;PROTOCOLO INSERIMENTO IMMEDIATO DELL&#8217;IMPIANTO&#8221; font_container=&#8221;tag:p|font_size:35|text_align:center|color:%23c4d600&#8243; use_theme_fonts=&#8221;yes&#8221;][vc_btn title=&#8221;Scarica il protocollo&#8221; style=&#8221;outline-custom&#8221; outline_custom_color=&#8221;#c4d600&#8243; outline_custom_hover_background=&#8221;#666666&#8243; outline_custom_hover_text=&#8221;#ffffff&#8221; size=&#8221;lg&#8221; align=&#8221;center&#8221; link=&#8221;url:https%3A%2F%2Fversahinternational.com%2Fwp-content%2Fuploads%2F2023%2F12%2FItalian-Immediate-Implant-Placement-11018-REV00-1.pdf|title:Protocollo%20di%20espansione%20di%20cresta%20facilitata&#8221;][\/vc_column][\/vc_row][vc_row][vc_column css=&#8221;.vc_custom_1690309445942{background-color: #ffffff<\/p>\n<p><a href=\"https:\/\/versahinternational.com\/it\/versatilita-clinica\/inserimento-immediato-di-un-impianto\/\" class=\"more-link\">Continue reading<span class=\"screen-reader-text\">Inserimento immediato di un impianto<\/span><\/a><\/p>\n","protected":false},"author":2,"featured_media":0,"parent":11627,"menu_order":0,"comment_status":"closed","ping_status":"closed","template":"","meta":{"footnotes":""},"class_list":["post-10570","page","type-page","status-publish","hentry"],"jetpack_sharing_enabled":true,"_links":{"self":[{"href":"https:\/\/versahinternational.com\/it\/wp-json\/wp\/v2\/pages\/10570","targetHints":{"allow":["GET"]}}],"collection":[{"href":"https:\/\/versahinternational.com\/it\/wp-json\/wp\/v2\/pages"}],"about":[{"href":"https:\/\/versahinternational.com\/it\/wp-json\/wp\/v2\/types\/page"}],"author":[{"embeddable":true,"href":"https:\/\/versahinternational.com\/it\/wp-json\/wp\/v2\/users\/2"}],"replies":[{"embeddable":true,"href":"https:\/\/versahinternational.com\/it\/wp-json\/wp\/v2\/comments?post=10570"}],"version-history":[{"count":15,"href":"https:\/\/versahinternational.com\/it\/wp-json\/wp\/v2\/pages\/10570\/revisions"}],"predecessor-version":[{"id":17779,"href":"https:\/\/versahinternational.com\/it\/wp-json\/wp\/v2\/pages\/10570\/revisions\/17779"}],"up":[{"embeddable":true,"href":"https:\/\/versahinternational.com\/it\/wp-json\/wp\/v2\/pages\/11627"}],"wp:attachment":[{"href":"https:\/\/versahinternational.com\/it\/wp-json\/wp\/v2\/media?parent=10570"}],"curies":[{"name":"wp","href":"https:\/\/api.w.org\/{rel}","templated":true}]}}