{"id":11228,"date":"2023-07-18T18:13:53","date_gmt":"2023-07-18T18:13:53","guid":{"rendered":"https:\/\/versahinternational.com\/protocollo-crestal-sinus-lift-ii\/"},"modified":"2023-12-04T21:15:16","modified_gmt":"2023-12-04T21:15:16","slug":"protocollo-crestal-sinus-lift-ii","status":"publish","type":"page","link":"https:\/\/versahinternational.com\/it\/versatilita-clinica\/protocollo-crestal-sinus-lift-ii\/","title":{"rendered":"Protocollo Crestal Sinus Lift II"},"content":{"rendered":"<section class=\"wpb-content-wrapper\"><p>[vc_row][vc_column][vc_empty_space height=&#8221;100px&#8221;][vc_custom_heading text=&#8221;II PROTOCOLLO RIALZO DEL SENO MASCELLARE (CRESTALE)&#8221; font_container=&#8221;tag:p|font_size:35|text_align:center|color:%23c4d600&#8243; use_theme_fonts=&#8221;yes&#8221;][vc_btn title=&#8221;Scarica il protocollo&#8221; style=&#8221;outline-custom&#8221; outline_custom_color=&#8221;#c4d600&#8243; outline_custom_hover_background=&#8221;#666666&#8243; outline_custom_hover_text=&#8221;#ffffff&#8221; size=&#8221;lg&#8221; align=&#8221;center&#8221; link=&#8221;url:https%3A%2F%2Fversahinternational.com%2Fwp-content%2Fuploads%2F2023%2F12%2FItalian-Protocol-Sinus-Lift-II-11017-REV00-1.pdf|title:Protocollo%20di%20espansione%20di%20cresta%20facilitata&#8221;][\/vc_column][\/vc_row][vc_row][vc_column css=&#8221;.vc_custom_1690308635247{background-color: #ffffff !important;}&#8221;][vc_column_text]<\/p>\n<div data-widget-id=\"ecf34c35-04ee-4d55-80f5-2b30c50127ca\" data-placement-id=\"b03f79d3-5287-4d86-b88e-4d16ee2698ae\" data-placement-status=\"ACTIVE\">\n<div class=\"sd-simple-text-ecf34c35-04ee-4d55-80f5-2b30c50127ca \">\n<div id=\"sd-simple-text-editable-ecf34c35-04ee-4d55-80f5-2b30c50127ca\" data-edit-mode=\"\">\n<p><span style=\"color: #c4d600 !important;\"><strong>Panoramica: <\/strong><\/span><\/p>\n<\/div>\n<\/div>\n<\/div>\n<div data-widget-id=\"ebb0fe0c-d3bb-4469-819e-748e87ebe8d3\" data-placement-id=\"eb822ecd-15a8-4eb2-92d0-a209d804bd0a\" data-placement-status=\"ACTIVE\">\n<div class=\"sd-simple-text-ebb0fe0c-d3bb-4469-819e-748e87ebe8d3 \">\n<div id=\"sd-simple-text-editable-ebb0fe0c-d3bb-4469-819e-748e87ebe8d3\" data-edit-mode=\"\">\n<p><span style=\"color: #222222 !important;\">Altezza minima dell&#8217;osso residuo 4-5 mm. Larghezza alveolare minima necessaria = 5 mm<br \/>\nUtilizzare le frese Densah\u00ae con incrementi di un passo intero. Ad esempio: 2,0 mm, 3,0 mm, 4,0 mm, 5,0 mm.<\/span><\/p>\n<\/div>\n<\/div>\n<\/div>\n<p>[\/vc_column_text][vc_empty_space height=&#8221;50px&#8221;][vc_separator][vc_column_text]<\/p>\n<div data-widget-id=\"ecf34c35-04ee-4d55-80f5-2b30c50127ca\" data-placement-id=\"b03f79d3-5287-4d86-b88e-4d16ee2698ae\" data-placement-status=\"ACTIVE\">\n<div class=\"sd-simple-text-ecf34c35-04ee-4d55-80f5-2b30c50127ca \">\n<div id=\"sd-simple-text-editable-ecf34c35-04ee-4d55-80f5-2b30c50127ca\" data-edit-mode=\"\"><\/div>\n<\/div>\n<\/div>\n<div data-widget-id=\"ebb0fe0c-d3bb-4469-819e-748e87ebe8d3\" data-placement-id=\"eb822ecd-15a8-4eb2-92d0-a209d804bd0a\" data-placement-status=\"ACTIVE\">\n<div class=\"sd-simple-text-ebb0fe0c-d3bb-4469-819e-748e87ebe8d3 \">\n<div id=\"sd-simple-text-editable-ebb0fe0c-d3bb-4469-819e-748e87ebe8d3\" data-edit-mode=\"\">\n<p><span style=\"color: #222222 !important;\">\u2022 MISURARE L&#8217;ALTEZZA DELL&#8217;OSSO RISPETTO AL PAVIMENTO DEL SENO MASCELLARE<br \/>\n\u2022 EVITARE DI UTILIZZARE UNA FRESA PILOTA<br \/>\n\u2022 FRESA DENSAH\u00ae ( (2.0) IN MODALIT\u00c0 OD FINO AL PAVIMENTO DEL SENO<br \/>\n\u2022 ENTRARE CON LA FRESA DENSAH\u00ae (3.0) IN MODALIT\u00c0 OD FINO A 3 MM OLTRE IL PAVIMENTO DEL SENO MASCELLARE<br \/>\n\u2022 FRESA DENSAH\u00ae (4.0), (5.0) MODALIT\u00c0 OD FINO A 3 MM OLTRE IL PAVIMENTO DEL SENO PER ESPANDERE ULTERIORMENTE L&#8217;OSTEOTOMIA<br \/>\n\u2022 UTILIZZARE LE FRESE DENSAH\u00ae CON INCREMENTI COMPLETI, AD ESEMPIO: 2,0 MM, 3,0 MM, 4,0 MM, 5,0 MM.<br \/>\n\u2022 UTILIZZARE L&#8217;ULTIMA FRESA DENSAH\u00ae A BASSA VELOCIT\u00c0 PER SPINGERE DELICATAMENTE L&#8217;ALLOTRAPIANTO BEN IDRATATO<\/span><\/p>\n<\/div>\n<\/div>\n<\/div>\n<p>[\/vc_column_text][vc_separator][vc_row_inner][vc_column_inner][vc_empty_space height=&#8221;70px&#8221;][\/vc_column_inner][\/vc_row_inner][vc_row_inner][vc_column_inner width=&#8221;2\/3&#8243;][vc_custom_heading text=&#8221;Fase 1:&#8221; font_container=&#8221;tag:p|font_size:20|text_align:left|color:%23c4d600&#8243; use_theme_fonts=&#8221;yes&#8221;][vc_column_text]<\/p>\n<div data-widget-id=\"ecf34c35-04ee-4d55-80f5-2b30c50127ca\" data-placement-id=\"b03f79d3-5287-4d86-b88e-4d16ee2698ae\" data-placement-status=\"ACTIVE\">\n<div class=\"sd-simple-text-ecf34c35-04ee-4d55-80f5-2b30c50127ca \">\n<div id=\"sd-simple-text-editable-ecf34c35-04ee-4d55-80f5-2b30c50127ca\" data-edit-mode=\"\">\n<p><span style=\"color: #222222 !important;\"><strong>Misurare l&#8217;altezza dell&#8217;osso fino al pavimento del seno mascellare.<\/strong> Eseguire un lembo dei tessuti molli con gli strumenti e la tecnica normalmente utilizzati.<\/span><\/p>\n<\/div>\n<\/div>\n<\/div>\n<p>[\/vc_column_text][\/vc_column_inner][vc_column_inner width=&#8221;1\/3&#8243;][vc_single_image image=&#8221;1159&#8243; img_size=&#8221;full&#8221;][\/vc_column_inner][\/vc_row_inner][vc_row_inner][vc_column_inner][vc_empty_space height=&#8221;50px&#8221;][\/vc_column_inner][\/vc_row_inner][vc_row_inner][vc_column_inner width=&#8221;2\/3&#8243;][vc_custom_heading text=&#8221;Fase 2:&#8221; font_container=&#8221;tag:p|font_size:20|text_align:left|color:%23c4d600&#8243; use_theme_fonts=&#8221;yes&#8221;][vc_column_text]<\/p>\n<div data-widget-id=\"ecf34c35-04ee-4d55-80f5-2b30c50127ca\" data-placement-id=\"b03f79d3-5287-4d86-b88e-4d16ee2698ae\" data-placement-status=\"ACTIVE\">\n<div class=\"sd-simple-text-ecf34c35-04ee-4d55-80f5-2b30c50127ca \">\n<div id=\"sd-simple-text-editable-ecf34c35-04ee-4d55-80f5-2b30c50127ca\" data-edit-mode=\"\">\n<p><span style=\"color: #333333;\"><strong>Fresa Densah\u00ae (2.0) in modalit\u00e0 OD al pavimento del seno. Evitare di utilizzare una punta pilota.<\/strong> A seconda del tipo di impianto e del diametro selezionato per il sito, iniziare con la fresa Densah\u00ae pi\u00f9 stretta (2.0). Azionare il motore chirurgico in senso inverso (velocit\u00e0 della punta in senso antiorario 800-1500 giri\/min \u2013 modalit\u00e0 di densificazione con irrigazione abbondante). Iniziare a far scorrere la fresa nell\u2019osteotomia fino a raggiungere il pavimento del seno denso. Confermare la posizione e profondit\u00e0 della prima fresa con una radiografia.<\/span><\/p>\n<\/div>\n<\/div>\n<\/div>\n<p>[\/vc_column_text][\/vc_column_inner][vc_column_inner width=&#8221;1\/3&#8243;][vc_single_image image=&#8221;1161&#8243; img_size=&#8221;full&#8221;][\/vc_column_inner][\/vc_row_inner][vc_row_inner][vc_column_inner][vc_empty_space height=&#8221;50px&#8221;][\/vc_column_inner][\/vc_row_inner][vc_row_inner][vc_column_inner width=&#8221;2\/3&#8243;][vc_custom_heading text=&#8221;Fase 3:&#8221; font_container=&#8221;tag:p|font_size:20|text_align:left|color:%23c4d600&#8243; use_theme_fonts=&#8221;yes&#8221;][vc_column_text]<\/p>\n<div data-widget-id=\"ecf34c35-04ee-4d55-80f5-2b30c50127ca\" data-placement-id=\"b03f79d3-5287-4d86-b88e-4d16ee2698ae\" data-placement-status=\"ACTIVE\">\n<div class=\"sd-simple-text-ecf34c35-04ee-4d55-80f5-2b30c50127ca \">\n<div id=\"sd-simple-text-editable-ecf34c35-04ee-4d55-80f5-2b30c50127ca\" data-edit-mode=\"\">\n<p><span style=\"color: #222222 !important;\"><strong>Entrare con la fresa Densah\u00ae (3.0) in modalit\u00e0 OD fino a 3 mm oltre il pavimento del seno.<\/strong> Utilizzare la fresa Densah\u00ae successiva pi\u00f9 larga (3.0) e farla avanzare nell&#8217;osteotomia precedentemente creata con una pressione modulante e un movimento di pompaggio. Quando si percepisce il feedback aptico della fresa che raggiunge il pavimento del seno denso, modulare la pressione con un movimento di pompaggio per avanzare oltre il pavimento del seno con incrementi di 1 mm, fino a 3 mm. <strong>L&#8217;avanzamento massimo della fresa oltre il pavimento del seno, in qualsiasi fase, non deve superare i 3 mm.<\/strong> L&#8217;osso verr\u00e0 spinto verso l&#8217;estremit\u00e0 apicale e inizier\u00e0 a sollevare delicatamente la membrana e l&#8217;osso compattato autoinnestato fino a 3 mm. Confermare la posizione verticale della fresa con una radiografia.<\/span><\/p>\n<\/div>\n<\/div>\n<\/div>\n<p>[\/vc_column_text][\/vc_column_inner][vc_column_inner width=&#8221;1\/3&#8243;][vc_single_image image=&#8221;1163&#8243; img_size=&#8221;full&#8221;][\/vc_column_inner][\/vc_row_inner][vc_row_inner][vc_column_inner][vc_empty_space height=&#8221;50px&#8221;][\/vc_column_inner][\/vc_row_inner][vc_row_inner][vc_column_inner width=&#8221;2\/3&#8243;][vc_custom_heading text=&#8221;Fase 4:&#8221; font_container=&#8221;tag:p|font_size:20|text_align:left|color:%23c4d600&#8243; use_theme_fonts=&#8221;yes&#8221;][vc_column_text]<\/p>\n<div data-widget-id=\"ecf34c35-04ee-4d55-80f5-2b30c50127ca\" data-placement-id=\"b03f79d3-5287-4d86-b88e-4d16ee2698ae\" data-placement-status=\"ACTIVE\">\n<div class=\"sd-simple-text-ecf34c35-04ee-4d55-80f5-2b30c50127ca \">\n<div id=\"sd-simple-text-editable-ecf34c35-04ee-4d55-80f5-2b30c50127ca\" data-edit-mode=\"\">\n<p><span style=\"color: #222222 !important;\"><strong>Fresa Densah (4.0), (5.0) in modalit\u00e0 OD fino a 3 mm oltre il pavimento del seno.<\/strong> Utilizzare le frese Densah\u00ae pi\u00f9 larghe in sequenza in modalit\u00e0 di densificazione (velocit\u00e0 della fresa in senso antiorario 800-1500 giri\/min) con un&#8217;abbondante irrigazione con movimento di pompaggio per ottenere un&#8217;ulteriore larghezza con un sollevamento massimo della membrana di 3 mm (con incrementi di 1 mm) per raggiungere la larghezza finale desiderata per l&#8217;inserimento dell&#8217;impianto. Le <strong>frese Densah\u00ae non devono avanzare pi\u00f9 di 3 mm oltre il pavimento del seno mascellare<\/strong>, indipendentemente dal diametro della fresa Densah\u00ae.<\/span><\/p>\n<\/div>\n<\/div>\n<\/div>\n<p>[\/vc_column_text][\/vc_column_inner][vc_column_inner width=&#8221;1\/3&#8243;][vc_single_image image=&#8221;1165&#8243; img_size=&#8221;full&#8221;][\/vc_column_inner][\/vc_row_inner][vc_row_inner][vc_column_inner][vc_empty_space height=&#8221;50px&#8221;][\/vc_column_inner][\/vc_row_inner][vc_row_inner][vc_column_inner width=&#8221;2\/3&#8243;][vc_custom_heading text=&#8221;Fase 5:&#8221; font_container=&#8221;tag:p|font_size:20|text_align:left|color:%23c4d600&#8243; use_theme_fonts=&#8221;yes&#8221;][vc_column_text]<\/p>\n<div data-widget-id=\"ecf34c35-04ee-4d55-80f5-2b30c50127ca\" data-placement-id=\"b03f79d3-5287-4d86-b88e-4d16ee2698ae\" data-placement-status=\"ACTIVE\">\n<div class=\"sd-simple-text-ecf34c35-04ee-4d55-80f5-2b30c50127ca \">\n<div id=\"sd-simple-text-editable-ecf34c35-04ee-4d55-80f5-2b30c50127ca\" data-edit-mode=\"\">\n<p><span style=\"color: #222222 !important;\"><strong>Spingere l&#8217;allotrapianto.<\/strong><br \/>\nDopo aver raggiunto il diametro finale pianificato dell\u2019osteotomia, riempire l\u2019osteotomia con un materiale da innesto o allotrapianto ben idratato, principalmente midollare. Utilizzare l\u2019ultima fresa Densah\u00ae usata al punto 4 in modalit\u00e0 di densificazione (in senso antiorario) a bassa velocit\u00e0 ( 150-200 giri\/min.) senza irrigazione per spingere e guidare l\u2019allotrapianto nel seno mascellare. La fresa Densah\u00ae deve solo facilitare la compattazione del materiale da innesto allograft per sollevare ulteriormente la membrana sinusale e non avanzare oltre il pavimento del seno per pi\u00f9 di 2-3 mm. Ripetere la fase di propulsione dell\u2019innesto per facilitare l\u2019ulteriore sollevamento della membrana in base alla lunghezza dell\u2019impianto.<br \/>\n<\/span><\/p>\n<\/div>\n<\/div>\n<\/div>\n<p>[\/vc_column_text][\/vc_column_inner][vc_column_inner width=&#8221;1\/3&#8243;][vc_single_image image=&#8221;1167&#8243; img_size=&#8221;full&#8221;][\/vc_column_inner][\/vc_row_inner][vc_row_inner][vc_column_inner][vc_empty_space height=&#8221;50px&#8221;][\/vc_column_inner][\/vc_row_inner][vc_row_inner][vc_column_inner width=&#8221;2\/3&#8243;][vc_custom_heading text=&#8221;Fase 6:&#8221; font_container=&#8221;tag:p|font_size:20|text_align:left|color:%23c4d600&#8243; use_theme_fonts=&#8221;yes&#8221;][vc_column_text]<\/p>\n<div data-widget-id=\"ecf34c35-04ee-4d55-80f5-2b30c50127ca\" data-placement-id=\"b03f79d3-5287-4d86-b88e-4d16ee2698ae\" data-placement-status=\"ACTIVE\">\n<div class=\"sd-simple-text-ecf34c35-04ee-4d55-80f5-2b30c50127ca \">\n<div id=\"sd-simple-text-editable-ecf34c35-04ee-4d55-80f5-2b30c50127ca\" data-edit-mode=\"\">\n<p><span style=\"color: #222222 !important;\"><strong>Posizionare l&#8217;impianto.<\/strong><br \/>\nInserire l&#8217;impianto nell&#8217;osteotomia. Se si utilizza il motore chirurgico per porre l&#8217;impianto in posizione, l&#8217;unit\u00e0 potrebbe arrestarsi quando raggiunge la coppia massima di posizionamento. Terminare il posizionamento dell&#8217;impianto in profondit\u00e0 con una chiave dinamometrica.<\/span><\/p>\n<\/div>\n<\/div>\n<\/div>\n<p>[\/vc_column_text][\/vc_column_inner][vc_column_inner width=&#8221;1\/3&#8243;][vc_single_image image=&#8221;1169&#8243; img_size=&#8221;full&#8221;][\/vc_column_inner][\/vc_row_inner][vc_row_inner][vc_column_inner][vc_single_image image=&#8221;1157&#8243; img_size=&#8221;full&#8221; alignment=&#8221;center&#8221;][\/vc_column_inner][\/vc_row_inner][vc_row_inner][vc_column_inner][vc_column_text]<\/p>\n<div data-widget-id=\"ecf34c35-04ee-4d55-80f5-2b30c50127ca\" data-placement-id=\"b03f79d3-5287-4d86-b88e-4d16ee2698ae\" data-placement-status=\"ACTIVE\">\n<div class=\"sd-simple-text-ecf34c35-04ee-4d55-80f5-2b30c50127ca \">\n<div id=\"sd-simple-text-editable-ecf34c35-04ee-4d55-80f5-2b30c50127ca\" data-edit-mode=\"\">\n<p style=\"text-align: center;\"><span style=\"color: #222222 !important;\">* Dati in archivio, visitare versahinternational.com\/od-published-papers\/ per gli studi sull&#8217;innesto del seno mascellare.<br \/>\n<strong>** Il giudizio e l&#8217;esperienza del medico devono essere applicati insieme a questo protocollo di uso nella pratica clinica.<\/strong><\/span><\/p>\n<\/div>\n<\/div>\n<\/div>\n<p>[\/vc_column_text][\/vc_column_inner][\/vc_row_inner][\/vc_column][\/vc_row][vc_row][vc_column][vc_empty_space height=&#8221;100px&#8221;][vc_column_text]<\/p>\n<h6><span style=\"color: #808080;\"> 10890 REV00 ultimo aggiornamento: 08\/2023<\/span><\/h6>\n<p>[\/vc_column_text][\/vc_column][\/vc_row]<\/p>\n<\/section>","protected":false},"excerpt":{"rendered":"<p>[vc_row][vc_column][vc_empty_space height=&#8221;100px&#8221;][vc_custom_heading text=&#8221;II PROTOCOLLO RIALZO DEL SENO MASCELLARE (CRESTALE)&#8221; font_container=&#8221;tag:p|font_size:35|text_align:center|color:%23c4d600&#8243; use_theme_fonts=&#8221;yes&#8221;][vc_btn title=&#8221;Scarica il protocollo&#8221; style=&#8221;outline-custom&#8221; outline_custom_color=&#8221;#c4d600&#8243; outline_custom_hover_background=&#8221;#666666&#8243; outline_custom_hover_text=&#8221;#ffffff&#8221; size=&#8221;lg&#8221; align=&#8221;center&#8221;<\/p>\n<p><a href=\"https:\/\/versahinternational.com\/it\/versatilita-clinica\/protocollo-crestal-sinus-lift-ii\/\" class=\"more-link\">Continue reading<span class=\"screen-reader-text\">Protocollo Crestal Sinus Lift II<\/span><\/a><\/p>\n","protected":false},"author":2,"featured_media":0,"parent":11627,"menu_order":0,"comment_status":"closed","ping_status":"closed","template":"","meta":{"footnotes":""},"class_list":["post-11228","page","type-page","status-publish","hentry"],"jetpack_sharing_enabled":true,"_links":{"self":[{"href":"https:\/\/versahinternational.com\/it\/wp-json\/wp\/v2\/pages\/11228","targetHints":{"allow":["GET"]}}],"collection":[{"href":"https:\/\/versahinternational.com\/it\/wp-json\/wp\/v2\/pages"}],"about":[{"href":"https:\/\/versahinternational.com\/it\/wp-json\/wp\/v2\/types\/page"}],"author":[{"embeddable":true,"href":"https:\/\/versahinternational.com\/it\/wp-json\/wp\/v2\/users\/2"}],"replies":[{"embeddable":true,"href":"https:\/\/versahinternational.com\/it\/wp-json\/wp\/v2\/comments?post=11228"}],"version-history":[{"count":18,"href":"https:\/\/versahinternational.com\/it\/wp-json\/wp\/v2\/pages\/11228\/revisions"}],"predecessor-version":[{"id":17778,"href":"https:\/\/versahinternational.com\/it\/wp-json\/wp\/v2\/pages\/11228\/revisions\/17778"}],"up":[{"embeddable":true,"href":"https:\/\/versahinternational.com\/it\/wp-json\/wp\/v2\/pages\/11627"}],"wp:attachment":[{"href":"https:\/\/versahinternational.com\/it\/wp-json\/wp\/v2\/media?parent=11228"}],"curies":[{"name":"wp","href":"https:\/\/api.w.org\/{rel}","templated":true}]}}