{"id":11268,"date":"2023-07-18T18:13:12","date_gmt":"2023-07-18T18:13:12","guid":{"rendered":"https:\/\/versahinternational.com\/protocollo-di-espansione-della-cresta-facilitata\/"},"modified":"2023-12-04T21:14:29","modified_gmt":"2023-12-04T21:14:29","slug":"protocollo-di-espansione-della-cresta-facilitata","status":"publish","type":"page","link":"https:\/\/versahinternational.com\/it\/versatilita-clinica\/protocollo-di-espansione-della-cresta-facilitata\/","title":{"rendered":"Protocollo di espansione della cresta facilitata"},"content":{"rendered":"<section class=\"wpb-content-wrapper\"><p>[vc_row][vc_column][vc_empty_space height=&#8221;100px&#8221;][vc_custom_heading text=&#8221;PROTOCOLLO ESPANSIONE FACILITATA DELLA CRESTA ALVEOLARE&#8221; font_container=&#8221;tag:p|font_size:35|text_align:center|color:%23c4d600&#8243; use_theme_fonts=&#8221;yes&#8221;][vc_btn title=&#8221;Scarica il protocollo&#8221; style=&#8221;outline-custom&#8221; outline_custom_color=&#8221;#c4d600&#8243; outline_custom_hover_background=&#8221;#666666&#8243; outline_custom_hover_text=&#8221;#ffffff&#8221; size=&#8221;lg&#8221; align=&#8221;center&#8221; link=&#8221;url:https%3A%2F%2Fversahinternational.com%2Fwp-content%2Fuploads%2F2023%2F12%2FItalian-Protocol-Ridge-Expansion-11015-REV00-1.pdf|title:Protocollo%20di%20espansione%20di%20cresta%20facilitata&#8221;][\/vc_column][\/vc_row][vc_row][vc_column css=&#8221;.vc_custom_1690306862073{background-color: #ffffff !important;}&#8221;][vc_column_text]<\/p>\n<div data-widget-id=\"ecf34c35-04ee-4d55-80f5-2b30c50127ca\" data-placement-id=\"b03f79d3-5287-4d86-b88e-4d16ee2698ae\" data-placement-status=\"ACTIVE\">\n<div class=\"sd-simple-text-ecf34c35-04ee-4d55-80f5-2b30c50127ca \">\n<div id=\"sd-simple-text-editable-ecf34c35-04ee-4d55-80f5-2b30c50127ca\" data-edit-mode=\"\">\n<p><span style=\"color: #c4d600 !important;\"><strong>Panoramica: <\/strong><\/span><\/p>\n<\/div>\n<\/div>\n<\/div>\n<div data-widget-id=\"ebb0fe0c-d3bb-4469-819e-748e87ebe8d3\" data-placement-id=\"eb822ecd-15a8-4eb2-92d0-a209d804bd0a\" data-placement-status=\"ACTIVE\">\n<div class=\"sd-simple-text-ebb0fe0c-d3bb-4469-819e-748e87ebe8d3 \">\n<div id=\"sd-simple-text-editable-ebb0fe0c-d3bb-4469-819e-748e87ebe8d3\" data-edit-mode=\"\">\n<p><span style=\"color: #222222 !important;\">L&#8217;osseodensificazione non creer\u00e0 il tessuto, ma potr\u00e0 solo ottimizzare e preservare quello gi\u00e0 esistente. Per ottenere un&#8217;espansione plastica prevedibile, sono necessari \u2265 2 mm di nucleo osseo trabecolare e un rapporto tra osso trabecolare\/corticale \u2265 1\/1. Maggiore \u00e8 la quantit\u00e0 di osso corticale, maggiore \u00e8 la quantit\u00e0 di nucleo trabecolare necessaria per facilitare un&#8217;espansione prevedibile. La cresta minima ideale da espandere \u00e8 di 4 mm (2 mm di nucleo trabecolare + 1 mm di corteccia su ciascun lato). Questo protocollo \u00e8 indicato per espandere una cresta con una cresta stretta e una base pi\u00f9 ampia. Non \u00e8 indicato nelle creste riassorbite con una base stretta.<\/span><\/p>\n<\/div>\n<\/div>\n<\/div>\n<p>[\/vc_column_text][vc_empty_space height=&#8221;50px&#8221;][vc_separator][vc_row_inner][vc_column_inner width=&#8221;2\/3&#8243;][vc_column_text]<\/p>\n<div data-widget-id=\"ecf34c35-04ee-4d55-80f5-2b30c50127ca\" data-placement-id=\"b03f79d3-5287-4d86-b88e-4d16ee2698ae\" data-placement-status=\"ACTIVE\">\n<div class=\"sd-simple-text-ecf34c35-04ee-4d55-80f5-2b30c50127ca \">\n<div id=\"sd-simple-text-editable-ecf34c35-04ee-4d55-80f5-2b30c50127ca\" data-edit-mode=\"\">\n<p><span style=\"color: #222222 !important; font-size: 1.125rem;\">\u2022 DIAGNOSTICARE E VALUTARE L&#8217;ENTIT\u00c0 DELL&#8217;OSSO TRABECOLARE CON UNA CBCT<br \/>\n\u2022 CREARE UN AVVALLAMENTO INTRA-OSSEO IN UNA CRESTA STRETTA&lt; 4 MM<br \/>\n\u2022 NON \u00c8 NECESSARIO ESEGUIRE TAGLI LATERALI VERTICALI &#8211; UTILIZZARE LE FRESE DENSAH\u00ae A PICCOLI INCREMENTI<br \/>\n\u2022 SOVRADIMENSIONARE L&#8217;OSTEOTOMIA IN MODO CHE SIA \u2265 AL DIAMETRO MAGGIORE DELL&#8217;IMPIANTO<br \/>\n\u2022 OSTEOTOMIA PI\u00d9 PROFONDA DI 1 MM RISPETTO ALLA LUNGHEZZA DELL&#8217;IMPIANTO, IN PARTICOLARE NELLA MANDIBOLA<br \/>\n\u2022 ESEGUIRE L&#8217;INNESTO DEL CONTORNO DI RIVESTIMENTO DEI TESSUTI DURI E MOLLI PER SVILUPPARE LO SPESSORE DEI TESSUTI INTORNO AGLI IMPIANTI.<\/span><\/p>\n<\/div>\n<\/div>\n<\/div>\n<p>[\/vc_column_text][\/vc_column_inner][vc_column_inner width=&#8221;1\/3&#8243;][vc_single_image image=&#8221;1115&#8243; img_size=&#8221;full&#8221;][\/vc_column_inner][\/vc_row_inner][vc_separator][vc_row_inner][vc_column_inner][vc_empty_space height=&#8221;70px&#8221;][\/vc_column_inner][\/vc_row_inner][vc_row_inner][vc_column_inner width=&#8221;2\/3&#8243;][vc_column_text]<\/p>\n<div data-widget-id=\"ecf34c35-04ee-4d55-80f5-2b30c50127ca\" data-placement-id=\"b03f79d3-5287-4d86-b88e-4d16ee2698ae\" data-placement-status=\"ACTIVE\">\n<div class=\"sd-simple-text-ecf34c35-04ee-4d55-80f5-2b30c50127ca \">\n<div id=\"sd-simple-text-editable-ecf34c35-04ee-4d55-80f5-2b30c50127ca\" data-edit-mode=\"\">\n<p><span style=\"color: #222222 !important; font-size: 1.125rem;\"><strong>Diagnosticare e valutare la quantit\u00e0 di osso trabecolare disponibile utilizzando una CBCT<\/strong> per valutare la composizione ossea necessaria per eseguire un&#8217;espansione plastica prevedibile. Eseguire il flap dei tessuti molli con gli strumenti e la tecnica normalmente utilizzati.<\/span><\/p>\n<\/div>\n<\/div>\n<\/div>\n<p>[\/vc_column_text][vc_custom_heading text=&#8221;Fase 1:&#8221; font_container=&#8221;tag:p|font_size:20|text_align:left|color:%23c4d600&#8243; use_theme_fonts=&#8221;yes&#8221;][vc_column_text]<\/p>\n<div data-widget-id=\"ecf34c35-04ee-4d55-80f5-2b30c50127ca\" data-placement-id=\"b03f79d3-5287-4d86-b88e-4d16ee2698ae\" data-placement-status=\"ACTIVE\">\n<div class=\"sd-simple-text-ecf34c35-04ee-4d55-80f5-2b30c50127ca \">\n<div id=\"sd-simple-text-editable-ecf34c35-04ee-4d55-80f5-2b30c50127ca\" data-edit-mode=\"\">\n<p><span style=\"color: #333333;\"><strong>Creare un solco intraosseo in una cresta stretta &lt;4 mm.<\/strong> Se la cresta contiene \u2264 2 mm di nucleo osseo trabecolare o un elevato rapporto di osso corticale, \u00e8 necessario un ridge-split intraosseo; il ridge-split \u00e8 un taglio che deve essere eseguito con una punta ultrasonica o Piezosurgery da 0,3 \u2013 0,5 mm. Si raccomanda che la scanalatura della cresta sia profonda quanto la lunghezza dell\u2019impianto pianificato. Non sono necessari tagli laterali verticali. La spaccatura della cresta (ridge split) serve a consentire una maggiore elasticit\u00e0 della parete buccale durante la procedura di espansione. Questa spaccatura intraossea \u00e8 controindicata nelle creste riassorbite con una base stretta.<\/span><\/p>\n<\/div>\n<\/div>\n<\/div>\n<p>[\/vc_column_text][\/vc_column_inner][vc_column_inner width=&#8221;1\/3&#8243;][vc_single_image image=&#8221;1123&#8243; img_size=&#8221;full&#8221;][\/vc_column_inner][\/vc_row_inner][vc_row_inner][vc_column_inner][vc_empty_space height=&#8221;70px&#8221;][\/vc_column_inner][\/vc_row_inner][vc_row_inner][vc_column_inner width=&#8221;2\/3&#8243;][vc_custom_heading text=&#8221;Fase 2a:&#8221; font_container=&#8221;tag:p|font_size:20|text_align:left|color:%23c4d600&#8243; use_theme_fonts=&#8221;yes&#8221;][vc_column_text]<\/p>\n<div data-widget-id=\"ecf34c35-04ee-4d55-80f5-2b30c50127ca\" data-placement-id=\"b03f79d3-5287-4d86-b88e-4d16ee2698ae\" data-placement-status=\"ACTIVE\">\n<div class=\"sd-simple-text-ecf34c35-04ee-4d55-80f5-2b30c50127ca \">\n<div id=\"sd-simple-text-editable-ecf34c35-04ee-4d55-80f5-2b30c50127ca\" data-edit-mode=\"\">\n<p><span style=\"color: #222222 !important;\"><strong>Utilizzare la fresa Densah\u00ae in piccoli incrementi,<\/strong> a seconda del tipo e del diametro dell&#8217;impianto. Dopo un&#8217;osteotomia pilota stretta, portare il motore chirurgico in modalit\u00e0 di densificazione (in senso antiorario, velocit\u00e0 della fresa 800-1500 giri\/min. con abbondante irrigazione). Iniziare con la fresa Densah\u00ae pi\u00f9 stretta, in modalit\u00e0 Densificazione, fino a raggiungere la profondit\u00e0 desiderata (iniziare introducendo la fresa in azione nell&#8217;osteotomia. Quando si avverte il feedback aptico della fresa che spinge verso l&#8217;alto fuori dall&#8217;osteotomia, sollevare e riapplicare la pressione con un movimento di pompaggio fino a raggiungere la profondit\u00e0 desiderata).\u00a0<\/span><\/p>\n<\/div>\n<\/div>\n<\/div>\n<p>[\/vc_column_text][\/vc_column_inner][vc_column_inner width=&#8221;1\/3&#8243;][vc_single_image image=&#8221;1119&#8243; img_size=&#8221;full&#8221;][\/vc_column_inner][\/vc_row_inner][vc_row_inner][vc_column_inner][vc_empty_space height=&#8221;70px&#8221;][\/vc_column_inner][\/vc_row_inner][vc_row_inner][vc_column_inner width=&#8221;2\/3&#8243;][vc_custom_heading text=&#8221;Fase 2b:&#8221; font_container=&#8221;tag:p|font_size:20|text_align:left|color:%23c4d600&#8243; use_theme_fonts=&#8221;yes&#8221;][vc_column_text]<span style=\"color: #222222 !important;\">Man mano che il diametro della fresa aumenta, l&#8217;osso si espande lentamente fino al diametro finale previsto. L&#8217;osteotomia pu\u00f2 essere espansa con una deiscenza ossea minima, il che pu\u00f2 consentire l&#8217;inserimento dell&#8217;impianto di lunghezza totale nell&#8217;osso autogeno senza l&#8217;esposizione del filo.<\/span>[\/vc_column_text][\/vc_column_inner][vc_column_inner width=&#8221;1\/3&#8243;][vc_single_image image=&#8221;1121&#8243; img_size=&#8221;full&#8221;][\/vc_column_inner][\/vc_row_inner][vc_row_inner][vc_column_inner][vc_empty_space height=&#8221;70px&#8221;][\/vc_column_inner][\/vc_row_inner][vc_row_inner][vc_column_inner width=&#8221;2\/3&#8243;][vc_custom_heading text=&#8221;Fase 3:&#8221; font_container=&#8221;tag:p|font_size:20|text_align:left|color:%23c4d600&#8243; use_theme_fonts=&#8221;yes&#8221;][vc_column_text]<\/p>\n<div data-widget-id=\"ecf34c35-04ee-4d55-80f5-2b30c50127ca\" data-placement-id=\"b03f79d3-5287-4d86-b88e-4d16ee2698ae\" data-placement-status=\"ACTIVE\">\n<div class=\"sd-simple-text-ecf34c35-04ee-4d55-80f5-2b30c50127ca \">\n<div id=\"sd-simple-text-editable-ecf34c35-04ee-4d55-80f5-2b30c50127ca\" data-edit-mode=\"\">\n<p><span style=\"color: #222222 !important;\"><strong>Sovradimensionare l&#8217;osteotomia in modo che sia leggermente pi\u00f9 larga del diametro maggiore dell&#8217;impianto<\/strong> (soprattutto nella mandibola) per evitare che i fili dell&#8217;impianto sollecitino eccessivamente le pareti ossee espanse. <strong>Le osteotomie mandibolari devono essere pianificate ed eseguite a 1 mm di profondit\u00e0 rispetto alla lunghezza dell&#8217;impianto.<\/strong><\/span><\/p>\n<\/div>\n<\/div>\n<\/div>\n<p>[\/vc_column_text][\/vc_column_inner][vc_column_inner width=&#8221;1\/3&#8243;][vc_single_image image=&#8221;1123&#8243; img_size=&#8221;full&#8221;][\/vc_column_inner][\/vc_row_inner][vc_row_inner][vc_column_inner][vc_empty_space height=&#8221;70px&#8221;][\/vc_column_inner][\/vc_row_inner][vc_row_inner][vc_column_inner width=&#8221;2\/3&#8243;][vc_custom_heading text=&#8221;Fase 4:&#8221; font_container=&#8221;tag:p|font_size:20|text_align:left|color:%23c4d600&#8243; use_theme_fonts=&#8221;yes&#8221;][vc_column_text]<\/p>\n<div data-widget-id=\"ecf34c35-04ee-4d55-80f5-2b30c50127ca\" data-placement-id=\"b03f79d3-5287-4d86-b88e-4d16ee2698ae\" data-placement-status=\"ACTIVE\">\n<div class=\"sd-simple-text-ecf34c35-04ee-4d55-80f5-2b30c50127ca \">\n<div id=\"sd-simple-text-editable-ecf34c35-04ee-4d55-80f5-2b30c50127ca\" data-edit-mode=\"\">\n<p><span style=\"color: #222222 !important;\"><strong>Inserire un impianto con un diametro uguale o leggermente superiore alla larghezza della cresta iniziale.<\/strong> Se si utilizza il motore chirurgico per porre l&#8217;impianto in posizione, l&#8217;unit\u00e0 potrebbe arrestarsi quando raggiunge la coppia massima di posizionamento. Terminare il posizionamento dell&#8217;impianto in profondit\u00e0 manualmente con una chiave dinamometrica.<\/span><\/p>\n<\/div>\n<\/div>\n<\/div>\n<p>[\/vc_column_text][\/vc_column_inner][vc_column_inner width=&#8221;1\/3&#8243;][vc_single_image image=&#8221;1125&#8243; img_size=&#8221;full&#8221;][\/vc_column_inner][\/vc_row_inner][vc_row_inner][vc_column_inner][vc_empty_space height=&#8221;70px&#8221;][\/vc_column_inner][\/vc_row_inner][vc_row_inner][vc_column_inner width=&#8221;2\/3&#8243;][vc_custom_heading text=&#8221;Fase 5:&#8221; font_container=&#8221;tag:p|font_size:20|text_align:left|color:%23c4d600&#8243; use_theme_fonts=&#8221;yes&#8221;][vc_column_text]<\/p>\n<div data-widget-id=\"ecf34c35-04ee-4d55-80f5-2b30c50127ca\" data-placement-id=\"b03f79d3-5287-4d86-b88e-4d16ee2698ae\" data-placement-status=\"ACTIVE\">\n<div class=\"sd-simple-text-ecf34c35-04ee-4d55-80f5-2b30c50127ca \">\n<div id=\"sd-simple-text-editable-ecf34c35-04ee-4d55-80f5-2b30c50127ca\" data-edit-mode=\"\">\n<p><span style=\"color: #222222 !important;\">Eseguire un <strong>innesto di contorno di rivestimento di tessuti duri e<\/strong> molli per aumentare lo spessore del tessuto intorno all&#8217;impianto, in modo da migliorare la stabilit\u00e0 a lungo termine.<\/span><\/p>\n<\/div>\n<\/div>\n<\/div>\n<p>[\/vc_column_text][\/vc_column_inner][vc_column_inner width=&#8221;1\/3&#8243;][vc_single_image image=&#8221;1127&#8243; img_size=&#8221;full&#8221;][\/vc_column_inner][\/vc_row_inner][vc_row_inner][vc_column_inner][vc_empty_space height=&#8221;70px&#8221;][vc_single_image image=&#8221;1113&#8243; img_size=&#8221;full&#8221; alignment=&#8221;center&#8221;][vc_column_text]<\/p>\n<div data-widget-id=\"ecf34c35-04ee-4d55-80f5-2b30c50127ca\" data-placement-id=\"b03f79d3-5287-4d86-b88e-4d16ee2698ae\" data-placement-status=\"ACTIVE\">\n<div class=\"sd-simple-text-ecf34c35-04ee-4d55-80f5-2b30c50127ca \">\n<div id=\"sd-simple-text-editable-ecf34c35-04ee-4d55-80f5-2b30c50127ca\" data-edit-mode=\"\">\n<p style=\"text-align: center;\"><span style=\"color: #222222 !important;\">* Dati in archivio, visitare versahinternational.com\/od-published-papers\/ per gli studi di Ridge Expansion.<br \/>\n<strong>** Il giudizio e l&#8217;esperienza del medico devono essere applicati insieme a questo protocollo di uso nella pratica clinica.<\/strong><\/span><\/p>\n<\/div>\n<\/div>\n<\/div>\n<p>[\/vc_column_text][\/vc_column_inner][\/vc_row_inner][\/vc_column][\/vc_row][vc_row][vc_column][vc_empty_space height=&#8221;100px&#8221;][vc_column_text]<\/p>\n<h6><span style=\"color: #808080;\">10888 REV00 ultimo aggiornamento: 08\/2023<\/span><\/h6>\n<p>[\/vc_column_text][\/vc_column][\/vc_row]<\/p>\n<\/section>","protected":false},"excerpt":{"rendered":"<p>[vc_row][vc_column][vc_empty_space height=&#8221;100px&#8221;][vc_custom_heading text=&#8221;PROTOCOLLO ESPANSIONE FACILITATA DELLA CRESTA ALVEOLARE&#8221; font_container=&#8221;tag:p|font_size:35|text_align:center|color:%23c4d600&#8243; use_theme_fonts=&#8221;yes&#8221;][vc_btn title=&#8221;Scarica il protocollo&#8221; style=&#8221;outline-custom&#8221; outline_custom_color=&#8221;#c4d600&#8243; outline_custom_hover_background=&#8221;#666666&#8243; outline_custom_hover_text=&#8221;#ffffff&#8221; size=&#8221;lg&#8221; align=&#8221;center&#8221; link=&#8221;url:https%3A%2F%2Fversahinternational.com%2Fwp-content%2Fuploads%2F2023%2F12%2FItalian-Protocol-Ridge-Expansion-11015-REV00-1.pdf|title:Protocollo%20di%20espansione%20di%20cresta%20facilitata&#8221;][\/vc_column][\/vc_row][vc_row][vc_column<\/p>\n<p><a href=\"https:\/\/versahinternational.com\/it\/versatilita-clinica\/protocollo-di-espansione-della-cresta-facilitata\/\" class=\"more-link\">Continue reading<span class=\"screen-reader-text\">Protocollo di espansione della cresta facilitata<\/span><\/a><\/p>\n","protected":false},"author":2,"featured_media":0,"parent":11627,"menu_order":0,"comment_status":"closed","ping_status":"closed","template":"","meta":{"footnotes":""},"class_list":["post-11268","page","type-page","status-publish","hentry"],"jetpack_sharing_enabled":true,"_links":{"self":[{"href":"https:\/\/versahinternational.com\/it\/wp-json\/wp\/v2\/pages\/11268","targetHints":{"allow":["GET"]}}],"collection":[{"href":"https:\/\/versahinternational.com\/it\/wp-json\/wp\/v2\/pages"}],"about":[{"href":"https:\/\/versahinternational.com\/it\/wp-json\/wp\/v2\/types\/page"}],"author":[{"embeddable":true,"href":"https:\/\/versahinternational.com\/it\/wp-json\/wp\/v2\/users\/2"}],"replies":[{"embeddable":true,"href":"https:\/\/versahinternational.com\/it\/wp-json\/wp\/v2\/comments?post=11268"}],"version-history":[{"count":19,"href":"https:\/\/versahinternational.com\/it\/wp-json\/wp\/v2\/pages\/11268\/revisions"}],"predecessor-version":[{"id":17776,"href":"https:\/\/versahinternational.com\/it\/wp-json\/wp\/v2\/pages\/11268\/revisions\/17776"}],"up":[{"embeddable":true,"href":"https:\/\/versahinternational.com\/it\/wp-json\/wp\/v2\/pages\/11627"}],"wp:attachment":[{"href":"https:\/\/versahinternational.com\/it\/wp-json\/wp\/v2\/media?parent=11268"}],"curies":[{"name":"wp","href":"https:\/\/api.w.org\/{rel}","templated":true}]}}