{"id":11373,"date":"2023-07-18T18:13:41","date_gmt":"2023-07-18T18:13:41","guid":{"rendered":"https:\/\/versahinternational.com\/protocollo-crestal-sinus-lift-i\/"},"modified":"2023-12-04T21:14:53","modified_gmt":"2023-12-04T21:14:53","slug":"protocollo-crestal-sinus-lift-i","status":"publish","type":"page","link":"https:\/\/versahinternational.com\/it\/versatilita-clinica\/protocollo-crestal-sinus-lift-i\/","title":{"rendered":"Protocollo Crestal Sinus Lift I"},"content":{"rendered":"<section class=\"wpb-content-wrapper\"><p>[vc_row][vc_column][vc_empty_space height=&#8221;100px&#8221;][vc_custom_heading text=&#8221;I PROTOCOLLO RIALZO DEL SENO MASCELLARE (CRESTALE)&#8221; font_container=&#8221;tag:p|font_size:35|text_align:center|color:%23c4d600&#8243; use_theme_fonts=&#8221;yes&#8221;][vc_btn title=&#8221;Scarica il protocollo&#8221; style=&#8221;outline-custom&#8221; outline_custom_color=&#8221;#c4d600&#8243; outline_custom_hover_background=&#8221;#666666&#8243; outline_custom_hover_text=&#8221;#ffffff&#8221; size=&#8221;lg&#8221; align=&#8221;center&#8221; link=&#8221;url:https%3A%2F%2Fversahinternational.com%2Fwp-content%2Fuploads%2F2023%2F12%2FItalian_Sinus-Lift-I-11016-REV00-1.pdf|title:Protocollo%20di%20espansione%20di%20cresta%20facilitata&#8221;][\/vc_column][\/vc_row][vc_row][vc_column css=&#8221;.vc_custom_1690307851554{background-color: #ffffff !important;}&#8221;][vc_column_text]<\/p>\n<div data-widget-id=\"ecf34c35-04ee-4d55-80f5-2b30c50127ca\" data-placement-id=\"b03f79d3-5287-4d86-b88e-4d16ee2698ae\" data-placement-status=\"ACTIVE\">\n<div class=\"sd-simple-text-ecf34c35-04ee-4d55-80f5-2b30c50127ca \">\n<div id=\"sd-simple-text-editable-ecf34c35-04ee-4d55-80f5-2b30c50127ca\" data-edit-mode=\"\">\n<p><span style=\"color: #c4d600 !important;\"><strong>Descrizione generale: <\/strong><\/span><\/p>\n<\/div>\n<\/div>\n<\/div>\n<div data-widget-id=\"ebb0fe0c-d3bb-4469-819e-748e87ebe8d3\" data-placement-id=\"eb822ecd-15a8-4eb2-92d0-a209d804bd0a\" data-placement-status=\"ACTIVE\">\n<div class=\"sd-simple-text-ebb0fe0c-d3bb-4469-819e-748e87ebe8d3 \">\n<div id=\"sd-simple-text-editable-ebb0fe0c-d3bb-4469-819e-748e87ebe8d3\" data-edit-mode=\"\">\n<p><span style=\"color: #222222 !important;\">Altezza minima dell&#8217;osso residuo \u2265 6 mm. Larghezza alveolare minima necessaria = 4 mm<br \/>\nUtilizzare le frese Densah\u00ae con incrementi di un passo intero. Ad esempio: 2,0 mm, 3,0 mm, 4,0 mm, 5,0 mm.<\/span><\/p>\n<\/div>\n<\/div>\n<\/div>\n<p>[\/vc_column_text][vc_empty_space height=&#8221;50px&#8221;][vc_separator][vc_row_inner][vc_column_inner width=&#8221;2\/3&#8243;][vc_column_text]<span style=\"color: #333333;\">\u2022 MISURARE L\u2019ALTEZZA DELL\u2019OSSO FINO AL PAVIMENTO DEL SENO MASCELLARE<\/span><br \/>\n<span style=\"color: #333333;\">\u2022 FRESA PILOTA 1 MM SOTTO IL PAVIMENTO DEL SENO MASCELLARE<\/span><br \/>\n<span style=\"color: #333333;\">\u2022 FRESA DENSAH\u00ae (2.0) IN MODALIT\u00c0 OD AL PAVIMENTO DEL SENO MASCELLARE<\/span><br \/>\n<span style=\"color: #333333;\">\u2022 ENTRARE CON LA FRESA DENSAH\u00ae (3.0) IN MODALIT\u00c0 OD FINO A 3 MM OLTRE IL PAVIMENTO DEL SENO MASCELLARE<\/span><br \/>\n<span style=\"color: #333333;\">\u2022 SE NECESSARIO, UTILIZZARE LE FRESA DENSAH\u00ae (4.0), (5.0) MODALIT\u00c0 OD FINO A 3 MM OLTRE IL PAVIMENTO DEL SENO.<\/span><br \/>\n<span style=\"color: #333333;\">\u2022 UTILIZZARE LE FRESE DENSAH\u00ae CON INCREMENTI COMPLETI, AD ESEMPIO: 2,0 MM, 3,0 MM, 4,0 MM, 5,0 MM<\/span>[\/vc_column_text][\/vc_column_inner][vc_column_inner width=&#8221;1\/3&#8243;][vc_single_image image=&#8221;1136&#8243; img_size=&#8221;full&#8221;][\/vc_column_inner][\/vc_row_inner][vc_row_inner][vc_column_inner][vc_separator][vc_empty_space height=&#8221;50px&#8221;][\/vc_column_inner][\/vc_row_inner][vc_row_inner][vc_column_inner width=&#8221;2\/3&#8243;][vc_custom_heading text=&#8221;Fase 1:&#8221; font_container=&#8221;tag:p|font_size:20|text_align:left|color:%23c4d600&#8243; use_theme_fonts=&#8221;yes&#8221;][vc_column_text]<\/p>\n<div data-widget-id=\"ecf34c35-04ee-4d55-80f5-2b30c50127ca\" data-placement-id=\"b03f79d3-5287-4d86-b88e-4d16ee2698ae\" data-placement-status=\"ACTIVE\">\n<div class=\"sd-simple-text-ecf34c35-04ee-4d55-80f5-2b30c50127ca \">\n<div id=\"sd-simple-text-editable-ecf34c35-04ee-4d55-80f5-2b30c50127ca\" data-edit-mode=\"\">\n<p><span style=\"color: #333333;\"><strong>Misurare l\u2019altezza dell\u2019osso fino al pavimento del seno mascellare.<\/strong> Staccare i tessuti molli con la tecnica e gli strumenti normalmente utilizzati.<\/span><\/p>\n<\/div>\n<\/div>\n<\/div>\n<p>[\/vc_column_text][\/vc_column_inner][vc_column_inner width=&#8221;1\/3&#8243;][vc_single_image image=&#8221;1138&#8243; img_size=&#8221;full&#8221;][\/vc_column_inner][\/vc_row_inner][vc_row_inner][vc_column_inner][vc_empty_space height=&#8221;50px&#8221;][\/vc_column_inner][\/vc_row_inner][vc_row_inner][vc_column_inner width=&#8221;2\/3&#8243;][vc_custom_heading text=&#8221;Fase 2:&#8221; font_container=&#8221;tag:p|font_size:20|text_align:left|color:%23c4d600&#8243; use_theme_fonts=&#8221;yes&#8221;][vc_column_text]<span style=\"color: #333333;\"><strong>Eseguire con la fresa pilota 1 mm sotto il pavimento del seno.<\/strong> Nei casi in cui l\u2019altezza della cresta alveolare posteriore residua sia \u2265 6,0 mm e si desideri un\u2019ulteriore profondit\u00e0 verticale, \u00e8 necessario forare fino alla profondit\u00e0 determinata entro una zona di sicurezza approssimativa di 1,0 mm dal pavimento del seno mascellare utilizzando un pilota (velocit\u00e0 di foratura in senso orario 800-1500 giri\/min con abbondante irrigazione). Confermare la posizione della fresa pilota con una radiografia.<\/span>[\/vc_column_text][\/vc_column_inner][vc_column_inner width=&#8221;1\/3&#8243;][vc_single_image image=&#8221;1140&#8243; img_size=&#8221;full&#8221;][\/vc_column_inner][\/vc_row_inner][vc_row_inner][vc_column_inner][vc_empty_space height=&#8221;50px&#8221;][\/vc_column_inner][\/vc_row_inner][vc_row_inner][vc_column_inner width=&#8221;2\/3&#8243;][vc_custom_heading text=&#8221;Fase 3:&#8221; font_container=&#8221;tag:p|font_size:20|text_align:left|color:%23c4d600&#8243; use_theme_fonts=&#8221;yes&#8221;][vc_column_text]<\/p>\n<div data-widget-id=\"ecf34c35-04ee-4d55-80f5-2b30c50127ca\" data-placement-id=\"b03f79d3-5287-4d86-b88e-4d16ee2698ae\" data-placement-status=\"ACTIVE\">\n<div class=\"sd-simple-text-ecf34c35-04ee-4d55-80f5-2b30c50127ca \">\n<div id=\"sd-simple-text-editable-ecf34c35-04ee-4d55-80f5-2b30c50127ca\" data-edit-mode=\"\">\n<p><span style=\"color: #222222 !important;\"><strong>Fresa Densah\u00ae (2.0) modalit\u00e0 OD fino al pavimento del seno.<\/strong> A seconda del tipo di impianto e del diametro selezionato per il sito, iniziare con la fresa Densah\u00ae pi\u00f9 stretta (2.0). Passare il motore chirurgico alla modalit\u00e0 di densificazione inversa (velocit\u00e0 del trapano in senso antiorario 800-1500 giri\/min. con irrigazioni abbondanti). Iniziare a far scorrere la fresa nell&#8217;osteotomia. Quando si avverte il feedback tattile della fresa che raggiunge il pavimento denso del seno, fermarsi e confermare la prima posizione verticale della fresa Densah\u00ae con una radiografia.<\/span><\/p>\n<\/div>\n<\/div>\n<\/div>\n<p>[\/vc_column_text][\/vc_column_inner][vc_column_inner width=&#8221;1\/3&#8243;][vc_single_image image=&#8221;1142&#8243; img_size=&#8221;full&#8221;][\/vc_column_inner][\/vc_row_inner][vc_row_inner][vc_column_inner][vc_empty_space height=&#8221;50px&#8221;][\/vc_column_inner][\/vc_row_inner][vc_row_inner][vc_column_inner width=&#8221;2\/3&#8243;][vc_custom_heading text=&#8221;Fase 4:&#8221; font_container=&#8221;tag:p|font_size:20|text_align:left|color:%23c4d600&#8243; use_theme_fonts=&#8221;yes&#8221;][vc_column_text]<\/p>\n<div data-widget-id=\"ecf34c35-04ee-4d55-80f5-2b30c50127ca\" data-placement-id=\"b03f79d3-5287-4d86-b88e-4d16ee2698ae\" data-placement-status=\"ACTIVE\">\n<div class=\"sd-simple-text-ecf34c35-04ee-4d55-80f5-2b30c50127ca \">\n<div id=\"sd-simple-text-editable-ecf34c35-04ee-4d55-80f5-2b30c50127ca\" data-edit-mode=\"\">\n<p><span style=\"color: #222222 !important;\"><strong>Entrare con la fresa Densah\u00ae (3.0) in modalit\u00e0 OD fino a 3 mm oltre il pavimento del seno.<\/strong> Utilizzare la fresa Densah\u00ae successiva pi\u00f9 larga (3.0) in modalit\u00e0 di densificazione (velocit\u00e0 di perforazione antioraria 800-1500 giri\/min. con abbondante irrigazione) e farla avanzare nell&#8217;osteotomia precedentemente creata con una pressione modulante e un movimento di pompaggio. Quando si percepisce il feedback aptico della fresa che raggiunge il pavimento del seno denso, modulare la pressione con un leggero movimento di pompaggio per avanzare oltre il pavimento del seno con incrementi di 1 mm. <strong>L&#8217;avanzamento massimo possibile oltre il pavimento del seno mascellare in qualsiasi fase non deve superare i 3 mm.<\/strong> Man mano che la successiva fresa Densah\u00ae pi\u00f9 larga avanza nell&#8217;osteotomia, si spinge ulteriore osso autogeno verso l&#8217;estremit\u00e0 apicale per ottenere un&#8217;ulteriore profondit\u00e0 verticale e un sollevamento massimo della membrana di 3,0 mm. Confermare la posizione verticale della fresa con una radiografia<\/span><\/p>\n<\/div>\n<\/div>\n<\/div>\n<p>[\/vc_column_text][\/vc_column_inner][vc_column_inner width=&#8221;1\/3&#8243;][vc_single_image image=&#8221;1144&#8243; img_size=&#8221;full&#8221;][\/vc_column_inner][\/vc_row_inner][vc_row_inner][vc_column_inner][vc_empty_space height=&#8221;50px&#8221;][\/vc_column_inner][\/vc_row_inner][vc_row_inner][vc_column_inner width=&#8221;2\/3&#8243;][vc_custom_heading text=&#8221;Fase 5:&#8221; font_container=&#8221;tag:p|font_size:20|text_align:left|color:%23c4d600&#8243; use_theme_fonts=&#8221;yes&#8221;][vc_column_text]<span style=\"color: #333333;\"><strong>Inserimento dell\u2019impianto.<\/strong> Inserire Posiziionare l\u2019impianto nell\u2019osteotomia. Se si utilizza il motore chirurgico per avvitare l\u2019impianto in posizione, l\u2019unit\u00e0 potrebbe arrestarsi quando raggiunge la coppia massima di posizionamento. Terminare il posizionamento dell\u2019impianto in profondit\u00e0 con una chiave dinamometrica a cricchetto con indicazione di coppia.<\/span>[\/vc_column_text][\/vc_column_inner][vc_column_inner width=&#8221;1\/3&#8243;][vc_single_image image=&#8221;1146&#8243; img_size=&#8221;full&#8221;][\/vc_column_inner][\/vc_row_inner][vc_row_inner][vc_column_inner][vc_column_text]<\/p>\n<div data-widget-id=\"ecf34c35-04ee-4d55-80f5-2b30c50127ca\" data-placement-id=\"b03f79d3-5287-4d86-b88e-4d16ee2698ae\" data-placement-status=\"ACTIVE\">\n<div class=\"sd-simple-text-ecf34c35-04ee-4d55-80f5-2b30c50127ca \">\n<div id=\"sd-simple-text-editable-ecf34c35-04ee-4d55-80f5-2b30c50127ca\" data-edit-mode=\"\">\n<p style=\"text-align: center;\"><span style=\"color: #222222 !important;\">* Dati in archivio, visitare versahinternational.com\/od-published-papers\/ per gli studi di Ridge Expansion.<br \/>\n<strong>** Il giudizio e l&#8217;esperienza del medico devono essere applicati insieme a questo protocollo di uso nella pratica clinica.<\/strong><\/span><\/p>\n<\/div>\n<\/div>\n<\/div>\n<p>[\/vc_column_text][\/vc_column_inner][\/vc_row_inner][\/vc_column][\/vc_row][vc_row][vc_column][vc_empty_space height=&#8221;100px&#8221;][vc_column_text]<\/p>\n<h6><span style=\"color: #808080;\">10889 REV00 ultimo aggiornamento: 08\/2023<\/span><\/h6>\n<p>[\/vc_column_text][\/vc_column][\/vc_row]<\/p>\n<\/section>","protected":false},"excerpt":{"rendered":"<p>[vc_row][vc_column][vc_empty_space height=&#8221;100px&#8221;][vc_custom_heading text=&#8221;I PROTOCOLLO RIALZO DEL SENO MASCELLARE (CRESTALE)&#8221; font_container=&#8221;tag:p|font_size:35|text_align:center|color:%23c4d600&#8243; use_theme_fonts=&#8221;yes&#8221;][vc_btn title=&#8221;Scarica il protocollo&#8221; style=&#8221;outline-custom&#8221; outline_custom_color=&#8221;#c4d600&#8243; outline_custom_hover_background=&#8221;#666666&#8243; outline_custom_hover_text=&#8221;#ffffff&#8221; size=&#8221;lg&#8221; align=&#8221;center&#8221;<\/p>\n<p><a href=\"https:\/\/versahinternational.com\/it\/versatilita-clinica\/protocollo-crestal-sinus-lift-i\/\" class=\"more-link\">Continue reading<span class=\"screen-reader-text\">Protocollo Crestal Sinus Lift I<\/span><\/a><\/p>\n","protected":false},"author":2,"featured_media":0,"parent":11627,"menu_order":0,"comment_status":"closed","ping_status":"closed","template":"","meta":{"footnotes":""},"class_list":["post-11373","page","type-page","status-publish","hentry"],"jetpack_sharing_enabled":true,"_links":{"self":[{"href":"https:\/\/versahinternational.com\/it\/wp-json\/wp\/v2\/pages\/11373","targetHints":{"allow":["GET"]}}],"collection":[{"href":"https:\/\/versahinternational.com\/it\/wp-json\/wp\/v2\/pages"}],"about":[{"href":"https:\/\/versahinternational.com\/it\/wp-json\/wp\/v2\/types\/page"}],"author":[{"embeddable":true,"href":"https:\/\/versahinternational.com\/it\/wp-json\/wp\/v2\/users\/2"}],"replies":[{"embeddable":true,"href":"https:\/\/versahinternational.com\/it\/wp-json\/wp\/v2\/comments?post=11373"}],"version-history":[{"count":8,"href":"https:\/\/versahinternational.com\/it\/wp-json\/wp\/v2\/pages\/11373\/revisions"}],"predecessor-version":[{"id":17777,"href":"https:\/\/versahinternational.com\/it\/wp-json\/wp\/v2\/pages\/11373\/revisions\/17777"}],"up":[{"embeddable":true,"href":"https:\/\/versahinternational.com\/it\/wp-json\/wp\/v2\/pages\/11627"}],"wp:attachment":[{"href":"https:\/\/versahinternational.com\/it\/wp-json\/wp\/v2\/media?parent=11373"}],"curies":[{"name":"wp","href":"https:\/\/api.w.org\/{rel}","templated":true}]}}