{"id":9420,"date":"2023-07-18T18:32:06","date_gmt":"2023-07-18T18:32:06","guid":{"rendered":"https:\/\/versahinternational.com\/protocollo-zgo-di-tipo-iv\/"},"modified":"2023-12-04T21:18:54","modified_gmt":"2023-12-04T21:18:54","slug":"protocollo-zgo-di-tipo-iv","status":"publish","type":"page","link":"https:\/\/versahinternational.com\/it\/versatilita-clinica\/protocollo-zgo-di-tipo-iv\/","title":{"rendered":"Protocollo ZGO di tipo IV"},"content":{"rendered":"<section class=\"wpb-content-wrapper\"><p>[vc_row][vc_column][vc_empty_space height=&#8221;100px&#8221;][vc_custom_heading text=&#8221;Arco Zigomatico (Extra Mascellare- Extra-Sinusale) IV PROTOCOLLO ZGO \u2122&#8221; font_container=&#8221;tag:p|font_size:35|text_align:center|color:%23c4d600&#8243; use_theme_fonts=&#8221;yes&#8221;][vc_btn title=&#8221;Scarica il protocollo&#8221; style=&#8221;outline-custom&#8221; outline_custom_color=&#8221;#c4d600&#8243; outline_custom_hover_background=&#8221;#666666&#8243; outline_custom_hover_text=&#8221;#ffffff&#8221; size=&#8221;lg&#8221; align=&#8221;center&#8221; link=&#8221;url:https%3A%2F%2Fversahinternational.com%2Fwp-content%2Fuploads%2F2023%2F12%2FItalian-ZGO-Protocol-IV-11025-REV00-1.pdf|title:Protocollo%20di%20espansione%20di%20cresta%20facilitata&#8221;][\/vc_column][\/vc_row][vc_row][vc_column css=&#8221;.vc_custom_1690381239585{background-color: #ffffff !important;}&#8221;][vc_separator][vc_row_inner][vc_column_inner width=&#8221;2\/3&#8243;][vc_column_text]<\/p>\n<div data-widget-id=\"ecf34c35-04ee-4d55-80f5-2b30c50127ca\" data-placement-id=\"b03f79d3-5287-4d86-b88e-4d16ee2698ae\" data-placement-status=\"ACTIVE\">\n<div class=\"sd-simple-text-ecf34c35-04ee-4d55-80f5-2b30c50127ca \">\n<div id=\"sd-simple-text-editable-ecf34c35-04ee-4d55-80f5-2b30c50127ca\" data-edit-mode=\"\">\n<p><span style=\"color: #c4d600 !important;\"><strong>Panoramica: <\/strong><\/span><\/p>\n<\/div>\n<\/div>\n<\/div>\n<div data-widget-id=\"ebb0fe0c-d3bb-4469-819e-748e87ebe8d3\" data-placement-id=\"eb822ecd-15a8-4eb2-92d0-a209d804bd0a\" data-placement-status=\"ACTIVE\">\n<div class=\"sd-simple-text-ebb0fe0c-d3bb-4469-819e-748e87ebe8d3 \">\n<div id=\"sd-simple-text-editable-ebb0fe0c-d3bb-4469-819e-748e87ebe8d3\" data-edit-mode=\"\">\n<p><span style=\"color: #222222 !important;\"><strong>Questo IV Protocollo ZGO\u2122segue un percorso extramascellare.<\/strong> La mascella e l&#8217;osso alveolare mostrano un&#8217;estrema atrofia verticale e orizzontale. <strong>La via \u00e8 extra-mascellare con percorso totalmente extra-sinusale.<\/strong> La testa dell&#8217;impianto viene posizionata buccalmente alla cresta alveolare, di solito in un&#8217;osteotomia &#8220;a canale&#8221; poco profonda. La maggior parte del corpo dell&#8217;impianto zigomatico ha un percorso extra-sinusale\/extra-mascellare. La parte coronale dell&#8217;impianto zigomatico \u00e8 extramascellare, di solito in un&#8217;osteotomia <strong>&#8220;a canale&#8221;<\/strong>, mentre la parte apicale dell&#8217;impianto \u00e8 circondata dall&#8217;osso in un&#8217;osteotomia <strong>&#8220;a tunnel&#8221;<\/strong> nell&#8217;osso zigomatico. L&#8217;impianto zigomatico entra in contatto con l&#8217;osso zigomatico e con parte della parete del seno laterale esterno. <\/span><\/p>\n<\/div>\n<\/div>\n<\/div>\n<p>[\/vc_column_text][\/vc_column_inner][vc_column_inner width=&#8221;1\/3&#8243;][vc_single_image image=&#8221;1317&#8243; img_size=&#8221;full&#8221;][\/vc_column_inner][\/vc_row_inner][vc_separator][vc_empty_space height=&#8221;50px&#8221;][vc_row_inner][vc_column_inner width=&#8221;2\/3&#8243;][vc_custom_heading text=&#8221;Fase 1:&#8221; font_container=&#8221;tag:p|font_size:20|text_align:left|color:%23c4d600&#8243; use_theme_fonts=&#8221;yes&#8221;][vc_column_text]<\/p>\n<div data-widget-id=\"ecf34c35-04ee-4d55-80f5-2b30c50127ca\" data-placement-id=\"b03f79d3-5287-4d86-b88e-4d16ee2698ae\" data-placement-status=\"ACTIVE\">\n<div class=\"sd-simple-text-ecf34c35-04ee-4d55-80f5-2b30c50127ca \">\n<div id=\"sd-simple-text-editable-ecf34c35-04ee-4d55-80f5-2b30c50127ca\" data-edit-mode=\"\">\n<p><span style=\"color: #222222 !important; font-size: 1.125rem;\">Creare l&#8217;osteotomia del <strong>&#8220;canale&#8221;<\/strong> coronale utilizzando le normali frese Universal Densah\u00ae a partire dalla VT1525 (2.0) fino alla VT3545 (4.0) in modalit\u00e0 di taglio in senso orario (CW) a 800 &#8211; 1500 giri\/min con abbondante irrigazione come &#8220;fresa laterale&#8221; per <strong>creare un&#8217;osteotomia a canale nella cresta alveolare residua e nella parete laterale del seno mascellare.<\/strong> Quando l&#8217;osteotomia si avvicina alla membrana del seno, passare alla modalit\u00e0 CCW (modalit\u00e0 OD) per preservare l&#8217;integrit\u00e0 della membrana del seno mentre si definisce l&#8217;osteotomia del canale. <\/span><\/p>\n<\/div>\n<\/div>\n<\/div>\n<p>[\/vc_column_text][\/vc_column_inner][vc_column_inner width=&#8221;1\/3&#8243;][vc_single_image image=&#8221;17732&#8243; img_size=&#8221;full&#8221;][\/vc_column_inner][\/vc_row_inner][vc_row_inner][vc_column_inner][vc_empty_space height=&#8221;50px&#8221;][\/vc_column_inner][\/vc_row_inner][vc_row_inner][vc_column_inner width=&#8221;2\/3&#8243;][vc_custom_heading text=&#8221;Fase 2:&#8221; font_container=&#8221;tag:p|font_size:20|text_align:left|color:%23c4d600&#8243; use_theme_fonts=&#8221;yes&#8221;][vc_column_text]<\/p>\n<div data-widget-id=\"ecf34c35-04ee-4d55-80f5-2b30c50127ca\" data-placement-id=\"b03f79d3-5287-4d86-b88e-4d16ee2698ae\" data-placement-status=\"ACTIVE\">\n<div class=\"sd-simple-text-ecf34c35-04ee-4d55-80f5-2b30c50127ca \">\n<div id=\"sd-simple-text-editable-ecf34c35-04ee-4d55-80f5-2b30c50127ca\" data-edit-mode=\"\">\n<p><span style=\"color: #333333;\">Utilizzando la fresa pilota ZGO\u2122 Densah\u00ae di lunghezza adeguata (65 mm o 90 mm) a seconda dell\u2019anatomia e delle dimensioni del paziente in modalit\u00e0 CW, seguire la traiettoria del \u201ccanale\u201d per entrare nell\u2019aspetto inferiore del corpo dello zigomo al fine di preparare un\u2019osteotomia \u201ca tunnel\u201d della lunghezza appropriata che perfora apicalmente l\u2019aspetto superiore-laterale del corpo dello zigomo.<\/span><\/p>\n<\/div>\n<\/div>\n<\/div>\n<p>[\/vc_column_text][\/vc_column_inner][vc_column_inner width=&#8221;1\/3&#8243;][vc_single_image image=&#8221;1309&#8243; img_size=&#8221;full&#8221;][\/vc_column_inner][\/vc_row_inner][vc_row_inner][vc_column_inner][vc_empty_space height=&#8221;50px&#8221;][\/vc_column_inner][\/vc_row_inner][vc_row_inner][vc_column_inner width=&#8221;2\/3&#8243;][vc_custom_heading text=&#8221;Fase 3:&#8221; font_container=&#8221;tag:p|font_size:20|text_align:left|color:%23c4d600&#8243; use_theme_fonts=&#8221;yes&#8221;][vc_column_text]<span style=\"color: #333333;\">Dopo l\u2019osteotomia del canale pilota, a seconda dell\u2019anatomia e delle dimensioni del paziente, utilizzare le frese ZGO\u2122 Densah\u00ae di lunghezza appropriata (65 mm o 90 mm), iniziando con la fresa ZGO\u2122 Densah\u00ae ZT1525, in modalit\u00e0 di taglio CW e di densificazione CCW, secondo le necessit\u00e0, per allargare l\u2019osteotomia in ordine crescente per ottenere il diametro e la lunghezza dell\u2019osteotomia desiderati in base al diametro e alla lunghezza dell\u2019impianto zigomatico da inserire. <strong>Quando ci si avvicina alla membrana sinusale, la<\/strong><\/span><br \/>\n<span style=\"color: #333333;\"><strong>direzione di perforazione viene modificata in CCW per preservare l\u2019\u2019integrit\u00e0 della membrana sinusale.<\/strong><\/span>[\/vc_column_text][\/vc_column_inner][vc_column_inner width=&#8221;1\/3&#8243;][vc_single_image image=&#8221;1311&#8243; img_size=&#8221;full&#8221;][\/vc_column_inner][\/vc_row_inner][vc_row_inner][vc_column_inner][vc_empty_space height=&#8221;50px&#8221;][\/vc_column_inner][\/vc_row_inner][vc_row_inner][vc_column_inner width=&#8221;2\/3&#8243;][vc_custom_heading text=&#8221;Fase 4:&#8221; font_container=&#8221;tag:p|font_size:20|text_align:left|color:%23c4d600&#8243; use_theme_fonts=&#8221;yes&#8221;][vc_column_text]<span style=\"color: #333333;\">La durezza dello zigomo e il diametro dell\u2019impianto determineranno il diametro finale della fresa ZGO\u2122 Densah\u00ae, ossia ZT2030, ZT2535 o ZT3040. Le frese ZGO Densah\u00ae devono essere utilizzate in senso antiorario\/orario, secondo le necessit\u00e0, in base alla densit\u00e0 dell\u2019osso, a 800-1500 giri al minuto con un\u2019abbondante irrigazione.<\/span><br \/>\n<span style=\"color: #333333;\">1) Modalit\u00e0 di taglio in senso orario (CW) per ossa pi\u00f9 dense.<\/span><br \/>\n<span style=\"color: #333333;\">2) Modalit\u00e0 di densificazione in senso antiorario (CCW) per ossa pi\u00f9 morbide<\/span><br \/>\n<span style=\"color: #333333;\">3) Una combinazione di CW e CCW utilizzando il protocollo Densify- Preserve after Cut (DAC) per una durezza ossea intermedia.<\/span><br \/>\n<span style=\"color: #333333;\">La durezza dell\u2019osso dello zigomo e il diametro dell\u2019impianto determineranno il diametro finale della fresa ZGO\u2122Densah\u00ae.<\/span>[\/vc_column_text][\/vc_column_inner][vc_column_inner width=&#8221;1\/3&#8243;][vc_single_image image=&#8221;1313&#8243; img_size=&#8221;full&#8221;][\/vc_column_inner][\/vc_row_inner][vc_row_inner][vc_column_inner][vc_empty_space height=&#8221;50px&#8221;][\/vc_column_inner][\/vc_row_inner][vc_row_inner][vc_column_inner width=&#8221;2\/3&#8243;][vc_custom_heading text=&#8221;Fase 5:&#8221; font_container=&#8221;tag:p|font_size:20|text_align:left|color:%23c4d600&#8243; use_theme_fonts=&#8221;yes&#8221;][vc_column_text]<\/p>\n<div data-widget-id=\"ecf34c35-04ee-4d55-80f5-2b30c50127ca\" data-placement-id=\"b03f79d3-5287-4d86-b88e-4d16ee2698ae\" data-placement-status=\"ACTIVE\">\n<div class=\"sd-simple-text-ecf34c35-04ee-4d55-80f5-2b30c50127ca \">\n<div id=\"sd-simple-text-editable-ecf34c35-04ee-4d55-80f5-2b30c50127ca\" data-edit-mode=\"\">\n<p><span style=\"color: #222222 !important; font-size: 1.125rem;\">Viene quindi inserito l&#8217;impianto zigomatico. La testa dell&#8217;impianto si trova sulla parte buccale della cresta alveolare. La parte centrale del corpo dell&#8217;impianto non tocca la parte pi\u00f9 concava della parete mascellare anteriore. In questo percorso extra-mascellare extra-sinusale entra in contatto con l&#8217;osso in corrispondenza di:<br \/>\n1) Aspetto esterno buccale della cresta<br \/>\n2) Osso zigomatico, apicalmente <\/span><\/p>\n<\/div>\n<\/div>\n<\/div>\n<p>[\/vc_column_text][\/vc_column_inner][vc_column_inner width=&#8221;1\/3&#8243;][vc_single_image image=&#8221;1315&#8243; img_size=&#8221;full&#8221;][\/vc_column_inner][\/vc_row_inner][vc_row_inner][vc_column_inner][vc_empty_space height=&#8221;50px&#8221;][vc_single_image image=&#8221;1305&#8243; img_size=&#8221;full&#8221; alignment=&#8221;center&#8221;][vc_column_text]<\/p>\n<div data-widget-id=\"ecf34c35-04ee-4d55-80f5-2b30c50127ca\" data-placement-id=\"b03f79d3-5287-4d86-b88e-4d16ee2698ae\" data-placement-status=\"ACTIVE\">\n<div class=\"sd-simple-text-ecf34c35-04ee-4d55-80f5-2b30c50127ca \">\n<div id=\"sd-simple-text-editable-ecf34c35-04ee-4d55-80f5-2b30c50127ca\" data-edit-mode=\"\">\n<p style=\"text-align: center;\">Caso cortesemente offerto dal Dr. Costa Nicolopoulos<\/p>\n<p style=\"text-align: center;\"><span style=\"color: #222222 !important;\">* Dati in archivio, visitare versahinternational.com\/od-published-papers\/ per gli studi sull&#8217;impianto zigomatico.<br \/>\n<strong>** Il giudizio e l&#8217;esperienza del medico devono essere applicati insieme a questo protocollo di uso nella pratica clinica.<\/strong><\/span><\/p>\n<\/div>\n<\/div>\n<\/div>\n<p>[\/vc_column_text][\/vc_column_inner][\/vc_row_inner][\/vc_column][\/vc_row][vc_row][vc_column][vc_empty_space height=&#8221;100px&#8221;][vc_column_text]<\/p>\n<h6><span style=\"color: #808080;\"> 10898 REV00 ultimo aggiornamento: 08\/2023<\/span><\/h6>\n<p>[\/vc_column_text][\/vc_column][\/vc_row]<\/p>\n<\/section>","protected":false},"excerpt":{"rendered":"<p>[vc_row][vc_column][vc_empty_space height=&#8221;100px&#8221;][vc_custom_heading text=&#8221;Arco Zigomatico (Extra Mascellare- Extra-Sinusale) IV PROTOCOLLO ZGO \u2122&#8221; font_container=&#8221;tag:p|font_size:35|text_align:center|color:%23c4d600&#8243; use_theme_fonts=&#8221;yes&#8221;][vc_btn title=&#8221;Scarica il protocollo&#8221; style=&#8221;outline-custom&#8221; outline_custom_color=&#8221;#c4d600&#8243; outline_custom_hover_background=&#8221;#666666&#8243; outline_custom_hover_text=&#8221;#ffffff&#8221;<\/p>\n<p><a href=\"https:\/\/versahinternational.com\/it\/versatilita-clinica\/protocollo-zgo-di-tipo-iv\/\" class=\"more-link\">Continue reading<span class=\"screen-reader-text\">Protocollo ZGO di tipo IV<\/span><\/a><\/p>\n","protected":false},"author":2,"featured_media":0,"parent":11627,"menu_order":0,"comment_status":"closed","ping_status":"closed","template":"","meta":{"footnotes":""},"class_list":["post-9420","page","type-page","status-publish","hentry"],"jetpack_sharing_enabled":true,"_links":{"self":[{"href":"https:\/\/versahinternational.com\/it\/wp-json\/wp\/v2\/pages\/9420","targetHints":{"allow":["GET"]}}],"collection":[{"href":"https:\/\/versahinternational.com\/it\/wp-json\/wp\/v2\/pages"}],"about":[{"href":"https:\/\/versahinternational.com\/it\/wp-json\/wp\/v2\/types\/page"}],"author":[{"embeddable":true,"href":"https:\/\/versahinternational.com\/it\/wp-json\/wp\/v2\/users\/2"}],"replies":[{"embeddable":true,"href":"https:\/\/versahinternational.com\/it\/wp-json\/wp\/v2\/comments?post=9420"}],"version-history":[{"count":20,"href":"https:\/\/versahinternational.com\/it\/wp-json\/wp\/v2\/pages\/9420\/revisions"}],"predecessor-version":[{"id":17786,"href":"https:\/\/versahinternational.com\/it\/wp-json\/wp\/v2\/pages\/9420\/revisions\/17786"}],"up":[{"embeddable":true,"href":"https:\/\/versahinternational.com\/it\/wp-json\/wp\/v2\/pages\/11627"}],"wp:attachment":[{"href":"https:\/\/versahinternational.com\/it\/wp-json\/wp\/v2\/media?parent=9420"}],"curies":[{"name":"wp","href":"https:\/\/api.w.org\/{rel}","templated":true}]}}