{"id":9623,"date":"2023-07-18T18:17:22","date_gmt":"2023-07-18T18:17:22","guid":{"rendered":"https:\/\/versahinternational.com\/protocollo-zgo-di-tipo-i-ii\/"},"modified":"2023-12-04T21:17:42","modified_gmt":"2023-12-04T21:17:42","slug":"protocollo-zgo-di-tipo-i-ii","status":"publish","type":"page","link":"https:\/\/versahinternational.com\/it\/versatilita-clinica\/protocollo-zgo-di-tipo-i-ii\/","title":{"rendered":"Protocollo ZGO di tipo I\/II"},"content":{"rendered":"<section class=\"wpb-content-wrapper\"><p>[vc_row][vc_column][vc_empty_space height=&#8221;100px&#8221;][vc_custom_heading text=&#8221;ZIGOMO INTRA-MASCELLARE INTRA\/EXTRA SINUSALE PROTOCOLLO I\/II&#8221; font_container=&#8221;tag:p|font_size:35|text_align:center|color:%23c4d600&#8243; use_theme_fonts=&#8221;yes&#8221;][vc_btn title=&#8221;Scarica il protocollo&#8221; style=&#8221;outline-custom&#8221; outline_custom_color=&#8221;#c4d600&#8243; outline_custom_hover_background=&#8221;#666666&#8243; outline_custom_hover_text=&#8221;#ffffff&#8221; size=&#8221;lg&#8221; align=&#8221;center&#8221; link=&#8221;url:https%3A%2F%2Fversahinternational.com%2Fwp-content%2Fuploads%2F2023%2F12%2FItalian-ZGO-Protocol-III-11023-REV00-1.pdf|title:Protocollo%20di%20espansione%20di%20cresta%20facilitata&#8221;][\/vc_column][\/vc_row][vc_row][vc_column css=&#8221;.vc_custom_1690313321145{background-color: #ffffff !important;}&#8221;][vc_separator][vc_column_text]<\/p>\n<div data-widget-id=\"ecf34c35-04ee-4d55-80f5-2b30c50127ca\" data-placement-id=\"b03f79d3-5287-4d86-b88e-4d16ee2698ae\" data-placement-status=\"ACTIVE\">\n<div class=\"sd-simple-text-ecf34c35-04ee-4d55-80f5-2b30c50127ca \">\n<div id=\"sd-simple-text-editable-ecf34c35-04ee-4d55-80f5-2b30c50127ca\" data-edit-mode=\"\">\n<p><span style=\"color: #c4d600 !important;\"><strong>Descrizione generale: <\/strong><\/span><\/p>\n<\/div>\n<\/div>\n<\/div>\n<div data-widget-id=\"ebb0fe0c-d3bb-4469-819e-748e87ebe8d3\" data-placement-id=\"eb822ecd-15a8-4eb2-92d0-a209d804bd0a\" data-placement-status=\"ACTIVE\">\n<div class=\"sd-simple-text-ebb0fe0c-d3bb-4469-819e-748e87ebe8d3 \">\n<div id=\"sd-simple-text-editable-ebb0fe0c-d3bb-4469-819e-748e87ebe8d3\" data-edit-mode=\"\">\n<p><span style=\"color: #222222;\">La parete mascellare anteriore \u00e8 leggermente pi\u00f9 concava. Il percorso \u00e8 totalmente intra-mascellare con un approccio intra\/extrasinusale. Si crea un\u2019osteotomia a tunnel attraverso la cresta alveolare, nella parete laterale interna del seno, per uscire leggermente attraverso la parete laterale e poi rientrare come seconda osteotomia a tunnel nel seno per uscire attraverso il corpo dello zigomo.<\/span><\/p>\n<\/div>\n<\/div>\n<\/div>\n<p>[\/vc_column_text][vc_separator][vc_row_inner][vc_column_inner width=&#8221;1\/2&#8243;][vc_single_image image=&#8221;1279&#8243; img_size=&#8221;full&#8221; alignment=&#8221;center&#8221;][vc_column_text]<span style=\"color: #333333;\"><strong>ZGO\u2122 I:<\/strong> Seno intra\/extra intra-mascellare: la parete anteriore del mascellare \u00e8 leggermente concava. Il percorso \u00e8 intra-mascellare con un percorso prevalentemente intra-sinusale.<\/span>[\/vc_column_text][\/vc_column_inner][vc_column_inner width=&#8221;1\/2&#8243;][vc_single_image image=&#8221;1281&#8243; img_size=&#8221;full&#8221; alignment=&#8221;center&#8221;][vc_column_text]<span style=\"color: #333333;\"><strong>ZGO\u2122 II<\/strong>: Seno extra\/intra intra-mascellare: la parete mascellare anteriore \u00e8 leggermente pi\u00f9 concava rispetto a ZGO\u2122 I. Pertanto, segue lo stesso principio chirurgico di ZGO\u2122 I con un percorso che \u00e8 intra- mascellare, ma con un percorso prevalentemente extra-sinusale.<\/span>[\/vc_column_text][\/vc_column_inner][\/vc_row_inner][vc_row_inner][vc_column_inner][vc_empty_space height=&#8221;50px&#8221;][\/vc_column_inner][\/vc_row_inner][vc_row_inner][vc_column_inner width=&#8221;2\/3&#8243;][vc_custom_heading text=&#8221;Fase 1:&#8221; font_container=&#8221;tag:p|font_size:20|text_align:left|color:%23c4d600&#8243; use_theme_fonts=&#8221;yes&#8221;][vc_column_text]<\/p>\n<div data-widget-id=\"ecf34c35-04ee-4d55-80f5-2b30c50127ca\" data-placement-id=\"b03f79d3-5287-4d86-b88e-4d16ee2698ae\" data-placement-status=\"ACTIVE\">\n<div class=\"sd-simple-text-ecf34c35-04ee-4d55-80f5-2b30c50127ca \">\n<div id=\"sd-simple-text-editable-ecf34c35-04ee-4d55-80f5-2b30c50127ca\" data-edit-mode=\"\">\n<p><span style=\"color: #222222 !important;\">L&#8217;osteotomia a tunnel viene iniziata con la fresa pilota Universal Densah\u00ae attraverso la cresta alveolare in senso orario (CW) per raggiungere il pavimento del seno. Quindi si utilizzano le frese universali Densah\u00ae in ordine crescente di 2 mm, 2,3 mm, 3 mm e 3,3 mm in senso antiorario (CCW) per preservare e allargare l&#8217;osteotomia crestale e avviare l&#8217;ingresso nella parete laterale del seno. In questo modo si ottiene la conservazione della membrana del seno e l&#8217;osseodensificazione dell&#8217;osso alveolare. <\/span><\/p>\n<\/div>\n<\/div>\n<\/div>\n<p>[\/vc_column_text][\/vc_column_inner][vc_column_inner width=&#8221;1\/3&#8243;][vc_single_image image=&#8221;15697&#8243; img_size=&#8221;full&#8221;][\/vc_column_inner][\/vc_row_inner][vc_row_inner][vc_column_inner][vc_empty_space height=&#8221;50px&#8221;][\/vc_column_inner][\/vc_row_inner][vc_row_inner][vc_column_inner width=&#8221;2\/3&#8243;][vc_custom_heading text=&#8221;Fase 2:&#8221; font_container=&#8221;tag:p|font_size:20|text_align:left|color:%23c4d600&#8243; use_theme_fonts=&#8221;yes&#8221;][vc_column_text]<span style=\"color: #333333;\">Utilizzando la fresa pilota ZGO\u2122 Densah\u00ae di lunghezza adeguata (65 mm o 90 mm) a seconda dell\u2019anatomia e delle dimensioni del paziente, in modalit\u00e0 CW, entrare nell\u2019osteotomia del tunnel crestale preparato per uscire attraverso la parete del seno laterale per entrare nuovamente, attraverso un\u2019altra osteotomia del tunnel, nella superficie inferiore dello zigomo, quindi attraverso il corpo dello zigomo, per uscire dalla superficie supero-laterale del corpo dello zigomo.<\/span>[\/vc_column_text][\/vc_column_inner][vc_column_inner width=&#8221;1\/3&#8243;][vc_single_image image=&#8221;1269&#8243; img_size=&#8221;full&#8221;][\/vc_column_inner][\/vc_row_inner][vc_row_inner][vc_column_inner][vc_empty_space height=&#8221;50px&#8221;][\/vc_column_inner][\/vc_row_inner][vc_row_inner][vc_column_inner width=&#8221;2\/3&#8243;][vc_custom_heading text=&#8221;Fase 3:&#8221; font_container=&#8221;tag:p|font_size:20|text_align:left|color:%23c4d600&#8243; use_theme_fonts=&#8221;yes&#8221;][vc_column_text]<span style=\"color: #333333;\">Dopo l\u2019osteotomia pilota, utilizzare le frese ZGO\u2122 Densah\u00ae di lunghezza adeguata (65 mm o 90 mm) a seconda dell\u2019anatomia e della corporatura del paziente. Iniziando con la fresa Densah\u00ae ZT 1525, allargare l\u2019osteotomia crestale in modalit\u00e0 CCW entrando nella cavit\u00e0 del seno per uscire attraverso la parete laterale del seno per entrare nuovamente, attraverso un\u2019altra osteotomia a tunnel, passare alla modalit\u00e0 CW come necessario per entrare nella superficie inferiore dello zigomo, attraverso il corpo dello zigomo e uscire dalla superficie superolaterale del corpo dello zigomo.<\/span>[\/vc_column_text][\/vc_column_inner][vc_column_inner width=&#8221;1\/3&#8243;][vc_single_image image=&#8221;1271&#8243; img_size=&#8221;full&#8221;][\/vc_column_inner][\/vc_row_inner][vc_row_inner][vc_column_inner][vc_empty_space height=&#8221;50px&#8221;][\/vc_column_inner][\/vc_row_inner][vc_row_inner][vc_column_inner width=&#8221;2\/3&#8243;][vc_custom_heading text=&#8221;Fase 4:&#8221; font_container=&#8221;tag:p|font_size:20|text_align:left|color:%23c4d600&#8243; use_theme_fonts=&#8221;yes&#8221;][vc_column_text]<span style=\"color: #333333;\">La durezza dello zigomo e il diametro dell\u2019impianto determineranno il diametro finale della fresa ZGO Densah\u00ae , cio\u00e8 ZT2030, ZT2535 o ZT3040. Le frese ZGO\u2122 Densah\u00ae devono essere utilizzate in modalit\u00e0 CW\/CCW, a seconda della densit\u00e0 dell\u2019osso, a 800-1500 giri al minuto con un\u2019\u2019abbondante irrigazione. 1) Modalit\u00e0 di taglio in senso orario (CW) per l\u2019osso pi\u00f9 denso 2) Modalit\u00e0 di densificazione in senso antiorario (CCW) nell\u2019osso pi\u00f9 morbido 3) Una combinazione di CW e CCW utilizzando il protocollo Densify-Preserve after Cut (DAC) per una durezza ossea intermedia.<\/span>[\/vc_column_text][\/vc_column_inner][vc_column_inner width=&#8221;1\/3&#8243;][vc_single_image image=&#8221;1273&#8243; img_size=&#8221;full&#8221;][\/vc_column_inner][\/vc_row_inner][vc_row_inner][vc_column_inner][vc_empty_space height=&#8221;50px&#8221;][\/vc_column_inner][\/vc_row_inner][vc_row_inner][vc_column_inner width=&#8221;2\/3&#8243;][vc_custom_heading text=&#8221;Fase 5:&#8221; font_container=&#8221;tag:p|font_size:20|text_align:left|color:%23c4d600&#8243; use_theme_fonts=&#8221;yes&#8221;][vc_column_text]<\/p>\n<div data-widget-id=\"ecf34c35-04ee-4d55-80f5-2b30c50127ca\" data-placement-id=\"b03f79d3-5287-4d86-b88e-4d16ee2698ae\" data-placement-status=\"ACTIVE\">\n<div class=\"sd-simple-text-ecf34c35-04ee-4d55-80f5-2b30c50127ca \">\n<div id=\"sd-simple-text-editable-ecf34c35-04ee-4d55-80f5-2b30c50127ca\" data-edit-mode=\"\">\n<p><span style=\"color: #333333;\">Viene quindi inserito l\u2019impianto zigomatico. Sebbene l\u2019impianto zigomatico sia visibile attraverso la parete mascellare anteriore, la maggior parte del corpo dell\u2019impianto ha un percorso intrasinusale.<br \/>\nIn ZGO\u2122 I e ZGO\u2122 II l\u2019impianto entra in contatto con l\u2019osso in corrispondenza dei seguenti elementi:<br \/>\n1) La cresta alveolare.<\/span><br \/>\n<span style=\"color: #333333;\">2) La parete del seno interno.<\/span><br \/>\n<span style=\"color: #333333;\">3) La parete lateral\u00e5e del seno.<\/span><br \/>\n<span style=\"color: #333333;\">4) Il corpo dello zigomo<\/span><\/p>\n<\/div>\n<\/div>\n<\/div>\n<p>[\/vc_column_text][\/vc_column_inner][vc_column_inner width=&#8221;1\/3&#8243;][vc_single_image image=&#8221;1275&#8243; img_size=&#8221;full&#8221;][vc_single_image image=&#8221;1277&#8243; img_size=&#8221;full&#8221;][\/vc_column_inner][\/vc_row_inner][vc_row_inner][vc_column_inner][vc_empty_space height=&#8221;50px&#8221;][vc_single_image image=&#8221;1265&#8243; img_size=&#8221;full&#8221; alignment=&#8221;center&#8221;][vc_column_text]<\/p>\n<div data-widget-id=\"ecf34c35-04ee-4d55-80f5-2b30c50127ca\" data-placement-id=\"b03f79d3-5287-4d86-b88e-4d16ee2698ae\" data-placement-status=\"ACTIVE\">\n<div class=\"sd-simple-text-ecf34c35-04ee-4d55-80f5-2b30c50127ca \">\n<div id=\"sd-simple-text-editable-ecf34c35-04ee-4d55-80f5-2b30c50127ca\" data-edit-mode=\"\">\n<p style=\"text-align: center;\"><span style=\"color: #222222 !important;\">* Dati in archivio, visitare versahinternational.com\/od-published-papers\/ per gli studi sull&#8217;impianto zigomatico.<br \/>\n<strong>** Il giudizio e l&#8217;esperienza del medico devono essere applicati insieme a questo protocollo di uso nella pratica clinica.<\/strong><\/span><\/p>\n<\/div>\n<\/div>\n<\/div>\n<p>[\/vc_column_text][\/vc_column_inner][\/vc_row_inner][\/vc_column][\/vc_row][vc_row][vc_column][vc_empty_space height=&#8221;100px&#8221;][vc_column_text]<\/p>\n<h6><span style=\"color: #808080;\">10896 REV00 ultimo aggiornamento: 08\/2023<\/span><\/h6>\n<p>[\/vc_column_text][\/vc_column][\/vc_row]<\/p>\n<\/section>","protected":false},"excerpt":{"rendered":"<p>[vc_row][vc_column][vc_empty_space height=&#8221;100px&#8221;][vc_custom_heading text=&#8221;ZIGOMO INTRA-MASCELLARE INTRA\/EXTRA SINUSALE PROTOCOLLO I\/II&#8221; font_container=&#8221;tag:p|font_size:35|text_align:center|color:%23c4d600&#8243; use_theme_fonts=&#8221;yes&#8221;][vc_btn title=&#8221;Scarica il protocollo&#8221; style=&#8221;outline-custom&#8221; outline_custom_color=&#8221;#c4d600&#8243; outline_custom_hover_background=&#8221;#666666&#8243; outline_custom_hover_text=&#8221;#ffffff&#8221; size=&#8221;lg&#8221; align=&#8221;center&#8221; link=&#8221;url:https%3A%2F%2Fversahinternational.com%2Fwp-content%2Fuploads%2F2023%2F12%2FItalian-ZGO-Protocol-III-11023-REV00-1.pdf|title:Protocollo%20di%20espansione%20di%20cresta%20facilitata&#8221;][\/vc_column][\/vc_row][vc_row][vc_column<\/p>\n<p><a href=\"https:\/\/versahinternational.com\/it\/versatilita-clinica\/protocollo-zgo-di-tipo-i-ii\/\" class=\"more-link\">Continue reading<span class=\"screen-reader-text\">Protocollo ZGO di tipo I\/II<\/span><\/a><\/p>\n","protected":false},"author":2,"featured_media":0,"parent":11627,"menu_order":0,"comment_status":"closed","ping_status":"closed","template":"","meta":{"footnotes":""},"class_list":["post-9623","page","type-page","status-publish","hentry"],"jetpack_sharing_enabled":true,"_links":{"self":[{"href":"https:\/\/versahinternational.com\/it\/wp-json\/wp\/v2\/pages\/9623","targetHints":{"allow":["GET"]}}],"collection":[{"href":"https:\/\/versahinternational.com\/it\/wp-json\/wp\/v2\/pages"}],"about":[{"href":"https:\/\/versahinternational.com\/it\/wp-json\/wp\/v2\/types\/page"}],"author":[{"embeddable":true,"href":"https:\/\/versahinternational.com\/it\/wp-json\/wp\/v2\/users\/2"}],"replies":[{"embeddable":true,"href":"https:\/\/versahinternational.com\/it\/wp-json\/wp\/v2\/comments?post=9623"}],"version-history":[{"count":21,"href":"https:\/\/versahinternational.com\/it\/wp-json\/wp\/v2\/pages\/9623\/revisions"}],"predecessor-version":[{"id":17784,"href":"https:\/\/versahinternational.com\/it\/wp-json\/wp\/v2\/pages\/9623\/revisions\/17784"}],"up":[{"embeddable":true,"href":"https:\/\/versahinternational.com\/it\/wp-json\/wp\/v2\/pages\/11627"}],"wp:attachment":[{"href":"https:\/\/versahinternational.com\/it\/wp-json\/wp\/v2\/media?parent=9623"}],"curies":[{"name":"wp","href":"https:\/\/api.w.org\/{rel}","templated":true}]}}