{"id":10279,"date":"2023-07-18T18:14:45","date_gmt":"2023-07-18T18:14:45","guid":{"rendered":"https:\/\/versahinternational.com\/rozszerzenie-przegrody-miedzyzebowej\/"},"modified":"2023-12-20T21:09:31","modified_gmt":"2023-12-20T21:09:31","slug":"rozszerzenie-przegrody-miedzyzebowej","status":"publish","type":"page","link":"https:\/\/versahinternational.com\/pl\/wszechstronnosc-kliniczna\/rozszerzenie-przegrody-miedzyzebowej\/","title":{"rendered":"Rozszerzanie przegrody mi\u0119dzy z\u0119bami trzonowymi"},"content":{"rendered":"<section class=\"wpb-content-wrapper\"><p>[vc_row height=&#8221;100px&#8221;][vc_column][vc_empty_space height=&#8221;100px&#8221;][vc_custom_heading text=&#8221;PROTOK\u00d3\u0141 ROZSZERZANIA PRZEGRODY MI\u0118DZY Z\u0118BAMI TRZONOWYMI ZA POMOC\u0104 WIERTE\u0141 DENSAH\u00ae&#8221; font_container=&#8221;tag:p|font_size:35|text_align:center|color:%23c4d600&#8243; use_theme_fonts=&#8221;yes&#8221;][vc_btn title=&#8221;Pobierz Protok\u00f3\u0142&#8221; style=&#8221;outline-custom&#8221; outline_custom_color=&#8221;#c4d600&#8243; outline_custom_hover_background=&#8221;#666666&#8243; outline_custom_hover_text=&#8221;#ffffff&#8221; size=&#8221;lg&#8221; align=&#8221;center&#8221; link=&#8221;url:https%3A%2F%2Fversahinternational.com%2Fwp-content%2Fuploads%2F2023%2F12%2FPolish-Molar-Septum-Protocol-11052-REV00.pdf|title:Protok%C3%B3%C5%82%20u%C5%82atwionego%20rozszerzania%20wyrostka&#8221;][\/vc_column][\/vc_row][vc_row height=&#8221;100px&#8221;][vc_column css=&#8221;.vc_custom_1690310840354{background-color: #ffffff !important;}&#8221;][vc_separator][vc_column_text]<\/p>\n<div data-widget-id=\"ecf34c35-04ee-4d55-80f5-2b30c50127ca\" data-placement-id=\"b03f79d3-5287-4d86-b88e-4d16ee2698ae\" data-placement-status=\"ACTIVE\">\n<div class=\"sd-simple-text-ecf34c35-04ee-4d55-80f5-2b30c50127ca \">\n<div id=\"sd-simple-text-editable-ecf34c35-04ee-4d55-80f5-2b30c50127ca\" data-edit-mode=\"\">\n<p><span style=\"color: #222222 !important;\">\u2022 SEPARACJA KORZENI Z\u0118B\u00d3W TRZONOWYCH NA ROZWIDLENIU BEZ NARUSZANIA INTEGRALNO\u015aCI PRZEGRODY.<br \/>\n\u2022 U\u017bYCIE WIERT\u0141A PILOTUJ\u0104CEGO W TRYBIE W PRAWO NA G\u0141\u0118BOKO\u015a\u0106 O 1 MM WI\u0118KSZ\u0104 NI\u017b PLANOWANA D\u0141UGO\u015a\u0106 IMPLANTU<br \/>\n\u2022 U\u017bYCIE KOLEJNYCH WIERTE\u0141 DENSAH\u00ae W MNIEJSZYCH SKOKACH W CELU ROZSZERZENIA OSTEOTOMII I ZWI\u0118KSZENIA PLASTYCZNO\u015aCI KO\u015aCI<br \/>\n\u2022 WSZCZEPIENIE IMPLANTU POWINNO ODBYWA\u0106 SI\u0118 NA POZIOMIE GRZBIETU LUB PODGRZBIETOWO<br \/>\n\u2022 W RAZIE POTRZEBY WYPE\u0141NI\u0106 LUK\u0118 PRZESZCZEPEM KOSTNYM; NAJLEPIEJ ALLOGRAFT O STOSUNKU KO\u015aCI G\u0104BCZASTEJ DO KOROWEJ 70\/30<\/span><\/p>\n<\/div>\n<\/div>\n<\/div>\n<p>[\/vc_column_text][vc_separator][vc_empty_space height=&#8221;50px&#8221;][vc_row_inner][vc_column_inner width=&#8221;2\/3&#8243;][vc_custom_heading text=&#8221;Krok 1:&#8221; font_container=&#8221;tag:p|font_size:20|text_align:left|color:%23c4d600&#8243; use_theme_fonts=&#8221;yes&#8221;][vc_column_text]<\/p>\n<div data-widget-id=\"ecf34c35-04ee-4d55-80f5-2b30c50127ca\" data-placement-id=\"b03f79d3-5287-4d86-b88e-4d16ee2698ae\" data-placement-status=\"ACTIVE\">\n<div class=\"sd-simple-text-ecf34c35-04ee-4d55-80f5-2b30c50127ca \">\n<div id=\"sd-simple-text-editable-ecf34c35-04ee-4d55-80f5-2b30c50127ca\" data-edit-mode=\"\">\n<p><span style=\"color: #222222 !important;\">Odseparuj korzenie z\u0119b\u00f3w trzonowych na rozwidleniu bez naruszania integralno\u015bci przegrody. Przeprowad\u017a atraumatyczn\u0105 ekstrakcj\u0119 korzenia mezjalnego i dystalnego. Przeprowadzi\u0107 degranulacj\u0119 tkanki w celu ods\u0142oni\u0119cia obszaru przegrody.<\/span><\/p>\n<\/div>\n<\/div>\n<\/div>\n<p>[\/vc_column_text][\/vc_column_inner][vc_column_inner width=&#8221;1\/3&#8243;][vc_single_image image=&#8221;1195&#8243; img_size=&#8221;full&#8221;][\/vc_column_inner][\/vc_row_inner][vc_row_inner][vc_column_inner][vc_empty_space height=&#8221;50px&#8221;][\/vc_column_inner][\/vc_row_inner][vc_row_inner][vc_column_inner width=&#8221;2\/3&#8243;][vc_custom_heading text=&#8221;Krok 2:&#8221; font_container=&#8221;tag:p|font_size:20|text_align:left|color:%23c4d600&#8243; use_theme_fonts=&#8221;yes&#8221;][vc_column_text]<\/p>\n<div data-widget-id=\"ecf34c35-04ee-4d55-80f5-2b30c50127ca\" data-placement-id=\"b03f79d3-5287-4d86-b88e-4d16ee2698ae\" data-placement-status=\"ACTIVE\">\n<div class=\"sd-simple-text-ecf34c35-04ee-4d55-80f5-2b30c50127ca \">\n<div id=\"sd-simple-text-editable-ecf34c35-04ee-4d55-80f5-2b30c50127ca\" data-edit-mode=\"\">\n<p><span style=\"color: #222222 !important;\"><strong>U\u017cyj wiert\u0142a pilotuj\u0105cego o \u015brednicy 1,3\u20131,5 mm, w prawo, w \u015brodku przegrody na g\u0142\u0119boko\u015b\u0107 o 1 mm wi\u0119ksz\u0105 ni\u017c planowana d\u0142ugo\u015b\u0107 implantu.<\/strong><\/span><\/p>\n<\/div>\n<\/div>\n<\/div>\n<p>[\/vc_column_text][\/vc_column_inner][vc_column_inner width=&#8221;1\/3&#8243;][vc_single_image image=&#8221;1197&#8243; img_size=&#8221;full&#8221;][\/vc_column_inner][\/vc_row_inner][vc_row_inner][vc_column_inner][vc_empty_space height=&#8221;50px&#8221;][\/vc_column_inner][\/vc_row_inner][vc_row_inner][vc_column_inner width=&#8221;2\/3&#8243;][vc_custom_heading text=&#8221;Krok 3:&#8221; font_container=&#8221;tag:p|font_size:20|text_align:left|color:%23c4d600&#8243; use_theme_fonts=&#8221;yes&#8221;][vc_column_text]<\/p>\n<div data-widget-id=\"ecf34c35-04ee-4d55-80f5-2b30c50127ca\" data-placement-id=\"b03f79d3-5287-4d86-b88e-4d16ee2698ae\" data-placement-status=\"ACTIVE\">\n<div class=\"sd-simple-text-ecf34c35-04ee-4d55-80f5-2b30c50127ca \">\n<div id=\"sd-simple-text-editable-ecf34c35-04ee-4d55-80f5-2b30c50127ca\" data-edit-mode=\"\">\n<p><span style=\"color: #222222 !important;\">W zale\u017cno\u015bci od typu i \u015brednicy implantu nale\u017cy post\u0119powa\u0107 zgodnie z odpowiednim protoko\u0142em wiercenia w systemie implant\u00f3w, zaczynaj\u0105c od najmniejszego wiert\u0142a Densah\u00ae do g\u0142\u0119boko\u015bci o 1 mm wi\u0119kszej ni\u017c planowana d\u0142ugo\u015b\u0107 implantu. U\u017cywaj wierte\u0142 Densah\u00ae w trybie OD (w lewo, pr\u0119dko\u015b\u0107 wiercenia 800\u20131500 obr.\/min z obfit\u0105 irygacj\u0105). <strong>U\u017cywaj kolejnych wierte\u0142 Densah\u00ae w mniejszych skokach, aby zwi\u0119kszy\u0107 plastyczno\u015b\u0107 ko\u015bci i rozszerzy\u0107 osteotomi\u0119. Na przyk\u0142ad, u\u017cyj wiert\u0142a Densah\u00ae (2.0) po wiertle pilotuj\u0105cym, nast\u0119pnie wykonaj rozszerzanie za pomoc\u0105 wiert\u0142a Densah\u00ae (2.3), a nast\u0119pnie u\u017cyj wiert\u0142a Densah\u00ae (2.5) przed wprowadzeniem wiert\u0142a Densah\u00ae (3.0).<\/strong> Podobnie jak w przypadku rozszerzania wyrostka z zag\u0119szczeniem ko\u015bci, mo\u017cna nadmiernie rozszerzy\u0107 osteotomi\u0119, tak aby \u015brednica ostatniego wiert\u0142a Densah\u00ae by\u0142a nieco wi\u0119ksza ni\u017c planowana g\u0142\u00f3wna \u015brednica implantu. Wraz ze wzrostem \u015brednicy wiert\u0142a ko\u015b\u0107 ulega rozszerzeniu, aby osi\u0105gn\u0105\u0107 ostateczn\u0105 \u015brednic\u0119 osteotomii.<\/span><\/p>\n<\/div>\n<\/div>\n<\/div>\n<p>[\/vc_column_text][\/vc_column_inner][vc_column_inner width=&#8221;1\/3&#8243;][vc_single_image image=&#8221;1199&#8243; img_size=&#8221;full&#8221;][\/vc_column_inner][\/vc_row_inner][vc_row_inner][vc_column_inner][vc_empty_space height=&#8221;50px&#8221;][\/vc_column_inner][\/vc_row_inner][vc_row_inner][vc_column_inner width=&#8221;2\/3&#8243;][vc_custom_heading text=&#8221;Krok 4:&#8221; font_container=&#8221;tag:p|font_size:20|text_align:left|color:%23c4d600&#8243; use_theme_fonts=&#8221;yes&#8221;][vc_column_text]<\/p>\n<div data-widget-id=\"ecf34c35-04ee-4d55-80f5-2b30c50127ca\" data-placement-id=\"b03f79d3-5287-4d86-b88e-4d16ee2698ae\" data-placement-status=\"ACTIVE\">\n<div class=\"sd-simple-text-ecf34c35-04ee-4d55-80f5-2b30c50127ca \">\n<div id=\"sd-simple-text-editable-ecf34c35-04ee-4d55-80f5-2b30c50127ca\" data-edit-mode=\"\">\n<p><span style=\"color: #222222 !important;\"><strong>Implant powinien zosta\u0107 umieszczony na poziomie grzbietu lub podgrzbietowo, w zale\u017cno\u015bci od rodzaju po\u0142\u0105czenia.<\/strong><\/span><\/p>\n<\/div>\n<\/div>\n<\/div>\n<p>[\/vc_column_text][\/vc_column_inner][vc_column_inner width=&#8221;1\/3&#8243;][vc_single_image image=&#8221;1201&#8243; img_size=&#8221;full&#8221;][\/vc_column_inner][\/vc_row_inner][vc_row_inner][vc_column_inner][vc_empty_space height=&#8221;50px&#8221;][\/vc_column_inner][\/vc_row_inner][vc_row_inner][vc_column_inner width=&#8221;2\/3&#8243;][vc_custom_heading text=&#8221;Krok 5:&#8221; font_container=&#8221;tag:p|font_size:20|text_align:left|color:%23c4d600&#8243; use_theme_fonts=&#8221;yes&#8221;][vc_column_text]<\/p>\n<div data-widget-id=\"ecf34c35-04ee-4d55-80f5-2b30c50127ca\" data-placement-id=\"b03f79d3-5287-4d86-b88e-4d16ee2698ae\" data-placement-status=\"ACTIVE\">\n<div class=\"sd-simple-text-ecf34c35-04ee-4d55-80f5-2b30c50127ca \">\n<div id=\"sd-simple-text-editable-ecf34c35-04ee-4d55-80f5-2b30c50127ca\" data-edit-mode=\"\">\n<p><span style=\"color: #222222 !important;\">W razie potrzeby wype\u0142nij luk\u0119 przeszczepem kostnym; najlepiej allograft o stosunku ko\u015bci g\u0105bczastej do korowej 70\/30. Uszczelnij luk\u0119 za pomoc\u0105 materia\u0142u biologicznego lub korka kolagenowego i du\u017cego \u015bruba goj\u0105ca oraz ewentualnie za\u0142\u00f3\u017c szew przerywany.<\/span><\/p>\n<\/div>\n<\/div>\n<\/div>\n<p>[\/vc_column_text][\/vc_column_inner][vc_column_inner width=&#8221;1\/3&#8243;][vc_single_image image=&#8221;1203&#8243; img_size=&#8221;full&#8221;][\/vc_column_inner][\/vc_row_inner][vc_row_inner][vc_column_inner][vc_empty_space height=&#8221;50px&#8221;][\/vc_column_inner][\/vc_row_inner][vc_row_inner][vc_column_inner width=&#8221;2\/3&#8243;][vc_custom_heading text=&#8221;Krok 6:&#8221; font_container=&#8221;tag:p|font_size:20|text_align:left|color:%23c4d600&#8243; use_theme_fonts=&#8221;yes&#8221;][vc_column_text]<\/p>\n<div data-widget-id=\"ecf34c35-04ee-4d55-80f5-2b30c50127ca\" data-placement-id=\"b03f79d3-5287-4d86-b88e-4d16ee2698ae\" data-placement-status=\"ACTIVE\">\n<div class=\"sd-simple-text-ecf34c35-04ee-4d55-80f5-2b30c50127ca \">\n<div id=\"sd-simple-text-editable-ecf34c35-04ee-4d55-80f5-2b30c50127ca\" data-edit-mode=\"\">\n<p><span style=\"color: #222222 !important;\">Oce\u0144 gojenie i zamkni\u0119cie tkanki mi\u0119kkiej 6\u20138 tygodni po wszczepieniu.<\/span><\/p>\n<\/div>\n<\/div>\n<\/div>\n<p>[\/vc_column_text][\/vc_column_inner][vc_column_inner width=&#8221;1\/3&#8243;][vc_single_image image=&#8221;1205&#8243; img_size=&#8221;full&#8221;][\/vc_column_inner][\/vc_row_inner][vc_row_inner][vc_column_inner][vc_empty_space height=&#8221;50px&#8221;][vc_single_image image=&#8221;1207&#8243; img_size=&#8221;full&#8221; alignment=&#8221;center&#8221;][vc_column_text]<\/p>\n<div data-widget-id=\"ecf34c35-04ee-4d55-80f5-2b30c50127ca\" data-placement-id=\"b03f79d3-5287-4d86-b88e-4d16ee2698ae\" data-placement-status=\"ACTIVE\">\n<div class=\"sd-simple-text-ecf34c35-04ee-4d55-80f5-2b30c50127ca \">\n<div id=\"sd-simple-text-editable-ecf34c35-04ee-4d55-80f5-2b30c50127ca\" data-edit-mode=\"\">\n<p style=\"text-align: center;\">Przypadek dzi\u0119ki uprzejmo\u015bci dr. Samvela Bleyana<br \/>\n<span style=\"color: #222222 !important;\">* Dane w\u0142asne, odwied\u017a stron\u0119 versahinternational.com\/od-published-papers\/, aby dowiedzie\u0107 si\u0119 wi\u0119cej o badaniach dotycz\u0105cych rozszerzania przegrody mi\u0119dzy z\u0119bami trzonowymi.<br \/>\n<strong>** Ocena i do\u015bwiadczenie lekarza powinny by\u0107 wykorzystywane w po\u0142\u0105czeniu z niniejszym protoko\u0142em sugerowanego stosowania w praktyce klinicznej.<\/strong><\/span><\/p>\n<\/div>\n<\/div>\n<\/div>\n<p>[\/vc_column_text][\/vc_column_inner][\/vc_row_inner][\/vc_column][\/vc_row][vc_row][vc_column][vc_empty_space height=&#8221;100px&#8221;][vc_column_text]<\/p>\n<h6><span style=\"color: #808080;\"> 10892 REV00 ostatnia aktualizacja: 08\/2023<\/span><\/h6>\n<p>[\/vc_column_text][\/vc_column][\/vc_row]<\/p>\n<\/section>","protected":false},"excerpt":{"rendered":"<p>[vc_row height=&#8221;100px&#8221;][vc_column][vc_empty_space height=&#8221;100px&#8221;][vc_custom_heading text=&#8221;PROTOK\u00d3\u0141 ROZSZERZANIA PRZEGRODY MI\u0118DZY Z\u0118BAMI TRZONOWYMI ZA POMOC\u0104 WIERTE\u0141 DENSAH\u00ae&#8221; font_container=&#8221;tag:p|font_size:35|text_align:center|color:%23c4d600&#8243; use_theme_fonts=&#8221;yes&#8221;][vc_btn title=&#8221;Pobierz Protok\u00f3\u0142&#8221; style=&#8221;outline-custom&#8221; outline_custom_color=&#8221;#c4d600&#8243; outline_custom_hover_background=&#8221;#666666&#8243;<\/p>\n<p><a href=\"https:\/\/versahinternational.com\/pl\/wszechstronnosc-kliniczna\/rozszerzenie-przegrody-miedzyzebowej\/\" class=\"more-link\">Continue reading<span class=\"screen-reader-text\">Rozszerzanie przegrody mi\u0119dzy z\u0119bami trzonowymi<\/span><\/a><\/p>\n","protected":false},"author":2,"featured_media":0,"parent":11450,"menu_order":0,"comment_status":"closed","ping_status":"closed","template":"","meta":{"footnotes":""},"class_list":["post-10279","page","type-page","status-publish","hentry"],"jetpack_sharing_enabled":true,"_links":{"self":[{"href":"https:\/\/versahinternational.com\/pl\/wp-json\/wp\/v2\/pages\/10279","targetHints":{"allow":["GET"]}}],"collection":[{"href":"https:\/\/versahinternational.com\/pl\/wp-json\/wp\/v2\/pages"}],"about":[{"href":"https:\/\/versahinternational.com\/pl\/wp-json\/wp\/v2\/types\/page"}],"author":[{"embeddable":true,"href":"https:\/\/versahinternational.com\/pl\/wp-json\/wp\/v2\/users\/2"}],"replies":[{"embeddable":true,"href":"https:\/\/versahinternational.com\/pl\/wp-json\/wp\/v2\/comments?post=10279"}],"version-history":[{"count":8,"href":"https:\/\/versahinternational.com\/pl\/wp-json\/wp\/v2\/pages\/10279\/revisions"}],"predecessor-version":[{"id":19443,"href":"https:\/\/versahinternational.com\/pl\/wp-json\/wp\/v2\/pages\/10279\/revisions\/19443"}],"up":[{"embeddable":true,"href":"https:\/\/versahinternational.com\/pl\/wp-json\/wp\/v2\/pages\/11450"}],"wp:attachment":[{"href":"https:\/\/versahinternational.com\/pl\/wp-json\/wp\/v2\/media?parent=10279"}],"curies":[{"name":"wp","href":"https:\/\/api.w.org\/{rel}","templated":true}]}}