{"id":10456,"date":"2023-07-18T18:11:36","date_gmt":"2023-07-18T18:11:36","guid":{"rendered":"https:\/\/versahinternational.com\/przewodnik-referencyjny-dotyczacy-wiercenia-w-systemie-implantow-drg\/"},"modified":"2026-03-27T14:52:26","modified_gmt":"2026-03-27T14:52:26","slug":"przewodnik-referencyjny-dotyczacy-wiercenia-w-systemie-implantow-drg","status":"publish","type":"page","link":"https:\/\/versahinternational.com\/pl\/wszechstronnosc-kliniczna\/przewodnik-referencyjny-dotyczacy-wiercenia-w-systemie-implantow-drg\/","title":{"rendered":"Przewodnik referencyjny dotycz\u0105cy wiercenia w systemie implant\u00f3w \u2013 DRG"},"content":{"rendered":"<section class=\"wpb-content-wrapper\"><p>[vc_row][vc_column][vc_empty_space height=&#8221;100px&#8221;][vc_custom_heading text=&#8221;PROTOKO\u0141Y SYSTEMU IMPLANT\u00d3W&#8221; font_container=&#8221;tag:p|font_size:35|text_align:center|color:%23c4d600&#8243; use_theme_fonts=&#8221;yes&#8221;][vc_single_image image=&#8221;26621&#8243; img_size=&#8221;full&#8221; alignment=&#8221;center&#8221;][vc_column_text]<\/p>\n<h6><span style=\"color: #999999;\">* Ocen\u0119 i do\u015bwiadczenie lekarza nale\u017cy stosowa\u0107 w po\u0142\u0105czeniu z tym sugerowanym protoko\u0142em wiercenia w systemie implant\u00f3w.<\/span><br \/>\n<span style=\"color: #999999;\">** Lekarz musi przestrzega\u0107 wytycznych dotycz\u0105cych momentu dokr\u0119cania zalecanego dla systemu implant\u00f3w.<\/span><br \/>\n<span style=\"color: #999999;\">*** W przypadkach rozszerzania wyrostka osteotomi\u0119 nale\u017cy przewymiarowa\u0107 i upewni\u0107 si\u0119, \u017ce \u015brednica grzbietu jest r\u00f3wna lub wi\u0119ksza ni\u017c g\u0142\u00f3wna \u015brednica implantu.<\/span><\/h6>\n<p>[\/vc_column_text][vc_custom_heading text=&#8221;Kliknij, aby pozna\u0107 protoko\u0142y wiercenia w systemie implant\u00f3w<br \/>\n(Przewodnik referencyjny dotycz\u0105cy zag\u0119szczania)&#8221; font_container=&#8221;tag:p|font_size:25|text_align:center|color:%23c4d600&#8243; use_theme_fonts=&#8221;yes&#8221; css=&#8221;.vc_custom_1690225884757{background-color: #333333 !important;}&#8221;][\/vc_column][\/vc_row][vc_row][vc_column][vc_empty_space height=&#8221;100px&#8221;][\/vc_column][\/vc_row][vc_row][vc_column width=&#8221;1\/3&#8243; css=&#8221;.vc_custom_1690225608060{background-position: 0 0 !important;background-repeat: no-repeat !important;}&#8221;][vc_single_image image=&#8221;7438&#8243; img_size=&#8221;medium&#8221; alignment=&#8221;center&#8221;][\/vc_column][vc_column width=&#8221;1\/3&#8243;][vc_column_text]<a href=\"https:\/\/versah.com\/content\/DensifyingReferenceGuides\/2026%20MARCH\/A-B\/AB_full_densah_bur_kit_10238%20REV04.pdf\" target=\"_blank\" rel=\"noopener\">\u2022 AB Dental<\/a><br \/>\n<a href=\"https:\/\/versah.com\/content\/DensifyingReferenceGuides\/2026%20MARCH\/A-B\/Adin_full_densah_bur_kit_10258%20REV04.pdf\" target=\"_blank\" rel=\"noopener\">\u2022 Adin<\/a><br \/>\n<a href=\"https:\/\/versah.com\/content\/DensifyingReferenceGuides\/2022NOV\/A-B\/Advan_GTB_GTB-TZERO.pdf\" target=\"_blank\" rel=\"noopener\">\u2022 Advan<\/a><br \/>\n<a href=\"https:\/\/versah.com\/content\/DensifyingReferenceGuides\/2026%20MARCH\/A-B\/Alpha%20Bio_full_densah_bur_kit_10259%20REV04.pdf\" target=\"_blank\" rel=\"noopener\">\u2022 AlphaBio<\/a><br \/>\n<a href=\"https:\/\/versah.com\/content\/DensifyingReferenceGuides\/2026%20MARCH\/A-B\/Altracore%20Biomedical_full_densah_bur_kit_10457%20REV08.pdf\" target=\"_blank\" rel=\"noopener\">\u2022 Altracore Biomedical<\/a><br \/>\n<a href=\"https:\/\/versah.com\/content\/DensifyingReferenceGuides\/2026%20MARCH\/A-B\/Anker_full_densah_bur_kit_10458%20REV05.pdf\" target=\"_blank\" rel=\"noopener\">\u2022 Anker<\/a><br \/>\n<a href=\"https:\/\/versah.com\/content\/DensifyingReferenceGuides\/2026%20MARCH\/A-B\/Ankylos_full_densah_bur_kit_10459%20REV%2011.pdf\" target=\"_blank\" rel=\"noopener\">\u2022 Ankylos\u00ae<\/a><br \/>\n<a href=\"https:\/\/versah.com\/content\/DensifyingReferenceGuides\/2026%20MARCH\/A-B\/Anthogyr_full_densah_bur_kit_10460%20REV09.pdf\">\u2022 Anthogyr<\/a><br \/>\n<a href=\"https:\/\/versah.com\/content\/DensifyingReferenceGuides\/2026%20MARCH\/A-B\/AON_full_densah_bur_kit_11302_REV00.pdf\">\u2022 AON<\/a><br \/>\n<a href=\"https:\/\/versah.com\/content\/DensifyingReferenceGuides\/2026%20MARCH\/A-B\/Argon_full_densah_bur_kit_10461%20REV05.pdf\" target=\"_blank\" rel=\"noopener\">\u2022 Argon\u00ae<\/a><br \/>\n<a href=\"https:\/\/versah.com\/content\/DensifyingReferenceGuides\/2026%20MARCH\/A-B\/Astra%20Tech%20Full%20Kit%2010462%20REV12.pdf\" target=\"_blank\" rel=\"noopener\">\u2022 Astra Tech\u2122<\/a><br \/>\n<a href=\"https:\/\/versah.com\/content\/DensifyingReferenceGuides\/2026%20MARCH\/A-B\/Avinent%20Biomimetic_full_densah_bur_kit_10463%20REV08.pdf\" target=\"_blank\" rel=\"noopener\">\u2022 Avinent Biomimetic<\/a>[\/vc_column_text][\/vc_column][vc_column width=&#8221;1\/3&#8243;][vc_column_text]<span style=\"color: #ffffff;\"><a style=\"color: #ffffff;\" href=\"https:\/\/versah.com\/content\/DensifyingReferenceGuides\/2026%20MARCH\/A-B\/Bego_full_densah_bur_kit_10464%20REV06.pdf\" target=\"_blank\" rel=\"noopener\">\u2022 Bego\u00ae<\/a><\/span><br \/>\n<span style=\"color: #ffffff;\"><a style=\"color: #ffffff;\" href=\"https:\/\/versah.com\/content\/DensifyingReferenceGuides\/2026%20MARCH\/A-B\/Biodenta%2010533%20REV03.pdf\" target=\"_blank\" rel=\"noopener\">\u2022 Biodenta<\/a><\/span><br \/>\n<span style=\"color: #ffffff;\"><a style=\"color: #ffffff;\" href=\"https:\/\/versah.com\/content\/DensifyingReferenceGuides\/2026%20MARCH\/A-B\/BioHorizons_10374%20REV04.pdf\" target=\"_blank\" rel=\"noopener\">\u2022 BioHorizons\u00ae<\/a><\/span><br \/>\n<span style=\"color: #ffffff;\"><a style=\"color: #ffffff;\" href=\"https:\/\/versah.com\/content\/DensifyingReferenceGuides\/2022NOV\/A-B\/Biomate%2010571%20REV01.pdf\" target=\"_blank\" rel=\"noopener\">\u2022 Biomate<\/a><\/span><br \/>\n<span style=\"color: #ffffff;\"><a style=\"color: #ffffff;\" href=\"https:\/\/versah.com\/content\/DensifyingReferenceGuides\/2026%20MARCH\/A-B\/BioTech%20Dental_full_kit_%2010312%20REV03.pdf\" target=\"_blank\" rel=\"noopener\">\u2022 BioTech Dental<\/a><\/span><br \/>\n<span style=\"color: #ffffff;\"><a style=\"color: #ffffff;\" href=\"https:\/\/versah.com\/content\/DensifyingReferenceGuides\/2026%20MARCH\/A-B\/Blue%20Sky%20Bio%2010534%20REV03.pdf\" target=\"_blank\" rel=\"noopener\">\u2022 Blue Sky Bio<\/a><\/span><br \/>\n<span style=\"color: #ffffff;\"><a style=\"color: #ffffff;\" href=\"https:\/\/versah.com\/content\/DensifyingReferenceGuides\/2026%20MARCH\/A-B\/Bredent%2010535%20REV03.pdf\" target=\"_blank\" rel=\"noopener\">\u2022 Bredent<\/a><\/span><br \/>\n<span style=\"color: #ffffff;\"><a style=\"color: #ffffff;\" href=\"https:\/\/versah.com\/content\/DensifyingReferenceGuides\/2026%20MARCH\/A-B\/BTI_full_densah_bur_kit_10720REV03.pdf\" target=\"_blank\" rel=\"noopener\">\u2022 BTI<\/a><\/span>[\/vc_column_text][\/vc_column][\/vc_row][vc_row][vc_column][vc_empty_space height=&#8221;50px&#8221;][vc_separator][vc_empty_space height=&#8221;50px&#8221;][\/vc_column][\/vc_row][vc_row][vc_column width=&#8221;1\/3&#8243; css=&#8221;.vc_custom_1690225608060{background-position: 0 0 !important;background-repeat: no-repeat !important;}&#8221;][vc_single_image image=&#8221;7453&#8243; img_size=&#8221;medium&#8221; alignment=&#8221;center&#8221;][\/vc_column][vc_column width=&#8221;1\/3&#8243;][vc_column_text]<a href=\"https:\/\/versah.com\/content\/DensifyingReferenceGuides\/2026%20MARCH\/C-K\/Camlog_10536REV04.pdf\" target=\"_blank\" rel=\"noopener\">\u2022 CAMLOG\u00ae<\/a><br \/>\n<a href=\"https:\/\/versah.com\/content\/DensifyingReferenceGuides\/2026%20MARCH\/C-K\/DENKA%20RG%2010537%20REV03.pdf\" target=\"_blank\" rel=\"noopener\">\u2022 DENKA<\/a><br \/>\n<a href=\"https:\/\/versah.com\/content\/DensifyingReferenceGuides\/2026%20MARCH\/C-K\/Dental%20Tech_11619%20REV01.pdf\" target=\"_blank\" rel=\"noopener\">\u2022 Dental Tech<\/a><br \/>\n<a href=\"https:\/\/versah.com\/content\/DensifyingReferenceGuides\/2026%20MARCH\/C-K\/Dentis_full_densah_bur_kit_rev03.pdf\" target=\"_blank\" rel=\"noopener\">\u2022 Dentis<\/a><br \/>\n<a href=\"https:\/\/versah.com\/content\/DensifyingReferenceGuides\/2026%20MARCH\/C-K\/Dentium%20Full%20DRG%2010721REV01.pdf\" target=\"_blank\" rel=\"noopener\">\u2022 Dentium<\/a><br \/>\n<a href=\"https:\/\/versah.com\/content\/DensifyingReferenceGuides\/2026%20MARCH\/C-K\/Dentsply_full%20kit_10572%20REV03%20v2.pdf\" target=\"_blank\" rel=\"noopener\">\u2022 Dentsply\u00ae<\/a><br \/>\n<a href=\"https:\/\/versah.com\/content\/DensifyingReferenceGuides\/2026%20MARCH\/C-K\/Dio_UF_10281%20rev03.pdf\" target=\"_blank\" rel=\"noopener\">\u2022 Dio<\/a><br \/>\n<a href=\"https:\/\/versah.com\/content\/DensifyingReferenceGuides\/2022NOV\/C-K\/DM%20Implants%20DRG%2011620%20REV00.pdf\">\u2022 DM Implants<\/a><br \/>\n<a href=\"https:\/\/versah.com\/content\/DensifyingReferenceGuides\/2026%20MARCH\/C-K\/DURA-VIT-RG-10538%20REV03.pdf\" target=\"_blank\" rel=\"noopener\">\u2022 DURA-VIT<\/a><br \/>\n<a href=\"https:\/\/versah.com\/content\/DensifyingReferenceGuides\/2026%20MARCH\/C-K\/Flotecno%2010104%20REV04.pdf\" target=\"_blank\" rel=\"noopener\">\u2022 Flotecno\u00ae<\/a><br \/>\n<a href=\"https:\/\/versah.com\/content\/DensifyingReferenceGuides\/2026%20MARCH\/C-K\/Galimplant_RG_10539%20REV03.pdf\" target=\"_blank\" rel=\"noopener\">\u2022 Galimplant<\/a><br \/>\n<a href=\"https:\/\/versah.com\/content\/DensifyingReferenceGuides\/2026%20MARCH\/C-K\/Genesis-Implants-RG-10540%20REV03.pdf\" target=\"_blank\" rel=\"noopener\">\u2022 Genesis Implants<\/a>[\/vc_column_text][\/vc_column][vc_column width=&#8221;1\/3&#8243;][vc_column_text]<a href=\"https:\/\/versah.com\/content\/DensifyingReferenceGuides\/2026%20MARCH\/C-K\/Hahn%20Tapered_RG_10541%20REV03.pdf\" target=\"_blank\" rel=\"noopener\">\u2022 Hahn<\/a><br \/>\n<a href=\"https:\/\/versah.com\/content\/DensifyingReferenceGuides\/2026%20MARCH\/C-K\/Hiossen%20Full%20Kit.pdf\" target=\"_blank\" rel=\"noopener\">\u2022 Hiossen<\/a><br \/>\n<a href=\"https:\/\/versah.com\/content\/DensifyingReferenceGuides\/2026%20MARCH\/C-K\/Implant%20Direct%2010543%20REV04.pdf\" target=\"_blank\" rel=\"noopener\">\u2022 Implant Direct\u00ae<\/a><br \/>\n<a href=\"https:\/\/versah.com\/content\/DensifyingReferenceGuides\/2026%20MARCH\/C-K\/ImplantSwiss-RG-10544%20REV03.pdf\" target=\"_blank\" rel=\"noopener\">\u2022 Implant Swiss<\/a><br \/>\n<a href=\"https:\/\/versah.com\/content\/DensifyingReferenceGuides\/2026%20MARCH\/C-K\/Intralock%2010545%20REV03.pdf\" target=\"_blank\" rel=\"noopener\">\u2022 IntraLock<\/a><br \/>\n<a href=\"https:\/\/versah.com\/content\/DensifyingReferenceGuides\/2026%20MARCH\/C-K\/Inverta_full%20kit_10472%20REV04.pdf\" target=\"_blank\" rel=\"noopener\">\u2022 Inverta<\/a><br \/>\n<a href=\"https:\/\/versah.com\/content\/DensifyingReferenceGuides\/2026%20MARCH\/C-K\/JD-Implant-RG-10546%20REV04.pdf\" target=\"_blank\" rel=\"noopener\">\u2022 JD Implant<\/a><br \/>\n<a href=\"https:\/\/versah.com\/content\/DensifyingReferenceGuides\/2026%20MARCH\/C-K\/Keystone%2010547%20REV03.pdf\" target=\"_blank\" rel=\"noopener\">\u2022 Keystone (Prima\u2122)<\/a><br \/>\n<a href=\"https:\/\/versah.com\/content\/DensifyingReferenceGuides\/2026%20MARCH\/C-K\/Klockner_full_densah_bur_kit.pdf\" target=\"_blank\" rel=\"noopener\">\u2022 Klockner<\/a>[\/vc_column_text][\/vc_column][\/vc_row][vc_row][vc_column][vc_empty_space height=&#8221;50px&#8221;][vc_separator][vc_empty_space height=&#8221;50px&#8221;][\/vc_column][\/vc_row][vc_row][vc_column width=&#8221;1\/3&#8243; css=&#8221;.vc_custom_1690225608060{background-position: 0 0 !important;background-repeat: no-repeat !important;}&#8221;][vc_single_image image=&#8221;7468&#8243; img_size=&#8221;medium&#8221; alignment=&#8221;center&#8221;][\/vc_column][vc_column width=&#8221;1\/3&#8243;][vc_column_text]<a href=\"https:\/\/versah.com\/content\/DensifyingReferenceGuides\/2026%20MARCH\/L-R\/Leone%20DRG.pdf\" target=\"_blank\" rel=\"noopener\">\u2022 Leone<\/a><br \/>\n<a href=\"https:\/\/versah.com\/content\/DensifyingReferenceGuides\/2026%20MARCH\/L-R\/Medentis%20Medical%2010225%20REV04.pdf\" target=\"_blank\" rel=\"noopener\">\u2022 Medentis Medical\u00ae<\/a><br \/>\n<a href=\"https:\/\/versah.com\/content\/DensifyingReferenceGuides\/2026%20MARCH\/L-R\/MegaGen_full_kit_10103%20REV10.pdf\" target=\"_blank\" rel=\"noopener\">\u2022 Mega&#8217;Gen<\/a><br \/>\n<a href=\"https:\/\/versah.com\/content\/DensifyingReferenceGuides\/2026%20MARCH\/L-R\/MIS_DRG_FULL_10199%20REV05.pdf\" target=\"_blank\" rel=\"noopener\">\u2022 MIS\u00ae<\/a><br \/>\n<a href=\"https:\/\/versah.com\/content\/DensifyingReferenceGuides\/2026%20MARCH\/L-R\/NeoBiotech%2010549%20REV03.pdf\" target=\"_blank\" rel=\"noopener\">\u2022 NeoBiotech<\/a><br \/>\n<a href=\"https:\/\/versah.com\/content\/DensifyingReferenceGuides\/2026%20MARCH\/L-R\/NeoDent%2010393%20REV06.pdf\" target=\"_blank\" rel=\"noopener\">\u2022 NeoDent<\/a><br \/>\n<a href=\"https:\/\/versah.com\/content\/DensifyingReferenceGuides\/2026%20MARCH\/L-R\/Neoss_RG_10550%20REV03.pdf\" target=\"_blank\" rel=\"noopener\">\u2022 Neoss\u2122<\/a><br \/>\n<a href=\"https:\/\/versah.com\/content\/DensifyingReferenceGuides\/2026%20MARCH\/L-R\/Nobel%20biocare%2010551%20REV05.pdf\" target=\"_blank\" rel=\"noopener\">\u2022 Nobel Biocare<\/a><br \/>\n<a href=\"https:\/\/versah.com\/content\/DensifyingReferenceGuides\/2026%20MARCH\/L-R\/Noris%20Medical%2010231%20REV04.pdf\" target=\"_blank\" rel=\"noopener\">\u2022 Noris Medical<\/a><br \/>\n<a href=\"https:\/\/versah.com\/content\/DensifyingReferenceGuides\/2026%20MARCH\/L-R\/Nova_RG_10552%20REV03.pdf\" target=\"_blank\" rel=\"noopener\">\u2022 Nova<\/a>[\/vc_column_text][\/vc_column][vc_column width=&#8221;1\/3&#8243;][vc_column_text]<a href=\"https:\/\/versah.com\/content\/DensifyingReferenceGuides\/2022NOV\/L-R\/OCO%20Biomedical_RG_10553%20REV02.pdf\" target=\"_blank\" rel=\"noopener\">\u2022 OCO Biomedical<\/a><br \/>\n<a href=\"https:\/\/versah.com\/content\/DensifyingReferenceGuides\/2022NOV\/L-R\/Osstem-10554%20REV02.pdf\" target=\"_blank\" rel=\"noopener\">\u2022 Osstem<\/a><br \/>\n<a href=\"https:\/\/versah.com\/content\/DensifyingReferenceGuides\/2022NOV\/L-R\/OsteoCare-RG-10555%20REV02.pdf\" target=\"_blank\" rel=\"noopener\">\u2022 OsteoCare<\/a><br \/>\n<a href=\"https:\/\/versah.com\/content\/DensifyingReferenceGuides\/2022NOV\/L-R\/Paltop%20DRG%2010556%20REV02.pdf\" target=\"_blank\" rel=\"noopener\">\u2022 Paltop\u00ae<\/a><br \/>\n<a href=\"https:\/\/versah.com\/content\/DensifyingReferenceGuides\/2022NOV\/L-R\/Plenum_10919%20rev00.pdf\" target=\"_blank\" rel=\"noopener\">\u2022 Plenum<\/a><br \/>\n<a href=\"https:\/\/versah.com\/content\/DensifyingReferenceGuides\/2022NOV\/L-R\/Ritter_RG_10557%20REV02.pdf\" target=\"_blank\" rel=\"noopener\">\u2022 Ritter\u00ae<\/a><br \/>\n<a href=\"https:\/\/versah.com\/content\/DensifyingReferenceGuides\/2022NOV\/L-R\/ROOTT%2010289%20REV03.pdf\" target=\"_blank\" rel=\"noopener\">\u2022 ROOTT<\/a>[\/vc_column_text][\/vc_column][\/vc_row][vc_row][vc_column][vc_empty_space height=&#8221;100px&#8221;][vc_separator][vc_empty_space height=&#8221;100px&#8221;][\/vc_column][\/vc_row][vc_row][vc_column width=&#8221;1\/3&#8243;][vc_single_image image=&#8221;7483&#8243; img_size=&#8221;medium&#8221; alignment=&#8221;center&#8221;][\/vc_column][vc_column width=&#8221;1\/3&#8243;][vc_column_text]<a href=\"https:\/\/versah.com\/content\/DensifyingReferenceGuides\/2026%20MARCH\/S-Z\/S.I.N%2010292%20REV04.pdf\" target=\"_blank\" rel=\"noopener\">\u2022 S.I.N<\/a><br \/>\n<a href=\"https:\/\/versah.com\/content\/DensifyingReferenceGuides\/2026%20MARCH\/S-Z\/SGS%20DRG%2010558%20REV03.pdf\" target=\"_blank\" rel=\"noopener\">\u2022 SGS\u00ae Dental<\/a><br \/>\n<a href=\"https:\/\/versah.com\/content\/DensifyingReferenceGuides\/2022NOV\/S-Z\/SLC%20DRG%2011621%20REV00.pdf\" target=\"_blank\" rel=\"noopener\">\u2022 SLC<\/a><br \/>\n<a href=\"https:\/\/versah.com\/content\/DensifyingReferenceGuides\/2026%20MARCH\/S-Z\/SNUCONE%2010559%20REV03.pdf\" target=\"_blank\" rel=\"noopener\">\u2022 SNUCONE<\/a><br \/>\n<a href=\"https:\/\/versah.com\/content\/DensifyingReferenceGuides\/2022NOV\/S-Z\/Southern%20Implant%20Full%20Kit%2010591%20REV02.pdf\" target=\"_blank\" rel=\"noopener\">\u2022 Southern Implant<\/a><br \/>\n<a href=\"https:\/\/versah.com\/content\/DensifyingReferenceGuides\/2026%20MARCH\/S-Z\/Strauman_full_kit_10561REV08.pdf\" target=\"_blank\" rel=\"noopener\">\u2022 Straumann\u00ae<\/a><br \/>\n<a href=\"https:\/\/versah.com\/content\/DensifyingReferenceGuides\/2022NOV\/S-Z\/Sweden%20%26%20Martina%2010562%20REV04.pdf\" target=\"_blank\" rel=\"noopener\">\u2022 Sweden &amp; Martina<\/a><br \/>\n<a href=\"https:\/\/versah.com\/content\/DensifyingReferenceGuides\/2026%20MARCH\/S-Z\/Tag-RG-10563%20REV03.pdf\" target=\"_blank\" rel=\"noopener\">\u2022 Tag<\/a><br \/>\n<a href=\"https:\/\/versah.com\/content\/DensifyingReferenceGuides\/2026%20MARCH\/S-Z\/Tatum%20Implants-RG-10564%20REV03.pdf\" target=\"_blank\" rel=\"noopener\">\u2022 Tatum Implants<\/a>[\/vc_column_text][\/vc_column][vc_column width=&#8221;1\/3&#8243;][vc_column_text]<a href=\"https:\/\/versah.com\/content\/DensifyingReferenceGuides\/2026%20MARCH\/S-Z\/Ticare_11065REV02.pdf\" target=\"_blank\" rel=\"noopener\">\u2022 Ticare<\/a><br \/>\n<a href=\"https:\/\/versah.com\/content\/DensifyingReferenceGuides\/2026%20MARCH\/S-Z\/Thommen%20Medical_RG_10565%20REV03.pdf\" target=\"_blank\" rel=\"noopener\">\u2022 Thommen Medical<\/a><br \/>\n<a href=\"https:\/\/versah.com\/content\/DensifyingReferenceGuides\/2026%20MARCH\/S-Z\/TIONE%2010566%20REV03.pdf\" target=\"_blank\" rel=\"noopener\">\u2022 TiONE<\/a><br \/>\n<a href=\"https:\/\/versah.com\/content\/DensifyingReferenceGuides\/2026%20MARCH\/S-Z\/TRI%2010567%20REV03.pdf\" target=\"_blank\" rel=\"noopener\">\u2022 TRI<\/a><br \/>\n<a href=\"https:\/\/versah.com\/content\/DensifyingReferenceGuides\/2026%20MARCH\/S-Z\/URIS%2010568%20REV03.pdf\" target=\"_blank\" rel=\"noopener\">\u2022 URIS<\/a><br \/>\n<a href=\"https:\/\/versah.com\/content\/DensifyingReferenceGuides\/2026%20MARCH\/S-Z\/Zimmer%2010570%20REV04.pdf\" target=\"_blank\" rel=\"noopener\">\u2022 Zimmer Biomet<\/a><br \/>\n<a href=\"https:\/\/store-w0dmr8dwvl.mybigcommerce.com\/content\/DensifyingReferenceGuides\/2026%20MARCH\/S-Z\/Z%20System_RG_10569%20REV03.pdf\" target=\"_blank\" rel=\"noopener\">\u2022 Z-System\u00ae<\/a>[\/vc_column_text][\/vc_column][\/vc_row][vc_row][vc_column][vc_empty_space height=&#8221;100px&#8221;][vc_column_text]<\/p>\n<h6><span style=\"color: #808080;\">10887 REV07 ostatnia aktualizacja: 3\/2026<\/span><\/h6>\n<p>[\/vc_column_text][\/vc_column][\/vc_row]<\/p>\n<\/section>","protected":false},"excerpt":{"rendered":"<p>[vc_row][vc_column][vc_empty_space height=&#8221;100px&#8221;][vc_custom_heading text=&#8221;PROTOKO\u0141Y SYSTEMU IMPLANT\u00d3W&#8221; font_container=&#8221;tag:p|font_size:35|text_align:center|color:%23c4d600&#8243; use_theme_fonts=&#8221;yes&#8221;][vc_single_image image=&#8221;26621&#8243; img_size=&#8221;full&#8221; alignment=&#8221;center&#8221;][vc_column_text] * Ocen\u0119 i do\u015bwiadczenie lekarza nale\u017cy stosowa\u0107 w po\u0142\u0105czeniu z<\/p>\n<p><a href=\"https:\/\/versahinternational.com\/pl\/wszechstronnosc-kliniczna\/przewodnik-referencyjny-dotyczacy-wiercenia-w-systemie-implantow-drg\/\" class=\"more-link\">Continue reading<span class=\"screen-reader-text\">Przewodnik referencyjny dotycz\u0105cy wiercenia w systemie implant\u00f3w \u2013 DRG<\/span><\/a><\/p>\n","protected":false},"author":2,"featured_media":0,"parent":11450,"menu_order":0,"comment_status":"closed","ping_status":"closed","template":"","meta":{"footnotes":""},"class_list":["post-10456","page","type-page","status-publish","hentry"],"jetpack_sharing_enabled":true,"_links":{"self":[{"href":"https:\/\/versahinternational.com\/pl\/wp-json\/wp\/v2\/pages\/10456","targetHints":{"allow":["GET"]}}],"collection":[{"href":"https:\/\/versahinternational.com\/pl\/wp-json\/wp\/v2\/pages"}],"about":[{"href":"https:\/\/versahinternational.com\/pl\/wp-json\/wp\/v2\/types\/page"}],"author":[{"embeddable":true,"href":"https:\/\/versahinternational.com\/pl\/wp-json\/wp\/v2\/users\/2"}],"replies":[{"embeddable":true,"href":"https:\/\/versahinternational.com\/pl\/wp-json\/wp\/v2\/comments?post=10456"}],"version-history":[{"count":56,"href":"https:\/\/versahinternational.com\/pl\/wp-json\/wp\/v2\/pages\/10456\/revisions"}],"predecessor-version":[{"id":27566,"href":"https:\/\/versahinternational.com\/pl\/wp-json\/wp\/v2\/pages\/10456\/revisions\/27566"}],"up":[{"embeddable":true,"href":"https:\/\/versahinternational.com\/pl\/wp-json\/wp\/v2\/pages\/11450"}],"wp:attachment":[{"href":"https:\/\/versahinternational.com\/pl\/wp-json\/wp\/v2\/media?parent=10456"}],"curies":[{"name":"wp","href":"https:\/\/api.w.org\/{rel}","templated":true}]}}