{"id":10546,"date":"2023-07-18T18:14:18","date_gmt":"2023-07-18T18:14:18","guid":{"rendered":"https:\/\/versahinternational.com\/natychmiastowe-wszczepienie-implantu\/"},"modified":"2023-12-20T21:08:50","modified_gmt":"2023-12-20T21:08:50","slug":"natychmiastowe-wszczepienie-implantu","status":"publish","type":"page","link":"https:\/\/versahinternational.com\/pl\/wszechstronnosc-kliniczna\/natychmiastowe-wszczepienie-implantu\/","title":{"rendered":"Natychmiastowe wszczepienie implantu"},"content":{"rendered":"<section class=\"wpb-content-wrapper\"><p>[vc_row][vc_column][vc_empty_space height=&#8221;100px&#8221;][vc_custom_heading text=&#8221;NATYCHMIASTOWE WSZCZEPIENIE IMPLANTU&#8221; font_container=&#8221;tag:p|font_size:35|text_align:center|color:%23c4d600&#8243; use_theme_fonts=&#8221;yes&#8221;][vc_btn title=&#8221;Pobierz Protok\u00f3\u0142&#8221; style=&#8221;outline-custom&#8221; outline_custom_color=&#8221;#c4d600&#8243; outline_custom_hover_background=&#8221;#666666&#8243; outline_custom_hover_text=&#8221;#ffffff&#8221; size=&#8221;lg&#8221; align=&#8221;center&#8221; link=&#8221;url:https%3A%2F%2Fversahinternational.com%2Fwp-content%2Fuploads%2F2023%2F12%2FPolish-Immediate-Implant-Placement-11051-REV00.pdf|title:Protok%C3%B3%C5%82%20u%C5%82atwionego%20rozszerzania%20wyrostka&#8221;][\/vc_column][\/vc_row][vc_row][vc_column css=&#8221;.vc_custom_1690309445942{background-color: #ffffff !important;}&#8221;][vc_empty_space height=&#8221;50px&#8221;][vc_separator][vc_column_text]<\/p>\n<div data-widget-id=\"ecf34c35-04ee-4d55-80f5-2b30c50127ca\" data-placement-id=\"b03f79d3-5287-4d86-b88e-4d16ee2698ae\" data-placement-status=\"ACTIVE\">\n<div class=\"sd-simple-text-ecf34c35-04ee-4d55-80f5-2b30c50127ca \">\n<div id=\"sd-simple-text-editable-ecf34c35-04ee-4d55-80f5-2b30c50127ca\" data-edit-mode=\"\">\n<p><span style=\"color: #222222 !important;\"><br \/>\n\u2022 ATRAUMATYCZNA EKSTRAKCJA Z\u0118BA BEZ LUB Z MINIMALNYM ODBICIEM P\u0141ATA.<br \/>\n\u2022 \u015aREDNICA IMPLANTU POWINNA BY\u0106 NIECO SZERSZA NI\u017b WIERZCHO\u0141EK Z\u0118BA.<br \/>\n\u2022 U\u017bYCIE WIERTE\u0141 DENSAH\u00ae W PE\u0141NYCH SKOKACH I W TRYBIE ZAG\u0118SZCZANIA KO\u015aCI (W LEWO).<br \/>\n\u2022 OSTATECZNA \u015aREDNICA WIERT\u0141A DENSAH\u00ae W CZ\u0118\u015aCI WIERZCHO\u0141KOWEJ POWINNA BY\u0106 \u2265 WIERZCHO\u0141KOWEJ \u015aREDNICY WIERZCHO\u0141KA Z\u0118BA.<br \/>\n\u2022 U\u017bYCIE DOBRZE UWODNIONEGO ALLOPRZESZCZEPU KOMPOZYTOWEGO (70\/30 KO\u015aCI G\u0104BCZASTEJ\/KOROWEJ) DO WYPE\u0141NIENIA Z\u0118BODO\u0141U.<br \/>\n\u2022 DO ZAG\u0118SZCZANIA ALLOPRZESZCZEPU NALE\u017bY U\u017bY\u0106 WIERT\u0141A DENSAH\u00ae MNIEJSZEGO O JEDEN ROZMIAR NI\u017b WIERT\u0141O OSTATNIO U\u017bYWANE.<br \/>\n\u2022 STABILNO\u015a\u0106 IMPLANTU MUSI ZOSTA\u0106 ZAPEWNIONA G\u0141\u00d3WNIE PRZEZ WIERZCHO\u0141KOW\u0104 CZ\u0118\u015a\u0106 Z\u0118BODO\u0141U.<\/span><\/p>\n<\/div>\n<\/div>\n<\/div>\n<p>[\/vc_column_text][vc_separator][vc_empty_space height=&#8221;50px&#8221;][vc_row_inner][vc_column_inner width=&#8221;2\/3&#8243;][vc_custom_heading text=&#8221;Krok 1:&#8221; font_container=&#8221;tag:p|font_size:20|text_align:left|color:%23c4d600&#8243; use_theme_fonts=&#8221;yes&#8221;][vc_column_text]<\/p>\n<div data-widget-id=\"ecf34c35-04ee-4d55-80f5-2b30c50127ca\" data-placement-id=\"b03f79d3-5287-4d86-b88e-4d16ee2698ae\" data-placement-status=\"ACTIVE\">\n<div class=\"sd-simple-text-ecf34c35-04ee-4d55-80f5-2b30c50127ca \">\n<div id=\"sd-simple-text-editable-ecf34c35-04ee-4d55-80f5-2b30c50127ca\" data-edit-mode=\"\">\n<p><span style=\"color: #222222 !important;\"><strong>Po atraumatycznej ekstrakcji z\u0119ba bez lub z minimalnym odbiciem p\u0142ata i degranulacj\u0105 z\u0119bodo\u0142u u\u017cyj wiert\u0142a pilotuj\u0105cego w trybie w prawo, aby uzyska\u0107 trajektori\u0119 implantu.<\/strong><\/span><\/p>\n<\/div>\n<\/div>\n<\/div>\n<p>[\/vc_column_text][\/vc_column_inner][vc_column_inner width=&#8221;1\/3&#8243;][vc_single_image image=&#8221;1177&#8243; img_size=&#8221;full&#8221;][\/vc_column_inner][\/vc_row_inner][vc_row_inner][vc_column_inner][vc_empty_space height=&#8221;50px&#8221;][\/vc_column_inner][\/vc_row_inner][vc_row_inner][vc_column_inner width=&#8221;2\/3&#8243;][vc_custom_heading text=&#8221;Krok 2a:&#8221; font_container=&#8221;tag:p|font_size:20|text_align:left|color:%23c4d600&#8243; use_theme_fonts=&#8221;yes&#8221;][vc_column_text]<\/p>\n<div data-widget-id=\"ecf34c35-04ee-4d55-80f5-2b30c50127ca\" data-placement-id=\"b03f79d3-5287-4d86-b88e-4d16ee2698ae\" data-placement-status=\"ACTIVE\">\n<div class=\"sd-simple-text-ecf34c35-04ee-4d55-80f5-2b30c50127ca \">\n<div id=\"sd-simple-text-editable-ecf34c35-04ee-4d55-80f5-2b30c50127ca\" data-edit-mode=\"\">\n<p><span style=\"color: #222222 !important;\">\u015arednic\u0119 implantu nale\u017cy dobra\u0107 na podstawie \u015brednicy wierzcho\u0142kowej z\u0119ba lub jego z\u0119bodo\u0142u. Implant musi by\u0107 nieco szerszy ni\u017c wierzcho\u0142ek z\u0119ba. <strong>Dzi\u0119ki temu stabilno\u015b\u0107 implantu zostanie zapewniona g\u0142\u00f3wnie przez wierzcho\u0142kow\u0105 cz\u0119\u015b\u0107 z\u0119bodo\u0142u.<\/strong><\/span><\/p>\n<\/div>\n<\/div>\n<\/div>\n<p>[\/vc_column_text][\/vc_column_inner][vc_column_inner width=&#8221;1\/3&#8243;][vc_single_image image=&#8221;1179&#8243; img_size=&#8221;full&#8221;][\/vc_column_inner][\/vc_row_inner][vc_row_inner][vc_column_inner][vc_empty_space height=&#8221;50px&#8221;][\/vc_column_inner][\/vc_row_inner][vc_row_inner][vc_column_inner width=&#8221;2\/3&#8243;][vc_custom_heading text=&#8221;Krok 2b:&#8221; font_container=&#8221;tag:p|font_size:20|text_align:left|color:%23c4d600&#8243; use_theme_fonts=&#8221;yes&#8221;][vc_column_text]<\/p>\n<div data-widget-id=\"ecf34c35-04ee-4d55-80f5-2b30c50127ca\" data-placement-id=\"b03f79d3-5287-4d86-b88e-4d16ee2698ae\" data-placement-status=\"ACTIVE\">\n<div class=\"sd-simple-text-ecf34c35-04ee-4d55-80f5-2b30c50127ca \">\n<div id=\"sd-simple-text-editable-ecf34c35-04ee-4d55-80f5-2b30c50127ca\" data-edit-mode=\"\">\n<p><span style=\"color: #222222 !important;\">Wybierz wiert\u0142o Densah\u00ae jako ostatnie wiert\u0142o preparacyjne na podstawie jego \u015brednicy w stosunku do z\u0119ba lub wierzcho\u0142kowej \u015brednicy z\u0119bodo\u0142u. <strong>Ostateczna \u015brednica wiert\u0142a Densah\u00ae musi by\u0107 \u2265 \u015brednicy wierzcho\u0142kowej z\u0119ba lub jego z\u0119bodo\u0142u.<\/strong><\/span><\/p>\n<\/div>\n<\/div>\n<\/div>\n<p>[\/vc_column_text][\/vc_column_inner][vc_column_inner width=&#8221;1\/3&#8243;][vc_single_image image=&#8221;1181&#8243; img_size=&#8221;full&#8221;][\/vc_column_inner][\/vc_row_inner][vc_row_inner][vc_column_inner][vc_empty_space height=&#8221;50px&#8221;][\/vc_column_inner][\/vc_row_inner][vc_row_inner][vc_column_inner width=&#8221;2\/3&#8243;][vc_custom_heading text=&#8221;Krok 3:&#8221; font_container=&#8221;tag:p|font_size:20|text_align:left|color:%23c4d600&#8243; use_theme_fonts=&#8221;yes&#8221;][vc_column_text]<\/p>\n<div data-widget-id=\"ecf34c35-04ee-4d55-80f5-2b30c50127ca\" data-placement-id=\"b03f79d3-5287-4d86-b88e-4d16ee2698ae\" data-placement-status=\"ACTIVE\">\n<div class=\"sd-simple-text-ecf34c35-04ee-4d55-80f5-2b30c50127ca \">\n<div id=\"sd-simple-text-editable-ecf34c35-04ee-4d55-80f5-2b30c50127ca\" data-edit-mode=\"\">\n<p><span style=\"color: #222222 !important;\"><strong>U\u017cyj wierte\u0142 Densah\u00ae w pe\u0142nych skokach,<\/strong> w zale\u017cno\u015bci od typu i \u015brednicy implantu. Po wykonaniu osteotomii pilotuj\u0105cej nale\u017cy prze\u0142\u0105czy\u0107 silnik chirurgiczny na tryb zag\u0119szczania (w lewo, 800\u20131500 obr.\/min z obfit\u0105 irygacj\u0105). Aby przygotowa\u0107 miejsce, zacznij od najw\u0119\u017cszego wiert\u0142a Densah\u00ae w trybie OD, a\u017c do osi\u0105gni\u0119cia \u017c\u0105danej g\u0142\u0119boko\u015bci (zacznij od wprowadzenia pracuj\u0105cego wiert\u0142a do osteotomii). Po dotykowym potwierdzeniu wypychania wiert\u0142a z osteotomii, unie\u015b i ponownie zastosuj nacisk ruchem pompuj\u0105cym, a\u017c do osi\u0105gni\u0119cia \u017c\u0105danej g\u0142\u0119boko\u015bci. U\u017cywaj szerszych wierte\u0142 Densah\u00ae a\u017c do osi\u0105gni\u0119cia wiert\u0142a wyznaczonego w kroku 2B. Wraz ze wzrostem \u015brednicy wiert\u0142a, ko\u015b\u0107 wierzcho\u0142kowa b\u0119dzie si\u0119 powoli rozszerza\u0107, aby pomie\u015bci\u0107 wyznaczon\u0105 \u015brednic\u0119 implantu.<\/span><\/p>\n<\/div>\n<\/div>\n<\/div>\n<p>[\/vc_column_text][\/vc_column_inner][vc_column_inner width=&#8221;1\/3&#8243;][vc_single_image image=&#8221;1183&#8243; img_size=&#8221;full&#8221;][\/vc_column_inner][\/vc_row_inner][vc_row_inner][vc_column_inner][vc_empty_space height=&#8221;50px&#8221;][\/vc_column_inner][\/vc_row_inner][vc_row_inner][vc_column_inner width=&#8221;2\/3&#8243;][vc_custom_heading text=&#8221;Krok 4:&#8221; font_container=&#8221;tag:p|font_size:20|text_align:left|color:%23c4d600&#8243; use_theme_fonts=&#8221;yes&#8221;][vc_column_text]<\/p>\n<div data-widget-id=\"ecf34c35-04ee-4d55-80f5-2b30c50127ca\" data-placement-id=\"b03f79d3-5287-4d86-b88e-4d16ee2698ae\" data-placement-status=\"ACTIVE\">\n<div class=\"sd-simple-text-ecf34c35-04ee-4d55-80f5-2b30c50127ca \">\n<div id=\"sd-simple-text-editable-ecf34c35-04ee-4d55-80f5-2b30c50127ca\" data-edit-mode=\"\">\n<p><span style=\"color: #222222 !important;\"><strong>Lu\u017ano wype\u0142nij osteotomi\u0119, umieszczaj\u0105c w z\u0119bodole dobrze uwodniony alloprzeszczep.<\/strong> Alloprzeszczep powinien zawiera\u0107 kombinacj\u0119 kom\u00f3rek ko\u015bci g\u0105bczastej i korowej w stosunku 70\/30.<\/span><\/p>\n<\/div>\n<\/div>\n<\/div>\n<p>[\/vc_column_text][\/vc_column_inner][vc_column_inner width=&#8221;1\/3&#8243;][vc_single_image image=&#8221;1185&#8243; img_size=&#8221;full&#8221;][\/vc_column_inner][\/vc_row_inner][vc_row_inner][vc_column_inner][vc_empty_space height=&#8221;50px&#8221;][\/vc_column_inner][\/vc_row_inner][vc_row_inner][vc_column_inner width=&#8221;2\/3&#8243;][vc_custom_heading text=&#8221;Krok 5:&#8221; font_container=&#8221;tag:p|font_size:20|text_align:left|color:%23c4d600&#8243; use_theme_fonts=&#8221;yes&#8221;][vc_column_text]<\/p>\n<div data-widget-id=\"ecf34c35-04ee-4d55-80f5-2b30c50127ca\" data-placement-id=\"b03f79d3-5287-4d86-b88e-4d16ee2698ae\" data-placement-status=\"ACTIVE\">\n<div class=\"sd-simple-text-ecf34c35-04ee-4d55-80f5-2b30c50127ca \">\n<div id=\"sd-simple-text-editable-ecf34c35-04ee-4d55-80f5-2b30c50127ca\" data-edit-mode=\"\">\n<p><span style=\"color: #222222 !important;\">Zag\u0119szczony alloprzeszczep mo\u017ce zwi\u0119kszy\u0107 pierwotn\u0105 stabilno\u015b\u0107 implantu w z\u0119bodole poekstrakcyjnym. <strong>Nale\u017cy u\u017cy\u0107 wiert\u0142a Densah\u00ae, kt\u00f3re jest o jeden rozmiar mniejsze ni\u017c ostatnie wiert\u0142o u\u017cyte do przygotowania z\u0119bodo\u0142u.<\/strong> U\u017cyj wiert\u0142a w kierunku w lewo, z nisk\u0105 pr\u0119dko\u015bci\u0105 <strong>150\u2013200 obr.\/min<\/strong> bez irygacji, aby zag\u0119\u015bci\u0107 allograft bocznie do \u015bcian z\u0119bodo\u0142u. Post\u0119puj zgodnie z t\u0105 sam\u0105 trajektori\u0105 przygotowania implantu.<\/span><\/p>\n<\/div>\n<\/div>\n<\/div>\n<p>[\/vc_column_text][\/vc_column_inner][vc_column_inner width=&#8221;1\/3&#8243;][vc_single_image image=&#8221;1187&#8243; img_size=&#8221;full&#8221;][\/vc_column_inner][\/vc_row_inner][vc_row_inner][vc_column_inner][vc_empty_space height=&#8221;50px&#8221;][\/vc_column_inner][\/vc_row_inner][vc_row_inner][vc_column_inner width=&#8221;2\/3&#8243;][vc_custom_heading text=&#8221;Krok 6:&#8221; font_container=&#8221;tag:p|font_size:20|text_align:left|color:%23c4d600&#8243; use_theme_fonts=&#8221;yes&#8221;][vc_column_text]<\/p>\n<div data-widget-id=\"ecf34c35-04ee-4d55-80f5-2b30c50127ca\" data-placement-id=\"b03f79d3-5287-4d86-b88e-4d16ee2698ae\" data-placement-status=\"ACTIVE\">\n<div class=\"sd-simple-text-ecf34c35-04ee-4d55-80f5-2b30c50127ca \">\n<div id=\"sd-simple-text-editable-ecf34c35-04ee-4d55-80f5-2b30c50127ca\" data-edit-mode=\"\">\n<p><span style=\"color: #222222 !important;\"><strong>Wprowad\u017a implant.<\/strong> W przypadku u\u017cywania silnika chirurgicznego do wprowadzenia implantu, urz\u0105dzenie mo\u017ce zatrzyma\u0107 si\u0119 po osi\u0105gni\u0119ciu maksymalnego momentu obrotowego. R\u0119cznie zako\u0144cz wprowadzanie implantu na odpowiedni\u0105 g\u0142\u0119boko\u015b\u0107 za pomoc\u0105 klucza dynamometrycznego.<\/span><\/p>\n<\/div>\n<\/div>\n<\/div>\n<p>[\/vc_column_text][\/vc_column_inner][vc_column_inner width=&#8221;1\/3&#8243;][vc_single_image image=&#8221;1189&#8243; img_size=&#8221;full&#8221;][\/vc_column_inner][\/vc_row_inner][vc_row_inner][vc_column_inner][vc_empty_space height=&#8221;50px&#8221;][vc_single_image image=&#8221;1191&#8243; img_size=&#8221;full&#8221; alignment=&#8221;center&#8221;][vc_column_text]<\/p>\n<div data-widget-id=\"ecf34c35-04ee-4d55-80f5-2b30c50127ca\" data-placement-id=\"b03f79d3-5287-4d86-b88e-4d16ee2698ae\" data-placement-status=\"ACTIVE\">\n<div class=\"sd-simple-text-ecf34c35-04ee-4d55-80f5-2b30c50127ca \">\n<div id=\"sd-simple-text-editable-ecf34c35-04ee-4d55-80f5-2b30c50127ca\" data-edit-mode=\"\">\n<p style=\"text-align: center;\"><span style=\"color: #222222 !important;\">* Dane w\u0142asne, odwied\u017a stron\u0119 versahinternational.com\/od-published-papers\/, aby uzyska\u0107 informacje o badaniach dotycz\u0105cych natychmiastowego wprowadzania implantu.<br \/>\n<strong>** Ocena i do\u015bwiadczenie lekarza powinny by\u0107 wykorzystywane w po\u0142\u0105czeniu z niniejszym protoko\u0142em sugerowanego stosowania w praktyce klinicznej.<\/strong><\/span><\/p>\n<\/div>\n<\/div>\n<\/div>\n<p>[\/vc_column_text][\/vc_column_inner][\/vc_row_inner][\/vc_column][\/vc_row][vc_row][vc_column][vc_empty_space height=&#8221;100px&#8221;][vc_column_text]<\/p>\n<h6><span style=\"color: #808080;\">10891 REV00 ostatnia aktualizacja: 08\/2023<\/span><\/h6>\n<p>[\/vc_column_text][\/vc_column][\/vc_row]<\/p>\n<\/section>","protected":false},"excerpt":{"rendered":"<p>[vc_row][vc_column][vc_empty_space height=&#8221;100px&#8221;][vc_custom_heading text=&#8221;NATYCHMIASTOWE WSZCZEPIENIE IMPLANTU&#8221; font_container=&#8221;tag:p|font_size:35|text_align:center|color:%23c4d600&#8243; use_theme_fonts=&#8221;yes&#8221;][vc_btn title=&#8221;Pobierz Protok\u00f3\u0142&#8221; style=&#8221;outline-custom&#8221; outline_custom_color=&#8221;#c4d600&#8243; outline_custom_hover_background=&#8221;#666666&#8243; outline_custom_hover_text=&#8221;#ffffff&#8221; size=&#8221;lg&#8221; align=&#8221;center&#8221; link=&#8221;url:https%3A%2F%2Fversahinternational.com%2Fwp-content%2Fuploads%2F2023%2F12%2FPolish-Immediate-Implant-Placement-11051-REV00.pdf|title:Protok%C3%B3%C5%82%20u%C5%82atwionego%20rozszerzania%20wyrostka&#8221;][\/vc_column][\/vc_row][vc_row][vc_column css=&#8221;.vc_custom_1690309445942{background-color: #ffffff !important;}&#8221;][vc_empty_space height=&#8221;50px&#8221;][vc_separator][vc_column_text]<\/p>\n<p><a href=\"https:\/\/versahinternational.com\/pl\/wszechstronnosc-kliniczna\/natychmiastowe-wszczepienie-implantu\/\" class=\"more-link\">Continue reading<span class=\"screen-reader-text\">Natychmiastowe wszczepienie implantu<\/span><\/a><\/p>\n","protected":false},"author":2,"featured_media":0,"parent":11450,"menu_order":0,"comment_status":"closed","ping_status":"closed","template":"","meta":{"footnotes":""},"class_list":["post-10546","page","type-page","status-publish","hentry"],"jetpack_sharing_enabled":true,"_links":{"self":[{"href":"https:\/\/versahinternational.com\/pl\/wp-json\/wp\/v2\/pages\/10546","targetHints":{"allow":["GET"]}}],"collection":[{"href":"https:\/\/versahinternational.com\/pl\/wp-json\/wp\/v2\/pages"}],"about":[{"href":"https:\/\/versahinternational.com\/pl\/wp-json\/wp\/v2\/types\/page"}],"author":[{"embeddable":true,"href":"https:\/\/versahinternational.com\/pl\/wp-json\/wp\/v2\/users\/2"}],"replies":[{"embeddable":true,"href":"https:\/\/versahinternational.com\/pl\/wp-json\/wp\/v2\/comments?post=10546"}],"version-history":[{"count":12,"href":"https:\/\/versahinternational.com\/pl\/wp-json\/wp\/v2\/pages\/10546\/revisions"}],"predecessor-version":[{"id":19442,"href":"https:\/\/versahinternational.com\/pl\/wp-json\/wp\/v2\/pages\/10546\/revisions\/19442"}],"up":[{"embeddable":true,"href":"https:\/\/versahinternational.com\/pl\/wp-json\/wp\/v2\/pages\/11450"}],"wp:attachment":[{"href":"https:\/\/versahinternational.com\/pl\/wp-json\/wp\/v2\/media?parent=10546"}],"curies":[{"name":"wp","href":"https:\/\/api.w.org\/{rel}","templated":true}]}}