{"id":10672,"date":"2023-07-20T19:56:01","date_gmt":"2023-07-20T19:56:01","guid":{"rendered":"https:\/\/versahinternational.com\/filmy-wideo-z-testow-podrobek\/"},"modified":"2024-11-14T18:33:49","modified_gmt":"2024-11-14T18:33:49","slug":"filmy-wideo-z-testow-podrobek","status":"publish","type":"page","link":"https:\/\/versahinternational.com\/pl\/filmy-wideo-z-testow-podrobek\/","title":{"rendered":"Filmy dotycz\u0105ce testowania produkt\u00f3w sfa\u0142szowanych"},"content":{"rendered":"<section class=\"wpb-content-wrapper\"><p>[vc_row][vc_column][vc_column_text]<\/p>\n<p class=\"p1\">[\/vc_column_text][\/vc_column][\/vc_row][vc_row][vc_column][vc_empty_space height=&#8221;100px&#8221;][vc_custom_heading text=&#8221;Doskona\u0142o\u015b\u0107 kliniczna jest naszym najwy\u017cszym priorytetem&#8221; font_container=&#8221;tag:p|font_size:35|text_align:center|color:%23c4d600&#8243; use_theme_fonts=&#8221;yes&#8221;][\/vc_column][\/vc_row][vc_row][vc_column][vc_single_image image=&#8221;23755&#8243; img_size=&#8221;full&#8221; alignment=&#8221;center&#8221;][vc_single_image image=&#8221;23771&#8243; img_size=&#8221;full&#8221; alignment=&#8221;center&#8221; onclick=&#8221;custom_link&#8221; link=&#8221;https:\/\/www.accessdata.fda.gov\/cms_ia\/importalert_224.html&#8221;][vc_separator][vc_empty_space height=&#8221;25px&#8221;][vc_column_text]<\/p>\n<div data-widget-id=\"472a2e16-35fc-4a9c-a949-c82f62acd128\" data-placement-id=\"774c3eda-6d22-46e3-8794-988c8ebb97ff\" data-placement-status=\"ACTIVE\">\n<div class=\"sd-simple-text-472a2e16-35fc-4a9c-a949-c82f62acd128\">\n<div id=\"sd-simple-text-editable-472a2e16-35fc-4a9c-a949-c82f62acd128\" data-edit-mode=\"\">\n<p style=\"text-align: center;\"><span style=\"color: #c4d600; font-size: 25px;\"><span class=\"TextRun SCXW62512105 BCX0\" lang=\"PL-PL\" xml:lang=\"PL-PL\" data-contrast=\"auto\"><span class=\"NormalTextRun SCXW62512105 BCX0\">Kupuj oryginalne produkty<\/span> <span class=\"SpellingError SCXW62512105 BCX0\">Versah<\/span><span class=\"NormalTextRun SCXW62512105 BCX0\">\u00a0<\/span><\/span><span class=\"EOP SCXW62512105 BCX0\" data-ccp-props=\"{}\">\u00a0<\/span><\/span><\/p>\n<\/div>\n<\/div>\n<\/div>\n<p>[\/vc_column_text][vc_btn title=&#8221;Znajd\u017a swojego dystrybutora&#8221; style=&#8221;outline-custom&#8221; outline_custom_color=&#8221;#c4d600&#8243; outline_custom_hover_background=&#8221;#666666&#8243; outline_custom_hover_text=&#8221;#ffffff&#8221; size=&#8221;lg&#8221; align=&#8221;center&#8221; link=&#8221;url:https%3A%2F%2Fversahinternational.com%2Fversah-international%2F|title:Versah%20International&#8221;][\/vc_column][\/vc_row][vc_row][vc_column][vc_column_text]<\/p>\n<p><span style=\"font-size: 1.125rem;\">[vc_empty_space height=&#8221;100px&#8221;][vc_custom_heading text=&#8221;Filmy dotycz\u0105ce testowania produkt\u00f3w sfa\u0142szowanych&#8221; font_container=&#8221;tag:p|font_size:25|text_align:center|color:%23c4d600&#8243; use_theme_fonts=&#8221;yes&#8221; css=&#8221;.vc_custom_1690223203991{background-color: #333333 !important;}&#8221;][\/vc_column_text][\/vc_column][\/vc_row][vc_row][vc_column width=&#8221;1\/2&#8243;][vc_column_text]<\/span><\/p>\n<p style=\"text-align: center;\"><strong><span style=\"color: #ffffff;\">Ekspandery MX i rozwiertaki DS<\/span><\/strong><\/p>\n<p>[\/vc_column_text][vc_video link=&#8221;https:\/\/www.youtube.com\/watch?v=pBO7WH2PZ2I&#8221; align=&#8221;center&#8221;][\/vc_column][vc_column width=&#8221;1\/2&#8243;][vc_column_text]<\/p>\n<p style=\"text-align: center;\"><strong><span style=\"color: #ffffff;\">HNM \u201eZero Drill\u201d<\/span><\/strong><\/p>\n<p>[\/vc_column_text][vc_video link=&#8221;https:\/\/www.youtube.com\/watch?v=nlNJ7LWBHJw&amp;list=TLGGpwsv7MKsuU0yNDA3MjAyMw&#8221; align=&#8221;center&#8221;][\/vc_column][\/vc_row][vc_row][vc_column][vc_empty_space height=&#8221;100px&#8221;][\/vc_column][\/vc_row][vc_row][vc_column width=&#8221;1\/2&#8243;][vc_column_text]<\/p>\n<p style=\"text-align: center;\"><span style=\"color: #ffffff;\"><strong>Zestaw wierte\u0142 DX<\/strong><\/span><\/p>\n<p>[\/vc_column_text][vc_video link=&#8221;https:\/\/www.youtube.com\/watch?v=6kxw6JJt778&amp;list=TLGGyI_tHlNHW6IyNDA3MjAyMw&#8221; align=&#8221;center&#8221;][\/vc_column][vc_column width=&#8221;1\/2&#8243;][vc_column_text]<\/p>\n<p style=\"text-align: center;\"><strong><span style=\"color: #ffffff;\">Zestaw wierte\u0142 Cosmos<\/span><\/strong><\/p>\n<p>[\/vc_column_text][vc_video link=&#8221;https:\/\/www.youtube.com\/watch?v=uafGadMUIs0&amp;list=TLGGOa3GbB7vPfAyNDA3MjAyMw&#8221; align=&#8221;center&#8221;][\/vc_column][\/vc_row][vc_row][vc_column][vc_empty_space height=&#8221;100px&#8221;][\/vc_column][\/vc_row][vc_row][vc_column width=&#8221;1\/2&#8243;][vc_column_text]<\/p>\n<p style=\"text-align: center;\"><span style=\"color: #ffffff;\"><strong>Waldent (produkt sfa\u0142szowany wyprodukowany w Pakistanie)<\/strong><\/span><\/p>\n<p>[\/vc_column_text][vc_video link=&#8221;https:\/\/www.youtube.com\/watch?v=PzoPsKX6GoI&#8221; align=&#8221;center&#8221;][\/vc_column][vc_column width=&#8221;1\/2&#8243;][vc_column_text]<\/p>\n<p style=\"text-align: center;\"><span style=\"color: #ffffff;\"><strong>Cowell Medi (produkt sfa\u0142szowany wyprodukowany w Pakistanie)<\/strong><\/span><\/p>\n<p>[\/vc_column_text][vc_video link=&#8221;https:\/\/www.youtube.com\/watch?v=fNeuimzyscU&amp;list=TLGGdwPmMdPTrBwyNDA3MjAyMw&#8221; align=&#8221;center&#8221;][\/vc_column][\/vc_row][vc_row][vc_column][vc_empty_space height=&#8221;100px&#8221;][\/vc_column][\/vc_row][vc_row][vc_column width=&#8221;1\/2&#8243;][vc_column_text]<\/p>\n<p style=\"text-align: center;\"><strong><span style=\"color: #ffffff;\">Produkt sfa\u0142szowany wyprodukowany w Pakistanie<\/span><\/strong><\/p>\n<p>[\/vc_column_text][vc_video link=&#8221;https:\/\/www.youtube.com\/watch?v=lUuy-gS7h5Q&amp;list=TLGGYQ-cBPZqR70yNDA3MjAyMw&#8221; align=&#8221;center&#8221;][\/vc_column][vc_column width=&#8221;1\/2&#8243;][\/vc_column][\/vc_row][vc_row][vc_column][vc_empty_space height=&#8221;100px&#8221;][vc_column_text]<\/p>\n<h6><span style=\"color: #808080;\">10907 REV01 ostatnia aktualizacja: 11\/2024<\/span><\/h6>\n<p>[\/vc_column_text][\/vc_column][\/vc_row]<\/p>\n<\/section>","protected":false},"excerpt":{"rendered":"<p>[vc_row][vc_column][vc_column_text] [\/vc_column_text][\/vc_column][\/vc_row][vc_row][vc_column][vc_empty_space height=&#8221;100px&#8221;][vc_custom_heading text=&#8221;Doskona\u0142o\u015b\u0107 kliniczna jest naszym najwy\u017cszym priorytetem&#8221; font_container=&#8221;tag:p|font_size:35|text_align:center|color:%23c4d600&#8243; use_theme_fonts=&#8221;yes&#8221;][\/vc_column][\/vc_row][vc_row][vc_column][vc_single_image image=&#8221;23755&#8243; img_size=&#8221;full&#8221; alignment=&#8221;center&#8221;][vc_single_image image=&#8221;23771&#8243; img_size=&#8221;full&#8221; alignment=&#8221;center&#8221; onclick=&#8221;custom_link&#8221; link=&#8221;https:\/\/www.accessdata.fda.gov\/cms_ia\/importalert_224.html&#8221;][vc_separator][vc_empty_space height=&#8221;25px&#8221;][vc_column_text]<\/p>\n<p><a href=\"https:\/\/versahinternational.com\/pl\/filmy-wideo-z-testow-podrobek\/\" class=\"more-link\">Continue reading<span class=\"screen-reader-text\">Filmy dotycz\u0105ce testowania produkt\u00f3w sfa\u0142szowanych<\/span><\/a><\/p>\n","protected":false},"author":2,"featured_media":0,"parent":0,"menu_order":0,"comment_status":"closed","ping_status":"closed","template":"","meta":{"footnotes":""},"class_list":["post-10672","page","type-page","status-publish","hentry"],"jetpack_sharing_enabled":true,"_links":{"self":[{"href":"https:\/\/versahinternational.com\/pl\/wp-json\/wp\/v2\/pages\/10672","targetHints":{"allow":["GET"]}}],"collection":[{"href":"https:\/\/versahinternational.com\/pl\/wp-json\/wp\/v2\/pages"}],"about":[{"href":"https:\/\/versahinternational.com\/pl\/wp-json\/wp\/v2\/types\/page"}],"author":[{"embeddable":true,"href":"https:\/\/versahinternational.com\/pl\/wp-json\/wp\/v2\/users\/2"}],"replies":[{"embeddable":true,"href":"https:\/\/versahinternational.com\/pl\/wp-json\/wp\/v2\/comments?post=10672"}],"version-history":[{"count":8,"href":"https:\/\/versahinternational.com\/pl\/wp-json\/wp\/v2\/pages\/10672\/revisions"}],"predecessor-version":[{"id":23786,"href":"https:\/\/versahinternational.com\/pl\/wp-json\/wp\/v2\/pages\/10672\/revisions\/23786"}],"wp:attachment":[{"href":"https:\/\/versahinternational.com\/pl\/wp-json\/wp\/v2\/media?parent=10672"}],"curies":[{"name":"wp","href":"https:\/\/api.w.org\/{rel}","templated":true}]}}