{"id":10757,"date":"2023-07-20T19:55:04","date_gmt":"2023-07-20T19:55:04","guid":{"rendered":"https:\/\/versahinternational.com\/unikaj-powiklan-zwiazanych-z-tepym-spalaniem\/"},"modified":"2024-09-11T14:08:17","modified_gmt":"2024-09-11T14:08:17","slug":"unikaj-powiklan-zwiazanych-z-tepym-spalaniem","status":"publish","type":"page","link":"https:\/\/versahinternational.com\/pl\/filmy-edukacyjne\/unikaj-powiklan-zwiazanych-z-tepym-spalaniem\/","title":{"rendered":"Unikanie powik\u0142a\u0144 spowodowanych t\u0119pym wiert\u0142em"},"content":{"rendered":"<section class=\"wpb-content-wrapper\"><p>[vc_row][vc_column][vc_empty_space height=&#8221;100px&#8221;][vc_custom_heading text=&#8221;UNIKANIE POWIK\u0141A\u0143 SPOWODOWANYCH T\u0118PYM WIERT\u0141EM&#8221; font_container=&#8221;tag:p|font_size:35|text_align:center|color:%23c4d600&#8243; use_theme_fonts=&#8221;yes&#8221;][\/vc_column][\/vc_row][vc_row][vc_column][vc_video link=&#8221;https:\/\/youtu.be\/OE68eeffaJQ&#8221; align=&#8221;center&#8221;][\/vc_column][\/vc_row][vc_row][vc_column][vc_empty_space height=&#8221;100px&#8221;][vc_custom_heading text=&#8221;Wiert\u0142a nale\u017cy wymienia\u0107 co 20 osteotomii&#8221; font_container=&#8221;tag:p|font_size:35|text_align:center|color:%23c4d600&#8243; use_theme_fonts=&#8221;yes&#8221; css=&#8221;.vc_custom_1726063626283{background-color: #333333 !important;}&#8221;][vc_single_image image=&#8221;22401&#8243; img_size=&#8221;full&#8221; alignment=&#8221;center&#8221;][\/vc_column][\/vc_row][vc_row][vc_column][vc_column_text]<span style=\"color: #ffffff;\">\u2022 Wiert\u0142a chirurgiczne nale\u017cy wymienia\u0107, gdy s\u0105 st\u0119pione lub zu\u017cyte.<\/span><\/p>\n<p><span style=\"color: #ffffff;\">\u2022 Versah zaleca wymian\u0119 wierte\u0142 Densah po wykonaniu 20 osteotomii, aby unikn\u0105\u0107 powik\u0142a\u0144 klinicznych i zoptymalizowa\u0107 powodzenie kliniczne. Zbyt d\u0142ugie u\u017cytkowanie wierte\u0142 Densah mo\u017ce prowadzi\u0107 do uraz\u00f3w u pacjenta i powik\u0142a\u0144 chirurgicznych. Zaleca si\u0119 przechowywanie zapasowych wierte\u0142 Densah w \u0142atwo dost\u0119pnym miejscu na wypadek, gdyby konieczna by\u0142a ich wymiana podczas zabiegu.<\/span><\/p>\n<p><span style=\"color: #ffffff;\">\u2022 Wiert\u0142a ZGO Densah i sto\u017ckowe wiert\u0142o pilotuj\u0105ce ZGO s\u0105 przeznaczone wy\u0142\u0105cznie do jednorazowego u\u017cytku. <\/span><\/p>\n<p><span style=\"color: #ffffff;\">\u2022 Pionowy przyrz\u0105d pomiarowy G-Stop i tuleja C-Guide s\u0105 przeznaczone wy\u0142\u0105cznie do jednorazowego u\u017cytku.<\/span><\/p>\n<p><span style=\"color: #ffffff;\">\u2022 Zaleca si\u0119 wymian\u0119 klucza G-Stop Key po wykonaniu 12\u201320 osteotomii.<\/span><\/p>\n<p><span style=\"color: #ffffff;\">\u2022 Wiert\u0142a ZGO Densah i sto\u017ckowe wiert\u0142o pilotuj\u0105ce ZGO s\u0105 przeznaczone wy\u0142\u0105cznie do jednorazowego u\u017cytku. Ponowne u\u017cycie tego wyrobu mo\u017ce prowadzi\u0107 do obra\u017ce\u0144 pacjenta, infekcji i\/lub awarii wyrobu.<\/span><\/p>\n<p><span style=\"color: #ffffff;\">\u2022 Tuleja ZGO C-Guide jest przeznaczona do jednorazowego u\u017cytku.<\/span><\/p>\n<div data-sub-layout-container=\"5eac6217-1660-4483-9817-4e25d0dbe867\" data-layout-name=\"banner\">\n<div data-sub-layout=\"2d10f19e-7813-4778-b28e-78b8990b4a01\">\n<div data-widget-id=\"627d38f9-cd12-4b7b-9e33-2490d88e1df1\" data-placement-id=\"943e48da-e709-4b95-872c-24cf5029c579\" data-placement-status=\"ACTIVE\">\n<div class=\"sd-simple-text-627d38f9-cd12-4b7b-9e33-2490d88e1df1 \">\n<div id=\"sd-simple-text-editable-627d38f9-cd12-4b7b-9e33-2490d88e1df1\" data-edit-mode=\"\">\n<p>* Chacon GE, Bower DL, Larsen PE, et al. Heat production by three implant drill systems after repeated drilling and sterilization. J Oral Maxillofac Surg. 2006;64(2):265-269<\/p>\n<\/div>\n<\/div>\n<\/div>\n<\/div>\n<\/div>\n<div data-sub-layout-container=\"30e94b05-1117-4974-961d-8265cb269467\" data-layout-name=\"Layout\">\n<div data-sub-layout=\"0bc56f28-39ab-4a70-b47d-266ad1700f41\">\n<div data-widget-id=\"34fa7f48-88a0-493a-97c1-617cc2e5068d\" data-placement-id=\"a4dc5aba-3fc5-4a11-8190-a6c9afb2f92d\" data-placement-status=\"ACTIVE\">\n<div class=\"sd-divider-wrapper-34fa7f48-88a0-493a-97c1-617cc2e5068d\"><\/div>\n<\/div>\n<\/div>\n<\/div>\n<p>[\/vc_column_text][\/vc_column][\/vc_row][vc_row][vc_column][vc_empty_space height=&#8221;100px&#8221;][vc_custom_heading text=&#8221;Korzystaj z dziennika \u015bledzenia posiadanych wierte\u0142 Densah!&#8221; font_container=&#8221;tag:p|font_size:35|text_align:center|color:%23c4d600&#8243; use_theme_fonts=&#8221;yes&#8221; css=&#8221;.vc_custom_1690217409786{background-color: #333333 !important;}&#8221;][\/vc_column][\/vc_row][vc_row][vc_column width=&#8221;1\/2&#8243;][vc_single_image image=&#8221;1060&#8243; img_size=&#8221;full&#8221; alignment=&#8221;center&#8221; onclick=&#8221;link_image&#8221;][\/vc_column][vc_column width=&#8221;1\/2&#8243;][vc_single_image image=&#8221;1062&#8243; img_size=&#8221;full&#8221; alignment=&#8221;center&#8221; onclick=&#8221;link_image&#8221;][\/vc_column][\/vc_row][vc_row][vc_column][vc_empty_space height=&#8221;100px&#8221;][vc_column_text]<\/p>\n<h6><span style=\"color: #808080;\">10906 REV01 ostatnia aktualizacja: 09\/2024<\/span><\/h6>\n<p>[\/vc_column_text][\/vc_column][\/vc_row]<\/p>\n<\/section>","protected":false},"excerpt":{"rendered":"<p>[vc_row][vc_column][vc_empty_space height=&#8221;100px&#8221;][vc_custom_heading text=&#8221;UNIKANIE POWIK\u0141A\u0143 SPOWODOWANYCH T\u0118PYM WIERT\u0141EM&#8221; font_container=&#8221;tag:p|font_size:35|text_align:center|color:%23c4d600&#8243; use_theme_fonts=&#8221;yes&#8221;][\/vc_column][\/vc_row][vc_row][vc_column][vc_video link=&#8221;https:\/\/youtu.be\/OE68eeffaJQ&#8221; align=&#8221;center&#8221;][\/vc_column][\/vc_row][vc_row][vc_column][vc_empty_space height=&#8221;100px&#8221;][vc_custom_heading text=&#8221;Wiert\u0142a nale\u017cy wymienia\u0107 co 20 osteotomii&#8221; font_container=&#8221;tag:p|font_size:35|text_align:center|color:%23c4d600&#8243; use_theme_fonts=&#8221;yes&#8221;<\/p>\n<p><a href=\"https:\/\/versahinternational.com\/pl\/filmy-edukacyjne\/unikaj-powiklan-zwiazanych-z-tepym-spalaniem\/\" class=\"more-link\">Continue reading<span class=\"screen-reader-text\">Unikanie powik\u0142a\u0144 spowodowanych t\u0119pym wiert\u0142em<\/span><\/a><\/p>\n","protected":false},"author":2,"featured_media":0,"parent":11480,"menu_order":0,"comment_status":"closed","ping_status":"closed","template":"","meta":{"footnotes":""},"class_list":["post-10757","page","type-page","status-publish","hentry"],"jetpack_sharing_enabled":true,"_links":{"self":[{"href":"https:\/\/versahinternational.com\/pl\/wp-json\/wp\/v2\/pages\/10757","targetHints":{"allow":["GET"]}}],"collection":[{"href":"https:\/\/versahinternational.com\/pl\/wp-json\/wp\/v2\/pages"}],"about":[{"href":"https:\/\/versahinternational.com\/pl\/wp-json\/wp\/v2\/types\/page"}],"author":[{"embeddable":true,"href":"https:\/\/versahinternational.com\/pl\/wp-json\/wp\/v2\/users\/2"}],"replies":[{"embeddable":true,"href":"https:\/\/versahinternational.com\/pl\/wp-json\/wp\/v2\/comments?post=10757"}],"version-history":[{"count":7,"href":"https:\/\/versahinternational.com\/pl\/wp-json\/wp\/v2\/pages\/10757\/revisions"}],"predecessor-version":[{"id":22417,"href":"https:\/\/versahinternational.com\/pl\/wp-json\/wp\/v2\/pages\/10757\/revisions\/22417"}],"up":[{"embeddable":true,"href":"https:\/\/versahinternational.com\/pl\/wp-json\/wp\/v2\/pages\/11480"}],"wp:attachment":[{"href":"https:\/\/versahinternational.com\/pl\/wp-json\/wp\/v2\/media?parent=10757"}],"curies":[{"name":"wp","href":"https:\/\/api.w.org\/{rel}","templated":true}]}}