{"id":11049,"date":"2023-07-18T18:16:04","date_gmt":"2023-07-18T18:16:04","guid":{"rendered":"https:\/\/versahinternational.com\/przeszczep-sterowany-2-etapowy-protokol-augmentacji\/"},"modified":"2023-12-20T21:11:05","modified_gmt":"2023-12-20T21:11:05","slug":"przeszczep-sterowany-2-etapowy-protokol-augmentacji","status":"publish","type":"page","link":"https:\/\/versahinternational.com\/pl\/wszechstronnosc-kliniczna\/przeszczep-sterowany-2-etapowy-protokol-augmentacji\/","title":{"rendered":"Sterowany przeszczep rozszerzaj\u0105cy: 2-etapowy protok\u00f3\u0142 augmentacji"},"content":{"rendered":"<section class=\"wpb-content-wrapper\"><p>[vc_row][vc_column][vc_empty_space height=&#8221;100px&#8221;][vc_custom_heading text=&#8221;STEROWANY PRZESZCZEP ROZSZERZAJ\u0104CY&#8221; font_container=&#8221;tag:p|font_size:35|text_align:center|color:%23c4d600&#8243; use_theme_fonts=&#8221;yes&#8221;][vc_btn title=&#8221;Pobierz Protok\u00f3\u0142&#8221; style=&#8221;outline-custom&#8221; outline_custom_color=&#8221;#c4d600&#8243; outline_custom_hover_background=&#8221;#666666&#8243; outline_custom_hover_text=&#8221;#ffffff&#8221; size=&#8221;lg&#8221; align=&#8221;center&#8221; link=&#8221;url:https%3A%2F%2Fversahinternational.com%2Fwp-content%2Fuploads%2F2023%2F12%2FPolish-Guided-Expansion-Graft-protocol-11054-REV00.pdf|title:Protok%C3%B3%C5%82%20u%C5%82atwionego%20rozszerzania%20wyrostka&#8221;][vc_column_text]<\/p>\n<p style=\"text-align: center;\">Dotyczy przypadk\u00f3w z pocz\u0105tkow\u0105 szeroko\u015bci\u0105 wyrostka \u2264 3,0 mm<\/p>\n<p>[\/vc_column_text][\/vc_column][\/vc_row][vc_row][vc_column css=&#8221;.vc_custom_1690311965541{background-color: #ffffff !important;}&#8221;][vc_separator][vc_column_text]<\/p>\n<div data-widget-id=\"ecf34c35-04ee-4d55-80f5-2b30c50127ca\" data-placement-id=\"b03f79d3-5287-4d86-b88e-4d16ee2698ae\" data-placement-status=\"ACTIVE\">\n<div class=\"sd-simple-text-ecf34c35-04ee-4d55-80f5-2b30c50127ca \">\n<div id=\"sd-simple-text-editable-ecf34c35-04ee-4d55-80f5-2b30c50127ca\" data-edit-mode=\"\">\n<p><span style=\"color: #222222 !important;\">\u2022 U\u017bYCIE WIERT\u0141A PILOTUJ\u0104CEGO W TRYBIE W PRAWO I WIERCENIE ZGODNIE Z G\u0141\u0118BOKO\u015aCI\u0104 I ANGULACJ\u0104 IMPLANTU<br \/>\n\u2022 U\u017bYCIE KOLEJNYCH WIERTE\u0141 DENSAH\u00ae W MNIEJSZYCH SKOKACH W CELU ROZSZERZENIA OSTEOTOMII I ZWI\u0118KSZENIA PLASTYCZNO\u015aCI KO\u015aCI<br \/>\n\u2022 OSTATECZNA \u015aREDNICA ROZSZERZENIA NIE POWINNA PRZEKRACZA\u0106 FORMU\u0141Y PLUS JEDEN (POCZ\u0104TKOWA SZEROKO\u015a\u0106 WYROSTKA + 1 MM)<br \/>\n\u2022 PRZESZCZEP KOMBINACJI ALLOGRAFT G\u0104BCZASTO-KOROWEGO 70\/30 DO NOWO UTWORZONEGO Z\u0118BODO\u0141U<br \/>\n\u2022 GOJENIE PRZEZ 3\u20136 MIESI\u0118CY<br \/>\n\u2022 PONOWNE UZYSKANIE DOST\u0118PU DO MIEJSCA IMPLANTACJI W CELU PRZYGOTOWANIA DO WSZCZEPIENIA IMPLANTU Z WYKORZYSTANIEM ZAG\u0118SZCZENIA KO\u015aCI ZA POMOC\u0104 WIERTE\u0141 DENSAH\u00ae<\/span><\/p>\n<\/div>\n<\/div>\n<\/div>\n<p>[\/vc_column_text][vc_separator][vc_empty_space height=&#8221;50px&#8221;][vc_row_inner][vc_column_inner width=&#8221;2\/3&#8243;][vc_custom_heading text=&#8221;Krok 1:&#8221; font_container=&#8221;tag:p|font_size:20|text_align:left|color:%23c4d600&#8243; use_theme_fonts=&#8221;yes&#8221;][vc_column_text]<\/p>\n<div data-widget-id=\"ecf34c35-04ee-4d55-80f5-2b30c50127ca\" data-placement-id=\"b03f79d3-5287-4d86-b88e-4d16ee2698ae\" data-placement-status=\"ACTIVE\">\n<div class=\"sd-simple-text-ecf34c35-04ee-4d55-80f5-2b30c50127ca \">\n<div id=\"sd-simple-text-editable-ecf34c35-04ee-4d55-80f5-2b30c50127ca\" data-edit-mode=\"\">\n<p><span style=\"color: #222222 !important;\">Wypreparuj p\u0142at tkanki mi\u0119kkiej przy u\u017cyciu techniki wskazanej dla pozycji implantu. <strong>Wywier\u0107 otw\u00f3r o g\u0142\u0119boko\u015bci i angulacji w\u0142a\u015bciwej dla implantu, u\u017cywaj\u0105c w\u0105skiego wiert\u0142a pilotuj\u0105cego, najlepiej 1,3\u20131,5 mm. (Pr\u0119dko\u015b\u0107 obrotowa 800-1500 obr.\/min z obfitym nawadnianiem).<\/strong><\/span><\/p>\n<\/div>\n<\/div>\n<\/div>\n<p>[\/vc_column_text][\/vc_column_inner][vc_column_inner width=&#8221;1\/3&#8243;][vc_single_image image=&#8221;1228&#8243; img_size=&#8221;full&#8221;][\/vc_column_inner][\/vc_row_inner][vc_row_inner][vc_column_inner][vc_empty_space height=&#8221;50px&#8221;][\/vc_column_inner][\/vc_row_inner][vc_row_inner][vc_column_inner width=&#8221;2\/3&#8243;][vc_custom_heading text=&#8221;Krok 2:&#8221; font_container=&#8221;tag:p|font_size:20|text_align:left|color:%23c4d600&#8243; use_theme_fonts=&#8221;yes&#8221;][vc_column_text]<\/p>\n<div data-widget-id=\"ecf34c35-04ee-4d55-80f5-2b30c50127ca\" data-placement-id=\"b03f79d3-5287-4d86-b88e-4d16ee2698ae\" data-placement-status=\"ACTIVE\">\n<div class=\"sd-simple-text-ecf34c35-04ee-4d55-80f5-2b30c50127ca \">\n<div id=\"sd-simple-text-editable-ecf34c35-04ee-4d55-80f5-2b30c50127ca\" data-edit-mode=\"\">\n<p><span style=\"color: #222222 !important;\">W zale\u017cno\u015bci od typu i \u015brednicy implantu nale\u017cy post\u0119powa\u0107 zgodnie z odpowiednim protoko\u0142em wiercenia w systemie implant\u00f3w, zaczynaj\u0105c od najmniejszego wiert\u0142a Densah\u00ae do g\u0142\u0119boko\u015bci o 1 mm wi\u0119kszej ni\u017c planowana d\u0142ugo\u015b\u0107 implantu. U\u017cywaj wierte\u0142 Densah\u00ae w trybie OD (w lewo, pr\u0119dko\u015b\u0107 wiercenia 800\u20131500 obr.\/min z obfit\u0105 irygacj\u0105). <strong>U\u017cywaj kolejnych wierte\u0142 Densah\u00ae w mniejszych skokach, aby zwi\u0119kszy\u0107 plastyczno\u015b\u0107 ko\u015bci i rozszerzy\u0107 osteotomi\u0119.<\/strong> Na przyk\u0142ad, u\u017cyj wiert\u0142a Densah\u00ae (2.0) po wiertle pilotuj\u0105cym, nast\u0119pnie wykonaj rozszerzanie wiert\u0142em Densah\u00ae (2.3), u\u017cyj wiert\u0142a Densah\u00ae (2.5), a nast\u0119pnie wprowad\u017a wiert\u0142o Densah\u00ae (3.0).<\/span><\/p>\n<\/div>\n<\/div>\n<\/div>\n<p>[\/vc_column_text][\/vc_column_inner][vc_column_inner width=&#8221;1\/3&#8243;][vc_single_image image=&#8221;1230&#8243; img_size=&#8221;full&#8221;][\/vc_column_inner][\/vc_row_inner][vc_row_inner][vc_column_inner][vc_empty_space height=&#8221;50px&#8221;][\/vc_column_inner][\/vc_row_inner][vc_row_inner][vc_column_inner width=&#8221;2\/3&#8243;][vc_custom_heading text=&#8221;Krok 3:&#8221; font_container=&#8221;tag:p|font_size:20|text_align:left|color:%23c4d600&#8243; use_theme_fonts=&#8221;yes&#8221;][vc_column_text]<\/p>\n<div data-widget-id=\"ecf34c35-04ee-4d55-80f5-2b30c50127ca\" data-placement-id=\"b03f79d3-5287-4d86-b88e-4d16ee2698ae\" data-placement-status=\"ACTIVE\">\n<div class=\"sd-simple-text-ecf34c35-04ee-4d55-80f5-2b30c50127ca \">\n<div id=\"sd-simple-text-editable-ecf34c35-04ee-4d55-80f5-2b30c50127ca\" data-edit-mode=\"\">\n<p><span style=\"color: #222222 !important;\">Zwi\u0119kszaj \u015brednic\u0119 osteotomii ma\u0142ymi krokami, a\u017c do osi\u0105gni\u0119cia zamierzonego rozszerzenia. W miar\u0119 zwi\u0119kszania \u015brednicy wiert\u0142a ko\u015b\u0107 b\u0119dzie powoli ulega\u0107 rozszerzeniu do ostatecznej \u015brednicy rozszerzenia. <strong>Ostateczna \u015brednica rozszerzenia nie powinna przekracza\u0107 formu\u0142y plus 1 (pocz\u0105tkowa szeroko\u015b\u0107 wyrostka + 1 mm).<\/strong> Na przyk\u0142ad, je\u015bli rozpoczyna si\u0119 przy wyrostku 3 mm, maksymalna oczekiwana ostateczna \u015brednica osteotomii nie powinna przekracza\u0107 (3+1) = 4 mm.<\/span><\/p>\n<\/div>\n<\/div>\n<\/div>\n<p>[\/vc_column_text][\/vc_column_inner][vc_column_inner width=&#8221;1\/3&#8243;][vc_single_image image=&#8221;1232&#8243; img_size=&#8221;full&#8221;][\/vc_column_inner][\/vc_row_inner][vc_row_inner][vc_column_inner][vc_empty_space height=&#8221;50px&#8221;][\/vc_column_inner][\/vc_row_inner][vc_row_inner][vc_column_inner width=&#8221;2\/3&#8243;][vc_custom_heading text=&#8221;Krok 4:&#8221; font_container=&#8221;tag:p|font_size:20|text_align:left|color:%23c4d600&#8243; use_theme_fonts=&#8221;yes&#8221;][vc_column_text]<\/p>\n<div data-widget-id=\"ecf34c35-04ee-4d55-80f5-2b30c50127ca\" data-placement-id=\"b03f79d3-5287-4d86-b88e-4d16ee2698ae\" data-placement-status=\"ACTIVE\">\n<div class=\"sd-simple-text-ecf34c35-04ee-4d55-80f5-2b30c50127ca \">\n<div id=\"sd-simple-text-editable-ecf34c35-04ee-4d55-80f5-2b30c50127ca\" data-edit-mode=\"\">\n<p><span style=\"color: #222222 !important;\">Do nowo utworzonego z\u0119bodo\u0142u\/osteotomii i s\u0105siedniego obszaru przeszczep preferowane materia\u0142y do allograft kostnych, <strong>najlepiej w stosunku 70\/30 (warstwa g\u0105bczasta\/ korowa). Zastosuj membran\u0119 i postaraj si\u0119 uzyska\u0107 pierwotne zamkni\u0119cie bez napr\u0119\u017ce\u0144.<\/strong> Pozostaw do wygojenia na 3\u20136 miesi\u0119cy.<\/span><\/p>\n<\/div>\n<\/div>\n<\/div>\n<p>[\/vc_column_text][\/vc_column_inner][vc_column_inner width=&#8221;1\/3&#8243;][vc_single_image image=&#8221;1234&#8243; img_size=&#8221;full&#8221;][\/vc_column_inner][\/vc_row_inner][vc_row_inner][vc_column_inner][vc_empty_space height=&#8221;50px&#8221;][\/vc_column_inner][\/vc_row_inner][vc_row_inner][vc_column_inner width=&#8221;2\/3&#8243;][vc_custom_heading text=&#8221;Krok 5:&#8221; font_container=&#8221;tag:p|font_size:20|text_align:left|color:%23c4d600&#8243; use_theme_fonts=&#8221;yes&#8221;][vc_column_text]<\/p>\n<div data-widget-id=\"ecf34c35-04ee-4d55-80f5-2b30c50127ca\" data-placement-id=\"b03f79d3-5287-4d86-b88e-4d16ee2698ae\" data-placement-status=\"ACTIVE\">\n<div class=\"sd-simple-text-ecf34c35-04ee-4d55-80f5-2b30c50127ca \">\n<div id=\"sd-simple-text-editable-ecf34c35-04ee-4d55-80f5-2b30c50127ca\" data-edit-mode=\"\">\n<p><span style=\"color: #222222 !important;\">Ponownie uzyskaj dost\u0119p do miejsca i wykonaj zag\u0119szczanie ko\u015bci, aby w razie potrzeby u\u0142atwi\u0107 dalsze rozszerzenie i wszczepi\u0107 implant. U\u017cywaj wierte\u0142 Densah\u00ae w mniejszych skokach. Nie nale\u017cy przygotowywa\u0107 osteotomii na g\u0142\u0119boko\u015b\u0107 wi\u0119ksz\u0105 ni\u017c 0,5\u20130,7 mm w szcz\u0119ce lub 0,2\u20130,5 mm w \u017cuchwie.<\/span><\/p>\n<\/div>\n<\/div>\n<\/div>\n<p>[\/vc_column_text][\/vc_column_inner][vc_column_inner width=&#8221;1\/3&#8243;][vc_single_image image=&#8221;1236&#8243; img_size=&#8221;full&#8221;][\/vc_column_inner][\/vc_row_inner][vc_row_inner][vc_column_inner][vc_empty_space height=&#8221;50px&#8221;][\/vc_column_inner][\/vc_row_inner][vc_row_inner][vc_column_inner width=&#8221;2\/3&#8243;][vc_custom_heading text=&#8221;Krok 6:&#8221; font_container=&#8221;tag:p|font_size:20|text_align:left|color:%23c4d600&#8243; use_theme_fonts=&#8221;yes&#8221;][vc_column_text]<\/p>\n<div data-widget-id=\"ecf34c35-04ee-4d55-80f5-2b30c50127ca\" data-placement-id=\"b03f79d3-5287-4d86-b88e-4d16ee2698ae\" data-placement-status=\"ACTIVE\">\n<div class=\"sd-simple-text-ecf34c35-04ee-4d55-80f5-2b30c50127ca \">\n<div id=\"sd-simple-text-editable-ecf34c35-04ee-4d55-80f5-2b30c50127ca\" data-edit-mode=\"\">\n<p><span style=\"color: #222222 !important;\">W przypadku u\u017cywania silnika chirurgicznego do wprowadzenia implantu, urz\u0105dzenie mo\u017ce zatrzyma\u0107 si\u0119 po osi\u0105gni\u0119ciu maksymalnego momentu obrotowego. Zako\u0144czy\u0107 umieszczanie implantu na odpowiedniej g\u0142\u0119boko\u015bci za pomoc\u0105 klucza dynamometrycznego. Implanty o odpowiedniej \u015brednicy powinny zosta\u0107 uwzgl\u0119dnione w planie leczenia i by\u0107 dost\u0119pne podczas wizyty, na kt\u00f3rej wykonywany jest zabieg chirurgiczny.<\/span><\/p>\n<\/div>\n<\/div>\n<\/div>\n<p>[\/vc_column_text][\/vc_column_inner][vc_column_inner width=&#8221;1\/3&#8243;][vc_single_image image=&#8221;1238&#8243; img_size=&#8221;full&#8221;][\/vc_column_inner][\/vc_row_inner][vc_row_inner][vc_column_inner][vc_empty_space height=&#8221;50px&#8221;][vc_single_image image=&#8221;1240&#8243; img_size=&#8221;full&#8221; alignment=&#8221;center&#8221;][vc_column_text]<\/p>\n<div data-widget-id=\"ecf34c35-04ee-4d55-80f5-2b30c50127ca\" data-placement-id=\"b03f79d3-5287-4d86-b88e-4d16ee2698ae\" data-placement-status=\"ACTIVE\">\n<div class=\"sd-simple-text-ecf34c35-04ee-4d55-80f5-2b30c50127ca \">\n<div id=\"sd-simple-text-editable-ecf34c35-04ee-4d55-80f5-2b30c50127ca\" data-edit-mode=\"\">\n<p style=\"text-align: center;\"><span style=\"color: #222222 !important;\">* Dane w\u0142asne, odwied\u017a stron\u0119 versahinternational.com\/od-published-papers\/, aby uzyska\u0107 informacje o badaniach dotycz\u0105cych sterowanego rozszerzania przeszczepu.<br \/>\n<strong>** Ocena i do\u015bwiadczenie lekarza powinny by\u0107 wykorzystywane w po\u0142\u0105czeniu z niniejszym protoko\u0142em sugerowanego stosowania w praktyce klinicznej.<\/strong><\/span><\/p>\n<\/div>\n<\/div>\n<\/div>\n<p>[\/vc_column_text][\/vc_column_inner][\/vc_row_inner][\/vc_column][\/vc_row][vc_row][vc_column][vc_empty_space height=&#8221;100px&#8221;][vc_column_text]<\/p>\n<h6><span style=\"color: #808080;\"> 10894 REV00 ostatnia aktualizacja: 08\/2023<\/span><\/h6>\n<p>[\/vc_column_text][\/vc_column][\/vc_row]<\/p>\n<\/section>","protected":false},"excerpt":{"rendered":"<p>[vc_row][vc_column][vc_empty_space height=&#8221;100px&#8221;][vc_custom_heading text=&#8221;STEROWANY PRZESZCZEP ROZSZERZAJ\u0104CY&#8221; font_container=&#8221;tag:p|font_size:35|text_align:center|color:%23c4d600&#8243; use_theme_fonts=&#8221;yes&#8221;][vc_btn title=&#8221;Pobierz Protok\u00f3\u0142&#8221; style=&#8221;outline-custom&#8221; outline_custom_color=&#8221;#c4d600&#8243; outline_custom_hover_background=&#8221;#666666&#8243; outline_custom_hover_text=&#8221;#ffffff&#8221; size=&#8221;lg&#8221; align=&#8221;center&#8221; link=&#8221;url:https%3A%2F%2Fversahinternational.com%2Fwp-content%2Fuploads%2F2023%2F12%2FPolish-Guided-Expansion-Graft-protocol-11054-REV00.pdf|title:Protok%C3%B3%C5%82%20u%C5%82atwionego%20rozszerzania%20wyrostka&#8221;][vc_column_text] Dotyczy przypadk\u00f3w z pocz\u0105tkow\u0105<\/p>\n<p><a href=\"https:\/\/versahinternational.com\/pl\/wszechstronnosc-kliniczna\/przeszczep-sterowany-2-etapowy-protokol-augmentacji\/\" class=\"more-link\">Continue reading<span class=\"screen-reader-text\">Sterowany przeszczep rozszerzaj\u0105cy: 2-etapowy protok\u00f3\u0142 augmentacji<\/span><\/a><\/p>\n","protected":false},"author":2,"featured_media":0,"parent":11450,"menu_order":0,"comment_status":"closed","ping_status":"closed","template":"","meta":{"footnotes":""},"class_list":["post-11049","page","type-page","status-publish","hentry"],"jetpack_sharing_enabled":true,"_links":{"self":[{"href":"https:\/\/versahinternational.com\/pl\/wp-json\/wp\/v2\/pages\/11049","targetHints":{"allow":["GET"]}}],"collection":[{"href":"https:\/\/versahinternational.com\/pl\/wp-json\/wp\/v2\/pages"}],"about":[{"href":"https:\/\/versahinternational.com\/pl\/wp-json\/wp\/v2\/types\/page"}],"author":[{"embeddable":true,"href":"https:\/\/versahinternational.com\/pl\/wp-json\/wp\/v2\/users\/2"}],"replies":[{"embeddable":true,"href":"https:\/\/versahinternational.com\/pl\/wp-json\/wp\/v2\/comments?post=11049"}],"version-history":[{"count":11,"href":"https:\/\/versahinternational.com\/pl\/wp-json\/wp\/v2\/pages\/11049\/revisions"}],"predecessor-version":[{"id":19445,"href":"https:\/\/versahinternational.com\/pl\/wp-json\/wp\/v2\/pages\/11049\/revisions\/19445"}],"up":[{"embeddable":true,"href":"https:\/\/versahinternational.com\/pl\/wp-json\/wp\/v2\/pages\/11450"}],"wp:attachment":[{"href":"https:\/\/versahinternational.com\/pl\/wp-json\/wp\/v2\/media?parent=11049"}],"curies":[{"name":"wp","href":"https:\/\/api.w.org\/{rel}","templated":true}]}}