{"id":11267,"date":"2023-07-18T18:13:41","date_gmt":"2023-07-18T18:13:41","guid":{"rendered":"https:\/\/versahinternational.com\/crestal-sinus-lift-protocol-i\/"},"modified":"2023-12-20T21:07:21","modified_gmt":"2023-12-20T21:07:21","slug":"crestal-sinus-lift-protocol-i","status":"publish","type":"page","link":"https:\/\/versahinternational.com\/pl\/wszechstronnosc-kliniczna\/crestal-sinus-lift-protocol-i\/","title":{"rendered":"Protok\u00f3\u0142 podnoszenia dna zatoki szcz\u0119kowej I"},"content":{"rendered":"<section class=\"wpb-content-wrapper\"><p>[vc_row][vc_column][vc_empty_space height=&#8221;100px&#8221;][vc_custom_heading text=&#8221;PROTOK\u00d3\u0141 PODNOSZENIA DNA ZATOKI SZCZ\u0118KOWEJ I&#8221; font_container=&#8221;tag:p|font_size:35|text_align:center|color:%23c4d600&#8243; use_theme_fonts=&#8221;yes&#8221;][vc_btn title=&#8221;Pobierz Protok\u00f3\u0142&#8221; style=&#8221;outline-custom&#8221; outline_custom_color=&#8221;#c4d600&#8243; outline_custom_hover_background=&#8221;#666666&#8243; outline_custom_hover_text=&#8221;#ffffff&#8221; size=&#8221;lg&#8221; align=&#8221;center&#8221; link=&#8221;url:https%3A%2F%2Fversahinternational.com%2Fwp-content%2Fuploads%2F2023%2F12%2FPolish-Sinus-Lift-I-11049-REV00.pdf|title:Protok%C3%B3%C5%82%20u%C5%82atwionego%20rozszerzania%20wyrostka&#8221;][\/vc_column][\/vc_row][vc_row][vc_column css=&#8221;.vc_custom_1690307851554{background-color: #ffffff !important;}&#8221;][vc_column_text]<\/p>\n<div data-widget-id=\"ecf34c35-04ee-4d55-80f5-2b30c50127ca\" data-placement-id=\"b03f79d3-5287-4d86-b88e-4d16ee2698ae\" data-placement-status=\"ACTIVE\">\n<div class=\"sd-simple-text-ecf34c35-04ee-4d55-80f5-2b30c50127ca \">\n<div id=\"sd-simple-text-editable-ecf34c35-04ee-4d55-80f5-2b30c50127ca\" data-edit-mode=\"\">\n<p><span style=\"color: #c4d600 !important;\"><strong>Opis: <\/strong><\/span><\/p>\n<\/div>\n<\/div>\n<\/div>\n<div data-widget-id=\"ebb0fe0c-d3bb-4469-819e-748e87ebe8d3\" data-placement-id=\"eb822ecd-15a8-4eb2-92d0-a209d804bd0a\" data-placement-status=\"ACTIVE\">\n<div class=\"sd-simple-text-ebb0fe0c-d3bb-4469-819e-748e87ebe8d3 \">\n<div id=\"sd-simple-text-editable-ebb0fe0c-d3bb-4469-819e-748e87ebe8d3\" data-edit-mode=\"\">\n<p><span style=\"color: #222222 !important;\">Minimalna wysoko\u015b\u0107 rezydualnej ko\u015bci \u2265 6 mm. Wymagana minimalna szeroko\u015b\u0107 wyrostka z\u0119bodo\u0142owego = 4 mm<br \/>\nU\u017cywaj wierte\u0142 Densah\u00ae w pe\u0142nych skokach. Na przyk\u0142ad: 2,0 mm, 3,0 mm, 4,0 mm, 5,0 mm.<\/span><\/p>\n<\/div>\n<\/div>\n<\/div>\n<p>[\/vc_column_text][vc_empty_space height=&#8221;50px&#8221;][vc_separator][vc_row_inner][vc_column_inner width=&#8221;2\/3&#8243;][vc_column_text]<\/p>\n<div data-widget-id=\"ecf34c35-04ee-4d55-80f5-2b30c50127ca\" data-placement-id=\"b03f79d3-5287-4d86-b88e-4d16ee2698ae\" data-placement-status=\"ACTIVE\">\n<div class=\"sd-simple-text-ecf34c35-04ee-4d55-80f5-2b30c50127ca \">\n<div id=\"sd-simple-text-editable-ecf34c35-04ee-4d55-80f5-2b30c50127ca\" data-edit-mode=\"\">\n<p><span style=\"color: #222222 !important;\">\u2022 POMIAR WYSOKO\u015aCI KO\u015aCI DO DNA ZATOKI<br \/>\n\u2022 WIERT\u0141O PILOTUJ\u0104CE 1 MM PONI\u017bEJ DNA ZATOKI<br \/>\n\u2022 WIERT\u0141O DENSAH\u00ae (2.0) W TRYBIE OD DO DNA ZATOKI<br \/>\n\u2022 WPROWADZENIE WIERT\u0141A DENSAH\u00ae (3.0) W TRYBIE OD DO 3 MM ZA DNO ZATOKI SZCZ\u0118KOWEJ<br \/>\n\u2022 WIERT\u0141O DENSAH\u00ae (4.0), (5.0) W TRYBIE OD DO 3 MM ZA DNEM ZATOKI, W RAZIE POTRZEBY<br \/>\n\u2022 U\u017bYCIE WIERTE\u0141 DENSAH\u00ae W PE\u0141NYCH SKOKACH, NA PRZYK\u0141AD: 2,0 MM, 3,0 MM, 4,0 MM, 5,0 MM.<\/span><\/p>\n<\/div>\n<\/div>\n<\/div>\n<p>[\/vc_column_text][\/vc_column_inner][vc_column_inner width=&#8221;1\/3&#8243;][vc_single_image image=&#8221;1136&#8243; img_size=&#8221;full&#8221;][\/vc_column_inner][\/vc_row_inner][vc_row_inner][vc_column_inner][vc_separator][vc_empty_space height=&#8221;50px&#8221;][\/vc_column_inner][\/vc_row_inner][vc_row_inner][vc_column_inner width=&#8221;2\/3&#8243;][vc_custom_heading text=&#8221;Krok 1:&#8221; font_container=&#8221;tag:p|font_size:20|text_align:left|color:%23c4d600&#8243; use_theme_fonts=&#8221;yes&#8221;][vc_column_text]<\/p>\n<div data-widget-id=\"ecf34c35-04ee-4d55-80f5-2b30c50127ca\" data-placement-id=\"b03f79d3-5287-4d86-b88e-4d16ee2698ae\" data-placement-status=\"ACTIVE\">\n<div class=\"sd-simple-text-ecf34c35-04ee-4d55-80f5-2b30c50127ca \">\n<div id=\"sd-simple-text-editable-ecf34c35-04ee-4d55-80f5-2b30c50127ca\" data-edit-mode=\"\">\n<p><span style=\"color: #222222 !important;\"><strong> Zmierz wysoko\u015b\u0107 ko\u015bci do dna zatoki.<\/strong> Odseparuj p\u0142at tkanki mi\u0119kkiej przy u\u017cyciu zwykle stosowanych narz\u0119dzi i technik.<\/span><\/p>\n<\/div>\n<\/div>\n<\/div>\n<p>[\/vc_column_text][\/vc_column_inner][vc_column_inner width=&#8221;1\/3&#8243;][vc_single_image image=&#8221;1138&#8243; img_size=&#8221;full&#8221;][\/vc_column_inner][\/vc_row_inner][vc_row_inner][vc_column_inner][vc_empty_space height=&#8221;50px&#8221;][\/vc_column_inner][\/vc_row_inner][vc_row_inner][vc_column_inner width=&#8221;2\/3&#8243;][vc_custom_heading text=&#8221;Krok 2:&#8221; font_container=&#8221;tag:p|font_size:20|text_align:left|color:%23c4d600&#8243; use_theme_fonts=&#8221;yes&#8221;][vc_column_text]<\/p>\n<div data-widget-id=\"ecf34c35-04ee-4d55-80f5-2b30c50127ca\" data-placement-id=\"b03f79d3-5287-4d86-b88e-4d16ee2698ae\" data-placement-status=\"ACTIVE\">\n<div class=\"sd-simple-text-ecf34c35-04ee-4d55-80f5-2b30c50127ca \">\n<div id=\"sd-simple-text-editable-ecf34c35-04ee-4d55-80f5-2b30c50127ca\" data-edit-mode=\"\">\n<p><span style=\"color: #222222 !important;\"><strong>Wiert\u0142o pilotuj\u0105ce 1 mm poni\u017cej dna zatoki.<\/strong> W przypadkach, gdy wysoko\u015b\u0107 tylnej resztkowej kraw\u0119dzi wyrostka z\u0119bodo\u0142owego wynosi \u2265 6,0 mm, a po\u017c\u0105dana jest dodatkowa g\u0142\u0119boko\u015b\u0107 pionowa, nale\u017cy nawierci\u0107 na g\u0142\u0119boko\u015b\u0107 okre\u015blon\u0105 w przybli\u017conej strefie bezpiecze\u0144stwa 1,0 mm od dna zatoki przy u\u017cyciu wiert\u0142a pilotuj\u0105cego (pr\u0119dko\u015b\u0107 wiercenia w prawo 800\u20131500 obr.\/min z obfit\u0105 irygacj\u0105). Potwierd\u017a pozycj\u0119 wiert\u0142a pilotuj\u0105cego za pomoc\u0105 zdj\u0119cia rentgenowskiego.<\/span><\/p>\n<\/div>\n<\/div>\n<\/div>\n<p>[\/vc_column_text][\/vc_column_inner][vc_column_inner width=&#8221;1\/3&#8243;][vc_single_image image=&#8221;1140&#8243; img_size=&#8221;full&#8221;][\/vc_column_inner][\/vc_row_inner][vc_row_inner][vc_column_inner][vc_empty_space height=&#8221;50px&#8221;][\/vc_column_inner][\/vc_row_inner][vc_row_inner][vc_column_inner width=&#8221;2\/3&#8243;][vc_custom_heading text=&#8221;Krok 3:&#8221; font_container=&#8221;tag:p|font_size:20|text_align:left|color:%23c4d600&#8243; use_theme_fonts=&#8221;yes&#8221;][vc_column_text]<\/p>\n<div data-widget-id=\"ecf34c35-04ee-4d55-80f5-2b30c50127ca\" data-placement-id=\"b03f79d3-5287-4d86-b88e-4d16ee2698ae\" data-placement-status=\"ACTIVE\">\n<div class=\"sd-simple-text-ecf34c35-04ee-4d55-80f5-2b30c50127ca \">\n<div id=\"sd-simple-text-editable-ecf34c35-04ee-4d55-80f5-2b30c50127ca\" data-edit-mode=\"\">\n<p><span style=\"color: #222222 !important;\"><strong>Wiert\u0142o Densah\u00ae (2.0) w trybie OD do dna zatoki.<\/strong> W zale\u017cno\u015bci od typu implantu i \u015brednicy wybranej dla danego miejsca, nale\u017cy rozpocz\u0105\u0107 od najw\u0119\u017cszego wiert\u0142a Densah\u00ae (2.0). Prze\u0142\u0105cz silnik chirurgiczny w tryb zag\u0119szczania wstecznego (pr\u0119dko\u015b\u0107 wiercenia w lewo 800\u20131500 obr.\/min z obfit\u0105 irygacj\u0105). Rozpocznij wprowadzanie wiert\u0142a do osteotomii. Po dotykowym potwierdzeniu dotarcia wiert\u0142a do g\u0119stego dna zatoki, zatrzymaj si\u0119 i potwierd\u017a pierwsze pionowe po\u0142o\u017cenie wiert\u0142a Densah\u00ae za pomoc\u0105 zdj\u0119cia rentgenowskiego.<\/span><\/p>\n<\/div>\n<\/div>\n<\/div>\n<p>[\/vc_column_text][\/vc_column_inner][vc_column_inner width=&#8221;1\/3&#8243;][vc_single_image image=&#8221;1142&#8243; img_size=&#8221;full&#8221;][\/vc_column_inner][\/vc_row_inner][vc_row_inner][vc_column_inner][vc_empty_space height=&#8221;50px&#8221;][\/vc_column_inner][\/vc_row_inner][vc_row_inner][vc_column_inner width=&#8221;2\/3&#8243;][vc_custom_heading text=&#8221;Krok 4:&#8221; font_container=&#8221;tag:p|font_size:20|text_align:left|color:%23c4d600&#8243; use_theme_fonts=&#8221;yes&#8221;][vc_column_text]<\/p>\n<div data-widget-id=\"ecf34c35-04ee-4d55-80f5-2b30c50127ca\" data-placement-id=\"b03f79d3-5287-4d86-b88e-4d16ee2698ae\" data-placement-status=\"ACTIVE\">\n<div class=\"sd-simple-text-ecf34c35-04ee-4d55-80f5-2b30c50127ca \">\n<div id=\"sd-simple-text-editable-ecf34c35-04ee-4d55-80f5-2b30c50127ca\" data-edit-mode=\"\">\n<p><span style=\"color: #222222 !important;\"><strong>Wprowad\u017a wiert\u0142o Densah\u00ae (3.0) w trybie OD do 3 mm za dno zatoki.<\/strong> U\u017cyj kolejnego szerszego wiert\u0142a Densah\u00ae (3.0) w trybie zag\u0119szczania (pr\u0119dko\u015b\u0107 wiercenia w lewo 800\u20131500 obr.\/min z obfit\u0105 irygacj\u0105) i wprowad\u017a je do uprzednio wykonanej osteotomii z modulowanym naciskiem i ruchem pompuj\u0105cym. Po dotykowym potwierdzeniu dotarcia wiert\u0142a do g\u0119stego dna zatoki, moduluj nacisk delikatnym ruchem pompuj\u0105cym, aby przesuwa\u0107 si\u0119 poza dno zatoki w skokach co 1 mm. <strong>Maksymalne mo\u017cliwe przesuni\u0119cie poza dno zatoki na \u017cadnym etapie nie mo\u017ce przekracza\u0107 3 mm.<\/strong> W miar\u0119 jak kolejne szersze wiert\u0142o Densah\u00ae przesuwa si\u0119 w osteotomii, dodatkowa ko\u015b\u0107 autogenna zostanie przesuni\u0119ta w kierunku ko\u0144ca wierzcho\u0142kowego, aby uzyska\u0107 dodatkow\u0105 g\u0142\u0119boko\u015b\u0107 pionow\u0105 i maksymalne podniesienie membrany o 3,0 mm. Potwierd\u017a pionowe po\u0142o\u017cenie wiert\u0142a za pomoc\u0105 zdj\u0119cia rentgenowskiego<\/span><\/p>\n<\/div>\n<\/div>\n<\/div>\n<p>[\/vc_column_text][\/vc_column_inner][vc_column_inner width=&#8221;1\/3&#8243;][vc_single_image image=&#8221;1144&#8243; img_size=&#8221;full&#8221;][\/vc_column_inner][\/vc_row_inner][vc_row_inner][vc_column_inner][vc_empty_space height=&#8221;50px&#8221;][\/vc_column_inner][\/vc_row_inner][vc_row_inner][vc_column_inner width=&#8221;2\/3&#8243;][vc_custom_heading text=&#8221;Krok 5:&#8221; font_container=&#8221;tag:p|font_size:20|text_align:left|color:%23c4d600&#8243; use_theme_fonts=&#8221;yes&#8221;][vc_column_text]<\/p>\n<div data-widget-id=\"ecf34c35-04ee-4d55-80f5-2b30c50127ca\" data-placement-id=\"b03f79d3-5287-4d86-b88e-4d16ee2698ae\" data-placement-status=\"ACTIVE\">\n<div class=\"sd-simple-text-ecf34c35-04ee-4d55-80f5-2b30c50127ca \">\n<div id=\"sd-simple-text-editable-ecf34c35-04ee-4d55-80f5-2b30c50127ca\" data-edit-mode=\"\">\n<p><span style=\"color: #222222 !important;\"><strong>Umie\u015b\u0107 implant.<\/strong> Umie\u015b\u0107 implant w osteotomii. W przypadku u\u017cywania silnika chirurgicznego do wbijania implantu, urz\u0105dzenie mo\u017ce zatrzyma\u0107 si\u0119 po osi\u0105gni\u0119ciu maksymalnego momentu obrotowego. Zako\u0144cz umieszczanie implantu na g\u0142\u0119boko\u015b\u0107 za pomoc\u0105 klucza zapadkowego ze wska\u017anikiem momentu obrotowego.<\/span><\/p>\n<\/div>\n<\/div>\n<\/div>\n<p>[\/vc_column_text][\/vc_column_inner][vc_column_inner width=&#8221;1\/3&#8243;][vc_single_image image=&#8221;1146&#8243; img_size=&#8221;full&#8221;][\/vc_column_inner][\/vc_row_inner][vc_row_inner][vc_column_inner][vc_column_text]<\/p>\n<div data-widget-id=\"ecf34c35-04ee-4d55-80f5-2b30c50127ca\" data-placement-id=\"b03f79d3-5287-4d86-b88e-4d16ee2698ae\" data-placement-status=\"ACTIVE\">\n<div class=\"sd-simple-text-ecf34c35-04ee-4d55-80f5-2b30c50127ca \">\n<div id=\"sd-simple-text-editable-ecf34c35-04ee-4d55-80f5-2b30c50127ca\" data-edit-mode=\"\">\n<p style=\"text-align: center;\"><span style=\"color: #222222 !important;\">* Dane w\u0142asne, odwied\u017a stron\u0119 versahinternational.com\/od-published-papers\/, aby uzyska\u0107 informacje o badaniach Ridge Expansion.<br \/>\n<strong>** Ocena i do\u015bwiadczenie lekarza powinny by\u0107 wykorzystywane w po\u0142\u0105czeniu z niniejszym protoko\u0142em sugerowanego stosowania w praktyce klinicznej.<\/strong><\/span><\/p>\n<\/div>\n<\/div>\n<\/div>\n<p>[\/vc_column_text][\/vc_column_inner][\/vc_row_inner][\/vc_column][\/vc_row][vc_row][vc_column][vc_empty_space height=&#8221;100px&#8221;][vc_column_text]<\/p>\n<h6><span style=\"color: #808080;\">10889 REV00 ostatnia aktualizacja: 08\/2023<\/span><\/h6>\n<p>[\/vc_column_text][\/vc_column][\/vc_row]<\/p>\n<\/section>","protected":false},"excerpt":{"rendered":"<p>[vc_row][vc_column][vc_empty_space height=&#8221;100px&#8221;][vc_custom_heading text=&#8221;PROTOK\u00d3\u0141 PODNOSZENIA DNA ZATOKI SZCZ\u0118KOWEJ I&#8221; font_container=&#8221;tag:p|font_size:35|text_align:center|color:%23c4d600&#8243; use_theme_fonts=&#8221;yes&#8221;][vc_btn title=&#8221;Pobierz Protok\u00f3\u0142&#8221; style=&#8221;outline-custom&#8221; outline_custom_color=&#8221;#c4d600&#8243; outline_custom_hover_background=&#8221;#666666&#8243; outline_custom_hover_text=&#8221;#ffffff&#8221; size=&#8221;lg&#8221; align=&#8221;center&#8221; link=&#8221;url:https%3A%2F%2Fversahinternational.com%2Fwp-content%2Fuploads%2F2023%2F12%2FPolish-Sinus-Lift-I-11049-REV00.pdf|title:Protok%C3%B3%C5%82%20u%C5%82atwionego%20rozszerzania%20wyrostka&#8221;][\/vc_column][\/vc_row][vc_row][vc_column css=&#8221;.vc_custom_1690307851554{background-color:<\/p>\n<p><a href=\"https:\/\/versahinternational.com\/pl\/wszechstronnosc-kliniczna\/crestal-sinus-lift-protocol-i\/\" class=\"more-link\">Continue reading<span class=\"screen-reader-text\">Protok\u00f3\u0142 podnoszenia dna zatoki szcz\u0119kowej I<\/span><\/a><\/p>\n","protected":false},"author":2,"featured_media":0,"parent":11450,"menu_order":0,"comment_status":"closed","ping_status":"closed","template":"","meta":{"footnotes":""},"class_list":["post-11267","page","type-page","status-publish","hentry"],"jetpack_sharing_enabled":true,"_links":{"self":[{"href":"https:\/\/versahinternational.com\/pl\/wp-json\/wp\/v2\/pages\/11267","targetHints":{"allow":["GET"]}}],"collection":[{"href":"https:\/\/versahinternational.com\/pl\/wp-json\/wp\/v2\/pages"}],"about":[{"href":"https:\/\/versahinternational.com\/pl\/wp-json\/wp\/v2\/types\/page"}],"author":[{"embeddable":true,"href":"https:\/\/versahinternational.com\/pl\/wp-json\/wp\/v2\/users\/2"}],"replies":[{"embeddable":true,"href":"https:\/\/versahinternational.com\/pl\/wp-json\/wp\/v2\/comments?post=11267"}],"version-history":[{"count":14,"href":"https:\/\/versahinternational.com\/pl\/wp-json\/wp\/v2\/pages\/11267\/revisions"}],"predecessor-version":[{"id":19440,"href":"https:\/\/versahinternational.com\/pl\/wp-json\/wp\/v2\/pages\/11267\/revisions\/19440"}],"up":[{"embeddable":true,"href":"https:\/\/versahinternational.com\/pl\/wp-json\/wp\/v2\/pages\/11450"}],"wp:attachment":[{"href":"https:\/\/versahinternational.com\/pl\/wp-json\/wp\/v2\/media?parent=11267"}],"curies":[{"name":"wp","href":"https:\/\/api.w.org\/{rel}","templated":true}]}}