{"id":11371,"date":"2023-07-18T18:13:53","date_gmt":"2023-07-18T18:13:53","guid":{"rendered":"https:\/\/versahinternational.com\/crestal-sinus-lift-protocol-ii\/"},"modified":"2023-12-20T21:08:07","modified_gmt":"2023-12-20T21:08:07","slug":"crestal-sinus-lift-protocol-ii","status":"publish","type":"page","link":"https:\/\/versahinternational.com\/pl\/wszechstronnosc-kliniczna\/crestal-sinus-lift-protocol-ii\/","title":{"rendered":"Protok\u00f3\u0142 podnoszenia dna zatoki szcz\u0119kowej II"},"content":{"rendered":"<section class=\"wpb-content-wrapper\"><p>[vc_row][vc_column][vc_empty_space height=&#8221;100px&#8221;][vc_custom_heading text=&#8221;PROTOK\u00d3\u0141 PODNOSZENIA DNA ZATOKI SZCZ\u0118KOWEJ II&#8221; font_container=&#8221;tag:p|font_size:35|text_align:center|color:%23c4d600&#8243; use_theme_fonts=&#8221;yes&#8221;][vc_btn title=&#8221;Pobierz Protok\u00f3\u0142&#8221; style=&#8221;outline-custom&#8221; outline_custom_color=&#8221;#c4d600&#8243; outline_custom_hover_background=&#8221;#666666&#8243; outline_custom_hover_text=&#8221;#ffffff&#8221; size=&#8221;lg&#8221; align=&#8221;center&#8221; link=&#8221;url:https%3A%2F%2Fversahinternational.com%2Fwp-content%2Fuploads%2F2023%2F12%2FPolish-Protocol-Sinus-Lift-II-11050-REV00.pdf|title:Protok%C3%B3%C5%82%20u%C5%82atwionego%20rozszerzania%20wyrostka&#8221;][\/vc_column][\/vc_row][vc_row][vc_column css=&#8221;.vc_custom_1690308635247{background-color: #ffffff !important;}&#8221;][vc_column_text]<\/p>\n<div data-widget-id=\"ecf34c35-04ee-4d55-80f5-2b30c50127ca\" data-placement-id=\"b03f79d3-5287-4d86-b88e-4d16ee2698ae\" data-placement-status=\"ACTIVE\">\n<div class=\"sd-simple-text-ecf34c35-04ee-4d55-80f5-2b30c50127ca \">\n<div id=\"sd-simple-text-editable-ecf34c35-04ee-4d55-80f5-2b30c50127ca\" data-edit-mode=\"\">\n<p><span style=\"color: #c4d600 !important;\"><strong>Opis: <\/strong><\/span><\/p>\n<\/div>\n<\/div>\n<\/div>\n<div data-widget-id=\"ebb0fe0c-d3bb-4469-819e-748e87ebe8d3\" data-placement-id=\"eb822ecd-15a8-4eb2-92d0-a209d804bd0a\" data-placement-status=\"ACTIVE\">\n<div class=\"sd-simple-text-ebb0fe0c-d3bb-4469-819e-748e87ebe8d3 \">\n<div id=\"sd-simple-text-editable-ebb0fe0c-d3bb-4469-819e-748e87ebe8d3\" data-edit-mode=\"\">\n<p><span style=\"color: #222222 !important;\">Minimalna szcz\u0105tkowa wysoko\u015b\u0107 ko\u015bci 4-5 mm. Wymagana minimalna szeroko\u015b\u0107 wyrostka z\u0119bodo\u0142owego = 5 mm<br \/>\nU\u017cywaj wierte\u0142 Densah\u00ae w pe\u0142nych skokach. Na przyk\u0142ad: 2,0 mm, 3,0 mm, 4,0 mm, 5,0 mm.<\/span><\/p>\n<\/div>\n<\/div>\n<\/div>\n<p>[\/vc_column_text][vc_empty_space height=&#8221;50px&#8221;][vc_separator][vc_column_text]<\/p>\n<div data-widget-id=\"ecf34c35-04ee-4d55-80f5-2b30c50127ca\" data-placement-id=\"b03f79d3-5287-4d86-b88e-4d16ee2698ae\" data-placement-status=\"ACTIVE\">\n<div class=\"sd-simple-text-ecf34c35-04ee-4d55-80f5-2b30c50127ca \">\n<div id=\"sd-simple-text-editable-ecf34c35-04ee-4d55-80f5-2b30c50127ca\" data-edit-mode=\"\"><\/div>\n<\/div>\n<\/div>\n<div data-widget-id=\"ebb0fe0c-d3bb-4469-819e-748e87ebe8d3\" data-placement-id=\"eb822ecd-15a8-4eb2-92d0-a209d804bd0a\" data-placement-status=\"ACTIVE\">\n<div class=\"sd-simple-text-ebb0fe0c-d3bb-4469-819e-748e87ebe8d3 \">\n<div id=\"sd-simple-text-editable-ebb0fe0c-d3bb-4469-819e-748e87ebe8d3\" data-edit-mode=\"\">\n<p><span style=\"color: #222222 !important;\">\u2022 POMIAR WYSOKO\u015aCI KO\u015aCI DO DNA ZATOKI<br \/>\n\u2022 BEZ U\u017bYCIA WIERT\u0141A PILOTUJ\u0104CEGO<br \/>\n\u2022 WIERT\u0141O DENSAH\u00ae (2.0) W TRYBIE OD DO DNA ZATOKI<br \/>\n\u2022 WPROWADZENIE WIERT\u0141A DENSAH\u00ae (3.0) W TRYBIE OD DO 3 MM ZA DNO ZATOKI SZCZ\u0118KOWEJ<br \/>\n\u2022 WIERT\u0141O DENSAH\u00ae (4.0), (5.0) W TRYBIE OD DO 3 MM ZA DNO ZATOKI W CELU DALSZEGO ROZSZERZENIA OSTEOTOMII<br \/>\n\u2022 U\u017bYCIE WIERTE\u0141 DENSAH\u00ae W PE\u0141NYCH SKOKACH, NA PRZYK\u0141AD: 2,0 MM, 3,0 MM, 4,0 MM, 5,0 MM.<br \/>\n\u2022 U\u017bYCIE OSTATNIEGO WIERT\u0141A DENSAH\u00ae PRZY NISKIEJ PR\u0118DKO\u015aCI, ABY DELIKATNIE PORUSZA\u0106 DOBRZE UWODNIONYM ALLOGRAFTEM<\/span><\/p>\n<\/div>\n<\/div>\n<\/div>\n<p>[\/vc_column_text][vc_separator][vc_row_inner][vc_column_inner][vc_empty_space height=&#8221;70px&#8221;][\/vc_column_inner][\/vc_row_inner][vc_row_inner][vc_column_inner width=&#8221;2\/3&#8243;][vc_custom_heading text=&#8221;Krok 1:&#8221; font_container=&#8221;tag:p|font_size:20|text_align:left|color:%23c4d600&#8243; use_theme_fonts=&#8221;yes&#8221;][vc_column_text]<\/p>\n<div data-widget-id=\"ecf34c35-04ee-4d55-80f5-2b30c50127ca\" data-placement-id=\"b03f79d3-5287-4d86-b88e-4d16ee2698ae\" data-placement-status=\"ACTIVE\">\n<div class=\"sd-simple-text-ecf34c35-04ee-4d55-80f5-2b30c50127ca \">\n<div id=\"sd-simple-text-editable-ecf34c35-04ee-4d55-80f5-2b30c50127ca\" data-edit-mode=\"\">\n<p><span style=\"color: #222222 !important;\"><strong>Zmierz wysoko\u015b\u0107 ko\u015bci do dna zatoki.<\/strong> Odseparuj p\u0142at tkanki mi\u0119kkiej przy u\u017cyciu zwykle stosowanych narz\u0119dzi i technik.<\/span><\/p>\n<\/div>\n<\/div>\n<\/div>\n<p>[\/vc_column_text][\/vc_column_inner][vc_column_inner width=&#8221;1\/3&#8243;][vc_single_image image=&#8221;1159&#8243; img_size=&#8221;full&#8221;][\/vc_column_inner][\/vc_row_inner][vc_row_inner][vc_column_inner][vc_empty_space height=&#8221;50px&#8221;][\/vc_column_inner][\/vc_row_inner][vc_row_inner][vc_column_inner width=&#8221;2\/3&#8243;][vc_custom_heading text=&#8221;Krok 2:&#8221; font_container=&#8221;tag:p|font_size:20|text_align:left|color:%23c4d600&#8243; use_theme_fonts=&#8221;yes&#8221;][vc_column_text]<\/p>\n<div data-widget-id=\"ecf34c35-04ee-4d55-80f5-2b30c50127ca\" data-placement-id=\"b03f79d3-5287-4d86-b88e-4d16ee2698ae\" data-placement-status=\"ACTIVE\">\n<div class=\"sd-simple-text-ecf34c35-04ee-4d55-80f5-2b30c50127ca \">\n<div id=\"sd-simple-text-editable-ecf34c35-04ee-4d55-80f5-2b30c50127ca\" data-edit-mode=\"\">\n<p><span style=\"color: #222222 !important;\"><strong>U\u017cyj wiert\u0142a Densah\u00ae (2.0) w trybie OD do dna zatoki szcz\u0119kowej.<\/strong> Unikaj u\u017cywania wiert\u0142a pilotuj\u0105cego. W zale\u017cno\u015bci od typu implantu i \u015brednicy wybranej dla danego miejsca, nale\u017cy rozpocz\u0105\u0107 od najw\u0119\u017cszego wiert\u0142a Densah\u00ae (2.0). Prze\u0142\u0105cz silnik chirurgiczny w tryb zag\u0119szczania wstecznego (pr\u0119dko\u015b\u0107 wiercenia w lewo 800\u20131500 obr.\/min z obfit\u0105 irygacj\u0105). Rozpocznij wprowadzanie wiert\u0142a do osteotomii. Potwierd\u017a pozycj\u0119 wiert\u0142a za pomoc\u0105 zdj\u0119cia rentgenowskiego.<\/span><\/p>\n<\/div>\n<\/div>\n<\/div>\n<p>[\/vc_column_text][\/vc_column_inner][vc_column_inner width=&#8221;1\/3&#8243;][vc_single_image image=&#8221;1161&#8243; img_size=&#8221;full&#8221;][\/vc_column_inner][\/vc_row_inner][vc_row_inner][vc_column_inner][vc_empty_space height=&#8221;50px&#8221;][\/vc_column_inner][\/vc_row_inner][vc_row_inner][vc_column_inner width=&#8221;2\/3&#8243;][vc_custom_heading text=&#8221;Krok 3:&#8221; font_container=&#8221;tag:p|font_size:20|text_align:left|color:%23c4d600&#8243; use_theme_fonts=&#8221;yes&#8221;][vc_column_text]<\/p>\n<div data-widget-id=\"ecf34c35-04ee-4d55-80f5-2b30c50127ca\" data-placement-id=\"b03f79d3-5287-4d86-b88e-4d16ee2698ae\" data-placement-status=\"ACTIVE\">\n<div class=\"sd-simple-text-ecf34c35-04ee-4d55-80f5-2b30c50127ca \">\n<div id=\"sd-simple-text-editable-ecf34c35-04ee-4d55-80f5-2b30c50127ca\" data-edit-mode=\"\">\n<p><span style=\"color: #222222 !important;\"><strong>Wprowad\u017a wiert\u0142o Densah\u00ae (3.0) w trybie OD do 3 mm za dno zatoki.<\/strong> U\u017cyj kolejnego szerszego wiert\u0142a Densah\u00ae (3.0) i wprowad\u017a je do uprzednio wykonanej osteotomii z modulowanym naciskiem i ruchem pompuj\u0105cym. Po dotykowym potwierdzeniu dotarcia wiert\u0142a do g\u0119stego dna zatoki, moduluj nacisk delikatnym ruchem pompuj\u0105cym, aby przesuwa\u0107 si\u0119 poza dno zatoki w skokach co 1 mm do 3 mm. <strong>Maksymalne wysuni\u0119cie wiert\u0142a za dno zatoki na \u017cadnym etapie nie mo\u017ce przekracza\u0107 3 mm.<\/strong> Ko\u015b\u0107 zostanie przesuni\u0119ta w kierunku wierzcho\u0142kowego ko\u0144ca i zacznie delikatnie unosi\u0107 membran\u0119 oraz autoprzeszczep zag\u0119szczonej ko\u015bci do 3 mm. Potwierd\u017a pionow\u0105 pozycj\u0119 wiert\u0142a za pomoc\u0105 zdj\u0119cia rentgenowskiego.<\/span><\/p>\n<\/div>\n<\/div>\n<\/div>\n<p>[\/vc_column_text][\/vc_column_inner][vc_column_inner width=&#8221;1\/3&#8243;][vc_single_image image=&#8221;1163&#8243; img_size=&#8221;full&#8221;][\/vc_column_inner][\/vc_row_inner][vc_row_inner][vc_column_inner][vc_empty_space height=&#8221;50px&#8221;][\/vc_column_inner][\/vc_row_inner][vc_row_inner][vc_column_inner width=&#8221;2\/3&#8243;][vc_custom_heading text=&#8221;Krok 4:&#8221; font_container=&#8221;tag:p|font_size:20|text_align:left|color:%23c4d600&#8243; use_theme_fonts=&#8221;yes&#8221;][vc_column_text]<\/p>\n<div data-widget-id=\"ecf34c35-04ee-4d55-80f5-2b30c50127ca\" data-placement-id=\"b03f79d3-5287-4d86-b88e-4d16ee2698ae\" data-placement-status=\"ACTIVE\">\n<div class=\"sd-simple-text-ecf34c35-04ee-4d55-80f5-2b30c50127ca \">\n<div id=\"sd-simple-text-editable-ecf34c35-04ee-4d55-80f5-2b30c50127ca\" data-edit-mode=\"\">\n<p><span style=\"color: #222222 !important;\"><strong>Wprowad\u017a wiert\u0142o Densah\u00ae (4.0), (5,0) w trybie OD do 3 mm za dno zatoki.<\/strong> U\u017cyj, ruchem pompuj\u0105cym, kolejnych szerszych wierte\u0142 Densah\u00ae w trybie zag\u0119szczania (pr\u0119dko\u015b\u0107 wiercenia 800\u20131500 obr.\/min w lewo) z obfit\u0105 irygacj\u0105, aby uzyska\u0107 dodatkow\u0105 szeroko\u015b\u0107 przy maksymalnym podniesieniu membrany o 3 mm (w skokach co 1 mm), aby osi\u0105gn\u0105\u0107 ostateczn\u0105 po\u017c\u0105dan\u0105 szeroko\u015b\u0107 do wszczepienia implantu. <strong>Wiert\u0142a Densah\u00ae nie mog\u0105 przesuwa\u0107 si\u0119 wi\u0119cej ni\u017c 3 mm za dno zatoki niezale\u017cnie od \u015brednicy wiert\u0142a Densah\u00ae.<\/strong><\/span><\/p>\n<\/div>\n<\/div>\n<\/div>\n<p>[\/vc_column_text][\/vc_column_inner][vc_column_inner width=&#8221;1\/3&#8243;][vc_single_image image=&#8221;1165&#8243; img_size=&#8221;full&#8221;][\/vc_column_inner][\/vc_row_inner][vc_row_inner][vc_column_inner][vc_empty_space height=&#8221;50px&#8221;][\/vc_column_inner][\/vc_row_inner][vc_row_inner][vc_column_inner width=&#8221;2\/3&#8243;][vc_custom_heading text=&#8221;Krok 5:&#8221; font_container=&#8221;tag:p|font_size:20|text_align:left|color:%23c4d600&#8243; use_theme_fonts=&#8221;yes&#8221;][vc_column_text]<\/p>\n<div data-widget-id=\"ecf34c35-04ee-4d55-80f5-2b30c50127ca\" data-placement-id=\"b03f79d3-5287-4d86-b88e-4d16ee2698ae\" data-placement-status=\"ACTIVE\">\n<div class=\"sd-simple-text-ecf34c35-04ee-4d55-80f5-2b30c50127ca \">\n<div id=\"sd-simple-text-editable-ecf34c35-04ee-4d55-80f5-2b30c50127ca\" data-edit-mode=\"\">\n<p><span style=\"color: #222222 !important;\"><strong>Poruszaj allograftem.<\/strong><br \/>\nPo osi\u0105gni\u0119ciu ostatecznej planowanej \u015brednicy osteotomii, wype\u0142nij osteotomi\u0119 dobrze uwodnionym, g\u0142\u00f3wnie g\u0105bczastym, allograftem. U\u017cyj ostatniego wiert\u0142a Densah\u00ae stosowanego na etapie 4 w trybie zag\u0119szczania (w lewo) z nisk\u0105 pr\u0119dko\u015bci\u0105 <strong>150\u2013200 obr.\/min<\/strong> bez irygacji, aby wprowadzi\u0107 allograft do zatoki. Wiert\u0142o Densah\u00ae musi jedynie u\u0142atwia\u0107 zag\u0119szczenie materia\u0142u allograft w celu dalszego uniesienia membrany zatoki i nie mo\u017ce wychodzi\u0107 za dno zatoki na wi\u0119cej ni\u017c 2\u20133 mm. Powt\u00f3rz czynno\u015b\u0107 poruszania przeszczepem, aby u\u0142atwi\u0107 dodatkowe uniesienie membrany w zale\u017cno\u015bci od d\u0142ugo\u015bci implantu.<\/span><\/p>\n<\/div>\n<\/div>\n<\/div>\n<p>[\/vc_column_text][\/vc_column_inner][vc_column_inner width=&#8221;1\/3&#8243;][vc_single_image image=&#8221;1167&#8243; img_size=&#8221;full&#8221;][\/vc_column_inner][\/vc_row_inner][vc_row_inner][vc_column_inner][vc_empty_space height=&#8221;50px&#8221;][\/vc_column_inner][\/vc_row_inner][vc_row_inner][vc_column_inner width=&#8221;2\/3&#8243;][vc_custom_heading text=&#8221;Krok 6:&#8221; font_container=&#8221;tag:p|font_size:20|text_align:left|color:%23c4d600&#8243; use_theme_fonts=&#8221;yes&#8221;][vc_column_text]<\/p>\n<div data-widget-id=\"ecf34c35-04ee-4d55-80f5-2b30c50127ca\" data-placement-id=\"b03f79d3-5287-4d86-b88e-4d16ee2698ae\" data-placement-status=\"ACTIVE\">\n<div class=\"sd-simple-text-ecf34c35-04ee-4d55-80f5-2b30c50127ca \">\n<div id=\"sd-simple-text-editable-ecf34c35-04ee-4d55-80f5-2b30c50127ca\" data-edit-mode=\"\">\n<p><span style=\"color: #222222 !important;\"><strong>Wprowad\u017a implant.<\/strong><br \/>\nUmie\u015b\u0107 implant w osteotomii. W przypadku u\u017cywania silnika chirurgicznego do wprowadzenia implantu, urz\u0105dzenie mo\u017ce zatrzyma\u0107 si\u0119 po osi\u0105gni\u0119ciu maksymalnego momentu obrotowego. Zako\u0144cz wprowadzanie implantu na odpowiedni\u0105 g\u0142\u0119boko\u015b\u0107 za pomoc\u0105 klucza dynamometrycznego.<\/span><\/p>\n<\/div>\n<\/div>\n<\/div>\n<p>[\/vc_column_text][\/vc_column_inner][vc_column_inner width=&#8221;1\/3&#8243;][vc_single_image image=&#8221;1169&#8243; img_size=&#8221;full&#8221;][\/vc_column_inner][\/vc_row_inner][vc_row_inner][vc_column_inner][vc_single_image image=&#8221;1157&#8243; img_size=&#8221;full&#8221; alignment=&#8221;center&#8221;][\/vc_column_inner][\/vc_row_inner][vc_row_inner][vc_column_inner][vc_column_text]<\/p>\n<div data-widget-id=\"ecf34c35-04ee-4d55-80f5-2b30c50127ca\" data-placement-id=\"b03f79d3-5287-4d86-b88e-4d16ee2698ae\" data-placement-status=\"ACTIVE\">\n<div class=\"sd-simple-text-ecf34c35-04ee-4d55-80f5-2b30c50127ca \">\n<div id=\"sd-simple-text-editable-ecf34c35-04ee-4d55-80f5-2b30c50127ca\" data-edit-mode=\"\">\n<p style=\"text-align: center;\"><span style=\"color: #222222 !important;\">* Dane w\u0142asne, odwied\u017a stron\u0119 versahinternational.com\/od-published-papers\/, aby uzyska\u0107 informacje o badaniach dotycz\u0105cych przeszczepu zatoki szcz\u0119kowej<br \/>\n<strong>** Ocena i do\u015bwiadczenie lekarza powinny by\u0107 wykorzystywane w po\u0142\u0105czeniu z niniejszym protoko\u0142em sugerowanego stosowania w praktyce klinicznej.<\/strong><\/span><\/p>\n<\/div>\n<\/div>\n<\/div>\n<p>[\/vc_column_text][\/vc_column_inner][\/vc_row_inner][\/vc_column][\/vc_row][vc_row][vc_column][vc_empty_space height=&#8221;100px&#8221;][vc_column_text]<\/p>\n<h6><span style=\"color: #808080;\"> 10890 REV00 ostatnia aktualizacja: 08\/2023<\/span><\/h6>\n<p>[\/vc_column_text][\/vc_column][\/vc_row]<\/p>\n<\/section>","protected":false},"excerpt":{"rendered":"<p>[vc_row][vc_column][vc_empty_space height=&#8221;100px&#8221;][vc_custom_heading text=&#8221;PROTOK\u00d3\u0141 PODNOSZENIA DNA ZATOKI SZCZ\u0118KOWEJ II&#8221; font_container=&#8221;tag:p|font_size:35|text_align:center|color:%23c4d600&#8243; use_theme_fonts=&#8221;yes&#8221;][vc_btn title=&#8221;Pobierz Protok\u00f3\u0142&#8221; style=&#8221;outline-custom&#8221; outline_custom_color=&#8221;#c4d600&#8243; outline_custom_hover_background=&#8221;#666666&#8243; outline_custom_hover_text=&#8221;#ffffff&#8221; size=&#8221;lg&#8221; align=&#8221;center&#8221; link=&#8221;url:https%3A%2F%2Fversahinternational.com%2Fwp-content%2Fuploads%2F2023%2F12%2FPolish-Protocol-Sinus-Lift-II-11050-REV00.pdf|title:Protok%C3%B3%C5%82%20u%C5%82atwionego%20rozszerzania%20wyrostka&#8221;][\/vc_column][\/vc_row][vc_row][vc_column css=&#8221;.vc_custom_1690308635247{background-color:<\/p>\n<p><a href=\"https:\/\/versahinternational.com\/pl\/wszechstronnosc-kliniczna\/crestal-sinus-lift-protocol-ii\/\" class=\"more-link\">Continue reading<span class=\"screen-reader-text\">Protok\u00f3\u0142 podnoszenia dna zatoki szcz\u0119kowej II<\/span><\/a><\/p>\n","protected":false},"author":2,"featured_media":0,"parent":11450,"menu_order":0,"comment_status":"closed","ping_status":"closed","template":"","meta":{"footnotes":""},"class_list":["post-11371","page","type-page","status-publish","hentry"],"jetpack_sharing_enabled":true,"_links":{"self":[{"href":"https:\/\/versahinternational.com\/pl\/wp-json\/wp\/v2\/pages\/11371","targetHints":{"allow":["GET"]}}],"collection":[{"href":"https:\/\/versahinternational.com\/pl\/wp-json\/wp\/v2\/pages"}],"about":[{"href":"https:\/\/versahinternational.com\/pl\/wp-json\/wp\/v2\/types\/page"}],"author":[{"embeddable":true,"href":"https:\/\/versahinternational.com\/pl\/wp-json\/wp\/v2\/users\/2"}],"replies":[{"embeddable":true,"href":"https:\/\/versahinternational.com\/pl\/wp-json\/wp\/v2\/comments?post=11371"}],"version-history":[{"count":13,"href":"https:\/\/versahinternational.com\/pl\/wp-json\/wp\/v2\/pages\/11371\/revisions"}],"predecessor-version":[{"id":19441,"href":"https:\/\/versahinternational.com\/pl\/wp-json\/wp\/v2\/pages\/11371\/revisions\/19441"}],"up":[{"embeddable":true,"href":"https:\/\/versahinternational.com\/pl\/wp-json\/wp\/v2\/pages\/11450"}],"wp:attachment":[{"href":"https:\/\/versahinternational.com\/pl\/wp-json\/wp\/v2\/media?parent=11371"}],"curies":[{"name":"wp","href":"https:\/\/api.w.org\/{rel}","templated":true}]}}