{"id":9380,"date":"2023-07-17T18:07:03","date_gmt":"2023-07-17T18:07:03","guid":{"rendered":"https:\/\/versahinternational.com\/wiertla-zgo-densah\/"},"modified":"2025-03-18T16:32:33","modified_gmt":"2025-03-18T16:32:33","slug":"wiertla-zgo-densah","status":"publish","type":"page","link":"https:\/\/versahinternational.com\/pl\/wiertla-zgo-densah\/","title":{"rendered":"WIERT\u0141A ZGO\u2122 DENSAH\u00ae"},"content":{"rendered":"<section class=\"wpb-content-wrapper\"><p>[vc_row][vc_column][vc_row_inner][vc_column_inner][vc_empty_space height=&#8221;100px&#8221;][vc_custom_heading text=&#8221;WIERT\u0141A ZGO\u2122 DENSAH\u00ae&#8221; font_container=&#8221;tag:p|font_size:35|text_align:center|color:%23c4d600&#8243; use_theme_fonts=&#8221;yes&#8221;][\/vc_column_inner][\/vc_row_inner][vc_row_inner][vc_column_inner width=&#8221;3\/4&#8243;][vc_single_image image=&#8221;25257&#8243; img_size=&#8221;full&#8221; alignment=&#8221;center&#8221;][\/vc_column_inner][vc_column_inner width=&#8221;1\/4&#8243;][vc_empty_space height=&#8221;150px&#8221;][vc_column_text]<\/p>\n<p style=\"text-align: left;\"><span style=\"color: #ffffff;\"><strong>Zestaw zawiera:<\/strong><\/span><br \/>\n<span style=\"color: #ffffff;\">\u2022 2 sto\u017ckowe wiert\u0142a pilotuj\u0105ce ZGO <\/span><br \/>\n<span style=\"color: #ffffff;\">\u2022 4 wiert\u0142a ZGO\u2122 Densah\u00ae \u2013 65 mm <\/span><br \/>\n<span style=\"color: #ffffff;\">\u2022 4 wiert\u0142a ZGO\u2122 Densah\u00ae \u2013 90 mm<\/span><br \/>\n<span style=\"color: #ffffff;\">\u2022 1 uniwersalny uchwyt wiert\u0142a ZGO\u2122 Densah\u00ae <\/span><\/p>\n<p>[\/vc_column_text][\/vc_column_inner][\/vc_row_inner][vc_row_inner][vc_column_inner][vc_empty_space height=&#8221;100px&#8221;][vc_custom_heading text=&#8221;Film dotycz\u0105cy wierte\u0142 ZGO\u2122 Densah\u00ae&#8221; font_container=&#8221;tag:p|font_size:25|text_align:center|color:%23c4d600&#8243; use_theme_fonts=&#8221;yes&#8221; css=&#8221;.vc_custom_1689774628974{background-color: #333333 !important;}&#8221;][vc_video link=&#8221;https:\/\/vimeo.com\/680455876&#8243; align=&#8221;center&#8221;][vc_video link=&#8221;https:\/\/vimeo.com\/680461760&#8243; align=&#8221;center&#8221;][\/vc_column_inner][\/vc_row_inner][vc_row_inner][vc_column_inner][vc_empty_space height=&#8221;100px&#8221;][vc_custom_heading text=&#8221;Protok\u00f3\u0142 Zygoma&#8221; font_container=&#8221;tag:p|font_size:25|text_align:center|color:%23c4d600&#8243; use_theme_fonts=&#8221;yes&#8221; css=&#8221;.vc_custom_1689774698181{background-color: #333333 !important;}&#8221;][vc_empty_space height=&#8221;50px&#8221;][vc_column_text]<\/p>\n<p style=\"text-align: center;\"><strong><span style=\"color: #ffffff;\">Wewn\u0105trzszcz\u0119kowy wewn\u0105trz-\/zewn\u0105trzzatokowy protok\u00f3\u0142 Zygoma I\/II<\/span><\/strong><\/p>\n<p>[\/vc_column_text][vc_btn title=&#8221;Protok\u00f3\u0142 odczytu I\/II&#8221; style=&#8221;outline-custom&#8221; outline_custom_color=&#8221;#c4d600&#8243; outline_custom_hover_background=&#8221;#666666&#8243; outline_custom_hover_text=&#8221;#ffffff&#8221; size=&#8221;lg&#8221; align=&#8221;center&#8221; link=&#8221;url:https%3A%2F%2Fversahinternational.com%2Fpl%2Fwszechstronnosc-kliniczna%2Fprotokol-zgo-typu-i-ii%2F|&#8221;][vc_single_image image=&#8221;15789&#8243; img_size=&#8221;full&#8221; alignment=&#8221;center&#8221;][vc_empty_space height=&#8221;100px&#8221;][vc_separator color=&#8221;custom&#8221; accent_color=&#8221;#c4d600&#8243;][vc_column_text]<\/p>\n<p style=\"text-align: center;\"><strong><span style=\"color: #ffffff;\">Wewn\u0105trzszcz\u0119kowy zewn\u0105trzzatokowy protok\u00f3\u0142 Zygoma III<\/span><\/strong><\/p>\n<p>[\/vc_column_text][vc_btn title=&#8221;Protok\u00f3\u0142 odczytu III&#8221; style=&#8221;outline-custom&#8221; outline_custom_color=&#8221;#c4d600&#8243; outline_custom_hover_background=&#8221;#666666&#8243; outline_custom_hover_text=&#8221;#ffffff&#8221; size=&#8221;lg&#8221; align=&#8221;center&#8221; link=&#8221;url:https%3A%2F%2Fversahinternational.com%2Fpl%2Fwszechstronnosc-kliniczna%2Fprotokol-zgo-typu-iii%2F|title:Protok%C3%B3%C5%82%20ZGO%20typu%20III|&#8221;][vc_single_image image=&#8221;15803&#8243; img_size=&#8221;full&#8221; alignment=&#8221;center&#8221;][vc_empty_space height=&#8221;100px&#8221;][vc_separator color=&#8221;custom&#8221; accent_color=&#8221;#c4d600&#8243;][vc_column_text]<\/p>\n<p style=\"text-align: center;\"><strong><span style=\"color: #ffffff;\">Zewn\u0105trzszcz\u0119kowy zewn\u0105trzzatokowy protok\u00f3\u0142 Zygoma IV<\/span><\/strong><\/p>\n<p>[\/vc_column_text][vc_btn title=&#8221;Protok\u00f3\u0142 odczytu IV&#8221; style=&#8221;outline-custom&#8221; outline_custom_color=&#8221;#c4d600&#8243; outline_custom_hover_background=&#8221;#666666&#8243; outline_custom_hover_text=&#8221;#ffffff&#8221; size=&#8221;lg&#8221; align=&#8221;center&#8221; link=&#8221;url:https%3A%2F%2Fversahinternational.com%2Fpl%2Fwszechstronnosc-kliniczna%2Fprotokol-zgo-typu-iv%2F|title:Protok%C3%B3%C5%82%20ZGO%20typu%20IV|&#8221;][vc_single_image image=&#8221;15817&#8243; img_size=&#8221;full&#8221; alignment=&#8221;center&#8221;][\/vc_column_inner][\/vc_row_inner][\/vc_column][\/vc_row][vc_row][vc_column][vc_empty_space height=&#8221;100px&#8221;][vc_column_text]<\/p>\n<h6><span style=\"color: #808080;\"> 10904 REV01 ostatnia aktualizacja: 3\/2025<\/span><\/h6>\n<p>[\/vc_column_text][\/vc_column][\/vc_row]<\/p>\n<\/section>","protected":false},"excerpt":{"rendered":"<p>[vc_row][vc_column][vc_row_inner][vc_column_inner][vc_empty_space height=&#8221;100px&#8221;][vc_custom_heading text=&#8221;WIERT\u0141A ZGO\u2122 DENSAH\u00ae&#8221; font_container=&#8221;tag:p|font_size:35|text_align:center|color:%23c4d600&#8243; use_theme_fonts=&#8221;yes&#8221;][\/vc_column_inner][\/vc_row_inner][vc_row_inner][vc_column_inner width=&#8221;3\/4&#8243;][vc_single_image image=&#8221;25257&#8243; img_size=&#8221;full&#8221; alignment=&#8221;center&#8221;][\/vc_column_inner][vc_column_inner width=&#8221;1\/4&#8243;][vc_empty_space height=&#8221;150px&#8221;][vc_column_text] Zestaw zawiera: \u2022 2 sto\u017ckowe wiert\u0142a pilotuj\u0105ce<\/p>\n<p><a href=\"https:\/\/versahinternational.com\/pl\/wiertla-zgo-densah\/\" class=\"more-link\">Continue reading<span class=\"screen-reader-text\">WIERT\u0141A ZGO\u2122 DENSAH\u00ae<\/span><\/a><\/p>\n","protected":false},"author":2,"featured_media":0,"parent":0,"menu_order":0,"comment_status":"closed","ping_status":"closed","template":"","meta":{"footnotes":""},"class_list":["post-9380","page","type-page","status-publish","hentry"],"jetpack_sharing_enabled":true,"_links":{"self":[{"href":"https:\/\/versahinternational.com\/pl\/wp-json\/wp\/v2\/pages\/9380","targetHints":{"allow":["GET"]}}],"collection":[{"href":"https:\/\/versahinternational.com\/pl\/wp-json\/wp\/v2\/pages"}],"about":[{"href":"https:\/\/versahinternational.com\/pl\/wp-json\/wp\/v2\/types\/page"}],"author":[{"embeddable":true,"href":"https:\/\/versahinternational.com\/pl\/wp-json\/wp\/v2\/users\/2"}],"replies":[{"embeddable":true,"href":"https:\/\/versahinternational.com\/pl\/wp-json\/wp\/v2\/comments?post=9380"}],"version-history":[{"count":15,"href":"https:\/\/versahinternational.com\/pl\/wp-json\/wp\/v2\/pages\/9380\/revisions"}],"predecessor-version":[{"id":25270,"href":"https:\/\/versahinternational.com\/pl\/wp-json\/wp\/v2\/pages\/9380\/revisions\/25270"}],"wp:attachment":[{"href":"https:\/\/versahinternational.com\/pl\/wp-json\/wp\/v2\/media?parent=9380"}],"curies":[{"name":"wp","href":"https:\/\/api.w.org\/{rel}","templated":true}]}}