{"id":9555,"date":"2023-07-18T18:32:06","date_gmt":"2023-07-18T18:32:06","guid":{"rendered":"https:\/\/versahinternational.com\/protokol-zgo-typu-iv\/"},"modified":"2024-01-03T14:48:28","modified_gmt":"2024-01-03T14:48:28","slug":"protokol-zgo-typu-iv","status":"publish","type":"page","link":"https:\/\/versahinternational.com\/pl\/wszechstronnosc-kliniczna\/protokol-zgo-typu-iv\/","title":{"rendered":"Protok\u00f3\u0142 ZGO typu IV"},"content":{"rendered":"<section class=\"wpb-content-wrapper\"><p>[vc_row][vc_column][vc_empty_space height=&#8221;100px&#8221;][vc_custom_heading text=&#8221;ZEWN\u0104TRZSZCZ\u0118KOWY ZEWN\u0104TRZZATOKOWY PROTOK\u00d3\u0141 ZYGOMA IV&#8221; font_container=&#8221;tag:p|font_size:35|text_align:center|color:%23c4d600&#8243; use_theme_fonts=&#8221;yes&#8221;][vc_btn title=&#8221;Pobierz Protok\u00f3\u0142&#8221; style=&#8221;outline-custom&#8221; outline_custom_color=&#8221;#c4d600&#8243; outline_custom_hover_background=&#8221;#666666&#8243; outline_custom_hover_text=&#8221;#ffffff&#8221; size=&#8221;lg&#8221; align=&#8221;center&#8221; link=&#8221;url:https%3A%2F%2Fversahinternational.com%2Fwp-content%2Fuploads%2F2023%2F12%2FPolish-ZGO-Protocol-IV-11058-REV00.pdf|title:Protok%C3%B3%C5%82%20u%C5%82atwionego%20rozszerzania%20wyrostka&#8221;][\/vc_column][\/vc_row][vc_row][vc_column css=&#8221;.vc_custom_1690381239585{background-color: #ffffff !important;}&#8221;][vc_separator][vc_row_inner][vc_column_inner width=&#8221;2\/3&#8243;][vc_column_text]<\/p>\n<div data-widget-id=\"ecf34c35-04ee-4d55-80f5-2b30c50127ca\" data-placement-id=\"b03f79d3-5287-4d86-b88e-4d16ee2698ae\" data-placement-status=\"ACTIVE\">\n<div class=\"sd-simple-text-ecf34c35-04ee-4d55-80f5-2b30c50127ca \">\n<div id=\"sd-simple-text-editable-ecf34c35-04ee-4d55-80f5-2b30c50127ca\" data-edit-mode=\"\">\n<p><span style=\"color: #c4d600 !important;\"><strong>Opis: <\/strong><\/span><\/p>\n<\/div>\n<\/div>\n<\/div>\n<div data-widget-id=\"ebb0fe0c-d3bb-4469-819e-748e87ebe8d3\" data-placement-id=\"eb822ecd-15a8-4eb2-92d0-a209d804bd0a\" data-placement-status=\"ACTIVE\">\n<div class=\"sd-simple-text-ebb0fe0c-d3bb-4469-819e-748e87ebe8d3 \">\n<div id=\"sd-simple-text-editable-ebb0fe0c-d3bb-4469-819e-748e87ebe8d3\" data-edit-mode=\"\">\n<p><span style=\"color: #222222 !important;\"><strong>Ten protok\u00f3\u0142 ZGO IV wykorzystuje \u015bcie\u017ck\u0119 pozaszcz\u0119kow\u0105.<\/strong> Szcz\u0119ka i ko\u015b\u0107 wyrostka z\u0119bodo\u0142owego wykazuj\u0105 skrajn\u0105 atrofi\u0119 pionow\u0105 i poziom\u0105. <strong>\u015acie\u017cka jest zewn\u0105trzszcz\u0119kowa i ca\u0142kowicie pozazatokowa.<\/strong> G\u0142owa implantu jest umieszczona policzkowo w stosunku do grzbietu wyrostka z\u0119bodo\u0142owego, zwykle w p\u0142ytkiej osteotomii kana\u0142owej. Wi\u0119ksza cz\u0119\u015b\u0107 implantu jarzmowego ma \u015bcie\u017ck\u0119 wewn\u0105trzzatokow\u0105\/zewn\u0105trzszcz\u0119kow\u0105. <strong>Cz\u0119\u015b\u0107 czo\u0142owa implantu jarzmowego znajduje si\u0119 poza ko\u015bci\u0105 szcz\u0119kow\u0105, zwykle w osteotomii kana\u0142owej,<\/strong> <strong>natomiast cz\u0119\u015b\u0107 wierzcho\u0142kowa implantu jest otoczona ko\u015bci\u0105 w osteotomii tunelowej w ko\u015bci jarzmowej.<\/strong> Implant jarzmowy styka si\u0119 z ko\u015bci\u0105 jarzmow\u0105 i cz\u0119\u015bci\u0105 zewn\u0119trznej bocznej \u015bciany zatoki. <\/span><\/p>\n<\/div>\n<\/div>\n<\/div>\n<p>[\/vc_column_text][\/vc_column_inner][vc_column_inner width=&#8221;1\/3&#8243;][vc_single_image image=&#8221;1317&#8243; img_size=&#8221;full&#8221;][\/vc_column_inner][\/vc_row_inner][vc_separator][vc_empty_space height=&#8221;50px&#8221;][vc_row_inner][vc_column_inner width=&#8221;2\/3&#8243;][vc_custom_heading text=&#8221;Krok 1:&#8221; font_container=&#8221;tag:p|font_size:20|text_align:left|color:%23c4d600&#8243; use_theme_fonts=&#8221;yes&#8221;][vc_column_text]<\/p>\n<div data-widget-id=\"ecf34c35-04ee-4d55-80f5-2b30c50127ca\" data-placement-id=\"b03f79d3-5287-4d86-b88e-4d16ee2698ae\" data-placement-status=\"ACTIVE\">\n<div class=\"sd-simple-text-ecf34c35-04ee-4d55-80f5-2b30c50127ca \">\n<div id=\"sd-simple-text-editable-ecf34c35-04ee-4d55-80f5-2b30c50127ca\" data-edit-mode=\"\">\n<p><span style=\"color: #222222 !important; font-size: 1.125rem;\">Utw\u00f3rz czo\u0142ow\u0105 <strong>osteotomi\u0119<\/strong> kana\u0142ow\u0105 przy u\u017cyciu zwyk\u0142ych uniwersalnych wierte\u0142 Densah\u00ae, pocz\u0105wszy od VT1525 (2,0), a\u017c do VT3545 (4,0) w trybie ci\u0119cia w prawo z pr\u0119dko\u015bci\u0105 800\u20131500 obr.\/min z obfit\u0105 irygacj\u0105, jako przecinak\u00f3w bocznych w celu <strong>utworzenia osteotomii kana\u0142owej w resztkowym wyrostku z\u0119bodo\u0142owym i bocznej \u015bcianie zatoki szcz\u0119kowej.<\/strong> Kiedy osteotomia zbli\u017cy si\u0119 do membrany zatoki szcz\u0119kowej, prze\u0142\u0105cz na tryb w lewo (OD), aby zachowa\u0107 integralno\u015b\u0107 membrany zatoki szcz\u0119kowej podczas definiowania osteotomii kana\u0142u. <\/span><\/p>\n<\/div>\n<\/div>\n<\/div>\n<p>[\/vc_column_text][\/vc_column_inner][vc_column_inner width=&#8221;1\/3&#8243;][vc_single_image image=&#8221;17735&#8243; img_size=&#8221;full&#8221;][\/vc_column_inner][\/vc_row_inner][vc_row_inner][vc_column_inner][vc_empty_space height=&#8221;50px&#8221;][\/vc_column_inner][\/vc_row_inner][vc_row_inner][vc_column_inner width=&#8221;2\/3&#8243;][vc_custom_heading text=&#8221;Krok 2:&#8221; font_container=&#8221;tag:p|font_size:20|text_align:left|color:%23c4d600&#8243; use_theme_fonts=&#8221;yes&#8221;][vc_column_text]<\/p>\n<div data-widget-id=\"ecf34c35-04ee-4d55-80f5-2b30c50127ca\" data-placement-id=\"b03f79d3-5287-4d86-b88e-4d16ee2698ae\" data-placement-status=\"ACTIVE\">\n<div class=\"sd-simple-text-ecf34c35-04ee-4d55-80f5-2b30c50127ca \">\n<div id=\"sd-simple-text-editable-ecf34c35-04ee-4d55-80f5-2b30c50127ca\" data-edit-mode=\"\">\n<p><span style=\"color: #222222 !important; font-size: 1.125rem;\">U\u017cywaj\u0105c wiert\u0142a pilotuj\u0105cego ZGO Densah\u00ae o odpowiedniej d\u0142ugo\u015bci (65 mm lub 90 mm) w zale\u017cno\u015bci od anatomii i rozmiaru pacjenta w trybie w prawo, pod\u0105\u017caj trajektori\u0105 kana\u0142u, aby wej\u015b\u0107 do dolnej cz\u0119\u015bci trzonu ko\u015bci jarzmowej w celu przygotowania osteotomii tunelowej o odpowiedniej d\u0142ugo\u015bci, perforuj\u0105cej wierzcho\u0142kowo przez g\u00f3rno-boczn\u0105 cz\u0119\u015b\u0107 trzonu ko\u015bci jarzmowej. <\/span><\/p>\n<\/div>\n<\/div>\n<\/div>\n<p>[\/vc_column_text][\/vc_column_inner][vc_column_inner width=&#8221;1\/3&#8243;][vc_single_image image=&#8221;1309&#8243; img_size=&#8221;full&#8221;][\/vc_column_inner][\/vc_row_inner][vc_row_inner][vc_column_inner][vc_empty_space height=&#8221;50px&#8221;][\/vc_column_inner][\/vc_row_inner][vc_row_inner][vc_column_inner width=&#8221;2\/3&#8243;][vc_custom_heading text=&#8221;Krok 3:&#8221; font_container=&#8221;tag:p|font_size:20|text_align:left|color:%23c4d600&#8243; use_theme_fonts=&#8221;yes&#8221;][vc_column_text]<\/p>\n<div data-widget-id=\"ecf34c35-04ee-4d55-80f5-2b30c50127ca\" data-placement-id=\"b03f79d3-5287-4d86-b88e-4d16ee2698ae\" data-placement-status=\"ACTIVE\">\n<div class=\"sd-simple-text-ecf34c35-04ee-4d55-80f5-2b30c50127ca \">\n<div id=\"sd-simple-text-editable-ecf34c35-04ee-4d55-80f5-2b30c50127ca\" data-edit-mode=\"\">\n<p><span style=\"color: #222222 !important; font-size: 1.125rem;\">Po wykonaniu pilotuj\u0105cej osteotomii kana\u0142owej, w zale\u017cno\u015bci od anatomii i rozmiaru pacjenta, nale\u017cy u\u017cy\u0107 odpowiedniej d\u0142ugo\u015bci (65 mm lub 90 mm) wierte\u0142 ZGO Densah\u00ae, zaczynaj\u0105c od wiert\u0142a ZGO Densah\u00ae ZT1525 w kolejno\u015bci rosn\u0105cej, w trybie ci\u0119cia w prawo\/trybie zag\u0119szczania w lewo, w razie potrzeby, aby poszerzy\u0107 osteotomi\u0119 w celu uzyskania po\u017c\u0105danej \u015brednicy i d\u0142ugo\u015bci osteotomii w zale\u017cno\u015bci od \u015brednicy i d\u0142ugo\u015bci implantu jarzmowego, kt\u00f3ry ma zosta\u0107 wszczepiony. <strong>Po zbli\u017ceniu si\u0119 do membrany zatoki kierunek wiercenia zmienia si\u0119 na w lewo w celu zachowania integralno\u015bci membrany zatoki. <\/strong><\/span><\/p>\n<\/div>\n<\/div>\n<\/div>\n<p>[\/vc_column_text][\/vc_column_inner][vc_column_inner width=&#8221;1\/3&#8243;][vc_single_image image=&#8221;1311&#8243; img_size=&#8221;full&#8221;][\/vc_column_inner][\/vc_row_inner][vc_row_inner][vc_column_inner][vc_empty_space height=&#8221;50px&#8221;][\/vc_column_inner][\/vc_row_inner][vc_row_inner][vc_column_inner width=&#8221;2\/3&#8243;][vc_custom_heading text=&#8221;Krok 4:&#8221; font_container=&#8221;tag:p|font_size:20|text_align:left|color:%23c4d600&#8243; use_theme_fonts=&#8221;yes&#8221;][vc_column_text]<\/p>\n<div data-widget-id=\"ecf34c35-04ee-4d55-80f5-2b30c50127ca\" data-placement-id=\"b03f79d3-5287-4d86-b88e-4d16ee2698ae\" data-placement-status=\"ACTIVE\">\n<div class=\"sd-simple-text-ecf34c35-04ee-4d55-80f5-2b30c50127ca \">\n<div id=\"sd-simple-text-editable-ecf34c35-04ee-4d55-80f5-2b30c50127ca\" data-edit-mode=\"\">\n<p><span style=\"color: #222222 !important; font-size: 1.125rem;\">Twardo\u015b\u0107 ko\u015bci jarzmowej i \u015brednica implantu determinuj\u0105 \u015brednic\u0119 ostatecznego wiert\u0142a ZGO Densah\u00ae, tj. ZT2030, ZT2535 lub ZT3040. Wiert\u0142a ZGO Densah\u00ae najlepiej jest stosowa\u0107 w trybie w lewo\/w prawo w zale\u017cno\u015bci od potrzeb na podstawie g\u0119sto\u015bci ko\u015bci z pr\u0119dko\u015bci\u0105 800\u20131500 obr.\/min z obfit\u0105 irygacj\u0105.<br \/>\n1) Tryb ci\u0119cia w prawo w przypadku g\u0119stszej ko\u015bci<br \/>\n2) Tryb zag\u0119szczania w lewo w bardziej mi\u0119kkiej ko\u015bci<br \/>\n3) Po\u0142\u0105czenie trybu w prawo i w lewo przy u\u017cyciu protoko\u0142u zachowania-zag\u0119szczania po ci\u0119ciu (DAC) w przypadku po\u015bredniej twardo\u015bci ko\u015bci.<br \/>\nTwardo\u015b\u0107 ko\u015bci jarzmowej i \u015brednica implantu determinuj\u0105 \u015brednic\u0119 ostatecznego wiert\u0142a ZGO Densah\u00ae.<\/span><\/p>\n<\/div>\n<\/div>\n<\/div>\n<p>[\/vc_column_text][\/vc_column_inner][vc_column_inner width=&#8221;1\/3&#8243;][vc_single_image image=&#8221;1313&#8243; img_size=&#8221;full&#8221;][\/vc_column_inner][\/vc_row_inner][vc_row_inner][vc_column_inner][vc_empty_space height=&#8221;50px&#8221;][\/vc_column_inner][\/vc_row_inner][vc_row_inner][vc_column_inner width=&#8221;2\/3&#8243;][vc_custom_heading text=&#8221;Krok 5:&#8221; font_container=&#8221;tag:p|font_size:20|text_align:left|color:%23c4d600&#8243; use_theme_fonts=&#8221;yes&#8221;][vc_column_text]<\/p>\n<div data-widget-id=\"ecf34c35-04ee-4d55-80f5-2b30c50127ca\" data-placement-id=\"b03f79d3-5287-4d86-b88e-4d16ee2698ae\" data-placement-status=\"ACTIVE\">\n<div class=\"sd-simple-text-ecf34c35-04ee-4d55-80f5-2b30c50127ca \">\n<div id=\"sd-simple-text-editable-ecf34c35-04ee-4d55-80f5-2b30c50127ca\" data-edit-mode=\"\">\n<p><span style=\"color: #222222 !important; font-size: 1.125rem;\">Nast\u0119pnie wszczepiany jest implant jarzmowy. G\u0142owa implantu znajduje si\u0119 na policzkowej cz\u0119\u015bci wyrostka z\u0119bodo\u0142owego. \u015arodkowa cz\u0119\u015b\u0107 trzonu implantu nie dotyka najbardziej wkl\u0119s\u0142ej cz\u0119\u015bci przedniej \u015bciany szcz\u0119ki. W przypadku tej zewn\u0105trzszcz\u0119kowej \u015bcie\u017cki zewn\u0105trzzatokowej implant styka si\u0119 z ko\u015bci\u0105 na:<br \/>\n1) Policzkowym zewn\u0119trznym aspekcie grzbietu<br \/>\n2) Ko\u015bci jarzmowej, wierzcho\u0142kowo <\/span><\/p>\n<\/div>\n<\/div>\n<\/div>\n<p>[\/vc_column_text][\/vc_column_inner][vc_column_inner width=&#8221;1\/3&#8243;][vc_single_image image=&#8221;1315&#8243; img_size=&#8221;full&#8221;][\/vc_column_inner][\/vc_row_inner][vc_row_inner][vc_column_inner][vc_empty_space height=&#8221;50px&#8221;][vc_single_image image=&#8221;1305&#8243; img_size=&#8221;full&#8221; alignment=&#8221;center&#8221;][vc_column_text]<\/p>\n<div data-widget-id=\"ecf34c35-04ee-4d55-80f5-2b30c50127ca\" data-placement-id=\"b03f79d3-5287-4d86-b88e-4d16ee2698ae\" data-placement-status=\"ACTIVE\">\n<div class=\"sd-simple-text-ecf34c35-04ee-4d55-80f5-2b30c50127ca \">\n<div id=\"sd-simple-text-editable-ecf34c35-04ee-4d55-80f5-2b30c50127ca\" data-edit-mode=\"\">\n<p style=\"text-align: center;\">Dzi\u0119ki uprzejmo\u015bci dr Costy Nicolopoulosa<\/p>\n<p style=\"text-align: center;\"><span style=\"color: #222222 !important;\">* Dane w\u0142asne, odwied\u017a stron\u0119 versahinternational.com\/od-published-papers\/, aby uzyska\u0107 informacje o badaniach dotycz\u0105cych implant\u00f3w ko\u015bci jarzmowej.<br \/>\n<strong>** Ocena i do\u015bwiadczenie lekarza powinny by\u0107 wykorzystywane w po\u0142\u0105czeniu z niniejszym protoko\u0142em sugerowanego stosowania w praktyce klinicznej.<\/strong><\/span><\/p>\n<\/div>\n<\/div>\n<\/div>\n<p>[\/vc_column_text][\/vc_column_inner][\/vc_row_inner][\/vc_column][\/vc_row][vc_row][vc_column][vc_empty_space height=&#8221;100px&#8221;][vc_column_text]<\/p>\n<h6><span style=\"color: #808080;\"> 10898 REV00 ostatnia aktualizacja: 08\/2023<\/span><\/h6>\n<p>[\/vc_column_text][\/vc_column][\/vc_row]<\/p>\n<\/section>","protected":false},"excerpt":{"rendered":"<p>[vc_row][vc_column][vc_empty_space height=&#8221;100px&#8221;][vc_custom_heading text=&#8221;ZEWN\u0104TRZSZCZ\u0118KOWY ZEWN\u0104TRZZATOKOWY PROTOK\u00d3\u0141 ZYGOMA IV&#8221; font_container=&#8221;tag:p|font_size:35|text_align:center|color:%23c4d600&#8243; use_theme_fonts=&#8221;yes&#8221;][vc_btn title=&#8221;Pobierz Protok\u00f3\u0142&#8221; style=&#8221;outline-custom&#8221; outline_custom_color=&#8221;#c4d600&#8243; outline_custom_hover_background=&#8221;#666666&#8243; outline_custom_hover_text=&#8221;#ffffff&#8221; size=&#8221;lg&#8221; align=&#8221;center&#8221; link=&#8221;url:https%3A%2F%2Fversahinternational.com%2Fwp-content%2Fuploads%2F2023%2F12%2FPolish-ZGO-Protocol-IV-11058-REV00.pdf|title:Protok%C3%B3%C5%82%20u%C5%82atwionego%20rozszerzania%20wyrostka&#8221;][\/vc_column][\/vc_row][vc_row][vc_column css=&#8221;.vc_custom_1690381239585{background-color: #ffffff<\/p>\n<p><a href=\"https:\/\/versahinternational.com\/pl\/wszechstronnosc-kliniczna\/protokol-zgo-typu-iv\/\" class=\"more-link\">Continue reading<span class=\"screen-reader-text\">Protok\u00f3\u0142 ZGO typu IV<\/span><\/a><\/p>\n","protected":false},"author":2,"featured_media":0,"parent":11450,"menu_order":0,"comment_status":"closed","ping_status":"closed","template":"","meta":{"footnotes":""},"class_list":["post-9555","page","type-page","status-publish","hentry"],"jetpack_sharing_enabled":true,"_links":{"self":[{"href":"https:\/\/versahinternational.com\/pl\/wp-json\/wp\/v2\/pages\/9555","targetHints":{"allow":["GET"]}}],"collection":[{"href":"https:\/\/versahinternational.com\/pl\/wp-json\/wp\/v2\/pages"}],"about":[{"href":"https:\/\/versahinternational.com\/pl\/wp-json\/wp\/v2\/types\/page"}],"author":[{"embeddable":true,"href":"https:\/\/versahinternational.com\/pl\/wp-json\/wp\/v2\/users\/2"}],"replies":[{"embeddable":true,"href":"https:\/\/versahinternational.com\/pl\/wp-json\/wp\/v2\/comments?post=9555"}],"version-history":[{"count":17,"href":"https:\/\/versahinternational.com\/pl\/wp-json\/wp\/v2\/pages\/9555\/revisions"}],"predecessor-version":[{"id":19587,"href":"https:\/\/versahinternational.com\/pl\/wp-json\/wp\/v2\/pages\/9555\/revisions\/19587"}],"up":[{"embeddable":true,"href":"https:\/\/versahinternational.com\/pl\/wp-json\/wp\/v2\/pages\/11450"}],"wp:attachment":[{"href":"https:\/\/versahinternational.com\/pl\/wp-json\/wp\/v2\/media?parent=9555"}],"curies":[{"name":"wp","href":"https:\/\/api.w.org\/{rel}","templated":true}]}}