{"id":9558,"date":"2023-07-18T18:17:22","date_gmt":"2023-07-18T18:17:22","guid":{"rendered":"https:\/\/versahinternational.com\/protokol-zgo-typu-i-ii\/"},"modified":"2023-12-20T21:12:25","modified_gmt":"2023-12-20T21:12:25","slug":"protokol-zgo-typu-i-ii","status":"publish","type":"page","link":"https:\/\/versahinternational.com\/pl\/wszechstronnosc-kliniczna\/protokol-zgo-typu-i-ii\/","title":{"rendered":"Protok\u00f3\u0142 ZGO typu I\/II"},"content":{"rendered":"<section class=\"wpb-content-wrapper\"><p>[vc_row][vc_column][vc_empty_space height=&#8221;100px&#8221;][vc_custom_heading text=&#8221;WEWN\u0104TRZSZCZ\u0118KOWY WEWN\u0104TRZ-\/ZEWN\u0104TRZZATOKOWY PROTOK\u00d3\u0141 ZYGOMA I\/II&#8221; font_container=&#8221;tag:p|font_size:35|text_align:center|color:%23c4d600&#8243; use_theme_fonts=&#8221;yes&#8221;][vc_btn title=&#8221;Pobierz Protok\u00f3\u0142&#8221; style=&#8221;outline-custom&#8221; outline_custom_color=&#8221;#c4d600&#8243; outline_custom_hover_background=&#8221;#666666&#8243; outline_custom_hover_text=&#8221;#ffffff&#8221; size=&#8221;lg&#8221; align=&#8221;center&#8221; link=&#8221;url:https%3A%2F%2Fversahinternational.com%2Fwp-content%2Fuploads%2F2023%2F12%2FPolish-ZGO-Protocol-III-11056-REV00.pdf|title:Protok%C3%B3%C5%82%20u%C5%82atwionego%20rozszerzania%20wyrostka&#8221;][\/vc_column][\/vc_row][vc_row][vc_column css=&#8221;.vc_custom_1690313321145{background-color: #ffffff !important;}&#8221;][vc_separator][vc_column_text]<\/p>\n<div data-widget-id=\"ecf34c35-04ee-4d55-80f5-2b30c50127ca\" data-placement-id=\"b03f79d3-5287-4d86-b88e-4d16ee2698ae\" data-placement-status=\"ACTIVE\">\n<div class=\"sd-simple-text-ecf34c35-04ee-4d55-80f5-2b30c50127ca \">\n<div id=\"sd-simple-text-editable-ecf34c35-04ee-4d55-80f5-2b30c50127ca\" data-edit-mode=\"\">\n<p><span style=\"color: #c4d600 !important;\"><strong>Opis: <\/strong><\/span><\/p>\n<\/div>\n<\/div>\n<\/div>\n<div data-widget-id=\"ebb0fe0c-d3bb-4469-819e-748e87ebe8d3\" data-placement-id=\"eb822ecd-15a8-4eb2-92d0-a209d804bd0a\" data-placement-status=\"ACTIVE\">\n<div class=\"sd-simple-text-ebb0fe0c-d3bb-4469-819e-748e87ebe8d3 \">\n<div id=\"sd-simple-text-editable-ebb0fe0c-d3bb-4469-819e-748e87ebe8d3\" data-edit-mode=\"\">\n<p><span style=\"color: #222222 !important;\">Przednia \u015bciana szcz\u0119ki jest nieco bardziej wkl\u0119s\u0142a. \u015acie\u017cka jest <strong>ca\u0142kowicie wewn\u0105trzszcz\u0119kowa z podej\u015bciem wewn\u0105trz\/zewn\u0105trznosowym<\/strong>. Osteotomia tunelowa jest tworzona przez grzbiet wyrostka z\u0119bodo\u0142owego, do wewn\u0119trznej bocznej \u015bciany zatoki, aby nieznacznie wyj\u015b\u0107 przez t\u0119 \u015bcian\u0119 boczn\u0105, a nast\u0119pnie ponownie wej\u015b\u0107 do zatoki, wykonuj\u0105c drug\u0105 osteotomi\u0119 tunelow\u0105, aby wyj\u015b\u0107 przez trzon ko\u015bci jarzmowej.<\/span><\/p>\n<\/div>\n<\/div>\n<\/div>\n<p>[\/vc_column_text][vc_separator][vc_row_inner][vc_column_inner width=&#8221;1\/2&#8243;][vc_single_image image=&#8221;1279&#8243; img_size=&#8221;full&#8221; alignment=&#8221;center&#8221;][vc_column_text]<\/p>\n<div data-widget-id=\"ecf34c35-04ee-4d55-80f5-2b30c50127ca\" data-placement-id=\"b03f79d3-5287-4d86-b88e-4d16ee2698ae\" data-placement-status=\"ACTIVE\">\n<div class=\"sd-simple-text-ecf34c35-04ee-4d55-80f5-2b30c50127ca \">\n<div id=\"sd-simple-text-editable-ecf34c35-04ee-4d55-80f5-2b30c50127ca\" data-edit-mode=\"\">\n<p><span style=\"color: #222222 !important;\"><strong>ZGO I: wewn\u0105trzszcz\u0119kowo wewn\u0105trz-\/zewn\u0105trzzatokowo:<\/strong> przednia \u015bciana szcz\u0119ki jest lekko wkl\u0119s\u0142a. <strong>\u015acie\u017cka jest wewn\u0105trzszcz\u0119kowa<\/strong> <strong>z podej\u015bciem wewn\u0105trzzatokowym.<\/strong><\/span><\/p>\n<\/div>\n<\/div>\n<\/div>\n<p>[\/vc_column_text][\/vc_column_inner][vc_column_inner width=&#8221;1\/2&#8243;][vc_single_image image=&#8221;1281&#8243; img_size=&#8221;full&#8221; alignment=&#8221;center&#8221;][vc_column_text]<\/p>\n<div data-widget-id=\"ecf34c35-04ee-4d55-80f5-2b30c50127ca\" data-placement-id=\"b03f79d3-5287-4d86-b88e-4d16ee2698ae\" data-placement-status=\"ACTIVE\">\n<div class=\"sd-simple-text-ecf34c35-04ee-4d55-80f5-2b30c50127ca \">\n<div id=\"sd-simple-text-editable-ecf34c35-04ee-4d55-80f5-2b30c50127ca\" data-edit-mode=\"\">\n<p><span style=\"color: #222222 !important;\"><strong>ZGO II: wewn\u0105trzszcz\u0119kowo wewn\u0105trz-\/zewn\u0105trzzatokowo:<\/strong> przednia \u015bciana szcz\u0119ki jest nieco bardziej wkl\u0119s\u0142a ni\u017c w przypadku ZGO I. W zwi\u0105zku z tym stosuje si\u0119 t\u0119 sam\u0105 zasad\u0119 chirurgiczn\u0105 jak w przypadku ZGO I ze \u015bcie\u017ck\u0105 wewn\u0105trzszcz\u0119kow\u0105, <strong>ale przewa\u017cnie wewn\u0105trzzatokow\u0105.<\/strong><\/span><\/p>\n<\/div>\n<\/div>\n<\/div>\n<p>[\/vc_column_text][\/vc_column_inner][\/vc_row_inner][vc_row_inner][vc_column_inner][vc_empty_space height=&#8221;50px&#8221;][\/vc_column_inner][\/vc_row_inner][vc_row_inner][vc_column_inner width=&#8221;2\/3&#8243;][vc_custom_heading text=&#8221;Krok 1:&#8221; font_container=&#8221;tag:p|font_size:20|text_align:left|color:%23c4d600&#8243; use_theme_fonts=&#8221;yes&#8221;][vc_column_text]<\/p>\n<div data-widget-id=\"ecf34c35-04ee-4d55-80f5-2b30c50127ca\" data-placement-id=\"b03f79d3-5287-4d86-b88e-4d16ee2698ae\" data-placement-status=\"ACTIVE\">\n<div class=\"sd-simple-text-ecf34c35-04ee-4d55-80f5-2b30c50127ca \">\n<div id=\"sd-simple-text-editable-ecf34c35-04ee-4d55-80f5-2b30c50127ca\" data-edit-mode=\"\">\n<p><span style=\"color: #222222 !important;\">Osteotomia tunelowa jest inicjowana za pomoc\u0105 uniwersalnego wiert\u0142a pilotuj\u0105cego Densah\u00ae przez grzbiet wyrostka z\u0119bodo\u0142owego w trybie w prawo w celu dotarcia do dna zatoki. Nast\u0119pnie uniwersalne wiert\u0142a Densah\u00ae s\u0105 u\u017cywane w kolejno\u015bci 2 mm, 2,3 mm, 3 mm i 3,3 mm w kierunku w lewo, aby zachowa\u0107 i poszerzy\u0107 osteotomi\u0119 grzbietu i zainicjowa\u0107 penetracj\u0119 bocznej \u015bciany zatoki. Pozwoli\u0142oby to na zachowanie membrany zatoki oraz zag\u0119szczenie ko\u015bci wyrostka z\u0119bodo\u0142owego. <\/span><\/p>\n<\/div>\n<\/div>\n<\/div>\n<p>[\/vc_column_text][\/vc_column_inner][vc_column_inner width=&#8221;1\/3&#8243;][vc_single_image image=&#8221;15700&#8243; img_size=&#8221;full&#8221;][\/vc_column_inner][\/vc_row_inner][vc_row_inner][vc_column_inner][vc_empty_space height=&#8221;50px&#8221;][\/vc_column_inner][\/vc_row_inner][vc_row_inner][vc_column_inner width=&#8221;2\/3&#8243;][vc_custom_heading text=&#8221;Krok 2:&#8221; font_container=&#8221;tag:p|font_size:20|text_align:left|color:%23c4d600&#8243; use_theme_fonts=&#8221;yes&#8221;][vc_column_text]<\/p>\n<div data-widget-id=\"ecf34c35-04ee-4d55-80f5-2b30c50127ca\" data-placement-id=\"b03f79d3-5287-4d86-b88e-4d16ee2698ae\" data-placement-status=\"ACTIVE\">\n<div class=\"sd-simple-text-ecf34c35-04ee-4d55-80f5-2b30c50127ca \">\n<div id=\"sd-simple-text-editable-ecf34c35-04ee-4d55-80f5-2b30c50127ca\" data-edit-mode=\"\">\n<p><span style=\"color: #222222 !important;\">U\u017cywaj\u0105c wiert\u0142a pilotuj\u0105cego ZGO Densah\u00ae o odpowiedniej d\u0142ugo\u015bci (65 mm lub 90 mm) w zale\u017cno\u015bci od anatomii i rozmiaru pacjenta, w trybie w prawo, aby przej\u015b\u0107 do przygotowanej osteotomii tunelowej w grzbiecie, aby wyj\u015b\u0107 przez \u015bcian\u0119 zatoki bocznej i ponownie wej\u015b\u0107, poprzez kolejn\u0105 osteotomi\u0119 tunelow\u0105, w doln\u0105 powierzchni\u0119 ko\u015bci jarzmowej, a nast\u0119pnie przez trzon ko\u015bci jarzmowej, aby wyj\u015b\u0107 z g\u00f3rno-bocznej powierzchni trzonu ko\u015bci jarzmowej.<\/span><\/p>\n<\/div>\n<\/div>\n<\/div>\n<p>[\/vc_column_text][\/vc_column_inner][vc_column_inner width=&#8221;1\/3&#8243;][vc_single_image image=&#8221;1269&#8243; img_size=&#8221;full&#8221;][\/vc_column_inner][\/vc_row_inner][vc_row_inner][vc_column_inner][vc_empty_space height=&#8221;50px&#8221;][\/vc_column_inner][\/vc_row_inner][vc_row_inner][vc_column_inner width=&#8221;2\/3&#8243;][vc_custom_heading text=&#8221;Krok 3:&#8221; font_container=&#8221;tag:p|font_size:20|text_align:left|color:%23c4d600&#8243; use_theme_fonts=&#8221;yes&#8221;][vc_column_text]<\/p>\n<div data-widget-id=\"ecf34c35-04ee-4d55-80f5-2b30c50127ca\" data-placement-id=\"b03f79d3-5287-4d86-b88e-4d16ee2698ae\" data-placement-status=\"ACTIVE\">\n<div class=\"sd-simple-text-ecf34c35-04ee-4d55-80f5-2b30c50127ca \">\n<div id=\"sd-simple-text-editable-ecf34c35-04ee-4d55-80f5-2b30c50127ca\" data-edit-mode=\"\">\n<p><span style=\"color: #222222 !important;\">Po wykonaniu osteotomii pilotuj\u0105cej nale\u017cy u\u017cy\u0107 wierte\u0142 ZGO Densah\u00ae o odpowiedniej d\u0142ugo\u015bci (65 mm lub 90 mm) w zale\u017cno\u015bci od anatomii i rozmiaru pacjenta. Zaczynaj\u0105c od wiert\u0142a Densah\u00ae Bur ZT 1525, poszerzy\u0107 osteotomi\u0119 grzbietu w trybie w lewo, wchodz\u0105c do jamy zatoki, aby wyj\u015b\u0107 przez boczn\u0105 \u015bcian\u0119 zatoki i ponownie wej\u015b\u0107 przez kolejn\u0105 osteotomi\u0119 tunelow\u0105, w razie potrzeby prze\u0142\u0105czy\u0107 na tryb w prawo, aby wej\u015b\u0107 na doln\u0105 powierzchni\u0119 ko\u015bci jarzmowej, przez trzon ko\u015bci jarzmowej i wyj\u015b\u0107 z g\u00f3rno-bocznej powierzchni trzonu ko\u015bci jarzmowej.<\/span><\/p>\n<\/div>\n<\/div>\n<\/div>\n<p>[\/vc_column_text][\/vc_column_inner][vc_column_inner width=&#8221;1\/3&#8243;][vc_single_image image=&#8221;1271&#8243; img_size=&#8221;full&#8221;][\/vc_column_inner][\/vc_row_inner][vc_row_inner][vc_column_inner][vc_empty_space height=&#8221;50px&#8221;][\/vc_column_inner][\/vc_row_inner][vc_row_inner][vc_column_inner width=&#8221;2\/3&#8243;][vc_custom_heading text=&#8221;Krok 4:&#8221; font_container=&#8221;tag:p|font_size:20|text_align:left|color:%23c4d600&#8243; use_theme_fonts=&#8221;yes&#8221;][vc_column_text]<\/p>\n<div data-widget-id=\"ecf34c35-04ee-4d55-80f5-2b30c50127ca\" data-placement-id=\"b03f79d3-5287-4d86-b88e-4d16ee2698ae\" data-placement-status=\"ACTIVE\">\n<div class=\"sd-simple-text-ecf34c35-04ee-4d55-80f5-2b30c50127ca \">\n<div id=\"sd-simple-text-editable-ecf34c35-04ee-4d55-80f5-2b30c50127ca\" data-edit-mode=\"\">\n<p><span style=\"color: #222222 !important;\">Twardo\u015b\u0107 ko\u015bci jarzmowej i \u015brednica implantu definiuj\u0105 \u015brednic\u0119 ostatecznego wiert\u0142a ZGO Densah\u00ae, tj. <strong>ZT2030, ZT2535 lub ZT3040. Wiert\u0142a ZGO Densah\u00ae najlepiej stosowa\u0107 w trybie w prawo\/w lewo w zale\u017cno\u015bci od g\u0119sto\u015bci ko\u015bci z pr\u0119dko\u015bci\u0105 800\u20131500 obr.\/min z obfit\u0105 irygacj\u0105.<\/strong> 1) Tryb ci\u0119cia w prawo w przypadku g\u0119stszej ko\u015bci 2) Tryb zag\u0119szczania w lewo w bardziej mi\u0119kkiej ko\u015bci 3) Po\u0142\u0105czenie trybu w prawo i w lewo przy u\u017cyciu protoko\u0142u zachowania-zag\u0119szczania po ci\u0119ciu (DAC) w przypadku po\u015bredniej twardo\u015bci ko\u015bci.<\/span><\/p>\n<\/div>\n<\/div>\n<\/div>\n<p>[\/vc_column_text][\/vc_column_inner][vc_column_inner width=&#8221;1\/3&#8243;][vc_single_image image=&#8221;1273&#8243; img_size=&#8221;full&#8221;][\/vc_column_inner][\/vc_row_inner][vc_row_inner][vc_column_inner][vc_empty_space height=&#8221;50px&#8221;][\/vc_column_inner][\/vc_row_inner][vc_row_inner][vc_column_inner width=&#8221;2\/3&#8243;][vc_custom_heading text=&#8221;Krok 5:&#8221; font_container=&#8221;tag:p|font_size:20|text_align:left|color:%23c4d600&#8243; use_theme_fonts=&#8221;yes&#8221;][vc_column_text]<\/p>\n<div data-widget-id=\"ecf34c35-04ee-4d55-80f5-2b30c50127ca\" data-placement-id=\"b03f79d3-5287-4d86-b88e-4d16ee2698ae\" data-placement-status=\"ACTIVE\">\n<div class=\"sd-simple-text-ecf34c35-04ee-4d55-80f5-2b30c50127ca \">\n<div id=\"sd-simple-text-editable-ecf34c35-04ee-4d55-80f5-2b30c50127ca\" data-edit-mode=\"\">\n<p><span style=\"color: #222222 !important;\">Nast\u0119pnie wszczepiany jest implant jarzmowy. Chocia\u017c implant jarzmowy mo\u017cna zobaczy\u0107 przez przedni\u0105 \u015bcian\u0119 szcz\u0119ki, wi\u0119kszo\u015b\u0107 korpusu implantu ma \u015bcie\u017ck\u0119 wewn\u0105trzzatokow\u0105. <strong>W przypadku ZGO I i ZGO II implant styka si\u0119 z ko\u015bci\u0105 na:<\/strong><br \/>\n1) Grzbiecie wyrostka z\u0119bodo\u0142owego.<br \/>\n2) Wewn\u0119trznej \u015bcianie zatoki.<br \/>\n3) Bocznej \u015bcianie zatoki szcz\u0119kowej.<br \/>\n4) Trzonie ko\u015bci jarzmowej<\/span><\/p>\n<\/div>\n<\/div>\n<\/div>\n<p>[\/vc_column_text][\/vc_column_inner][vc_column_inner width=&#8221;1\/3&#8243;][vc_single_image image=&#8221;1275&#8243; img_size=&#8221;full&#8221;][vc_single_image image=&#8221;1277&#8243; img_size=&#8221;full&#8221;][\/vc_column_inner][\/vc_row_inner][vc_row_inner][vc_column_inner][vc_empty_space height=&#8221;50px&#8221;][vc_single_image image=&#8221;1265&#8243; img_size=&#8221;full&#8221; alignment=&#8221;center&#8221;][vc_column_text]<\/p>\n<div data-widget-id=\"ecf34c35-04ee-4d55-80f5-2b30c50127ca\" data-placement-id=\"b03f79d3-5287-4d86-b88e-4d16ee2698ae\" data-placement-status=\"ACTIVE\">\n<div class=\"sd-simple-text-ecf34c35-04ee-4d55-80f5-2b30c50127ca \">\n<div id=\"sd-simple-text-editable-ecf34c35-04ee-4d55-80f5-2b30c50127ca\" data-edit-mode=\"\">\n<p style=\"text-align: center;\"><span style=\"color: #222222 !important;\">* Dane w\u0142asne, odwied\u017a stron\u0119 versahinternational.com\/od-published-papers\/, aby uzyska\u0107 informacje o badaniach dotycz\u0105cych implant\u00f3w ko\u015bci jarzmowej.<br \/>\n<strong>** Ocena i do\u015bwiadczenie lekarza powinny by\u0107 wykorzystywane w po\u0142\u0105czeniu z niniejszym protoko\u0142em sugerowanego stosowania w praktyce klinicznej.<\/strong><\/span><\/p>\n<\/div>\n<\/div>\n<\/div>\n<p>[\/vc_column_text][\/vc_column_inner][\/vc_row_inner][\/vc_column][\/vc_row][vc_row][vc_column][vc_empty_space height=&#8221;100px&#8221;][vc_column_text]<\/p>\n<h6><span style=\"color: #808080;\">10896 REV00 ostatnia aktualizacja: 08\/2023<\/span><\/h6>\n<p>[\/vc_column_text][\/vc_column][\/vc_row]<\/p>\n<\/section>","protected":false},"excerpt":{"rendered":"<p>[vc_row][vc_column][vc_empty_space height=&#8221;100px&#8221;][vc_custom_heading text=&#8221;WEWN\u0104TRZSZCZ\u0118KOWY WEWN\u0104TRZ-\/ZEWN\u0104TRZZATOKOWY PROTOK\u00d3\u0141 ZYGOMA I\/II&#8221; font_container=&#8221;tag:p|font_size:35|text_align:center|color:%23c4d600&#8243; use_theme_fonts=&#8221;yes&#8221;][vc_btn title=&#8221;Pobierz Protok\u00f3\u0142&#8221; style=&#8221;outline-custom&#8221; outline_custom_color=&#8221;#c4d600&#8243; outline_custom_hover_background=&#8221;#666666&#8243; outline_custom_hover_text=&#8221;#ffffff&#8221; size=&#8221;lg&#8221; align=&#8221;center&#8221; link=&#8221;url:https%3A%2F%2Fversahinternational.com%2Fwp-content%2Fuploads%2F2023%2F12%2FPolish-ZGO-Protocol-III-11056-REV00.pdf|title:Protok%C3%B3%C5%82%20u%C5%82atwionego%20rozszerzania%20wyrostka&#8221;][\/vc_column][\/vc_row][vc_row][vc_column css=&#8221;.vc_custom_1690313321145{background-color: #ffffff<\/p>\n<p><a href=\"https:\/\/versahinternational.com\/pl\/wszechstronnosc-kliniczna\/protokol-zgo-typu-i-ii\/\" class=\"more-link\">Continue reading<span class=\"screen-reader-text\">Protok\u00f3\u0142 ZGO typu I\/II<\/span><\/a><\/p>\n","protected":false},"author":2,"featured_media":0,"parent":11450,"menu_order":0,"comment_status":"closed","ping_status":"closed","template":"","meta":{"footnotes":""},"class_list":["post-9558","page","type-page","status-publish","hentry"],"jetpack_sharing_enabled":true,"_links":{"self":[{"href":"https:\/\/versahinternational.com\/pl\/wp-json\/wp\/v2\/pages\/9558","targetHints":{"allow":["GET"]}}],"collection":[{"href":"https:\/\/versahinternational.com\/pl\/wp-json\/wp\/v2\/pages"}],"about":[{"href":"https:\/\/versahinternational.com\/pl\/wp-json\/wp\/v2\/types\/page"}],"author":[{"embeddable":true,"href":"https:\/\/versahinternational.com\/pl\/wp-json\/wp\/v2\/users\/2"}],"replies":[{"embeddable":true,"href":"https:\/\/versahinternational.com\/pl\/wp-json\/wp\/v2\/comments?post=9558"}],"version-history":[{"count":22,"href":"https:\/\/versahinternational.com\/pl\/wp-json\/wp\/v2\/pages\/9558\/revisions"}],"predecessor-version":[{"id":19447,"href":"https:\/\/versahinternational.com\/pl\/wp-json\/wp\/v2\/pages\/9558\/revisions\/19447"}],"up":[{"embeddable":true,"href":"https:\/\/versahinternational.com\/pl\/wp-json\/wp\/v2\/pages\/11450"}],"wp:attachment":[{"href":"https:\/\/versahinternational.com\/pl\/wp-json\/wp\/v2\/media?parent=9558"}],"curies":[{"name":"wp","href":"https:\/\/api.w.org\/{rel}","templated":true}]}}