{"id":9559,"date":"2023-07-18T18:17:33","date_gmt":"2023-07-18T18:17:33","guid":{"rendered":"https:\/\/versahinternational.com\/protokol-zgo-typu-iii\/"},"modified":"2024-01-03T14:47:15","modified_gmt":"2024-01-03T14:47:15","slug":"protokol-zgo-typu-iii","status":"publish","type":"page","link":"https:\/\/versahinternational.com\/pl\/wszechstronnosc-kliniczna\/protokol-zgo-typu-iii\/","title":{"rendered":"Protok\u00f3\u0142 ZGO typu III"},"content":{"rendered":"<section class=\"wpb-content-wrapper\"><p>[vc_row][vc_column][vc_empty_space height=&#8221;100px&#8221;][vc_custom_heading text=&#8221;WEWN\u0104TRZSZCZ\u0118KOWY ZEWN\u0104TRZZATOKOWY PROTOK\u00d3\u0141 ZYGOMA III&#8221; font_container=&#8221;tag:p|font_size:35|text_align:center|color:%23c4d600&#8243; use_theme_fonts=&#8221;yes&#8221;][vc_btn title=&#8221;Pobierz Protok\u00f3\u0142&#8221; style=&#8221;outline-custom&#8221; outline_custom_color=&#8221;#c4d600&#8243; outline_custom_hover_background=&#8221;#666666&#8243; outline_custom_hover_text=&#8221;#ffffff&#8221; size=&#8221;lg&#8221; align=&#8221;center&#8221; link=&#8221;url:https%3A%2F%2Fversahinternational.com%2Fwp-content%2Fuploads%2F2023%2F12%2FPolish-ZGO-Protocol-III-11057-REV00-.pdf|title:Protok%C3%B3%C5%82%20u%C5%82atwionego%20rozszerzania%20wyrostka&#8221;][\/vc_column][\/vc_row][vc_row][vc_column css=&#8221;.vc_custom_1690314596779{background-color: #ffffff !important;}&#8221;][vc_separator][vc_row_inner][vc_column_inner width=&#8221;2\/3&#8243;][vc_column_text]<\/p>\n<div data-widget-id=\"ecf34c35-04ee-4d55-80f5-2b30c50127ca\" data-placement-id=\"b03f79d3-5287-4d86-b88e-4d16ee2698ae\" data-placement-status=\"ACTIVE\">\n<div class=\"sd-simple-text-ecf34c35-04ee-4d55-80f5-2b30c50127ca \">\n<div id=\"sd-simple-text-editable-ecf34c35-04ee-4d55-80f5-2b30c50127ca\" data-edit-mode=\"\">\n<p><span style=\"color: #c4d600 !important;\"><strong>Opis: <\/strong><\/span><\/p>\n<\/div>\n<\/div>\n<\/div>\n<div data-widget-id=\"ebb0fe0c-d3bb-4469-819e-748e87ebe8d3\" data-placement-id=\"eb822ecd-15a8-4eb2-92d0-a209d804bd0a\" data-placement-status=\"ACTIVE\">\n<div class=\"sd-simple-text-ebb0fe0c-d3bb-4469-819e-748e87ebe8d3 \">\n<div id=\"sd-simple-text-editable-ebb0fe0c-d3bb-4469-819e-748e87ebe8d3\" data-edit-mode=\"\">\n<p><span style=\"color: #222222 !important;\">W takich przypadkach przednia \u015bciana szcz\u0119ki jest bardzo wkl\u0119s\u0142a. \u015acie\u017cka jest wewn\u0105trzszcz\u0119kowa z podej\u015bciem ca\u0142kowicie zewn\u0105trzzatokowym. Osteotomia tunelowa jest tworzona przez grzebie\u0144 wyrostka z\u0119bodo\u0142owego, do zewn\u0119trznej bocznej \u015bciany zatoki, aby nieznacznie wyj\u015b\u0107 przez t\u0119 \u015bcian\u0119 boczn\u0105, a nast\u0119pnie ponownie wej\u015b\u0107 do zatoki, wykonuj\u0105c drug\u0105 osteotomi\u0119 tunelow\u0105, aby wyj\u015b\u0107 przez trzon ko\u015bci jarzmowej. Pomi\u0119dzy dwiema osteotomiami tunelowymi \u015bciana szcz\u0119ki jest bardzo wkl\u0119s\u0142a i dlatego nie ma osteotomii rowkowej\/kana\u0142owej pomi\u0119dzy dwiema osteotomiami tunelowymi, tj. \u015brodkowa cz\u0119\u015b\u0107 trzonu implantu nie dotyka\u0142aby najbardziej wkl\u0119s\u0142ej cz\u0119\u015bci \u015bciany. <\/span><\/p>\n<\/div>\n<\/div>\n<\/div>\n<p>[\/vc_column_text][\/vc_column_inner][vc_column_inner width=&#8221;1\/3&#8243;][vc_single_image image=&#8221;1300&#8243; img_size=&#8221;full&#8221;][\/vc_column_inner][\/vc_row_inner][vc_separator][vc_empty_space height=&#8221;50px&#8221;][vc_row_inner][vc_column_inner width=&#8221;2\/3&#8243;][vc_custom_heading text=&#8221;Krok 1:&#8221; font_container=&#8221;tag:p|font_size:20|text_align:left|color:%23c4d600&#8243; use_theme_fonts=&#8221;yes&#8221;][vc_column_text]<\/p>\n<div data-widget-id=\"ecf34c35-04ee-4d55-80f5-2b30c50127ca\" data-placement-id=\"b03f79d3-5287-4d86-b88e-4d16ee2698ae\" data-placement-status=\"ACTIVE\">\n<div class=\"sd-simple-text-ecf34c35-04ee-4d55-80f5-2b30c50127ca \">\n<div id=\"sd-simple-text-editable-ecf34c35-04ee-4d55-80f5-2b30c50127ca\" data-edit-mode=\"\"><\/div>\n<\/div>\n<\/div>\n<div data-widget-id=\"ebb0fe0c-d3bb-4469-819e-748e87ebe8d3\" data-placement-id=\"eb822ecd-15a8-4eb2-92d0-a209d804bd0a\" data-placement-status=\"ACTIVE\">\n<div class=\"sd-simple-text-ebb0fe0c-d3bb-4469-819e-748e87ebe8d3 \">\n<div id=\"sd-simple-text-editable-ebb0fe0c-d3bb-4469-819e-748e87ebe8d3\" data-edit-mode=\"\">\n<p><span style=\"color: #222222 !important;\">Osteotomia tunelowa jest inicjowana za pomoc\u0105 uniwersalnego wiert\u0142a pilotuj\u0105cego Densah\u00ae przez grzebie\u0144 wyrostka z\u0119bodo\u0142owego w trybie w prawo, aby wyj\u015b\u0107 policzkowo przez p\u0142ytk\u0119 policzkow\u0105 szcz\u0119ki\/przedni\u0105 \u015bcian\u0119 szcz\u0119ki. Nast\u0119pnie uniwersalne wiert\u0142a Densah\u00ae s\u0105 u\u017cywane w kolejno\u015bci 2 mm, 2,3 mm, 3 mm i 3,3 mm w kierunku w lewo, aby poszerzy\u0107 osteotomi\u0119 grzbietu oraz osi\u0105gn\u0105\u0107 zachowanie i zag\u0119szczenie ko\u015bci wyrostka z\u0119bodo\u0142owego. <\/span><\/p>\n<\/div>\n<\/div>\n<\/div>\n<p>[\/vc_column_text][\/vc_column_inner][vc_column_inner width=&#8221;1\/3&#8243;][vc_single_image image=&#8221;17720&#8243; img_size=&#8221;full&#8221;][vc_single_image image=&#8221;1288&#8243; img_size=&#8221;full&#8221;][\/vc_column_inner][\/vc_row_inner][vc_row_inner][vc_column_inner][vc_empty_space height=&#8221;50px&#8221;][\/vc_column_inner][\/vc_row_inner][vc_row_inner][vc_column_inner width=&#8221;2\/3&#8243;][vc_custom_heading text=&#8221;Krok 2:&#8221; font_container=&#8221;tag:p|font_size:20|text_align:left|color:%23c4d600&#8243; use_theme_fonts=&#8221;yes&#8221;][vc_column_text]<\/p>\n<div data-widget-id=\"ecf34c35-04ee-4d55-80f5-2b30c50127ca\" data-placement-id=\"b03f79d3-5287-4d86-b88e-4d16ee2698ae\" data-placement-status=\"ACTIVE\">\n<div class=\"sd-simple-text-ecf34c35-04ee-4d55-80f5-2b30c50127ca \">\n<div id=\"sd-simple-text-editable-ecf34c35-04ee-4d55-80f5-2b30c50127ca\" data-edit-mode=\"\"><\/div>\n<\/div>\n<\/div>\n<div data-widget-id=\"ebb0fe0c-d3bb-4469-819e-748e87ebe8d3\" data-placement-id=\"eb822ecd-15a8-4eb2-92d0-a209d804bd0a\" data-placement-status=\"ACTIVE\">\n<div class=\"sd-simple-text-ebb0fe0c-d3bb-4469-819e-748e87ebe8d3 \">\n<div id=\"sd-simple-text-editable-ebb0fe0c-d3bb-4469-819e-748e87ebe8d3\" data-edit-mode=\"\">\n<p><span style=\"color: #222222 !important;\">U\u017cywaj\u0105c wiert\u0142a pilotuj\u0105cego ZGO Densah\u00ae o odpowiedniej d\u0142ugo\u015bci (65 mm lub 90 mm) w zale\u017cno\u015bci od anatomii i rozmiaru pacjenta w trybie w prawo, nale\u017cy przej\u015b\u0107 do wcze\u015bniej przygotowanej osteotomii tunelowej grzbietu aby wyj\u015b\u0107 wzd\u0142u\u017c wkl\u0119s\u0142ej cz\u0119\u015bci przedniej \u015bciany szcz\u0119ki, a nast\u0119pnie spenetrowa\u0107 i ponownie wej\u015b\u0107 w doln\u0105 powierzchni\u0119 ko\u015bci jarzmowej, a nast\u0119pnie przez trzon ko\u015bci jarzmowej, aby wyj\u015b\u0107 z g\u00f3rno-bocznej powierzchni trzonu ko\u015bci jarzmowej, tworz\u0105c w ten spos\u00f3b tunel w ko\u015bci jarzmowej. <\/span><\/p>\n<\/div>\n<\/div>\n<\/div>\n<p>[\/vc_column_text][\/vc_column_inner][vc_column_inner width=&#8221;1\/3&#8243;][vc_single_image image=&#8221;1292&#8243; img_size=&#8221;full&#8221;][\/vc_column_inner][\/vc_row_inner][vc_row_inner][vc_column_inner][vc_empty_space height=&#8221;50px&#8221;][\/vc_column_inner][\/vc_row_inner][vc_row_inner][vc_column_inner width=&#8221;2\/3&#8243;][vc_custom_heading text=&#8221;Krok 3:&#8221; font_container=&#8221;tag:p|font_size:20|text_align:left|color:%23c4d600&#8243; use_theme_fonts=&#8221;yes&#8221;][vc_column_text]<\/p>\n<div data-widget-id=\"ecf34c35-04ee-4d55-80f5-2b30c50127ca\" data-placement-id=\"b03f79d3-5287-4d86-b88e-4d16ee2698ae\" data-placement-status=\"ACTIVE\">\n<div class=\"sd-simple-text-ecf34c35-04ee-4d55-80f5-2b30c50127ca \">\n<div id=\"sd-simple-text-editable-ecf34c35-04ee-4d55-80f5-2b30c50127ca\" data-edit-mode=\"\"><\/div>\n<\/div>\n<\/div>\n<div data-widget-id=\"ebb0fe0c-d3bb-4469-819e-748e87ebe8d3\" data-placement-id=\"eb822ecd-15a8-4eb2-92d0-a209d804bd0a\" data-placement-status=\"ACTIVE\">\n<div class=\"sd-simple-text-ebb0fe0c-d3bb-4469-819e-748e87ebe8d3 \">\n<div id=\"sd-simple-text-editable-ebb0fe0c-d3bb-4469-819e-748e87ebe8d3\" data-edit-mode=\"\">\n<p><span style=\"color: #222222 !important;\">Po wykonaniu osteotomii pilotuj\u0105cej, w zale\u017cno\u015bci od anatomii i rozmiaru pacjenta, nale\u017cy u\u017cy\u0107 odpowiedniej d\u0142ugo\u015bci wierte\u0142 ZGO Densah\u00ae (65 mm lub 90 mm), zaczynaj\u0105c od wiert\u0142a ZGO Densah\u00ae ZT1525, aby poszerzy\u0107 osteotomi\u0119 tunelow\u0105 grzbietu w trybie w lewo, a nast\u0119pnie spojrze\u0107 wzd\u0142u\u017c wkl\u0119s\u0142ej cz\u0119\u015bci przedniej \u015bciany szcz\u0119ki. Prze\u0142\u0105cz na tryb w prawo, aby spenetrowa\u0107 doln\u0105 powierzchni\u0119 ko\u015bci jarzmowej, przej\u015b\u0107 przez trzon ko\u015bci jarzmowej i wyj\u015b\u0107 z g\u00f3rno-bocznej powierzchni trzonu ko\u015bci jarzmowej, poszerzaj\u0105c w ten spos\u00f3b tunel w ko\u015bci jarzmowej. Twardo\u015b\u0107 ko\u015bci jarzmowej i \u015brednica implantu determinuj\u0105 \u015brednic\u0119 ostatecznego wiert\u0142a ZGO Densah\u00ae. <\/span><\/p>\n<\/div>\n<\/div>\n<\/div>\n<p>[\/vc_column_text][\/vc_column_inner][vc_column_inner width=&#8221;1\/3&#8243;][vc_single_image image=&#8221;1294&#8243; img_size=&#8221;full&#8221;][\/vc_column_inner][\/vc_row_inner][vc_row_inner][vc_column_inner][vc_empty_space height=&#8221;50px&#8221;][\/vc_column_inner][\/vc_row_inner][vc_row_inner][vc_column_inner width=&#8221;2\/3&#8243;][vc_custom_heading text=&#8221;Krok 4:&#8221; font_container=&#8221;tag:p|font_size:20|text_align:left|color:%23c4d600&#8243; use_theme_fonts=&#8221;yes&#8221;][vc_column_text]<\/p>\n<div data-widget-id=\"ecf34c35-04ee-4d55-80f5-2b30c50127ca\" data-placement-id=\"b03f79d3-5287-4d86-b88e-4d16ee2698ae\" data-placement-status=\"ACTIVE\">\n<div class=\"sd-simple-text-ecf34c35-04ee-4d55-80f5-2b30c50127ca \">\n<div id=\"sd-simple-text-editable-ecf34c35-04ee-4d55-80f5-2b30c50127ca\" data-edit-mode=\"\"><\/div>\n<\/div>\n<\/div>\n<div data-widget-id=\"ebb0fe0c-d3bb-4469-819e-748e87ebe8d3\" data-placement-id=\"eb822ecd-15a8-4eb2-92d0-a209d804bd0a\" data-placement-status=\"ACTIVE\">\n<div class=\"sd-simple-text-ebb0fe0c-d3bb-4469-819e-748e87ebe8d3 \">\n<div id=\"sd-simple-text-editable-ebb0fe0c-d3bb-4469-819e-748e87ebe8d3\" data-edit-mode=\"\">\n<p><span style=\"color: #222222 !important;\">Twardo\u015b\u0107 ko\u015bci jarzmowej i \u015brednica implantu definiuj\u0105 \u015brednic\u0119 ostatecznego wiert\u0142a ZGO Densah\u00ae, tj. ZT2535 lub ZT3040. Wiert\u0142a ZGO Densah\u00ae najlepiej stosowa\u0107 w trybie w prawo\/w lewo w zale\u017cno\u015bci od g\u0119sto\u015bci ko\u015bci z pr\u0119dko\u015bci\u0105 800\u20131500 obr.\/min z obfit\u0105 irygacj\u0105.<br \/>\n1) Tryb ci\u0119cia w prawo w przypadku g\u0119stszej ko\u015bci<br \/>\n2) Tryb zag\u0119szczania w lewo w bardziej mi\u0119kkiej ko\u015bci<br \/>\n3) Po\u0142\u0105czenie trybu w prawo i w lewo przy u\u017cyciu protoko\u0142u zachowania-zag\u0119szczania po ci\u0119ciu (DAC) w przypadku po\u015bredniej twardo\u015bci ko\u015bci. <\/span><\/p>\n<\/div>\n<\/div>\n<\/div>\n<p>[\/vc_column_text][\/vc_column_inner][vc_column_inner width=&#8221;1\/3&#8243;][vc_single_image image=&#8221;1296&#8243; img_size=&#8221;full&#8221;][\/vc_column_inner][\/vc_row_inner][vc_row_inner][vc_column_inner][vc_empty_space height=&#8221;50px&#8221;][\/vc_column_inner][\/vc_row_inner][vc_row_inner][vc_column_inner width=&#8221;2\/3&#8243;][vc_custom_heading text=&#8221;Krok 5:&#8221; font_container=&#8221;tag:p|font_size:20|text_align:left|color:%23c4d600&#8243; use_theme_fonts=&#8221;yes&#8221;][vc_column_text]<\/p>\n<div data-widget-id=\"ecf34c35-04ee-4d55-80f5-2b30c50127ca\" data-placement-id=\"b03f79d3-5287-4d86-b88e-4d16ee2698ae\" data-placement-status=\"ACTIVE\">\n<div class=\"sd-simple-text-ecf34c35-04ee-4d55-80f5-2b30c50127ca \">\n<div id=\"sd-simple-text-editable-ecf34c35-04ee-4d55-80f5-2b30c50127ca\" data-edit-mode=\"\"><\/div>\n<\/div>\n<\/div>\n<div data-widget-id=\"ebb0fe0c-d3bb-4469-819e-748e87ebe8d3\" data-placement-id=\"eb822ecd-15a8-4eb2-92d0-a209d804bd0a\" data-placement-status=\"ACTIVE\">\n<div class=\"sd-simple-text-ebb0fe0c-d3bb-4469-819e-748e87ebe8d3 \">\n<div id=\"sd-simple-text-editable-ebb0fe0c-d3bb-4469-819e-748e87ebe8d3\" data-edit-mode=\"\">\n<p><span style=\"color: #222222 !important;\">Nast\u0119pnie wszczepiany jest implant jarzmowy. G\u0142owa implantu znajduje si\u0119 w grzbiecie wyrostka z\u0119bodo\u0142owego. \u015arodkowa cz\u0119\u015b\u0107 trzonu implantu nie dotyka najbardziej wkl\u0119s\u0142ej cz\u0119\u015bci przedniej \u015bciany szcz\u0119ki. W przypadku tej wewn\u0105trzszcz\u0119kowej \u015bcie\u017cki zewn\u0105trzzatokowej implant styka si\u0119 z ko\u015bci\u0105 na:<br \/>\n1) Grzbiecie wyrostka z\u0119bodo\u0142owego, czo\u0142owo<br \/>\n2) Ko\u015bci jarzmowej, wierzcho\u0142kowo <\/span><\/p>\n<\/div>\n<\/div>\n<\/div>\n<p>[\/vc_column_text][\/vc_column_inner][vc_column_inner width=&#8221;1\/3&#8243;][vc_single_image image=&#8221;1298&#8243; img_size=&#8221;full&#8221;][\/vc_column_inner][\/vc_row_inner][vc_row_inner][vc_column_inner][vc_empty_space height=&#8221;50px&#8221;][vc_single_image image=&#8221;1286&#8243; img_size=&#8221;full&#8221; alignment=&#8221;center&#8221;][vc_column_text]<\/p>\n<div data-widget-id=\"ecf34c35-04ee-4d55-80f5-2b30c50127ca\" data-placement-id=\"b03f79d3-5287-4d86-b88e-4d16ee2698ae\" data-placement-status=\"ACTIVE\">\n<div class=\"sd-simple-text-ecf34c35-04ee-4d55-80f5-2b30c50127ca \">\n<div id=\"sd-simple-text-editable-ecf34c35-04ee-4d55-80f5-2b30c50127ca\" data-edit-mode=\"\">\n<p style=\"text-align: center;\"><span style=\"color: #222222 !important;\">* Dane w\u0142asne, odwied\u017a stron\u0119 versahinternational.com\/od-published-papers\/, aby uzyska\u0107 informacje o badaniach dotycz\u0105cych implant\u00f3w ko\u015bci jarzmowej.<br \/>\n<strong>** Ocena i do\u015bwiadczenie lekarza powinny by\u0107 wykorzystywane w po\u0142\u0105czeniu z niniejszym protoko\u0142em sugerowanego stosowania w praktyce klinicznej.<\/strong><\/span><\/p>\n<\/div>\n<\/div>\n<\/div>\n<p>[\/vc_column_text][\/vc_column_inner][\/vc_row_inner][\/vc_column][\/vc_row][vc_row][vc_column][vc_empty_space height=&#8221;100px&#8221;][vc_column_text]<\/p>\n<h6><span style=\"color: #808080;\">10897 REV00 ostatnia aktualizacja: 08\/2023<\/span><\/h6>\n<p>[\/vc_column_text][\/vc_column][\/vc_row]<\/p>\n<\/section>","protected":false},"excerpt":{"rendered":"<p>[vc_row][vc_column][vc_empty_space height=&#8221;100px&#8221;][vc_custom_heading text=&#8221;WEWN\u0104TRZSZCZ\u0118KOWY ZEWN\u0104TRZZATOKOWY PROTOK\u00d3\u0141 ZYGOMA III&#8221; font_container=&#8221;tag:p|font_size:35|text_align:center|color:%23c4d600&#8243; use_theme_fonts=&#8221;yes&#8221;][vc_btn title=&#8221;Pobierz Protok\u00f3\u0142&#8221; style=&#8221;outline-custom&#8221; outline_custom_color=&#8221;#c4d600&#8243; outline_custom_hover_background=&#8221;#666666&#8243; outline_custom_hover_text=&#8221;#ffffff&#8221; size=&#8221;lg&#8221; align=&#8221;center&#8221; link=&#8221;url:https%3A%2F%2Fversahinternational.com%2Fwp-content%2Fuploads%2F2023%2F12%2FPolish-ZGO-Protocol-III-11057-REV00-.pdf|title:Protok%C3%B3%C5%82%20u%C5%82atwionego%20rozszerzania%20wyrostka&#8221;][\/vc_column][\/vc_row][vc_row][vc_column css=&#8221;.vc_custom_1690314596779{background-color: #ffffff<\/p>\n<p><a href=\"https:\/\/versahinternational.com\/pl\/wszechstronnosc-kliniczna\/protokol-zgo-typu-iii\/\" class=\"more-link\">Continue reading<span class=\"screen-reader-text\">Protok\u00f3\u0142 ZGO typu III<\/span><\/a><\/p>\n","protected":false},"author":2,"featured_media":0,"parent":11450,"menu_order":0,"comment_status":"closed","ping_status":"closed","template":"","meta":{"footnotes":""},"class_list":["post-9559","page","type-page","status-publish","hentry"],"jetpack_sharing_enabled":true,"_links":{"self":[{"href":"https:\/\/versahinternational.com\/pl\/wp-json\/wp\/v2\/pages\/9559","targetHints":{"allow":["GET"]}}],"collection":[{"href":"https:\/\/versahinternational.com\/pl\/wp-json\/wp\/v2\/pages"}],"about":[{"href":"https:\/\/versahinternational.com\/pl\/wp-json\/wp\/v2\/types\/page"}],"author":[{"embeddable":true,"href":"https:\/\/versahinternational.com\/pl\/wp-json\/wp\/v2\/users\/2"}],"replies":[{"embeddable":true,"href":"https:\/\/versahinternational.com\/pl\/wp-json\/wp\/v2\/comments?post=9559"}],"version-history":[{"count":19,"href":"https:\/\/versahinternational.com\/pl\/wp-json\/wp\/v2\/pages\/9559\/revisions"}],"predecessor-version":[{"id":19586,"href":"https:\/\/versahinternational.com\/pl\/wp-json\/wp\/v2\/pages\/9559\/revisions\/19586"}],"up":[{"embeddable":true,"href":"https:\/\/versahinternational.com\/pl\/wp-json\/wp\/v2\/pages\/11450"}],"wp:attachment":[{"href":"https:\/\/versahinternational.com\/pl\/wp-json\/wp\/v2\/media?parent=9559"}],"curies":[{"name":"wp","href":"https:\/\/api.w.org\/{rel}","templated":true}]}}