{"id":9903,"date":"2023-07-18T18:18:54","date_gmt":"2023-07-18T18:18:54","guid":{"rendered":"https:\/\/versahinternational.com\/protokol-techniki-selektywnej-konserwacji-zeba-spot\/"},"modified":"2023-12-20T21:15:32","modified_gmt":"2023-12-20T21:15:32","slug":"protokol-techniki-selektywnej-konserwacji-zeba-spot","status":"publish","type":"page","link":"https:\/\/versahinternational.com\/pl\/wszechstronnosc-kliniczna\/protokol-techniki-selektywnej-konserwacji-zeba-spot\/","title":{"rendered":"Protok\u00f3\u0142 techniki selektywnego zachowania z\u0119ba (SPoT)"},"content":{"rendered":"<section class=\"wpb-content-wrapper\"><p>[vc_row][vc_column][vc_empty_space height=&#8221;100px&#8221;][vc_custom_heading text=&#8221;TECHNIKA SELEKTYWNEGO ZACHOWANIA Z\u0118BA (SPOT)&#8221; font_container=&#8221;tag:p|font_size:35|text_align:center|color:%23c4d600&#8243; use_theme_fonts=&#8221;yes&#8221;][vc_btn title=&#8221;Pobierz Protok\u00f3\u0142&#8221; style=&#8221;outline-custom&#8221; outline_custom_color=&#8221;#c4d600&#8243; outline_custom_hover_background=&#8221;#666666&#8243; outline_custom_hover_text=&#8221;#ffffff&#8221; size=&#8221;lg&#8221; align=&#8221;center&#8221; link=&#8221;url:https%3A%2F%2Fversahinternational.com%2Fwp-content%2Fuploads%2F2023%2F12%2FPolish-SPoT-Protocol-11061-REV00.pdf|title:Protok%C3%B3%C5%82%20u%C5%82atwionego%20rozszerzania%20wyrostka&#8221;][\/vc_column][\/vc_row][vc_row][vc_column css=&#8221;.vc_custom_1690388523737{background-color: #ffffff !important;}&#8221;][vc_column_text]<\/p>\n<div data-widget-id=\"ecf34c35-04ee-4d55-80f5-2b30c50127ca\" data-placement-id=\"b03f79d3-5287-4d86-b88e-4d16ee2698ae\" data-placement-status=\"ACTIVE\">\n<div class=\"sd-simple-text-ecf34c35-04ee-4d55-80f5-2b30c50127ca \">\n<div id=\"sd-simple-text-editable-ecf34c35-04ee-4d55-80f5-2b30c50127ca\" data-edit-mode=\"\">\n<p><span style=\"color: #c4d600 !important;\"><strong>Opis: <\/strong><\/span><\/p>\n<\/div>\n<\/div>\n<\/div>\n<div data-widget-id=\"ebb0fe0c-d3bb-4469-819e-748e87ebe8d3\" data-placement-id=\"eb822ecd-15a8-4eb2-92d0-a209d804bd0a\" data-placement-status=\"ACTIVE\">\n<div class=\"sd-simple-text-ebb0fe0c-d3bb-4469-819e-748e87ebe8d3 \">\n<div id=\"sd-simple-text-editable-ebb0fe0c-d3bb-4469-819e-748e87ebe8d3\" data-edit-mode=\"\">\n<p><span style=\"color: #222222 !important;\">Zabieg jest wskazany w przypadku z\u0119b\u00f3w przednich i bocznych, w przypadku kt\u00f3rych odbudowa jest niemo\u017cliwa i istniej\u0105 wskazania do procedury tarczy z\u0119bodo\u0142owej.<br \/>\n<\/span><\/p>\n<\/div>\n<\/div>\n<\/div>\n<p>[\/vc_column_text][vc_empty_space height=&#8221;50px&#8221;][vc_separator][vc_row_inner][vc_column_inner][vc_custom_heading text=&#8221;Diagnostyka:&#8221; font_container=&#8221;tag:p|font_size:20|text_align:left|color:%23c4d600&#8243; use_theme_fonts=&#8221;yes&#8221;][vc_column_text]<\/p>\n<div data-widget-id=\"ecf34c35-04ee-4d55-80f5-2b30c50127ca\" data-placement-id=\"b03f79d3-5287-4d86-b88e-4d16ee2698ae\" data-placement-status=\"ACTIVE\">\n<div class=\"sd-simple-text-ecf34c35-04ee-4d55-80f5-2b30c50127ca \">\n<div id=\"sd-simple-text-editable-ecf34c35-04ee-4d55-80f5-2b30c50127ca\" data-edit-mode=\"\">\n<p><span style=\"color: #222222 !important;\">nale\u017cy wykona\u0107 pomiary tkanek twardych i mi\u0119kkich oraz punkt\u00f3w orientacyjnych przy u\u017cyciu obrazowania klinicznego i radiograficznego.<br \/>\n1. Zmierz odleg\u0142o\u015b\u0107 dzi\u0105s\u0142a do grzbietu ko\u015bci (g\u0142\u0119boko\u015b\u0107 tkanki mi\u0119kkiej do grzbietu).<br \/>\n2. Zmierz d\u0142ugo\u015b\u0107 od grzbietu ko\u015bci do wierzcho\u0142ka\/korzenia w ko\u015bci (d\u0142ugo\u015b\u0107 tarczy w ko\u015bci).<br \/>\n3. Zmierz ilo\u015b\u0107 ko\u015bci dost\u0119pnej do wszczepienia implantu (szeroko\u015b\u0107 i d\u0142ugo\u015b\u0107 ko\u015bci wyrostka z\u0119bodo\u0142owego).<\/span><\/p>\n<\/div>\n<\/div>\n<\/div>\n<p>[\/vc_column_text][vc_single_image image=&#8221;1384&#8243; img_size=&#8221;full&#8221; alignment=&#8221;center&#8221;][\/vc_column_inner][\/vc_row_inner][vc_row_inner][vc_column_inner][vc_empty_space height=&#8221;50px&#8221;][\/vc_column_inner][\/vc_row_inner][vc_row_inner][vc_column_inner][vc_custom_heading text=&#8221;Krok 1: Wydr\u0105\u017canie \u015brodka z\u0119ba&#8221; font_container=&#8221;tag:p|font_size:20|text_align:left|color:%23c4d600&#8243; use_theme_fonts=&#8221;yes&#8221;][vc_column_text]<\/p>\n<div data-widget-id=\"ecf34c35-04ee-4d55-80f5-2b30c50127ca\" data-placement-id=\"b03f79d3-5287-4d86-b88e-4d16ee2698ae\" data-placement-status=\"ACTIVE\">\n<div class=\"sd-simple-text-ecf34c35-04ee-4d55-80f5-2b30c50127ca \">\n<div id=\"sd-simple-text-editable-ecf34c35-04ee-4d55-80f5-2b30c50127ca\" data-edit-mode=\"\">\n<p><span style=\"color: #222222 !important;\">1. U\u017cyj szybkoobrotowego okr\u0105g\u0142ego wiert\u0142a diamentowego Meisinger 801H 029 o \u015brednicy 3 mm, aby zredukowa\u0107 \u015brodek korzenia o 2\u20133 mm poddzi\u0105s\u0142owo, pozostawiaj\u0105c oko\u0142o 1 mm skorupy z\u0119ba na obwodzie (jak w punkcie A).<\/span><\/p>\n<\/div>\n<\/div>\n<\/div>\n<p>[\/vc_column_text][vc_custom_heading text=&#8221;Krok 2: Ustalenie strefy odbudowy&#8221; font_container=&#8221;tag:p|font_size:20|text_align:left|color:%23c4d600&#8243; use_theme_fonts=&#8221;yes&#8221;][vc_column_text]<\/p>\n<div data-widget-id=\"ecf34c35-04ee-4d55-80f5-2b30c50127ca\" data-placement-id=\"b03f79d3-5287-4d86-b88e-4d16ee2698ae\" data-placement-status=\"ACTIVE\">\n<div class=\"sd-simple-text-ecf34c35-04ee-4d55-80f5-2b30c50127ca \">\n<div id=\"sd-simple-text-editable-ecf34c35-04ee-4d55-80f5-2b30c50127ca\" data-edit-mode=\"\">\n<p><span style=\"color: #222222 !important;\">1. Sp\u0142aszcz z\u0105b do poziomu ko\u015bci: u\u017cyj szybkokoobrotowego wiert\u0142a z p\u0142ask\u0105 tarcz\u0105 diamentow\u0105 Meisinger 909 G, zaczynaj\u0105c od \u015brodka i przechodz\u0105c na zewn\u0105trz, aby sp\u0142aszczy\u0107 korze\u0144 do poziomu ko\u015bci podniebiennej (jak w punktach B C). Celem jest utworzenie przestrzeni profilu wy\u0142onienia strefy odbudowy (jak w punkcie D).<br \/>\n2. Wykonaj oko\u0142owierzcho\u0142kowe cyfrowe zdj\u0119cie rentgenowskie, aby zweryfikowa\u0107 pomiar od grzbietu do wierzcho\u0142ka ko\u015bci (jak w punkcie E).<\/span><\/p>\n<\/div>\n<\/div>\n<\/div>\n<p>[\/vc_column_text][vc_single_image image=&#8221;1386&#8243; img_size=&#8221;full&#8221; alignment=&#8221;center&#8221;][\/vc_column_inner][\/vc_row_inner][vc_row_inner][vc_column_inner][vc_empty_space height=&#8221;20px&#8221;][vc_custom_heading text=&#8221;Krok 3: Wykonanie trajektorii pilotuj\u0105cych z 1 lub 2 otworami (w zale\u017cno\u015bci od anatomii korzenia)&#8221; font_container=&#8221;tag:p|font_size:20|text_align:left|color:%23c4d600&#8243; use_theme_fonts=&#8221;yes&#8221;][vc_column_text]<\/p>\n<div data-widget-id=\"ecf34c35-04ee-4d55-80f5-2b30c50127ca\" data-placement-id=\"b03f79d3-5287-4d86-b88e-4d16ee2698ae\" data-placement-status=\"ACTIVE\">\n<div class=\"sd-simple-text-ecf34c35-04ee-4d55-80f5-2b30c50127ca \">\n<div id=\"sd-simple-text-editable-ecf34c35-04ee-4d55-80f5-2b30c50127ca\" data-edit-mode=\"\">\n<p><span style=\"color: #222222 !important;\">1. U\u017cyj szybkoobrotowego wiert\u0142a karbidowego Meisinger HM162SX 014 (wysoko\u015b\u0107 ci\u0119cia 7 mm) zgodnie z trajektori\u0105 kana\u0142u korzeniowego i wychodz\u0105c 1 mm poza wierzcho\u0142ek korzenia, aby si\u0119 upewni\u0107, \u017ce ca\u0142a zawarto\u015b\u0107 kana\u0142u zosta\u0142a usuni\u0119ta (b\u0119dzie to otw\u00f3r pilotuj\u0105cy A). Potwierd\u017a usuni\u0119cie wype\u0142nienia kana\u0142u korzeniowego za pomoc\u0105 zdj\u0119cia rentgenowskiego.<br \/>\n2. U\u017cyj tego samego wiert\u0142a do ustalenia trajektorii miejsca implantacji na podobnej g\u0142\u0119boko\u015bci (b\u0119dzie to otw\u00f3r pilotuj\u0105cy B).<br \/>\n3. Oba otwory pilotuj\u0105ce powinny mie\u0107 \u015brednic\u0119 oko\u0142o 1\u20132 mm.<\/span><\/p>\n<\/div>\n<\/div>\n<\/div>\n<p>[\/vc_column_text][vc_single_image image=&#8221;1388&#8243; img_size=&#8221;full&#8221; alignment=&#8221;center&#8221;][\/vc_column_inner][\/vc_row_inner][vc_row_inner][vc_column_inner][vc_empty_space height=&#8221;20px&#8221;][vc_custom_heading text=&#8221;Krok 4A: Poszerzenie otworu w celu usuni\u0119cia wierzcho\u0142ka&#8221; font_container=&#8221;tag:p|font_size:20|text_align:left|color:%23c4d600&#8243; use_theme_fonts=&#8221;yes&#8221;][vc_column_text]<\/p>\n<div data-widget-id=\"ecf34c35-04ee-4d55-80f5-2b30c50127ca\" data-placement-id=\"b03f79d3-5287-4d86-b88e-4d16ee2698ae\" data-placement-status=\"ACTIVE\">\n<div class=\"sd-simple-text-ecf34c35-04ee-4d55-80f5-2b30c50127ca \">\n<div id=\"sd-simple-text-editable-ecf34c35-04ee-4d55-80f5-2b30c50127ca\" data-edit-mode=\"\">\n<p><span style=\"color: #222222 !important;\">U\u017cyj wierte\u0142 Densah\u00ae (2.0 i\/lub 2.3) z pr\u0119dko\u015bci\u0105 1000\u20131300 obr.\/min w trybie w prawo z odpowiedni\u0105 irygacj\u0105 wzd\u0142u\u017c trajektorii kana\u0142u korzeniowego 2 mm poza wierzcho\u0142ek, aby zapewni\u0107 ca\u0142kowite usuni\u0119cie wierzcho\u0142ka. Potwierd\u017a za pomoc\u0105 radiogramu w projekcji PA. <\/span><\/p>\n<\/div>\n<\/div>\n<\/div>\n<p>[\/vc_column_text][vc_custom_heading text=&#8221;Krok 4B: Poszerzenie trajektorii osteotomii pod implant&#8221; font_container=&#8221;tag:p|font_size:20|text_align:left|color:%23c4d600&#8243; use_theme_fonts=&#8221;yes&#8221;][vc_column_text]<\/p>\n<div data-widget-id=\"ecf34c35-04ee-4d55-80f5-2b30c50127ca\" data-placement-id=\"b03f79d3-5287-4d86-b88e-4d16ee2698ae\" data-placement-status=\"ACTIVE\">\n<div class=\"sd-simple-text-ecf34c35-04ee-4d55-80f5-2b30c50127ca \">\n<div id=\"sd-simple-text-editable-ecf34c35-04ee-4d55-80f5-2b30c50127ca\" data-edit-mode=\"\">\n<p><span style=\"color: #222222 !important;\">1. U\u017cyj wierte\u0142 Densah\u00ae (2.0 i 2.3) w trybie w prawo z odpowiedni\u0105 irygacj\u0105 w miejscu implantacji na g\u0142\u0119boko\u015b\u0107 o 1 mm wi\u0119ksz\u0105 ni\u017c planowana d\u0142ugo\u015b\u0107 implantu. Potwierd\u017a za pomoc\u0105 radiogramu w projekcji PA.<br \/>\n2. U\u017cyj wierte\u0142 Densah\u00ae (2.0 i 2.3) w trybie w lewo z odpowiedni\u0105 irygacj\u0105 w celu wprowadzenia autograftu do miejsca implantacji. <\/span><\/p>\n<\/div>\n<\/div>\n<\/div>\n<p>[\/vc_column_text][vc_single_image image=&#8221;1390&#8243; img_size=&#8221;full&#8221; alignment=&#8221;center&#8221;][\/vc_column_inner][\/vc_row_inner][vc_row_inner][vc_column_inner][vc_empty_space height=&#8221;20px&#8221;][vc_custom_heading text=&#8221;Krok 5A: Przygotowanie tarczy&#8221; font_container=&#8221;tag:p|font_size:20|text_align:left|color:%23c4d600&#8243; use_theme_fonts=&#8221;yes&#8221;][vc_column_text]<\/p>\n<div data-widget-id=\"ecf34c35-04ee-4d55-80f5-2b30c50127ca\" data-placement-id=\"b03f79d3-5287-4d86-b88e-4d16ee2698ae\" data-placement-status=\"ACTIVE\">\n<div class=\"sd-simple-text-ecf34c35-04ee-4d55-80f5-2b30c50127ca \">\n<div id=\"sd-simple-text-editable-ecf34c35-04ee-4d55-80f5-2b30c50127ca\" data-edit-mode=\"\">\n<p><span style=\"color: #222222 !important;\">1. Sprawd\u017a wysoko\u015b\u0107 tarczy: u\u017cyj wiert\u0142a kszta\u0142tuj\u0105cego Megagen 3DD50, aby zmniejszy\u0107 wysoko\u015b\u0107 tarczy do 3 mm poddzi\u0105s\u0142owo w regionie policzkowym (jak w punkcie A i B). <\/span><\/p>\n<\/div>\n<\/div>\n<\/div>\n<p>[\/vc_column_text][vc_custom_heading text=&#8221;Krok 5B: Mezjalno-dystalny podzia\u0142 korzenia&#8221; font_container=&#8221;tag:p|font_size:20|text_align:left|color:%23c4d600&#8243; use_theme_fonts=&#8221;yes&#8221;][vc_column_text]<\/p>\n<div data-widget-id=\"ecf34c35-04ee-4d55-80f5-2b30c50127ca\" data-placement-id=\"b03f79d3-5287-4d86-b88e-4d16ee2698ae\" data-placement-status=\"ACTIVE\">\n<div class=\"sd-simple-text-ecf34c35-04ee-4d55-80f5-2b30c50127ca \">\n<div id=\"sd-simple-text-editable-ecf34c35-04ee-4d55-80f5-2b30c50127ca\" data-edit-mode=\"\">\n<p><span style=\"color: #222222 !important;\">1. Za pomoc\u0105 diamentowego lub w\u0119glikowego, szybkoobrotowego wiert\u0142a sto\u017ckowego z d\u0142ugim trzonkiem Meisinger HM34IL 012 (jak w punkcie C) przetnij tarcz\u0119 w kierunku mezjalno-dystalnym i usu\u0144 podniebienny fragment korzenia. <\/span><\/p>\n<\/div>\n<\/div>\n<\/div>\n<p>[\/vc_column_text][vc_single_image image=&#8221;1392&#8243; img_size=&#8221;full&#8221; alignment=&#8221;center&#8221;][\/vc_column_inner][\/vc_row_inner][vc_row_inner][vc_column_inner][vc_custom_heading text=&#8221;Krok 5C: Ostateczne przygotowanie tarczy&#8221; font_container=&#8221;tag:p|font_size:20|text_align:left|color:%23c4d600&#8243; use_theme_fonts=&#8221;yes&#8221;][vc_column_text]<\/p>\n<div data-widget-id=\"ecf34c35-04ee-4d55-80f5-2b30c50127ca\" data-placement-id=\"b03f79d3-5287-4d86-b88e-4d16ee2698ae\" data-placement-status=\"ACTIVE\">\n<div class=\"sd-simple-text-ecf34c35-04ee-4d55-80f5-2b30c50127ca \">\n<div id=\"sd-simple-text-editable-ecf34c35-04ee-4d55-80f5-2b30c50127ca\" data-edit-mode=\"\">\n<p><span style=\"color: #222222 !important;\">1. U\u017cyj szybkoobrotowego okr\u0105g\u0142ego wiert\u0142a diamentowego lub innego wiert\u0142a przeznaczonego do kszta\u0142towania, aby zmniejszy\u0107 czo\u0142ow\u0105 grubo\u015b\u0107 tarczy do 1\u20132 mm (jak w punkcie A). Wiert\u0142o Megagen 2DD304<br \/>\n2. Przygotuj skos tarczy (jak w punkcie B). Wiert\u0142o Megagen GD40G<br \/>\n3. W zale\u017cno\u015bci od typu i \u015brednicy implantu, opracuj miejsce implantacji za pomoc\u0105 wiert\u0142a Densah\u00ae zgodnie z protoko\u0142em wiercenia w systemie implant\u00f3w Versah. (jak w punkcie C) (versah.com\/implant-system-drilling-protocols\/) <\/span><\/p>\n<\/div>\n<\/div>\n<\/div>\n<p>[\/vc_column_text][vc_single_image image=&#8221;1394&#8243; img_size=&#8221;full&#8221; alignment=&#8221;center&#8221;][\/vc_column_inner][\/vc_row_inner][vc_row_inner][vc_column_inner][vc_empty_space height=&#8221;20px&#8221;][vc_custom_heading text=&#8221;Krok 6:&#8221; font_container=&#8221;tag:p|font_size:20|text_align:left|color:%23c4d600&#8243; use_theme_fonts=&#8221;yes&#8221;][vc_column_text]<\/p>\n<div data-widget-id=\"ecf34c35-04ee-4d55-80f5-2b30c50127ca\" data-placement-id=\"b03f79d3-5287-4d86-b88e-4d16ee2698ae\" data-placement-status=\"ACTIVE\">\n<div class=\"sd-simple-text-ecf34c35-04ee-4d55-80f5-2b30c50127ca \">\n<div id=\"sd-simple-text-editable-ecf34c35-04ee-4d55-80f5-2b30c50127ca\" data-edit-mode=\"\">\n<p><span style=\"color: #222222 !important;\">1. Umie\u015b\u0107 implant w miejscu poddanym zag\u0119szczaniu ko\u015bci (jak w punkcie A).<br \/>\n2. Szczelin\u0119 mi\u0119dzy implantem a tarcz\u0105 S-Shape wype\u0142nij allograft lub ko\u015bci\u0105 autogeniczn\u0105 (jak w punkcie B). <\/span><\/p>\n<\/div>\n<\/div>\n<\/div>\n<p>[\/vc_column_text][vc_single_image image=&#8221;1396&#8243; img_size=&#8221;full&#8221; alignment=&#8221;center&#8221;][\/vc_column_inner][\/vc_row_inner][vc_row_inner][vc_column_inner][vc_empty_space height=&#8221;20px&#8221;][vc_custom_heading text=&#8221;Krok 7:&#8221; font_container=&#8221;tag:p|font_size:20|text_align:left|color:%23c4d600&#8243; use_theme_fonts=&#8221;yes&#8221;][vc_column_text]<\/p>\n<div data-widget-id=\"ecf34c35-04ee-4d55-80f5-2b30c50127ca\" data-placement-id=\"b03f79d3-5287-4d86-b88e-4d16ee2698ae\" data-placement-status=\"ACTIVE\">\n<div class=\"sd-simple-text-ecf34c35-04ee-4d55-80f5-2b30c50127ca \">\n<div id=\"sd-simple-text-editable-ecf34c35-04ee-4d55-80f5-2b30c50127ca\" data-edit-mode=\"\">\n<p><span style=\"color: #222222 !important;\">Wykonaj natychmiastow\u0105 koron\u0119 tymczasow\u0105 mocowan\u0105 na \u015bruby lub niestandardowy \u0142\u0105cznik tymczasowy.<br \/>\n<\/span><\/p>\n<\/div>\n<\/div>\n<\/div>\n<p>[\/vc_column_text][vc_single_image image=&#8221;1398&#8243; img_size=&#8221;full&#8221; alignment=&#8221;center&#8221;][vc_column_text]<\/p>\n<div data-widget-id=\"ecf34c35-04ee-4d55-80f5-2b30c50127ca\" data-placement-id=\"b03f79d3-5287-4d86-b88e-4d16ee2698ae\" data-placement-status=\"ACTIVE\">\n<div class=\"sd-simple-text-ecf34c35-04ee-4d55-80f5-2b30c50127ca \">\n<div id=\"sd-simple-text-editable-ecf34c35-04ee-4d55-80f5-2b30c50127ca\" data-edit-mode=\"\">\n<p style=\"text-align: center;\"><span style=\"color: #222222 !important;\"><strong>Przypadek dzi\u0119ki uprzejmo\u015bci Charlesa Schwimera, DMD<\/strong><br \/>\n<strong>** Ocena i do\u015bwiadczenie klinicysty powinny by\u0107 stosowane w po\u0142\u0105czeniu z niniejszym protoko\u0142em sugerowanego stosowania w praktyce klinicznej.<\/strong><\/span><\/p>\n<\/div>\n<\/div>\n<\/div>\n<p>[\/vc_column_text][\/vc_column_inner][\/vc_row_inner][\/vc_column][\/vc_row][vc_row][vc_column][vc_empty_space height=&#8221;100px&#8221;][vc_column_text]<\/p>\n<h6><span style=\"color: #808080;\"> 10901 REV00 ostatnia aktualizacja: 08\/2023<\/span><\/h6>\n<p>[\/vc_column_text][\/vc_column][\/vc_row]<\/p>\n<\/section>","protected":false},"excerpt":{"rendered":"<p>[vc_row][vc_column][vc_empty_space height=&#8221;100px&#8221;][vc_custom_heading text=&#8221;TECHNIKA SELEKTYWNEGO ZACHOWANIA Z\u0118BA (SPOT)&#8221; font_container=&#8221;tag:p|font_size:35|text_align:center|color:%23c4d600&#8243; use_theme_fonts=&#8221;yes&#8221;][vc_btn title=&#8221;Pobierz Protok\u00f3\u0142&#8221; style=&#8221;outline-custom&#8221; outline_custom_color=&#8221;#c4d600&#8243; outline_custom_hover_background=&#8221;#666666&#8243; outline_custom_hover_text=&#8221;#ffffff&#8221; size=&#8221;lg&#8221; align=&#8221;center&#8221; link=&#8221;url:https%3A%2F%2Fversahinternational.com%2Fwp-content%2Fuploads%2F2023%2F12%2FPolish-SPoT-Protocol-11061-REV00.pdf|title:Protok%C3%B3%C5%82%20u%C5%82atwionego%20rozszerzania%20wyrostka&#8221;][\/vc_column][\/vc_row][vc_row][vc_column css=&#8221;.vc_custom_1690388523737{background-color: #ffffff<\/p>\n<p><a href=\"https:\/\/versahinternational.com\/pl\/wszechstronnosc-kliniczna\/protokol-techniki-selektywnej-konserwacji-zeba-spot\/\" class=\"more-link\">Continue reading<span class=\"screen-reader-text\">Protok\u00f3\u0142 techniki selektywnego zachowania z\u0119ba (SPoT)<\/span><\/a><\/p>\n","protected":false},"author":2,"featured_media":0,"parent":11450,"menu_order":0,"comment_status":"closed","ping_status":"closed","template":"","meta":{"footnotes":""},"class_list":["post-9903","page","type-page","status-publish","hentry"],"jetpack_sharing_enabled":true,"_links":{"self":[{"href":"https:\/\/versahinternational.com\/pl\/wp-json\/wp\/v2\/pages\/9903","targetHints":{"allow":["GET"]}}],"collection":[{"href":"https:\/\/versahinternational.com\/pl\/wp-json\/wp\/v2\/pages"}],"about":[{"href":"https:\/\/versahinternational.com\/pl\/wp-json\/wp\/v2\/types\/page"}],"author":[{"embeddable":true,"href":"https:\/\/versahinternational.com\/pl\/wp-json\/wp\/v2\/users\/2"}],"replies":[{"embeddable":true,"href":"https:\/\/versahinternational.com\/pl\/wp-json\/wp\/v2\/comments?post=9903"}],"version-history":[{"count":21,"href":"https:\/\/versahinternational.com\/pl\/wp-json\/wp\/v2\/pages\/9903\/revisions"}],"predecessor-version":[{"id":19452,"href":"https:\/\/versahinternational.com\/pl\/wp-json\/wp\/v2\/pages\/9903\/revisions\/19452"}],"up":[{"embeddable":true,"href":"https:\/\/versahinternational.com\/pl\/wp-json\/wp\/v2\/pages\/11450"}],"wp:attachment":[{"href":"https:\/\/versahinternational.com\/pl\/wp-json\/wp\/v2\/media?parent=9903"}],"curies":[{"name":"wp","href":"https:\/\/api.w.org\/{rel}","templated":true}]}}